{"id":9993,"date":"2022-05-03T05:40:29","date_gmt":"2022-05-03T05:40:29","guid":{"rendered":"https:\/\/hotelli03.domainhotelli.fi\/~lsdoecli\/?post_type=product&#038;p=9993"},"modified":"2022-05-08T03:24:46","modified_gmt":"2022-05-08T03:24:46","slug":"varaterat-25mm-katkoteraveitselle-10kpl-endura-rock-hard","status":"publish","type":"product","link":"https:\/\/hotelli03.domainhotelli.fi\/~lsdoecli\/tuote\/varaterat-25mm-katkoteraveitselle-10kpl-endura-rock-hard\/","title":{"rendered":"Tajima varater\u00e4t 25mm katkoter\u00e4veitselle 10kpl Endura Rock Hard"},"content":{"rendered":"<h1>Tajima varater\u00e4t 25mm katkoter\u00e4veitselle 10kpl Endura Rock Hard<\/h1>\n<p>Tajima varater\u00e4t 25 mm katkoter\u00e4veitselle on tarkoitettu eri materiaalien leikkaukseen ja sopii erityisesti kipsilevyjen, puun ja muiden paksujen materiaalien kanssa ty\u00f6skentelyyn. Katkoveitsen ter\u00e4 on \u00e4\u00e4rimm\u00e4isen ter\u00e4v\u00e4 ja vahva. Siin\u00e4 on yhdistetty korkealaatuinen ter\u00e4s, japanilaistyylinen karkaisu ja monivaiheinen teroitus luoden luotettavan, vankan tuntuman ja pitk\u00e4n leikkaustehon.<\/p>\n<ul>\n<li>Katkoveitsen varater\u00e4n leveys 25mm<\/li>\n<li>Ter\u00e4n pituus 126mm<\/li>\n<li>Pakkauksessa 10kpl varateri\u00e4<\/li>\n<li>Valmistaja: <a href=\"https:\/\/tajima.ch\">Tajima<\/a><\/li>\n<\/ul>\n","protected":false},"excerpt":{"rendered":"<p>Yleisk\u00e4ytt\u00f6iseen leikkaukseen, ihanteellinen kipsilevyn, puun ja muiden paksujen materiaalien kanssa ty\u00f6skentelyyn. \u00c4\u00e4rimm\u00e4isen ter\u00e4v\u00e4 ja vahva ter\u00e4, joka yhdist\u00e4\u00e4 korkealaatuisen ter\u00e4ksen, japanilaistyylisen karkaisun ja monivaiheisen teroituksen luoden luotettavan, vankan tuntuman ja pitk\u00e4n leikkaustehon.<\/p>\n<ul>\n<li>Ter\u00e4n leveys 25mm<\/li>\n<li>Ter\u00e4n pituus 126mm<\/li>\n<li>Pakkauksessa 10kpl varateri\u00e4<\/li>\n<li>Valmistaja: Tajima<\/li>\n<\/ul>\n","protected":false},"featured_media":9996,"comment_status":"open","ping_status":"closed","template":"","meta":[],"product_cat":[193],"product_tag":[825,826,1195],"yoast_head":"<!-- This site is optimized with the Yoast SEO Premium plugin v18.9 (Yoast SEO v19.3) - https:\/\/yoast.com\/wordpress\/plugins\/seo\/ -->\n<title>Tajima varater\u00e4t 25mm katkoter\u00e4veitselle 10kpl Endura Rock Hard<\/title>\n<meta name=\"description\" content=\"Varater\u00e4t 25mm katkoter\u00e4veitselle 10kpl Endura Rock Hard. \u00c4\u00e4rimm\u00e4isen ter\u00e4v\u00e4 ja vahva ter\u00e4. Taattua Tajima laatua! Tilaa t\u00e4st\u00e4!\" \/>\n<meta name=\"robots\" content=\"index, follow, max-snippet:-1, max-image-preview:large, max-video-preview:-1\" \/>\n<link rel=\"canonical\" href=\"https:\/\/hotelli03.domainhotelli.fi\/~lsdoecli\/tuote\/varaterat-25mm-katkoteraveitselle-10kpl-endura-rock-hard\/\" \/>\n<meta property=\"og:locale\" content=\"fi_FI\" \/>\n<meta property=\"og:type\" content=\"article\" \/>\n<meta property=\"og:title\" content=\"Tajima varater\u00e4t 25mm katkoter\u00e4veitselle 10kpl Endura Rock Hard\" \/>\n<meta property=\"og:description\" content=\"Varater\u00e4t 25mm katkoter\u00e4veitselle 10kpl Endura Rock Hard. \u00c4\u00e4rimm\u00e4isen ter\u00e4v\u00e4 ja vahva ter\u00e4. Taattua Tajima laatua! Tilaa t\u00e4st\u00e4!\" \/>\n<meta property=\"og:url\" content=\"https:\/\/hotelli03.domainhotelli.fi\/~lsdoecli\/tuote\/varaterat-25mm-katkoteraveitselle-10kpl-endura-rock-hard\/\" \/>\n<meta property=\"og:site_name\" content=\"JV Tuonti\" \/>\n<meta property=\"article:publisher\" content=\"https:\/\/www.facebook.com\/JVTuontiOy\" \/>\n<meta property=\"article:modified_time\" content=\"2022-05-08T03:24:46+00:00\" \/>\n<meta property=\"og:image\" content=\"https:\/\/hotelli03.domainhotelli.fi\/~lsdoecli\/wp-content\/uploads\/2022\/05\/Varaterat-25mm-katkoteraveitselle-10kpl-Endura-Rock-Hard-scaled.jpg\" \/>\n\t<meta property=\"og:image:width\" content=\"1920\" \/>\n\t<meta property=\"og:image:height\" content=\"2560\" \/>\n\t<meta property=\"og:image:type\" content=\"image\/jpeg\" \/>\n<meta name=\"twitter:card\" content=\"summary_large_image\" \/>\n<meta name=\"twitter:label1\" content=\"Price\" \/>\n\t<meta name=\"twitter:data1\" content=\"13,49&nbsp;&euro; Alv 24%N\u00e4yt\u00e4 veroton hinta10,88&nbsp;&euro; Alv 0%N\u00e4yt\u00e4 verollinen hinta\" \/>\n\t<meta name=\"twitter:label2\" content=\"Availability\" \/>\n\t<meta name=\"twitter:data2\" content=\"In stock\" \/>\n<script type=\"application\/ld+json\" class=\"yoast-schema-graph\">{\"@context\":\"https:\/\/schema.org\",\"@graph\":[{\"@type\":[\"Organization\",\"Place\",\"WholesaleStore\"],\"@id\":\"https:\/\/hotelli03.domainhotelli.fi\/~lsdoecli\/#organization\",\"name\":\"JV Tuonti Oy\",\"url\":\"https:\/\/hotelli03.domainhotelli.fi\/~lsdoecli\/\",\"sameAs\":[\"https:\/\/instagram.com\/jvtuontioy?utm_medium=copy_link\",\"https:\/\/www.facebook.com\/JVTuontiOy\"],\"logo\":{\"@id\":\"https:\/\/hotelli03.domainhotelli.fi\/~lsdoecli\/tuote\/varaterat-25mm-katkoteraveitselle-10kpl-endura-rock-hard\/#local-main-organization-logo\"},\"image\":{\"@id\":\"https:\/\/hotelli03.domainhotelli.fi\/~lsdoecli\/tuote\/varaterat-25mm-katkoteraveitselle-10kpl-endura-rock-hard\/#local-main-organization-logo\"},\"address\":{\"@id\":\"https:\/\/hotelli03.domainhotelli.fi\/~lsdoecli\/tuote\/varaterat-25mm-katkoteraveitselle-10kpl-endura-rock-hard\/#local-main-place-address\"},\"geo\":{\"@type\":\"GeoCoordinates\",\"latitude\":\"60.28431\",\"longitude\":\"24.81654\"},\"telephone\":[\"0408369980\"],\"openingHoursSpecification\":[{\"@type\":\"OpeningHoursSpecification\",\"dayOfWeek\":[\"Monday\",\"Tuesday\",\"Wednesday\",\"Thursday\",\"Friday\"],\"opens\":\"08:00\",\"closes\":\"16:00\"},{\"@type\":\"OpeningHoursSpecification\",\"dayOfWeek\":[\"Saturday\",\"Sunday\"],\"opens\":\"00:00\",\"closes\":\"00:00\"}],\"email\":\"myynti@hotelli03.domainhotelli.fi\",\"areaServed\":\"Suomi, Ruotsi\",\"vatID\":\"FI30178387\",\"priceRange\":\"$$\",\"currenciesAccepted\":\"\u20ac\",\"paymentAccepted\":\"Lasku, pankkikortti\"},{\"@type\":\"WebSite\",\"@id\":\"https:\/\/hotelli03.domainhotelli.fi\/~lsdoecli\/#website\",\"url\":\"https:\/\/hotelli03.domainhotelli.fi\/~lsdoecli\/\",\"name\":\"JV Tuonti\",\"description\":\"JV Tuonti Oy:n verkkokauppa\",\"publisher\":{\"@id\":\"https:\/\/hotelli03.domainhotelli.fi\/~lsdoecli\/#organization\"},\"potentialAction\":[{\"@type\":\"SearchAction\",\"target\":{\"@type\":\"EntryPoint\",\"urlTemplate\":\"https:\/\/hotelli03.domainhotelli.fi\/~lsdoecli\/?s={search_term_string}\"},\"query-input\":\"required name=search_term_string\"}],\"inLanguage\":\"fi\"},{\"@type\":\"ImageObject\",\"inLanguage\":\"fi\",\"@id\":\"https:\/\/hotelli03.domainhotelli.fi\/~lsdoecli\/tuote\/varaterat-25mm-katkoteraveitselle-10kpl-endura-rock-hard\/#primaryimage\",\"url\":\"https:\/\/hotelli03.domainhotelli.fi\/~lsdoecli\/wp-content\/uploads\/2022\/05\/Varaterat-25mm-katkoteraveitselle-10kpl-Endura-Rock-Hard-scaled.jpg\",\"contentUrl\":\"https:\/\/hotelli03.domainhotelli.fi\/~lsdoecli\/wp-content\/uploads\/2022\/05\/Varaterat-25mm-katkoteraveitselle-10kpl-Endura-Rock-Hard-scaled.jpg\",\"width\":1920,\"height\":2560,\"caption\":\"Varater\u00e4t 25mm katkoter\u00e4veitselle 10kpl Endura Rock Hard\"},{\"@type\":\"WebPage\",\"@id\":\"https:\/\/hotelli03.domainhotelli.fi\/~lsdoecli\/tuote\/varaterat-25mm-katkoteraveitselle-10kpl-endura-rock-hard\/\",\"url\":\"https:\/\/hotelli03.domainhotelli.fi\/~lsdoecli\/tuote\/varaterat-25mm-katkoteraveitselle-10kpl-endura-rock-hard\/\",\"name\":\"Tajima varater\u00e4t 25mm katkoter\u00e4veitselle 10kpl Endura Rock Hard\",\"isPartOf\":{\"@id\":\"https:\/\/hotelli03.domainhotelli.fi\/~lsdoecli\/#website\"},\"primaryImageOfPage\":{\"@id\":\"https:\/\/hotelli03.domainhotelli.fi\/~lsdoecli\/tuote\/varaterat-25mm-katkoteraveitselle-10kpl-endura-rock-hard\/#primaryimage\"},\"datePublished\":\"2022-05-03T05:40:29+00:00\",\"dateModified\":\"2022-05-08T03:24:46+00:00\",\"description\":\"Varater\u00e4t 25mm katkoter\u00e4veitselle 10kpl Endura Rock Hard. \u00c4\u00e4rimm\u00e4isen ter\u00e4v\u00e4 ja vahva ter\u00e4. Taattua Tajima laatua! Tilaa t\u00e4st\u00e4!\",\"breadcrumb\":{\"@id\":\"https:\/\/hotelli03.domainhotelli.fi\/~lsdoecli\/tuote\/varaterat-25mm-katkoteraveitselle-10kpl-endura-rock-hard\/#breadcrumb\"},\"inLanguage\":\"fi\",\"potentialAction\":[{\"@type\":\"ReadAction\",\"target\":[\"https:\/\/hotelli03.domainhotelli.fi\/~lsdoecli\/tuote\/varaterat-25mm-katkoteraveitselle-10kpl-endura-rock-hard\/\"]}]},{\"@type\":\"BreadcrumbList\",\"@id\":\"https:\/\/hotelli03.domainhotelli.fi\/~lsdoecli\/tuote\/varaterat-25mm-katkoteraveitselle-10kpl-endura-rock-hard\/#breadcrumb\",\"itemListElement\":[{\"@type\":\"ListItem\",\"position\":1,\"name\":\"Etusivu\",\"item\":\"https:\/\/hotelli03.domainhotelli.fi\/~lsdoecli\/\"},{\"@type\":\"ListItem\",\"position\":2,\"name\":\"Kauppa\",\"item\":\"https:\/\/hotelli03.domainhotelli.fi\/~lsdoecli\/kauppa\/\"},{\"@type\":\"ListItem\",\"position\":3,\"name\":\"Tajima varater\u00e4t 25mm katkoter\u00e4veitselle 10kpl Endura Rock Hard\"}]},{\"@type\":\"PostalAddress\",\"@id\":\"https:\/\/hotelli03.domainhotelli.fi\/~lsdoecli\/tuote\/varaterat-25mm-katkoteraveitselle-10kpl-endura-rock-hard\/#local-main-place-address\",\"streetAddress\":\"Pyymosantie 5a\",\"addressLocality\":\"Vantaa\",\"postalCode\":\"01720\",\"addressCountry\":\"FI\"},{\"@type\":\"ImageObject\",\"inLanguage\":\"fi\",\"@id\":\"https:\/\/hotelli03.domainhotelli.fi\/~lsdoecli\/tuote\/varaterat-25mm-katkoteraveitselle-10kpl-endura-rock-hard\/#local-main-organization-logo\",\"url\":\"https:\/\/hotelli03.domainhotelli.fi\/~lsdoecli\/wp-content\/uploads\/2021\/08\/JVTuonti_logo_nelio.jpg\",\"contentUrl\":\"https:\/\/hotelli03.domainhotelli.fi\/~lsdoecli\/wp-content\/uploads\/2021\/08\/JVTuonti_logo_nelio.jpg\",\"width\":550,\"height\":550,\"caption\":\"JV Tuonti Oy\"}]}<\/script>\n<meta property=\"product:brand\" content=\"Tajima\" \/>\n<meta property=\"product:price:amount\" content=\"13.49\" \/>\n<meta property=\"product:price:currency\" content=\"EUR\" \/>\n<meta property=\"og:availability\" content=\"instock\" \/>\n<meta property=\"product:availability\" content=\"instock\" \/>\n<meta property=\"product:retailer_item_id\" content=\"LCB65C\/Y1\" \/>\n<meta property=\"product:condition\" content=\"new\" \/>\n<meta name=\"geo.placename\" content=\"Vantaa\" \/>\n<meta name=\"geo.position\" content=\"60.28431;24.81654\" \/>\n<meta name=\"geo.region\" content=\"Suomi\" \/>\n<!-- \/ Yoast SEO Premium plugin. -->","yoast_head_json":{"title":"Tajima varater\u00e4t 25mm katkoter\u00e4veitselle 10kpl Endura Rock Hard","description":"Varater\u00e4t 25mm katkoter\u00e4veitselle 10kpl Endura Rock Hard. \u00c4\u00e4rimm\u00e4isen ter\u00e4v\u00e4 ja vahva ter\u00e4. Taattua Tajima laatua! Tilaa t\u00e4st\u00e4!","robots":{"index":"index","follow":"follow","max-snippet":"max-snippet:-1","max-image-preview":"max-image-preview:large","max-video-preview":"max-video-preview:-1"},"canonical":"https:\/\/hotelli03.domainhotelli.fi\/~lsdoecli\/tuote\/varaterat-25mm-katkoteraveitselle-10kpl-endura-rock-hard\/","og_locale":"fi_FI","og_type":"article","og_title":"Tajima varater\u00e4t 25mm katkoter\u00e4veitselle 10kpl Endura Rock Hard","og_description":"Varater\u00e4t 25mm katkoter\u00e4veitselle 10kpl Endura Rock Hard. \u00c4\u00e4rimm\u00e4isen ter\u00e4v\u00e4 ja vahva ter\u00e4. Taattua Tajima laatua! Tilaa t\u00e4st\u00e4!","og_url":"https:\/\/hotelli03.domainhotelli.fi\/~lsdoecli\/tuote\/varaterat-25mm-katkoteraveitselle-10kpl-endura-rock-hard\/","og_site_name":"JV Tuonti","article_publisher":"https:\/\/www.facebook.com\/JVTuontiOy","article_modified_time":"2022-05-08T03:24:46+00:00","og_image":[{"width":1920,"height":2560,"url":"https:\/\/hotelli03.domainhotelli.fi\/~lsdoecli\/wp-content\/uploads\/2022\/05\/Varaterat-25mm-katkoteraveitselle-10kpl-Endura-Rock-Hard-scaled.jpg","type":"image\/jpeg"}],"twitter_card":"summary_large_image","twitter_misc":{"Price":"13,49&nbsp;&euro; Alv 24%N\u00e4yt\u00e4 veroton hinta10,88&nbsp;&euro; Alv 0%N\u00e4yt\u00e4 verollinen hinta","Availability":"In stock"},"schema":{"@context":"https:\/\/schema.org","@graph":[{"@type":["Organization","Place","WholesaleStore"],"@id":"https:\/\/hotelli03.domainhotelli.fi\/~lsdoecli\/#organization","name":"JV Tuonti Oy","url":"https:\/\/hotelli03.domainhotelli.fi\/~lsdoecli\/","sameAs":["https:\/\/instagram.com\/jvtuontioy?utm_medium=copy_link","https:\/\/www.facebook.com\/JVTuontiOy"],"logo":{"@id":"https:\/\/hotelli03.domainhotelli.fi\/~lsdoecli\/tuote\/varaterat-25mm-katkoteraveitselle-10kpl-endura-rock-hard\/#local-main-organization-logo"},"image":{"@id":"https:\/\/hotelli03.domainhotelli.fi\/~lsdoecli\/tuote\/varaterat-25mm-katkoteraveitselle-10kpl-endura-rock-hard\/#local-main-organization-logo"},"address":{"@id":"https:\/\/hotelli03.domainhotelli.fi\/~lsdoecli\/tuote\/varaterat-25mm-katkoteraveitselle-10kpl-endura-rock-hard\/#local-main-place-address"},"geo":{"@type":"GeoCoordinates","latitude":"60.28431","longitude":"24.81654"},"telephone":["0408369980"],"openingHoursSpecification":[{"@type":"OpeningHoursSpecification","dayOfWeek":["Monday","Tuesday","Wednesday","Thursday","Friday"],"opens":"08:00","closes":"16:00"},{"@type":"OpeningHoursSpecification","dayOfWeek":["Saturday","Sunday"],"opens":"00:00","closes":"00:00"}],"email":"myynti@hotelli03.domainhotelli.fi","areaServed":"Suomi, Ruotsi","vatID":"FI30178387","priceRange":"$$","currenciesAccepted":"\u20ac","paymentAccepted":"Lasku, pankkikortti"},{"@type":"WebSite","@id":"https:\/\/hotelli03.domainhotelli.fi\/~lsdoecli\/#website","url":"https:\/\/hotelli03.domainhotelli.fi\/~lsdoecli\/","name":"JV Tuonti","description":"JV Tuonti Oy:n verkkokauppa","publisher":{"@id":"https:\/\/hotelli03.domainhotelli.fi\/~lsdoecli\/#organization"},"potentialAction":[{"@type":"SearchAction","target":{"@type":"EntryPoint","urlTemplate":"https:\/\/hotelli03.domainhotelli.fi\/~lsdoecli\/?s={search_term_string}"},"query-input":"required name=search_term_string"}],"inLanguage":"fi"},{"@type":"ImageObject","inLanguage":"fi","@id":"https:\/\/hotelli03.domainhotelli.fi\/~lsdoecli\/tuote\/varaterat-25mm-katkoteraveitselle-10kpl-endura-rock-hard\/#primaryimage","url":"https:\/\/hotelli03.domainhotelli.fi\/~lsdoecli\/wp-content\/uploads\/2022\/05\/Varaterat-25mm-katkoteraveitselle-10kpl-Endura-Rock-Hard-scaled.jpg","contentUrl":"https:\/\/hotelli03.domainhotelli.fi\/~lsdoecli\/wp-content\/uploads\/2022\/05\/Varaterat-25mm-katkoteraveitselle-10kpl-Endura-Rock-Hard-scaled.jpg","width":1920,"height":2560,"caption":"Varater\u00e4t 25mm katkoter\u00e4veitselle 10kpl Endura Rock Hard"},{"@type":"WebPage","@id":"https:\/\/hotelli03.domainhotelli.fi\/~lsdoecli\/tuote\/varaterat-25mm-katkoteraveitselle-10kpl-endura-rock-hard\/","url":"https:\/\/hotelli03.domainhotelli.fi\/~lsdoecli\/tuote\/varaterat-25mm-katkoteraveitselle-10kpl-endura-rock-hard\/","name":"Tajima varater\u00e4t 25mm katkoter\u00e4veitselle 10kpl Endura Rock Hard","isPartOf":{"@id":"https:\/\/hotelli03.domainhotelli.fi\/~lsdoecli\/#website"},"primaryImageOfPage":{"@id":"https:\/\/hotelli03.domainhotelli.fi\/~lsdoecli\/tuote\/varaterat-25mm-katkoteraveitselle-10kpl-endura-rock-hard\/#primaryimage"},"datePublished":"2022-05-03T05:40:29+00:00","dateModified":"2022-05-08T03:24:46+00:00","description":"Varater\u00e4t 25mm katkoter\u00e4veitselle 10kpl Endura Rock Hard. \u00c4\u00e4rimm\u00e4isen ter\u00e4v\u00e4 ja vahva ter\u00e4. Taattua Tajima laatua! Tilaa t\u00e4st\u00e4!","breadcrumb":{"@id":"https:\/\/hotelli03.domainhotelli.fi\/~lsdoecli\/tuote\/varaterat-25mm-katkoteraveitselle-10kpl-endura-rock-hard\/#breadcrumb"},"inLanguage":"fi","potentialAction":[{"@type":"ReadAction","target":["https:\/\/hotelli03.domainhotelli.fi\/~lsdoecli\/tuote\/varaterat-25mm-katkoteraveitselle-10kpl-endura-rock-hard\/"]}]},{"@type":"BreadcrumbList","@id":"https:\/\/hotelli03.domainhotelli.fi\/~lsdoecli\/tuote\/varaterat-25mm-katkoteraveitselle-10kpl-endura-rock-hard\/#breadcrumb","itemListElement":[{"@type":"ListItem","position":1,"name":"Etusivu","item":"https:\/\/hotelli03.domainhotelli.fi\/~lsdoecli\/"},{"@type":"ListItem","position":2,"name":"Kauppa","item":"https:\/\/hotelli03.domainhotelli.fi\/~lsdoecli\/kauppa\/"},{"@type":"ListItem","position":3,"name":"Tajima varater\u00e4t 25mm katkoter\u00e4veitselle 10kpl Endura Rock Hard"}]},{"@type":"PostalAddress","@id":"https:\/\/hotelli03.domainhotelli.fi\/~lsdoecli\/tuote\/varaterat-25mm-katkoteraveitselle-10kpl-endura-rock-hard\/#local-main-place-address","streetAddress":"Pyymosantie 5a","addressLocality":"Vantaa","postalCode":"01720","addressCountry":"FI"},{"@type":"ImageObject","inLanguage":"fi","@id":"https:\/\/hotelli03.domainhotelli.fi\/~lsdoecli\/tuote\/varaterat-25mm-katkoteraveitselle-10kpl-endura-rock-hard\/#local-main-organization-logo","url":"https:\/\/hotelli03.domainhotelli.fi\/~lsdoecli\/wp-content\/uploads\/2021\/08\/JVTuonti_logo_nelio.jpg","contentUrl":"https:\/\/hotelli03.domainhotelli.fi\/~lsdoecli\/wp-content\/uploads\/2021\/08\/JVTuonti_logo_nelio.jpg","width":550,"height":550,"caption":"JV Tuonti Oy"}]},"product_brand":"Tajima","product_price_amount":"13.49","product_price_currency":"EUR","og_availability":"instock","product_availability":"instock","product_retailer_item_id":"LCB65C\/Y1","product_condition":"new","geo.placename":"Vantaa","geo.position":{"lat":"60.28431","long":"24.81654"},"geo.region":"Suomi"},"_links":{"self":[{"href":"https:\/\/hotelli03.domainhotelli.fi\/~lsdoecli\/wp-json\/wp\/v2\/product\/9993"}],"collection":[{"href":"https:\/\/hotelli03.domainhotelli.fi\/~lsdoecli\/wp-json\/wp\/v2\/product"}],"about":[{"href":"https:\/\/hotelli03.domainhotelli.fi\/~lsdoecli\/wp-json\/wp\/v2\/types\/product"}],"replies":[{"embeddable":true,"href":"https:\/\/hotelli03.domainhotelli.fi\/~lsdoecli\/wp-json\/wp\/v2\/comments?post=9993"}],"wp:featuredmedia":[{"embeddable":true,"href":"https:\/\/hotelli03.domainhotelli.fi\/~lsdoecli\/wp-json\/wp\/v2\/media\/9996"}],"wp:attachment":[{"href":"https:\/\/hotelli03.domainhotelli.fi\/~lsdoecli\/wp-json\/wp\/v2\/media?parent=9993"}],"wp:term":[{"taxonomy":"product_cat","embeddable":true,"href":"https:\/\/hotelli03.domainhotelli.fi\/~lsdoecli\/wp-json\/wp\/v2\/product_cat?post=9993"},{"taxonomy":"product_tag","embeddable":true,"href":"https:\/\/hotelli03.domainhotelli.fi\/~lsdoecli\/wp-json\/wp\/v2\/product_tag?post=9993"}],"curies":[{"name":"wp","href":"https:\/\/api.w.org\/{rel}","templated":true}]}}