{"id":9971,"date":"2022-05-02T09:05:02","date_gmt":"2022-05-02T09:05:02","guid":{"rendered":"https:\/\/hotelli03.domainhotelli.fi\/~lsdoecli\/?post_type=product&#038;p=9971"},"modified":"2022-05-08T03:27:47","modified_gmt":"2022-05-08T03:27:47","slug":"katkoteraveitsi-tajima-22-mm-lc-620-automaattilukko","status":"publish","type":"product","link":"https:\/\/hotelli03.domainhotelli.fi\/~lsdoecli\/tuote\/katkoteraveitsi-tajima-22-mm-lc-620-automaattilukko\/","title":{"rendered":"Katkoter\u00e4veitsi Tajima 22 mm LC-620 automaattilukko"},"content":{"rendered":"<h1>Katkoter\u00e4veitsi Tajima 22 mm LC-620 automaattilukko<\/h1>\n<p>Taattua laatua Tajimalta!<\/p>\n<p>Eritt\u00e4in kest\u00e4v\u00e4 22 mm mattoveitsi<br \/>\n\u30fb Varater\u00e4n s\u00e4ilytys kahvassa<br \/>\n\u30fbVarustettu 3 Endura-ter\u00e4ll\u00e4<br \/>\n\u30fbAuto-Lock ter\u00e4n lukitusmekanismi<\/p>\n","protected":false},"excerpt":{"rendered":"<p>Eritt\u00e4in kest\u00e4v\u00e4 22 mm mattoveitsi<br \/>\n\u30fb Varater\u00e4n s\u00e4ilytys kahvassa<br \/>\n\u30fbVarustettu 3 Endura-ter\u00e4ll\u00e4<br \/>\n\u30fbAuto-Lock ter\u00e4n lukitusmekanismi<\/p>\n","protected":false},"featured_media":9976,"comment_status":"open","ping_status":"closed","template":"","meta":[],"product_cat":[192],"product_tag":[824,1193,1198,194,1192],"yoast_head":"<!-- This site is optimized with the Yoast SEO Premium plugin v18.9 (Yoast SEO v19.3) - https:\/\/yoast.com\/wordpress\/plugins\/seo\/ -->\n<title>Katkoter\u00e4veitsi Tajima 22 mm LC-620 automaattilukko | JV Tuonti<\/title>\n<meta name=\"description\" content=\"Katkoter\u00e4veitsi Tajima 22 mm LC-620 automaattilukolla on taattua laatua Tajimalta!\u00a0Eritt\u00e4in kest\u00e4v\u00e4 ja helppok\u00e4ytt\u00f6inen 22 mm mattoveitsi.\" \/>\n<meta name=\"robots\" content=\"index, follow, max-snippet:-1, max-image-preview:large, max-video-preview:-1\" \/>\n<link rel=\"canonical\" href=\"https:\/\/hotelli03.domainhotelli.fi\/~lsdoecli\/tuote\/katkoteraveitsi-tajima-22-mm-lc-620-automaattilukko\/\" \/>\n<meta property=\"og:locale\" content=\"fi_FI\" \/>\n<meta property=\"og:type\" content=\"article\" \/>\n<meta property=\"og:title\" content=\"Katkoter\u00e4veitsi Tajima 22 mm LC-620 automaattilukko\" \/>\n<meta property=\"og:description\" content=\"Katkoter\u00e4veitsi Tajima 22 mm LC-620 automaattilukolla on taattua laatua Tajimalta!\u00a0Eritt\u00e4in kest\u00e4v\u00e4 ja helppok\u00e4ytt\u00f6inen 22 mm mattoveitsi.\" \/>\n<meta property=\"og:url\" content=\"https:\/\/hotelli03.domainhotelli.fi\/~lsdoecli\/tuote\/katkoteraveitsi-tajima-22-mm-lc-620-automaattilukko\/\" \/>\n<meta property=\"og:site_name\" content=\"JV Tuonti\" \/>\n<meta property=\"article:publisher\" content=\"https:\/\/www.facebook.com\/JVTuontiOy\" \/>\n<meta property=\"article:modified_time\" content=\"2022-05-08T03:27:47+00:00\" \/>\n<meta property=\"og:image\" content=\"https:\/\/hotelli03.domainhotelli.fi\/~lsdoecli\/wp-content\/uploads\/2022\/05\/Katkoteraveitsi-Tajima-22-mm-LC-620.jpeg\" \/>\n\t<meta property=\"og:image:width\" content=\"520\" \/>\n\t<meta property=\"og:image:height\" content=\"485\" \/>\n\t<meta property=\"og:image:type\" content=\"image\/jpeg\" \/>\n<meta name=\"twitter:card\" content=\"summary_large_image\" \/>\n<meta name=\"twitter:label1\" content=\"Price\" \/>\n\t<meta name=\"twitter:data1\" content=\"10,71&nbsp;&euro; Alv 24%N\u00e4yt\u00e4 veroton hinta8,64&nbsp;&euro; Alv 0%N\u00e4yt\u00e4 verollinen hinta\" \/>\n\t<meta name=\"twitter:label2\" content=\"Availability\" \/>\n\t<meta name=\"twitter:data2\" content=\"In stock\" \/>\n<script type=\"application\/ld+json\" class=\"yoast-schema-graph\">{\"@context\":\"https:\/\/schema.org\",\"@graph\":[{\"@type\":[\"Organization\",\"Place\",\"WholesaleStore\"],\"@id\":\"https:\/\/hotelli03.domainhotelli.fi\/~lsdoecli\/#organization\",\"name\":\"JV Tuonti Oy\",\"url\":\"https:\/\/hotelli03.domainhotelli.fi\/~lsdoecli\/\",\"sameAs\":[\"https:\/\/instagram.com\/jvtuontioy?utm_medium=copy_link\",\"https:\/\/www.facebook.com\/JVTuontiOy\"],\"logo\":{\"@id\":\"https:\/\/hotelli03.domainhotelli.fi\/~lsdoecli\/tuote\/katkoteraveitsi-tajima-22-mm-lc-620-automaattilukko\/#local-main-organization-logo\"},\"image\":{\"@id\":\"https:\/\/hotelli03.domainhotelli.fi\/~lsdoecli\/tuote\/katkoteraveitsi-tajima-22-mm-lc-620-automaattilukko\/#local-main-organization-logo\"},\"address\":{\"@id\":\"https:\/\/hotelli03.domainhotelli.fi\/~lsdoecli\/tuote\/katkoteraveitsi-tajima-22-mm-lc-620-automaattilukko\/#local-main-place-address\"},\"geo\":{\"@type\":\"GeoCoordinates\",\"latitude\":\"60.28431\",\"longitude\":\"24.81654\"},\"telephone\":[\"0408369980\"],\"openingHoursSpecification\":[{\"@type\":\"OpeningHoursSpecification\",\"dayOfWeek\":[\"Monday\",\"Tuesday\",\"Wednesday\",\"Thursday\",\"Friday\"],\"opens\":\"08:00\",\"closes\":\"16:00\"},{\"@type\":\"OpeningHoursSpecification\",\"dayOfWeek\":[\"Saturday\",\"Sunday\"],\"opens\":\"00:00\",\"closes\":\"00:00\"}],\"email\":\"myynti@hotelli03.domainhotelli.fi\",\"areaServed\":\"Suomi, Ruotsi\",\"vatID\":\"FI30178387\",\"priceRange\":\"$$\",\"currenciesAccepted\":\"\u20ac\",\"paymentAccepted\":\"Lasku, pankkikortti\"},{\"@type\":\"WebSite\",\"@id\":\"https:\/\/hotelli03.domainhotelli.fi\/~lsdoecli\/#website\",\"url\":\"https:\/\/hotelli03.domainhotelli.fi\/~lsdoecli\/\",\"name\":\"JV Tuonti\",\"description\":\"JV Tuonti Oy:n verkkokauppa\",\"publisher\":{\"@id\":\"https:\/\/hotelli03.domainhotelli.fi\/~lsdoecli\/#organization\"},\"potentialAction\":[{\"@type\":\"SearchAction\",\"target\":{\"@type\":\"EntryPoint\",\"urlTemplate\":\"https:\/\/hotelli03.domainhotelli.fi\/~lsdoecli\/?s={search_term_string}\"},\"query-input\":\"required name=search_term_string\"}],\"inLanguage\":\"fi\"},{\"@type\":\"ImageObject\",\"inLanguage\":\"fi\",\"@id\":\"https:\/\/hotelli03.domainhotelli.fi\/~lsdoecli\/tuote\/katkoteraveitsi-tajima-22-mm-lc-620-automaattilukko\/#primaryimage\",\"url\":\"https:\/\/hotelli03.domainhotelli.fi\/~lsdoecli\/wp-content\/uploads\/2022\/05\/Katkoteraveitsi-Tajima-22-mm-LC-620.jpeg\",\"contentUrl\":\"https:\/\/hotelli03.domainhotelli.fi\/~lsdoecli\/wp-content\/uploads\/2022\/05\/Katkoteraveitsi-Tajima-22-mm-LC-620.jpeg\",\"width\":520,\"height\":485,\"caption\":\"Katkoter\u00e4veitsi Tajima 22 mm LC-620\"},{\"@type\":\"WebPage\",\"@id\":\"https:\/\/hotelli03.domainhotelli.fi\/~lsdoecli\/tuote\/katkoteraveitsi-tajima-22-mm-lc-620-automaattilukko\/\",\"url\":\"https:\/\/hotelli03.domainhotelli.fi\/~lsdoecli\/tuote\/katkoteraveitsi-tajima-22-mm-lc-620-automaattilukko\/\",\"name\":\"Katkoter\u00e4veitsi Tajima 22 mm LC-620 automaattilukko | JV Tuonti\",\"isPartOf\":{\"@id\":\"https:\/\/hotelli03.domainhotelli.fi\/~lsdoecli\/#website\"},\"primaryImageOfPage\":{\"@id\":\"https:\/\/hotelli03.domainhotelli.fi\/~lsdoecli\/tuote\/katkoteraveitsi-tajima-22-mm-lc-620-automaattilukko\/#primaryimage\"},\"datePublished\":\"2022-05-02T09:05:02+00:00\",\"dateModified\":\"2022-05-08T03:27:47+00:00\",\"description\":\"Katkoter\u00e4veitsi Tajima 22 mm LC-620 automaattilukolla on taattua laatua Tajimalta!\u00a0Eritt\u00e4in kest\u00e4v\u00e4 ja helppok\u00e4ytt\u00f6inen 22 mm mattoveitsi.\",\"breadcrumb\":{\"@id\":\"https:\/\/hotelli03.domainhotelli.fi\/~lsdoecli\/tuote\/katkoteraveitsi-tajima-22-mm-lc-620-automaattilukko\/#breadcrumb\"},\"inLanguage\":\"fi\",\"potentialAction\":[{\"@type\":\"ReadAction\",\"target\":[\"https:\/\/hotelli03.domainhotelli.fi\/~lsdoecli\/tuote\/katkoteraveitsi-tajima-22-mm-lc-620-automaattilukko\/\"]}]},{\"@type\":\"BreadcrumbList\",\"@id\":\"https:\/\/hotelli03.domainhotelli.fi\/~lsdoecli\/tuote\/katkoteraveitsi-tajima-22-mm-lc-620-automaattilukko\/#breadcrumb\",\"itemListElement\":[{\"@type\":\"ListItem\",\"position\":1,\"name\":\"Etusivu\",\"item\":\"https:\/\/hotelli03.domainhotelli.fi\/~lsdoecli\/\"},{\"@type\":\"ListItem\",\"position\":2,\"name\":\"Kauppa\",\"item\":\"https:\/\/hotelli03.domainhotelli.fi\/~lsdoecli\/kauppa\/\"},{\"@type\":\"ListItem\",\"position\":3,\"name\":\"Katkoter\u00e4veitsi Tajima 22 mm LC-620 automaattilukko\"}]},{\"@type\":\"PostalAddress\",\"@id\":\"https:\/\/hotelli03.domainhotelli.fi\/~lsdoecli\/tuote\/katkoteraveitsi-tajima-22-mm-lc-620-automaattilukko\/#local-main-place-address\",\"streetAddress\":\"Pyymosantie 5a\",\"addressLocality\":\"Vantaa\",\"postalCode\":\"01720\",\"addressCountry\":\"FI\"},{\"@type\":\"ImageObject\",\"inLanguage\":\"fi\",\"@id\":\"https:\/\/hotelli03.domainhotelli.fi\/~lsdoecli\/tuote\/katkoteraveitsi-tajima-22-mm-lc-620-automaattilukko\/#local-main-organization-logo\",\"url\":\"https:\/\/hotelli03.domainhotelli.fi\/~lsdoecli\/wp-content\/uploads\/2021\/08\/JVTuonti_logo_nelio.jpg\",\"contentUrl\":\"https:\/\/hotelli03.domainhotelli.fi\/~lsdoecli\/wp-content\/uploads\/2021\/08\/JVTuonti_logo_nelio.jpg\",\"width\":550,\"height\":550,\"caption\":\"JV Tuonti Oy\"}]}<\/script>\n<meta property=\"product:brand\" content=\"Tajima\" \/>\n<meta property=\"product:price:amount\" content=\"10.71\" \/>\n<meta property=\"product:price:currency\" content=\"EUR\" \/>\n<meta property=\"og:availability\" content=\"instock\" \/>\n<meta property=\"product:availability\" content=\"instock\" \/>\n<meta property=\"product:retailer_item_id\" content=\"LC620YB\" \/>\n<meta property=\"product:condition\" content=\"new\" \/>\n<meta name=\"geo.placename\" content=\"Vantaa\" \/>\n<meta name=\"geo.position\" content=\"60.28431;24.81654\" \/>\n<meta name=\"geo.region\" content=\"Suomi\" \/>\n<!-- \/ Yoast SEO Premium plugin. -->","yoast_head_json":{"title":"Katkoter\u00e4veitsi Tajima 22 mm LC-620 automaattilukko | JV Tuonti","description":"Katkoter\u00e4veitsi Tajima 22 mm LC-620 automaattilukolla on taattua laatua Tajimalta!\u00a0Eritt\u00e4in kest\u00e4v\u00e4 ja helppok\u00e4ytt\u00f6inen 22 mm mattoveitsi.","robots":{"index":"index","follow":"follow","max-snippet":"max-snippet:-1","max-image-preview":"max-image-preview:large","max-video-preview":"max-video-preview:-1"},"canonical":"https:\/\/hotelli03.domainhotelli.fi\/~lsdoecli\/tuote\/katkoteraveitsi-tajima-22-mm-lc-620-automaattilukko\/","og_locale":"fi_FI","og_type":"article","og_title":"Katkoter\u00e4veitsi Tajima 22 mm LC-620 automaattilukko","og_description":"Katkoter\u00e4veitsi Tajima 22 mm LC-620 automaattilukolla on taattua laatua Tajimalta!\u00a0Eritt\u00e4in kest\u00e4v\u00e4 ja helppok\u00e4ytt\u00f6inen 22 mm mattoveitsi.","og_url":"https:\/\/hotelli03.domainhotelli.fi\/~lsdoecli\/tuote\/katkoteraveitsi-tajima-22-mm-lc-620-automaattilukko\/","og_site_name":"JV Tuonti","article_publisher":"https:\/\/www.facebook.com\/JVTuontiOy","article_modified_time":"2022-05-08T03:27:47+00:00","og_image":[{"width":520,"height":485,"url":"https:\/\/hotelli03.domainhotelli.fi\/~lsdoecli\/wp-content\/uploads\/2022\/05\/Katkoteraveitsi-Tajima-22-mm-LC-620.jpeg","type":"image\/jpeg"}],"twitter_card":"summary_large_image","twitter_misc":{"Price":"10,71&nbsp;&euro; Alv 24%N\u00e4yt\u00e4 veroton hinta8,64&nbsp;&euro; Alv 0%N\u00e4yt\u00e4 verollinen hinta","Availability":"In stock"},"schema":{"@context":"https:\/\/schema.org","@graph":[{"@type":["Organization","Place","WholesaleStore"],"@id":"https:\/\/hotelli03.domainhotelli.fi\/~lsdoecli\/#organization","name":"JV Tuonti Oy","url":"https:\/\/hotelli03.domainhotelli.fi\/~lsdoecli\/","sameAs":["https:\/\/instagram.com\/jvtuontioy?utm_medium=copy_link","https:\/\/www.facebook.com\/JVTuontiOy"],"logo":{"@id":"https:\/\/hotelli03.domainhotelli.fi\/~lsdoecli\/tuote\/katkoteraveitsi-tajima-22-mm-lc-620-automaattilukko\/#local-main-organization-logo"},"image":{"@id":"https:\/\/hotelli03.domainhotelli.fi\/~lsdoecli\/tuote\/katkoteraveitsi-tajima-22-mm-lc-620-automaattilukko\/#local-main-organization-logo"},"address":{"@id":"https:\/\/hotelli03.domainhotelli.fi\/~lsdoecli\/tuote\/katkoteraveitsi-tajima-22-mm-lc-620-automaattilukko\/#local-main-place-address"},"geo":{"@type":"GeoCoordinates","latitude":"60.28431","longitude":"24.81654"},"telephone":["0408369980"],"openingHoursSpecification":[{"@type":"OpeningHoursSpecification","dayOfWeek":["Monday","Tuesday","Wednesday","Thursday","Friday"],"opens":"08:00","closes":"16:00"},{"@type":"OpeningHoursSpecification","dayOfWeek":["Saturday","Sunday"],"opens":"00:00","closes":"00:00"}],"email":"myynti@hotelli03.domainhotelli.fi","areaServed":"Suomi, Ruotsi","vatID":"FI30178387","priceRange":"$$","currenciesAccepted":"\u20ac","paymentAccepted":"Lasku, pankkikortti"},{"@type":"WebSite","@id":"https:\/\/hotelli03.domainhotelli.fi\/~lsdoecli\/#website","url":"https:\/\/hotelli03.domainhotelli.fi\/~lsdoecli\/","name":"JV Tuonti","description":"JV Tuonti Oy:n verkkokauppa","publisher":{"@id":"https:\/\/hotelli03.domainhotelli.fi\/~lsdoecli\/#organization"},"potentialAction":[{"@type":"SearchAction","target":{"@type":"EntryPoint","urlTemplate":"https:\/\/hotelli03.domainhotelli.fi\/~lsdoecli\/?s={search_term_string}"},"query-input":"required name=search_term_string"}],"inLanguage":"fi"},{"@type":"ImageObject","inLanguage":"fi","@id":"https:\/\/hotelli03.domainhotelli.fi\/~lsdoecli\/tuote\/katkoteraveitsi-tajima-22-mm-lc-620-automaattilukko\/#primaryimage","url":"https:\/\/hotelli03.domainhotelli.fi\/~lsdoecli\/wp-content\/uploads\/2022\/05\/Katkoteraveitsi-Tajima-22-mm-LC-620.jpeg","contentUrl":"https:\/\/hotelli03.domainhotelli.fi\/~lsdoecli\/wp-content\/uploads\/2022\/05\/Katkoteraveitsi-Tajima-22-mm-LC-620.jpeg","width":520,"height":485,"caption":"Katkoter\u00e4veitsi Tajima 22 mm LC-620"},{"@type":"WebPage","@id":"https:\/\/hotelli03.domainhotelli.fi\/~lsdoecli\/tuote\/katkoteraveitsi-tajima-22-mm-lc-620-automaattilukko\/","url":"https:\/\/hotelli03.domainhotelli.fi\/~lsdoecli\/tuote\/katkoteraveitsi-tajima-22-mm-lc-620-automaattilukko\/","name":"Katkoter\u00e4veitsi Tajima 22 mm LC-620 automaattilukko | JV Tuonti","isPartOf":{"@id":"https:\/\/hotelli03.domainhotelli.fi\/~lsdoecli\/#website"},"primaryImageOfPage":{"@id":"https:\/\/hotelli03.domainhotelli.fi\/~lsdoecli\/tuote\/katkoteraveitsi-tajima-22-mm-lc-620-automaattilukko\/#primaryimage"},"datePublished":"2022-05-02T09:05:02+00:00","dateModified":"2022-05-08T03:27:47+00:00","description":"Katkoter\u00e4veitsi Tajima 22 mm LC-620 automaattilukolla on taattua laatua Tajimalta!\u00a0Eritt\u00e4in kest\u00e4v\u00e4 ja helppok\u00e4ytt\u00f6inen 22 mm mattoveitsi.","breadcrumb":{"@id":"https:\/\/hotelli03.domainhotelli.fi\/~lsdoecli\/tuote\/katkoteraveitsi-tajima-22-mm-lc-620-automaattilukko\/#breadcrumb"},"inLanguage":"fi","potentialAction":[{"@type":"ReadAction","target":["https:\/\/hotelli03.domainhotelli.fi\/~lsdoecli\/tuote\/katkoteraveitsi-tajima-22-mm-lc-620-automaattilukko\/"]}]},{"@type":"BreadcrumbList","@id":"https:\/\/hotelli03.domainhotelli.fi\/~lsdoecli\/tuote\/katkoteraveitsi-tajima-22-mm-lc-620-automaattilukko\/#breadcrumb","itemListElement":[{"@type":"ListItem","position":1,"name":"Etusivu","item":"https:\/\/hotelli03.domainhotelli.fi\/~lsdoecli\/"},{"@type":"ListItem","position":2,"name":"Kauppa","item":"https:\/\/hotelli03.domainhotelli.fi\/~lsdoecli\/kauppa\/"},{"@type":"ListItem","position":3,"name":"Katkoter\u00e4veitsi Tajima 22 mm LC-620 automaattilukko"}]},{"@type":"PostalAddress","@id":"https:\/\/hotelli03.domainhotelli.fi\/~lsdoecli\/tuote\/katkoteraveitsi-tajima-22-mm-lc-620-automaattilukko\/#local-main-place-address","streetAddress":"Pyymosantie 5a","addressLocality":"Vantaa","postalCode":"01720","addressCountry":"FI"},{"@type":"ImageObject","inLanguage":"fi","@id":"https:\/\/hotelli03.domainhotelli.fi\/~lsdoecli\/tuote\/katkoteraveitsi-tajima-22-mm-lc-620-automaattilukko\/#local-main-organization-logo","url":"https:\/\/hotelli03.domainhotelli.fi\/~lsdoecli\/wp-content\/uploads\/2021\/08\/JVTuonti_logo_nelio.jpg","contentUrl":"https:\/\/hotelli03.domainhotelli.fi\/~lsdoecli\/wp-content\/uploads\/2021\/08\/JVTuonti_logo_nelio.jpg","width":550,"height":550,"caption":"JV Tuonti Oy"}]},"product_brand":"Tajima","product_price_amount":"10.71","product_price_currency":"EUR","og_availability":"instock","product_availability":"instock","product_retailer_item_id":"LC620YB","product_condition":"new","geo.placename":"Vantaa","geo.position":{"lat":"60.28431","long":"24.81654"},"geo.region":"Suomi"},"_links":{"self":[{"href":"https:\/\/hotelli03.domainhotelli.fi\/~lsdoecli\/wp-json\/wp\/v2\/product\/9971"}],"collection":[{"href":"https:\/\/hotelli03.domainhotelli.fi\/~lsdoecli\/wp-json\/wp\/v2\/product"}],"about":[{"href":"https:\/\/hotelli03.domainhotelli.fi\/~lsdoecli\/wp-json\/wp\/v2\/types\/product"}],"replies":[{"embeddable":true,"href":"https:\/\/hotelli03.domainhotelli.fi\/~lsdoecli\/wp-json\/wp\/v2\/comments?post=9971"}],"wp:featuredmedia":[{"embeddable":true,"href":"https:\/\/hotelli03.domainhotelli.fi\/~lsdoecli\/wp-json\/wp\/v2\/media\/9976"}],"wp:attachment":[{"href":"https:\/\/hotelli03.domainhotelli.fi\/~lsdoecli\/wp-json\/wp\/v2\/media?parent=9971"}],"wp:term":[{"taxonomy":"product_cat","embeddable":true,"href":"https:\/\/hotelli03.domainhotelli.fi\/~lsdoecli\/wp-json\/wp\/v2\/product_cat?post=9971"},{"taxonomy":"product_tag","embeddable":true,"href":"https:\/\/hotelli03.domainhotelli.fi\/~lsdoecli\/wp-json\/wp\/v2\/product_tag?post=9971"}],"curies":[{"name":"wp","href":"https:\/\/api.w.org\/{rel}","templated":true}]}}