{"id":9650,"date":"2022-03-04T09:54:25","date_gmt":"2022-03-04T09:54:25","guid":{"rendered":"https:\/\/hotelli03.domainhotelli.fi\/~lsdoecli\/?post_type=product&#038;p=9650"},"modified":"2022-05-15T17:06:39","modified_gmt":"2022-05-15T17:06:39","slug":"tajima-rullamitta-5m-hi-lock-25","status":"publish","type":"product","link":"https:\/\/hotelli03.domainhotelli.fi\/~lsdoecli\/tuote\/tajima-rullamitta-5m-hi-lock-25\/","title":{"rendered":"Tajima rullamitta 5m Hi Lock-25"},"content":{"rendered":"<h1>Tajima rullamitta 5m Hi Lock-25<\/h1>\n<p>Tajima rullamitta 5 m Hi Lock-25, on yksi parhaista taskuun sopivista kompaktin kokoisista rullamitoista. Hi Lock on eritt\u00e4in tarkka ja luotettava mitta, ergonomisessa ja kest\u00e4v\u00e4ss\u00e4 ABS-kotelossa.<\/p>\n<p>Tajiman rullamitoissa on uusi polyesteripinnoite, joka suojaa mittanauhaa 2 kertaa paremmin kulutukselta, kun tavanomainen pinnoite.<\/p>\n<p>Rullamitan koukku on tehty vahvistetusta 1.6 mm pakusta materiaalista ja se kest\u00e4\u00e4 4,7 kertaa pidemmin kun normaali koukku. Kolminkertaisesti niitatty koukku erillisell\u00e4 ter\u00e4slevyll\u00e4 mittanauhan takapuolella. Kouku p\u00e4\u00e4see vapaasti liikkumaan, mik\u00e4 takaa tarkat sis\u00e4 &#8211; ja ulkomitat.<\/p>\n<p>Hi Lock mitassa on vy\u00f6pidike, josta rullamitan saa kiinnitetty\u00e4 helposti vy\u00f6h\u00f6n.\u00a0Mitan toisessa p\u00e4\u00e4ss\u00e4 on vahva taljanuora, josta rullamitan saa ripustettua koukkuun tai pujoteltua k\u00e4den ymp\u00e4rille mittauksen yhteydess\u00e4.<\/p>\n<p>Rullamitta on yksi rakentajan perusty\u00f6kaluista, joka tarvitaan l\u00e4hes koko ajan ty\u00f6maalla. Tajiman rullamitta on suunniteltu kest\u00e4m\u00e4\u00e4n ty\u00f6maa olosuhteita ja ne kest\u00e4v\u00e4t normaali k\u00e4yt\u00f6ss\u00e4 eritt\u00e4in pitk\u00e4\u00e4n.<\/p>\n<ul>\n<li>Pituus 5 metri\u00e4<\/li>\n<li>Mittanauhan leveys 25mm<\/li>\n<li>EC tarkkuusluokka II<\/li>\n<li>Vy\u00f6pidike<\/li>\n<li>Taljanuora<\/li>\n<\/ul>\n<h3>EC tarkkuusluokka II<\/h3>\n<p>EC tarkkuusluokka II tarkoittaa, ett\u00e4 mitan tarkkuus on:<\/p>\n<ul>\n<li>2 m pituudella\u00a0\u00b1 0.7 mm<\/li>\n<li>3 m pituudella\u00a0\u00b1 0.9 mm<\/li>\n<li>5 m pituudella\u00a0\u00b1 1.3 mm<\/li>\n<li>8 m pituudella\u00a0\u00b1 1.9 mm<\/li>\n<li>10 m pituudella\u00a0\u00b1 2.3 mm<\/li>\n<\/ul>\n<p>&nbsp;<\/p>\n<p>Valmistaja: <a href=\"https:\/\/tajima.ch\">Tajima\u00a0<\/a><\/p>\n","protected":false},"excerpt":{"rendered":"<h3>Klassikkoiden ja klassikko Tajima HiLock-25 5m rullamitta.<\/h3>\n<p>Eritt\u00e4in luotettava mittanauha kompaktissa, ergonomisessa ja kest\u00e4v\u00e4ss\u00e4 ABS-kotelossa.<\/p>\n<ul>\n<li>Pituus 5 metri\u00e4.<\/li>\n<li>Leveys 25mm.<\/li>\n<li>EC-luokka II<\/li>\n<\/ul>\n","protected":false},"featured_media":9653,"comment_status":"open","ping_status":"closed","template":"","meta":[],"product_cat":[116],"product_tag":[1160,1165,439,441,1155,1156,1163],"yoast_head":"<!-- This site is optimized with the Yoast SEO Premium plugin v18.9 (Yoast SEO v19.3) - https:\/\/yoast.com\/wordpress\/plugins\/seo\/ -->\n<title>Tajima rullamitta 5m Hi Lock-25 | JV Tuonti<\/title>\n<meta name=\"description\" content=\"Tajima rullamitta 5m Hi Lock-25 on saavuttanut legendaarisen jo maineen.\u00a0Tilaa todella laadukkaas ja kest\u00e4v\u00e4 Tajima rullamitta netist\u00e4.\" \/>\n<meta name=\"robots\" content=\"index, follow, max-snippet:-1, max-image-preview:large, max-video-preview:-1\" \/>\n<link rel=\"canonical\" href=\"https:\/\/hotelli03.domainhotelli.fi\/~lsdoecli\/tuote\/tajima-rullamitta-5m-hi-lock-25\/\" \/>\n<meta property=\"og:locale\" content=\"fi_FI\" \/>\n<meta property=\"og:type\" content=\"article\" \/>\n<meta property=\"og:title\" content=\"Tajima rullamitta 5m Hi Lock-25\" \/>\n<meta property=\"og:description\" content=\"Tajima rullamitta 5m Hi Lock-25 on saavuttanut legendaarisen jo maineen.\u00a0Tilaa todella laadukkaas ja kest\u00e4v\u00e4 Tajima rullamitta netist\u00e4.\" \/>\n<meta property=\"og:url\" content=\"https:\/\/hotelli03.domainhotelli.fi\/~lsdoecli\/tuote\/tajima-rullamitta-5m-hi-lock-25\/\" \/>\n<meta property=\"og:site_name\" content=\"JV Tuonti\" \/>\n<meta property=\"article:publisher\" content=\"https:\/\/www.facebook.com\/JVTuontiOy\" \/>\n<meta property=\"article:modified_time\" content=\"2022-05-15T17:06:39+00:00\" \/>\n<meta property=\"og:image\" content=\"https:\/\/hotelli03.domainhotelli.fi\/~lsdoecli\/wp-content\/uploads\/2022\/03\/Rullamitta-Tajima-5m-HiLock-25.jpg\" \/>\n\t<meta property=\"og:image:width\" content=\"1161\" \/>\n\t<meta property=\"og:image:height\" content=\"908\" \/>\n\t<meta property=\"og:image:type\" content=\"image\/jpeg\" \/>\n<meta name=\"twitter:card\" content=\"summary_large_image\" \/>\n<meta name=\"twitter:label1\" content=\"Price\" \/>\n\t<meta name=\"twitter:data1\" content=\"17,01&nbsp;&euro; Alv 24%N\u00e4yt\u00e4 veroton hinta13,72&nbsp;&euro; Alv 0%N\u00e4yt\u00e4 verollinen hinta\" \/>\n\t<meta name=\"twitter:label2\" content=\"Availability\" \/>\n\t<meta name=\"twitter:data2\" content=\"In stock\" \/>\n<script type=\"application\/ld+json\" class=\"yoast-schema-graph\">{\"@context\":\"https:\/\/schema.org\",\"@graph\":[{\"@type\":[\"Organization\",\"Place\",\"WholesaleStore\"],\"@id\":\"https:\/\/hotelli03.domainhotelli.fi\/~lsdoecli\/#organization\",\"name\":\"JV Tuonti Oy\",\"url\":\"https:\/\/hotelli03.domainhotelli.fi\/~lsdoecli\/\",\"sameAs\":[\"https:\/\/instagram.com\/jvtuontioy?utm_medium=copy_link\",\"https:\/\/www.facebook.com\/JVTuontiOy\"],\"logo\":{\"@id\":\"https:\/\/hotelli03.domainhotelli.fi\/~lsdoecli\/tuote\/tajima-rullamitta-5m-hi-lock-25\/#local-main-organization-logo\"},\"image\":{\"@id\":\"https:\/\/hotelli03.domainhotelli.fi\/~lsdoecli\/tuote\/tajima-rullamitta-5m-hi-lock-25\/#local-main-organization-logo\"},\"address\":{\"@id\":\"https:\/\/hotelli03.domainhotelli.fi\/~lsdoecli\/tuote\/tajima-rullamitta-5m-hi-lock-25\/#local-main-place-address\"},\"geo\":{\"@type\":\"GeoCoordinates\",\"latitude\":\"60.28431\",\"longitude\":\"24.81654\"},\"telephone\":[\"0408369980\"],\"openingHoursSpecification\":[{\"@type\":\"OpeningHoursSpecification\",\"dayOfWeek\":[\"Monday\",\"Tuesday\",\"Wednesday\",\"Thursday\",\"Friday\"],\"opens\":\"08:00\",\"closes\":\"16:00\"},{\"@type\":\"OpeningHoursSpecification\",\"dayOfWeek\":[\"Saturday\",\"Sunday\"],\"opens\":\"00:00\",\"closes\":\"00:00\"}],\"email\":\"myynti@hotelli03.domainhotelli.fi\",\"areaServed\":\"Suomi, Ruotsi\",\"vatID\":\"FI30178387\",\"priceRange\":\"$$\",\"currenciesAccepted\":\"\u20ac\",\"paymentAccepted\":\"Lasku, pankkikortti\"},{\"@type\":\"WebSite\",\"@id\":\"https:\/\/hotelli03.domainhotelli.fi\/~lsdoecli\/#website\",\"url\":\"https:\/\/hotelli03.domainhotelli.fi\/~lsdoecli\/\",\"name\":\"JV Tuonti\",\"description\":\"JV Tuonti Oy:n verkkokauppa\",\"publisher\":{\"@id\":\"https:\/\/hotelli03.domainhotelli.fi\/~lsdoecli\/#organization\"},\"potentialAction\":[{\"@type\":\"SearchAction\",\"target\":{\"@type\":\"EntryPoint\",\"urlTemplate\":\"https:\/\/hotelli03.domainhotelli.fi\/~lsdoecli\/?s={search_term_string}\"},\"query-input\":\"required name=search_term_string\"}],\"inLanguage\":\"fi\"},{\"@type\":\"ImageObject\",\"inLanguage\":\"fi\",\"@id\":\"https:\/\/hotelli03.domainhotelli.fi\/~lsdoecli\/tuote\/tajima-rullamitta-5m-hi-lock-25\/#primaryimage\",\"url\":\"https:\/\/hotelli03.domainhotelli.fi\/~lsdoecli\/wp-content\/uploads\/2022\/03\/Rullamitta-Tajima-5m-HiLock-25.jpg\",\"contentUrl\":\"https:\/\/hotelli03.domainhotelli.fi\/~lsdoecli\/wp-content\/uploads\/2022\/03\/Rullamitta-Tajima-5m-HiLock-25.jpg\",\"width\":1161,\"height\":908,\"caption\":\"Tajima rullamitta 5m Hi Lock-25\"},{\"@type\":\"WebPage\",\"@id\":\"https:\/\/hotelli03.domainhotelli.fi\/~lsdoecli\/tuote\/tajima-rullamitta-5m-hi-lock-25\/\",\"url\":\"https:\/\/hotelli03.domainhotelli.fi\/~lsdoecli\/tuote\/tajima-rullamitta-5m-hi-lock-25\/\",\"name\":\"Tajima rullamitta 5m Hi Lock-25 | JV Tuonti\",\"isPartOf\":{\"@id\":\"https:\/\/hotelli03.domainhotelli.fi\/~lsdoecli\/#website\"},\"primaryImageOfPage\":{\"@id\":\"https:\/\/hotelli03.domainhotelli.fi\/~lsdoecli\/tuote\/tajima-rullamitta-5m-hi-lock-25\/#primaryimage\"},\"datePublished\":\"2022-03-04T09:54:25+00:00\",\"dateModified\":\"2022-05-15T17:06:39+00:00\",\"description\":\"Tajima rullamitta 5m Hi Lock-25 on saavuttanut legendaarisen jo maineen.\u00a0Tilaa todella laadukkaas ja kest\u00e4v\u00e4 Tajima rullamitta netist\u00e4.\",\"breadcrumb\":{\"@id\":\"https:\/\/hotelli03.domainhotelli.fi\/~lsdoecli\/tuote\/tajima-rullamitta-5m-hi-lock-25\/#breadcrumb\"},\"inLanguage\":\"fi\",\"potentialAction\":[{\"@type\":\"ReadAction\",\"target\":[\"https:\/\/hotelli03.domainhotelli.fi\/~lsdoecli\/tuote\/tajima-rullamitta-5m-hi-lock-25\/\"]}]},{\"@type\":\"BreadcrumbList\",\"@id\":\"https:\/\/hotelli03.domainhotelli.fi\/~lsdoecli\/tuote\/tajima-rullamitta-5m-hi-lock-25\/#breadcrumb\",\"itemListElement\":[{\"@type\":\"ListItem\",\"position\":1,\"name\":\"Etusivu\",\"item\":\"https:\/\/hotelli03.domainhotelli.fi\/~lsdoecli\/\"},{\"@type\":\"ListItem\",\"position\":2,\"name\":\"Kauppa\",\"item\":\"https:\/\/hotelli03.domainhotelli.fi\/~lsdoecli\/kauppa\/\"},{\"@type\":\"ListItem\",\"position\":3,\"name\":\"Tajima rullamitta 5m Hi Lock-25\"}]},{\"@type\":\"PostalAddress\",\"@id\":\"https:\/\/hotelli03.domainhotelli.fi\/~lsdoecli\/tuote\/tajima-rullamitta-5m-hi-lock-25\/#local-main-place-address\",\"streetAddress\":\"Pyymosantie 5a\",\"addressLocality\":\"Vantaa\",\"postalCode\":\"01720\",\"addressCountry\":\"FI\"},{\"@type\":\"ImageObject\",\"inLanguage\":\"fi\",\"@id\":\"https:\/\/hotelli03.domainhotelli.fi\/~lsdoecli\/tuote\/tajima-rullamitta-5m-hi-lock-25\/#local-main-organization-logo\",\"url\":\"https:\/\/hotelli03.domainhotelli.fi\/~lsdoecli\/wp-content\/uploads\/2021\/08\/JVTuonti_logo_nelio.jpg\",\"contentUrl\":\"https:\/\/hotelli03.domainhotelli.fi\/~lsdoecli\/wp-content\/uploads\/2021\/08\/JVTuonti_logo_nelio.jpg\",\"width\":550,\"height\":550,\"caption\":\"JV Tuonti Oy\"}]}<\/script>\n<meta property=\"product:brand\" content=\"Tajima\" \/>\n<meta property=\"product:price:amount\" content=\"17.01\" \/>\n<meta property=\"product:price:currency\" content=\"EUR\" \/>\n<meta property=\"og:availability\" content=\"instock\" \/>\n<meta property=\"product:availability\" content=\"instock\" \/>\n<meta property=\"product:retailer_item_id\" content=\"H5P50MY\" \/>\n<meta property=\"product:condition\" content=\"new\" \/>\n<meta name=\"geo.placename\" content=\"Vantaa\" \/>\n<meta name=\"geo.position\" content=\"60.28431;24.81654\" \/>\n<meta name=\"geo.region\" content=\"Suomi\" \/>\n<!-- \/ Yoast SEO Premium plugin. -->","yoast_head_json":{"title":"Tajima rullamitta 5m Hi Lock-25 | JV Tuonti","description":"Tajima rullamitta 5m Hi Lock-25 on saavuttanut legendaarisen jo maineen.\u00a0Tilaa todella laadukkaas ja kest\u00e4v\u00e4 Tajima rullamitta netist\u00e4.","robots":{"index":"index","follow":"follow","max-snippet":"max-snippet:-1","max-image-preview":"max-image-preview:large","max-video-preview":"max-video-preview:-1"},"canonical":"https:\/\/hotelli03.domainhotelli.fi\/~lsdoecli\/tuote\/tajima-rullamitta-5m-hi-lock-25\/","og_locale":"fi_FI","og_type":"article","og_title":"Tajima rullamitta 5m Hi Lock-25","og_description":"Tajima rullamitta 5m Hi Lock-25 on saavuttanut legendaarisen jo maineen.\u00a0Tilaa todella laadukkaas ja kest\u00e4v\u00e4 Tajima rullamitta netist\u00e4.","og_url":"https:\/\/hotelli03.domainhotelli.fi\/~lsdoecli\/tuote\/tajima-rullamitta-5m-hi-lock-25\/","og_site_name":"JV Tuonti","article_publisher":"https:\/\/www.facebook.com\/JVTuontiOy","article_modified_time":"2022-05-15T17:06:39+00:00","og_image":[{"width":1161,"height":908,"url":"https:\/\/hotelli03.domainhotelli.fi\/~lsdoecli\/wp-content\/uploads\/2022\/03\/Rullamitta-Tajima-5m-HiLock-25.jpg","type":"image\/jpeg"}],"twitter_card":"summary_large_image","twitter_misc":{"Price":"17,01&nbsp;&euro; Alv 24%N\u00e4yt\u00e4 veroton hinta13,72&nbsp;&euro; Alv 0%N\u00e4yt\u00e4 verollinen hinta","Availability":"In stock"},"schema":{"@context":"https:\/\/schema.org","@graph":[{"@type":["Organization","Place","WholesaleStore"],"@id":"https:\/\/hotelli03.domainhotelli.fi\/~lsdoecli\/#organization","name":"JV Tuonti Oy","url":"https:\/\/hotelli03.domainhotelli.fi\/~lsdoecli\/","sameAs":["https:\/\/instagram.com\/jvtuontioy?utm_medium=copy_link","https:\/\/www.facebook.com\/JVTuontiOy"],"logo":{"@id":"https:\/\/hotelli03.domainhotelli.fi\/~lsdoecli\/tuote\/tajima-rullamitta-5m-hi-lock-25\/#local-main-organization-logo"},"image":{"@id":"https:\/\/hotelli03.domainhotelli.fi\/~lsdoecli\/tuote\/tajima-rullamitta-5m-hi-lock-25\/#local-main-organization-logo"},"address":{"@id":"https:\/\/hotelli03.domainhotelli.fi\/~lsdoecli\/tuote\/tajima-rullamitta-5m-hi-lock-25\/#local-main-place-address"},"geo":{"@type":"GeoCoordinates","latitude":"60.28431","longitude":"24.81654"},"telephone":["0408369980"],"openingHoursSpecification":[{"@type":"OpeningHoursSpecification","dayOfWeek":["Monday","Tuesday","Wednesday","Thursday","Friday"],"opens":"08:00","closes":"16:00"},{"@type":"OpeningHoursSpecification","dayOfWeek":["Saturday","Sunday"],"opens":"00:00","closes":"00:00"}],"email":"myynti@hotelli03.domainhotelli.fi","areaServed":"Suomi, Ruotsi","vatID":"FI30178387","priceRange":"$$","currenciesAccepted":"\u20ac","paymentAccepted":"Lasku, pankkikortti"},{"@type":"WebSite","@id":"https:\/\/hotelli03.domainhotelli.fi\/~lsdoecli\/#website","url":"https:\/\/hotelli03.domainhotelli.fi\/~lsdoecli\/","name":"JV Tuonti","description":"JV Tuonti Oy:n verkkokauppa","publisher":{"@id":"https:\/\/hotelli03.domainhotelli.fi\/~lsdoecli\/#organization"},"potentialAction":[{"@type":"SearchAction","target":{"@type":"EntryPoint","urlTemplate":"https:\/\/hotelli03.domainhotelli.fi\/~lsdoecli\/?s={search_term_string}"},"query-input":"required name=search_term_string"}],"inLanguage":"fi"},{"@type":"ImageObject","inLanguage":"fi","@id":"https:\/\/hotelli03.domainhotelli.fi\/~lsdoecli\/tuote\/tajima-rullamitta-5m-hi-lock-25\/#primaryimage","url":"https:\/\/hotelli03.domainhotelli.fi\/~lsdoecli\/wp-content\/uploads\/2022\/03\/Rullamitta-Tajima-5m-HiLock-25.jpg","contentUrl":"https:\/\/hotelli03.domainhotelli.fi\/~lsdoecli\/wp-content\/uploads\/2022\/03\/Rullamitta-Tajima-5m-HiLock-25.jpg","width":1161,"height":908,"caption":"Tajima rullamitta 5m Hi Lock-25"},{"@type":"WebPage","@id":"https:\/\/hotelli03.domainhotelli.fi\/~lsdoecli\/tuote\/tajima-rullamitta-5m-hi-lock-25\/","url":"https:\/\/hotelli03.domainhotelli.fi\/~lsdoecli\/tuote\/tajima-rullamitta-5m-hi-lock-25\/","name":"Tajima rullamitta 5m Hi Lock-25 | JV Tuonti","isPartOf":{"@id":"https:\/\/hotelli03.domainhotelli.fi\/~lsdoecli\/#website"},"primaryImageOfPage":{"@id":"https:\/\/hotelli03.domainhotelli.fi\/~lsdoecli\/tuote\/tajima-rullamitta-5m-hi-lock-25\/#primaryimage"},"datePublished":"2022-03-04T09:54:25+00:00","dateModified":"2022-05-15T17:06:39+00:00","description":"Tajima rullamitta 5m Hi Lock-25 on saavuttanut legendaarisen jo maineen.\u00a0Tilaa todella laadukkaas ja kest\u00e4v\u00e4 Tajima rullamitta netist\u00e4.","breadcrumb":{"@id":"https:\/\/hotelli03.domainhotelli.fi\/~lsdoecli\/tuote\/tajima-rullamitta-5m-hi-lock-25\/#breadcrumb"},"inLanguage":"fi","potentialAction":[{"@type":"ReadAction","target":["https:\/\/hotelli03.domainhotelli.fi\/~lsdoecli\/tuote\/tajima-rullamitta-5m-hi-lock-25\/"]}]},{"@type":"BreadcrumbList","@id":"https:\/\/hotelli03.domainhotelli.fi\/~lsdoecli\/tuote\/tajima-rullamitta-5m-hi-lock-25\/#breadcrumb","itemListElement":[{"@type":"ListItem","position":1,"name":"Etusivu","item":"https:\/\/hotelli03.domainhotelli.fi\/~lsdoecli\/"},{"@type":"ListItem","position":2,"name":"Kauppa","item":"https:\/\/hotelli03.domainhotelli.fi\/~lsdoecli\/kauppa\/"},{"@type":"ListItem","position":3,"name":"Tajima rullamitta 5m Hi Lock-25"}]},{"@type":"PostalAddress","@id":"https:\/\/hotelli03.domainhotelli.fi\/~lsdoecli\/tuote\/tajima-rullamitta-5m-hi-lock-25\/#local-main-place-address","streetAddress":"Pyymosantie 5a","addressLocality":"Vantaa","postalCode":"01720","addressCountry":"FI"},{"@type":"ImageObject","inLanguage":"fi","@id":"https:\/\/hotelli03.domainhotelli.fi\/~lsdoecli\/tuote\/tajima-rullamitta-5m-hi-lock-25\/#local-main-organization-logo","url":"https:\/\/hotelli03.domainhotelli.fi\/~lsdoecli\/wp-content\/uploads\/2021\/08\/JVTuonti_logo_nelio.jpg","contentUrl":"https:\/\/hotelli03.domainhotelli.fi\/~lsdoecli\/wp-content\/uploads\/2021\/08\/JVTuonti_logo_nelio.jpg","width":550,"height":550,"caption":"JV Tuonti Oy"}]},"product_brand":"Tajima","product_price_amount":"17.01","product_price_currency":"EUR","og_availability":"instock","product_availability":"instock","product_retailer_item_id":"H5P50MY","product_condition":"new","geo.placename":"Vantaa","geo.position":{"lat":"60.28431","long":"24.81654"},"geo.region":"Suomi"},"_links":{"self":[{"href":"https:\/\/hotelli03.domainhotelli.fi\/~lsdoecli\/wp-json\/wp\/v2\/product\/9650"}],"collection":[{"href":"https:\/\/hotelli03.domainhotelli.fi\/~lsdoecli\/wp-json\/wp\/v2\/product"}],"about":[{"href":"https:\/\/hotelli03.domainhotelli.fi\/~lsdoecli\/wp-json\/wp\/v2\/types\/product"}],"replies":[{"embeddable":true,"href":"https:\/\/hotelli03.domainhotelli.fi\/~lsdoecli\/wp-json\/wp\/v2\/comments?post=9650"}],"wp:featuredmedia":[{"embeddable":true,"href":"https:\/\/hotelli03.domainhotelli.fi\/~lsdoecli\/wp-json\/wp\/v2\/media\/9653"}],"wp:attachment":[{"href":"https:\/\/hotelli03.domainhotelli.fi\/~lsdoecli\/wp-json\/wp\/v2\/media?parent=9650"}],"wp:term":[{"taxonomy":"product_cat","embeddable":true,"href":"https:\/\/hotelli03.domainhotelli.fi\/~lsdoecli\/wp-json\/wp\/v2\/product_cat?post=9650"},{"taxonomy":"product_tag","embeddable":true,"href":"https:\/\/hotelli03.domainhotelli.fi\/~lsdoecli\/wp-json\/wp\/v2\/product_tag?post=9650"}],"curies":[{"name":"wp","href":"https:\/\/api.w.org\/{rel}","templated":true}]}}