{"id":9595,"date":"2022-02-14T08:29:16","date_gmt":"2022-02-14T08:29:16","guid":{"rendered":"https:\/\/hotelli03.domainhotelli.fi\/~lsdoecli\/?post_type=product&#038;p=9595"},"modified":"2022-02-14T18:00:35","modified_gmt":"2022-02-14T18:00:35","slug":"timanttikuppilaikka-salmiakki-150-mm-jvt","status":"publish","type":"product","link":"https:\/\/hotelli03.domainhotelli.fi\/~lsdoecli\/tuote\/timanttikuppilaikka-salmiakki-150-mm-jvt\/","title":{"rendered":"JVT timanttikuppilaikka Salmiakki 150 mm"},"content":{"rendered":"<h1>JVT timanttikuppilaikka Salmiakki 150 mm<\/h1>\n<p>JVT timanttikuppilaikka Salmiakki 150 mm soveltuu erinomaisesti\u00a0tasoitteiden, epoksin ja vesieristeiden hiontaan betonihiomakoneella.<\/p>\n<p>Timanttilaikan segmenttien korkeus on 6mm. Poistaa hiottavat materiaalit eritt\u00e4in nopeasti ja tehokkaasti.<\/p>\n<p>Sopii useimpiin markkinoilla oleviin betonihiomakoneisiin jotka on tarkoitettu 150mm laikalle. Timanttilaikan mukana toimitetaan holkki rengas, jolla sis\u00e4mittaa saadaan s\u00e4\u00e4detty\u00e4\u00a025.4 mm tai 22,23 mm kokoiseksi.<\/p>\n<p>Yhteensopiva seuraavien betonin hiomakoneiden kanssa:<\/p>\n<ul>\n<li>Hilti DGH 150 betonihiomakone<\/li>\n<li>Betonihiomakone Flex LD 18-7 150 R<\/li>\n<li>Betonihiomakone Festool RG 150<\/li>\n<\/ul>\n<p>Katso my\u00f6s muut <a href=\"http:\/\/ote-osasto\/rakennustarvikkeet\/timanttilaikat\/\">timanttilaikat ja kuppilaikat<\/a> t\u00e4st\u00e4!<\/p>\n","protected":false},"excerpt":{"rendered":"<p>Timanttikuppilaikka salmiakki 150 mm ja 6 mm segmentill\u00e4. Sis\u00e4\u00a0\u00d8\u200025.4\/22,23 mm<\/p>\n<p>T\u00e4m\u00e4 150mm timanttikuppilaikka soveltuu erinomaisesti\u00a0tasoitteiden, epoksin ja vesieristeiden hiontaan hiomakoneilla.<\/p>\n","protected":false},"featured_media":9533,"comment_status":"open","ping_status":"closed","template":"","meta":[],"product_cat":[603],"product_tag":[1137,1142,1136,1138,1140,606,1134,1135,1139,1141],"yoast_head":"<!-- This site is optimized with the Yoast SEO Premium plugin v18.9 (Yoast SEO v19.3) - https:\/\/yoast.com\/wordpress\/plugins\/seo\/ -->\n<title>JVT timanttikuppilaikka Salmiakki 150 mm | JV Tuonti<\/title>\n<meta name=\"description\" content=\"JVT timanttikuppilaikka Salmiakki 150 mm. Tehokas timanttilaikka tasoitteiden, epoksin ja vedeneristeiden hiontaan. Tilaa netist\u00e4!\" \/>\n<meta name=\"robots\" content=\"index, follow, max-snippet:-1, max-image-preview:large, max-video-preview:-1\" \/>\n<link rel=\"canonical\" href=\"https:\/\/hotelli03.domainhotelli.fi\/~lsdoecli\/tuote\/timanttikuppilaikka-salmiakki-150-mm-jvt\/\" \/>\n<meta property=\"og:locale\" content=\"fi_FI\" \/>\n<meta property=\"og:type\" content=\"article\" \/>\n<meta property=\"og:title\" content=\"JVT timanttikuppilaikka Salmiakki 150 mm\" \/>\n<meta property=\"og:description\" content=\"JVT timanttikuppilaikka Salmiakki 150 mm. Tehokas timanttilaikka tasoitteiden, epoksin ja vedeneristeiden hiontaan. Tilaa netist\u00e4!\" \/>\n<meta property=\"og:url\" content=\"https:\/\/hotelli03.domainhotelli.fi\/~lsdoecli\/tuote\/timanttikuppilaikka-salmiakki-150-mm-jvt\/\" \/>\n<meta property=\"og:site_name\" content=\"JV Tuonti\" \/>\n<meta property=\"article:publisher\" content=\"https:\/\/www.facebook.com\/JVTuontiOy\" \/>\n<meta property=\"article:modified_time\" content=\"2022-02-14T18:00:35+00:00\" \/>\n<meta property=\"og:image\" content=\"https:\/\/hotelli03.domainhotelli.fi\/~lsdoecli\/wp-content\/uploads\/2022\/02\/JVT-Timanttikuppilaikka-salmiakki-150-mm--scaled.jpg\" \/>\n\t<meta property=\"og:image:width\" content=\"2560\" \/>\n\t<meta property=\"og:image:height\" content=\"2519\" \/>\n\t<meta property=\"og:image:type\" content=\"image\/jpeg\" \/>\n<meta name=\"twitter:card\" content=\"summary_large_image\" \/>\n<meta name=\"twitter:label1\" content=\"Price\" \/>\n\t<meta name=\"twitter:data1\" content=\"93,25&nbsp;&euro; Alv 24%N\u00e4yt\u00e4 veroton hinta75,20&nbsp;&euro; Alv 0%N\u00e4yt\u00e4 verollinen hinta\" \/>\n\t<meta name=\"twitter:label2\" content=\"Availability\" \/>\n\t<meta name=\"twitter:data2\" content=\"In stock\" \/>\n<script type=\"application\/ld+json\" class=\"yoast-schema-graph\">{\"@context\":\"https:\/\/schema.org\",\"@graph\":[{\"@type\":[\"Organization\",\"Place\",\"WholesaleStore\"],\"@id\":\"https:\/\/hotelli03.domainhotelli.fi\/~lsdoecli\/#organization\",\"name\":\"JV Tuonti Oy\",\"url\":\"https:\/\/hotelli03.domainhotelli.fi\/~lsdoecli\/\",\"sameAs\":[\"https:\/\/instagram.com\/jvtuontioy?utm_medium=copy_link\",\"https:\/\/www.facebook.com\/JVTuontiOy\"],\"logo\":{\"@id\":\"https:\/\/hotelli03.domainhotelli.fi\/~lsdoecli\/tuote\/timanttikuppilaikka-salmiakki-150-mm-jvt\/#local-main-organization-logo\"},\"image\":{\"@id\":\"https:\/\/hotelli03.domainhotelli.fi\/~lsdoecli\/tuote\/timanttikuppilaikka-salmiakki-150-mm-jvt\/#local-main-organization-logo\"},\"address\":{\"@id\":\"https:\/\/hotelli03.domainhotelli.fi\/~lsdoecli\/tuote\/timanttikuppilaikka-salmiakki-150-mm-jvt\/#local-main-place-address\"},\"geo\":{\"@type\":\"GeoCoordinates\",\"latitude\":\"60.28431\",\"longitude\":\"24.81654\"},\"telephone\":[\"0408369980\"],\"openingHoursSpecification\":[{\"@type\":\"OpeningHoursSpecification\",\"dayOfWeek\":[\"Monday\",\"Tuesday\",\"Wednesday\",\"Thursday\",\"Friday\"],\"opens\":\"08:00\",\"closes\":\"16:00\"},{\"@type\":\"OpeningHoursSpecification\",\"dayOfWeek\":[\"Saturday\",\"Sunday\"],\"opens\":\"00:00\",\"closes\":\"00:00\"}],\"email\":\"myynti@hotelli03.domainhotelli.fi\",\"areaServed\":\"Suomi, Ruotsi\",\"vatID\":\"FI30178387\",\"priceRange\":\"$$\",\"currenciesAccepted\":\"\u20ac\",\"paymentAccepted\":\"Lasku, pankkikortti\"},{\"@type\":\"WebSite\",\"@id\":\"https:\/\/hotelli03.domainhotelli.fi\/~lsdoecli\/#website\",\"url\":\"https:\/\/hotelli03.domainhotelli.fi\/~lsdoecli\/\",\"name\":\"JV Tuonti\",\"description\":\"JV Tuonti Oy:n verkkokauppa\",\"publisher\":{\"@id\":\"https:\/\/hotelli03.domainhotelli.fi\/~lsdoecli\/#organization\"},\"potentialAction\":[{\"@type\":\"SearchAction\",\"target\":{\"@type\":\"EntryPoint\",\"urlTemplate\":\"https:\/\/hotelli03.domainhotelli.fi\/~lsdoecli\/?s={search_term_string}\"},\"query-input\":\"required name=search_term_string\"}],\"inLanguage\":\"fi\"},{\"@type\":\"ImageObject\",\"inLanguage\":\"fi\",\"@id\":\"https:\/\/hotelli03.domainhotelli.fi\/~lsdoecli\/tuote\/timanttikuppilaikka-salmiakki-150-mm-jvt\/#primaryimage\",\"url\":\"https:\/\/hotelli03.domainhotelli.fi\/~lsdoecli\/wp-content\/uploads\/2022\/02\/JVT-Timanttikuppilaikka-salmiakki-150-mm--scaled.jpg\",\"contentUrl\":\"https:\/\/hotelli03.domainhotelli.fi\/~lsdoecli\/wp-content\/uploads\/2022\/02\/JVT-Timanttikuppilaikka-salmiakki-150-mm--scaled.jpg\",\"width\":2560,\"height\":2519,\"caption\":\"Timanttikuppilaikka Salmiakki 150 mm JVT\"},{\"@type\":\"WebPage\",\"@id\":\"https:\/\/hotelli03.domainhotelli.fi\/~lsdoecli\/tuote\/timanttikuppilaikka-salmiakki-150-mm-jvt\/\",\"url\":\"https:\/\/hotelli03.domainhotelli.fi\/~lsdoecli\/tuote\/timanttikuppilaikka-salmiakki-150-mm-jvt\/\",\"name\":\"JVT timanttikuppilaikka Salmiakki 150 mm | JV Tuonti\",\"isPartOf\":{\"@id\":\"https:\/\/hotelli03.domainhotelli.fi\/~lsdoecli\/#website\"},\"primaryImageOfPage\":{\"@id\":\"https:\/\/hotelli03.domainhotelli.fi\/~lsdoecli\/tuote\/timanttikuppilaikka-salmiakki-150-mm-jvt\/#primaryimage\"},\"datePublished\":\"2022-02-14T08:29:16+00:00\",\"dateModified\":\"2022-02-14T18:00:35+00:00\",\"description\":\"JVT timanttikuppilaikka Salmiakki 150 mm. Tehokas timanttilaikka tasoitteiden, epoksin ja vedeneristeiden hiontaan. Tilaa netist\u00e4!\",\"breadcrumb\":{\"@id\":\"https:\/\/hotelli03.domainhotelli.fi\/~lsdoecli\/tuote\/timanttikuppilaikka-salmiakki-150-mm-jvt\/#breadcrumb\"},\"inLanguage\":\"fi\",\"potentialAction\":[{\"@type\":\"ReadAction\",\"target\":[\"https:\/\/hotelli03.domainhotelli.fi\/~lsdoecli\/tuote\/timanttikuppilaikka-salmiakki-150-mm-jvt\/\"]}]},{\"@type\":\"BreadcrumbList\",\"@id\":\"https:\/\/hotelli03.domainhotelli.fi\/~lsdoecli\/tuote\/timanttikuppilaikka-salmiakki-150-mm-jvt\/#breadcrumb\",\"itemListElement\":[{\"@type\":\"ListItem\",\"position\":1,\"name\":\"Etusivu\",\"item\":\"https:\/\/hotelli03.domainhotelli.fi\/~lsdoecli\/\"},{\"@type\":\"ListItem\",\"position\":2,\"name\":\"Kauppa\",\"item\":\"https:\/\/hotelli03.domainhotelli.fi\/~lsdoecli\/kauppa\/\"},{\"@type\":\"ListItem\",\"position\":3,\"name\":\"JVT timanttikuppilaikka Salmiakki 150 mm\"}]},{\"@type\":\"PostalAddress\",\"@id\":\"https:\/\/hotelli03.domainhotelli.fi\/~lsdoecli\/tuote\/timanttikuppilaikka-salmiakki-150-mm-jvt\/#local-main-place-address\",\"streetAddress\":\"Pyymosantie 5a\",\"addressLocality\":\"Vantaa\",\"postalCode\":\"01720\",\"addressCountry\":\"FI\"},{\"@type\":\"ImageObject\",\"inLanguage\":\"fi\",\"@id\":\"https:\/\/hotelli03.domainhotelli.fi\/~lsdoecli\/tuote\/timanttikuppilaikka-salmiakki-150-mm-jvt\/#local-main-organization-logo\",\"url\":\"https:\/\/hotelli03.domainhotelli.fi\/~lsdoecli\/wp-content\/uploads\/2021\/08\/JVTuonti_logo_nelio.jpg\",\"contentUrl\":\"https:\/\/hotelli03.domainhotelli.fi\/~lsdoecli\/wp-content\/uploads\/2021\/08\/JVTuonti_logo_nelio.jpg\",\"width\":550,\"height\":550,\"caption\":\"JV Tuonti Oy\"}]}<\/script>\n<meta property=\"product:brand\" content=\"JVT\" \/>\n<meta property=\"product:price:amount\" content=\"93.25\" \/>\n<meta property=\"product:price:currency\" content=\"EUR\" \/>\n<meta property=\"og:availability\" content=\"instock\" \/>\n<meta property=\"product:availability\" content=\"instock\" \/>\n<meta property=\"product:retailer_item_id\" content=\"JVT150S PRO\" \/>\n<meta property=\"product:condition\" content=\"new\" \/>\n<meta name=\"geo.placename\" content=\"Vantaa\" \/>\n<meta name=\"geo.position\" content=\"60.28431;24.81654\" \/>\n<meta name=\"geo.region\" content=\"Suomi\" \/>\n<!-- \/ Yoast SEO Premium plugin. -->","yoast_head_json":{"title":"JVT timanttikuppilaikka Salmiakki 150 mm | JV Tuonti","description":"JVT timanttikuppilaikka Salmiakki 150 mm. Tehokas timanttilaikka tasoitteiden, epoksin ja vedeneristeiden hiontaan. Tilaa netist\u00e4!","robots":{"index":"index","follow":"follow","max-snippet":"max-snippet:-1","max-image-preview":"max-image-preview:large","max-video-preview":"max-video-preview:-1"},"canonical":"https:\/\/hotelli03.domainhotelli.fi\/~lsdoecli\/tuote\/timanttikuppilaikka-salmiakki-150-mm-jvt\/","og_locale":"fi_FI","og_type":"article","og_title":"JVT timanttikuppilaikka Salmiakki 150 mm","og_description":"JVT timanttikuppilaikka Salmiakki 150 mm. Tehokas timanttilaikka tasoitteiden, epoksin ja vedeneristeiden hiontaan. Tilaa netist\u00e4!","og_url":"https:\/\/hotelli03.domainhotelli.fi\/~lsdoecli\/tuote\/timanttikuppilaikka-salmiakki-150-mm-jvt\/","og_site_name":"JV Tuonti","article_publisher":"https:\/\/www.facebook.com\/JVTuontiOy","article_modified_time":"2022-02-14T18:00:35+00:00","og_image":[{"width":2560,"height":2519,"url":"https:\/\/hotelli03.domainhotelli.fi\/~lsdoecli\/wp-content\/uploads\/2022\/02\/JVT-Timanttikuppilaikka-salmiakki-150-mm--scaled.jpg","type":"image\/jpeg"}],"twitter_card":"summary_large_image","twitter_misc":{"Price":"93,25&nbsp;&euro; Alv 24%N\u00e4yt\u00e4 veroton hinta75,20&nbsp;&euro; Alv 0%N\u00e4yt\u00e4 verollinen hinta","Availability":"In stock"},"schema":{"@context":"https:\/\/schema.org","@graph":[{"@type":["Organization","Place","WholesaleStore"],"@id":"https:\/\/hotelli03.domainhotelli.fi\/~lsdoecli\/#organization","name":"JV Tuonti Oy","url":"https:\/\/hotelli03.domainhotelli.fi\/~lsdoecli\/","sameAs":["https:\/\/instagram.com\/jvtuontioy?utm_medium=copy_link","https:\/\/www.facebook.com\/JVTuontiOy"],"logo":{"@id":"https:\/\/hotelli03.domainhotelli.fi\/~lsdoecli\/tuote\/timanttikuppilaikka-salmiakki-150-mm-jvt\/#local-main-organization-logo"},"image":{"@id":"https:\/\/hotelli03.domainhotelli.fi\/~lsdoecli\/tuote\/timanttikuppilaikka-salmiakki-150-mm-jvt\/#local-main-organization-logo"},"address":{"@id":"https:\/\/hotelli03.domainhotelli.fi\/~lsdoecli\/tuote\/timanttikuppilaikka-salmiakki-150-mm-jvt\/#local-main-place-address"},"geo":{"@type":"GeoCoordinates","latitude":"60.28431","longitude":"24.81654"},"telephone":["0408369980"],"openingHoursSpecification":[{"@type":"OpeningHoursSpecification","dayOfWeek":["Monday","Tuesday","Wednesday","Thursday","Friday"],"opens":"08:00","closes":"16:00"},{"@type":"OpeningHoursSpecification","dayOfWeek":["Saturday","Sunday"],"opens":"00:00","closes":"00:00"}],"email":"myynti@hotelli03.domainhotelli.fi","areaServed":"Suomi, Ruotsi","vatID":"FI30178387","priceRange":"$$","currenciesAccepted":"\u20ac","paymentAccepted":"Lasku, pankkikortti"},{"@type":"WebSite","@id":"https:\/\/hotelli03.domainhotelli.fi\/~lsdoecli\/#website","url":"https:\/\/hotelli03.domainhotelli.fi\/~lsdoecli\/","name":"JV Tuonti","description":"JV Tuonti Oy:n verkkokauppa","publisher":{"@id":"https:\/\/hotelli03.domainhotelli.fi\/~lsdoecli\/#organization"},"potentialAction":[{"@type":"SearchAction","target":{"@type":"EntryPoint","urlTemplate":"https:\/\/hotelli03.domainhotelli.fi\/~lsdoecli\/?s={search_term_string}"},"query-input":"required name=search_term_string"}],"inLanguage":"fi"},{"@type":"ImageObject","inLanguage":"fi","@id":"https:\/\/hotelli03.domainhotelli.fi\/~lsdoecli\/tuote\/timanttikuppilaikka-salmiakki-150-mm-jvt\/#primaryimage","url":"https:\/\/hotelli03.domainhotelli.fi\/~lsdoecli\/wp-content\/uploads\/2022\/02\/JVT-Timanttikuppilaikka-salmiakki-150-mm--scaled.jpg","contentUrl":"https:\/\/hotelli03.domainhotelli.fi\/~lsdoecli\/wp-content\/uploads\/2022\/02\/JVT-Timanttikuppilaikka-salmiakki-150-mm--scaled.jpg","width":2560,"height":2519,"caption":"Timanttikuppilaikka Salmiakki 150 mm JVT"},{"@type":"WebPage","@id":"https:\/\/hotelli03.domainhotelli.fi\/~lsdoecli\/tuote\/timanttikuppilaikka-salmiakki-150-mm-jvt\/","url":"https:\/\/hotelli03.domainhotelli.fi\/~lsdoecli\/tuote\/timanttikuppilaikka-salmiakki-150-mm-jvt\/","name":"JVT timanttikuppilaikka Salmiakki 150 mm | JV Tuonti","isPartOf":{"@id":"https:\/\/hotelli03.domainhotelli.fi\/~lsdoecli\/#website"},"primaryImageOfPage":{"@id":"https:\/\/hotelli03.domainhotelli.fi\/~lsdoecli\/tuote\/timanttikuppilaikka-salmiakki-150-mm-jvt\/#primaryimage"},"datePublished":"2022-02-14T08:29:16+00:00","dateModified":"2022-02-14T18:00:35+00:00","description":"JVT timanttikuppilaikka Salmiakki 150 mm. Tehokas timanttilaikka tasoitteiden, epoksin ja vedeneristeiden hiontaan. Tilaa netist\u00e4!","breadcrumb":{"@id":"https:\/\/hotelli03.domainhotelli.fi\/~lsdoecli\/tuote\/timanttikuppilaikka-salmiakki-150-mm-jvt\/#breadcrumb"},"inLanguage":"fi","potentialAction":[{"@type":"ReadAction","target":["https:\/\/hotelli03.domainhotelli.fi\/~lsdoecli\/tuote\/timanttikuppilaikka-salmiakki-150-mm-jvt\/"]}]},{"@type":"BreadcrumbList","@id":"https:\/\/hotelli03.domainhotelli.fi\/~lsdoecli\/tuote\/timanttikuppilaikka-salmiakki-150-mm-jvt\/#breadcrumb","itemListElement":[{"@type":"ListItem","position":1,"name":"Etusivu","item":"https:\/\/hotelli03.domainhotelli.fi\/~lsdoecli\/"},{"@type":"ListItem","position":2,"name":"Kauppa","item":"https:\/\/hotelli03.domainhotelli.fi\/~lsdoecli\/kauppa\/"},{"@type":"ListItem","position":3,"name":"JVT timanttikuppilaikka Salmiakki 150 mm"}]},{"@type":"PostalAddress","@id":"https:\/\/hotelli03.domainhotelli.fi\/~lsdoecli\/tuote\/timanttikuppilaikka-salmiakki-150-mm-jvt\/#local-main-place-address","streetAddress":"Pyymosantie 5a","addressLocality":"Vantaa","postalCode":"01720","addressCountry":"FI"},{"@type":"ImageObject","inLanguage":"fi","@id":"https:\/\/hotelli03.domainhotelli.fi\/~lsdoecli\/tuote\/timanttikuppilaikka-salmiakki-150-mm-jvt\/#local-main-organization-logo","url":"https:\/\/hotelli03.domainhotelli.fi\/~lsdoecli\/wp-content\/uploads\/2021\/08\/JVTuonti_logo_nelio.jpg","contentUrl":"https:\/\/hotelli03.domainhotelli.fi\/~lsdoecli\/wp-content\/uploads\/2021\/08\/JVTuonti_logo_nelio.jpg","width":550,"height":550,"caption":"JV Tuonti Oy"}]},"product_brand":"JVT","product_price_amount":"93.25","product_price_currency":"EUR","og_availability":"instock","product_availability":"instock","product_retailer_item_id":"JVT150S PRO","product_condition":"new","geo.placename":"Vantaa","geo.position":{"lat":"60.28431","long":"24.81654"},"geo.region":"Suomi"},"_links":{"self":[{"href":"https:\/\/hotelli03.domainhotelli.fi\/~lsdoecli\/wp-json\/wp\/v2\/product\/9595"}],"collection":[{"href":"https:\/\/hotelli03.domainhotelli.fi\/~lsdoecli\/wp-json\/wp\/v2\/product"}],"about":[{"href":"https:\/\/hotelli03.domainhotelli.fi\/~lsdoecli\/wp-json\/wp\/v2\/types\/product"}],"replies":[{"embeddable":true,"href":"https:\/\/hotelli03.domainhotelli.fi\/~lsdoecli\/wp-json\/wp\/v2\/comments?post=9595"}],"wp:featuredmedia":[{"embeddable":true,"href":"https:\/\/hotelli03.domainhotelli.fi\/~lsdoecli\/wp-json\/wp\/v2\/media\/9533"}],"wp:attachment":[{"href":"https:\/\/hotelli03.domainhotelli.fi\/~lsdoecli\/wp-json\/wp\/v2\/media?parent=9595"}],"wp:term":[{"taxonomy":"product_cat","embeddable":true,"href":"https:\/\/hotelli03.domainhotelli.fi\/~lsdoecli\/wp-json\/wp\/v2\/product_cat?post=9595"},{"taxonomy":"product_tag","embeddable":true,"href":"https:\/\/hotelli03.domainhotelli.fi\/~lsdoecli\/wp-json\/wp\/v2\/product_tag?post=9595"}],"curies":[{"name":"wp","href":"https:\/\/api.w.org\/{rel}","templated":true}]}}