{"id":9357,"date":"2022-02-06T14:39:15","date_gmt":"2022-02-06T14:39:15","guid":{"rendered":"https:\/\/hotelli03.domainhotelli.fi\/~lsdoecli\/?post_type=product&#038;p=9357"},"modified":"2022-03-15T07:35:20","modified_gmt":"2022-03-15T07:35:20","slug":"celenit-akustiikkalevy-ab-puukuitu-2-mm-kuidulla","status":"publish","type":"product","link":"https:\/\/hotelli03.domainhotelli.fi\/~lsdoecli\/tuote\/celenit-akustiikkalevy-ab-puukuitu-2-mm-kuidulla\/","title":{"rendered":"Celenit-akustiikkalevy AB puukuitu 2 mm kuidulla"},"content":{"rendered":"<h1>Celenit-akustiikkalevy AB puukuitu 2 mm kuidulla<\/h1>\n<p>Celenit-akustiikkalevy puukuidusta, jolla on erinomainen \u00e4\u00e4nenvaimennuskyky ja on sertifioitu \u03b1w 0,95 asti.<\/p>\n<p>L\u00e4mm\u00f6n\u00f6eristys- ja akustiikkalevy mineralisoidusta ohuesta 2 mm leve\u00e4st\u00e4 puukuidusta, joka on sidottu valkoisella portlandsementill\u00e4. Celenit levyt ovat eritt\u00e4in laadukkaita sisustus- ja akustiikkalevyj\u00e4. T\u00e4ytt\u00e4\u00e4 standardien EN 13168 ja EN 13964 vaatimukset.<\/p>\n<p>Sertifikaatit:<\/p>\n<ul>\n<li>Anab-Icean ja Natureplus sertifioimia, ekologinen materiaali ja valmistusprosessi<\/li>\n<li>CelenitABE on PEFC\u2122-sertifioitu. Saatavana my\u00f6s FSC\u00ae-sertifioinnilla.<\/li>\n<\/ul>\n<p>Ohuen koostumuksensa ja ainutlaatuisen tiiveytens\u00e4, \u00a0kest\u00e4vyyden ja mekaanisen lujuutensa ansiosta Celenit-akustiikkalevy AB puukuitudusta on ihanteellinen materiaali, kun haetaan esteettist\u00e4 ulkon\u00e4k\u00f6\u00e4 ja \u00e4\u00e4nt\u00e4 vaimentavaa pintamateriaalia, jolla on optimaalinen paloreaktio, iskunkest\u00e4vyys ja s\u00e4ilytt\u00e4\u00e4 muotonsa joutuessaan kosketukseen kosteuden kanssa.<\/p>\n<h2><strong>Celenit-akustiikkalevyn ominaisuudet<\/strong><\/h2>\n<ul>\n<li>miellytt\u00e4v\u00e4 ulkon\u00e4k\u00f6<\/li>\n<li>erinomainen \u00e4\u00e4nenvaimennusteho<\/li>\n<li>saatavilla eri reunamuodoilla ja v\u00e4reill\u00e4<\/li>\n<li>palonkest\u00e4v\u00e4 akustiikkalevy<\/li>\n<li>kosteudenkest\u00e4v\u00e4 levy<\/li>\n<li>iskun ja pallon iskunkest\u00e4v\u00e4 akustiikkalevy<\/li>\n<li>veden- ja pakkasenkest\u00e4v\u00e4<\/li>\n<li>ymp\u00e4rist\u00f6yst\u00e4v\u00e4llinen<\/li>\n<\/ul>\n<h2>Celenit-akustiikkalevyn AB k\u00e4ytt\u00f6kohteet<\/h2>\n<ul>\n<li>sis\u00e4katot<\/li>\n<li>sein\u00e4t<\/li>\n<li>Baffle ja Raft<\/li>\n<li>design ratkaisut<\/li>\n<\/ul>\n<h2>Celinit AB akustiikkalevyn asennusvaihtoehdot ja reunamuodot<\/h2>\n<p>Puukuituakustiikkalevy voidaan asentaa joko ruuveilla tai T-listalla.<\/p>\n<p>Celenit-akustiikkaley AB voidaan kiinnitt\u00e4\u00e4 ruuvikiinnityksell\u00e4 levyn takana olevaan ter\u00e4runkoon tai puurunkoon alakattohin ja sein\u00e4pintoihin.<\/p>\n<p>Ruuvikiinnityksell\u00e4 Celenit puukuituakustiikkalevy alakattoihin on saatavilla alla seuraavilla reunamuodoilla:<\/p>\n<ul>\n<li>suorareuna D<\/li>\n<li>viistetty reuna kaikilla sivuilla S4<\/li>\n<li>varjoura kaikilla sivuilla RD<\/li>\n<\/ul>\n<p>Sein\u00e4kiinnityksiin puukuitu-akustiikkalevy<\/p>\n<p>T-lista asennukselle Celenit-akustiikkalevy AB voidaan asentaa n\u00e4kyv\u00e4lle T24 tai T35 listalle tai piilokiinnitteiselle T35 listalle seuraaville reunamuodoilla:<\/p>\n<ul>\n<li>suora reuna, n\u00e4kyv\u00e4 T24 lista DT<\/li>\n<li>suora reuna, n\u00e4kyv\u00e4 T35 lista T<\/li>\n<li>varjoura kaikilla sivuilla, n\u00e4kyv\u00e4 T24 lista RDT<\/li>\n<li>varjoura ja viistetty reuna kaikilla sivuilla, n\u00e4kyv\u00e4 T24 lista RST<\/li>\n<li>viistetty reuna kaikilla sivuilla, piilokiinnitys T35 lista PS<\/li>\n<li>viistetty reuna kaikilla sivuilla, piilokiinnitys T35 lista, avattava alakatto PM<\/li>\n<\/ul>\n<div id=\"wdgDatoExtra_Class-SchedeProdottoProdottoAcusticaFiltroApplicazioni\">\n<div>\n<div id=\"wdgDatoExtra_Class-SchedeProdottoProdottoAcusticaImpieghi\">\n<div class=\"SchedeProdottoProdottoAcusticaImpieghi_Riga RigaModulo\">\n<h3>Celenit AB puukuituakustiikkalevyn tekniset tiedot<\/h3>\n<\/div>\n<\/div>\n<\/div>\n<\/div>\n<ul>\n<li>Levy koko 600 x 600, 1200 x 600, 2000 x 600 ja 2400 x 600 mm<\/li>\n<li>levypaksuus 15, 25 ja 35 mm<\/li>\n<li>paloluokitus\u00a0Euroclass B-s1, d0<\/li>\n<li>valmistaja: <a href=\"https:\/\/www.celenit.com\">Celenit<\/a><\/li>\n<\/ul>\n<p>&nbsp;<\/p>\n<p><a href=\"https:\/\/hotelli03.domainhotelli.fi\/~lsdoecli\/wp-content\/uploads\/2022\/02\/CELENIT-AB-grafico-842.png\"><img loading=\"lazy\" class=\"alignnone wp-image-9388 size-full\" src=\"https:\/\/hotelli03.domainhotelli.fi\/~lsdoecli\/wp-content\/uploads\/2022\/02\/CELENIT-AB-grafico-842.png\" alt=\"Celenit akustiikkalevy AB akustiset arvot\" width=\"349\" height=\"190\" \/><\/a><\/p>\n<p>1- Suorakiinnitys\u00a0<strong>\u03b1<sub>w<\/sub>\u00a00.60 asti<\/strong><br \/>\n2- Kiinnitys ilmaraon kanssa\u00a0<strong>\u03b1<sub>w<\/sub>\u00a0 0.65 asti<\/strong><br \/>\n3- Akustiikkalevyn takapuolella villa\u00a0<strong>\u03b1<sub>w<\/sub>\u00a00.95 asti<\/strong><\/p>\n<h2>Celenit-akustiikkalevyn AB varastointi, k\u00e4ytt\u00f6 ja huolto<\/h2>\n<div id=\"wdgDatoExtra_Class-SchedeProdottoProdottoAcusticaFiltroApplicazioni\">\n<p>S\u00e4ilyt\u00e4 levyt lavalla, suoralla pohjalla, suojattuna sateelta ja suoralta auringonvalolta. K\u00e4sittele lavoja varovasti ty\u00f6maalla. Lavan kulmien t\u00f6rm\u00e4ily, voi vaurioittaa levyj\u00e4. Tarkemmat ohjeet l\u00f6yd\u00e4t ladattavasta \u201cStorage, use and maintainance\u201d tiedostosta osoitteesta www.celenit.com<\/p>\n<p>CELENIT-akustiikkalevyt ovat mittapysyvi\u00e4 (EN 13168), mutta levyjen on annettava sopeutua huoneilmaan ennen asennusta. Levyt asennetaan sen j\u00e4lkeen kun kohteen kaikki betonity\u00f6t on tehyt, ovet ja ikkunat on asennettu ja l\u00e4mmitys ja IV laitteet on asennettu. Asennuksen aikana ja sen j\u00e4lkeen huoneen l\u00e4mp\u00f6tila ei saamuuttua. \u00c4l\u00e4 s\u00e4\u00e4d\u00e4 huoneenl\u00e4mp\u00f6tilaa heti asennuksen j\u00e4lkeen.<\/p>\n<p>Akustiikkalevyss\u00e4 kaksi puolta, toinen pinta j\u00e4\u00e4 n\u00e4kyviin ja levyjen takapuoli asennetaan runkoa vasten. Levyjen takapuolella on yleens\u00e4 CELENIT logo tai mittausmerkint\u00f6j\u00e4. Levyjn etupuoli voi olla v\u00e4rillinen ja\/tai siin\u00e4 on reunamuotoja.<\/p>\n<p>Mik\u00e4li levyss\u00e4 ei ole v\u00e4rj\u00e4tty\u00e4 puolta tai reunamuotoja tunnistat etupuolen siit\u00e4 miten levyt on asetettu lavalle: levyjen etupuoli osoittaa yl\u00f6sp\u00e4in ja takapuoli kohti lavaa.<\/p>\n<p>Maalamattomien akustiikkalevyjen v\u00e4ris\u00e4vy voi vaihdella, mik\u00e4 johtuu levyjen luonnollisesti valmistusprosessista ja raaka-aineista. Ainoastaan maalatuilla levyill\u00e4 on tasainen v\u00e4ris\u00e4vy.<\/p>\n<\/div>\n<h2>Pyyd\u00e4 projektikohtainen tarjouspyynt\u00f6 &#8211; meilt\u00e4 my\u00f6s akustiikkalevyjen asennus ja suunnittelupalvelu<\/h2>\n<p>Pyyd\u00e4 projektikohtainen tarjous tai kysy lis\u00e4tietoa akustiikkalevyn eri v\u00e4rivaihtoehtoista ja reunamuodoista myynti@hotelli03.domainhotelli.fi<\/p>\n","protected":false},"excerpt":{"rendered":"<p>Puukuitu akustiikkalevy, jolla on erinomainen \u00e4\u00e4nenvaimennuskyky ja on sertifioitu \u03b1w 0,95 asti.<\/p>\n<p>L\u00e4mp\u00f6- ja akustiikkalevy mineralisoidusta ohuesta 2 mm leve\u00e4st\u00e4 puukuidusta, joka on sidottu valkoisella portlandsementill\u00e4. Eritt\u00e4in laadukkaat Celenit sisustus- ja akustiikkalevyt tilojen \u00e4\u00e4nenvaimennukseen.<\/p>\n<p>Akustiikkalevy on t\u00e4ytt\u00e4\u00e4 standardien 13168 ja EN 13964 vaatimukset.<\/p>\n<h4>Pyyd\u00e4 projektikohtainen tarjouspyynt\u00f6 &#8211; meilt\u00e4 my\u00f6s akustiikkalevyjen asennus ja suunnittelupalvelu<\/h4>\n<p>Pyyd\u00e4 projektikohtainen tarjous tai kysy lis\u00e4tietoa akustiikkalevyn eri v\u00e4rivaihtoehtoista ja reunamuodoista myynti@hotelli03.domainhotelli.fi<\/p>\n<p>Saatavilla eri v\u00e4ris\u00e4vyill\u00e4, eri paksuudella ja eri reunamuodoilla.<\/p>\n","protected":false},"featured_media":9390,"comment_status":"open","ping_status":"closed","template":"","meta":[],"product_cat":[987],"product_tag":[1082,1089,1088,1087,1081],"yoast_head":"<!-- This site is optimized with the Yoast SEO Premium plugin v18.9 (Yoast SEO v19.3) - https:\/\/yoast.com\/wordpress\/plugins\/seo\/ -->\n<title>Celenit-akustiikkalevy AB puukuitu 2 mm kuidulla<\/title>\n<meta name=\"description\" content=\"Celenit ABE puukuitu akustiikkalevy 1 mm kuidulla. \u00c4\u00e4nenvaimennuskyky \u03b1w 1,00 asti. Ekologinen ja sis\u00e4ilmaluokiteltu sis\u00e4kattolevy.\" \/>\n<meta name=\"robots\" content=\"index, follow, max-snippet:-1, max-image-preview:large, max-video-preview:-1\" \/>\n<link rel=\"canonical\" href=\"https:\/\/hotelli03.domainhotelli.fi\/~lsdoecli\/tuote\/celenit-akustiikkalevy-ab-puukuitu-2-mm-kuidulla\/\" \/>\n<meta property=\"og:locale\" content=\"fi_FI\" \/>\n<meta property=\"og:type\" content=\"article\" \/>\n<meta property=\"og:title\" content=\"Celenit-akustiikkalevy AB puukuitu 2 mm kuidulla\" \/>\n<meta property=\"og:description\" content=\"Celenit ABE puukuitu akustiikkalevy 1 mm kuidulla. \u00c4\u00e4nenvaimennuskyky \u03b1w 1,00 asti. Ekologinen ja sis\u00e4ilmaluokiteltu sis\u00e4kattolevy.\" \/>\n<meta property=\"og:url\" content=\"https:\/\/hotelli03.domainhotelli.fi\/~lsdoecli\/tuote\/celenit-akustiikkalevy-ab-puukuitu-2-mm-kuidulla\/\" \/>\n<meta property=\"og:site_name\" content=\"JV Tuonti\" \/>\n<meta property=\"article:publisher\" content=\"https:\/\/www.facebook.com\/JVTuontiOy\" \/>\n<meta property=\"article:modified_time\" content=\"2022-03-15T07:35:20+00:00\" \/>\n<meta property=\"og:image\" content=\"https:\/\/hotelli03.domainhotelli.fi\/~lsdoecli\/wp-content\/uploads\/2022\/02\/celenit_ab-25-773-Zoom.jpeg\" \/>\n\t<meta property=\"og:image:width\" content=\"1000\" \/>\n\t<meta property=\"og:image:height\" content=\"800\" \/>\n\t<meta property=\"og:image:type\" content=\"image\/jpeg\" \/>\n<meta name=\"twitter:card\" content=\"summary_large_image\" \/>\n<meta name=\"twitter:label1\" content=\"Availability\" \/>\n\t<meta name=\"twitter:data1\" content=\"On backorder\" \/>\n<script type=\"application\/ld+json\" class=\"yoast-schema-graph\">{\"@context\":\"https:\/\/schema.org\",\"@graph\":[{\"@type\":[\"Organization\",\"Place\",\"WholesaleStore\"],\"@id\":\"https:\/\/hotelli03.domainhotelli.fi\/~lsdoecli\/#organization\",\"name\":\"JV Tuonti Oy\",\"url\":\"https:\/\/hotelli03.domainhotelli.fi\/~lsdoecli\/\",\"sameAs\":[\"https:\/\/instagram.com\/jvtuontioy?utm_medium=copy_link\",\"https:\/\/www.facebook.com\/JVTuontiOy\"],\"logo\":{\"@id\":\"https:\/\/hotelli03.domainhotelli.fi\/~lsdoecli\/tuote\/celenit-akustiikkalevy-ab-puukuitu-2-mm-kuidulla\/#local-main-organization-logo\"},\"image\":{\"@id\":\"https:\/\/hotelli03.domainhotelli.fi\/~lsdoecli\/tuote\/celenit-akustiikkalevy-ab-puukuitu-2-mm-kuidulla\/#local-main-organization-logo\"},\"address\":{\"@id\":\"https:\/\/hotelli03.domainhotelli.fi\/~lsdoecli\/tuote\/celenit-akustiikkalevy-ab-puukuitu-2-mm-kuidulla\/#local-main-place-address\"},\"geo\":{\"@type\":\"GeoCoordinates\",\"latitude\":\"60.28431\",\"longitude\":\"24.81654\"},\"telephone\":[\"0408369980\"],\"openingHoursSpecification\":[{\"@type\":\"OpeningHoursSpecification\",\"dayOfWeek\":[\"Monday\",\"Tuesday\",\"Wednesday\",\"Thursday\",\"Friday\"],\"opens\":\"08:00\",\"closes\":\"16:00\"},{\"@type\":\"OpeningHoursSpecification\",\"dayOfWeek\":[\"Saturday\",\"Sunday\"],\"opens\":\"00:00\",\"closes\":\"00:00\"}],\"email\":\"myynti@hotelli03.domainhotelli.fi\",\"areaServed\":\"Suomi, Ruotsi\",\"vatID\":\"FI30178387\",\"priceRange\":\"$$\",\"currenciesAccepted\":\"\u20ac\",\"paymentAccepted\":\"Lasku, pankkikortti\"},{\"@type\":\"WebSite\",\"@id\":\"https:\/\/hotelli03.domainhotelli.fi\/~lsdoecli\/#website\",\"url\":\"https:\/\/hotelli03.domainhotelli.fi\/~lsdoecli\/\",\"name\":\"JV Tuonti\",\"description\":\"JV Tuonti Oy:n verkkokauppa\",\"publisher\":{\"@id\":\"https:\/\/hotelli03.domainhotelli.fi\/~lsdoecli\/#organization\"},\"potentialAction\":[{\"@type\":\"SearchAction\",\"target\":{\"@type\":\"EntryPoint\",\"urlTemplate\":\"https:\/\/hotelli03.domainhotelli.fi\/~lsdoecli\/?s={search_term_string}\"},\"query-input\":\"required name=search_term_string\"}],\"inLanguage\":\"fi\"},{\"@type\":\"ImageObject\",\"inLanguage\":\"fi\",\"@id\":\"https:\/\/hotelli03.domainhotelli.fi\/~lsdoecli\/tuote\/celenit-akustiikkalevy-ab-puukuitu-2-mm-kuidulla\/#primaryimage\",\"url\":\"https:\/\/hotelli03.domainhotelli.fi\/~lsdoecli\/wp-content\/uploads\/2022\/02\/celenit_ab-25-773-Zoom.jpeg\",\"contentUrl\":\"https:\/\/hotelli03.domainhotelli.fi\/~lsdoecli\/wp-content\/uploads\/2022\/02\/celenit_ab-25-773-Zoom.jpeg\",\"width\":1000,\"height\":800,\"caption\":\"Celenit-akustiikkalevy AB puukuidusta 2 mm kuidulla\"},{\"@type\":\"WebPage\",\"@id\":\"https:\/\/hotelli03.domainhotelli.fi\/~lsdoecli\/tuote\/celenit-akustiikkalevy-ab-puukuitu-2-mm-kuidulla\/\",\"url\":\"https:\/\/hotelli03.domainhotelli.fi\/~lsdoecli\/tuote\/celenit-akustiikkalevy-ab-puukuitu-2-mm-kuidulla\/\",\"name\":\"Celenit-akustiikkalevy AB puukuitu 2 mm kuidulla\",\"isPartOf\":{\"@id\":\"https:\/\/hotelli03.domainhotelli.fi\/~lsdoecli\/#website\"},\"primaryImageOfPage\":{\"@id\":\"https:\/\/hotelli03.domainhotelli.fi\/~lsdoecli\/tuote\/celenit-akustiikkalevy-ab-puukuitu-2-mm-kuidulla\/#primaryimage\"},\"datePublished\":\"2022-02-06T14:39:15+00:00\",\"dateModified\":\"2022-03-15T07:35:20+00:00\",\"description\":\"Celenit ABE puukuitu akustiikkalevy 1 mm kuidulla. \u00c4\u00e4nenvaimennuskyky \u03b1w 1,00 asti. Ekologinen ja sis\u00e4ilmaluokiteltu sis\u00e4kattolevy.\",\"breadcrumb\":{\"@id\":\"https:\/\/hotelli03.domainhotelli.fi\/~lsdoecli\/tuote\/celenit-akustiikkalevy-ab-puukuitu-2-mm-kuidulla\/#breadcrumb\"},\"inLanguage\":\"fi\",\"potentialAction\":[{\"@type\":\"ReadAction\",\"target\":[\"https:\/\/hotelli03.domainhotelli.fi\/~lsdoecli\/tuote\/celenit-akustiikkalevy-ab-puukuitu-2-mm-kuidulla\/\"]}]},{\"@type\":\"BreadcrumbList\",\"@id\":\"https:\/\/hotelli03.domainhotelli.fi\/~lsdoecli\/tuote\/celenit-akustiikkalevy-ab-puukuitu-2-mm-kuidulla\/#breadcrumb\",\"itemListElement\":[{\"@type\":\"ListItem\",\"position\":1,\"name\":\"Etusivu\",\"item\":\"https:\/\/hotelli03.domainhotelli.fi\/~lsdoecli\/\"},{\"@type\":\"ListItem\",\"position\":2,\"name\":\"Kauppa\",\"item\":\"https:\/\/hotelli03.domainhotelli.fi\/~lsdoecli\/kauppa\/\"},{\"@type\":\"ListItem\",\"position\":3,\"name\":\"Celenit-akustiikkalevy AB puukuitu 2 mm kuidulla\"}]},{\"@type\":\"PostalAddress\",\"@id\":\"https:\/\/hotelli03.domainhotelli.fi\/~lsdoecli\/tuote\/celenit-akustiikkalevy-ab-puukuitu-2-mm-kuidulla\/#local-main-place-address\",\"streetAddress\":\"Pyymosantie 5a\",\"addressLocality\":\"Vantaa\",\"postalCode\":\"01720\",\"addressCountry\":\"FI\"},{\"@type\":\"ImageObject\",\"inLanguage\":\"fi\",\"@id\":\"https:\/\/hotelli03.domainhotelli.fi\/~lsdoecli\/tuote\/celenit-akustiikkalevy-ab-puukuitu-2-mm-kuidulla\/#local-main-organization-logo\",\"url\":\"https:\/\/hotelli03.domainhotelli.fi\/~lsdoecli\/wp-content\/uploads\/2021\/08\/JVTuonti_logo_nelio.jpg\",\"contentUrl\":\"https:\/\/hotelli03.domainhotelli.fi\/~lsdoecli\/wp-content\/uploads\/2021\/08\/JVTuonti_logo_nelio.jpg\",\"width\":550,\"height\":550,\"caption\":\"JV Tuonti Oy\"}]}<\/script>\n<meta property=\"og:availability\" content=\"backorder\" \/>\n<meta property=\"product:availability\" content=\"available for order\" \/>\n<meta property=\"product:condition\" content=\"new\" \/>\n<meta name=\"geo.placename\" content=\"Vantaa\" \/>\n<meta name=\"geo.position\" content=\"60.28431;24.81654\" \/>\n<meta name=\"geo.region\" content=\"Suomi\" \/>\n<!-- \/ Yoast SEO Premium plugin. -->","yoast_head_json":{"title":"Celenit-akustiikkalevy AB puukuitu 2 mm kuidulla","description":"Celenit ABE puukuitu akustiikkalevy 1 mm kuidulla. \u00c4\u00e4nenvaimennuskyky \u03b1w 1,00 asti. Ekologinen ja sis\u00e4ilmaluokiteltu sis\u00e4kattolevy.","robots":{"index":"index","follow":"follow","max-snippet":"max-snippet:-1","max-image-preview":"max-image-preview:large","max-video-preview":"max-video-preview:-1"},"canonical":"https:\/\/hotelli03.domainhotelli.fi\/~lsdoecli\/tuote\/celenit-akustiikkalevy-ab-puukuitu-2-mm-kuidulla\/","og_locale":"fi_FI","og_type":"article","og_title":"Celenit-akustiikkalevy AB puukuitu 2 mm kuidulla","og_description":"Celenit ABE puukuitu akustiikkalevy 1 mm kuidulla. \u00c4\u00e4nenvaimennuskyky \u03b1w 1,00 asti. Ekologinen ja sis\u00e4ilmaluokiteltu sis\u00e4kattolevy.","og_url":"https:\/\/hotelli03.domainhotelli.fi\/~lsdoecli\/tuote\/celenit-akustiikkalevy-ab-puukuitu-2-mm-kuidulla\/","og_site_name":"JV Tuonti","article_publisher":"https:\/\/www.facebook.com\/JVTuontiOy","article_modified_time":"2022-03-15T07:35:20+00:00","og_image":[{"width":1000,"height":800,"url":"https:\/\/hotelli03.domainhotelli.fi\/~lsdoecli\/wp-content\/uploads\/2022\/02\/celenit_ab-25-773-Zoom.jpeg","type":"image\/jpeg"}],"twitter_card":"summary_large_image","twitter_misc":{"Availability":"On backorder"},"schema":{"@context":"https:\/\/schema.org","@graph":[{"@type":["Organization","Place","WholesaleStore"],"@id":"https:\/\/hotelli03.domainhotelli.fi\/~lsdoecli\/#organization","name":"JV Tuonti Oy","url":"https:\/\/hotelli03.domainhotelli.fi\/~lsdoecli\/","sameAs":["https:\/\/instagram.com\/jvtuontioy?utm_medium=copy_link","https:\/\/www.facebook.com\/JVTuontiOy"],"logo":{"@id":"https:\/\/hotelli03.domainhotelli.fi\/~lsdoecli\/tuote\/celenit-akustiikkalevy-ab-puukuitu-2-mm-kuidulla\/#local-main-organization-logo"},"image":{"@id":"https:\/\/hotelli03.domainhotelli.fi\/~lsdoecli\/tuote\/celenit-akustiikkalevy-ab-puukuitu-2-mm-kuidulla\/#local-main-organization-logo"},"address":{"@id":"https:\/\/hotelli03.domainhotelli.fi\/~lsdoecli\/tuote\/celenit-akustiikkalevy-ab-puukuitu-2-mm-kuidulla\/#local-main-place-address"},"geo":{"@type":"GeoCoordinates","latitude":"60.28431","longitude":"24.81654"},"telephone":["0408369980"],"openingHoursSpecification":[{"@type":"OpeningHoursSpecification","dayOfWeek":["Monday","Tuesday","Wednesday","Thursday","Friday"],"opens":"08:00","closes":"16:00"},{"@type":"OpeningHoursSpecification","dayOfWeek":["Saturday","Sunday"],"opens":"00:00","closes":"00:00"}],"email":"myynti@hotelli03.domainhotelli.fi","areaServed":"Suomi, Ruotsi","vatID":"FI30178387","priceRange":"$$","currenciesAccepted":"\u20ac","paymentAccepted":"Lasku, pankkikortti"},{"@type":"WebSite","@id":"https:\/\/hotelli03.domainhotelli.fi\/~lsdoecli\/#website","url":"https:\/\/hotelli03.domainhotelli.fi\/~lsdoecli\/","name":"JV Tuonti","description":"JV Tuonti Oy:n verkkokauppa","publisher":{"@id":"https:\/\/hotelli03.domainhotelli.fi\/~lsdoecli\/#organization"},"potentialAction":[{"@type":"SearchAction","target":{"@type":"EntryPoint","urlTemplate":"https:\/\/hotelli03.domainhotelli.fi\/~lsdoecli\/?s={search_term_string}"},"query-input":"required name=search_term_string"}],"inLanguage":"fi"},{"@type":"ImageObject","inLanguage":"fi","@id":"https:\/\/hotelli03.domainhotelli.fi\/~lsdoecli\/tuote\/celenit-akustiikkalevy-ab-puukuitu-2-mm-kuidulla\/#primaryimage","url":"https:\/\/hotelli03.domainhotelli.fi\/~lsdoecli\/wp-content\/uploads\/2022\/02\/celenit_ab-25-773-Zoom.jpeg","contentUrl":"https:\/\/hotelli03.domainhotelli.fi\/~lsdoecli\/wp-content\/uploads\/2022\/02\/celenit_ab-25-773-Zoom.jpeg","width":1000,"height":800,"caption":"Celenit-akustiikkalevy AB puukuidusta 2 mm kuidulla"},{"@type":"WebPage","@id":"https:\/\/hotelli03.domainhotelli.fi\/~lsdoecli\/tuote\/celenit-akustiikkalevy-ab-puukuitu-2-mm-kuidulla\/","url":"https:\/\/hotelli03.domainhotelli.fi\/~lsdoecli\/tuote\/celenit-akustiikkalevy-ab-puukuitu-2-mm-kuidulla\/","name":"Celenit-akustiikkalevy AB puukuitu 2 mm kuidulla","isPartOf":{"@id":"https:\/\/hotelli03.domainhotelli.fi\/~lsdoecli\/#website"},"primaryImageOfPage":{"@id":"https:\/\/hotelli03.domainhotelli.fi\/~lsdoecli\/tuote\/celenit-akustiikkalevy-ab-puukuitu-2-mm-kuidulla\/#primaryimage"},"datePublished":"2022-02-06T14:39:15+00:00","dateModified":"2022-03-15T07:35:20+00:00","description":"Celenit ABE puukuitu akustiikkalevy 1 mm kuidulla. \u00c4\u00e4nenvaimennuskyky \u03b1w 1,00 asti. Ekologinen ja sis\u00e4ilmaluokiteltu sis\u00e4kattolevy.","breadcrumb":{"@id":"https:\/\/hotelli03.domainhotelli.fi\/~lsdoecli\/tuote\/celenit-akustiikkalevy-ab-puukuitu-2-mm-kuidulla\/#breadcrumb"},"inLanguage":"fi","potentialAction":[{"@type":"ReadAction","target":["https:\/\/hotelli03.domainhotelli.fi\/~lsdoecli\/tuote\/celenit-akustiikkalevy-ab-puukuitu-2-mm-kuidulla\/"]}]},{"@type":"BreadcrumbList","@id":"https:\/\/hotelli03.domainhotelli.fi\/~lsdoecli\/tuote\/celenit-akustiikkalevy-ab-puukuitu-2-mm-kuidulla\/#breadcrumb","itemListElement":[{"@type":"ListItem","position":1,"name":"Etusivu","item":"https:\/\/hotelli03.domainhotelli.fi\/~lsdoecli\/"},{"@type":"ListItem","position":2,"name":"Kauppa","item":"https:\/\/hotelli03.domainhotelli.fi\/~lsdoecli\/kauppa\/"},{"@type":"ListItem","position":3,"name":"Celenit-akustiikkalevy AB puukuitu 2 mm kuidulla"}]},{"@type":"PostalAddress","@id":"https:\/\/hotelli03.domainhotelli.fi\/~lsdoecli\/tuote\/celenit-akustiikkalevy-ab-puukuitu-2-mm-kuidulla\/#local-main-place-address","streetAddress":"Pyymosantie 5a","addressLocality":"Vantaa","postalCode":"01720","addressCountry":"FI"},{"@type":"ImageObject","inLanguage":"fi","@id":"https:\/\/hotelli03.domainhotelli.fi\/~lsdoecli\/tuote\/celenit-akustiikkalevy-ab-puukuitu-2-mm-kuidulla\/#local-main-organization-logo","url":"https:\/\/hotelli03.domainhotelli.fi\/~lsdoecli\/wp-content\/uploads\/2021\/08\/JVTuonti_logo_nelio.jpg","contentUrl":"https:\/\/hotelli03.domainhotelli.fi\/~lsdoecli\/wp-content\/uploads\/2021\/08\/JVTuonti_logo_nelio.jpg","width":550,"height":550,"caption":"JV Tuonti Oy"}]},"og_availability":"backorder","product_availability":"available for order","product_condition":"new","geo.placename":"Vantaa","geo.position":{"lat":"60.28431","long":"24.81654"},"geo.region":"Suomi"},"_links":{"self":[{"href":"https:\/\/hotelli03.domainhotelli.fi\/~lsdoecli\/wp-json\/wp\/v2\/product\/9357"}],"collection":[{"href":"https:\/\/hotelli03.domainhotelli.fi\/~lsdoecli\/wp-json\/wp\/v2\/product"}],"about":[{"href":"https:\/\/hotelli03.domainhotelli.fi\/~lsdoecli\/wp-json\/wp\/v2\/types\/product"}],"replies":[{"embeddable":true,"href":"https:\/\/hotelli03.domainhotelli.fi\/~lsdoecli\/wp-json\/wp\/v2\/comments?post=9357"}],"wp:featuredmedia":[{"embeddable":true,"href":"https:\/\/hotelli03.domainhotelli.fi\/~lsdoecli\/wp-json\/wp\/v2\/media\/9390"}],"wp:attachment":[{"href":"https:\/\/hotelli03.domainhotelli.fi\/~lsdoecli\/wp-json\/wp\/v2\/media?parent=9357"}],"wp:term":[{"taxonomy":"product_cat","embeddable":true,"href":"https:\/\/hotelli03.domainhotelli.fi\/~lsdoecli\/wp-json\/wp\/v2\/product_cat?post=9357"},{"taxonomy":"product_tag","embeddable":true,"href":"https:\/\/hotelli03.domainhotelli.fi\/~lsdoecli\/wp-json\/wp\/v2\/product_tag?post=9357"}],"curies":[{"name":"wp","href":"https:\/\/api.w.org\/{rel}","templated":true}]}}