{"id":8908,"date":"2022-01-28T12:50:03","date_gmt":"2022-01-28T12:50:03","guid":{"rendered":"https:\/\/hotelli03.domainhotelli.fi\/~lsdoecli\/?post_type=product&#038;p=8908"},"modified":"2022-09-29T16:39:29","modified_gmt":"2022-09-29T16:39:29","slug":"musta-ffp2-maski-runbo-20-kpl-pakkaus","status":"publish","type":"product","link":"https:\/\/hotelli03.domainhotelli.fi\/~lsdoecli\/tuote\/musta-ffp2-maski-runbo-20-kpl-pakkaus\/","title":{"rendered":"Musta FFP2 maski Runbo, 20 kpl pakkaus"},"content":{"rendered":"<h1><strong>Musta <\/strong><strong>FFP2 maski\u00a0<\/strong><strong>Runbo, 20 kpl pakkauksessa\u00a0<\/strong><\/h1>\n<ul>\n<li>Hengityssuojaimen suojausaste: FFP2 (suojaa bakteereilta, viruksilta, hiukkasilta, p\u00f6lylt\u00e4)<\/li>\n<li>Runbo 2020 t\u00e4ytt\u00e4\u00e4 standardi EN149: 2001 + A1: 2009 vaatimukset<\/li>\n<li>Ilmoitettu laitos: <a href=\"https:\/\/ec.europa.eu\/growth\/tools-databases\/nando\/index.cfm?fuseaction=directive.nb&amp;body_type=NB&amp;refe_cd=EPOS_54826\">CE 1463<\/a><\/li>\n<li>venttiilit\u00f6n hengityssuojain<\/li>\n<li>maskissa on s\u00e4\u00e4dett\u00e4v\u00e4 nen\u00e4klipsi<\/li>\n<li>suomenkieliset ja ruotsinkieliset k\u00e4ytt\u00f6ohjeet, suomen- ja ruotsinkielinen pakkaus<\/li>\n<li><a href=\"https:\/\/hotelli03.domainhotelli.fi\/~lsdoecli\/faq\/runbo-2020-vaatimustenmukaisuusvakuutus\/\">EU vaatimuksenmukaisuusvakuutus<\/a><\/li>\n<\/ul>\n<h2>Tilaa FFP2 maski netist\u00e4 &#8211; testivoittaja suojaa hyvin koronavirukselta ja omikron variantilta<\/h2>\n<p>FFP2 suojausluokkan suojain suodattaa 94 % hengitysilman ep\u00e4puhtaidesta. Runbo maski suojaa mm. viruksilta, terveydelle vaarallisilta kiinteilt\u00e4 ja nestem\u00e4isilt\u00e4 hiukkasilta, siite- ja katup\u00f6lyilt\u00e4, sek\u00e4 rakennusp\u00f6lylt\u00e4.<\/p>\n<p>FFP2-luokan hengityssuojain suodattaa virukset, bakteerit ja muut ilmassa olevat ep\u00e4puhtaudet hengitysilmasta. Runbo maski istuu useimmille henkil\u00f6ille hyvin kasvoja vasten ja on sek\u00e4 testiryhm\u00e4n, ett\u00e4 asiakkaiden suosikki.<\/p>\n<p>Runbo FFP2 hengityssuojain valittiin Kaakkois-Suomen ammattikorkeakoulun testiryhm\u00e4ss\u00e4 parhaaksi suojaimeksi ja oli ainoa maski joka sai testiryhm\u00e4lt\u00e4 t\u00e4ydet pisteet: \u00a0&#8221;Muihin vertailtuna sopi parhaiten sovittajien kasvoille, tiivis ja silti miellytt\u00e4v\u00e4. Materiaalin pehmeys vaikuttanee asiaan. Arvosana 5&#8221;.<\/p>\n<h2><strong>FFP2-hengitysuojain Runbo soveltuu:<\/strong><\/h2>\n<ul>\n<li>terveydenhuollon k\u00e4ytt\u00f6\u00f6n<\/li>\n<li>jokap\u00e4iv\u00e4isen k\u00e4ytt\u00f6\u00f6n, suojautuminen viruksilta ty\u00f6paikalla, toimistossa, junassa ja bussissa, lentokoneessa, kaupassa<\/li>\n<li>teollisuuden k\u00e4ytt\u00f6\u00f6n<\/li>\n<li>rakennusty\u00f6maa k\u00e4ytt\u00f6\u00f6n<\/li>\n<li>suojautumiseen katu- ja siitep\u00f6lylt\u00e4, ilmansaasteilta<\/li>\n<\/ul>\n<h4><strong>K\u00e4ytt\u00f6ohje<\/strong><\/h4>\n<p>Lue pakkauksen k\u00e4ytt\u00f6ohje huolellisesti ja seuraa siin\u00e4 annettuja ohjeita. Varmista ett\u00e4 maski istuu tiivisti kasvoille, eik\u00e4 se vuoda sivuilta tai nen\u00e4klipsin kohdalla. Tiiveys tarkistetaan asettamalla molemmat k\u00e4det hengityssuojaimen ymp\u00e4rille ja hengitt\u00e4m\u00e4ll\u00e4 voimakkaasti sis\u00e4\u00e4n ja ulos. Jos maski vuotaa reunoilta tai nen\u00e4n alueelta, tunnet ilmavirtauksen. S\u00e4\u00e4d\u00e4 tarvittaessa kiinnitysnauhoja tiukemmaksi tai muotoile nen\u00e4pidikett\u00e4 uudelleen, niin ett\u00e4 se istuu paremmin ja on tiivis.<\/p>\n<div class=\"page\" title=\"Page 3\">\n<div class=\"layoutArea\">\n<div class=\"column\">\n<div class=\"page\" title=\"Page 3\">\n<div class=\"layoutArea\">\n<div class=\"column\">\n<p>Hengityssuojain auttaa suojautumaan terveydelle vaarallisilta pienhuikkasilta, mutta ei poista infektioiden ja sairauksien tartuntariski\u00e4 tai niille altistumista. V\u00e4\u00e4rink\u00e4ytt\u00f6 voi aiheuttaa altistumista sairauksille.<\/p>\n<\/div>\n<\/div>\n<\/div>\n<\/div>\n<\/div>\n<\/div>\n<p>&nbsp;<\/p>\n<h4>Runbo maskin tuotetiedot<\/h4>\n<ul>\n<li>Valmistaja: <a href=\"https:\/\/www.eaglemask.com\">Guizhou Eagle Technology Co., Ltd.<\/a><\/li>\n<li>Suojain malli: 2020<\/li>\n<li>Pakkaus: 20 kpl<\/li>\n<li>Tukkupakkaus: 2000 kpl<\/li>\n<li>EAN: 6973250740061<\/li>\n<\/ul>\n<p>&nbsp;<\/p>\n<p>Pyyd\u00e4 tarjous suuremmista erist\u00e4, kysy lis\u00e4\u00e4 <a href=\"mailto:myynti@hotelli03.domainhotelli.fi\">myynti@hotelli03.domainhotelli.fi<\/a>. Olemme hengityssuojaimien maahantuoja.<\/p>\n<p>Katso t\u00e4st\u00e4 muut hengityssuojaimet ja kasvomaskit:<\/p>\n<p><a href=\"https:\/\/hotelli03.domainhotelli.fi\/~lsdoecli\/tuote\/ffp2-luokan-hengityssuojain-sj7899-ilman-venttiilia-20-kpl\/\">FFP2-luokan hengityssuojain SJ7899 ilman venttiili\u00e4 20 kpl<\/a><\/p>\n<p><a href=\"https:\/\/hotelli03.domainhotelli.fi\/~lsdoecli\/tuote\/ffp2-hengityssuojain-sj7899v-venttiililla-20-kpl\/\">FFP2 hengityssuojain SJ7899V ventiilill\u00e4<\/a><\/p>\n<p><a href=\"https:\/\/hotelli03.domainhotelli.fi\/~lsdoecli\/tuote\/kirurginen-suu-nenasuojus-type-iir-50-kpl-tuoyouda\/\">Kirurginen suu-nen\u00e4suojus type IIR 50 kpl\u00a0<\/a><\/p>\n<p><a href=\"https:\/\/hotelli03.domainhotelli.fi\/~lsdoecli\/tuote\/musta-kasvomaski-kirurginen-10-kpl-iir-tuoyouda\/\">Musta kirurginen kasvomaski IIR Tuoyouda 10 kpl<\/a><\/p>\n","protected":false},"excerpt":{"rendered":"<p>Runbo FFP2 NR hengityssuojain malli 2020 &#8211; suojaa viruksila,\u00a0terveydelle vaarallisilta kiinteilt\u00e4 ja nestem\u00e4isilt\u00e4 hiukkasilta, siite- ja katup\u00f6lyilt\u00e4, sek\u00e4 rakennusp\u00f6lylt\u00e4.<\/p>\n<p>Hengityssuojaimet jotka soveltuvat Covid-19 (koronaviruksen ja delta viruksen) suojautumiseen ovat luokan FFP2 tai FFP3 luokan hengityssuojaimet.<\/p>\n<p>Testivoittaja Kaakkois-Suomen\u00a0ammattikorkeakoulu Oy, ainoa FFP2\u00a0hengityssuojain joka sai t\u00e4ydet pisteet.<\/p>\n<p>&nbsp;<\/p>\n","protected":false},"featured_media":8911,"comment_status":"open","ping_status":"closed","template":"","meta":[],"product_cat":[94],"product_tag":[243,241,239,757,817,240,145,242],"yoast_head":"<!-- This site is optimized with the Yoast SEO Premium plugin v18.9 (Yoast SEO v19.3) - https:\/\/yoast.com\/wordpress\/plugins\/seo\/ -->\n<title>Musta FFP2 maski Runbo, 20 kpl pakkaus<\/title>\n<meta name=\"description\" content=\"FFP2 maski Runbo, CE hyv\u00e4ksytty, 20kpl pakkaus. FFP2 hengityssuojain suojaa korona- ja omikronvirukselta. Tilaa FFP2 maski netist\u00e4!\" \/>\n<meta name=\"robots\" content=\"index, follow, max-snippet:-1, max-image-preview:large, max-video-preview:-1\" \/>\n<link rel=\"canonical\" href=\"https:\/\/hotelli03.domainhotelli.fi\/~lsdoecli\/tuote\/musta-ffp2-maski-runbo-20-kpl-pakkaus\/\" \/>\n<meta property=\"og:locale\" content=\"fi_FI\" \/>\n<meta property=\"og:type\" content=\"article\" \/>\n<meta property=\"og:title\" content=\"Musta FFP2 maski Runbo, 20 kpl pakkaus\" \/>\n<meta property=\"og:description\" content=\"FFP2 maski Runbo, CE hyv\u00e4ksytty, 20kpl pakkaus. FFP2 hengityssuojain suojaa korona- ja omikronvirukselta. Tilaa FFP2 maski netist\u00e4!\" \/>\n<meta property=\"og:url\" content=\"https:\/\/hotelli03.domainhotelli.fi\/~lsdoecli\/tuote\/musta-ffp2-maski-runbo-20-kpl-pakkaus\/\" \/>\n<meta property=\"og:site_name\" content=\"JV Tuonti\" \/>\n<meta property=\"article:publisher\" content=\"https:\/\/www.facebook.com\/JVTuontiOy\" \/>\n<meta property=\"article:modified_time\" content=\"2022-09-29T16:39:29+00:00\" \/>\n<meta property=\"og:image\" content=\"https:\/\/hotelli03.domainhotelli.fi\/~lsdoecli\/wp-content\/uploads\/2022\/01\/Runbo-FFP2-hengityssuojain-musta-scaled.jpg\" \/>\n\t<meta property=\"og:image:width\" content=\"1920\" \/>\n\t<meta property=\"og:image:height\" content=\"2560\" \/>\n\t<meta property=\"og:image:type\" content=\"image\/jpeg\" \/>\n<meta name=\"twitter:card\" content=\"summary_large_image\" \/>\n<meta name=\"twitter:label1\" content=\"Price\" \/>\n\t<meta name=\"twitter:data1\" content=\"6,94&nbsp;&euro; Alv 24%N\u00e4yt\u00e4 veroton hinta5,60&nbsp;&euro; Alv 0%N\u00e4yt\u00e4 verollinen hinta\" \/>\n\t<meta name=\"twitter:label2\" content=\"Availability\" \/>\n\t<meta name=\"twitter:data2\" content=\"In stock\" \/>\n<script type=\"application\/ld+json\" class=\"yoast-schema-graph\">{\"@context\":\"https:\/\/schema.org\",\"@graph\":[{\"@type\":[\"Organization\",\"Place\",\"WholesaleStore\"],\"@id\":\"https:\/\/hotelli03.domainhotelli.fi\/~lsdoecli\/#organization\",\"name\":\"JV Tuonti Oy\",\"url\":\"https:\/\/hotelli03.domainhotelli.fi\/~lsdoecli\/\",\"sameAs\":[\"https:\/\/instagram.com\/jvtuontioy?utm_medium=copy_link\",\"https:\/\/www.facebook.com\/JVTuontiOy\"],\"logo\":{\"@id\":\"https:\/\/hotelli03.domainhotelli.fi\/~lsdoecli\/tuote\/musta-ffp2-maski-runbo-20-kpl-pakkaus\/#local-main-organization-logo\"},\"image\":{\"@id\":\"https:\/\/hotelli03.domainhotelli.fi\/~lsdoecli\/tuote\/musta-ffp2-maski-runbo-20-kpl-pakkaus\/#local-main-organization-logo\"},\"address\":{\"@id\":\"https:\/\/hotelli03.domainhotelli.fi\/~lsdoecli\/tuote\/musta-ffp2-maski-runbo-20-kpl-pakkaus\/#local-main-place-address\"},\"geo\":{\"@type\":\"GeoCoordinates\",\"latitude\":\"60.28431\",\"longitude\":\"24.81654\"},\"telephone\":[\"0408369980\"],\"openingHoursSpecification\":[{\"@type\":\"OpeningHoursSpecification\",\"dayOfWeek\":[\"Monday\",\"Tuesday\",\"Wednesday\",\"Thursday\",\"Friday\"],\"opens\":\"08:00\",\"closes\":\"16:00\"},{\"@type\":\"OpeningHoursSpecification\",\"dayOfWeek\":[\"Saturday\",\"Sunday\"],\"opens\":\"00:00\",\"closes\":\"00:00\"}],\"email\":\"myynti@hotelli03.domainhotelli.fi\",\"areaServed\":\"Suomi, Ruotsi\",\"vatID\":\"FI30178387\",\"priceRange\":\"$$\",\"currenciesAccepted\":\"\u20ac\",\"paymentAccepted\":\"Lasku, pankkikortti\"},{\"@type\":\"WebSite\",\"@id\":\"https:\/\/hotelli03.domainhotelli.fi\/~lsdoecli\/#website\",\"url\":\"https:\/\/hotelli03.domainhotelli.fi\/~lsdoecli\/\",\"name\":\"JV Tuonti\",\"description\":\"JV Tuonti Oy:n verkkokauppa\",\"publisher\":{\"@id\":\"https:\/\/hotelli03.domainhotelli.fi\/~lsdoecli\/#organization\"},\"potentialAction\":[{\"@type\":\"SearchAction\",\"target\":{\"@type\":\"EntryPoint\",\"urlTemplate\":\"https:\/\/hotelli03.domainhotelli.fi\/~lsdoecli\/?s={search_term_string}\"},\"query-input\":\"required name=search_term_string\"}],\"inLanguage\":\"fi\"},{\"@type\":\"ImageObject\",\"inLanguage\":\"fi\",\"@id\":\"https:\/\/hotelli03.domainhotelli.fi\/~lsdoecli\/tuote\/musta-ffp2-maski-runbo-20-kpl-pakkaus\/#primaryimage\",\"url\":\"https:\/\/hotelli03.domainhotelli.fi\/~lsdoecli\/wp-content\/uploads\/2022\/01\/Runbo-FFP2-hengityssuojain-musta-scaled.jpg\",\"contentUrl\":\"https:\/\/hotelli03.domainhotelli.fi\/~lsdoecli\/wp-content\/uploads\/2022\/01\/Runbo-FFP2-hengityssuojain-musta-scaled.jpg\",\"width\":1920,\"height\":2560,\"caption\":\"Runbo FFP2 hengityssuojain musta\"},{\"@type\":\"WebPage\",\"@id\":\"https:\/\/hotelli03.domainhotelli.fi\/~lsdoecli\/tuote\/musta-ffp2-maski-runbo-20-kpl-pakkaus\/\",\"url\":\"https:\/\/hotelli03.domainhotelli.fi\/~lsdoecli\/tuote\/musta-ffp2-maski-runbo-20-kpl-pakkaus\/\",\"name\":\"Musta FFP2 maski Runbo, 20 kpl pakkaus\",\"isPartOf\":{\"@id\":\"https:\/\/hotelli03.domainhotelli.fi\/~lsdoecli\/#website\"},\"primaryImageOfPage\":{\"@id\":\"https:\/\/hotelli03.domainhotelli.fi\/~lsdoecli\/tuote\/musta-ffp2-maski-runbo-20-kpl-pakkaus\/#primaryimage\"},\"datePublished\":\"2022-01-28T12:50:03+00:00\",\"dateModified\":\"2022-09-29T16:39:29+00:00\",\"description\":\"FFP2 maski Runbo, CE hyv\u00e4ksytty, 20kpl pakkaus. FFP2 hengityssuojain suojaa korona- ja omikronvirukselta. Tilaa FFP2 maski netist\u00e4!\",\"breadcrumb\":{\"@id\":\"https:\/\/hotelli03.domainhotelli.fi\/~lsdoecli\/tuote\/musta-ffp2-maski-runbo-20-kpl-pakkaus\/#breadcrumb\"},\"inLanguage\":\"fi\",\"potentialAction\":[{\"@type\":\"ReadAction\",\"target\":[\"https:\/\/hotelli03.domainhotelli.fi\/~lsdoecli\/tuote\/musta-ffp2-maski-runbo-20-kpl-pakkaus\/\"]}]},{\"@type\":\"BreadcrumbList\",\"@id\":\"https:\/\/hotelli03.domainhotelli.fi\/~lsdoecli\/tuote\/musta-ffp2-maski-runbo-20-kpl-pakkaus\/#breadcrumb\",\"itemListElement\":[{\"@type\":\"ListItem\",\"position\":1,\"name\":\"Etusivu\",\"item\":\"https:\/\/hotelli03.domainhotelli.fi\/~lsdoecli\/\"},{\"@type\":\"ListItem\",\"position\":2,\"name\":\"Kauppa\",\"item\":\"https:\/\/hotelli03.domainhotelli.fi\/~lsdoecli\/kauppa\/\"},{\"@type\":\"ListItem\",\"position\":3,\"name\":\"Musta FFP2 maski Runbo, 20 kpl pakkaus\"}]},{\"@type\":\"PostalAddress\",\"@id\":\"https:\/\/hotelli03.domainhotelli.fi\/~lsdoecli\/tuote\/musta-ffp2-maski-runbo-20-kpl-pakkaus\/#local-main-place-address\",\"streetAddress\":\"Pyymosantie 5a\",\"addressLocality\":\"Vantaa\",\"postalCode\":\"01720\",\"addressCountry\":\"FI\"},{\"@type\":\"ImageObject\",\"inLanguage\":\"fi\",\"@id\":\"https:\/\/hotelli03.domainhotelli.fi\/~lsdoecli\/tuote\/musta-ffp2-maski-runbo-20-kpl-pakkaus\/#local-main-organization-logo\",\"url\":\"https:\/\/hotelli03.domainhotelli.fi\/~lsdoecli\/wp-content\/uploads\/2021\/08\/JVTuonti_logo_nelio.jpg\",\"contentUrl\":\"https:\/\/hotelli03.domainhotelli.fi\/~lsdoecli\/wp-content\/uploads\/2021\/08\/JVTuonti_logo_nelio.jpg\",\"width\":550,\"height\":550,\"caption\":\"JV Tuonti Oy\"}]}<\/script>\n<meta property=\"product:price:amount\" content=\"6.94\" \/>\n<meta property=\"product:price:currency\" content=\"EUR\" \/>\n<meta property=\"og:availability\" content=\"instock\" \/>\n<meta property=\"product:availability\" content=\"instock\" \/>\n<meta property=\"product:retailer_item_id\" content=\"Runbo2020M\" \/>\n<meta property=\"product:condition\" content=\"new\" \/>\n<meta name=\"geo.placename\" content=\"Vantaa\" \/>\n<meta name=\"geo.position\" content=\"60.28431;24.81654\" \/>\n<meta name=\"geo.region\" content=\"Suomi\" \/>\n<!-- \/ Yoast SEO Premium plugin. -->","yoast_head_json":{"title":"Musta FFP2 maski Runbo, 20 kpl pakkaus","description":"FFP2 maski Runbo, CE hyv\u00e4ksytty, 20kpl pakkaus. FFP2 hengityssuojain suojaa korona- ja omikronvirukselta. Tilaa FFP2 maski netist\u00e4!","robots":{"index":"index","follow":"follow","max-snippet":"max-snippet:-1","max-image-preview":"max-image-preview:large","max-video-preview":"max-video-preview:-1"},"canonical":"https:\/\/hotelli03.domainhotelli.fi\/~lsdoecli\/tuote\/musta-ffp2-maski-runbo-20-kpl-pakkaus\/","og_locale":"fi_FI","og_type":"article","og_title":"Musta FFP2 maski Runbo, 20 kpl pakkaus","og_description":"FFP2 maski Runbo, CE hyv\u00e4ksytty, 20kpl pakkaus. FFP2 hengityssuojain suojaa korona- ja omikronvirukselta. Tilaa FFP2 maski netist\u00e4!","og_url":"https:\/\/hotelli03.domainhotelli.fi\/~lsdoecli\/tuote\/musta-ffp2-maski-runbo-20-kpl-pakkaus\/","og_site_name":"JV Tuonti","article_publisher":"https:\/\/www.facebook.com\/JVTuontiOy","article_modified_time":"2022-09-29T16:39:29+00:00","og_image":[{"width":1920,"height":2560,"url":"https:\/\/hotelli03.domainhotelli.fi\/~lsdoecli\/wp-content\/uploads\/2022\/01\/Runbo-FFP2-hengityssuojain-musta-scaled.jpg","type":"image\/jpeg"}],"twitter_card":"summary_large_image","twitter_misc":{"Price":"6,94&nbsp;&euro; Alv 24%N\u00e4yt\u00e4 veroton hinta5,60&nbsp;&euro; Alv 0%N\u00e4yt\u00e4 verollinen hinta","Availability":"In stock"},"schema":{"@context":"https:\/\/schema.org","@graph":[{"@type":["Organization","Place","WholesaleStore"],"@id":"https:\/\/hotelli03.domainhotelli.fi\/~lsdoecli\/#organization","name":"JV Tuonti Oy","url":"https:\/\/hotelli03.domainhotelli.fi\/~lsdoecli\/","sameAs":["https:\/\/instagram.com\/jvtuontioy?utm_medium=copy_link","https:\/\/www.facebook.com\/JVTuontiOy"],"logo":{"@id":"https:\/\/hotelli03.domainhotelli.fi\/~lsdoecli\/tuote\/musta-ffp2-maski-runbo-20-kpl-pakkaus\/#local-main-organization-logo"},"image":{"@id":"https:\/\/hotelli03.domainhotelli.fi\/~lsdoecli\/tuote\/musta-ffp2-maski-runbo-20-kpl-pakkaus\/#local-main-organization-logo"},"address":{"@id":"https:\/\/hotelli03.domainhotelli.fi\/~lsdoecli\/tuote\/musta-ffp2-maski-runbo-20-kpl-pakkaus\/#local-main-place-address"},"geo":{"@type":"GeoCoordinates","latitude":"60.28431","longitude":"24.81654"},"telephone":["0408369980"],"openingHoursSpecification":[{"@type":"OpeningHoursSpecification","dayOfWeek":["Monday","Tuesday","Wednesday","Thursday","Friday"],"opens":"08:00","closes":"16:00"},{"@type":"OpeningHoursSpecification","dayOfWeek":["Saturday","Sunday"],"opens":"00:00","closes":"00:00"}],"email":"myynti@hotelli03.domainhotelli.fi","areaServed":"Suomi, Ruotsi","vatID":"FI30178387","priceRange":"$$","currenciesAccepted":"\u20ac","paymentAccepted":"Lasku, pankkikortti"},{"@type":"WebSite","@id":"https:\/\/hotelli03.domainhotelli.fi\/~lsdoecli\/#website","url":"https:\/\/hotelli03.domainhotelli.fi\/~lsdoecli\/","name":"JV Tuonti","description":"JV Tuonti Oy:n verkkokauppa","publisher":{"@id":"https:\/\/hotelli03.domainhotelli.fi\/~lsdoecli\/#organization"},"potentialAction":[{"@type":"SearchAction","target":{"@type":"EntryPoint","urlTemplate":"https:\/\/hotelli03.domainhotelli.fi\/~lsdoecli\/?s={search_term_string}"},"query-input":"required name=search_term_string"}],"inLanguage":"fi"},{"@type":"ImageObject","inLanguage":"fi","@id":"https:\/\/hotelli03.domainhotelli.fi\/~lsdoecli\/tuote\/musta-ffp2-maski-runbo-20-kpl-pakkaus\/#primaryimage","url":"https:\/\/hotelli03.domainhotelli.fi\/~lsdoecli\/wp-content\/uploads\/2022\/01\/Runbo-FFP2-hengityssuojain-musta-scaled.jpg","contentUrl":"https:\/\/hotelli03.domainhotelli.fi\/~lsdoecli\/wp-content\/uploads\/2022\/01\/Runbo-FFP2-hengityssuojain-musta-scaled.jpg","width":1920,"height":2560,"caption":"Runbo FFP2 hengityssuojain musta"},{"@type":"WebPage","@id":"https:\/\/hotelli03.domainhotelli.fi\/~lsdoecli\/tuote\/musta-ffp2-maski-runbo-20-kpl-pakkaus\/","url":"https:\/\/hotelli03.domainhotelli.fi\/~lsdoecli\/tuote\/musta-ffp2-maski-runbo-20-kpl-pakkaus\/","name":"Musta FFP2 maski Runbo, 20 kpl pakkaus","isPartOf":{"@id":"https:\/\/hotelli03.domainhotelli.fi\/~lsdoecli\/#website"},"primaryImageOfPage":{"@id":"https:\/\/hotelli03.domainhotelli.fi\/~lsdoecli\/tuote\/musta-ffp2-maski-runbo-20-kpl-pakkaus\/#primaryimage"},"datePublished":"2022-01-28T12:50:03+00:00","dateModified":"2022-09-29T16:39:29+00:00","description":"FFP2 maski Runbo, CE hyv\u00e4ksytty, 20kpl pakkaus. FFP2 hengityssuojain suojaa korona- ja omikronvirukselta. Tilaa FFP2 maski netist\u00e4!","breadcrumb":{"@id":"https:\/\/hotelli03.domainhotelli.fi\/~lsdoecli\/tuote\/musta-ffp2-maski-runbo-20-kpl-pakkaus\/#breadcrumb"},"inLanguage":"fi","potentialAction":[{"@type":"ReadAction","target":["https:\/\/hotelli03.domainhotelli.fi\/~lsdoecli\/tuote\/musta-ffp2-maski-runbo-20-kpl-pakkaus\/"]}]},{"@type":"BreadcrumbList","@id":"https:\/\/hotelli03.domainhotelli.fi\/~lsdoecli\/tuote\/musta-ffp2-maski-runbo-20-kpl-pakkaus\/#breadcrumb","itemListElement":[{"@type":"ListItem","position":1,"name":"Etusivu","item":"https:\/\/hotelli03.domainhotelli.fi\/~lsdoecli\/"},{"@type":"ListItem","position":2,"name":"Kauppa","item":"https:\/\/hotelli03.domainhotelli.fi\/~lsdoecli\/kauppa\/"},{"@type":"ListItem","position":3,"name":"Musta FFP2 maski Runbo, 20 kpl pakkaus"}]},{"@type":"PostalAddress","@id":"https:\/\/hotelli03.domainhotelli.fi\/~lsdoecli\/tuote\/musta-ffp2-maski-runbo-20-kpl-pakkaus\/#local-main-place-address","streetAddress":"Pyymosantie 5a","addressLocality":"Vantaa","postalCode":"01720","addressCountry":"FI"},{"@type":"ImageObject","inLanguage":"fi","@id":"https:\/\/hotelli03.domainhotelli.fi\/~lsdoecli\/tuote\/musta-ffp2-maski-runbo-20-kpl-pakkaus\/#local-main-organization-logo","url":"https:\/\/hotelli03.domainhotelli.fi\/~lsdoecli\/wp-content\/uploads\/2021\/08\/JVTuonti_logo_nelio.jpg","contentUrl":"https:\/\/hotelli03.domainhotelli.fi\/~lsdoecli\/wp-content\/uploads\/2021\/08\/JVTuonti_logo_nelio.jpg","width":550,"height":550,"caption":"JV Tuonti Oy"}]},"product_price_amount":"6.94","product_price_currency":"EUR","og_availability":"instock","product_availability":"instock","product_retailer_item_id":"Runbo2020M","product_condition":"new","geo.placename":"Vantaa","geo.position":{"lat":"60.28431","long":"24.81654"},"geo.region":"Suomi"},"_links":{"self":[{"href":"https:\/\/hotelli03.domainhotelli.fi\/~lsdoecli\/wp-json\/wp\/v2\/product\/8908"}],"collection":[{"href":"https:\/\/hotelli03.domainhotelli.fi\/~lsdoecli\/wp-json\/wp\/v2\/product"}],"about":[{"href":"https:\/\/hotelli03.domainhotelli.fi\/~lsdoecli\/wp-json\/wp\/v2\/types\/product"}],"replies":[{"embeddable":true,"href":"https:\/\/hotelli03.domainhotelli.fi\/~lsdoecli\/wp-json\/wp\/v2\/comments?post=8908"}],"wp:featuredmedia":[{"embeddable":true,"href":"https:\/\/hotelli03.domainhotelli.fi\/~lsdoecli\/wp-json\/wp\/v2\/media\/8911"}],"wp:attachment":[{"href":"https:\/\/hotelli03.domainhotelli.fi\/~lsdoecli\/wp-json\/wp\/v2\/media?parent=8908"}],"wp:term":[{"taxonomy":"product_cat","embeddable":true,"href":"https:\/\/hotelli03.domainhotelli.fi\/~lsdoecli\/wp-json\/wp\/v2\/product_cat?post=8908"},{"taxonomy":"product_tag","embeddable":true,"href":"https:\/\/hotelli03.domainhotelli.fi\/~lsdoecli\/wp-json\/wp\/v2\/product_tag?post=8908"}],"curies":[{"name":"wp","href":"https:\/\/api.w.org\/{rel}","templated":true}]}}