{"id":8849,"date":"2022-01-03T08:42:16","date_gmt":"2022-01-03T08:42:16","guid":{"rendered":"https:\/\/hotelli03.domainhotelli.fi\/~lsdoecli\/?post_type=product&#038;p=8849"},"modified":"2022-02-22T18:56:32","modified_gmt":"2022-02-22T18:56:32","slug":"lumiharja-jvt-3-in-1-teleskooppivarrella-99-131-cm","status":"publish","type":"product","link":"https:\/\/hotelli03.domainhotelli.fi\/~lsdoecli\/tuote\/lumiharja-jvt-3-in-1-teleskooppivarrella-99-131-cm\/","title":{"rendered":"Lumiharja teleskooppivarrella 99 &#8211; 131 cm k\u00e4\u00e4ntyv\u00e4 harja j\u00e4\u00e4raapalla"},"content":{"rendered":"<h1><b>Lumiharja teleskooppivarrella 99 &#8211; 131 cm k\u00e4\u00e4ntyv\u00e4 harja j\u00e4\u00e4raapalla<\/b><\/h1>\n<p>Lumiharja teleskooppivarella on jykev\u00e4 ja kest\u00e4v\u00e4 harja, jolla puhdistat helposti my\u00f6s pakettiauton tai isomman auton lumesta ja j\u00e4\u00e4st\u00e4.<\/p>\n<p>Teleskooppivarren p\u00e4\u00e4ss\u00e4 on k\u00e4\u00e4nnett\u00e4v\u00e4 harja ja kumilasta, jolla lumet saa helposti ja nopeasti auton lasilta ja katosta pois.<\/p>\n<p>Harjan toisessa p\u00e4\u00e4ss\u00e4 on j\u00e4\u00e4raappa, jolla saat raaputettua j\u00e4\u00e4n auton lasista. Teleskooppivarren pituutta saat s\u00e4\u00e4detty\u00e4 auton koon mukaisesti 93 &#8211; 131 cm, mik\u00e4 helpottaa pakettiauton lasin skrabaamista.<\/p>\n<p>Harjan saa purettua kolmeen osaan.<\/p>\n<h3><b>Lumiharjan ominaisuudet<\/b><\/h3>\n<ul>\n<li>s\u00e4\u00e4dett\u00e4v\u00e4 pituus, kolme eri pituutta<\/li>\n<li>26 cm leve\u00e4 harjanp\u00e4\u00e4n, jolla puhdistat lumen vaivatta<\/li>\n<li>360 astetta py\u00f6riv\u00e4 harjan p\u00e4\u00e4<\/li>\n<li>non-slip pehmustettu k\u00e4densijat<\/li>\n<li>kest\u00e4v\u00e4 ABS-mouvij\u00e4\u00e4raappa<\/li>\n<\/ul>\n<!--[if lt IE 9]><script>document.createElement('video');<\/script><![endif]-->\n\t<div class=\"wp-playlist wp-video-playlist wp-playlist-light\">\n\t\t<video controls=\"controls\" preload=\"none\" width=\"1118\"\n\t\t height=\"633\"\t><\/video>\n\t<div class=\"wp-playlist-next\"><\/div>\n\t<div class=\"wp-playlist-prev\"><\/div>\n\t<noscript>\n\t<ol>\n\t\t<li><a href='https:\/\/hotelli03.domainhotelli.fi\/~lsdoecli\/wp-content\/uploads\/2022\/01\/Lumiharja-teleskooppi-99-131-cm-kaantyva-harja-JVT-video.mp4'>Lumiharja teleskooppi 99 - 131 cm k\u00e4\u00e4ntyv\u00e4 harja JVT video<\/a><\/li>\t<\/ol>\n\t<\/noscript>\n\t<script type=\"application\/json\" class=\"wp-playlist-script\">{\"type\":\"video\",\"tracklist\":true,\"tracknumbers\":true,\"images\":true,\"artists\":true,\"tracks\":[{\"src\":\"https:\\\/\\\/hotelli03.domainhotelli.fi\\\/~lsdoecli\\\/wp-content\\\/uploads\\\/2022\\\/01\\\/Lumiharja-teleskooppi-99-131-cm-kaantyva-harja-JVT-video.mp4\",\"type\":\"video\\\/mp4\",\"title\":\"Lumiharja teleskooppi 99 - 131 cm k\\u00e4\\u00e4ntyv\\u00e4 harja JVT video\",\"caption\":\"\",\"description\":\"\",\"meta\":{\"length_formatted\":\"1:38\"},\"dimensions\":{\"original\":{\"width\":848,\"height\":480},\"resized\":{\"width\":1118,\"height\":633}},\"image\":{\"src\":\"https:\\\/\\\/hotelli03.domainhotelli.fi\\\/~lsdoecli\\\/wp-includes\\\/images\\\/media\\\/video.png\",\"width\":48,\"height\":64},\"thumb\":{\"src\":\"https:\\\/\\\/hotelli03.domainhotelli.fi\\\/~lsdoecli\\\/wp-includes\\\/images\\\/media\\\/video.png\",\"width\":48,\"height\":64}}]}<\/script>\n<\/div>\n\t\n<p>&nbsp;<\/p>\n","protected":false},"excerpt":{"rendered":"<p>Teleskooppivarella varustettu jykev\u00e4 ja kest\u00e4v\u00e4 lumiharja, jolla puhdistat helposti my\u00f6s pakettiauton tai isomman auton lumesta.<\/p>\n<p>Lumiharjan pituuden saa s\u00e4\u00e4detty\u00e4 helposti 99 &#8211; 137 cm v\u00e4lille.<\/p>\n","protected":false},"featured_media":8748,"comment_status":"open","ping_status":"closed","template":"","meta":[],"product_cat":[988],"product_tag":[1079,990,989,1080,997],"yoast_head":"<!-- This site is optimized with the Yoast SEO Premium plugin v18.9 (Yoast SEO v19.3) - https:\/\/yoast.com\/wordpress\/plugins\/seo\/ -->\n<title>Lumiharja teleskooppivarrella 99 - 131 cm k\u00e4\u00e4ntyv\u00e4 harja j\u00e4\u00e4raapalla<\/title>\n<meta name=\"description\" content=\"Teleskooppivarella varustettu jykev\u00e4 ja kest\u00e4v\u00e4 lumiharja, jolla puhdistat helposti my\u00f6s pakettiauton tai isomman auton lumesta ja j\u00e4\u00e4st\u00e4.\" \/>\n<meta name=\"robots\" content=\"index, follow, max-snippet:-1, max-image-preview:large, max-video-preview:-1\" \/>\n<link rel=\"canonical\" href=\"https:\/\/hotelli03.domainhotelli.fi\/~lsdoecli\/tuote\/lumiharja-jvt-3-in-1-teleskooppivarrella-99-131-cm\/\" \/>\n<meta property=\"og:locale\" content=\"fi_FI\" \/>\n<meta property=\"og:type\" content=\"article\" \/>\n<meta property=\"og:title\" content=\"Lumiharja teleskooppivarrella 99 - 131 cm k\u00e4\u00e4ntyv\u00e4 harja j\u00e4\u00e4raapalla\" \/>\n<meta property=\"og:description\" content=\"Teleskooppivarella varustettu jykev\u00e4 ja kest\u00e4v\u00e4 lumiharja, jolla puhdistat helposti my\u00f6s pakettiauton tai isomman auton lumesta ja j\u00e4\u00e4st\u00e4.\" \/>\n<meta property=\"og:url\" content=\"https:\/\/hotelli03.domainhotelli.fi\/~lsdoecli\/tuote\/lumiharja-jvt-3-in-1-teleskooppivarrella-99-131-cm\/\" \/>\n<meta property=\"og:site_name\" content=\"JV Tuonti\" \/>\n<meta property=\"article:publisher\" content=\"https:\/\/www.facebook.com\/JVTuontiOy\" \/>\n<meta property=\"article:modified_time\" content=\"2022-02-22T18:56:32+00:00\" \/>\n<meta property=\"og:image\" content=\"https:\/\/hotelli03.domainhotelli.fi\/~lsdoecli\/wp-content\/uploads\/2021\/12\/Lumiharja-teleskooppi-99-131-cm-kaantyva-harja-JVT.jpg\" \/>\n\t<meta property=\"og:image:width\" content=\"800\" \/>\n\t<meta property=\"og:image:height\" content=\"800\" \/>\n\t<meta property=\"og:image:type\" content=\"image\/jpeg\" \/>\n<meta name=\"twitter:card\" content=\"summary_large_image\" \/>\n<meta name=\"twitter:label1\" content=\"Price\" \/>\n\t<meta name=\"twitter:data1\" content=\"21,70&nbsp;&euro; Alv 24%N\u00e4yt\u00e4 veroton hinta17,50&nbsp;&euro; Alv 0%N\u00e4yt\u00e4 verollinen hinta\" \/>\n\t<meta name=\"twitter:label2\" content=\"Availability\" \/>\n\t<meta name=\"twitter:data2\" content=\"In stock\" \/>\n<script type=\"application\/ld+json\" class=\"yoast-schema-graph\">{\"@context\":\"https:\/\/schema.org\",\"@graph\":[{\"@type\":[\"Organization\",\"Place\",\"WholesaleStore\"],\"@id\":\"https:\/\/hotelli03.domainhotelli.fi\/~lsdoecli\/#organization\",\"name\":\"JV Tuonti Oy\",\"url\":\"https:\/\/hotelli03.domainhotelli.fi\/~lsdoecli\/\",\"sameAs\":[\"https:\/\/instagram.com\/jvtuontioy?utm_medium=copy_link\",\"https:\/\/www.facebook.com\/JVTuontiOy\"],\"logo\":{\"@id\":\"https:\/\/hotelli03.domainhotelli.fi\/~lsdoecli\/tuote\/lumiharja-jvt-3-in-1-teleskooppivarrella-99-131-cm\/#local-main-organization-logo\"},\"image\":{\"@id\":\"https:\/\/hotelli03.domainhotelli.fi\/~lsdoecli\/tuote\/lumiharja-jvt-3-in-1-teleskooppivarrella-99-131-cm\/#local-main-organization-logo\"},\"address\":{\"@id\":\"https:\/\/hotelli03.domainhotelli.fi\/~lsdoecli\/tuote\/lumiharja-jvt-3-in-1-teleskooppivarrella-99-131-cm\/#local-main-place-address\"},\"geo\":{\"@type\":\"GeoCoordinates\",\"latitude\":\"60.28431\",\"longitude\":\"24.81654\"},\"telephone\":[\"0408369980\"],\"openingHoursSpecification\":[{\"@type\":\"OpeningHoursSpecification\",\"dayOfWeek\":[\"Monday\",\"Tuesday\",\"Wednesday\",\"Thursday\",\"Friday\"],\"opens\":\"08:00\",\"closes\":\"16:00\"},{\"@type\":\"OpeningHoursSpecification\",\"dayOfWeek\":[\"Saturday\",\"Sunday\"],\"opens\":\"00:00\",\"closes\":\"00:00\"}],\"email\":\"myynti@hotelli03.domainhotelli.fi\",\"areaServed\":\"Suomi, Ruotsi\",\"vatID\":\"FI30178387\",\"priceRange\":\"$$\",\"currenciesAccepted\":\"\u20ac\",\"paymentAccepted\":\"Lasku, pankkikortti\"},{\"@type\":\"WebSite\",\"@id\":\"https:\/\/hotelli03.domainhotelli.fi\/~lsdoecli\/#website\",\"url\":\"https:\/\/hotelli03.domainhotelli.fi\/~lsdoecli\/\",\"name\":\"JV Tuonti\",\"description\":\"JV Tuonti Oy:n verkkokauppa\",\"publisher\":{\"@id\":\"https:\/\/hotelli03.domainhotelli.fi\/~lsdoecli\/#organization\"},\"potentialAction\":[{\"@type\":\"SearchAction\",\"target\":{\"@type\":\"EntryPoint\",\"urlTemplate\":\"https:\/\/hotelli03.domainhotelli.fi\/~lsdoecli\/?s={search_term_string}\"},\"query-input\":\"required name=search_term_string\"}],\"inLanguage\":\"fi\"},{\"@type\":\"ImageObject\",\"inLanguage\":\"fi\",\"@id\":\"https:\/\/hotelli03.domainhotelli.fi\/~lsdoecli\/tuote\/lumiharja-jvt-3-in-1-teleskooppivarrella-99-131-cm\/#primaryimage\",\"url\":\"https:\/\/hotelli03.domainhotelli.fi\/~lsdoecli\/wp-content\/uploads\/2021\/12\/Lumiharja-teleskooppi-99-131-cm-kaantyva-harja-JVT.jpg\",\"contentUrl\":\"https:\/\/hotelli03.domainhotelli.fi\/~lsdoecli\/wp-content\/uploads\/2021\/12\/Lumiharja-teleskooppi-99-131-cm-kaantyva-harja-JVT.jpg\",\"width\":800,\"height\":800,\"caption\":\"Lumiharja teleskooppivarrella 99 - 131 cm k\u00e4\u00e4ntyv\u00e4 harja j\u00e4\u00e4raapalla\"},{\"@type\":\"WebPage\",\"@id\":\"https:\/\/hotelli03.domainhotelli.fi\/~lsdoecli\/tuote\/lumiharja-jvt-3-in-1-teleskooppivarrella-99-131-cm\/\",\"url\":\"https:\/\/hotelli03.domainhotelli.fi\/~lsdoecli\/tuote\/lumiharja-jvt-3-in-1-teleskooppivarrella-99-131-cm\/\",\"name\":\"Lumiharja teleskooppivarrella 99 - 131 cm k\u00e4\u00e4ntyv\u00e4 harja j\u00e4\u00e4raapalla\",\"isPartOf\":{\"@id\":\"https:\/\/hotelli03.domainhotelli.fi\/~lsdoecli\/#website\"},\"primaryImageOfPage\":{\"@id\":\"https:\/\/hotelli03.domainhotelli.fi\/~lsdoecli\/tuote\/lumiharja-jvt-3-in-1-teleskooppivarrella-99-131-cm\/#primaryimage\"},\"datePublished\":\"2022-01-03T08:42:16+00:00\",\"dateModified\":\"2022-02-22T18:56:32+00:00\",\"description\":\"Teleskooppivarella varustettu jykev\u00e4 ja kest\u00e4v\u00e4 lumiharja, jolla puhdistat helposti my\u00f6s pakettiauton tai isomman auton lumesta ja j\u00e4\u00e4st\u00e4.\",\"breadcrumb\":{\"@id\":\"https:\/\/hotelli03.domainhotelli.fi\/~lsdoecli\/tuote\/lumiharja-jvt-3-in-1-teleskooppivarrella-99-131-cm\/#breadcrumb\"},\"inLanguage\":\"fi\",\"potentialAction\":[{\"@type\":\"ReadAction\",\"target\":[\"https:\/\/hotelli03.domainhotelli.fi\/~lsdoecli\/tuote\/lumiharja-jvt-3-in-1-teleskooppivarrella-99-131-cm\/\"]}]},{\"@type\":\"BreadcrumbList\",\"@id\":\"https:\/\/hotelli03.domainhotelli.fi\/~lsdoecli\/tuote\/lumiharja-jvt-3-in-1-teleskooppivarrella-99-131-cm\/#breadcrumb\",\"itemListElement\":[{\"@type\":\"ListItem\",\"position\":1,\"name\":\"Etusivu\",\"item\":\"https:\/\/hotelli03.domainhotelli.fi\/~lsdoecli\/\"},{\"@type\":\"ListItem\",\"position\":2,\"name\":\"Kauppa\",\"item\":\"https:\/\/hotelli03.domainhotelli.fi\/~lsdoecli\/kauppa\/\"},{\"@type\":\"ListItem\",\"position\":3,\"name\":\"Lumiharja teleskooppivarrella 99 &#8211; 131 cm k\u00e4\u00e4ntyv\u00e4 harja j\u00e4\u00e4raapalla\"}]},{\"@type\":\"PostalAddress\",\"@id\":\"https:\/\/hotelli03.domainhotelli.fi\/~lsdoecli\/tuote\/lumiharja-jvt-3-in-1-teleskooppivarrella-99-131-cm\/#local-main-place-address\",\"streetAddress\":\"Pyymosantie 5a\",\"addressLocality\":\"Vantaa\",\"postalCode\":\"01720\",\"addressCountry\":\"FI\"},{\"@type\":\"ImageObject\",\"inLanguage\":\"fi\",\"@id\":\"https:\/\/hotelli03.domainhotelli.fi\/~lsdoecli\/tuote\/lumiharja-jvt-3-in-1-teleskooppivarrella-99-131-cm\/#local-main-organization-logo\",\"url\":\"https:\/\/hotelli03.domainhotelli.fi\/~lsdoecli\/wp-content\/uploads\/2021\/08\/JVTuonti_logo_nelio.jpg\",\"contentUrl\":\"https:\/\/hotelli03.domainhotelli.fi\/~lsdoecli\/wp-content\/uploads\/2021\/08\/JVTuonti_logo_nelio.jpg\",\"width\":550,\"height\":550,\"caption\":\"JV Tuonti Oy\"}]}<\/script>\n<meta property=\"product:brand\" content=\"JVT\" \/>\n<meta property=\"product:price:amount\" content=\"21.70\" \/>\n<meta property=\"product:price:currency\" content=\"EUR\" \/>\n<meta property=\"og:availability\" content=\"instock\" \/>\n<meta property=\"product:availability\" content=\"instock\" \/>\n<meta property=\"product:retailer_item_id\" content=\"AD-04139\" \/>\n<meta property=\"product:condition\" content=\"new\" \/>\n<meta name=\"geo.placename\" content=\"Vantaa\" \/>\n<meta name=\"geo.position\" content=\"60.28431;24.81654\" \/>\n<meta name=\"geo.region\" content=\"Suomi\" \/>\n<!-- \/ Yoast SEO Premium plugin. -->","yoast_head_json":{"title":"Lumiharja teleskooppivarrella 99 - 131 cm k\u00e4\u00e4ntyv\u00e4 harja j\u00e4\u00e4raapalla","description":"Teleskooppivarella varustettu jykev\u00e4 ja kest\u00e4v\u00e4 lumiharja, jolla puhdistat helposti my\u00f6s pakettiauton tai isomman auton lumesta ja j\u00e4\u00e4st\u00e4.","robots":{"index":"index","follow":"follow","max-snippet":"max-snippet:-1","max-image-preview":"max-image-preview:large","max-video-preview":"max-video-preview:-1"},"canonical":"https:\/\/hotelli03.domainhotelli.fi\/~lsdoecli\/tuote\/lumiharja-jvt-3-in-1-teleskooppivarrella-99-131-cm\/","og_locale":"fi_FI","og_type":"article","og_title":"Lumiharja teleskooppivarrella 99 - 131 cm k\u00e4\u00e4ntyv\u00e4 harja j\u00e4\u00e4raapalla","og_description":"Teleskooppivarella varustettu jykev\u00e4 ja kest\u00e4v\u00e4 lumiharja, jolla puhdistat helposti my\u00f6s pakettiauton tai isomman auton lumesta ja j\u00e4\u00e4st\u00e4.","og_url":"https:\/\/hotelli03.domainhotelli.fi\/~lsdoecli\/tuote\/lumiharja-jvt-3-in-1-teleskooppivarrella-99-131-cm\/","og_site_name":"JV Tuonti","article_publisher":"https:\/\/www.facebook.com\/JVTuontiOy","article_modified_time":"2022-02-22T18:56:32+00:00","og_image":[{"width":800,"height":800,"url":"https:\/\/hotelli03.domainhotelli.fi\/~lsdoecli\/wp-content\/uploads\/2021\/12\/Lumiharja-teleskooppi-99-131-cm-kaantyva-harja-JVT.jpg","type":"image\/jpeg"}],"twitter_card":"summary_large_image","twitter_misc":{"Price":"21,70&nbsp;&euro; Alv 24%N\u00e4yt\u00e4 veroton hinta17,50&nbsp;&euro; Alv 0%N\u00e4yt\u00e4 verollinen hinta","Availability":"In stock"},"schema":{"@context":"https:\/\/schema.org","@graph":[{"@type":["Organization","Place","WholesaleStore"],"@id":"https:\/\/hotelli03.domainhotelli.fi\/~lsdoecli\/#organization","name":"JV Tuonti Oy","url":"https:\/\/hotelli03.domainhotelli.fi\/~lsdoecli\/","sameAs":["https:\/\/instagram.com\/jvtuontioy?utm_medium=copy_link","https:\/\/www.facebook.com\/JVTuontiOy"],"logo":{"@id":"https:\/\/hotelli03.domainhotelli.fi\/~lsdoecli\/tuote\/lumiharja-jvt-3-in-1-teleskooppivarrella-99-131-cm\/#local-main-organization-logo"},"image":{"@id":"https:\/\/hotelli03.domainhotelli.fi\/~lsdoecli\/tuote\/lumiharja-jvt-3-in-1-teleskooppivarrella-99-131-cm\/#local-main-organization-logo"},"address":{"@id":"https:\/\/hotelli03.domainhotelli.fi\/~lsdoecli\/tuote\/lumiharja-jvt-3-in-1-teleskooppivarrella-99-131-cm\/#local-main-place-address"},"geo":{"@type":"GeoCoordinates","latitude":"60.28431","longitude":"24.81654"},"telephone":["0408369980"],"openingHoursSpecification":[{"@type":"OpeningHoursSpecification","dayOfWeek":["Monday","Tuesday","Wednesday","Thursday","Friday"],"opens":"08:00","closes":"16:00"},{"@type":"OpeningHoursSpecification","dayOfWeek":["Saturday","Sunday"],"opens":"00:00","closes":"00:00"}],"email":"myynti@hotelli03.domainhotelli.fi","areaServed":"Suomi, Ruotsi","vatID":"FI30178387","priceRange":"$$","currenciesAccepted":"\u20ac","paymentAccepted":"Lasku, pankkikortti"},{"@type":"WebSite","@id":"https:\/\/hotelli03.domainhotelli.fi\/~lsdoecli\/#website","url":"https:\/\/hotelli03.domainhotelli.fi\/~lsdoecli\/","name":"JV Tuonti","description":"JV Tuonti Oy:n verkkokauppa","publisher":{"@id":"https:\/\/hotelli03.domainhotelli.fi\/~lsdoecli\/#organization"},"potentialAction":[{"@type":"SearchAction","target":{"@type":"EntryPoint","urlTemplate":"https:\/\/hotelli03.domainhotelli.fi\/~lsdoecli\/?s={search_term_string}"},"query-input":"required name=search_term_string"}],"inLanguage":"fi"},{"@type":"ImageObject","inLanguage":"fi","@id":"https:\/\/hotelli03.domainhotelli.fi\/~lsdoecli\/tuote\/lumiharja-jvt-3-in-1-teleskooppivarrella-99-131-cm\/#primaryimage","url":"https:\/\/hotelli03.domainhotelli.fi\/~lsdoecli\/wp-content\/uploads\/2021\/12\/Lumiharja-teleskooppi-99-131-cm-kaantyva-harja-JVT.jpg","contentUrl":"https:\/\/hotelli03.domainhotelli.fi\/~lsdoecli\/wp-content\/uploads\/2021\/12\/Lumiharja-teleskooppi-99-131-cm-kaantyva-harja-JVT.jpg","width":800,"height":800,"caption":"Lumiharja teleskooppivarrella 99 - 131 cm k\u00e4\u00e4ntyv\u00e4 harja j\u00e4\u00e4raapalla"},{"@type":"WebPage","@id":"https:\/\/hotelli03.domainhotelli.fi\/~lsdoecli\/tuote\/lumiharja-jvt-3-in-1-teleskooppivarrella-99-131-cm\/","url":"https:\/\/hotelli03.domainhotelli.fi\/~lsdoecli\/tuote\/lumiharja-jvt-3-in-1-teleskooppivarrella-99-131-cm\/","name":"Lumiharja teleskooppivarrella 99 - 131 cm k\u00e4\u00e4ntyv\u00e4 harja j\u00e4\u00e4raapalla","isPartOf":{"@id":"https:\/\/hotelli03.domainhotelli.fi\/~lsdoecli\/#website"},"primaryImageOfPage":{"@id":"https:\/\/hotelli03.domainhotelli.fi\/~lsdoecli\/tuote\/lumiharja-jvt-3-in-1-teleskooppivarrella-99-131-cm\/#primaryimage"},"datePublished":"2022-01-03T08:42:16+00:00","dateModified":"2022-02-22T18:56:32+00:00","description":"Teleskooppivarella varustettu jykev\u00e4 ja kest\u00e4v\u00e4 lumiharja, jolla puhdistat helposti my\u00f6s pakettiauton tai isomman auton lumesta ja j\u00e4\u00e4st\u00e4.","breadcrumb":{"@id":"https:\/\/hotelli03.domainhotelli.fi\/~lsdoecli\/tuote\/lumiharja-jvt-3-in-1-teleskooppivarrella-99-131-cm\/#breadcrumb"},"inLanguage":"fi","potentialAction":[{"@type":"ReadAction","target":["https:\/\/hotelli03.domainhotelli.fi\/~lsdoecli\/tuote\/lumiharja-jvt-3-in-1-teleskooppivarrella-99-131-cm\/"]}]},{"@type":"BreadcrumbList","@id":"https:\/\/hotelli03.domainhotelli.fi\/~lsdoecli\/tuote\/lumiharja-jvt-3-in-1-teleskooppivarrella-99-131-cm\/#breadcrumb","itemListElement":[{"@type":"ListItem","position":1,"name":"Etusivu","item":"https:\/\/hotelli03.domainhotelli.fi\/~lsdoecli\/"},{"@type":"ListItem","position":2,"name":"Kauppa","item":"https:\/\/hotelli03.domainhotelli.fi\/~lsdoecli\/kauppa\/"},{"@type":"ListItem","position":3,"name":"Lumiharja teleskooppivarrella 99 &#8211; 131 cm k\u00e4\u00e4ntyv\u00e4 harja j\u00e4\u00e4raapalla"}]},{"@type":"PostalAddress","@id":"https:\/\/hotelli03.domainhotelli.fi\/~lsdoecli\/tuote\/lumiharja-jvt-3-in-1-teleskooppivarrella-99-131-cm\/#local-main-place-address","streetAddress":"Pyymosantie 5a","addressLocality":"Vantaa","postalCode":"01720","addressCountry":"FI"},{"@type":"ImageObject","inLanguage":"fi","@id":"https:\/\/hotelli03.domainhotelli.fi\/~lsdoecli\/tuote\/lumiharja-jvt-3-in-1-teleskooppivarrella-99-131-cm\/#local-main-organization-logo","url":"https:\/\/hotelli03.domainhotelli.fi\/~lsdoecli\/wp-content\/uploads\/2021\/08\/JVTuonti_logo_nelio.jpg","contentUrl":"https:\/\/hotelli03.domainhotelli.fi\/~lsdoecli\/wp-content\/uploads\/2021\/08\/JVTuonti_logo_nelio.jpg","width":550,"height":550,"caption":"JV Tuonti Oy"}]},"product_brand":"JVT","product_price_amount":"21.70","product_price_currency":"EUR","og_availability":"instock","product_availability":"instock","product_retailer_item_id":"AD-04139","product_condition":"new","geo.placename":"Vantaa","geo.position":{"lat":"60.28431","long":"24.81654"},"geo.region":"Suomi"},"_links":{"self":[{"href":"https:\/\/hotelli03.domainhotelli.fi\/~lsdoecli\/wp-json\/wp\/v2\/product\/8849"}],"collection":[{"href":"https:\/\/hotelli03.domainhotelli.fi\/~lsdoecli\/wp-json\/wp\/v2\/product"}],"about":[{"href":"https:\/\/hotelli03.domainhotelli.fi\/~lsdoecli\/wp-json\/wp\/v2\/types\/product"}],"replies":[{"embeddable":true,"href":"https:\/\/hotelli03.domainhotelli.fi\/~lsdoecli\/wp-json\/wp\/v2\/comments?post=8849"}],"wp:featuredmedia":[{"embeddable":true,"href":"https:\/\/hotelli03.domainhotelli.fi\/~lsdoecli\/wp-json\/wp\/v2\/media\/8748"}],"wp:attachment":[{"href":"https:\/\/hotelli03.domainhotelli.fi\/~lsdoecli\/wp-json\/wp\/v2\/media?parent=8849"}],"wp:term":[{"taxonomy":"product_cat","embeddable":true,"href":"https:\/\/hotelli03.domainhotelli.fi\/~lsdoecli\/wp-json\/wp\/v2\/product_cat?post=8849"},{"taxonomy":"product_tag","embeddable":true,"href":"https:\/\/hotelli03.domainhotelli.fi\/~lsdoecli\/wp-json\/wp\/v2\/product_tag?post=8849"}],"curies":[{"name":"wp","href":"https:\/\/api.w.org\/{rel}","templated":true}]}}