{"id":8823,"date":"2021-12-29T10:31:02","date_gmt":"2021-12-29T10:31:02","guid":{"rendered":"https:\/\/hotelli03.domainhotelli.fi\/~lsdoecli\/?post_type=product&#038;p=8823"},"modified":"2022-05-22T16:50:51","modified_gmt":"2022-05-22T16:50:51","slug":"deepblue-korona-pikatesti","status":"publish","type":"product","link":"https:\/\/hotelli03.domainhotelli.fi\/~lsdoecli\/tuote\/deepblue-korona-pikatesti\/","title":{"rendered":"Deepblue korona pikatesti"},"content":{"rendered":"<h1>Deepblue Korona pikatesti<\/h1>\n<p>Korona pikatesti Deepblue on tarkoitettu kotona teht\u00e4v\u00e4\u00e4n koronaviruksen itsetestaukseen ja korona kotitestin tilaus onnistuu helposti netist\u00e4. Kotik\u00e4ytt\u00f6\u00f6n tarkoitettu antigeenitesti on eritt\u00e4in helppok\u00e4ytt\u00f6inen korona pikatesti.<\/p>\n<p>Deepblue korona pikatesti on CE merkitty l\u00e4\u00e4kin\u00e4llinen laite (CE 1434), joka tunnistaa koronaviruksen antigeenit. Antigeenitesti soveltuu sek\u00e4 oireellisen, ett\u00e4 oireettoman koronavirus tai omikron viruksen testaukseen.<\/p>\n<h2>Tilaa korona pikatesti Deepblue netist\u00e4<\/h2>\n<p>Ep\u00e4iletk\u00f6 koronavirustartuntaa tai omikron viruksen tartuntaa?<\/p>\n<p>Toimitamme korona pikatestit p\u00e4\u00e4kaupunkiseudulla express toimituksella suoraan kotiovelle, n\u00e4in voit varmistaa turvallisesti ja nopeasti kotona onko sinulla koronavirustartuna, ilman ett\u00e4 altistat muita henkil\u00f6it\u00e4.<\/p>\n<h2>Nopea, helppo ja luotettava korona kotitesti itsetestaukseen<\/h2>\n<p>Korona kotitestin tulos n\u00e4kyy alle 15 minuutissa.<\/p>\n<p>Nopea ja eritt\u00e4in luotettava kotona teht\u00e4v\u00e4 antigeenitesti, jolla voidaan havaita\u00a0COVID-19 -virus aikaisessa vaiheessa henkil\u00f6ll\u00e4, jolla on tautiin viittaavia oireita tai ep\u00e4ilee altistumista ja oireetonta koronavirus tartuntaa. Korona pikatesti tunnistaa my\u00f6s Delta-variantin ja omikron viruksen tartunnan.<\/p>\n<h2>Toimi n\u00e4in jos ep\u00e4ilet saaneen koronavirustartuntaa tai alitustumista<\/h2>\n<p>Korona pikatesti\u00e4 suositellaan k\u00e4ytett\u00e4v\u00e4ksi, jos ep\u00e4ilet altistumista koronavirukselle, sinulla on koronavirukseen, Delta-varianttin tai omikron viruksen viittaavia oireita tai haluat varmistua, ett\u00e4 sinulla ei ole oireetonta koronavirustartuntaa.<\/p>\n<h2>Antigeenitesti Deepblue luotettavuus<\/h2>\n<p>Deepblue korona antigeenitesti testituloksen varmuus ei vaihtele eri koronavirusmuunnosten suhteen. Antigeenitesti tunnistaa my\u00f6s Delta-variantin ja Omikron -muunnoksen varmasti.<\/p>\n<p>\u2022 Sensitiivisyys 96,4 %<\/p>\n<p>\u2022 Spesifisyys 99,8 %<\/p>\n<p>\u2022 Helppo k\u00e4ytt\u00e4\u00e4; n\u00e4yte otetaan nen\u00e4n\u00a0etuosasta noin 2 cm:n syvyydest\u00e4<\/p>\n<p>\u2022 Testitulos 15 minuutissa<\/p>\n<p>\u2022 S\u00e4ilytysl\u00e4mp\u00f6tila: 4 &#8211; 30 \u00b0C<\/p>\n<p>\u2022 CE-merkitty (1434)<\/p>\n<h2>Antigeenitesti k\u00e4ytt\u00f6ohje &#8211; n\u00e4in onnistuu korona pikatestin itsetestaus<\/h2>\n<p>Korona kotitestin k\u00e4ytt\u00f6 on helppoa ja tulos valmistuu alle 15 minuutissa. Lue k\u00e4ytt\u00f6oheet huolellisesti ennen korona pikatestin tekemist\u00e4.<\/p>\n<p>Korona pikatestin n\u00e4yte otetaan kuvan mukaisesti nen\u00e4 etuosasta, eik\u00e4 nielun kanavasta niin kun PCR testin kohdalla. Deepblue antigeeniitesti ei satu tai tunnu inhottavalta.<\/p>\n<p>&nbsp;<\/p>\n<p>&nbsp;<\/p>\n<p>&nbsp;<\/p>\n<figure id=\"attachment_8830\" aria-describedby=\"caption-attachment-8830\" style=\"width: 300px\" class=\"wp-caption alignnone\"><a href=\"https:\/\/hotelli03.domainhotelli.fi\/~lsdoecli\/wp-content\/uploads\/2021\/12\/Antigeenipikatesti-DeepBlue-COVID-19-itsetestaukseen-vaihe-1.png\"><img loading=\"lazy\" class=\"wp-image-8830 size-medium\" src=\"https:\/\/hotelli03.domainhotelli.fi\/~lsdoecli\/wp-content\/uploads\/2021\/12\/Antigeenipikatesti-DeepBlue-COVID-19-itsetestaukseen-vaihe-1-300x184.png\" alt=\"Antigeenipikatesti itsetestaukseen vaihe 1\" width=\"300\" height=\"184\" \/><\/a><figcaption id=\"caption-attachment-8830\" class=\"wp-caption-text\">Vaihe 1. Py\u00f6r\u00e4yt\u00e4 n\u00e4ytepuikko nen\u00e4n kummankin puolen etuosassa muutaman kerran.<\/figcaption><\/figure>\n<figure id=\"attachment_8832\" aria-describedby=\"caption-attachment-8832\" style=\"width: 300px\" class=\"wp-caption alignnone\"><a href=\"https:\/\/hotelli03.domainhotelli.fi\/~lsdoecli\/wp-content\/uploads\/2021\/12\/Antigeenipikatesti-DeepBlue-COVID-19-itsetestaukseen-vaihe-2.png\"><img loading=\"lazy\" class=\"wp-image-8832 size-medium\" src=\"https:\/\/hotelli03.domainhotelli.fi\/~lsdoecli\/wp-content\/uploads\/2021\/12\/Antigeenipikatesti-DeepBlue-COVID-19-itsetestaukseen-vaihe-2-300x107.png\" alt=\"Antigeenipikatesti DeepBlue itsetestaukseen vaihe 2\" width=\"300\" height=\"107\" \/><\/a><figcaption id=\"caption-attachment-8832\" class=\"wp-caption-text\">Vaihe 2. Aseta n\u00e4ytepuikko uuttoputkeen, jossa on valmiina liuos. Py\u00f6rit\u00e4 n\u00e4ytepuikkoa liuoksessa ja purista samalla uuttopurkkia nesteen kohdalta.<\/figcaption><\/figure>\n<figure id=\"attachment_8834\" aria-describedby=\"caption-attachment-8834\" style=\"width: 300px\" class=\"wp-caption alignnone\"><a href=\"https:\/\/hotelli03.domainhotelli.fi\/~lsdoecli\/wp-content\/uploads\/2021\/12\/Antigeenipikatesti-DeepBlue-COVID-19-itsetestaukseen-vaihe-3.png\"><img loading=\"lazy\" class=\"wp-image-8834 size-medium\" src=\"https:\/\/hotelli03.domainhotelli.fi\/~lsdoecli\/wp-content\/uploads\/2021\/12\/Antigeenipikatesti-DeepBlue-COVID-19-itsetestaukseen-vaihe-3-300x268.png\" alt=\"Korona kotitesti DeepBlue itsetestaukseen vaihe 3\" width=\"300\" height=\"268\" \/><\/a><figcaption id=\"caption-attachment-8834\" class=\"wp-caption-text\">Vaihe 3. Kaada uuttoputken liuos testikasten kuvassa n\u00e4kyv\u00e4\u00e4n kohtaa.<\/figcaption><\/figure>\n<figure id=\"attachment_8836\" aria-describedby=\"caption-attachment-8836\" style=\"width: 300px\" class=\"wp-caption alignnone\"><a href=\"https:\/\/hotelli03.domainhotelli.fi\/~lsdoecli\/wp-content\/uploads\/2021\/12\/Antigeenipikatesti-DeepBlue-COVID-19-itsetestaukseen-vaihe-4.png\"><img loading=\"lazy\" class=\"wp-image-8836 size-medium\" src=\"https:\/\/hotelli03.domainhotelli.fi\/~lsdoecli\/wp-content\/uploads\/2021\/12\/Antigeenipikatesti-DeepBlue-COVID-19-itsetestaukseen-vaihe-4-300x257.png\" alt=\"Koronapikatesti COVID-19 itsetestaukseen vaihe 4\" width=\"300\" height=\"257\" \/><\/a><figcaption id=\"caption-attachment-8836\" class=\"wp-caption-text\">Vaihe 4. Odota koronapikatestin testituloksen valmistumista 15min.<\/figcaption><\/figure>\n<figure id=\"attachment_8838\" aria-describedby=\"caption-attachment-8838\" style=\"width: 300px\" class=\"wp-caption alignnone\"><a href=\"https:\/\/hotelli03.domainhotelli.fi\/~lsdoecli\/wp-content\/uploads\/2021\/12\/Antigeenipikatesti-DeepBlue-COVID-19-itsetestaukseen-vaihe-5.png\"><img loading=\"lazy\" class=\"wp-image-8838 size-medium\" src=\"https:\/\/hotelli03.domainhotelli.fi\/~lsdoecli\/wp-content\/uploads\/2021\/12\/Antigeenipikatesti-DeepBlue-COVID-19-itsetestaukseen-vaihe-5-300x130.png\" alt=\"Korona kotitesti Deepblue COVID-19 itsetestaukseen vaihe 5\" width=\"300\" height=\"130\" \/><\/a><figcaption id=\"caption-attachment-8838\" class=\"wp-caption-text\">Vaihe 5. Testin tulos<\/figcaption><\/figure>\n<p>Voit lukea lis\u00e4\u00e4 kotona teht\u00e4vist\u00e4 koronapikatesteist\u00e4 THL sivuilta:<\/p>\n<p><a href=\"https:\/\/thl.fi\/fi\/web\/infektiotaudit-ja-rokotukset\/ajankohtaista\/ajankohtaista-koronaviruksesta-covid-19\/oireet-ja-hoito-koronavirus\/koronavirustestit\/koronaviruksen-kotitestit\">https:\/\/thl.fi\/fi\/web\/infektiotaudit-ja-rokotukset\/ajankohtaista\/ajankohtaista-koronaviruksesta-covid-19\/oireet-ja-hoito-koronavirus\/koronavirustestit\/koronaviruksen-kotitestit<\/a><\/p>\n<h3>Deepblue korona pikatestin pakkauksen sis\u00e4lt\u00f6<\/h3>\n<p>Pakkaus sis\u00e4lt\u00e4\u00e4:<\/p>\n<ul>\n<li>k\u00e4ytt\u00f6ohje suomeksi ja ruotsiksi<\/li>\n<li>SARS-CoV-2 antigenitesti kasetti &#8211; 1 kpl<\/li>\n<li>kertak\u00e4ytt\u00f6inen steriili n\u00e4ytepuikko &#8211; 1kpl<\/li>\n<li>uuttoliuosputki, jossa liuos valmiina- 1 kpl<\/li>\n<li>j\u00e4tepussi &#8211; 1 kpl<\/li>\n<li>suomen ja ruotsinkielinen pakkaus<\/li>\n<\/ul>\n<p>&nbsp;<\/p>\n","protected":false},"excerpt":{"rendered":"<p>Deepblue koronapikatesti on nopea ja eritt\u00e4in luotettava kotona teht\u00e4v\u00e4 antigeenipikatesti, jolla voidaan havaita\u00a0COVID-19 (korona) -virus aikaisessa vaiheessa henkil\u00f6ill\u00e4, joilla on tautiin viittaavia oireita.<\/p>\n<p>Testituloksen varmuus ei vaihtele eri koronamuunnosten suhteen. <strong>HUOM! Testi\u00a0tunnistaa my\u00f6s Omikron -muunnoksen.<\/strong><\/p>\n<p>&nbsp;<\/p>\n","protected":false},"featured_media":8904,"comment_status":"open","ping_status":"closed","template":"","meta":[],"product_cat":[532],"product_tag":[995,996,1005,1002,1004,999,1001,1003,1000,994],"yoast_head":"<!-- This site is optimized with the Yoast SEO Premium plugin v18.9 (Yoast SEO v19.3) - https:\/\/yoast.com\/wordpress\/plugins\/seo\/ -->\n<title>Deepblue korona pikatesti | tilaa antigeenitesti kotiin netist\u00e4 | JV Tuonti<\/title>\n<meta name=\"description\" content=\"Nopea ja luotettava korona pikatesti Deepblue. Tee korona kotitesti kotona ja tarkista onko sinulla korona. Tilaa antigeenitesti netist\u00e4!\" \/>\n<meta name=\"robots\" content=\"index, follow, max-snippet:-1, max-image-preview:large, max-video-preview:-1\" \/>\n<link rel=\"canonical\" href=\"https:\/\/hotelli03.domainhotelli.fi\/~lsdoecli\/tuote\/deepblue-korona-pikatesti\/\" \/>\n<meta property=\"og:locale\" content=\"fi_FI\" \/>\n<meta property=\"og:type\" content=\"article\" \/>\n<meta property=\"og:title\" content=\"Deepblue korona pikatesti\" \/>\n<meta property=\"og:description\" content=\"Nopea ja luotettava korona pikatesti Deepblue. Tee korona kotitesti kotona ja tarkista onko sinulla korona. Tilaa antigeenitesti netist\u00e4!\" \/>\n<meta property=\"og:url\" content=\"https:\/\/hotelli03.domainhotelli.fi\/~lsdoecli\/tuote\/deepblue-korona-pikatesti\/\" \/>\n<meta property=\"og:site_name\" content=\"JV Tuonti\" \/>\n<meta property=\"article:publisher\" content=\"https:\/\/www.facebook.com\/JVTuontiOy\" \/>\n<meta property=\"article:modified_time\" content=\"2022-05-22T16:50:51+00:00\" \/>\n<meta property=\"og:image\" content=\"https:\/\/hotelli03.domainhotelli.fi\/~lsdoecli\/wp-content\/uploads\/2021\/12\/Korona-pikatesti-DeepBlue-paketti-edesta-scaled.jpg\" \/>\n\t<meta property=\"og:image:width\" content=\"2560\" \/>\n\t<meta property=\"og:image:height\" content=\"1920\" \/>\n\t<meta property=\"og:image:type\" content=\"image\/jpeg\" \/>\n<meta name=\"twitter:card\" content=\"summary_large_image\" \/>\n<meta name=\"twitter:label1\" content=\"Price\" \/>\n\t<meta name=\"twitter:data1\" content=\"3,89&nbsp;&euro; 1,95&nbsp;&euro;N\u00e4yt\u00e4 veroton hinta1,95&nbsp;&euro; Alv 0%N\u00e4yt\u00e4 verollinen hinta\" \/>\n\t<meta name=\"twitter:label2\" content=\"Availability\" \/>\n\t<meta name=\"twitter:data2\" content=\"In stock\" \/>\n<script type=\"application\/ld+json\" class=\"yoast-schema-graph\">{\"@context\":\"https:\/\/schema.org\",\"@graph\":[{\"@type\":[\"Organization\",\"Place\",\"WholesaleStore\"],\"@id\":\"https:\/\/hotelli03.domainhotelli.fi\/~lsdoecli\/#organization\",\"name\":\"JV Tuonti Oy\",\"url\":\"https:\/\/hotelli03.domainhotelli.fi\/~lsdoecli\/\",\"sameAs\":[\"https:\/\/instagram.com\/jvtuontioy?utm_medium=copy_link\",\"https:\/\/www.facebook.com\/JVTuontiOy\"],\"logo\":{\"@id\":\"https:\/\/hotelli03.domainhotelli.fi\/~lsdoecli\/tuote\/deepblue-korona-pikatesti\/#local-main-organization-logo\"},\"image\":{\"@id\":\"https:\/\/hotelli03.domainhotelli.fi\/~lsdoecli\/tuote\/deepblue-korona-pikatesti\/#local-main-organization-logo\"},\"address\":{\"@id\":\"https:\/\/hotelli03.domainhotelli.fi\/~lsdoecli\/tuote\/deepblue-korona-pikatesti\/#local-main-place-address\"},\"geo\":{\"@type\":\"GeoCoordinates\",\"latitude\":\"60.28431\",\"longitude\":\"24.81654\"},\"telephone\":[\"0408369980\"],\"openingHoursSpecification\":[{\"@type\":\"OpeningHoursSpecification\",\"dayOfWeek\":[\"Monday\",\"Tuesday\",\"Wednesday\",\"Thursday\",\"Friday\"],\"opens\":\"08:00\",\"closes\":\"16:00\"},{\"@type\":\"OpeningHoursSpecification\",\"dayOfWeek\":[\"Saturday\",\"Sunday\"],\"opens\":\"00:00\",\"closes\":\"00:00\"}],\"email\":\"myynti@hotelli03.domainhotelli.fi\",\"areaServed\":\"Suomi, Ruotsi\",\"vatID\":\"FI30178387\",\"priceRange\":\"$$\",\"currenciesAccepted\":\"\u20ac\",\"paymentAccepted\":\"Lasku, pankkikortti\"},{\"@type\":\"WebSite\",\"@id\":\"https:\/\/hotelli03.domainhotelli.fi\/~lsdoecli\/#website\",\"url\":\"https:\/\/hotelli03.domainhotelli.fi\/~lsdoecli\/\",\"name\":\"JV Tuonti\",\"description\":\"JV Tuonti Oy:n verkkokauppa\",\"publisher\":{\"@id\":\"https:\/\/hotelli03.domainhotelli.fi\/~lsdoecli\/#organization\"},\"potentialAction\":[{\"@type\":\"SearchAction\",\"target\":{\"@type\":\"EntryPoint\",\"urlTemplate\":\"https:\/\/hotelli03.domainhotelli.fi\/~lsdoecli\/?s={search_term_string}\"},\"query-input\":\"required name=search_term_string\"}],\"inLanguage\":\"fi\"},{\"@type\":\"ImageObject\",\"inLanguage\":\"fi\",\"@id\":\"https:\/\/hotelli03.domainhotelli.fi\/~lsdoecli\/tuote\/deepblue-korona-pikatesti\/#primaryimage\",\"url\":\"https:\/\/hotelli03.domainhotelli.fi\/~lsdoecli\/wp-content\/uploads\/2021\/12\/Korona-pikatesti-DeepBlue-paketti-edesta-scaled.jpg\",\"contentUrl\":\"https:\/\/hotelli03.domainhotelli.fi\/~lsdoecli\/wp-content\/uploads\/2021\/12\/Korona-pikatesti-DeepBlue-paketti-edesta-scaled.jpg\",\"width\":2560,\"height\":1920,\"caption\":\"Nopea ja luotettava korona kotitesti Deepblue\"},{\"@type\":\"WebPage\",\"@id\":\"https:\/\/hotelli03.domainhotelli.fi\/~lsdoecli\/tuote\/deepblue-korona-pikatesti\/\",\"url\":\"https:\/\/hotelli03.domainhotelli.fi\/~lsdoecli\/tuote\/deepblue-korona-pikatesti\/\",\"name\":\"Deepblue korona pikatesti | tilaa antigeenitesti kotiin netist\u00e4 | JV Tuonti\",\"isPartOf\":{\"@id\":\"https:\/\/hotelli03.domainhotelli.fi\/~lsdoecli\/#website\"},\"primaryImageOfPage\":{\"@id\":\"https:\/\/hotelli03.domainhotelli.fi\/~lsdoecli\/tuote\/deepblue-korona-pikatesti\/#primaryimage\"},\"datePublished\":\"2021-12-29T10:31:02+00:00\",\"dateModified\":\"2022-05-22T16:50:51+00:00\",\"description\":\"Nopea ja luotettava korona pikatesti Deepblue. Tee korona kotitesti kotona ja tarkista onko sinulla korona. Tilaa antigeenitesti netist\u00e4!\",\"breadcrumb\":{\"@id\":\"https:\/\/hotelli03.domainhotelli.fi\/~lsdoecli\/tuote\/deepblue-korona-pikatesti\/#breadcrumb\"},\"inLanguage\":\"fi\",\"potentialAction\":[{\"@type\":\"ReadAction\",\"target\":[\"https:\/\/hotelli03.domainhotelli.fi\/~lsdoecli\/tuote\/deepblue-korona-pikatesti\/\"]}]},{\"@type\":\"BreadcrumbList\",\"@id\":\"https:\/\/hotelli03.domainhotelli.fi\/~lsdoecli\/tuote\/deepblue-korona-pikatesti\/#breadcrumb\",\"itemListElement\":[{\"@type\":\"ListItem\",\"position\":1,\"name\":\"Etusivu\",\"item\":\"https:\/\/hotelli03.domainhotelli.fi\/~lsdoecli\/\"},{\"@type\":\"ListItem\",\"position\":2,\"name\":\"Kauppa\",\"item\":\"https:\/\/hotelli03.domainhotelli.fi\/~lsdoecli\/kauppa\/\"},{\"@type\":\"ListItem\",\"position\":3,\"name\":\"Deepblue korona pikatesti\"}]},{\"@type\":\"PostalAddress\",\"@id\":\"https:\/\/hotelli03.domainhotelli.fi\/~lsdoecli\/tuote\/deepblue-korona-pikatesti\/#local-main-place-address\",\"streetAddress\":\"Pyymosantie 5a\",\"addressLocality\":\"Vantaa\",\"postalCode\":\"01720\",\"addressCountry\":\"FI\"},{\"@type\":\"ImageObject\",\"inLanguage\":\"fi\",\"@id\":\"https:\/\/hotelli03.domainhotelli.fi\/~lsdoecli\/tuote\/deepblue-korona-pikatesti\/#local-main-organization-logo\",\"url\":\"https:\/\/hotelli03.domainhotelli.fi\/~lsdoecli\/wp-content\/uploads\/2021\/08\/JVTuonti_logo_nelio.jpg\",\"contentUrl\":\"https:\/\/hotelli03.domainhotelli.fi\/~lsdoecli\/wp-content\/uploads\/2021\/08\/JVTuonti_logo_nelio.jpg\",\"width\":550,\"height\":550,\"caption\":\"JV Tuonti Oy\"}]}<\/script>\n<meta property=\"product:brand\" content=\"Deepblue\" \/>\n<meta property=\"product:price:amount\" content=\"1.95\" \/>\n<meta property=\"product:price:currency\" content=\"EUR\" \/>\n<meta property=\"og:availability\" content=\"instock\" \/>\n<meta property=\"product:availability\" content=\"instock\" \/>\n<meta property=\"product:retailer_item_id\" content=\"SL030101NST-1\" \/>\n<meta property=\"product:condition\" content=\"new\" \/>\n<meta name=\"geo.placename\" content=\"Vantaa\" \/>\n<meta name=\"geo.position\" content=\"60.28431;24.81654\" \/>\n<meta name=\"geo.region\" content=\"Suomi\" \/>\n<!-- \/ Yoast SEO Premium plugin. -->","yoast_head_json":{"title":"Deepblue korona pikatesti | tilaa antigeenitesti kotiin netist\u00e4 | JV Tuonti","description":"Nopea ja luotettava korona pikatesti Deepblue. Tee korona kotitesti kotona ja tarkista onko sinulla korona. Tilaa antigeenitesti netist\u00e4!","robots":{"index":"index","follow":"follow","max-snippet":"max-snippet:-1","max-image-preview":"max-image-preview:large","max-video-preview":"max-video-preview:-1"},"canonical":"https:\/\/hotelli03.domainhotelli.fi\/~lsdoecli\/tuote\/deepblue-korona-pikatesti\/","og_locale":"fi_FI","og_type":"article","og_title":"Deepblue korona pikatesti","og_description":"Nopea ja luotettava korona pikatesti Deepblue. Tee korona kotitesti kotona ja tarkista onko sinulla korona. Tilaa antigeenitesti netist\u00e4!","og_url":"https:\/\/hotelli03.domainhotelli.fi\/~lsdoecli\/tuote\/deepblue-korona-pikatesti\/","og_site_name":"JV Tuonti","article_publisher":"https:\/\/www.facebook.com\/JVTuontiOy","article_modified_time":"2022-05-22T16:50:51+00:00","og_image":[{"width":2560,"height":1920,"url":"https:\/\/hotelli03.domainhotelli.fi\/~lsdoecli\/wp-content\/uploads\/2021\/12\/Korona-pikatesti-DeepBlue-paketti-edesta-scaled.jpg","type":"image\/jpeg"}],"twitter_card":"summary_large_image","twitter_misc":{"Price":"3,89&nbsp;&euro; 1,95&nbsp;&euro;N\u00e4yt\u00e4 veroton hinta1,95&nbsp;&euro; Alv 0%N\u00e4yt\u00e4 verollinen hinta","Availability":"In stock"},"schema":{"@context":"https:\/\/schema.org","@graph":[{"@type":["Organization","Place","WholesaleStore"],"@id":"https:\/\/hotelli03.domainhotelli.fi\/~lsdoecli\/#organization","name":"JV Tuonti Oy","url":"https:\/\/hotelli03.domainhotelli.fi\/~lsdoecli\/","sameAs":["https:\/\/instagram.com\/jvtuontioy?utm_medium=copy_link","https:\/\/www.facebook.com\/JVTuontiOy"],"logo":{"@id":"https:\/\/hotelli03.domainhotelli.fi\/~lsdoecli\/tuote\/deepblue-korona-pikatesti\/#local-main-organization-logo"},"image":{"@id":"https:\/\/hotelli03.domainhotelli.fi\/~lsdoecli\/tuote\/deepblue-korona-pikatesti\/#local-main-organization-logo"},"address":{"@id":"https:\/\/hotelli03.domainhotelli.fi\/~lsdoecli\/tuote\/deepblue-korona-pikatesti\/#local-main-place-address"},"geo":{"@type":"GeoCoordinates","latitude":"60.28431","longitude":"24.81654"},"telephone":["0408369980"],"openingHoursSpecification":[{"@type":"OpeningHoursSpecification","dayOfWeek":["Monday","Tuesday","Wednesday","Thursday","Friday"],"opens":"08:00","closes":"16:00"},{"@type":"OpeningHoursSpecification","dayOfWeek":["Saturday","Sunday"],"opens":"00:00","closes":"00:00"}],"email":"myynti@hotelli03.domainhotelli.fi","areaServed":"Suomi, Ruotsi","vatID":"FI30178387","priceRange":"$$","currenciesAccepted":"\u20ac","paymentAccepted":"Lasku, pankkikortti"},{"@type":"WebSite","@id":"https:\/\/hotelli03.domainhotelli.fi\/~lsdoecli\/#website","url":"https:\/\/hotelli03.domainhotelli.fi\/~lsdoecli\/","name":"JV Tuonti","description":"JV Tuonti Oy:n verkkokauppa","publisher":{"@id":"https:\/\/hotelli03.domainhotelli.fi\/~lsdoecli\/#organization"},"potentialAction":[{"@type":"SearchAction","target":{"@type":"EntryPoint","urlTemplate":"https:\/\/hotelli03.domainhotelli.fi\/~lsdoecli\/?s={search_term_string}"},"query-input":"required name=search_term_string"}],"inLanguage":"fi"},{"@type":"ImageObject","inLanguage":"fi","@id":"https:\/\/hotelli03.domainhotelli.fi\/~lsdoecli\/tuote\/deepblue-korona-pikatesti\/#primaryimage","url":"https:\/\/hotelli03.domainhotelli.fi\/~lsdoecli\/wp-content\/uploads\/2021\/12\/Korona-pikatesti-DeepBlue-paketti-edesta-scaled.jpg","contentUrl":"https:\/\/hotelli03.domainhotelli.fi\/~lsdoecli\/wp-content\/uploads\/2021\/12\/Korona-pikatesti-DeepBlue-paketti-edesta-scaled.jpg","width":2560,"height":1920,"caption":"Nopea ja luotettava korona kotitesti Deepblue"},{"@type":"WebPage","@id":"https:\/\/hotelli03.domainhotelli.fi\/~lsdoecli\/tuote\/deepblue-korona-pikatesti\/","url":"https:\/\/hotelli03.domainhotelli.fi\/~lsdoecli\/tuote\/deepblue-korona-pikatesti\/","name":"Deepblue korona pikatesti | tilaa antigeenitesti kotiin netist\u00e4 | JV Tuonti","isPartOf":{"@id":"https:\/\/hotelli03.domainhotelli.fi\/~lsdoecli\/#website"},"primaryImageOfPage":{"@id":"https:\/\/hotelli03.domainhotelli.fi\/~lsdoecli\/tuote\/deepblue-korona-pikatesti\/#primaryimage"},"datePublished":"2021-12-29T10:31:02+00:00","dateModified":"2022-05-22T16:50:51+00:00","description":"Nopea ja luotettava korona pikatesti Deepblue. Tee korona kotitesti kotona ja tarkista onko sinulla korona. Tilaa antigeenitesti netist\u00e4!","breadcrumb":{"@id":"https:\/\/hotelli03.domainhotelli.fi\/~lsdoecli\/tuote\/deepblue-korona-pikatesti\/#breadcrumb"},"inLanguage":"fi","potentialAction":[{"@type":"ReadAction","target":["https:\/\/hotelli03.domainhotelli.fi\/~lsdoecli\/tuote\/deepblue-korona-pikatesti\/"]}]},{"@type":"BreadcrumbList","@id":"https:\/\/hotelli03.domainhotelli.fi\/~lsdoecli\/tuote\/deepblue-korona-pikatesti\/#breadcrumb","itemListElement":[{"@type":"ListItem","position":1,"name":"Etusivu","item":"https:\/\/hotelli03.domainhotelli.fi\/~lsdoecli\/"},{"@type":"ListItem","position":2,"name":"Kauppa","item":"https:\/\/hotelli03.domainhotelli.fi\/~lsdoecli\/kauppa\/"},{"@type":"ListItem","position":3,"name":"Deepblue korona pikatesti"}]},{"@type":"PostalAddress","@id":"https:\/\/hotelli03.domainhotelli.fi\/~lsdoecli\/tuote\/deepblue-korona-pikatesti\/#local-main-place-address","streetAddress":"Pyymosantie 5a","addressLocality":"Vantaa","postalCode":"01720","addressCountry":"FI"},{"@type":"ImageObject","inLanguage":"fi","@id":"https:\/\/hotelli03.domainhotelli.fi\/~lsdoecli\/tuote\/deepblue-korona-pikatesti\/#local-main-organization-logo","url":"https:\/\/hotelli03.domainhotelli.fi\/~lsdoecli\/wp-content\/uploads\/2021\/08\/JVTuonti_logo_nelio.jpg","contentUrl":"https:\/\/hotelli03.domainhotelli.fi\/~lsdoecli\/wp-content\/uploads\/2021\/08\/JVTuonti_logo_nelio.jpg","width":550,"height":550,"caption":"JV Tuonti Oy"}]},"product_brand":"Deepblue","product_price_amount":"1.95","product_price_currency":"EUR","og_availability":"instock","product_availability":"instock","product_retailer_item_id":"SL030101NST-1","product_condition":"new","geo.placename":"Vantaa","geo.position":{"lat":"60.28431","long":"24.81654"},"geo.region":"Suomi"},"_links":{"self":[{"href":"https:\/\/hotelli03.domainhotelli.fi\/~lsdoecli\/wp-json\/wp\/v2\/product\/8823"}],"collection":[{"href":"https:\/\/hotelli03.domainhotelli.fi\/~lsdoecli\/wp-json\/wp\/v2\/product"}],"about":[{"href":"https:\/\/hotelli03.domainhotelli.fi\/~lsdoecli\/wp-json\/wp\/v2\/types\/product"}],"replies":[{"embeddable":true,"href":"https:\/\/hotelli03.domainhotelli.fi\/~lsdoecli\/wp-json\/wp\/v2\/comments?post=8823"}],"wp:featuredmedia":[{"embeddable":true,"href":"https:\/\/hotelli03.domainhotelli.fi\/~lsdoecli\/wp-json\/wp\/v2\/media\/8904"}],"wp:attachment":[{"href":"https:\/\/hotelli03.domainhotelli.fi\/~lsdoecli\/wp-json\/wp\/v2\/media?parent=8823"}],"wp:term":[{"taxonomy":"product_cat","embeddable":true,"href":"https:\/\/hotelli03.domainhotelli.fi\/~lsdoecli\/wp-json\/wp\/v2\/product_cat?post=8823"},{"taxonomy":"product_tag","embeddable":true,"href":"https:\/\/hotelli03.domainhotelli.fi\/~lsdoecli\/wp-json\/wp\/v2\/product_tag?post=8823"}],"curies":[{"name":"wp","href":"https:\/\/api.w.org\/{rel}","templated":true}]}}