{"id":8770,"date":"2021-12-16T09:49:33","date_gmt":"2021-12-16T09:49:33","guid":{"rendered":"https:\/\/hotelli03.domainhotelli.fi\/~lsdoecli\/?post_type=product&#038;p=8770"},"modified":"2021-12-16T09:49:33","modified_gmt":"2021-12-16T09:49:33","slug":"fix-master-yleisruuvi-uppokanta-fix-cutter-tayskierre","status":"publish","type":"product","link":"https:\/\/hotelli03.domainhotelli.fi\/~lsdoecli\/tuote\/fix-master-yleisruuvi-uppokanta-fix-cutter-tayskierre\/","title":{"rendered":"Fix Master Yleisruuvi uppokanta fix-cutter, t\u00e4yskierre"},"content":{"rendered":"<h2 class=\"js-socialshare-subject\">Fix Master Yleisruuvi uppokanta fix-cutter, t\u00e4yskierre<\/h2>\n<p class=\"usp_text\">Leikkuu-uralla, TX-kanta<\/p>\n<div class=\"properties\">\n<ul>\n<li>Materiaali: Ter\u00e4s<\/li>\n<\/ul>\n<\/div>\n<p>Fix Master Yleisruuvin koot ja tiedot:<\/p>\n<table style=\"height: 522px;\" border=\"0\" width=\"535\" cellspacing=\"0\" cellpadding=\"0\">\n<colgroup>\n<col width=\"87\" \/>\n<col width=\"65\" \/>\n<col width=\"85\" \/>\n<col width=\"76\" \/>\n<col width=\"101\" \/><\/colgroup>\n<tbody>\n<tr>\n<td class=\"xl67\" width=\"87\" height=\"33\">Tuotenumero<br \/>\n<span class=\"font5\">Product number<\/span><\/td>\n<td class=\"xl68\" width=\"65\">Mitat<\/td>\n<td class=\"xl75\" colspan=\"2\" width=\"161\">Tuote<\/td>\n<td class=\"xl70\" width=\"101\">Pakkaus<\/td>\n<\/tr>\n<tr>\n<td class=\"xl66\" height=\"21\">0 1934 30<\/td>\n<td class=\"xl69\">4 x 30<\/td>\n<td class=\"xl74\" colspan=\"2\" width=\"161\">Yleisruuvi Fix-cutter TX20<\/td>\n<td class=\"xl71\">500 kpl<\/td>\n<\/tr>\n<tr>\n<td class=\"xl66\" height=\"21\">0 1934 35<\/td>\n<td class=\"xl69\">4 x 35<\/td>\n<td class=\"xl74\" colspan=\"2\" width=\"161\">Yleisruuvi Fix-cutter TX20<\/td>\n<td class=\"xl71\">500 kpl<\/td>\n<\/tr>\n<tr>\n<td class=\"xl66\" height=\"21\">0 1934 40<\/td>\n<td class=\"xl69\">4 x 40<\/td>\n<td class=\"xl74\" colspan=\"2\" width=\"161\">Yleisruuvi Fix-cutter TX20<\/td>\n<td class=\"xl71\">500 kpl<\/td>\n<\/tr>\n<tr>\n<td class=\"xl66\" height=\"21\">0 1934 45<\/td>\n<td class=\"xl69\">4 x 45<\/td>\n<td class=\"xl74\" colspan=\"2\" width=\"161\">Yleisruuvi Fix-cutter TX20<\/td>\n<td class=\"xl71\">500 kpl<\/td>\n<\/tr>\n<tr>\n<td class=\"xl66\" height=\"21\">0 19345 30<\/td>\n<td class=\"xl69\">4,5 x 30<\/td>\n<td class=\"xl74\" colspan=\"2\" width=\"161\">Yleisruuvi Fix-cutter TX25<\/td>\n<td class=\"xl71\">500 kpl<\/td>\n<\/tr>\n<tr>\n<td class=\"xl66\" height=\"21\">0 19345 35<\/td>\n<td class=\"xl69\">4,5 x 35<\/td>\n<td class=\"xl74\" colspan=\"2\" width=\"161\">Yleisruuvi Fix-cutter TX25<\/td>\n<td class=\"xl71\">500 kpl<\/td>\n<\/tr>\n<tr>\n<td class=\"xl72\" height=\"21\">0 19345 40<\/td>\n<td class=\"xl73\">4,5 x 40<\/td>\n<td class=\"xl74\" colspan=\"2\" width=\"161\">Yleisruuvi Fix-cutter TX25<\/td>\n<td class=\"xl71\">500 kpl<\/td>\n<\/tr>\n<tr>\n<td class=\"xl66\" height=\"21\">0 19345 45<\/td>\n<td class=\"xl69\">4,5 x 45<\/td>\n<td class=\"xl74\" colspan=\"2\" width=\"161\">Yleisruuvi Fix-cutter TX25<\/td>\n<td class=\"xl71\">200 kpl<\/td>\n<\/tr>\n<tr>\n<td class=\"xl66\" height=\"23\">0 1935 40<\/td>\n<td class=\"xl69\">5 x 40<\/td>\n<td class=\"xl74\" colspan=\"2\" width=\"161\">Yleisruuvi Fix-cutter TX25<\/td>\n<td class=\"xl71\">200 kpl<\/td>\n<\/tr>\n<\/tbody>\n<\/table>\n<p>&nbsp;<\/p>\n","protected":false},"excerpt":{"rendered":"<p class=\"js-socialshare-subject\">Fix Master Yleisruuvi uppokanta fix-cutter, t\u00e4yskierre<\/p>\n<p class=\"usp_text\">Leikkuu-uralla, TX-kanta<\/p>\n","protected":false},"featured_media":8771,"comment_status":"open","ping_status":"closed","template":"","meta":[],"product_cat":[166],"product_tag":[296,295],"yoast_head":"<!-- This site is optimized with the Yoast SEO Premium plugin v18.9 (Yoast SEO v19.3) - https:\/\/yoast.com\/wordpress\/plugins\/seo\/ -->\n<title>Fix Master Yleisruuvi uppokanta fix-cutter, t\u00e4yskierre | JV Tuonti<\/title>\n<meta name=\"description\" content=\"Fix Master Yleisruuvi uppokanta fix-cutter, t\u00e4yskierre. Leikkuu-uralla, TX-kanta, Materiaali: Ter\u00e4s. Tilaa t\u00e4st\u00e4!\" \/>\n<meta name=\"robots\" content=\"index, follow, max-snippet:-1, max-image-preview:large, max-video-preview:-1\" \/>\n<link rel=\"canonical\" href=\"https:\/\/hotelli03.domainhotelli.fi\/~lsdoecli\/tuote\/fix-master-yleisruuvi-uppokanta-fix-cutter-tayskierre\/\" \/>\n<meta property=\"og:locale\" content=\"fi_FI\" \/>\n<meta property=\"og:type\" content=\"article\" \/>\n<meta property=\"og:title\" content=\"Fix Master Yleisruuvi uppokanta fix-cutter, t\u00e4yskierre\" \/>\n<meta property=\"og:description\" content=\"Fix Master Yleisruuvi uppokanta fix-cutter, t\u00e4yskierre. Leikkuu-uralla, TX-kanta, Materiaali: Ter\u00e4s. Tilaa t\u00e4st\u00e4!\" \/>\n<meta property=\"og:url\" content=\"https:\/\/hotelli03.domainhotelli.fi\/~lsdoecli\/tuote\/fix-master-yleisruuvi-uppokanta-fix-cutter-tayskierre\/\" \/>\n<meta property=\"og:site_name\" content=\"JV Tuonti\" \/>\n<meta property=\"article:publisher\" content=\"https:\/\/www.facebook.com\/JVTuontiOy\" \/>\n<meta property=\"og:image\" content=\"https:\/\/hotelli03.domainhotelli.fi\/~lsdoecli\/wp-content\/uploads\/2021\/12\/FIX-MASTER-YLEISRUUVI-UPPOKANTA-FIX-CUTTER-TAYSKIERRE.jpg\" \/>\n\t<meta property=\"og:image:width\" content=\"800\" \/>\n\t<meta property=\"og:image:height\" content=\"800\" \/>\n\t<meta property=\"og:image:type\" content=\"image\/jpeg\" \/>\n<meta name=\"twitter:card\" content=\"summary_large_image\" \/>\n<meta name=\"twitter:label1\" content=\"Availability\" \/>\n\t<meta name=\"twitter:data1\" content=\"In stock\" \/>\n<script type=\"application\/ld+json\" class=\"yoast-schema-graph\">{\"@context\":\"https:\/\/schema.org\",\"@graph\":[{\"@type\":[\"Organization\",\"Place\",\"WholesaleStore\"],\"@id\":\"https:\/\/hotelli03.domainhotelli.fi\/~lsdoecli\/#organization\",\"name\":\"JV Tuonti Oy\",\"url\":\"https:\/\/hotelli03.domainhotelli.fi\/~lsdoecli\/\",\"sameAs\":[\"https:\/\/instagram.com\/jvtuontioy?utm_medium=copy_link\",\"https:\/\/www.facebook.com\/JVTuontiOy\"],\"logo\":{\"@id\":\"https:\/\/hotelli03.domainhotelli.fi\/~lsdoecli\/tuote\/fix-master-yleisruuvi-uppokanta-fix-cutter-tayskierre\/#local-main-organization-logo\"},\"image\":{\"@id\":\"https:\/\/hotelli03.domainhotelli.fi\/~lsdoecli\/tuote\/fix-master-yleisruuvi-uppokanta-fix-cutter-tayskierre\/#local-main-organization-logo\"},\"address\":{\"@id\":\"https:\/\/hotelli03.domainhotelli.fi\/~lsdoecli\/tuote\/fix-master-yleisruuvi-uppokanta-fix-cutter-tayskierre\/#local-main-place-address\"},\"geo\":{\"@type\":\"GeoCoordinates\",\"latitude\":\"60.28431\",\"longitude\":\"24.81654\"},\"telephone\":[\"0408369980\"],\"openingHoursSpecification\":[{\"@type\":\"OpeningHoursSpecification\",\"dayOfWeek\":[\"Monday\",\"Tuesday\",\"Wednesday\",\"Thursday\",\"Friday\"],\"opens\":\"08:00\",\"closes\":\"16:00\"},{\"@type\":\"OpeningHoursSpecification\",\"dayOfWeek\":[\"Saturday\",\"Sunday\"],\"opens\":\"00:00\",\"closes\":\"00:00\"}],\"email\":\"myynti@hotelli03.domainhotelli.fi\",\"areaServed\":\"Suomi, Ruotsi\",\"vatID\":\"FI30178387\",\"priceRange\":\"$$\",\"currenciesAccepted\":\"\u20ac\",\"paymentAccepted\":\"Lasku, pankkikortti\"},{\"@type\":\"WebSite\",\"@id\":\"https:\/\/hotelli03.domainhotelli.fi\/~lsdoecli\/#website\",\"url\":\"https:\/\/hotelli03.domainhotelli.fi\/~lsdoecli\/\",\"name\":\"JV Tuonti\",\"description\":\"JV Tuonti Oy:n verkkokauppa\",\"publisher\":{\"@id\":\"https:\/\/hotelli03.domainhotelli.fi\/~lsdoecli\/#organization\"},\"potentialAction\":[{\"@type\":\"SearchAction\",\"target\":{\"@type\":\"EntryPoint\",\"urlTemplate\":\"https:\/\/hotelli03.domainhotelli.fi\/~lsdoecli\/?s={search_term_string}\"},\"query-input\":\"required name=search_term_string\"}],\"inLanguage\":\"fi\"},{\"@type\":\"ImageObject\",\"inLanguage\":\"fi\",\"@id\":\"https:\/\/hotelli03.domainhotelli.fi\/~lsdoecli\/tuote\/fix-master-yleisruuvi-uppokanta-fix-cutter-tayskierre\/#primaryimage\",\"url\":\"https:\/\/hotelli03.domainhotelli.fi\/~lsdoecli\/wp-content\/uploads\/2021\/12\/FIX-MASTER-YLEISRUUVI-UPPOKANTA-FIX-CUTTER-TAYSKIERRE.jpg\",\"contentUrl\":\"https:\/\/hotelli03.domainhotelli.fi\/~lsdoecli\/wp-content\/uploads\/2021\/12\/FIX-MASTER-YLEISRUUVI-UPPOKANTA-FIX-CUTTER-TAYSKIERRE.jpg\",\"width\":800,\"height\":800,\"caption\":\"FIX MASTER YLEISRUUVI UPPOKANTA FIX-CUTTER, T\u00c4YSKIERRE\"},{\"@type\":\"WebPage\",\"@id\":\"https:\/\/hotelli03.domainhotelli.fi\/~lsdoecli\/tuote\/fix-master-yleisruuvi-uppokanta-fix-cutter-tayskierre\/\",\"url\":\"https:\/\/hotelli03.domainhotelli.fi\/~lsdoecli\/tuote\/fix-master-yleisruuvi-uppokanta-fix-cutter-tayskierre\/\",\"name\":\"Fix Master Yleisruuvi uppokanta fix-cutter, t\u00e4yskierre | JV Tuonti\",\"isPartOf\":{\"@id\":\"https:\/\/hotelli03.domainhotelli.fi\/~lsdoecli\/#website\"},\"primaryImageOfPage\":{\"@id\":\"https:\/\/hotelli03.domainhotelli.fi\/~lsdoecli\/tuote\/fix-master-yleisruuvi-uppokanta-fix-cutter-tayskierre\/#primaryimage\"},\"datePublished\":\"2021-12-16T09:49:33+00:00\",\"dateModified\":\"2021-12-16T09:49:33+00:00\",\"description\":\"Fix Master Yleisruuvi uppokanta fix-cutter, t\u00e4yskierre. Leikkuu-uralla, TX-kanta, Materiaali: Ter\u00e4s. Tilaa t\u00e4st\u00e4!\",\"breadcrumb\":{\"@id\":\"https:\/\/hotelli03.domainhotelli.fi\/~lsdoecli\/tuote\/fix-master-yleisruuvi-uppokanta-fix-cutter-tayskierre\/#breadcrumb\"},\"inLanguage\":\"fi\",\"potentialAction\":[{\"@type\":\"ReadAction\",\"target\":[\"https:\/\/hotelli03.domainhotelli.fi\/~lsdoecli\/tuote\/fix-master-yleisruuvi-uppokanta-fix-cutter-tayskierre\/\"]}]},{\"@type\":\"BreadcrumbList\",\"@id\":\"https:\/\/hotelli03.domainhotelli.fi\/~lsdoecli\/tuote\/fix-master-yleisruuvi-uppokanta-fix-cutter-tayskierre\/#breadcrumb\",\"itemListElement\":[{\"@type\":\"ListItem\",\"position\":1,\"name\":\"Etusivu\",\"item\":\"https:\/\/hotelli03.domainhotelli.fi\/~lsdoecli\/\"},{\"@type\":\"ListItem\",\"position\":2,\"name\":\"Kauppa\",\"item\":\"https:\/\/hotelli03.domainhotelli.fi\/~lsdoecli\/kauppa\/\"},{\"@type\":\"ListItem\",\"position\":3,\"name\":\"Fix Master Yleisruuvi uppokanta fix-cutter, t\u00e4yskierre\"}]},{\"@type\":\"PostalAddress\",\"@id\":\"https:\/\/hotelli03.domainhotelli.fi\/~lsdoecli\/tuote\/fix-master-yleisruuvi-uppokanta-fix-cutter-tayskierre\/#local-main-place-address\",\"streetAddress\":\"Pyymosantie 5a\",\"addressLocality\":\"Vantaa\",\"postalCode\":\"01720\",\"addressCountry\":\"FI\"},{\"@type\":\"ImageObject\",\"inLanguage\":\"fi\",\"@id\":\"https:\/\/hotelli03.domainhotelli.fi\/~lsdoecli\/tuote\/fix-master-yleisruuvi-uppokanta-fix-cutter-tayskierre\/#local-main-organization-logo\",\"url\":\"https:\/\/hotelli03.domainhotelli.fi\/~lsdoecli\/wp-content\/uploads\/2021\/08\/JVTuonti_logo_nelio.jpg\",\"contentUrl\":\"https:\/\/hotelli03.domainhotelli.fi\/~lsdoecli\/wp-content\/uploads\/2021\/08\/JVTuonti_logo_nelio.jpg\",\"width\":550,\"height\":550,\"caption\":\"JV Tuonti Oy\"}]}<\/script>\n<meta property=\"product:brand\" content=\"Fixmaster\" \/>\n<meta property=\"og:availability\" content=\"instock\" \/>\n<meta property=\"product:availability\" content=\"instock\" \/>\n<meta property=\"product:condition\" content=\"new\" \/>\n<meta name=\"geo.placename\" content=\"Vantaa\" \/>\n<meta name=\"geo.position\" content=\"60.28431;24.81654\" \/>\n<meta name=\"geo.region\" content=\"Suomi\" \/>\n<!-- \/ Yoast SEO Premium plugin. -->","yoast_head_json":{"title":"Fix Master Yleisruuvi uppokanta fix-cutter, t\u00e4yskierre | JV Tuonti","description":"Fix Master Yleisruuvi uppokanta fix-cutter, t\u00e4yskierre. Leikkuu-uralla, TX-kanta, Materiaali: Ter\u00e4s. Tilaa t\u00e4st\u00e4!","robots":{"index":"index","follow":"follow","max-snippet":"max-snippet:-1","max-image-preview":"max-image-preview:large","max-video-preview":"max-video-preview:-1"},"canonical":"https:\/\/hotelli03.domainhotelli.fi\/~lsdoecli\/tuote\/fix-master-yleisruuvi-uppokanta-fix-cutter-tayskierre\/","og_locale":"fi_FI","og_type":"article","og_title":"Fix Master Yleisruuvi uppokanta fix-cutter, t\u00e4yskierre","og_description":"Fix Master Yleisruuvi uppokanta fix-cutter, t\u00e4yskierre. Leikkuu-uralla, TX-kanta, Materiaali: Ter\u00e4s. Tilaa t\u00e4st\u00e4!","og_url":"https:\/\/hotelli03.domainhotelli.fi\/~lsdoecli\/tuote\/fix-master-yleisruuvi-uppokanta-fix-cutter-tayskierre\/","og_site_name":"JV Tuonti","article_publisher":"https:\/\/www.facebook.com\/JVTuontiOy","og_image":[{"width":800,"height":800,"url":"https:\/\/hotelli03.domainhotelli.fi\/~lsdoecli\/wp-content\/uploads\/2021\/12\/FIX-MASTER-YLEISRUUVI-UPPOKANTA-FIX-CUTTER-TAYSKIERRE.jpg","type":"image\/jpeg"}],"twitter_card":"summary_large_image","twitter_misc":{"Availability":"In stock"},"schema":{"@context":"https:\/\/schema.org","@graph":[{"@type":["Organization","Place","WholesaleStore"],"@id":"https:\/\/hotelli03.domainhotelli.fi\/~lsdoecli\/#organization","name":"JV Tuonti Oy","url":"https:\/\/hotelli03.domainhotelli.fi\/~lsdoecli\/","sameAs":["https:\/\/instagram.com\/jvtuontioy?utm_medium=copy_link","https:\/\/www.facebook.com\/JVTuontiOy"],"logo":{"@id":"https:\/\/hotelli03.domainhotelli.fi\/~lsdoecli\/tuote\/fix-master-yleisruuvi-uppokanta-fix-cutter-tayskierre\/#local-main-organization-logo"},"image":{"@id":"https:\/\/hotelli03.domainhotelli.fi\/~lsdoecli\/tuote\/fix-master-yleisruuvi-uppokanta-fix-cutter-tayskierre\/#local-main-organization-logo"},"address":{"@id":"https:\/\/hotelli03.domainhotelli.fi\/~lsdoecli\/tuote\/fix-master-yleisruuvi-uppokanta-fix-cutter-tayskierre\/#local-main-place-address"},"geo":{"@type":"GeoCoordinates","latitude":"60.28431","longitude":"24.81654"},"telephone":["0408369980"],"openingHoursSpecification":[{"@type":"OpeningHoursSpecification","dayOfWeek":["Monday","Tuesday","Wednesday","Thursday","Friday"],"opens":"08:00","closes":"16:00"},{"@type":"OpeningHoursSpecification","dayOfWeek":["Saturday","Sunday"],"opens":"00:00","closes":"00:00"}],"email":"myynti@hotelli03.domainhotelli.fi","areaServed":"Suomi, Ruotsi","vatID":"FI30178387","priceRange":"$$","currenciesAccepted":"\u20ac","paymentAccepted":"Lasku, pankkikortti"},{"@type":"WebSite","@id":"https:\/\/hotelli03.domainhotelli.fi\/~lsdoecli\/#website","url":"https:\/\/hotelli03.domainhotelli.fi\/~lsdoecli\/","name":"JV Tuonti","description":"JV Tuonti Oy:n verkkokauppa","publisher":{"@id":"https:\/\/hotelli03.domainhotelli.fi\/~lsdoecli\/#organization"},"potentialAction":[{"@type":"SearchAction","target":{"@type":"EntryPoint","urlTemplate":"https:\/\/hotelli03.domainhotelli.fi\/~lsdoecli\/?s={search_term_string}"},"query-input":"required name=search_term_string"}],"inLanguage":"fi"},{"@type":"ImageObject","inLanguage":"fi","@id":"https:\/\/hotelli03.domainhotelli.fi\/~lsdoecli\/tuote\/fix-master-yleisruuvi-uppokanta-fix-cutter-tayskierre\/#primaryimage","url":"https:\/\/hotelli03.domainhotelli.fi\/~lsdoecli\/wp-content\/uploads\/2021\/12\/FIX-MASTER-YLEISRUUVI-UPPOKANTA-FIX-CUTTER-TAYSKIERRE.jpg","contentUrl":"https:\/\/hotelli03.domainhotelli.fi\/~lsdoecli\/wp-content\/uploads\/2021\/12\/FIX-MASTER-YLEISRUUVI-UPPOKANTA-FIX-CUTTER-TAYSKIERRE.jpg","width":800,"height":800,"caption":"FIX MASTER YLEISRUUVI UPPOKANTA FIX-CUTTER, T\u00c4YSKIERRE"},{"@type":"WebPage","@id":"https:\/\/hotelli03.domainhotelli.fi\/~lsdoecli\/tuote\/fix-master-yleisruuvi-uppokanta-fix-cutter-tayskierre\/","url":"https:\/\/hotelli03.domainhotelli.fi\/~lsdoecli\/tuote\/fix-master-yleisruuvi-uppokanta-fix-cutter-tayskierre\/","name":"Fix Master Yleisruuvi uppokanta fix-cutter, t\u00e4yskierre | JV Tuonti","isPartOf":{"@id":"https:\/\/hotelli03.domainhotelli.fi\/~lsdoecli\/#website"},"primaryImageOfPage":{"@id":"https:\/\/hotelli03.domainhotelli.fi\/~lsdoecli\/tuote\/fix-master-yleisruuvi-uppokanta-fix-cutter-tayskierre\/#primaryimage"},"datePublished":"2021-12-16T09:49:33+00:00","dateModified":"2021-12-16T09:49:33+00:00","description":"Fix Master Yleisruuvi uppokanta fix-cutter, t\u00e4yskierre. Leikkuu-uralla, TX-kanta, Materiaali: Ter\u00e4s. Tilaa t\u00e4st\u00e4!","breadcrumb":{"@id":"https:\/\/hotelli03.domainhotelli.fi\/~lsdoecli\/tuote\/fix-master-yleisruuvi-uppokanta-fix-cutter-tayskierre\/#breadcrumb"},"inLanguage":"fi","potentialAction":[{"@type":"ReadAction","target":["https:\/\/hotelli03.domainhotelli.fi\/~lsdoecli\/tuote\/fix-master-yleisruuvi-uppokanta-fix-cutter-tayskierre\/"]}]},{"@type":"BreadcrumbList","@id":"https:\/\/hotelli03.domainhotelli.fi\/~lsdoecli\/tuote\/fix-master-yleisruuvi-uppokanta-fix-cutter-tayskierre\/#breadcrumb","itemListElement":[{"@type":"ListItem","position":1,"name":"Etusivu","item":"https:\/\/hotelli03.domainhotelli.fi\/~lsdoecli\/"},{"@type":"ListItem","position":2,"name":"Kauppa","item":"https:\/\/hotelli03.domainhotelli.fi\/~lsdoecli\/kauppa\/"},{"@type":"ListItem","position":3,"name":"Fix Master Yleisruuvi uppokanta fix-cutter, t\u00e4yskierre"}]},{"@type":"PostalAddress","@id":"https:\/\/hotelli03.domainhotelli.fi\/~lsdoecli\/tuote\/fix-master-yleisruuvi-uppokanta-fix-cutter-tayskierre\/#local-main-place-address","streetAddress":"Pyymosantie 5a","addressLocality":"Vantaa","postalCode":"01720","addressCountry":"FI"},{"@type":"ImageObject","inLanguage":"fi","@id":"https:\/\/hotelli03.domainhotelli.fi\/~lsdoecli\/tuote\/fix-master-yleisruuvi-uppokanta-fix-cutter-tayskierre\/#local-main-organization-logo","url":"https:\/\/hotelli03.domainhotelli.fi\/~lsdoecli\/wp-content\/uploads\/2021\/08\/JVTuonti_logo_nelio.jpg","contentUrl":"https:\/\/hotelli03.domainhotelli.fi\/~lsdoecli\/wp-content\/uploads\/2021\/08\/JVTuonti_logo_nelio.jpg","width":550,"height":550,"caption":"JV Tuonti Oy"}]},"product_brand":"Fixmaster","og_availability":"instock","product_availability":"instock","product_condition":"new","geo.placename":"Vantaa","geo.position":{"lat":"60.28431","long":"24.81654"},"geo.region":"Suomi"},"_links":{"self":[{"href":"https:\/\/hotelli03.domainhotelli.fi\/~lsdoecli\/wp-json\/wp\/v2\/product\/8770"}],"collection":[{"href":"https:\/\/hotelli03.domainhotelli.fi\/~lsdoecli\/wp-json\/wp\/v2\/product"}],"about":[{"href":"https:\/\/hotelli03.domainhotelli.fi\/~lsdoecli\/wp-json\/wp\/v2\/types\/product"}],"replies":[{"embeddable":true,"href":"https:\/\/hotelli03.domainhotelli.fi\/~lsdoecli\/wp-json\/wp\/v2\/comments?post=8770"}],"wp:featuredmedia":[{"embeddable":true,"href":"https:\/\/hotelli03.domainhotelli.fi\/~lsdoecli\/wp-json\/wp\/v2\/media\/8771"}],"wp:attachment":[{"href":"https:\/\/hotelli03.domainhotelli.fi\/~lsdoecli\/wp-json\/wp\/v2\/media?parent=8770"}],"wp:term":[{"taxonomy":"product_cat","embeddable":true,"href":"https:\/\/hotelli03.domainhotelli.fi\/~lsdoecli\/wp-json\/wp\/v2\/product_cat?post=8770"},{"taxonomy":"product_tag","embeddable":true,"href":"https:\/\/hotelli03.domainhotelli.fi\/~lsdoecli\/wp-json\/wp\/v2\/product_tag?post=8770"}],"curies":[{"name":"wp","href":"https:\/\/api.w.org\/{rel}","templated":true}]}}