{"id":8709,"date":"2021-12-01T10:01:40","date_gmt":"2021-12-01T10:01:40","guid":{"rendered":"https:\/\/hotelli03.domainhotelli.fi\/~lsdoecli\/?post_type=product&#038;p=8709"},"modified":"2022-02-13T17:46:24","modified_gmt":"2022-02-13T17:46:24","slug":"flex-iskeva-mutterinvaannin-iw-1-2-18-0-ec-runko","status":"publish","type":"product","link":"https:\/\/hotelli03.domainhotelli.fi\/~lsdoecli\/tuote\/flex-iskeva-mutterinvaannin-iw-1-2-18-0-ec-runko\/","title":{"rendered":"Flex iskev\u00e4 mutterinv\u00e4\u00e4nnin 18V IW 1\/2&#8243; 18.0-EC runko"},"content":{"rendered":"<h2>Flex iskev\u00e4 mutterinv\u00e4\u00e4nnin 18V IW 1\/2&#8243; 18.0-EC runko<\/h2>\n<ul class=\"contentlist productDetail__featureList js-toggle-list\">\n<li class=\"productDetail__featureListItem \">mutteriv\u00e4\u00e4ntimen hiiliharjaton moottori, takaa enemm\u00e4n tehoa ja pidempi huoltov\u00e4lin<\/li>\n<li class=\"productDetail__featureListItem \">pidempi k\u00e4ytt\u00f6ik\u00e4\u00e4 ja enemm\u00e4n tehokkuutta s\u00e4hk\u00f6isen hallintaj\u00e4rjestelm\u00e4n ansiosta<\/li>\n<li class=\"productDetail__featureListItem \">1\/2&#8243; hylsyille pidike<\/li>\n<li class=\"productDetail__featureListItem fadeInDown\">akkumutteriv\u00e4\u00e4ntimess\u00e4 on k\u00e4tev\u00e4 iskuns\u00e4\u00e4t\u00f6 tarkaan porauksen asemointiin<\/li>\n<li class=\"productDetail__featureListItem fadeInDown\">pulttipyssyss\u00e4 on helppo nopeuden s\u00e4\u00e4t\u00f6, josta saa valittua kolme erilaista nopeutta kohteen mukaan. T\u00e4ll\u00e4 voidaan est\u00e4\u00e4 esimerkiksi pienien ruuvien ylikiristymist\u00e4.<\/li>\n<li class=\"productDetail__featureListItem fadeInDown\">mutteriv\u00e4\u00e4ntimess\u00e4 on sis\u00e4\u00e4nrakennettu elektronien turvajarru<\/li>\n<li class=\"productDetail__featureListItem fadeInDown\">Py\u00f6rimissuunnan saa vaihdettua k\u00e4tev\u00e4sti turvakytkimest\u00e4<\/li>\n<li class=\"productDetail__featureListItem fadeInDown\">lukitsimella varustettu kytkin nopeudens\u00e4\u00e4t\u00f6lle<\/li>\n<li class=\"productDetail__featureListItem fadeInDown\">Kest\u00e4v\u00e4 vaihdelaatikon kotelo valettua alumiinia, suojakansi<\/li>\n<li class=\"productDetail__featureListItem fadeInDown\">Luistamaton, soft grip k\u00e4densija, ergonomisesti muotoiltu.<\/li>\n<li class=\"productDetail__featureListItem fadeInDown\">Integroitu LED lamppu j\u00e4lkihehkutoiminnolla<\/li>\n<li class=\"productDetail__featureListItem fadeInDown\">LED-ilmaisin osoittaa akun varaustilan<\/li>\n<li class=\"productDetail__featureListItem fadeInDown\">Sis\u00e4lt\u00e4en vy\u00f6pidikkeen ja bitsi laatikon<\/li>\n<li class=\"productDetail__featureListItem fadeInDown\">Toimitetaan ilman akkua ja laturia<\/li>\n<\/ul>\n<p>Flex iskev\u00e4 mutterinv\u00e4\u00e4nnin 18V IW 1\/2&#8243; 18.0-EC on ammattik\u00e4ytt\u00f6\u00f6n tarkoitettu pulttipyssy, jolla kiinnitet\u00e4\u00e4n kevyet betoniruuvit ja pultit ty\u00f6maalla sek\u00e4 henkil\u00f6autojen pultit autohuollossa renkaan vaihdon yhteydess\u00e4.<\/p>\n<h2>Flex iskev\u00e4 mutteriv\u00e4\u00e4nnin 18V IW 1\/2&#8243; 18.0-EC tekniset ominaisuudet:<\/h2>\n<ul class=\"tabs__contentList\">\n<li class=\"tabs__contentListItem clr \"><span class=\"tabs__attribute tabs__attribute--left\">Akun j\u00e4nnite\u00a0<\/span><span class=\"tabs__attribute tabs__attribute--right\">18 V<\/span><\/li>\n<li class=\"tabs__contentListItem clr tabs__contentListItem--grey\"><span class=\"tabs__attribute tabs__attribute--left\">Akun kapasiteetti\u00a0<\/span><span class=\"tabs__attribute tabs__attribute--right\">2,5 \/ 5,0 Ah<\/span><\/li>\n<li class=\"tabs__contentListItem clr \"><span class=\"tabs__attribute tabs__attribute--left\">Maksimi momentti\u00a0<\/span><span class=\"tabs__attribute tabs__attribute--right\">250 Nm<\/span><\/li>\n<li class=\"tabs__contentListItem clr tabs__contentListItem--grey\"><span class=\"tabs__attribute tabs__attribute--left\">Momentin porrastus\u00a0<\/span><span class=\"tabs__attribute tabs__attribute--right\">3 (140 \/ 170 \/ 250 Nm) <\/span><\/li>\n<li class=\"tabs__contentListItem clr \"><span class=\"tabs__attribute tabs__attribute--left\">Kuormittamaton nopeus\u00a0<\/span><span class=\"tabs__attribute tabs__attribute--right\">600-2500 \/min<\/span><\/li>\n<li class=\"tabs__contentListItem clr tabs__contentListItem--grey\"><span class=\"tabs__attribute tabs__attribute--left\">Kuormittamaton iskuluku\u00a0<\/span><span class=\"tabs__attribute tabs__attribute--right\">3300 \/min<\/span><\/li>\n<li class=\"tabs__contentListItem clr \"><span class=\"tabs__attribute tabs__attribute--left\">Istukka\u00a0<\/span><span class=\"tabs__attribute tabs__attribute--right\">1\/2&#8243; <\/span><\/li>\n<li class=\"tabs__contentListItem clr tabs__contentListItem--grey\"><span class=\"tabs__attribute tabs__attribute--left\">Koko (L x P x K)\u00a0<\/span><span class=\"tabs__attribute tabs__attribute--right\">140 x 75 x 240 mm<\/span><\/li>\n<li class=\"tabs__contentListItem clr \"><span class=\"tabs__attribute tabs__attribute--left\">Paino ilman akkua\u00a0<\/span><span class=\"tabs__attribute tabs__attribute--right\">1,1 kg<\/span><\/li>\n<\/ul>\n","protected":false},"excerpt":{"rendered":"<p>Ammattik\u00e4ytt\u00f6\u00f6n tarkoitettu mutteriv\u00e4\u00e4ntimen runko betoniruuvien ja pulttien asennusta varten. Pulttipyssy istuu hyvin k\u00e4teen ja siin\u00e4 on riitt\u00e4v\u00e4sti potkua pienemmille pulteille ja betoniruuveille. Saksalaista laatua.<\/p>\n<div id='gallery-1' class='gallery galleryid-8709 gallery-columns-4 gallery-size-thumbnail'><figure class='gallery-item'>\n\t\t\t<div class='gallery-icon landscape'>\n\t\t\t\t<a href='https:\/\/hotelli03.domainhotelli.fi\/~lsdoecli\/?attachment_id=8669'><img width=\"137\" height=\"136\" src=\"https:\/\/hotelli03.domainhotelli.fi\/~lsdoecli\/wp-content\/uploads\/2021\/11\/Akun-jannite-18V.jpeg\" class=\"attachment-thumbnail size-thumbnail\" alt=\"Akun j\u00e4nnite 18V\" loading=\"lazy\" \/><\/a>\n\t\t\t<\/div><\/figure><figure class='gallery-item'>\n\t\t\t<div class='gallery-icon landscape'>\n\t\t\t\t<a href='https:\/\/hotelli03.domainhotelli.fi\/~lsdoecli\/?attachment_id=8683'><img width=\"137\" height=\"136\" src=\"https:\/\/hotelli03.domainhotelli.fi\/~lsdoecli\/wp-content\/uploads\/2021\/11\/EC-moottori.jpeg\" class=\"attachment-thumbnail size-thumbnail\" alt=\"EC Moottori\" loading=\"lazy\" \/><\/a>\n\t\t\t<\/div><\/figure><figure class='gallery-item'>\n\t\t\t<div class='gallery-icon landscape'>\n\t\t\t\t<a href='https:\/\/hotelli03.domainhotelli.fi\/~lsdoecli\/?attachment_id=8687'><img width=\"137\" height=\"136\" src=\"https:\/\/hotelli03.domainhotelli.fi\/~lsdoecli\/wp-content\/uploads\/2021\/11\/Litium-ion-teknologia.jpeg\" class=\"attachment-thumbnail size-thumbnail\" alt=\"Lithium-ion teknologia\" loading=\"lazy\" \/><\/a>\n\t\t\t<\/div><\/figure><figure class='gallery-item'>\n\t\t\t<div class='gallery-icon landscape'>\n\t\t\t\t<a href='https:\/\/hotelli03.domainhotelli.fi\/~lsdoecli\/?attachment_id=8691'><img width=\"137\" height=\"136\" src=\"https:\/\/hotelli03.domainhotelli.fi\/~lsdoecli\/wp-content\/uploads\/2021\/11\/Tyokaluvapaa.jpeg\" class=\"attachment-thumbnail size-thumbnail\" alt=\"Ty\u00f6kaluvapaa\" loading=\"lazy\" \/><\/a>\n\t\t\t<\/div><\/figure>\n\t\t<\/div>\n\n","protected":false},"featured_media":8710,"comment_status":"open","ping_status":"closed","template":"","meta":[],"product_cat":[977],"product_tag":[1132,1120,983,984,1131],"yoast_head":"<!-- This site is optimized with the Yoast SEO Premium plugin v18.9 (Yoast SEO v19.3) - https:\/\/yoast.com\/wordpress\/plugins\/seo\/ -->\n<title>Flex iskev\u00e4 mutterinv\u00e4\u00e4nnin 18V IW 1\/2&quot; 18.0-EC runko | JV Tuonti<\/title>\n<meta name=\"description\" content=\"Flex iskev\u00e4 mutterinv\u00e4\u00e4nnin IW 1\/2&quot; 18.0-EC runko. Hiiliharjaton moottori, enemm\u00e4n tehoa ja pidempi huoltov\u00e4li. Tilaa Flex pulttipyssy!\" \/>\n<meta name=\"robots\" content=\"index, follow, max-snippet:-1, max-image-preview:large, max-video-preview:-1\" \/>\n<link rel=\"canonical\" href=\"https:\/\/hotelli03.domainhotelli.fi\/~lsdoecli\/tuote\/flex-iskeva-mutterinvaannin-iw-1-2-18-0-ec-runko\/\" \/>\n<meta property=\"og:locale\" content=\"fi_FI\" \/>\n<meta property=\"og:type\" content=\"article\" \/>\n<meta property=\"og:title\" content=\"Flex iskev\u00e4 mutterinv\u00e4\u00e4nnin 18V IW 1\/2&quot; 18.0-EC runko\" \/>\n<meta property=\"og:description\" content=\"Flex iskev\u00e4 mutterinv\u00e4\u00e4nnin IW 1\/2&quot; 18.0-EC runko. Hiiliharjaton moottori, enemm\u00e4n tehoa ja pidempi huoltov\u00e4li. Tilaa Flex pulttipyssy!\" \/>\n<meta property=\"og:url\" content=\"https:\/\/hotelli03.domainhotelli.fi\/~lsdoecli\/tuote\/flex-iskeva-mutterinvaannin-iw-1-2-18-0-ec-runko\/\" \/>\n<meta property=\"og:site_name\" content=\"JV Tuonti\" \/>\n<meta property=\"article:publisher\" content=\"https:\/\/www.facebook.com\/JVTuontiOy\" \/>\n<meta property=\"article:modified_time\" content=\"2022-02-13T17:46:24+00:00\" \/>\n<meta property=\"og:image\" content=\"https:\/\/hotelli03.domainhotelli.fi\/~lsdoecli\/wp-content\/uploads\/2021\/12\/Iskeva-mutterivaannin-IW-1222-18.0-EC.jpeg\" \/>\n\t<meta property=\"og:image:width\" content=\"305\" \/>\n\t<meta property=\"og:image:height\" content=\"425\" \/>\n\t<meta property=\"og:image:type\" content=\"image\/jpeg\" \/>\n<meta name=\"twitter:card\" content=\"summary_large_image\" \/>\n<meta name=\"twitter:label1\" content=\"Price\" \/>\n\t<meta name=\"twitter:data1\" content=\"234,36&nbsp;&euro; Alv 24%N\u00e4yt\u00e4 veroton hinta189,00&nbsp;&euro; Alv 0%N\u00e4yt\u00e4 verollinen hinta\" \/>\n\t<meta name=\"twitter:label2\" content=\"Availability\" \/>\n\t<meta name=\"twitter:data2\" content=\"In stock\" \/>\n<script type=\"application\/ld+json\" class=\"yoast-schema-graph\">{\"@context\":\"https:\/\/schema.org\",\"@graph\":[{\"@type\":[\"Organization\",\"Place\",\"WholesaleStore\"],\"@id\":\"https:\/\/hotelli03.domainhotelli.fi\/~lsdoecli\/#organization\",\"name\":\"JV Tuonti Oy\",\"url\":\"https:\/\/hotelli03.domainhotelli.fi\/~lsdoecli\/\",\"sameAs\":[\"https:\/\/instagram.com\/jvtuontioy?utm_medium=copy_link\",\"https:\/\/www.facebook.com\/JVTuontiOy\"],\"logo\":{\"@id\":\"https:\/\/hotelli03.domainhotelli.fi\/~lsdoecli\/tuote\/flex-iskeva-mutterinvaannin-iw-1-2-18-0-ec-runko\/#local-main-organization-logo\"},\"image\":{\"@id\":\"https:\/\/hotelli03.domainhotelli.fi\/~lsdoecli\/tuote\/flex-iskeva-mutterinvaannin-iw-1-2-18-0-ec-runko\/#local-main-organization-logo\"},\"address\":{\"@id\":\"https:\/\/hotelli03.domainhotelli.fi\/~lsdoecli\/tuote\/flex-iskeva-mutterinvaannin-iw-1-2-18-0-ec-runko\/#local-main-place-address\"},\"geo\":{\"@type\":\"GeoCoordinates\",\"latitude\":\"60.28431\",\"longitude\":\"24.81654\"},\"telephone\":[\"0408369980\"],\"openingHoursSpecification\":[{\"@type\":\"OpeningHoursSpecification\",\"dayOfWeek\":[\"Monday\",\"Tuesday\",\"Wednesday\",\"Thursday\",\"Friday\"],\"opens\":\"08:00\",\"closes\":\"16:00\"},{\"@type\":\"OpeningHoursSpecification\",\"dayOfWeek\":[\"Saturday\",\"Sunday\"],\"opens\":\"00:00\",\"closes\":\"00:00\"}],\"email\":\"myynti@hotelli03.domainhotelli.fi\",\"areaServed\":\"Suomi, Ruotsi\",\"vatID\":\"FI30178387\",\"priceRange\":\"$$\",\"currenciesAccepted\":\"\u20ac\",\"paymentAccepted\":\"Lasku, pankkikortti\"},{\"@type\":\"WebSite\",\"@id\":\"https:\/\/hotelli03.domainhotelli.fi\/~lsdoecli\/#website\",\"url\":\"https:\/\/hotelli03.domainhotelli.fi\/~lsdoecli\/\",\"name\":\"JV Tuonti\",\"description\":\"JV Tuonti Oy:n verkkokauppa\",\"publisher\":{\"@id\":\"https:\/\/hotelli03.domainhotelli.fi\/~lsdoecli\/#organization\"},\"potentialAction\":[{\"@type\":\"SearchAction\",\"target\":{\"@type\":\"EntryPoint\",\"urlTemplate\":\"https:\/\/hotelli03.domainhotelli.fi\/~lsdoecli\/?s={search_term_string}\"},\"query-input\":\"required name=search_term_string\"}],\"inLanguage\":\"fi\"},{\"@type\":\"ImageObject\",\"inLanguage\":\"fi\",\"@id\":\"https:\/\/hotelli03.domainhotelli.fi\/~lsdoecli\/tuote\/flex-iskeva-mutterinvaannin-iw-1-2-18-0-ec-runko\/#primaryimage\",\"url\":\"https:\/\/hotelli03.domainhotelli.fi\/~lsdoecli\/wp-content\/uploads\/2021\/12\/Iskeva-mutterivaannin-IW-1222-18.0-EC.jpeg\",\"contentUrl\":\"https:\/\/hotelli03.domainhotelli.fi\/~lsdoecli\/wp-content\/uploads\/2021\/12\/Iskeva-mutterivaannin-IW-1222-18.0-EC.jpeg\",\"width\":305,\"height\":425,\"caption\":\"Flex iskev\u00e4 mutterinv\u00e4\u00e4nnin 18V IW 1\/2\\\" 18.0-EC runko\"},{\"@type\":\"WebPage\",\"@id\":\"https:\/\/hotelli03.domainhotelli.fi\/~lsdoecli\/tuote\/flex-iskeva-mutterinvaannin-iw-1-2-18-0-ec-runko\/\",\"url\":\"https:\/\/hotelli03.domainhotelli.fi\/~lsdoecli\/tuote\/flex-iskeva-mutterinvaannin-iw-1-2-18-0-ec-runko\/\",\"name\":\"Flex iskev\u00e4 mutterinv\u00e4\u00e4nnin 18V IW 1\/2\\\" 18.0-EC runko | JV Tuonti\",\"isPartOf\":{\"@id\":\"https:\/\/hotelli03.domainhotelli.fi\/~lsdoecli\/#website\"},\"primaryImageOfPage\":{\"@id\":\"https:\/\/hotelli03.domainhotelli.fi\/~lsdoecli\/tuote\/flex-iskeva-mutterinvaannin-iw-1-2-18-0-ec-runko\/#primaryimage\"},\"datePublished\":\"2021-12-01T10:01:40+00:00\",\"dateModified\":\"2022-02-13T17:46:24+00:00\",\"description\":\"Flex iskev\u00e4 mutterinv\u00e4\u00e4nnin IW 1\/2\\\" 18.0-EC runko. Hiiliharjaton moottori, enemm\u00e4n tehoa ja pidempi huoltov\u00e4li. Tilaa Flex pulttipyssy!\",\"breadcrumb\":{\"@id\":\"https:\/\/hotelli03.domainhotelli.fi\/~lsdoecli\/tuote\/flex-iskeva-mutterinvaannin-iw-1-2-18-0-ec-runko\/#breadcrumb\"},\"inLanguage\":\"fi\",\"potentialAction\":[{\"@type\":\"ReadAction\",\"target\":[\"https:\/\/hotelli03.domainhotelli.fi\/~lsdoecli\/tuote\/flex-iskeva-mutterinvaannin-iw-1-2-18-0-ec-runko\/\"]}]},{\"@type\":\"BreadcrumbList\",\"@id\":\"https:\/\/hotelli03.domainhotelli.fi\/~lsdoecli\/tuote\/flex-iskeva-mutterinvaannin-iw-1-2-18-0-ec-runko\/#breadcrumb\",\"itemListElement\":[{\"@type\":\"ListItem\",\"position\":1,\"name\":\"Etusivu\",\"item\":\"https:\/\/hotelli03.domainhotelli.fi\/~lsdoecli\/\"},{\"@type\":\"ListItem\",\"position\":2,\"name\":\"Kauppa\",\"item\":\"https:\/\/hotelli03.domainhotelli.fi\/~lsdoecli\/kauppa\/\"},{\"@type\":\"ListItem\",\"position\":3,\"name\":\"Flex iskev\u00e4 mutterinv\u00e4\u00e4nnin 18V IW 1\/2&#8243; 18.0-EC runko\"}]},{\"@type\":\"PostalAddress\",\"@id\":\"https:\/\/hotelli03.domainhotelli.fi\/~lsdoecli\/tuote\/flex-iskeva-mutterinvaannin-iw-1-2-18-0-ec-runko\/#local-main-place-address\",\"streetAddress\":\"Pyymosantie 5a\",\"addressLocality\":\"Vantaa\",\"postalCode\":\"01720\",\"addressCountry\":\"FI\"},{\"@type\":\"ImageObject\",\"inLanguage\":\"fi\",\"@id\":\"https:\/\/hotelli03.domainhotelli.fi\/~lsdoecli\/tuote\/flex-iskeva-mutterinvaannin-iw-1-2-18-0-ec-runko\/#local-main-organization-logo\",\"url\":\"https:\/\/hotelli03.domainhotelli.fi\/~lsdoecli\/wp-content\/uploads\/2021\/08\/JVTuonti_logo_nelio.jpg\",\"contentUrl\":\"https:\/\/hotelli03.domainhotelli.fi\/~lsdoecli\/wp-content\/uploads\/2021\/08\/JVTuonti_logo_nelio.jpg\",\"width\":550,\"height\":550,\"caption\":\"JV Tuonti Oy\"}]}<\/script>\n<meta property=\"product:brand\" content=\"FLEX\" \/>\n<meta property=\"product:price:amount\" content=\"234.36\" \/>\n<meta property=\"product:price:currency\" content=\"EUR\" \/>\n<meta property=\"og:availability\" content=\"instock\" \/>\n<meta property=\"product:availability\" content=\"instock\" \/>\n<meta property=\"product:retailer_item_id\" content=\"491268\" \/>\n<meta property=\"product:condition\" content=\"new\" \/>\n<meta name=\"geo.placename\" content=\"Vantaa\" \/>\n<meta name=\"geo.position\" content=\"60.28431;24.81654\" \/>\n<meta name=\"geo.region\" content=\"Suomi\" \/>\n<!-- \/ Yoast SEO Premium plugin. -->","yoast_head_json":{"title":"Flex iskev\u00e4 mutterinv\u00e4\u00e4nnin 18V IW 1\/2\" 18.0-EC runko | JV Tuonti","description":"Flex iskev\u00e4 mutterinv\u00e4\u00e4nnin IW 1\/2\" 18.0-EC runko. Hiiliharjaton moottori, enemm\u00e4n tehoa ja pidempi huoltov\u00e4li. Tilaa Flex pulttipyssy!","robots":{"index":"index","follow":"follow","max-snippet":"max-snippet:-1","max-image-preview":"max-image-preview:large","max-video-preview":"max-video-preview:-1"},"canonical":"https:\/\/hotelli03.domainhotelli.fi\/~lsdoecli\/tuote\/flex-iskeva-mutterinvaannin-iw-1-2-18-0-ec-runko\/","og_locale":"fi_FI","og_type":"article","og_title":"Flex iskev\u00e4 mutterinv\u00e4\u00e4nnin 18V IW 1\/2\" 18.0-EC runko","og_description":"Flex iskev\u00e4 mutterinv\u00e4\u00e4nnin IW 1\/2\" 18.0-EC runko. Hiiliharjaton moottori, enemm\u00e4n tehoa ja pidempi huoltov\u00e4li. Tilaa Flex pulttipyssy!","og_url":"https:\/\/hotelli03.domainhotelli.fi\/~lsdoecli\/tuote\/flex-iskeva-mutterinvaannin-iw-1-2-18-0-ec-runko\/","og_site_name":"JV Tuonti","article_publisher":"https:\/\/www.facebook.com\/JVTuontiOy","article_modified_time":"2022-02-13T17:46:24+00:00","og_image":[{"width":305,"height":425,"url":"https:\/\/hotelli03.domainhotelli.fi\/~lsdoecli\/wp-content\/uploads\/2021\/12\/Iskeva-mutterivaannin-IW-1222-18.0-EC.jpeg","type":"image\/jpeg"}],"twitter_card":"summary_large_image","twitter_misc":{"Price":"234,36&nbsp;&euro; Alv 24%N\u00e4yt\u00e4 veroton hinta189,00&nbsp;&euro; Alv 0%N\u00e4yt\u00e4 verollinen hinta","Availability":"In stock"},"schema":{"@context":"https:\/\/schema.org","@graph":[{"@type":["Organization","Place","WholesaleStore"],"@id":"https:\/\/hotelli03.domainhotelli.fi\/~lsdoecli\/#organization","name":"JV Tuonti Oy","url":"https:\/\/hotelli03.domainhotelli.fi\/~lsdoecli\/","sameAs":["https:\/\/instagram.com\/jvtuontioy?utm_medium=copy_link","https:\/\/www.facebook.com\/JVTuontiOy"],"logo":{"@id":"https:\/\/hotelli03.domainhotelli.fi\/~lsdoecli\/tuote\/flex-iskeva-mutterinvaannin-iw-1-2-18-0-ec-runko\/#local-main-organization-logo"},"image":{"@id":"https:\/\/hotelli03.domainhotelli.fi\/~lsdoecli\/tuote\/flex-iskeva-mutterinvaannin-iw-1-2-18-0-ec-runko\/#local-main-organization-logo"},"address":{"@id":"https:\/\/hotelli03.domainhotelli.fi\/~lsdoecli\/tuote\/flex-iskeva-mutterinvaannin-iw-1-2-18-0-ec-runko\/#local-main-place-address"},"geo":{"@type":"GeoCoordinates","latitude":"60.28431","longitude":"24.81654"},"telephone":["0408369980"],"openingHoursSpecification":[{"@type":"OpeningHoursSpecification","dayOfWeek":["Monday","Tuesday","Wednesday","Thursday","Friday"],"opens":"08:00","closes":"16:00"},{"@type":"OpeningHoursSpecification","dayOfWeek":["Saturday","Sunday"],"opens":"00:00","closes":"00:00"}],"email":"myynti@hotelli03.domainhotelli.fi","areaServed":"Suomi, Ruotsi","vatID":"FI30178387","priceRange":"$$","currenciesAccepted":"\u20ac","paymentAccepted":"Lasku, pankkikortti"},{"@type":"WebSite","@id":"https:\/\/hotelli03.domainhotelli.fi\/~lsdoecli\/#website","url":"https:\/\/hotelli03.domainhotelli.fi\/~lsdoecli\/","name":"JV Tuonti","description":"JV Tuonti Oy:n verkkokauppa","publisher":{"@id":"https:\/\/hotelli03.domainhotelli.fi\/~lsdoecli\/#organization"},"potentialAction":[{"@type":"SearchAction","target":{"@type":"EntryPoint","urlTemplate":"https:\/\/hotelli03.domainhotelli.fi\/~lsdoecli\/?s={search_term_string}"},"query-input":"required name=search_term_string"}],"inLanguage":"fi"},{"@type":"ImageObject","inLanguage":"fi","@id":"https:\/\/hotelli03.domainhotelli.fi\/~lsdoecli\/tuote\/flex-iskeva-mutterinvaannin-iw-1-2-18-0-ec-runko\/#primaryimage","url":"https:\/\/hotelli03.domainhotelli.fi\/~lsdoecli\/wp-content\/uploads\/2021\/12\/Iskeva-mutterivaannin-IW-1222-18.0-EC.jpeg","contentUrl":"https:\/\/hotelli03.domainhotelli.fi\/~lsdoecli\/wp-content\/uploads\/2021\/12\/Iskeva-mutterivaannin-IW-1222-18.0-EC.jpeg","width":305,"height":425,"caption":"Flex iskev\u00e4 mutterinv\u00e4\u00e4nnin 18V IW 1\/2\" 18.0-EC runko"},{"@type":"WebPage","@id":"https:\/\/hotelli03.domainhotelli.fi\/~lsdoecli\/tuote\/flex-iskeva-mutterinvaannin-iw-1-2-18-0-ec-runko\/","url":"https:\/\/hotelli03.domainhotelli.fi\/~lsdoecli\/tuote\/flex-iskeva-mutterinvaannin-iw-1-2-18-0-ec-runko\/","name":"Flex iskev\u00e4 mutterinv\u00e4\u00e4nnin 18V IW 1\/2\" 18.0-EC runko | JV Tuonti","isPartOf":{"@id":"https:\/\/hotelli03.domainhotelli.fi\/~lsdoecli\/#website"},"primaryImageOfPage":{"@id":"https:\/\/hotelli03.domainhotelli.fi\/~lsdoecli\/tuote\/flex-iskeva-mutterinvaannin-iw-1-2-18-0-ec-runko\/#primaryimage"},"datePublished":"2021-12-01T10:01:40+00:00","dateModified":"2022-02-13T17:46:24+00:00","description":"Flex iskev\u00e4 mutterinv\u00e4\u00e4nnin IW 1\/2\" 18.0-EC runko. Hiiliharjaton moottori, enemm\u00e4n tehoa ja pidempi huoltov\u00e4li. Tilaa Flex pulttipyssy!","breadcrumb":{"@id":"https:\/\/hotelli03.domainhotelli.fi\/~lsdoecli\/tuote\/flex-iskeva-mutterinvaannin-iw-1-2-18-0-ec-runko\/#breadcrumb"},"inLanguage":"fi","potentialAction":[{"@type":"ReadAction","target":["https:\/\/hotelli03.domainhotelli.fi\/~lsdoecli\/tuote\/flex-iskeva-mutterinvaannin-iw-1-2-18-0-ec-runko\/"]}]},{"@type":"BreadcrumbList","@id":"https:\/\/hotelli03.domainhotelli.fi\/~lsdoecli\/tuote\/flex-iskeva-mutterinvaannin-iw-1-2-18-0-ec-runko\/#breadcrumb","itemListElement":[{"@type":"ListItem","position":1,"name":"Etusivu","item":"https:\/\/hotelli03.domainhotelli.fi\/~lsdoecli\/"},{"@type":"ListItem","position":2,"name":"Kauppa","item":"https:\/\/hotelli03.domainhotelli.fi\/~lsdoecli\/kauppa\/"},{"@type":"ListItem","position":3,"name":"Flex iskev\u00e4 mutterinv\u00e4\u00e4nnin 18V IW 1\/2&#8243; 18.0-EC runko"}]},{"@type":"PostalAddress","@id":"https:\/\/hotelli03.domainhotelli.fi\/~lsdoecli\/tuote\/flex-iskeva-mutterinvaannin-iw-1-2-18-0-ec-runko\/#local-main-place-address","streetAddress":"Pyymosantie 5a","addressLocality":"Vantaa","postalCode":"01720","addressCountry":"FI"},{"@type":"ImageObject","inLanguage":"fi","@id":"https:\/\/hotelli03.domainhotelli.fi\/~lsdoecli\/tuote\/flex-iskeva-mutterinvaannin-iw-1-2-18-0-ec-runko\/#local-main-organization-logo","url":"https:\/\/hotelli03.domainhotelli.fi\/~lsdoecli\/wp-content\/uploads\/2021\/08\/JVTuonti_logo_nelio.jpg","contentUrl":"https:\/\/hotelli03.domainhotelli.fi\/~lsdoecli\/wp-content\/uploads\/2021\/08\/JVTuonti_logo_nelio.jpg","width":550,"height":550,"caption":"JV Tuonti Oy"}]},"product_brand":"FLEX","product_price_amount":"234.36","product_price_currency":"EUR","og_availability":"instock","product_availability":"instock","product_retailer_item_id":"491268","product_condition":"new","geo.placename":"Vantaa","geo.position":{"lat":"60.28431","long":"24.81654"},"geo.region":"Suomi"},"_links":{"self":[{"href":"https:\/\/hotelli03.domainhotelli.fi\/~lsdoecli\/wp-json\/wp\/v2\/product\/8709"}],"collection":[{"href":"https:\/\/hotelli03.domainhotelli.fi\/~lsdoecli\/wp-json\/wp\/v2\/product"}],"about":[{"href":"https:\/\/hotelli03.domainhotelli.fi\/~lsdoecli\/wp-json\/wp\/v2\/types\/product"}],"replies":[{"embeddable":true,"href":"https:\/\/hotelli03.domainhotelli.fi\/~lsdoecli\/wp-json\/wp\/v2\/comments?post=8709"}],"wp:featuredmedia":[{"embeddable":true,"href":"https:\/\/hotelli03.domainhotelli.fi\/~lsdoecli\/wp-json\/wp\/v2\/media\/8710"}],"wp:attachment":[{"href":"https:\/\/hotelli03.domainhotelli.fi\/~lsdoecli\/wp-json\/wp\/v2\/media?parent=8709"}],"wp:term":[{"taxonomy":"product_cat","embeddable":true,"href":"https:\/\/hotelli03.domainhotelli.fi\/~lsdoecli\/wp-json\/wp\/v2\/product_cat?post=8709"},{"taxonomy":"product_tag","embeddable":true,"href":"https:\/\/hotelli03.domainhotelli.fi\/~lsdoecli\/wp-json\/wp\/v2\/product_tag?post=8709"}],"curies":[{"name":"wp","href":"https:\/\/api.w.org\/{rel}","templated":true}]}}