{"id":8705,"date":"2021-12-01T08:03:41","date_gmt":"2021-12-01T08:03:41","guid":{"rendered":"https:\/\/hotelli03.domainhotelli.fi\/~lsdoecli\/?post_type=product&#038;p=8705"},"modified":"2021-12-01T08:03:42","modified_gmt":"2021-12-01T08:03:42","slug":"akkuporakone-flex-dd-2g-18-0-ec-runko","status":"publish","type":"product","link":"https:\/\/hotelli03.domainhotelli.fi\/~lsdoecli\/tuote\/akkuporakone-flex-dd-2g-18-0-ec-runko\/","title":{"rendered":"Akkuporakone Flex DD 2G 18.0-EC runko"},"content":{"rendered":"<h2>Akkuporakone Flex DD 2G 18.0-EC vaativaankin k\u00e4ytt\u00f6\u00f6n!<\/h2>\n<p>Akkuporakone toimitetaan pahvilaatikossa mihin kuuluu kaksi erilaista istukkaa ja sivukahva. EI SIS\u00c4LL\u00c4 AKKUA TAI LATURIA.<\/p>\n<ul class=\"contentlist productDetail__featureList js-toggle-list\">\n<li class=\"productDetail__featureListItem \">Hiiliharjaton moottori, enemm\u00e4n tehoa ja pidempi huoltov\u00e4li<\/li>\n<li class=\"productDetail__featureListItem \">S\u00e4hk\u00f6inen hallintaj\u00e4rjestelm\u00e4 suojelee konetta, pident\u00e4\u00e4 k\u00e4ytt\u00f6ik\u00e4\u00e4 ja lis\u00e4\u00e4 tehokkuutta<\/li>\n<li class=\"productDetail__featureListItem \">Porausistukka on irroitettavissa ilman ty\u00f6kaluja<\/li>\n<li class=\"productDetail__featureListItem fadeInDown\">Py\u00f6rimissuunnan vaihto turvakytkimell\u00e4<\/li>\n<li class=\"productDetail__featureListItem fadeInDown\">Metallinen pikaistukka jossa tukirengas ja automaattinen lukitustoiminto<\/li>\n<li class=\"productDetail__featureListItem fadeInDown\">Elektronien turvajarru<\/li>\n<li class=\"productDetail__featureListItem fadeInDown\">Nopeuss\u00e4\u00e4t\u00f6 kytkimell\u00e4 varustettu lukitsimella<\/li>\n<li class=\"productDetail__featureListItem fadeInDown\">Vankka painevalettu alumiinirunko<\/li>\n<li class=\"productDetail__featureListItem fadeInDown\">Luistamaton, soft grip k\u00e4densija, ergonomisesti muotoiltu.<\/li>\n<li class=\"productDetail__featureListItem fadeInDown\">Integroitu LED lamppu j\u00e4lkihehkutoiminnolla<\/li>\n<li class=\"productDetail__featureListItem fadeInDown\">LED-ilmaisin osoittaa akun varaustilan<\/li>\n<li class=\"productDetail__featureListItem fadeInDown\">Sis\u00e4lt\u00e4\u00e4 irroitettavan sivukahvan, vy\u00f6koukun ja ty\u00f6kalupitimen<\/li>\n<li class=\"productDetail__featureListItem fadeInDown\">FLEX akkuj\u00e4rjestelm\u00e4 soveltuu kaikkiin uusiin 18,0 V FLEX-ty\u00f6kaluihin<\/li>\n<\/ul>\n<h4>Akkuporakoneen tekniset ominaisuudet:<\/h4>\n<ul class=\"tabs__contentList\">\n<li class=\"tabs__contentListItem clr \"><span class=\"tabs__attribute tabs__attribute--left\">Akun j\u00e4nnite\u00a0<\/span><span class=\"tabs__attribute tabs__attribute--right\">18 V<\/span><\/li>\n<li class=\"tabs__contentListItem clr tabs__contentListItem--grey\"><span class=\"tabs__attribute tabs__attribute--left\">Akun kapasiteetti\u00a0<\/span><span class=\"tabs__attribute tabs__attribute--right\">2,5 \/ 5,0 Ah<\/span><\/li>\n<li class=\"tabs__contentListItem clr \"><span class=\"tabs__attribute tabs__attribute--left\">V\u00e4\u00e4nt\u00f6momentti max. pehme\u00e4 \/ kova <\/span><span class=\"tabs__attribute tabs__attribute--right\">56 \/ 90 Nm<\/span><\/li>\n<li class=\"tabs__contentListItem clr tabs__contentListItem--grey\"><span class=\"tabs__attribute tabs__attribute--left\">Momentin porrastus\u00a0<\/span><span class=\"tabs__attribute tabs__attribute--right\">23+1 <\/span><\/li>\n<li class=\"tabs__contentListItem clr \"><span class=\"tabs__attribute tabs__attribute--left\">Nopeus ilman kuormaa, 1. vaihde\u00a0<\/span><span class=\"tabs__attribute tabs__attribute--right\">0-600 \/min<\/span><\/li>\n<li class=\"tabs__contentListItem clr tabs__contentListItem--grey\"><span class=\"tabs__attribute tabs__attribute--left\">Nopeus ilman kuormaa, 2. vaihde\u00a0<\/span><span class=\"tabs__attribute tabs__attribute--right\">0-2300 \/min<\/span><\/li>\n<li class=\"tabs__contentListItem clr \"><span class=\"tabs__attribute tabs__attribute--left\">Istukan kapasiteetti \u00d8<\/span><span class=\"tabs__attribute tabs__attribute--right\">1,5 &#8211; 13 mm<\/span><\/li>\n<li class=\"tabs__contentListItem clr tabs__contentListItem--grey\"><span class=\"tabs__attribute tabs__attribute--left\">Maks. poraus-\u00d8 metalliin\u00a0<\/span><span class=\"tabs__attribute tabs__attribute--right\">13 mm<\/span><\/li>\n<li class=\"tabs__contentListItem clr \"><span class=\"tabs__attribute tabs__attribute--left\">Maks. poraus-\u00d8 puuhun\u00a0<\/span><span class=\"tabs__attribute tabs__attribute--right\">60 mm<\/span><\/li>\n<li class=\"tabs__contentListItem clr tabs__contentListItem--grey\"><span class=\"tabs__attribute tabs__attribute--left\">Koko (L x P x K)\u00a0<\/span><span class=\"tabs__attribute tabs__attribute--right\">204 x 75 x 201 mm<\/span><\/li>\n<li class=\"tabs__contentListItem clr \"><span class=\"tabs__attribute tabs__attribute--left\">Paino ilman akkua\u00a0<\/span><span class=\"tabs__attribute tabs__attribute--right\">1,5 kg<\/span><\/li>\n<\/ul>\n<h4>Tera\u0308istukka<\/h4>\n<div class=\"page\" title=\"Page 8\">\n<div class=\"section\">\n<div class=\"layoutArea\">\n<div class=\"column\">\n<div class=\"page\" title=\"Page 8\">\n<div class=\"layoutArea\">\n<div class=\"column\">\n<p>1\u20444\u201d tyo\u0308kalukiinnitys<\/p>\n<p><a href=\"https:\/\/hotelli03.domainhotelli.fi\/~lsdoecli\/wp-content\/uploads\/2021\/11\/FLEX-Teraistukka.png\"><img loading=\"lazy\" class=\"alignnone size-medium wp-image-8699\" src=\"https:\/\/hotelli03.domainhotelli.fi\/~lsdoecli\/wp-content\/uploads\/2021\/11\/FLEX-Teraistukka-300x199.png\" alt=\"FLEX Ter\u00e4istukka\" width=\"300\" height=\"199\" \/><\/a><\/p>\n<h4>Avaimeton istukka<\/h4>\n<div class=\"page\" title=\"Page 9\">\n<div class=\"section\">\n<div class=\"layoutArea\">\n<div class=\"column\">\n<div class=\"page\" title=\"Page 9\">\n<div class=\"layoutArea\">\n<div class=\"column\">\n<p>Pyo\u0308rimisen mekaaninen pysa\u0308ytin. Tyo\u0308kalun kiinnitys \u00d8 1,5-13 mm.<\/p>\n<p><a href=\"https:\/\/hotelli03.domainhotelli.fi\/~lsdoecli\/wp-content\/uploads\/2021\/11\/FLEX-Avaimeton-istukka.png\"><img loading=\"lazy\" class=\"alignnone size-medium wp-image-8693\" src=\"https:\/\/hotelli03.domainhotelli.fi\/~lsdoecli\/wp-content\/uploads\/2021\/11\/FLEX-Avaimeton-istukka-300x188.png\" alt=\"FLEX Avaimeton istukka\" width=\"300\" height=\"188\" \/><\/a><\/p>\n<\/div>\n<\/div>\n<\/div>\n<\/div>\n<\/div>\n<\/div>\n<\/div>\n<\/div>\n<\/div>\n<\/div>\n<\/div>\n<\/div>\n<\/div>\n<\/div>\n","protected":false},"excerpt":{"rendered":"<ul class=\"contentlist productDetail__featureList js-toggle-list\">\n<li class=\"productDetail__featureListItem \">Hiiliharjaton moottori, enemm\u00e4n tehoa ja pidempi huoltov\u00e4li<\/li>\n<li class=\"productDetail__featureListItem \">S\u00e4hk\u00f6inen hallintaj\u00e4rjestelm\u00e4 suojelee konetta, pident\u00e4\u00e4 k\u00e4ytt\u00f6ik\u00e4\u00e4 ja lis\u00e4\u00e4 tehokkuutta<\/li>\n<li class=\"productDetail__featureListItem \">Porausistukka on irroitettavissa ilman ty\u00f6kaluja<\/li>\n<li class=\"productDetail__featureListItem fadeInDown\">Py\u00f6rimissuunnan vaihto turvakytkimell\u00e4<\/li>\n<li class=\"productDetail__featureListItem fadeInDown\">Metallinen pikaistukka jossa tukirengas ja automaattinen lukitustoiminto<\/li>\n<li class=\"productDetail__featureListItem fadeInDown\">Elektronien turvajarru<\/li>\n<li class=\"productDetail__featureListItem fadeInDown\">Nopeuss\u00e4\u00e4t\u00f6 kytkimell\u00e4 varustettu lukitsimella<\/li>\n<li class=\"productDetail__featureListItem fadeInDown\">Vankka painevalettu alumiinirunko<\/li>\n<li class=\"productDetail__featureListItem fadeInDown\">Luistamaton, soft grip k\u00e4densija, ergonomisesti muotoiltu.<\/li>\n<li class=\"productDetail__featureListItem fadeInDown\">Integroitu LED lamppu j\u00e4lkihehkutoiminnolla<\/li>\n<li class=\"productDetail__featureListItem fadeInDown\">LED-ilmaisin osoittaa akun varaustilan<\/li>\n<li class=\"productDetail__featureListItem fadeInDown\">Sis\u00e4lt\u00e4\u00e4 irroitettavan sivukahvan, vy\u00f6koukun ja ty\u00f6kalupitimen<\/li>\n<li class=\"productDetail__featureListItem fadeInDown\">FLEX akkuj\u00e4rjestelm\u00e4 soveltuu kaikkiin uusiin 18,0 V FLEX-ty\u00f6kaluihin<\/li>\n<\/ul>\n<div id='gallery-1' class='gallery galleryid-8705 gallery-columns-6 gallery-size-thumbnail'><figure class='gallery-item'>\n\t\t\t<div class='gallery-icon landscape'>\n\t\t\t\t<a href='https:\/\/hotelli03.domainhotelli.fi\/~lsdoecli\/?attachment_id=8669'><img width=\"137\" height=\"136\" src=\"https:\/\/hotelli03.domainhotelli.fi\/~lsdoecli\/wp-content\/uploads\/2021\/11\/Akun-jannite-18V.jpeg\" class=\"attachment-thumbnail size-thumbnail\" alt=\"Akun j\u00e4nnite 18V\" loading=\"lazy\" \/><\/a>\n\t\t\t<\/div><\/figure><figure class='gallery-item'>\n\t\t\t<div class='gallery-icon landscape'>\n\t\t\t\t<a href='https:\/\/hotelli03.domainhotelli.fi\/~lsdoecli\/?attachment_id=8681'><img width=\"137\" height=\"136\" src=\"https:\/\/hotelli03.domainhotelli.fi\/~lsdoecli\/wp-content\/uploads\/2021\/11\/DD2G-istukanvaihto.jpeg\" class=\"attachment-thumbnail size-thumbnail\" alt=\"Helppo istukan vaihto\" loading=\"lazy\" \/><\/a>\n\t\t\t<\/div><\/figure><figure class='gallery-item'>\n\t\t\t<div class='gallery-icon landscape'>\n\t\t\t\t<a href='https:\/\/hotelli03.domainhotelli.fi\/~lsdoecli\/?attachment_id=8683'><img width=\"137\" height=\"136\" src=\"https:\/\/hotelli03.domainhotelli.fi\/~lsdoecli\/wp-content\/uploads\/2021\/11\/EC-moottori.jpeg\" class=\"attachment-thumbnail size-thumbnail\" alt=\"EC Moottori\" loading=\"lazy\" \/><\/a>\n\t\t\t<\/div><\/figure><figure class='gallery-item'>\n\t\t\t<div class='gallery-icon landscape'>\n\t\t\t\t<a href='https:\/\/hotelli03.domainhotelli.fi\/~lsdoecli\/?attachment_id=8691'><img width=\"137\" height=\"136\" src=\"https:\/\/hotelli03.domainhotelli.fi\/~lsdoecli\/wp-content\/uploads\/2021\/11\/Tyokaluvapaa.jpeg\" class=\"attachment-thumbnail size-thumbnail\" alt=\"Ty\u00f6kaluvapaa\" loading=\"lazy\" \/><\/a>\n\t\t\t<\/div><\/figure><figure class='gallery-item'>\n\t\t\t<div class='gallery-icon landscape'>\n\t\t\t\t<a href='https:\/\/hotelli03.domainhotelli.fi\/~lsdoecli\/?attachment_id=8689'><img width=\"137\" height=\"136\" src=\"https:\/\/hotelli03.domainhotelli.fi\/~lsdoecli\/wp-content\/uploads\/2021\/11\/Sivukahva.jpeg\" class=\"attachment-thumbnail size-thumbnail\" alt=\"Sivukahva\" loading=\"lazy\" \/><\/a>\n\t\t\t<\/div><\/figure><figure class='gallery-item'>\n\t\t\t<div class='gallery-icon landscape'>\n\t\t\t\t<a href='https:\/\/hotelli03.domainhotelli.fi\/~lsdoecli\/?attachment_id=8687'><img width=\"137\" height=\"136\" src=\"https:\/\/hotelli03.domainhotelli.fi\/~lsdoecli\/wp-content\/uploads\/2021\/11\/Litium-ion-teknologia.jpeg\" class=\"attachment-thumbnail size-thumbnail\" alt=\"Lithium-ion teknologia\" loading=\"lazy\" \/><\/a>\n\t\t\t<\/div><\/figure>\n\t\t<\/div>\n\n","protected":false},"featured_media":8677,"comment_status":"open","ping_status":"closed","template":"","meta":[],"product_cat":[977],"product_tag":[979,980],"yoast_head":"<!-- This site is optimized with the Yoast SEO Premium plugin v18.9 (Yoast SEO v19.3) - https:\/\/yoast.com\/wordpress\/plugins\/seo\/ -->\n<title>Akkuporakone Flex DD 2G 18.0-EC runko | JV Tuonti<\/title>\n<meta name=\"description\" content=\"Akkuporakone runko Flex DD 2G 18.0-EC vaativaankin k\u00e4ytt\u00f6\u00f6n! Hiiliharjaton moottori, enemm\u00e4n tehoa ja pidempi huoltov\u00e4li. Tilaa t\u00e4st\u00e4!\" \/>\n<meta name=\"robots\" content=\"index, follow, max-snippet:-1, max-image-preview:large, max-video-preview:-1\" \/>\n<link rel=\"canonical\" href=\"https:\/\/hotelli03.domainhotelli.fi\/~lsdoecli\/tuote\/akkuporakone-flex-dd-2g-18-0-ec-runko\/\" \/>\n<meta property=\"og:locale\" content=\"fi_FI\" \/>\n<meta property=\"og:type\" content=\"article\" \/>\n<meta property=\"og:title\" content=\"Akkuporakone Flex DD 2G 18.0-EC runko\" \/>\n<meta property=\"og:description\" content=\"Akkuporakone runko Flex DD 2G 18.0-EC vaativaankin k\u00e4ytt\u00f6\u00f6n! Hiiliharjaton moottori, enemm\u00e4n tehoa ja pidempi huoltov\u00e4li. Tilaa t\u00e4st\u00e4!\" \/>\n<meta property=\"og:url\" content=\"https:\/\/hotelli03.domainhotelli.fi\/~lsdoecli\/tuote\/akkuporakone-flex-dd-2g-18-0-ec-runko\/\" \/>\n<meta property=\"og:site_name\" content=\"JV Tuonti\" \/>\n<meta property=\"article:publisher\" content=\"https:\/\/www.facebook.com\/JVTuontiOy\" \/>\n<meta property=\"article:modified_time\" content=\"2021-12-01T08:03:42+00:00\" \/>\n<meta property=\"og:image\" content=\"https:\/\/hotelli03.domainhotelli.fi\/~lsdoecli\/wp-content\/uploads\/2021\/11\/DD-2G-18.0-EC-vaihdettava-istukka.jpeg\" \/>\n\t<meta property=\"og:image:width\" content=\"482\" \/>\n\t<meta property=\"og:image:height\" content=\"445\" \/>\n\t<meta property=\"og:image:type\" content=\"image\/jpeg\" \/>\n<meta name=\"twitter:card\" content=\"summary_large_image\" \/>\n<meta name=\"twitter:label1\" content=\"Price\" \/>\n\t<meta name=\"twitter:data1\" content=\"234,36&nbsp;&euro; Alv 24%N\u00e4yt\u00e4 veroton hinta189,00&nbsp;&euro; Alv 0%N\u00e4yt\u00e4 verollinen hinta\" \/>\n\t<meta name=\"twitter:label2\" content=\"Availability\" \/>\n\t<meta name=\"twitter:data2\" content=\"In stock\" \/>\n<script type=\"application\/ld+json\" class=\"yoast-schema-graph\">{\"@context\":\"https:\/\/schema.org\",\"@graph\":[{\"@type\":[\"Organization\",\"Place\",\"WholesaleStore\"],\"@id\":\"https:\/\/hotelli03.domainhotelli.fi\/~lsdoecli\/#organization\",\"name\":\"JV Tuonti Oy\",\"url\":\"https:\/\/hotelli03.domainhotelli.fi\/~lsdoecli\/\",\"sameAs\":[\"https:\/\/instagram.com\/jvtuontioy?utm_medium=copy_link\",\"https:\/\/www.facebook.com\/JVTuontiOy\"],\"logo\":{\"@id\":\"https:\/\/hotelli03.domainhotelli.fi\/~lsdoecli\/tuote\/akkuporakone-flex-dd-2g-18-0-ec-runko\/#local-main-organization-logo\"},\"image\":{\"@id\":\"https:\/\/hotelli03.domainhotelli.fi\/~lsdoecli\/tuote\/akkuporakone-flex-dd-2g-18-0-ec-runko\/#local-main-organization-logo\"},\"address\":{\"@id\":\"https:\/\/hotelli03.domainhotelli.fi\/~lsdoecli\/tuote\/akkuporakone-flex-dd-2g-18-0-ec-runko\/#local-main-place-address\"},\"geo\":{\"@type\":\"GeoCoordinates\",\"latitude\":\"60.28431\",\"longitude\":\"24.81654\"},\"telephone\":[\"0408369980\"],\"openingHoursSpecification\":[{\"@type\":\"OpeningHoursSpecification\",\"dayOfWeek\":[\"Monday\",\"Tuesday\",\"Wednesday\",\"Thursday\",\"Friday\"],\"opens\":\"08:00\",\"closes\":\"16:00\"},{\"@type\":\"OpeningHoursSpecification\",\"dayOfWeek\":[\"Saturday\",\"Sunday\"],\"opens\":\"00:00\",\"closes\":\"00:00\"}],\"email\":\"myynti@hotelli03.domainhotelli.fi\",\"areaServed\":\"Suomi, Ruotsi\",\"vatID\":\"FI30178387\",\"priceRange\":\"$$\",\"currenciesAccepted\":\"\u20ac\",\"paymentAccepted\":\"Lasku, pankkikortti\"},{\"@type\":\"WebSite\",\"@id\":\"https:\/\/hotelli03.domainhotelli.fi\/~lsdoecli\/#website\",\"url\":\"https:\/\/hotelli03.domainhotelli.fi\/~lsdoecli\/\",\"name\":\"JV Tuonti\",\"description\":\"JV Tuonti Oy:n verkkokauppa\",\"publisher\":{\"@id\":\"https:\/\/hotelli03.domainhotelli.fi\/~lsdoecli\/#organization\"},\"potentialAction\":[{\"@type\":\"SearchAction\",\"target\":{\"@type\":\"EntryPoint\",\"urlTemplate\":\"https:\/\/hotelli03.domainhotelli.fi\/~lsdoecli\/?s={search_term_string}\"},\"query-input\":\"required name=search_term_string\"}],\"inLanguage\":\"fi\"},{\"@type\":\"ImageObject\",\"inLanguage\":\"fi\",\"@id\":\"https:\/\/hotelli03.domainhotelli.fi\/~lsdoecli\/tuote\/akkuporakone-flex-dd-2g-18-0-ec-runko\/#primaryimage\",\"url\":\"https:\/\/hotelli03.domainhotelli.fi\/~lsdoecli\/wp-content\/uploads\/2021\/11\/DD-2G-18.0-EC-vaihdettava-istukka.jpeg\",\"contentUrl\":\"https:\/\/hotelli03.domainhotelli.fi\/~lsdoecli\/wp-content\/uploads\/2021\/11\/DD-2G-18.0-EC-vaihdettava-istukka.jpeg\",\"width\":482,\"height\":445,\"caption\":\"DD 2G 18.0-EC vaihdettava istukka\"},{\"@type\":\"WebPage\",\"@id\":\"https:\/\/hotelli03.domainhotelli.fi\/~lsdoecli\/tuote\/akkuporakone-flex-dd-2g-18-0-ec-runko\/\",\"url\":\"https:\/\/hotelli03.domainhotelli.fi\/~lsdoecli\/tuote\/akkuporakone-flex-dd-2g-18-0-ec-runko\/\",\"name\":\"Akkuporakone Flex DD 2G 18.0-EC runko | JV Tuonti\",\"isPartOf\":{\"@id\":\"https:\/\/hotelli03.domainhotelli.fi\/~lsdoecli\/#website\"},\"primaryImageOfPage\":{\"@id\":\"https:\/\/hotelli03.domainhotelli.fi\/~lsdoecli\/tuote\/akkuporakone-flex-dd-2g-18-0-ec-runko\/#primaryimage\"},\"datePublished\":\"2021-12-01T08:03:41+00:00\",\"dateModified\":\"2021-12-01T08:03:42+00:00\",\"description\":\"Akkuporakone runko Flex DD 2G 18.0-EC vaativaankin k\u00e4ytt\u00f6\u00f6n! Hiiliharjaton moottori, enemm\u00e4n tehoa ja pidempi huoltov\u00e4li. Tilaa t\u00e4st\u00e4!\",\"breadcrumb\":{\"@id\":\"https:\/\/hotelli03.domainhotelli.fi\/~lsdoecli\/tuote\/akkuporakone-flex-dd-2g-18-0-ec-runko\/#breadcrumb\"},\"inLanguage\":\"fi\",\"potentialAction\":[{\"@type\":\"ReadAction\",\"target\":[\"https:\/\/hotelli03.domainhotelli.fi\/~lsdoecli\/tuote\/akkuporakone-flex-dd-2g-18-0-ec-runko\/\"]}]},{\"@type\":\"BreadcrumbList\",\"@id\":\"https:\/\/hotelli03.domainhotelli.fi\/~lsdoecli\/tuote\/akkuporakone-flex-dd-2g-18-0-ec-runko\/#breadcrumb\",\"itemListElement\":[{\"@type\":\"ListItem\",\"position\":1,\"name\":\"Etusivu\",\"item\":\"https:\/\/hotelli03.domainhotelli.fi\/~lsdoecli\/\"},{\"@type\":\"ListItem\",\"position\":2,\"name\":\"Kauppa\",\"item\":\"https:\/\/hotelli03.domainhotelli.fi\/~lsdoecli\/kauppa\/\"},{\"@type\":\"ListItem\",\"position\":3,\"name\":\"Akkuporakone Flex DD 2G 18.0-EC runko\"}]},{\"@type\":\"PostalAddress\",\"@id\":\"https:\/\/hotelli03.domainhotelli.fi\/~lsdoecli\/tuote\/akkuporakone-flex-dd-2g-18-0-ec-runko\/#local-main-place-address\",\"streetAddress\":\"Pyymosantie 5a\",\"addressLocality\":\"Vantaa\",\"postalCode\":\"01720\",\"addressCountry\":\"FI\"},{\"@type\":\"ImageObject\",\"inLanguage\":\"fi\",\"@id\":\"https:\/\/hotelli03.domainhotelli.fi\/~lsdoecli\/tuote\/akkuporakone-flex-dd-2g-18-0-ec-runko\/#local-main-organization-logo\",\"url\":\"https:\/\/hotelli03.domainhotelli.fi\/~lsdoecli\/wp-content\/uploads\/2021\/08\/JVTuonti_logo_nelio.jpg\",\"contentUrl\":\"https:\/\/hotelli03.domainhotelli.fi\/~lsdoecli\/wp-content\/uploads\/2021\/08\/JVTuonti_logo_nelio.jpg\",\"width\":550,\"height\":550,\"caption\":\"JV Tuonti Oy\"}]}<\/script>\n<meta property=\"product:brand\" content=\"FLEX\" \/>\n<meta property=\"product:price:amount\" content=\"234.36\" \/>\n<meta property=\"product:price:currency\" content=\"EUR\" \/>\n<meta property=\"og:availability\" content=\"instock\" \/>\n<meta property=\"product:availability\" content=\"instock\" \/>\n<meta property=\"product:retailer_item_id\" content=\"491225\" \/>\n<meta property=\"product:condition\" content=\"new\" \/>\n<meta name=\"geo.placename\" content=\"Vantaa\" \/>\n<meta name=\"geo.position\" content=\"60.28431;24.81654\" \/>\n<meta name=\"geo.region\" content=\"Suomi\" \/>\n<!-- \/ Yoast SEO Premium plugin. -->","yoast_head_json":{"title":"Akkuporakone Flex DD 2G 18.0-EC runko | JV Tuonti","description":"Akkuporakone runko Flex DD 2G 18.0-EC vaativaankin k\u00e4ytt\u00f6\u00f6n! Hiiliharjaton moottori, enemm\u00e4n tehoa ja pidempi huoltov\u00e4li. Tilaa t\u00e4st\u00e4!","robots":{"index":"index","follow":"follow","max-snippet":"max-snippet:-1","max-image-preview":"max-image-preview:large","max-video-preview":"max-video-preview:-1"},"canonical":"https:\/\/hotelli03.domainhotelli.fi\/~lsdoecli\/tuote\/akkuporakone-flex-dd-2g-18-0-ec-runko\/","og_locale":"fi_FI","og_type":"article","og_title":"Akkuporakone Flex DD 2G 18.0-EC runko","og_description":"Akkuporakone runko Flex DD 2G 18.0-EC vaativaankin k\u00e4ytt\u00f6\u00f6n! Hiiliharjaton moottori, enemm\u00e4n tehoa ja pidempi huoltov\u00e4li. Tilaa t\u00e4st\u00e4!","og_url":"https:\/\/hotelli03.domainhotelli.fi\/~lsdoecli\/tuote\/akkuporakone-flex-dd-2g-18-0-ec-runko\/","og_site_name":"JV Tuonti","article_publisher":"https:\/\/www.facebook.com\/JVTuontiOy","article_modified_time":"2021-12-01T08:03:42+00:00","og_image":[{"width":482,"height":445,"url":"https:\/\/hotelli03.domainhotelli.fi\/~lsdoecli\/wp-content\/uploads\/2021\/11\/DD-2G-18.0-EC-vaihdettava-istukka.jpeg","type":"image\/jpeg"}],"twitter_card":"summary_large_image","twitter_misc":{"Price":"234,36&nbsp;&euro; Alv 24%N\u00e4yt\u00e4 veroton hinta189,00&nbsp;&euro; Alv 0%N\u00e4yt\u00e4 verollinen hinta","Availability":"In stock"},"schema":{"@context":"https:\/\/schema.org","@graph":[{"@type":["Organization","Place","WholesaleStore"],"@id":"https:\/\/hotelli03.domainhotelli.fi\/~lsdoecli\/#organization","name":"JV Tuonti Oy","url":"https:\/\/hotelli03.domainhotelli.fi\/~lsdoecli\/","sameAs":["https:\/\/instagram.com\/jvtuontioy?utm_medium=copy_link","https:\/\/www.facebook.com\/JVTuontiOy"],"logo":{"@id":"https:\/\/hotelli03.domainhotelli.fi\/~lsdoecli\/tuote\/akkuporakone-flex-dd-2g-18-0-ec-runko\/#local-main-organization-logo"},"image":{"@id":"https:\/\/hotelli03.domainhotelli.fi\/~lsdoecli\/tuote\/akkuporakone-flex-dd-2g-18-0-ec-runko\/#local-main-organization-logo"},"address":{"@id":"https:\/\/hotelli03.domainhotelli.fi\/~lsdoecli\/tuote\/akkuporakone-flex-dd-2g-18-0-ec-runko\/#local-main-place-address"},"geo":{"@type":"GeoCoordinates","latitude":"60.28431","longitude":"24.81654"},"telephone":["0408369980"],"openingHoursSpecification":[{"@type":"OpeningHoursSpecification","dayOfWeek":["Monday","Tuesday","Wednesday","Thursday","Friday"],"opens":"08:00","closes":"16:00"},{"@type":"OpeningHoursSpecification","dayOfWeek":["Saturday","Sunday"],"opens":"00:00","closes":"00:00"}],"email":"myynti@hotelli03.domainhotelli.fi","areaServed":"Suomi, Ruotsi","vatID":"FI30178387","priceRange":"$$","currenciesAccepted":"\u20ac","paymentAccepted":"Lasku, pankkikortti"},{"@type":"WebSite","@id":"https:\/\/hotelli03.domainhotelli.fi\/~lsdoecli\/#website","url":"https:\/\/hotelli03.domainhotelli.fi\/~lsdoecli\/","name":"JV Tuonti","description":"JV Tuonti Oy:n verkkokauppa","publisher":{"@id":"https:\/\/hotelli03.domainhotelli.fi\/~lsdoecli\/#organization"},"potentialAction":[{"@type":"SearchAction","target":{"@type":"EntryPoint","urlTemplate":"https:\/\/hotelli03.domainhotelli.fi\/~lsdoecli\/?s={search_term_string}"},"query-input":"required name=search_term_string"}],"inLanguage":"fi"},{"@type":"ImageObject","inLanguage":"fi","@id":"https:\/\/hotelli03.domainhotelli.fi\/~lsdoecli\/tuote\/akkuporakone-flex-dd-2g-18-0-ec-runko\/#primaryimage","url":"https:\/\/hotelli03.domainhotelli.fi\/~lsdoecli\/wp-content\/uploads\/2021\/11\/DD-2G-18.0-EC-vaihdettava-istukka.jpeg","contentUrl":"https:\/\/hotelli03.domainhotelli.fi\/~lsdoecli\/wp-content\/uploads\/2021\/11\/DD-2G-18.0-EC-vaihdettava-istukka.jpeg","width":482,"height":445,"caption":"DD 2G 18.0-EC vaihdettava istukka"},{"@type":"WebPage","@id":"https:\/\/hotelli03.domainhotelli.fi\/~lsdoecli\/tuote\/akkuporakone-flex-dd-2g-18-0-ec-runko\/","url":"https:\/\/hotelli03.domainhotelli.fi\/~lsdoecli\/tuote\/akkuporakone-flex-dd-2g-18-0-ec-runko\/","name":"Akkuporakone Flex DD 2G 18.0-EC runko | JV Tuonti","isPartOf":{"@id":"https:\/\/hotelli03.domainhotelli.fi\/~lsdoecli\/#website"},"primaryImageOfPage":{"@id":"https:\/\/hotelli03.domainhotelli.fi\/~lsdoecli\/tuote\/akkuporakone-flex-dd-2g-18-0-ec-runko\/#primaryimage"},"datePublished":"2021-12-01T08:03:41+00:00","dateModified":"2021-12-01T08:03:42+00:00","description":"Akkuporakone runko Flex DD 2G 18.0-EC vaativaankin k\u00e4ytt\u00f6\u00f6n! Hiiliharjaton moottori, enemm\u00e4n tehoa ja pidempi huoltov\u00e4li. Tilaa t\u00e4st\u00e4!","breadcrumb":{"@id":"https:\/\/hotelli03.domainhotelli.fi\/~lsdoecli\/tuote\/akkuporakone-flex-dd-2g-18-0-ec-runko\/#breadcrumb"},"inLanguage":"fi","potentialAction":[{"@type":"ReadAction","target":["https:\/\/hotelli03.domainhotelli.fi\/~lsdoecli\/tuote\/akkuporakone-flex-dd-2g-18-0-ec-runko\/"]}]},{"@type":"BreadcrumbList","@id":"https:\/\/hotelli03.domainhotelli.fi\/~lsdoecli\/tuote\/akkuporakone-flex-dd-2g-18-0-ec-runko\/#breadcrumb","itemListElement":[{"@type":"ListItem","position":1,"name":"Etusivu","item":"https:\/\/hotelli03.domainhotelli.fi\/~lsdoecli\/"},{"@type":"ListItem","position":2,"name":"Kauppa","item":"https:\/\/hotelli03.domainhotelli.fi\/~lsdoecli\/kauppa\/"},{"@type":"ListItem","position":3,"name":"Akkuporakone Flex DD 2G 18.0-EC runko"}]},{"@type":"PostalAddress","@id":"https:\/\/hotelli03.domainhotelli.fi\/~lsdoecli\/tuote\/akkuporakone-flex-dd-2g-18-0-ec-runko\/#local-main-place-address","streetAddress":"Pyymosantie 5a","addressLocality":"Vantaa","postalCode":"01720","addressCountry":"FI"},{"@type":"ImageObject","inLanguage":"fi","@id":"https:\/\/hotelli03.domainhotelli.fi\/~lsdoecli\/tuote\/akkuporakone-flex-dd-2g-18-0-ec-runko\/#local-main-organization-logo","url":"https:\/\/hotelli03.domainhotelli.fi\/~lsdoecli\/wp-content\/uploads\/2021\/08\/JVTuonti_logo_nelio.jpg","contentUrl":"https:\/\/hotelli03.domainhotelli.fi\/~lsdoecli\/wp-content\/uploads\/2021\/08\/JVTuonti_logo_nelio.jpg","width":550,"height":550,"caption":"JV Tuonti Oy"}]},"product_brand":"FLEX","product_price_amount":"234.36","product_price_currency":"EUR","og_availability":"instock","product_availability":"instock","product_retailer_item_id":"491225","product_condition":"new","geo.placename":"Vantaa","geo.position":{"lat":"60.28431","long":"24.81654"},"geo.region":"Suomi"},"_links":{"self":[{"href":"https:\/\/hotelli03.domainhotelli.fi\/~lsdoecli\/wp-json\/wp\/v2\/product\/8705"}],"collection":[{"href":"https:\/\/hotelli03.domainhotelli.fi\/~lsdoecli\/wp-json\/wp\/v2\/product"}],"about":[{"href":"https:\/\/hotelli03.domainhotelli.fi\/~lsdoecli\/wp-json\/wp\/v2\/types\/product"}],"replies":[{"embeddable":true,"href":"https:\/\/hotelli03.domainhotelli.fi\/~lsdoecli\/wp-json\/wp\/v2\/comments?post=8705"}],"wp:featuredmedia":[{"embeddable":true,"href":"https:\/\/hotelli03.domainhotelli.fi\/~lsdoecli\/wp-json\/wp\/v2\/media\/8677"}],"wp:attachment":[{"href":"https:\/\/hotelli03.domainhotelli.fi\/~lsdoecli\/wp-json\/wp\/v2\/media?parent=8705"}],"wp:term":[{"taxonomy":"product_cat","embeddable":true,"href":"https:\/\/hotelli03.domainhotelli.fi\/~lsdoecli\/wp-json\/wp\/v2\/product_cat?post=8705"},{"taxonomy":"product_tag","embeddable":true,"href":"https:\/\/hotelli03.domainhotelli.fi\/~lsdoecli\/wp-json\/wp\/v2\/product_tag?post=8705"}],"curies":[{"name":"wp","href":"https:\/\/api.w.org\/{rel}","templated":true}]}}