{"id":8588,"date":"2021-11-24T05:00:04","date_gmt":"2021-11-24T05:00:04","guid":{"rendered":"https:\/\/hotelli03.domainhotelli.fi\/~lsdoecli\/?post_type=product&#038;p=8588"},"modified":"2022-07-24T12:28:41","modified_gmt":"2022-07-24T12:28:41","slug":"pyorosahantera-cembrit-160-mm-z6-kivilevyille","status":"publish","type":"product","link":"https:\/\/hotelli03.domainhotelli.fi\/~lsdoecli\/tuote\/pyorosahantera-cembrit-160-mm-z6-kivilevyille\/","title":{"rendered":"JVT Py\u00f6r\u00f6sahanter\u00e4 Cembrit 160 mm Z-6 kivilevyille"},"content":{"rendered":"<h1>JVT Py\u00f6r\u00f6sahanter\u00e4 Cembrit 160 mm Z-6 kivilevyille<\/h1>\n<p>Py\u00f6r\u00f6sahanter\u00e4 Cembrit 160 mm Z-6 PCD timanttiter\u00e4 (Polycrystalline Diamond) on tarkoitettu kuitusementtilevyjen, julkisivulevyjen ja eritt\u00e4in kovien kivilevyjen sahaukseen ja ty\u00f6st\u00f6\u00f6n. Ter\u00e4 soveltuu seuraavien rakennuslevyjen ty\u00f6st\u00f6\u00f6n:<\/p>\n<ul>\n<li>lujalevyt<\/li>\n<li>minerittilevyt<\/li>\n<li>MDF levyt<\/li>\n<li>lasikuitulevyt<\/li>\n<li>julkisivulevyt<\/li>\n<li>julkisivulaminaatit<\/li>\n<li>rappauslevyt<\/li>\n<li>sokkelilevyt<\/li>\n<li>lastulevyt<\/li>\n<li>kipsilevyt<\/li>\n<li>kompositti terassilaudat<\/li>\n<li>laminaatit<\/li>\n<\/ul>\n<p>PCD timanttiter\u00e4 on ammattik\u00e4ytt\u00f6\u00f6n tarkoitettu py\u00f6r\u00f6sahanter\u00e4. Timanttihammastuksen ansiosta py\u00f6r\u00f6sahanter\u00e4 Cembrit 160 mm Z6 kest\u00e4\u00e4 huomattavasti pidemp\u00e4\u00e4n ja sill\u00e4 on parempi kulutuksenkest\u00e4vyys kuitusemenettilevyj\u00e4 ja kivilevyj\u00e4 leikatessa, kun tavanomaisilla metallisilla py\u00f6r\u00f6sahanterill\u00e4.<\/p>\n<p>K\u00e4sisirkkelin ter\u00e4ss\u00e4 160 mm on 6 hammasta, jotka on k\u00e4sitelty polykristalli sintrauksella. Py\u00f6r\u00f6sahan ter\u00e4n alhainen hampaiden m\u00e4\u00e4r\u00e4 parantaa sahausj\u00e4tteen poistoa ja v\u00e4hent\u00e4\u00e4 p\u00f6lyn muodostumista sahauksen yhteydess\u00e4. \u00a0Sahausj\u00e4lki on siisti ja timanttiter\u00e4 nopeuttaa Cembrit levyjen ja muiden kuitulevyjen sahaamista.<\/p>\n<p>K\u00e4sisirkkelin timanttipy\u00f6r\u00f6ter\u00e4 160 mm z6 on tarkoitettu seuraavien mm. seuraavien kivilevyjen sahaukseen:<\/p>\n<ul>\n<li>julkisivulevyt ja rakennuslevyt (Patina, Cover, Transparent, Color Plus, Structure, Plank, Balcony, Classic ja Sauna levyt)<\/li>\n<li>Lujalevy (Luja A-levy)<\/li>\n<li>Kaakeliluja<\/li>\n<li>Permabase m\u00e4rk\u00e4tilalevy ja rappauslevy<\/li>\n<li>Rock sokkelilevy<\/li>\n<li>Windstopper levy<\/li>\n<li>Equitone julkisivulevy<\/li>\n<li>Hydropanel kuitusementtilevy<\/li>\n<li>Siniat kuitusementtilevy<\/li>\n<li>StoneRex Premium levy<\/li>\n<li>Steni levyt<\/li>\n<li>StoneRex ja Cetris julkisivulevyt<\/li>\n<li>Vivix julkisivulevy<\/li>\n<li>Trespa korkeapainelaminaatti<\/li>\n<li>Fundermax laminaattilevy<\/li>\n<\/ul>\n<div class=\"collapsible-panel\">\n<div class=\"body\">\n<div class=\"description\">\n<p>Py\u00f6r\u00f6sahanter\u00e4 Z6 timanttihammastuksella on yhteensopiva py\u00f6r\u00f6sahan, k\u00e4sisirkkelin ja upotuspy\u00f6r\u00f6sahan kanssa. Muista k\u00e4ytt\u00e4\u00e4 p\u00f6lynpoistoimurilla varustettua k\u00e4sisirkkeli\u00e4 kuitusementtilevyjen ja julkisivuleyjen sahauksessa.\u00a0Parhaan suoran ja siistin leikkausj\u00e4ljen saa, kun k\u00e4ytt\u00e4\u00e4 sahauksen yhteydess\u00e4 linjaria apuna.<\/p>\n<h2><strong>Py\u00f6r\u00f6sahanter\u00e4 Cembrit 160 mm Z-6 tuotetiedot\u00a0<\/strong><\/h2>\n<\/div>\n<\/div>\n<\/div>\n<div class=\"collapsible-panel\">\n<div class=\"body\">\n<div class=\"technical-specs\">\n<div class=\"list\">\n<ul>\n<li class=\"spec-item\"><span class=\"name\">Timanttiter\u00e4 Z6 halkaisja\u00a0<\/span><span class=\"value\">160 mm<\/span><\/li>\n<li>Leikkausleveys 2.2 mm<\/li>\n<li>Hampaiden lukum\u00e4\u00e4r\u00e4 6<\/li>\n<li>Paksuus 1.6 mm<\/li>\n<li>Ter\u00e4n keskirei\u00e4n halkaisija 20 mm<\/li>\n<li><span class=\"name\">EAN 6430077581272<\/span><span class=\"value\">3<\/span><\/li>\n<li>Maahantuoja: JV Tuonti Oy<\/li>\n<\/ul>\n<\/div>\n<\/div>\n<\/div>\n<\/div>\n","protected":false},"excerpt":{"rendered":"<p>Py\u00f6r\u00f6sahanter\u00e4 Cembrit ja kuitusementtilevyille 160 mm Z6.<\/p>\n<p>Korkealaatuinen timanttiter\u00e4 julkisivulevyille ja muille eritt\u00e4in koville materiaaleille. Eritt\u00e4in siisti ja nopea sahausj\u00e4lki.<\/p>\n<p>Soveltuu Cembrit levyille, kuitusementtilevyille ja muille julkisivulevyille.<\/p>\n","protected":false},"featured_media":9522,"comment_status":"open","ping_status":"closed","template":"","meta":[],"product_cat":[442,1078],"product_tag":[1223,1225,1221,1219,1218,1224,1226,1222,961,1220,1231,1232,1227,1011,1012,963,966,964,1014,1228,1010,1009,965,1013,1229,1233,1234,998,962,1230],"yoast_head":"<!-- This site is optimized with the Yoast SEO Premium plugin v18.9 (Yoast SEO v19.3) - https:\/\/yoast.com\/wordpress\/plugins\/seo\/ -->\n<title>JVT Py\u00f6r\u00f6sahanter\u00e4 Cembrit 160 mm Z-6 kivilevyille | JV Tuonti<\/title>\n<meta name=\"description\" content=\"Py\u00f6r\u00f6sahanter\u00e4 Cembrit 160 mm Z-6 kivilevyille ja kuitusemenettilevyille. Nopea ja siisti leikkausj\u00e4lki. Tilaa Cembrit ter\u00e4 netist\u00e4!\" \/>\n<meta name=\"robots\" content=\"index, follow, max-snippet:-1, max-image-preview:large, max-video-preview:-1\" \/>\n<link rel=\"canonical\" href=\"https:\/\/hotelli03.domainhotelli.fi\/~lsdoecli\/tuote\/pyorosahantera-cembrit-160-mm-z6-kivilevyille\/\" \/>\n<meta property=\"og:locale\" content=\"fi_FI\" \/>\n<meta property=\"og:type\" content=\"article\" \/>\n<meta property=\"og:title\" content=\"JVT Py\u00f6r\u00f6sahanter\u00e4 Cembrit 160 mm Z-6 kivilevyille\" \/>\n<meta property=\"og:description\" content=\"Py\u00f6r\u00f6sahanter\u00e4 Cembrit 160 mm Z-6 kivilevyille ja kuitusemenettilevyille. Nopea ja siisti leikkausj\u00e4lki. Tilaa Cembrit ter\u00e4 netist\u00e4!\" \/>\n<meta property=\"og:url\" content=\"https:\/\/hotelli03.domainhotelli.fi\/~lsdoecli\/tuote\/pyorosahantera-cembrit-160-mm-z6-kivilevyille\/\" \/>\n<meta property=\"og:site_name\" content=\"JV Tuonti\" \/>\n<meta property=\"article:publisher\" content=\"https:\/\/www.facebook.com\/JVTuontiOy\" \/>\n<meta property=\"article:modified_time\" content=\"2022-07-24T12:28:41+00:00\" \/>\n<meta property=\"og:image\" content=\"https:\/\/hotelli03.domainhotelli.fi\/~lsdoecli\/wp-content\/uploads\/2021\/11\/Pyorosahantera-Cembrit-ja-kuitusementtilevyt-160-mm-Z6-JVT-scaled.jpg\" \/>\n\t<meta property=\"og:image:width\" content=\"2560\" \/>\n\t<meta property=\"og:image:height\" content=\"2560\" \/>\n\t<meta property=\"og:image:type\" content=\"image\/jpeg\" \/>\n<meta name=\"twitter:card\" content=\"summary_large_image\" \/>\n<meta name=\"twitter:label1\" content=\"Price\" \/>\n\t<meta name=\"twitter:data1\" content=\"93,00&nbsp;&euro; Alv 24%N\u00e4yt\u00e4 veroton hinta75,00&nbsp;&euro; Alv 0%N\u00e4yt\u00e4 verollinen hinta\" \/>\n\t<meta name=\"twitter:label2\" content=\"Availability\" \/>\n\t<meta name=\"twitter:data2\" content=\"In stock\" \/>\n<script type=\"application\/ld+json\" class=\"yoast-schema-graph\">{\"@context\":\"https:\/\/schema.org\",\"@graph\":[{\"@type\":[\"Organization\",\"Place\",\"WholesaleStore\"],\"@id\":\"https:\/\/hotelli03.domainhotelli.fi\/~lsdoecli\/#organization\",\"name\":\"JV Tuonti Oy\",\"url\":\"https:\/\/hotelli03.domainhotelli.fi\/~lsdoecli\/\",\"sameAs\":[\"https:\/\/instagram.com\/jvtuontioy?utm_medium=copy_link\",\"https:\/\/www.facebook.com\/JVTuontiOy\"],\"logo\":{\"@id\":\"https:\/\/hotelli03.domainhotelli.fi\/~lsdoecli\/tuote\/pyorosahantera-cembrit-160-mm-z6-kivilevyille\/#local-main-organization-logo\"},\"image\":{\"@id\":\"https:\/\/hotelli03.domainhotelli.fi\/~lsdoecli\/tuote\/pyorosahantera-cembrit-160-mm-z6-kivilevyille\/#local-main-organization-logo\"},\"address\":{\"@id\":\"https:\/\/hotelli03.domainhotelli.fi\/~lsdoecli\/tuote\/pyorosahantera-cembrit-160-mm-z6-kivilevyille\/#local-main-place-address\"},\"geo\":{\"@type\":\"GeoCoordinates\",\"latitude\":\"60.28431\",\"longitude\":\"24.81654\"},\"telephone\":[\"0408369980\"],\"openingHoursSpecification\":[{\"@type\":\"OpeningHoursSpecification\",\"dayOfWeek\":[\"Monday\",\"Tuesday\",\"Wednesday\",\"Thursday\",\"Friday\"],\"opens\":\"08:00\",\"closes\":\"16:00\"},{\"@type\":\"OpeningHoursSpecification\",\"dayOfWeek\":[\"Saturday\",\"Sunday\"],\"opens\":\"00:00\",\"closes\":\"00:00\"}],\"email\":\"myynti@hotelli03.domainhotelli.fi\",\"areaServed\":\"Suomi, Ruotsi\",\"vatID\":\"FI30178387\",\"priceRange\":\"$$\",\"currenciesAccepted\":\"\u20ac\",\"paymentAccepted\":\"Lasku, pankkikortti\"},{\"@type\":\"WebSite\",\"@id\":\"https:\/\/hotelli03.domainhotelli.fi\/~lsdoecli\/#website\",\"url\":\"https:\/\/hotelli03.domainhotelli.fi\/~lsdoecli\/\",\"name\":\"JV Tuonti\",\"description\":\"JV Tuonti Oy:n verkkokauppa\",\"publisher\":{\"@id\":\"https:\/\/hotelli03.domainhotelli.fi\/~lsdoecli\/#organization\"},\"potentialAction\":[{\"@type\":\"SearchAction\",\"target\":{\"@type\":\"EntryPoint\",\"urlTemplate\":\"https:\/\/hotelli03.domainhotelli.fi\/~lsdoecli\/?s={search_term_string}\"},\"query-input\":\"required name=search_term_string\"}],\"inLanguage\":\"fi\"},{\"@type\":\"ImageObject\",\"inLanguage\":\"fi\",\"@id\":\"https:\/\/hotelli03.domainhotelli.fi\/~lsdoecli\/tuote\/pyorosahantera-cembrit-160-mm-z6-kivilevyille\/#primaryimage\",\"url\":\"https:\/\/hotelli03.domainhotelli.fi\/~lsdoecli\/wp-content\/uploads\/2021\/11\/Pyorosahantera-Cembrit-ja-kuitusementtilevyt-160-mm-Z6-JVT-scaled.jpg\",\"contentUrl\":\"https:\/\/hotelli03.domainhotelli.fi\/~lsdoecli\/wp-content\/uploads\/2021\/11\/Pyorosahantera-Cembrit-ja-kuitusementtilevyt-160-mm-Z6-JVT-scaled.jpg\",\"width\":2560,\"height\":2560,\"caption\":\"Py\u00f6r\u00f6sahanter\u00e4 Cembrit 160 mm Z-6 kivilevyille ja kuitusementtilevyille\"},{\"@type\":\"WebPage\",\"@id\":\"https:\/\/hotelli03.domainhotelli.fi\/~lsdoecli\/tuote\/pyorosahantera-cembrit-160-mm-z6-kivilevyille\/\",\"url\":\"https:\/\/hotelli03.domainhotelli.fi\/~lsdoecli\/tuote\/pyorosahantera-cembrit-160-mm-z6-kivilevyille\/\",\"name\":\"JVT Py\u00f6r\u00f6sahanter\u00e4 Cembrit 160 mm Z-6 kivilevyille | JV Tuonti\",\"isPartOf\":{\"@id\":\"https:\/\/hotelli03.domainhotelli.fi\/~lsdoecli\/#website\"},\"primaryImageOfPage\":{\"@id\":\"https:\/\/hotelli03.domainhotelli.fi\/~lsdoecli\/tuote\/pyorosahantera-cembrit-160-mm-z6-kivilevyille\/#primaryimage\"},\"datePublished\":\"2021-11-24T05:00:04+00:00\",\"dateModified\":\"2022-07-24T12:28:41+00:00\",\"description\":\"Py\u00f6r\u00f6sahanter\u00e4 Cembrit 160 mm Z-6 kivilevyille ja kuitusemenettilevyille. Nopea ja siisti leikkausj\u00e4lki. Tilaa Cembrit ter\u00e4 netist\u00e4!\",\"breadcrumb\":{\"@id\":\"https:\/\/hotelli03.domainhotelli.fi\/~lsdoecli\/tuote\/pyorosahantera-cembrit-160-mm-z6-kivilevyille\/#breadcrumb\"},\"inLanguage\":\"fi\",\"potentialAction\":[{\"@type\":\"ReadAction\",\"target\":[\"https:\/\/hotelli03.domainhotelli.fi\/~lsdoecli\/tuote\/pyorosahantera-cembrit-160-mm-z6-kivilevyille\/\"]}]},{\"@type\":\"BreadcrumbList\",\"@id\":\"https:\/\/hotelli03.domainhotelli.fi\/~lsdoecli\/tuote\/pyorosahantera-cembrit-160-mm-z6-kivilevyille\/#breadcrumb\",\"itemListElement\":[{\"@type\":\"ListItem\",\"position\":1,\"name\":\"Etusivu\",\"item\":\"https:\/\/hotelli03.domainhotelli.fi\/~lsdoecli\/\"},{\"@type\":\"ListItem\",\"position\":2,\"name\":\"Kauppa\",\"item\":\"https:\/\/hotelli03.domainhotelli.fi\/~lsdoecli\/kauppa\/\"},{\"@type\":\"ListItem\",\"position\":3,\"name\":\"JVT Py\u00f6r\u00f6sahanter\u00e4 Cembrit 160 mm Z-6 kivilevyille\"}]},{\"@type\":\"PostalAddress\",\"@id\":\"https:\/\/hotelli03.domainhotelli.fi\/~lsdoecli\/tuote\/pyorosahantera-cembrit-160-mm-z6-kivilevyille\/#local-main-place-address\",\"streetAddress\":\"Pyymosantie 5a\",\"addressLocality\":\"Vantaa\",\"postalCode\":\"01720\",\"addressCountry\":\"FI\"},{\"@type\":\"ImageObject\",\"inLanguage\":\"fi\",\"@id\":\"https:\/\/hotelli03.domainhotelli.fi\/~lsdoecli\/tuote\/pyorosahantera-cembrit-160-mm-z6-kivilevyille\/#local-main-organization-logo\",\"url\":\"https:\/\/hotelli03.domainhotelli.fi\/~lsdoecli\/wp-content\/uploads\/2021\/08\/JVTuonti_logo_nelio.jpg\",\"contentUrl\":\"https:\/\/hotelli03.domainhotelli.fi\/~lsdoecli\/wp-content\/uploads\/2021\/08\/JVTuonti_logo_nelio.jpg\",\"width\":550,\"height\":550,\"caption\":\"JV Tuonti Oy\"}]}<\/script>\n<meta property=\"product:price:amount\" content=\"93.00\" \/>\n<meta property=\"product:price:currency\" content=\"EUR\" \/>\n<meta property=\"og:availability\" content=\"instock\" \/>\n<meta property=\"product:availability\" content=\"instock\" \/>\n<meta property=\"product:retailer_item_id\" content=\"JVTPCD160Z6\" \/>\n<meta property=\"product:condition\" content=\"new\" \/>\n<meta name=\"geo.placename\" content=\"Vantaa\" \/>\n<meta name=\"geo.position\" content=\"60.28431;24.81654\" \/>\n<meta name=\"geo.region\" content=\"Suomi\" \/>\n<!-- \/ Yoast SEO Premium plugin. -->","yoast_head_json":{"title":"JVT Py\u00f6r\u00f6sahanter\u00e4 Cembrit 160 mm Z-6 kivilevyille | JV Tuonti","description":"Py\u00f6r\u00f6sahanter\u00e4 Cembrit 160 mm Z-6 kivilevyille ja kuitusemenettilevyille. Nopea ja siisti leikkausj\u00e4lki. Tilaa Cembrit ter\u00e4 netist\u00e4!","robots":{"index":"index","follow":"follow","max-snippet":"max-snippet:-1","max-image-preview":"max-image-preview:large","max-video-preview":"max-video-preview:-1"},"canonical":"https:\/\/hotelli03.domainhotelli.fi\/~lsdoecli\/tuote\/pyorosahantera-cembrit-160-mm-z6-kivilevyille\/","og_locale":"fi_FI","og_type":"article","og_title":"JVT Py\u00f6r\u00f6sahanter\u00e4 Cembrit 160 mm Z-6 kivilevyille","og_description":"Py\u00f6r\u00f6sahanter\u00e4 Cembrit 160 mm Z-6 kivilevyille ja kuitusemenettilevyille. Nopea ja siisti leikkausj\u00e4lki. Tilaa Cembrit ter\u00e4 netist\u00e4!","og_url":"https:\/\/hotelli03.domainhotelli.fi\/~lsdoecli\/tuote\/pyorosahantera-cembrit-160-mm-z6-kivilevyille\/","og_site_name":"JV Tuonti","article_publisher":"https:\/\/www.facebook.com\/JVTuontiOy","article_modified_time":"2022-07-24T12:28:41+00:00","og_image":[{"width":2560,"height":2560,"url":"https:\/\/hotelli03.domainhotelli.fi\/~lsdoecli\/wp-content\/uploads\/2021\/11\/Pyorosahantera-Cembrit-ja-kuitusementtilevyt-160-mm-Z6-JVT-scaled.jpg","type":"image\/jpeg"}],"twitter_card":"summary_large_image","twitter_misc":{"Price":"93,00&nbsp;&euro; Alv 24%N\u00e4yt\u00e4 veroton hinta75,00&nbsp;&euro; Alv 0%N\u00e4yt\u00e4 verollinen hinta","Availability":"In stock"},"schema":{"@context":"https:\/\/schema.org","@graph":[{"@type":["Organization","Place","WholesaleStore"],"@id":"https:\/\/hotelli03.domainhotelli.fi\/~lsdoecli\/#organization","name":"JV Tuonti Oy","url":"https:\/\/hotelli03.domainhotelli.fi\/~lsdoecli\/","sameAs":["https:\/\/instagram.com\/jvtuontioy?utm_medium=copy_link","https:\/\/www.facebook.com\/JVTuontiOy"],"logo":{"@id":"https:\/\/hotelli03.domainhotelli.fi\/~lsdoecli\/tuote\/pyorosahantera-cembrit-160-mm-z6-kivilevyille\/#local-main-organization-logo"},"image":{"@id":"https:\/\/hotelli03.domainhotelli.fi\/~lsdoecli\/tuote\/pyorosahantera-cembrit-160-mm-z6-kivilevyille\/#local-main-organization-logo"},"address":{"@id":"https:\/\/hotelli03.domainhotelli.fi\/~lsdoecli\/tuote\/pyorosahantera-cembrit-160-mm-z6-kivilevyille\/#local-main-place-address"},"geo":{"@type":"GeoCoordinates","latitude":"60.28431","longitude":"24.81654"},"telephone":["0408369980"],"openingHoursSpecification":[{"@type":"OpeningHoursSpecification","dayOfWeek":["Monday","Tuesday","Wednesday","Thursday","Friday"],"opens":"08:00","closes":"16:00"},{"@type":"OpeningHoursSpecification","dayOfWeek":["Saturday","Sunday"],"opens":"00:00","closes":"00:00"}],"email":"myynti@hotelli03.domainhotelli.fi","areaServed":"Suomi, Ruotsi","vatID":"FI30178387","priceRange":"$$","currenciesAccepted":"\u20ac","paymentAccepted":"Lasku, pankkikortti"},{"@type":"WebSite","@id":"https:\/\/hotelli03.domainhotelli.fi\/~lsdoecli\/#website","url":"https:\/\/hotelli03.domainhotelli.fi\/~lsdoecli\/","name":"JV Tuonti","description":"JV Tuonti Oy:n verkkokauppa","publisher":{"@id":"https:\/\/hotelli03.domainhotelli.fi\/~lsdoecli\/#organization"},"potentialAction":[{"@type":"SearchAction","target":{"@type":"EntryPoint","urlTemplate":"https:\/\/hotelli03.domainhotelli.fi\/~lsdoecli\/?s={search_term_string}"},"query-input":"required name=search_term_string"}],"inLanguage":"fi"},{"@type":"ImageObject","inLanguage":"fi","@id":"https:\/\/hotelli03.domainhotelli.fi\/~lsdoecli\/tuote\/pyorosahantera-cembrit-160-mm-z6-kivilevyille\/#primaryimage","url":"https:\/\/hotelli03.domainhotelli.fi\/~lsdoecli\/wp-content\/uploads\/2021\/11\/Pyorosahantera-Cembrit-ja-kuitusementtilevyt-160-mm-Z6-JVT-scaled.jpg","contentUrl":"https:\/\/hotelli03.domainhotelli.fi\/~lsdoecli\/wp-content\/uploads\/2021\/11\/Pyorosahantera-Cembrit-ja-kuitusementtilevyt-160-mm-Z6-JVT-scaled.jpg","width":2560,"height":2560,"caption":"Py\u00f6r\u00f6sahanter\u00e4 Cembrit 160 mm Z-6 kivilevyille ja kuitusementtilevyille"},{"@type":"WebPage","@id":"https:\/\/hotelli03.domainhotelli.fi\/~lsdoecli\/tuote\/pyorosahantera-cembrit-160-mm-z6-kivilevyille\/","url":"https:\/\/hotelli03.domainhotelli.fi\/~lsdoecli\/tuote\/pyorosahantera-cembrit-160-mm-z6-kivilevyille\/","name":"JVT Py\u00f6r\u00f6sahanter\u00e4 Cembrit 160 mm Z-6 kivilevyille | JV Tuonti","isPartOf":{"@id":"https:\/\/hotelli03.domainhotelli.fi\/~lsdoecli\/#website"},"primaryImageOfPage":{"@id":"https:\/\/hotelli03.domainhotelli.fi\/~lsdoecli\/tuote\/pyorosahantera-cembrit-160-mm-z6-kivilevyille\/#primaryimage"},"datePublished":"2021-11-24T05:00:04+00:00","dateModified":"2022-07-24T12:28:41+00:00","description":"Py\u00f6r\u00f6sahanter\u00e4 Cembrit 160 mm Z-6 kivilevyille ja kuitusemenettilevyille. Nopea ja siisti leikkausj\u00e4lki. Tilaa Cembrit ter\u00e4 netist\u00e4!","breadcrumb":{"@id":"https:\/\/hotelli03.domainhotelli.fi\/~lsdoecli\/tuote\/pyorosahantera-cembrit-160-mm-z6-kivilevyille\/#breadcrumb"},"inLanguage":"fi","potentialAction":[{"@type":"ReadAction","target":["https:\/\/hotelli03.domainhotelli.fi\/~lsdoecli\/tuote\/pyorosahantera-cembrit-160-mm-z6-kivilevyille\/"]}]},{"@type":"BreadcrumbList","@id":"https:\/\/hotelli03.domainhotelli.fi\/~lsdoecli\/tuote\/pyorosahantera-cembrit-160-mm-z6-kivilevyille\/#breadcrumb","itemListElement":[{"@type":"ListItem","position":1,"name":"Etusivu","item":"https:\/\/hotelli03.domainhotelli.fi\/~lsdoecli\/"},{"@type":"ListItem","position":2,"name":"Kauppa","item":"https:\/\/hotelli03.domainhotelli.fi\/~lsdoecli\/kauppa\/"},{"@type":"ListItem","position":3,"name":"JVT Py\u00f6r\u00f6sahanter\u00e4 Cembrit 160 mm Z-6 kivilevyille"}]},{"@type":"PostalAddress","@id":"https:\/\/hotelli03.domainhotelli.fi\/~lsdoecli\/tuote\/pyorosahantera-cembrit-160-mm-z6-kivilevyille\/#local-main-place-address","streetAddress":"Pyymosantie 5a","addressLocality":"Vantaa","postalCode":"01720","addressCountry":"FI"},{"@type":"ImageObject","inLanguage":"fi","@id":"https:\/\/hotelli03.domainhotelli.fi\/~lsdoecli\/tuote\/pyorosahantera-cembrit-160-mm-z6-kivilevyille\/#local-main-organization-logo","url":"https:\/\/hotelli03.domainhotelli.fi\/~lsdoecli\/wp-content\/uploads\/2021\/08\/JVTuonti_logo_nelio.jpg","contentUrl":"https:\/\/hotelli03.domainhotelli.fi\/~lsdoecli\/wp-content\/uploads\/2021\/08\/JVTuonti_logo_nelio.jpg","width":550,"height":550,"caption":"JV Tuonti Oy"}]},"product_price_amount":"93.00","product_price_currency":"EUR","og_availability":"instock","product_availability":"instock","product_retailer_item_id":"JVTPCD160Z6","product_condition":"new","geo.placename":"Vantaa","geo.position":{"lat":"60.28431","long":"24.81654"},"geo.region":"Suomi"},"_links":{"self":[{"href":"https:\/\/hotelli03.domainhotelli.fi\/~lsdoecli\/wp-json\/wp\/v2\/product\/8588"}],"collection":[{"href":"https:\/\/hotelli03.domainhotelli.fi\/~lsdoecli\/wp-json\/wp\/v2\/product"}],"about":[{"href":"https:\/\/hotelli03.domainhotelli.fi\/~lsdoecli\/wp-json\/wp\/v2\/types\/product"}],"replies":[{"embeddable":true,"href":"https:\/\/hotelli03.domainhotelli.fi\/~lsdoecli\/wp-json\/wp\/v2\/comments?post=8588"}],"wp:featuredmedia":[{"embeddable":true,"href":"https:\/\/hotelli03.domainhotelli.fi\/~lsdoecli\/wp-json\/wp\/v2\/media\/9522"}],"wp:attachment":[{"href":"https:\/\/hotelli03.domainhotelli.fi\/~lsdoecli\/wp-json\/wp\/v2\/media?parent=8588"}],"wp:term":[{"taxonomy":"product_cat","embeddable":true,"href":"https:\/\/hotelli03.domainhotelli.fi\/~lsdoecli\/wp-json\/wp\/v2\/product_cat?post=8588"},{"taxonomy":"product_tag","embeddable":true,"href":"https:\/\/hotelli03.domainhotelli.fi\/~lsdoecli\/wp-json\/wp\/v2\/product_tag?post=8588"}],"curies":[{"name":"wp","href":"https:\/\/api.w.org\/{rel}","templated":true}]}}