{"id":8569,"date":"2021-11-21T06:46:16","date_gmt":"2021-11-21T06:46:16","guid":{"rendered":"https:\/\/hotelli03.domainhotelli.fi\/~lsdoecli\/?post_type=product&#038;p=8569"},"modified":"2021-11-25T06:15:10","modified_gmt":"2021-11-25T06:15:10","slug":"expert-tussit-pyorea-karki-1-5-3-mm-musta-punainen-ja-valkoinen-vari","status":"publish","type":"product","link":"https:\/\/hotelli03.domainhotelli.fi\/~lsdoecli\/tuote\/expert-tussit-pyorea-karki-1-5-3-mm-musta-punainen-ja-valkoinen-vari\/","title":{"rendered":"Expert tussit py\u00f6re\u00e4 k\u00e4rki 1.5 &#8211; 3 mm musta, punainen ja valkoinen v\u00e4ri"},"content":{"rendered":"<h1>Expert tussit py\u00f6re\u00e4 k\u00e4rki 1.5 &#8211; 3 mm musta, punainen ja valkoinen v\u00e4ri<\/h1>\n<p>Expert tussit py\u00f6re\u00e4 k\u00e4rki 1.5 &#8211; 3 mm saatavilla eri v\u00e4rivaihtoehdoilla: musta, punainen ja valkoinen. Eritt\u00e4in laadukkaat Expert merkkaustussit sopivat pysyv\u00e4\u00e4n merkkaukseen l\u00e4hes kaikilla pinnoilla, riippumatta siit\u00e4 onko pinta karkea tai sile\u00e4. Merkkaustussien muste on vedenkest\u00e4v\u00e4 ja vaikeasti poistettavissa.<\/p>\n<p>Tussit py\u00f6re\u00e4ll\u00e4 k\u00e4rjell\u00e4 soveltuvat merkkaukseen n\u00e4ill\u00e4 pinnoilla:<\/p>\n<ul>\n<li>kuiva puu, vaneri, lastulevy<\/li>\n<li>kostea puu<\/li>\n<li>lasi<\/li>\n<li>pakkaustarvikkeet, pahvista ja kartongista valmistetut tuotteet<\/li>\n<li>laatat ja keraamiset tuotteet<\/li>\n<li>muovi<\/li>\n<li>metalli, ter\u00e4s ja alumiini<\/li>\n<li>tiili ja betoni<\/li>\n<\/ul>\n<p>Tussit soveltuvat erinomaisesti mittapisteiden, l\u00e4ht\u00f6pisteiden, v\u00e4lisein\u00e4linjojen ja oviaukkojen kohtien merkkaukseen ty\u00f6maalla. Vedenkest\u00e4v\u00e4 muste takaa, ett\u00e4 tussien viiva ja merkinn\u00e4t s\u00e4ilyv\u00e4t n\u00e4kyviss\u00e4 my\u00f6s p\u00f6lyisess\u00e4 ymp\u00e4rist\u00f6ss\u00e4 betonilattialla.<\/p>\n<p>Saatavilla eri v\u00e4risen\u00e4 ja uutuutena on valkoinen tussi. Valkoisen v\u00e4rin etu on, ett\u00e4 viiva erottuu hyvin tummilla pinnoilla kuten asfaltilla tai ter\u00e4stuotteissa. Vaaleammilla pinnoilla kuten betonissa tai pakkauskartongissa punainen tai musta viiva n\u00e4kyy paremmin.<\/p>\n<p><strong>Tuotetiedot<\/strong><\/p>\n<ul>\n<li>v\u00e4rivaihtoehdot: musta, punainen ja valkoinen<\/li>\n<li>EAN koodi musta: 4260376462011<\/li>\n<li>EAN koodi punainen: 4260376460235<\/li>\n<li>EAN koodi valkoinen:<\/li>\n<li>valmistaja: <a href=\"https:\/\/expert-marking.de\">Expert Marking Tools<\/a><\/li>\n<\/ul>\n<p>&nbsp;<\/p>\n<p>&nbsp;<\/p>\n<p>&nbsp;<\/p>\n","protected":false},"excerpt":{"rendered":"<p>Expert tussit py\u00f6re\u00e4 k\u00e4rki 1.5 &#8211; 3 mm musta, punainen ja valkoinen v\u00e4ri. Vedenkest\u00e4v\u00e4t tussit, soveltuvat erinomaisesti merkkaukseen l\u00e4hes kaikille sileille ja karheille pinnoille.<\/p>\n","protected":false},"featured_media":8636,"comment_status":"open","ping_status":"closed","template":"","meta":[],"product_cat":[547],"product_tag":[549,561],"yoast_head":"<!-- This site is optimized with the Yoast SEO Premium plugin v18.9 (Yoast SEO v19.3) - https:\/\/yoast.com\/wordpress\/plugins\/seo\/ -->\n<title>Expert tussit py\u00f6re\u00e4 k\u00e4rki 1.5 - 3 mm musta, punainen ja valkoinen v\u00e4ri v\u00e4ri<\/title>\n<meta name=\"description\" content=\"Expert tussit py\u00f6re\u00e4 k\u00e4rki 1.5 - 3 mm musta, punainen ja valkoinen v\u00e4ri. Laadukkaat tussit, vedenkest\u00e4v\u00e4 ja pysvyv\u00e4 muste. Tilaa netist\u00e4!\" \/>\n<meta name=\"robots\" content=\"index, follow, max-snippet:-1, max-image-preview:large, max-video-preview:-1\" \/>\n<link rel=\"canonical\" href=\"https:\/\/hotelli03.domainhotelli.fi\/~lsdoecli\/tuote\/expert-tussit-pyorea-karki-1-5-3-mm-musta-punainen-ja-valkoinen-vari\/\" \/>\n<meta property=\"og:locale\" content=\"fi_FI\" \/>\n<meta property=\"og:type\" content=\"article\" \/>\n<meta property=\"og:title\" content=\"Expert tussit py\u00f6re\u00e4 k\u00e4rki 1.5 - 3 mm musta, punainen ja valkoinen v\u00e4ri\" \/>\n<meta property=\"og:description\" content=\"Expert tussit py\u00f6re\u00e4 k\u00e4rki 1.5 - 3 mm musta, punainen ja valkoinen v\u00e4ri. Laadukkaat tussit, vedenkest\u00e4v\u00e4 ja pysvyv\u00e4 muste. Tilaa netist\u00e4!\" \/>\n<meta property=\"og:url\" content=\"https:\/\/hotelli03.domainhotelli.fi\/~lsdoecli\/tuote\/expert-tussit-pyorea-karki-1-5-3-mm-musta-punainen-ja-valkoinen-vari\/\" \/>\n<meta property=\"og:site_name\" content=\"JV Tuonti\" \/>\n<meta property=\"article:publisher\" content=\"https:\/\/www.facebook.com\/JVTuontiOy\" \/>\n<meta property=\"article:modified_time\" content=\"2021-11-25T06:15:10+00:00\" \/>\n<meta property=\"og:image\" content=\"https:\/\/hotelli03.domainhotelli.fi\/~lsdoecli\/wp-content\/uploads\/2021\/11\/Expert-tussit-pyorea-karki-1.5-3mm-musta-scaled.jpg\" \/>\n\t<meta property=\"og:image:width\" content=\"2560\" \/>\n\t<meta property=\"og:image:height\" content=\"2404\" \/>\n\t<meta property=\"og:image:type\" content=\"image\/jpeg\" \/>\n<meta name=\"twitter:card\" content=\"summary_large_image\" \/>\n<meta name=\"twitter:label1\" content=\"Availability\" \/>\n\t<meta name=\"twitter:data1\" content=\"In stock\" \/>\n<script type=\"application\/ld+json\" class=\"yoast-schema-graph\">{\"@context\":\"https:\/\/schema.org\",\"@graph\":[{\"@type\":[\"Organization\",\"Place\",\"WholesaleStore\"],\"@id\":\"https:\/\/hotelli03.domainhotelli.fi\/~lsdoecli\/#organization\",\"name\":\"JV Tuonti Oy\",\"url\":\"https:\/\/hotelli03.domainhotelli.fi\/~lsdoecli\/\",\"sameAs\":[\"https:\/\/instagram.com\/jvtuontioy?utm_medium=copy_link\",\"https:\/\/www.facebook.com\/JVTuontiOy\"],\"logo\":{\"@id\":\"https:\/\/hotelli03.domainhotelli.fi\/~lsdoecli\/tuote\/expert-tussit-pyorea-karki-1-5-3-mm-musta-punainen-ja-valkoinen-vari\/#local-main-organization-logo\"},\"image\":{\"@id\":\"https:\/\/hotelli03.domainhotelli.fi\/~lsdoecli\/tuote\/expert-tussit-pyorea-karki-1-5-3-mm-musta-punainen-ja-valkoinen-vari\/#local-main-organization-logo\"},\"address\":{\"@id\":\"https:\/\/hotelli03.domainhotelli.fi\/~lsdoecli\/tuote\/expert-tussit-pyorea-karki-1-5-3-mm-musta-punainen-ja-valkoinen-vari\/#local-main-place-address\"},\"geo\":{\"@type\":\"GeoCoordinates\",\"latitude\":\"60.28431\",\"longitude\":\"24.81654\"},\"telephone\":[\"0408369980\"],\"openingHoursSpecification\":[{\"@type\":\"OpeningHoursSpecification\",\"dayOfWeek\":[\"Monday\",\"Tuesday\",\"Wednesday\",\"Thursday\",\"Friday\"],\"opens\":\"08:00\",\"closes\":\"16:00\"},{\"@type\":\"OpeningHoursSpecification\",\"dayOfWeek\":[\"Saturday\",\"Sunday\"],\"opens\":\"00:00\",\"closes\":\"00:00\"}],\"email\":\"myynti@hotelli03.domainhotelli.fi\",\"areaServed\":\"Suomi, Ruotsi\",\"vatID\":\"FI30178387\",\"priceRange\":\"$$\",\"currenciesAccepted\":\"\u20ac\",\"paymentAccepted\":\"Lasku, pankkikortti\"},{\"@type\":\"WebSite\",\"@id\":\"https:\/\/hotelli03.domainhotelli.fi\/~lsdoecli\/#website\",\"url\":\"https:\/\/hotelli03.domainhotelli.fi\/~lsdoecli\/\",\"name\":\"JV Tuonti\",\"description\":\"JV Tuonti Oy:n verkkokauppa\",\"publisher\":{\"@id\":\"https:\/\/hotelli03.domainhotelli.fi\/~lsdoecli\/#organization\"},\"potentialAction\":[{\"@type\":\"SearchAction\",\"target\":{\"@type\":\"EntryPoint\",\"urlTemplate\":\"https:\/\/hotelli03.domainhotelli.fi\/~lsdoecli\/?s={search_term_string}\"},\"query-input\":\"required name=search_term_string\"}],\"inLanguage\":\"fi\"},{\"@type\":\"ImageObject\",\"inLanguage\":\"fi\",\"@id\":\"https:\/\/hotelli03.domainhotelli.fi\/~lsdoecli\/tuote\/expert-tussit-pyorea-karki-1-5-3-mm-musta-punainen-ja-valkoinen-vari\/#primaryimage\",\"url\":\"https:\/\/hotelli03.domainhotelli.fi\/~lsdoecli\/wp-content\/uploads\/2021\/11\/Expert-tussit-pyorea-karki-1.5-3mm-musta-scaled.jpg\",\"contentUrl\":\"https:\/\/hotelli03.domainhotelli.fi\/~lsdoecli\/wp-content\/uploads\/2021\/11\/Expert-tussit-pyorea-karki-1.5-3mm-musta-scaled.jpg\",\"width\":2560,\"height\":2404,\"caption\":\"Expert tussit py\u00f6re\u00e4 k\u00e4rki 1.5 - 3 mm\"},{\"@type\":\"WebPage\",\"@id\":\"https:\/\/hotelli03.domainhotelli.fi\/~lsdoecli\/tuote\/expert-tussit-pyorea-karki-1-5-3-mm-musta-punainen-ja-valkoinen-vari\/\",\"url\":\"https:\/\/hotelli03.domainhotelli.fi\/~lsdoecli\/tuote\/expert-tussit-pyorea-karki-1-5-3-mm-musta-punainen-ja-valkoinen-vari\/\",\"name\":\"Expert tussit py\u00f6re\u00e4 k\u00e4rki 1.5 - 3 mm musta, punainen ja valkoinen v\u00e4ri v\u00e4ri\",\"isPartOf\":{\"@id\":\"https:\/\/hotelli03.domainhotelli.fi\/~lsdoecli\/#website\"},\"primaryImageOfPage\":{\"@id\":\"https:\/\/hotelli03.domainhotelli.fi\/~lsdoecli\/tuote\/expert-tussit-pyorea-karki-1-5-3-mm-musta-punainen-ja-valkoinen-vari\/#primaryimage\"},\"datePublished\":\"2021-11-21T06:46:16+00:00\",\"dateModified\":\"2021-11-25T06:15:10+00:00\",\"description\":\"Expert tussit py\u00f6re\u00e4 k\u00e4rki 1.5 - 3 mm musta, punainen ja valkoinen v\u00e4ri. Laadukkaat tussit, vedenkest\u00e4v\u00e4 ja pysvyv\u00e4 muste. Tilaa netist\u00e4!\",\"breadcrumb\":{\"@id\":\"https:\/\/hotelli03.domainhotelli.fi\/~lsdoecli\/tuote\/expert-tussit-pyorea-karki-1-5-3-mm-musta-punainen-ja-valkoinen-vari\/#breadcrumb\"},\"inLanguage\":\"fi\",\"potentialAction\":[{\"@type\":\"ReadAction\",\"target\":[\"https:\/\/hotelli03.domainhotelli.fi\/~lsdoecli\/tuote\/expert-tussit-pyorea-karki-1-5-3-mm-musta-punainen-ja-valkoinen-vari\/\"]}]},{\"@type\":\"BreadcrumbList\",\"@id\":\"https:\/\/hotelli03.domainhotelli.fi\/~lsdoecli\/tuote\/expert-tussit-pyorea-karki-1-5-3-mm-musta-punainen-ja-valkoinen-vari\/#breadcrumb\",\"itemListElement\":[{\"@type\":\"ListItem\",\"position\":1,\"name\":\"Etusivu\",\"item\":\"https:\/\/hotelli03.domainhotelli.fi\/~lsdoecli\/\"},{\"@type\":\"ListItem\",\"position\":2,\"name\":\"Kauppa\",\"item\":\"https:\/\/hotelli03.domainhotelli.fi\/~lsdoecli\/kauppa\/\"},{\"@type\":\"ListItem\",\"position\":3,\"name\":\"Expert tussit py\u00f6re\u00e4 k\u00e4rki 1.5 &#8211; 3 mm musta, punainen ja valkoinen v\u00e4ri\"}]},{\"@type\":\"PostalAddress\",\"@id\":\"https:\/\/hotelli03.domainhotelli.fi\/~lsdoecli\/tuote\/expert-tussit-pyorea-karki-1-5-3-mm-musta-punainen-ja-valkoinen-vari\/#local-main-place-address\",\"streetAddress\":\"Pyymosantie 5a\",\"addressLocality\":\"Vantaa\",\"postalCode\":\"01720\",\"addressCountry\":\"FI\"},{\"@type\":\"ImageObject\",\"inLanguage\":\"fi\",\"@id\":\"https:\/\/hotelli03.domainhotelli.fi\/~lsdoecli\/tuote\/expert-tussit-pyorea-karki-1-5-3-mm-musta-punainen-ja-valkoinen-vari\/#local-main-organization-logo\",\"url\":\"https:\/\/hotelli03.domainhotelli.fi\/~lsdoecli\/wp-content\/uploads\/2021\/08\/JVTuonti_logo_nelio.jpg\",\"contentUrl\":\"https:\/\/hotelli03.domainhotelli.fi\/~lsdoecli\/wp-content\/uploads\/2021\/08\/JVTuonti_logo_nelio.jpg\",\"width\":550,\"height\":550,\"caption\":\"JV Tuonti Oy\"}]}<\/script>\n<meta property=\"og:availability\" content=\"instock\" \/>\n<meta property=\"product:availability\" content=\"instock\" \/>\n<meta property=\"product:condition\" content=\"new\" \/>\n<meta name=\"geo.placename\" content=\"Vantaa\" \/>\n<meta name=\"geo.position\" content=\"60.28431;24.81654\" \/>\n<meta name=\"geo.region\" content=\"Suomi\" \/>\n<!-- \/ Yoast SEO Premium plugin. -->","yoast_head_json":{"title":"Expert tussit py\u00f6re\u00e4 k\u00e4rki 1.5 - 3 mm musta, punainen ja valkoinen v\u00e4ri v\u00e4ri","description":"Expert tussit py\u00f6re\u00e4 k\u00e4rki 1.5 - 3 mm musta, punainen ja valkoinen v\u00e4ri. Laadukkaat tussit, vedenkest\u00e4v\u00e4 ja pysvyv\u00e4 muste. Tilaa netist\u00e4!","robots":{"index":"index","follow":"follow","max-snippet":"max-snippet:-1","max-image-preview":"max-image-preview:large","max-video-preview":"max-video-preview:-1"},"canonical":"https:\/\/hotelli03.domainhotelli.fi\/~lsdoecli\/tuote\/expert-tussit-pyorea-karki-1-5-3-mm-musta-punainen-ja-valkoinen-vari\/","og_locale":"fi_FI","og_type":"article","og_title":"Expert tussit py\u00f6re\u00e4 k\u00e4rki 1.5 - 3 mm musta, punainen ja valkoinen v\u00e4ri","og_description":"Expert tussit py\u00f6re\u00e4 k\u00e4rki 1.5 - 3 mm musta, punainen ja valkoinen v\u00e4ri. Laadukkaat tussit, vedenkest\u00e4v\u00e4 ja pysvyv\u00e4 muste. Tilaa netist\u00e4!","og_url":"https:\/\/hotelli03.domainhotelli.fi\/~lsdoecli\/tuote\/expert-tussit-pyorea-karki-1-5-3-mm-musta-punainen-ja-valkoinen-vari\/","og_site_name":"JV Tuonti","article_publisher":"https:\/\/www.facebook.com\/JVTuontiOy","article_modified_time":"2021-11-25T06:15:10+00:00","og_image":[{"width":2560,"height":2404,"url":"https:\/\/hotelli03.domainhotelli.fi\/~lsdoecli\/wp-content\/uploads\/2021\/11\/Expert-tussit-pyorea-karki-1.5-3mm-musta-scaled.jpg","type":"image\/jpeg"}],"twitter_card":"summary_large_image","twitter_misc":{"Availability":"In stock"},"schema":{"@context":"https:\/\/schema.org","@graph":[{"@type":["Organization","Place","WholesaleStore"],"@id":"https:\/\/hotelli03.domainhotelli.fi\/~lsdoecli\/#organization","name":"JV Tuonti Oy","url":"https:\/\/hotelli03.domainhotelli.fi\/~lsdoecli\/","sameAs":["https:\/\/instagram.com\/jvtuontioy?utm_medium=copy_link","https:\/\/www.facebook.com\/JVTuontiOy"],"logo":{"@id":"https:\/\/hotelli03.domainhotelli.fi\/~lsdoecli\/tuote\/expert-tussit-pyorea-karki-1-5-3-mm-musta-punainen-ja-valkoinen-vari\/#local-main-organization-logo"},"image":{"@id":"https:\/\/hotelli03.domainhotelli.fi\/~lsdoecli\/tuote\/expert-tussit-pyorea-karki-1-5-3-mm-musta-punainen-ja-valkoinen-vari\/#local-main-organization-logo"},"address":{"@id":"https:\/\/hotelli03.domainhotelli.fi\/~lsdoecli\/tuote\/expert-tussit-pyorea-karki-1-5-3-mm-musta-punainen-ja-valkoinen-vari\/#local-main-place-address"},"geo":{"@type":"GeoCoordinates","latitude":"60.28431","longitude":"24.81654"},"telephone":["0408369980"],"openingHoursSpecification":[{"@type":"OpeningHoursSpecification","dayOfWeek":["Monday","Tuesday","Wednesday","Thursday","Friday"],"opens":"08:00","closes":"16:00"},{"@type":"OpeningHoursSpecification","dayOfWeek":["Saturday","Sunday"],"opens":"00:00","closes":"00:00"}],"email":"myynti@hotelli03.domainhotelli.fi","areaServed":"Suomi, Ruotsi","vatID":"FI30178387","priceRange":"$$","currenciesAccepted":"\u20ac","paymentAccepted":"Lasku, pankkikortti"},{"@type":"WebSite","@id":"https:\/\/hotelli03.domainhotelli.fi\/~lsdoecli\/#website","url":"https:\/\/hotelli03.domainhotelli.fi\/~lsdoecli\/","name":"JV Tuonti","description":"JV Tuonti Oy:n verkkokauppa","publisher":{"@id":"https:\/\/hotelli03.domainhotelli.fi\/~lsdoecli\/#organization"},"potentialAction":[{"@type":"SearchAction","target":{"@type":"EntryPoint","urlTemplate":"https:\/\/hotelli03.domainhotelli.fi\/~lsdoecli\/?s={search_term_string}"},"query-input":"required name=search_term_string"}],"inLanguage":"fi"},{"@type":"ImageObject","inLanguage":"fi","@id":"https:\/\/hotelli03.domainhotelli.fi\/~lsdoecli\/tuote\/expert-tussit-pyorea-karki-1-5-3-mm-musta-punainen-ja-valkoinen-vari\/#primaryimage","url":"https:\/\/hotelli03.domainhotelli.fi\/~lsdoecli\/wp-content\/uploads\/2021\/11\/Expert-tussit-pyorea-karki-1.5-3mm-musta-scaled.jpg","contentUrl":"https:\/\/hotelli03.domainhotelli.fi\/~lsdoecli\/wp-content\/uploads\/2021\/11\/Expert-tussit-pyorea-karki-1.5-3mm-musta-scaled.jpg","width":2560,"height":2404,"caption":"Expert tussit py\u00f6re\u00e4 k\u00e4rki 1.5 - 3 mm"},{"@type":"WebPage","@id":"https:\/\/hotelli03.domainhotelli.fi\/~lsdoecli\/tuote\/expert-tussit-pyorea-karki-1-5-3-mm-musta-punainen-ja-valkoinen-vari\/","url":"https:\/\/hotelli03.domainhotelli.fi\/~lsdoecli\/tuote\/expert-tussit-pyorea-karki-1-5-3-mm-musta-punainen-ja-valkoinen-vari\/","name":"Expert tussit py\u00f6re\u00e4 k\u00e4rki 1.5 - 3 mm musta, punainen ja valkoinen v\u00e4ri v\u00e4ri","isPartOf":{"@id":"https:\/\/hotelli03.domainhotelli.fi\/~lsdoecli\/#website"},"primaryImageOfPage":{"@id":"https:\/\/hotelli03.domainhotelli.fi\/~lsdoecli\/tuote\/expert-tussit-pyorea-karki-1-5-3-mm-musta-punainen-ja-valkoinen-vari\/#primaryimage"},"datePublished":"2021-11-21T06:46:16+00:00","dateModified":"2021-11-25T06:15:10+00:00","description":"Expert tussit py\u00f6re\u00e4 k\u00e4rki 1.5 - 3 mm musta, punainen ja valkoinen v\u00e4ri. Laadukkaat tussit, vedenkest\u00e4v\u00e4 ja pysvyv\u00e4 muste. Tilaa netist\u00e4!","breadcrumb":{"@id":"https:\/\/hotelli03.domainhotelli.fi\/~lsdoecli\/tuote\/expert-tussit-pyorea-karki-1-5-3-mm-musta-punainen-ja-valkoinen-vari\/#breadcrumb"},"inLanguage":"fi","potentialAction":[{"@type":"ReadAction","target":["https:\/\/hotelli03.domainhotelli.fi\/~lsdoecli\/tuote\/expert-tussit-pyorea-karki-1-5-3-mm-musta-punainen-ja-valkoinen-vari\/"]}]},{"@type":"BreadcrumbList","@id":"https:\/\/hotelli03.domainhotelli.fi\/~lsdoecli\/tuote\/expert-tussit-pyorea-karki-1-5-3-mm-musta-punainen-ja-valkoinen-vari\/#breadcrumb","itemListElement":[{"@type":"ListItem","position":1,"name":"Etusivu","item":"https:\/\/hotelli03.domainhotelli.fi\/~lsdoecli\/"},{"@type":"ListItem","position":2,"name":"Kauppa","item":"https:\/\/hotelli03.domainhotelli.fi\/~lsdoecli\/kauppa\/"},{"@type":"ListItem","position":3,"name":"Expert tussit py\u00f6re\u00e4 k\u00e4rki 1.5 &#8211; 3 mm musta, punainen ja valkoinen v\u00e4ri"}]},{"@type":"PostalAddress","@id":"https:\/\/hotelli03.domainhotelli.fi\/~lsdoecli\/tuote\/expert-tussit-pyorea-karki-1-5-3-mm-musta-punainen-ja-valkoinen-vari\/#local-main-place-address","streetAddress":"Pyymosantie 5a","addressLocality":"Vantaa","postalCode":"01720","addressCountry":"FI"},{"@type":"ImageObject","inLanguage":"fi","@id":"https:\/\/hotelli03.domainhotelli.fi\/~lsdoecli\/tuote\/expert-tussit-pyorea-karki-1-5-3-mm-musta-punainen-ja-valkoinen-vari\/#local-main-organization-logo","url":"https:\/\/hotelli03.domainhotelli.fi\/~lsdoecli\/wp-content\/uploads\/2021\/08\/JVTuonti_logo_nelio.jpg","contentUrl":"https:\/\/hotelli03.domainhotelli.fi\/~lsdoecli\/wp-content\/uploads\/2021\/08\/JVTuonti_logo_nelio.jpg","width":550,"height":550,"caption":"JV Tuonti Oy"}]},"og_availability":"instock","product_availability":"instock","product_condition":"new","geo.placename":"Vantaa","geo.position":{"lat":"60.28431","long":"24.81654"},"geo.region":"Suomi"},"_links":{"self":[{"href":"https:\/\/hotelli03.domainhotelli.fi\/~lsdoecli\/wp-json\/wp\/v2\/product\/8569"}],"collection":[{"href":"https:\/\/hotelli03.domainhotelli.fi\/~lsdoecli\/wp-json\/wp\/v2\/product"}],"about":[{"href":"https:\/\/hotelli03.domainhotelli.fi\/~lsdoecli\/wp-json\/wp\/v2\/types\/product"}],"replies":[{"embeddable":true,"href":"https:\/\/hotelli03.domainhotelli.fi\/~lsdoecli\/wp-json\/wp\/v2\/comments?post=8569"}],"wp:featuredmedia":[{"embeddable":true,"href":"https:\/\/hotelli03.domainhotelli.fi\/~lsdoecli\/wp-json\/wp\/v2\/media\/8636"}],"wp:attachment":[{"href":"https:\/\/hotelli03.domainhotelli.fi\/~lsdoecli\/wp-json\/wp\/v2\/media?parent=8569"}],"wp:term":[{"taxonomy":"product_cat","embeddable":true,"href":"https:\/\/hotelli03.domainhotelli.fi\/~lsdoecli\/wp-json\/wp\/v2\/product_cat?post=8569"},{"taxonomy":"product_tag","embeddable":true,"href":"https:\/\/hotelli03.domainhotelli.fi\/~lsdoecli\/wp-json\/wp\/v2\/product_tag?post=8569"}],"curies":[{"name":"wp","href":"https:\/\/api.w.org\/{rel}","templated":true}]}}