{"id":8537,"date":"2021-11-20T08:34:04","date_gmt":"2021-11-20T08:34:04","guid":{"rendered":"https:\/\/hotelli03.domainhotelli.fi\/~lsdoecli\/?post_type=product&#038;p=8537"},"modified":"2022-03-06T09:23:48","modified_gmt":"2022-03-06T09:23:48","slug":"suojahaalari-type5-6-cat-iii-koko-xxxl-jvt-safety-equipment","status":"publish","type":"product","link":"https:\/\/hotelli03.domainhotelli.fi\/~lsdoecli\/tuote\/suojahaalari-type5-6-cat-iii-koko-xxxl-jvt-safety-equipment\/","title":{"rendered":"Suojahaalari type 5\/6 cat III koko XXXL valkoinen"},"content":{"rendered":"<h1>Suojahaalari\u00a0type 5\/6 cat III koko\u00a0XXXL valkoinen<\/h1>\n<p>Suojahaalari on tarkoitettu suojaamaan k\u00e4ytt\u00e4j\u00e4\u00e4 hiukkasilta ja rajoitetusti roiskeilta. Kertak\u00e4ytt\u00f6inen suojahaalari t\u00e4ytt\u00e4\u00e4 eurooppalaisen lains\u00e4\u00e4d\u00e4nn\u00f6n mukaiset, luokan III henkil\u00f6kohtaisille suojavarusteille asetetut vaatimukset.<\/p>\n<p>Antistaattinen JVT suojahaalari soveltuu esim. seuraavaan k\u00e4ytt\u00f6\u00f6n:<\/p>\n<ul>\n<li>asbestipurkuty\u00f6t<\/li>\n<li>j\u00e4tteiden h\u00e4vitt\u00e4minen<\/li>\n<li>mineraalikuituty\u00f6t<\/li>\n<li>ty\u00f6skentely likaisessa\/saastuneessa ymp\u00e4rist\u00f6ss\u00e4<\/li>\n<li>l\u00e4\u00e4keteollisuus<\/li>\n<li>elintarviketeollisuus<\/li>\n<li>dekontaminaatio- ja puhdistusty\u00f6<\/li>\n<li>maalituotanto<\/li>\n<li>el\u00e4inl\u00e4\u00e4ketiede<\/li>\n<li>kemianteollisuus<\/li>\n<li>metalliteollisuus<\/li>\n<li>l\u00e4\u00e4kint\u00e4- ja pelastusteht\u00e4v\u00e4t<\/li>\n<\/ul>\n<p>JVT hupullinen ja vetoketjullinen kertak\u00e4ytt\u00f6inen suojahaalari tyyppi 5\/6, joka on valmistettu komposiittikuitukankaasta. Suojapuvun leikkaus on suunniteltu niin, ett\u00e4 haalari ei repe\u00e4 kainalosta kun nostaa k\u00e4det yl\u00f6sp\u00e4in, mik\u00e4 on t\u00e4rke\u00e4 ominaisuus purkut\u00f6iden yhteydess\u00e4.<\/p>\n<h2><strong>JVT suojahaalari tyyppi 5\/6 t\u00e4ytt\u00e4\u00e4 seuraavat EU-direktiivit<\/strong><\/h2>\n<ul>\n<li>Tyyppi 5 EN ISO 13982-1 Suojavaatetus kiinteit\u00e4 hiukkasia vastaan<\/li>\n<li>Tyyppi 6 EN 13034 Suojavaate roiskeilta<\/li>\n<li>EN 1149-5 antistaattiset ominaisuudet<\/li>\n<\/ul>\n<h3><em>\u00a0<\/em><strong>Tarkista n\u00e4m\u00e4 asiat ennen suojapuvun k\u00e4ytt\u00f6\u00e4<\/strong><\/h3>\n<ul>\n<li>suojapuku on kuiva, siin\u00e4 ei ole likaa tai hometta.<\/li>\n<li>Suojahaalari on ehj\u00e4, eik\u00e4 siin\u00e4 ole reiki\u00e4 tai halkeamia tai muita vikoja.<\/li>\n<li>saumat ovat tasaiset ja ehj\u00e4t, eik\u00e4 samoissa ole kohoumia.<\/li>\n<li>vetoketju menee piiloon suojaoan alle, niin ett\u00e4 se on peitettyn\u00e4<\/li>\n<\/ul>\n<h3><strong>Varoitukset<\/strong><\/h3>\n<ul>\n<li>Lue k\u00e4ytt\u00f6ohjeet huolellisesti, tarkista viimeinen k\u00e4ytt\u00f6p\u00e4iv\u00e4.<\/li>\n<li>Valitse suojahaalari ty\u00f6olosuhteiden mukaan, jos tarvitset apua oikean suojausluokan valintaan, pyyd\u00e4 apua ty\u00f6nantajalta.<\/li>\n<li>Tarkista ett\u00e4 haalari on ehj\u00e4. \u00c4l\u00e4 k\u00e4yt\u00e4 suojapukua, jos haalarissa on n\u00e4kyvi\u00e4 vaurioita. Poistu v\u00e4litt\u00f6m\u00e4sti ty\u00f6-alueelta, jos haalari vaurioituu ja vaihda haalari uuteen.<\/li>\n<li>suojahaalari on kertak\u00e4ytt\u00f6inen \u2013 \u00e4l\u00e4 k\u00e4yt\u00e4 uudelleen.<\/li>\n<li>h\u00e4vit\u00e4 suojapuku asianmukaisesti. Tarkista voimassa olevat m\u00e4\u00e4r\u00e4ykset ty\u00f6nantajaltasi.<\/li>\n<li>Suojahaalaria on valmistettu materiaalista, joka sulaa 135\u2103 l\u00e4mp\u00f6tilassa, \u00e4l\u00e4 k\u00e4yt\u00e4 suojahaalaria l\u00e4hell\u00e4 voimakkaita l\u00e4mm\u00f6nl\u00e4hteit\u00e4 tai avotulen l\u00e4hell\u00e4.<\/li>\n<li>ty\u00f6nantaja on velvollinen tunnistamaan ty\u00f6ymp\u00e4rist\u00f6n mahdolliset riskit ja valitsemaan t\u00e4m\u00e4n mukaisesti sopivat k\u00e4ytt\u00f6tarkoitukseen sopivat henkil\u00f6suojaimet, sek\u00e4 opastettava ty\u00f6ntekij\u00f6it\u00e4 niiden oikeaoppisessa k\u00e4yt\u00f6ss\u00e4. Valmistajalla ei ole vastuuta mahdollisista vahingoista tai seurauksista, jotka aiheutuvat suojahaalarin virheellisest\u00e4 k\u00e4yt\u00f6st\u00e4 tai jos suojapuku on valittu v\u00e4\u00e4rin.<\/li>\n<li>v\u00e4\u00e4rin k\u00e4ytettyn\u00e4 suojavaate voi altistaa vakaville terveysongelmille tai v\u00e4\u00e4rink\u00e4ytt\u00f6 voi pahimmissa tapauksessa johtaa kuolemaan.<\/li>\n<\/ul>\n<p>Tyyppihyv\u00e4ksynn\u00e4n suorittanut ilmoitettu laitos: Centro Tessile Cotoniero o Abbigliamento S.P.A. P.zza Sant`Anna, 2-21052 Busto Arsizio (VA) \u2013 Italia <a href=\"https:\/\/ec.europa.eu\/growth\/tools-databases\/nando\/index.cfm?fuseaction=notifiedbody.notifiedbody&amp;refe_cd=EPOS%5F43946&amp;version_no=1\">ECC Notified body 0624<\/a><\/p>\n<h3>JVT kertak\u00e4ytt\u00f6isen suojahaalarin tuotiedot:<\/h3>\n<ul>\n<li>Malli\/ koko: Green Cross 2000\/XXXL<\/li>\n<li>EAN koodi: 06973141150160<\/li>\n<li>Maahantuoja: JV Tuonti Oy<\/li>\n<li>Tukkupakkaus: 50 kpl<\/li>\n<\/ul>\n<p>&nbsp;<\/p>\n","protected":false},"excerpt":{"rendered":"<p>Antisaattinen JVT suojahaalari voidaan k\u00e4ytt\u00e4\u00e4 esimerkiksi seuraavissa t\u00f6iss\u00e4:<\/p>\n<ul>\n<li>asbestipurkuty\u00f6t<\/li>\n<li>j\u00e4tteiden h\u00e4vitt\u00e4minen<\/li>\n<li>mineraalikuituty\u00f6t<\/li>\n<li>ty\u00f6skentely likaisessa\/saastuneessa ymp\u00e4rist\u00f6ss\u00e4<\/li>\n<li>l\u00e4\u00e4keteollisuus<\/li>\n<li>elintarviketeollisuus<\/li>\n<li>dekontaminaatio- ja puhdistusty\u00f6<\/li>\n<li>maalituotanto<\/li>\n<li>el\u00e4inl\u00e4\u00e4ketiede<\/li>\n<li>kemianteollisuus<\/li>\n<li>metalliteollisuus<\/li>\n<li>l\u00e4\u00e4kint\u00e4- ja pelastusteht\u00e4v\u00e4t<\/li>\n<\/ul>\n<p>&nbsp;<\/p>\n","protected":false},"featured_media":8578,"comment_status":"open","ping_status":"closed","template":"","meta":[],"product_cat":[958],"product_tag":[959],"yoast_head":"<!-- This site is optimized with the Yoast SEO Premium plugin v18.9 (Yoast SEO v19.3) - https:\/\/yoast.com\/wordpress\/plugins\/seo\/ -->\n<title>Suojahaalari type 5\/6 cat III koko XXXL valkoinen<\/title>\n<meta name=\"description\" content=\"Suojahaalari JVT type 5\/6 cat III. Kertak\u00e4ytt\u00f6inen suojahaalari suojaa haitallisilta huikkasilta ja rajoitetusti roiskeilta. Tilaa netist\u00e4\" \/>\n<meta name=\"robots\" content=\"index, follow, max-snippet:-1, max-image-preview:large, max-video-preview:-1\" \/>\n<link rel=\"canonical\" href=\"https:\/\/hotelli03.domainhotelli.fi\/~lsdoecli\/tuote\/suojahaalari-type5-6-cat-iii-koko-xxxl-jvt-safety-equipment\/\" \/>\n<meta property=\"og:locale\" content=\"fi_FI\" \/>\n<meta property=\"og:type\" content=\"article\" \/>\n<meta property=\"og:title\" content=\"Suojahaalari type 5\/6 cat III koko XXXL valkoinen\" \/>\n<meta property=\"og:description\" content=\"Suojahaalari JVT type 5\/6 cat III. Kertak\u00e4ytt\u00f6inen suojahaalari suojaa haitallisilta huikkasilta ja rajoitetusti roiskeilta. Tilaa netist\u00e4\" \/>\n<meta property=\"og:url\" content=\"https:\/\/hotelli03.domainhotelli.fi\/~lsdoecli\/tuote\/suojahaalari-type5-6-cat-iii-koko-xxxl-jvt-safety-equipment\/\" \/>\n<meta property=\"og:site_name\" content=\"JV Tuonti\" \/>\n<meta property=\"article:publisher\" content=\"https:\/\/www.facebook.com\/JVTuontiOy\" \/>\n<meta property=\"article:modified_time\" content=\"2022-03-06T09:23:48+00:00\" \/>\n<meta property=\"og:image\" content=\"https:\/\/hotelli03.domainhotelli.fi\/~lsdoecli\/wp-content\/uploads\/2021\/11\/Suojahaalari-XXXL-JVT-Safety-type-56-cat-III.jpg\" \/>\n\t<meta property=\"og:image:width\" content=\"1000\" \/>\n\t<meta property=\"og:image:height\" content=\"1000\" \/>\n\t<meta property=\"og:image:type\" content=\"image\/jpeg\" \/>\n<meta name=\"twitter:card\" content=\"summary_large_image\" \/>\n<meta name=\"twitter:label1\" content=\"Price\" \/>\n\t<meta name=\"twitter:data1\" content=\"4,59&nbsp;&euro; Alv 24%N\u00e4yt\u00e4 veroton hinta3,70&nbsp;&euro; Alv 0%N\u00e4yt\u00e4 verollinen hinta\" \/>\n\t<meta name=\"twitter:label2\" content=\"Availability\" \/>\n\t<meta name=\"twitter:data2\" content=\"In stock\" \/>\n<script type=\"application\/ld+json\" class=\"yoast-schema-graph\">{\"@context\":\"https:\/\/schema.org\",\"@graph\":[{\"@type\":[\"Organization\",\"Place\",\"WholesaleStore\"],\"@id\":\"https:\/\/hotelli03.domainhotelli.fi\/~lsdoecli\/#organization\",\"name\":\"JV Tuonti Oy\",\"url\":\"https:\/\/hotelli03.domainhotelli.fi\/~lsdoecli\/\",\"sameAs\":[\"https:\/\/instagram.com\/jvtuontioy?utm_medium=copy_link\",\"https:\/\/www.facebook.com\/JVTuontiOy\"],\"logo\":{\"@id\":\"https:\/\/hotelli03.domainhotelli.fi\/~lsdoecli\/tuote\/suojahaalari-type5-6-cat-iii-koko-xxxl-jvt-safety-equipment\/#local-main-organization-logo\"},\"image\":{\"@id\":\"https:\/\/hotelli03.domainhotelli.fi\/~lsdoecli\/tuote\/suojahaalari-type5-6-cat-iii-koko-xxxl-jvt-safety-equipment\/#local-main-organization-logo\"},\"address\":{\"@id\":\"https:\/\/hotelli03.domainhotelli.fi\/~lsdoecli\/tuote\/suojahaalari-type5-6-cat-iii-koko-xxxl-jvt-safety-equipment\/#local-main-place-address\"},\"geo\":{\"@type\":\"GeoCoordinates\",\"latitude\":\"60.28431\",\"longitude\":\"24.81654\"},\"telephone\":[\"0408369980\"],\"openingHoursSpecification\":[{\"@type\":\"OpeningHoursSpecification\",\"dayOfWeek\":[\"Monday\",\"Tuesday\",\"Wednesday\",\"Thursday\",\"Friday\"],\"opens\":\"08:00\",\"closes\":\"16:00\"},{\"@type\":\"OpeningHoursSpecification\",\"dayOfWeek\":[\"Saturday\",\"Sunday\"],\"opens\":\"00:00\",\"closes\":\"00:00\"}],\"email\":\"myynti@hotelli03.domainhotelli.fi\",\"areaServed\":\"Suomi, Ruotsi\",\"vatID\":\"FI30178387\",\"priceRange\":\"$$\",\"currenciesAccepted\":\"\u20ac\",\"paymentAccepted\":\"Lasku, pankkikortti\"},{\"@type\":\"WebSite\",\"@id\":\"https:\/\/hotelli03.domainhotelli.fi\/~lsdoecli\/#website\",\"url\":\"https:\/\/hotelli03.domainhotelli.fi\/~lsdoecli\/\",\"name\":\"JV Tuonti\",\"description\":\"JV Tuonti Oy:n verkkokauppa\",\"publisher\":{\"@id\":\"https:\/\/hotelli03.domainhotelli.fi\/~lsdoecli\/#organization\"},\"potentialAction\":[{\"@type\":\"SearchAction\",\"target\":{\"@type\":\"EntryPoint\",\"urlTemplate\":\"https:\/\/hotelli03.domainhotelli.fi\/~lsdoecli\/?s={search_term_string}\"},\"query-input\":\"required name=search_term_string\"}],\"inLanguage\":\"fi\"},{\"@type\":\"ImageObject\",\"inLanguage\":\"fi\",\"@id\":\"https:\/\/hotelli03.domainhotelli.fi\/~lsdoecli\/tuote\/suojahaalari-type5-6-cat-iii-koko-xxxl-jvt-safety-equipment\/#primaryimage\",\"url\":\"https:\/\/hotelli03.domainhotelli.fi\/~lsdoecli\/wp-content\/uploads\/2021\/11\/Suojahaalari-XXXL-JVT-Safety-type-56-cat-III.jpg\",\"contentUrl\":\"https:\/\/hotelli03.domainhotelli.fi\/~lsdoecli\/wp-content\/uploads\/2021\/11\/Suojahaalari-XXXL-JVT-Safety-type-56-cat-III.jpg\",\"width\":1000,\"height\":1000,\"caption\":\"Suojahaalari XXXL\u00a0JVT Safety type 5\/6 cat III\"},{\"@type\":\"WebPage\",\"@id\":\"https:\/\/hotelli03.domainhotelli.fi\/~lsdoecli\/tuote\/suojahaalari-type5-6-cat-iii-koko-xxxl-jvt-safety-equipment\/\",\"url\":\"https:\/\/hotelli03.domainhotelli.fi\/~lsdoecli\/tuote\/suojahaalari-type5-6-cat-iii-koko-xxxl-jvt-safety-equipment\/\",\"name\":\"Suojahaalari type 5\/6 cat III koko XXXL valkoinen\",\"isPartOf\":{\"@id\":\"https:\/\/hotelli03.domainhotelli.fi\/~lsdoecli\/#website\"},\"primaryImageOfPage\":{\"@id\":\"https:\/\/hotelli03.domainhotelli.fi\/~lsdoecli\/tuote\/suojahaalari-type5-6-cat-iii-koko-xxxl-jvt-safety-equipment\/#primaryimage\"},\"datePublished\":\"2021-11-20T08:34:04+00:00\",\"dateModified\":\"2022-03-06T09:23:48+00:00\",\"description\":\"Suojahaalari JVT type 5\/6 cat III. Kertak\u00e4ytt\u00f6inen suojahaalari suojaa haitallisilta huikkasilta ja rajoitetusti roiskeilta. Tilaa netist\u00e4\",\"breadcrumb\":{\"@id\":\"https:\/\/hotelli03.domainhotelli.fi\/~lsdoecli\/tuote\/suojahaalari-type5-6-cat-iii-koko-xxxl-jvt-safety-equipment\/#breadcrumb\"},\"inLanguage\":\"fi\",\"potentialAction\":[{\"@type\":\"ReadAction\",\"target\":[\"https:\/\/hotelli03.domainhotelli.fi\/~lsdoecli\/tuote\/suojahaalari-type5-6-cat-iii-koko-xxxl-jvt-safety-equipment\/\"]}]},{\"@type\":\"BreadcrumbList\",\"@id\":\"https:\/\/hotelli03.domainhotelli.fi\/~lsdoecli\/tuote\/suojahaalari-type5-6-cat-iii-koko-xxxl-jvt-safety-equipment\/#breadcrumb\",\"itemListElement\":[{\"@type\":\"ListItem\",\"position\":1,\"name\":\"Etusivu\",\"item\":\"https:\/\/hotelli03.domainhotelli.fi\/~lsdoecli\/\"},{\"@type\":\"ListItem\",\"position\":2,\"name\":\"Kauppa\",\"item\":\"https:\/\/hotelli03.domainhotelli.fi\/~lsdoecli\/kauppa\/\"},{\"@type\":\"ListItem\",\"position\":3,\"name\":\"Suojahaalari type 5\/6 cat III koko XXXL valkoinen\"}]},{\"@type\":\"PostalAddress\",\"@id\":\"https:\/\/hotelli03.domainhotelli.fi\/~lsdoecli\/tuote\/suojahaalari-type5-6-cat-iii-koko-xxxl-jvt-safety-equipment\/#local-main-place-address\",\"streetAddress\":\"Pyymosantie 5a\",\"addressLocality\":\"Vantaa\",\"postalCode\":\"01720\",\"addressCountry\":\"FI\"},{\"@type\":\"ImageObject\",\"inLanguage\":\"fi\",\"@id\":\"https:\/\/hotelli03.domainhotelli.fi\/~lsdoecli\/tuote\/suojahaalari-type5-6-cat-iii-koko-xxxl-jvt-safety-equipment\/#local-main-organization-logo\",\"url\":\"https:\/\/hotelli03.domainhotelli.fi\/~lsdoecli\/wp-content\/uploads\/2021\/08\/JVTuonti_logo_nelio.jpg\",\"contentUrl\":\"https:\/\/hotelli03.domainhotelli.fi\/~lsdoecli\/wp-content\/uploads\/2021\/08\/JVTuonti_logo_nelio.jpg\",\"width\":550,\"height\":550,\"caption\":\"JV Tuonti Oy\"}]}<\/script>\n<meta property=\"product:brand\" content=\"JVT\" \/>\n<meta property=\"product:price:amount\" content=\"4.59\" \/>\n<meta property=\"product:price:currency\" content=\"EUR\" \/>\n<meta property=\"og:availability\" content=\"instock\" \/>\n<meta property=\"product:availability\" content=\"instock\" \/>\n<meta property=\"product:retailer_item_id\" content=\"JVTSH\" \/>\n<meta property=\"product:condition\" content=\"new\" \/>\n<meta name=\"geo.placename\" content=\"Vantaa\" \/>\n<meta name=\"geo.position\" content=\"60.28431;24.81654\" \/>\n<meta name=\"geo.region\" content=\"Suomi\" \/>\n<!-- \/ Yoast SEO Premium plugin. -->","yoast_head_json":{"title":"Suojahaalari type 5\/6 cat III koko XXXL valkoinen","description":"Suojahaalari JVT type 5\/6 cat III. Kertak\u00e4ytt\u00f6inen suojahaalari suojaa haitallisilta huikkasilta ja rajoitetusti roiskeilta. Tilaa netist\u00e4","robots":{"index":"index","follow":"follow","max-snippet":"max-snippet:-1","max-image-preview":"max-image-preview:large","max-video-preview":"max-video-preview:-1"},"canonical":"https:\/\/hotelli03.domainhotelli.fi\/~lsdoecli\/tuote\/suojahaalari-type5-6-cat-iii-koko-xxxl-jvt-safety-equipment\/","og_locale":"fi_FI","og_type":"article","og_title":"Suojahaalari type 5\/6 cat III koko XXXL valkoinen","og_description":"Suojahaalari JVT type 5\/6 cat III. Kertak\u00e4ytt\u00f6inen suojahaalari suojaa haitallisilta huikkasilta ja rajoitetusti roiskeilta. Tilaa netist\u00e4","og_url":"https:\/\/hotelli03.domainhotelli.fi\/~lsdoecli\/tuote\/suojahaalari-type5-6-cat-iii-koko-xxxl-jvt-safety-equipment\/","og_site_name":"JV Tuonti","article_publisher":"https:\/\/www.facebook.com\/JVTuontiOy","article_modified_time":"2022-03-06T09:23:48+00:00","og_image":[{"width":1000,"height":1000,"url":"https:\/\/hotelli03.domainhotelli.fi\/~lsdoecli\/wp-content\/uploads\/2021\/11\/Suojahaalari-XXXL-JVT-Safety-type-56-cat-III.jpg","type":"image\/jpeg"}],"twitter_card":"summary_large_image","twitter_misc":{"Price":"4,59&nbsp;&euro; Alv 24%N\u00e4yt\u00e4 veroton hinta3,70&nbsp;&euro; Alv 0%N\u00e4yt\u00e4 verollinen hinta","Availability":"In stock"},"schema":{"@context":"https:\/\/schema.org","@graph":[{"@type":["Organization","Place","WholesaleStore"],"@id":"https:\/\/hotelli03.domainhotelli.fi\/~lsdoecli\/#organization","name":"JV Tuonti Oy","url":"https:\/\/hotelli03.domainhotelli.fi\/~lsdoecli\/","sameAs":["https:\/\/instagram.com\/jvtuontioy?utm_medium=copy_link","https:\/\/www.facebook.com\/JVTuontiOy"],"logo":{"@id":"https:\/\/hotelli03.domainhotelli.fi\/~lsdoecli\/tuote\/suojahaalari-type5-6-cat-iii-koko-xxxl-jvt-safety-equipment\/#local-main-organization-logo"},"image":{"@id":"https:\/\/hotelli03.domainhotelli.fi\/~lsdoecli\/tuote\/suojahaalari-type5-6-cat-iii-koko-xxxl-jvt-safety-equipment\/#local-main-organization-logo"},"address":{"@id":"https:\/\/hotelli03.domainhotelli.fi\/~lsdoecli\/tuote\/suojahaalari-type5-6-cat-iii-koko-xxxl-jvt-safety-equipment\/#local-main-place-address"},"geo":{"@type":"GeoCoordinates","latitude":"60.28431","longitude":"24.81654"},"telephone":["0408369980"],"openingHoursSpecification":[{"@type":"OpeningHoursSpecification","dayOfWeek":["Monday","Tuesday","Wednesday","Thursday","Friday"],"opens":"08:00","closes":"16:00"},{"@type":"OpeningHoursSpecification","dayOfWeek":["Saturday","Sunday"],"opens":"00:00","closes":"00:00"}],"email":"myynti@hotelli03.domainhotelli.fi","areaServed":"Suomi, Ruotsi","vatID":"FI30178387","priceRange":"$$","currenciesAccepted":"\u20ac","paymentAccepted":"Lasku, pankkikortti"},{"@type":"WebSite","@id":"https:\/\/hotelli03.domainhotelli.fi\/~lsdoecli\/#website","url":"https:\/\/hotelli03.domainhotelli.fi\/~lsdoecli\/","name":"JV Tuonti","description":"JV Tuonti Oy:n verkkokauppa","publisher":{"@id":"https:\/\/hotelli03.domainhotelli.fi\/~lsdoecli\/#organization"},"potentialAction":[{"@type":"SearchAction","target":{"@type":"EntryPoint","urlTemplate":"https:\/\/hotelli03.domainhotelli.fi\/~lsdoecli\/?s={search_term_string}"},"query-input":"required name=search_term_string"}],"inLanguage":"fi"},{"@type":"ImageObject","inLanguage":"fi","@id":"https:\/\/hotelli03.domainhotelli.fi\/~lsdoecli\/tuote\/suojahaalari-type5-6-cat-iii-koko-xxxl-jvt-safety-equipment\/#primaryimage","url":"https:\/\/hotelli03.domainhotelli.fi\/~lsdoecli\/wp-content\/uploads\/2021\/11\/Suojahaalari-XXXL-JVT-Safety-type-56-cat-III.jpg","contentUrl":"https:\/\/hotelli03.domainhotelli.fi\/~lsdoecli\/wp-content\/uploads\/2021\/11\/Suojahaalari-XXXL-JVT-Safety-type-56-cat-III.jpg","width":1000,"height":1000,"caption":"Suojahaalari XXXL\u00a0JVT Safety type 5\/6 cat III"},{"@type":"WebPage","@id":"https:\/\/hotelli03.domainhotelli.fi\/~lsdoecli\/tuote\/suojahaalari-type5-6-cat-iii-koko-xxxl-jvt-safety-equipment\/","url":"https:\/\/hotelli03.domainhotelli.fi\/~lsdoecli\/tuote\/suojahaalari-type5-6-cat-iii-koko-xxxl-jvt-safety-equipment\/","name":"Suojahaalari type 5\/6 cat III koko XXXL valkoinen","isPartOf":{"@id":"https:\/\/hotelli03.domainhotelli.fi\/~lsdoecli\/#website"},"primaryImageOfPage":{"@id":"https:\/\/hotelli03.domainhotelli.fi\/~lsdoecli\/tuote\/suojahaalari-type5-6-cat-iii-koko-xxxl-jvt-safety-equipment\/#primaryimage"},"datePublished":"2021-11-20T08:34:04+00:00","dateModified":"2022-03-06T09:23:48+00:00","description":"Suojahaalari JVT type 5\/6 cat III. Kertak\u00e4ytt\u00f6inen suojahaalari suojaa haitallisilta huikkasilta ja rajoitetusti roiskeilta. Tilaa netist\u00e4","breadcrumb":{"@id":"https:\/\/hotelli03.domainhotelli.fi\/~lsdoecli\/tuote\/suojahaalari-type5-6-cat-iii-koko-xxxl-jvt-safety-equipment\/#breadcrumb"},"inLanguage":"fi","potentialAction":[{"@type":"ReadAction","target":["https:\/\/hotelli03.domainhotelli.fi\/~lsdoecli\/tuote\/suojahaalari-type5-6-cat-iii-koko-xxxl-jvt-safety-equipment\/"]}]},{"@type":"BreadcrumbList","@id":"https:\/\/hotelli03.domainhotelli.fi\/~lsdoecli\/tuote\/suojahaalari-type5-6-cat-iii-koko-xxxl-jvt-safety-equipment\/#breadcrumb","itemListElement":[{"@type":"ListItem","position":1,"name":"Etusivu","item":"https:\/\/hotelli03.domainhotelli.fi\/~lsdoecli\/"},{"@type":"ListItem","position":2,"name":"Kauppa","item":"https:\/\/hotelli03.domainhotelli.fi\/~lsdoecli\/kauppa\/"},{"@type":"ListItem","position":3,"name":"Suojahaalari type 5\/6 cat III koko XXXL valkoinen"}]},{"@type":"PostalAddress","@id":"https:\/\/hotelli03.domainhotelli.fi\/~lsdoecli\/tuote\/suojahaalari-type5-6-cat-iii-koko-xxxl-jvt-safety-equipment\/#local-main-place-address","streetAddress":"Pyymosantie 5a","addressLocality":"Vantaa","postalCode":"01720","addressCountry":"FI"},{"@type":"ImageObject","inLanguage":"fi","@id":"https:\/\/hotelli03.domainhotelli.fi\/~lsdoecli\/tuote\/suojahaalari-type5-6-cat-iii-koko-xxxl-jvt-safety-equipment\/#local-main-organization-logo","url":"https:\/\/hotelli03.domainhotelli.fi\/~lsdoecli\/wp-content\/uploads\/2021\/08\/JVTuonti_logo_nelio.jpg","contentUrl":"https:\/\/hotelli03.domainhotelli.fi\/~lsdoecli\/wp-content\/uploads\/2021\/08\/JVTuonti_logo_nelio.jpg","width":550,"height":550,"caption":"JV Tuonti Oy"}]},"product_brand":"JVT","product_price_amount":"4.59","product_price_currency":"EUR","og_availability":"instock","product_availability":"instock","product_retailer_item_id":"JVTSH","product_condition":"new","geo.placename":"Vantaa","geo.position":{"lat":"60.28431","long":"24.81654"},"geo.region":"Suomi"},"_links":{"self":[{"href":"https:\/\/hotelli03.domainhotelli.fi\/~lsdoecli\/wp-json\/wp\/v2\/product\/8537"}],"collection":[{"href":"https:\/\/hotelli03.domainhotelli.fi\/~lsdoecli\/wp-json\/wp\/v2\/product"}],"about":[{"href":"https:\/\/hotelli03.domainhotelli.fi\/~lsdoecli\/wp-json\/wp\/v2\/types\/product"}],"replies":[{"embeddable":true,"href":"https:\/\/hotelli03.domainhotelli.fi\/~lsdoecli\/wp-json\/wp\/v2\/comments?post=8537"}],"wp:featuredmedia":[{"embeddable":true,"href":"https:\/\/hotelli03.domainhotelli.fi\/~lsdoecli\/wp-json\/wp\/v2\/media\/8578"}],"wp:attachment":[{"href":"https:\/\/hotelli03.domainhotelli.fi\/~lsdoecli\/wp-json\/wp\/v2\/media?parent=8537"}],"wp:term":[{"taxonomy":"product_cat","embeddable":true,"href":"https:\/\/hotelli03.domainhotelli.fi\/~lsdoecli\/wp-json\/wp\/v2\/product_cat?post=8537"},{"taxonomy":"product_tag","embeddable":true,"href":"https:\/\/hotelli03.domainhotelli.fi\/~lsdoecli\/wp-json\/wp\/v2\/product_tag?post=8537"}],"curies":[{"name":"wp","href":"https:\/\/api.w.org\/{rel}","templated":true}]}}