{"id":8524,"date":"2021-11-18T06:23:48","date_gmt":"2021-11-18T06:23:48","guid":{"rendered":"https:\/\/hotelli03.domainhotelli.fi\/~lsdoecli\/?post_type=product&#038;p=8524"},"modified":"2021-11-18T06:23:48","modified_gmt":"2021-11-18T06:23:48","slug":"villaveitsi-craftsmen-7350","status":"publish","type":"product","link":"https:\/\/hotelli03.domainhotelli.fi\/~lsdoecli\/tuote\/villaveitsi-craftsmen-7350\/","title":{"rendered":"Villaveitsi Craftsmen 7350"},"content":{"rendered":"<h2>Ammattik\u00e4ytt\u00f6\u00f6n suunniteltu laadukas ja pitk\u00e4ik\u00e4inen eristevillaveitsi sahalaidalla.<\/h2>\n<p>Villaveitsi Craftsmen 7350, 350mm sahater\u00e4ll\u00e4 soveltuu kaiken tyyppisten eristeiden leikkaamiseen. Uskallamme v\u00e4itt\u00e4\u00e4, ett\u00e4 t\u00e4m\u00e4 uusi malli on paras ja t\u00e4sm\u00e4llisimm\u00e4n ty\u00f6n laadun tuottava villaveitsi, mit\u00e4 markkinoilta l\u00f6ytyy. Leve\u00e4 ja taipuisa ter\u00e4. Suurikokoinen kahva suunniteltu ty\u00f6skentelyyn k\u00e4sineet k\u00e4dess\u00e4.<\/p>\n<p>Voimakkaasti muotoiltu k\u00e4teen mukava kahva tarjoaa erinomaisen otteen ja tehostaa ty\u00f6skentely\u00e4. Kahvan p\u00e4\u00e4ss\u00e4 suurikokoinen reik\u00e4 ripustamista varten.<\/p>\n<h4>Villaveitsi Craftsmen 7350 tekniset tiedot:<\/h4>\n<ul>\n<li>Ter\u00e4n materiaali ruotsalainen ruostumaton erikoister\u00e4s, joka on maksimikovuuden saavuttamiseksi karkaistu 58 HRC kovuuteen.<\/li>\n<li>Kokonaispituus: 500 mm.<\/li>\n<li>Ter\u00e4n pituus: 350 mm.<\/li>\n<li>Ter\u00e4n paksuus: 1,4 mm.<\/li>\n<li>Paino 238 g.<\/li>\n<li>Materiaali- ja valmistusvirhetakuu 10 vuotta.<\/li>\n<li>Valmistusmaa Ruotsi.<\/li>\n<\/ul>\n<p>&nbsp;<\/p>\n<p><a href=\"https:\/\/hotelli03.domainhotelli.fi\/~lsdoecli\/tuote-osasto\/rakennustarvikkeet\/kasityokalut-2\/puukot-ja-veitset\/\">Katso my\u00f6s muut Puukot ja Veitset t\u00e4st\u00e4!\u00a0<\/a><\/p>\n","protected":false},"excerpt":{"rendered":"<p>Villaveitsi Craftsmen 7350 soveltuu kaiken tyyppisten eristeiden leikkaamiseen. Uskallamme v\u00e4itt\u00e4\u00e4, ett\u00e4 t\u00e4m\u00e4 uusi malli on paras ja t\u00e4sm\u00e4llisimm\u00e4n ty\u00f6n laadun tuottava villaveitsi, mit\u00e4 markkinoilta l\u00f6ytyy. Leve\u00e4 ja taipuisa ter\u00e4. Suurikokoinen kahva suunniteltu ty\u00f6skentelyyn k\u00e4sineet k\u00e4dess\u00e4.<\/p>\n<p>Voimakkaasti muotoiltu k\u00e4teen mukava kahva tarjoaa erinomaisen otteen ja tehostaa ty\u00f6skentely\u00e4. Kahvan p\u00e4\u00e4ss\u00e4 suurikokoinen reik\u00e4 ripustamista varten.<\/p>\n","protected":false},"featured_media":8526,"comment_status":"open","ping_status":"closed","template":"","meta":[],"product_cat":[948],"product_tag":[957],"yoast_head":"<!-- This site is optimized with the Yoast SEO Premium plugin v18.9 (Yoast SEO v19.3) - https:\/\/yoast.com\/wordpress\/plugins\/seo\/ -->\n<title>Villaveitsi Craftsmen 7350 | JV Tuonti<\/title>\n<meta name=\"description\" content=\"Villaveitsi Craftsmen 7350 on ammattik\u00e4ytt\u00f6\u00f6n suunniteltu laadukas ja pitk\u00e4ik\u00e4inen eristevillaveitsi sahalaidalla. Tilaa t\u00e4st\u00e4!\" \/>\n<meta name=\"robots\" content=\"index, follow, max-snippet:-1, max-image-preview:large, max-video-preview:-1\" \/>\n<link rel=\"canonical\" href=\"https:\/\/hotelli03.domainhotelli.fi\/~lsdoecli\/tuote\/villaveitsi-craftsmen-7350\/\" \/>\n<meta property=\"og:locale\" content=\"fi_FI\" \/>\n<meta property=\"og:type\" content=\"article\" \/>\n<meta property=\"og:title\" content=\"Villaveitsi Craftsmen 7350\" \/>\n<meta property=\"og:description\" content=\"Villaveitsi Craftsmen 7350 on ammattik\u00e4ytt\u00f6\u00f6n suunniteltu laadukas ja pitk\u00e4ik\u00e4inen eristevillaveitsi sahalaidalla. Tilaa t\u00e4st\u00e4!\" \/>\n<meta property=\"og:url\" content=\"https:\/\/hotelli03.domainhotelli.fi\/~lsdoecli\/tuote\/villaveitsi-craftsmen-7350\/\" \/>\n<meta property=\"og:site_name\" content=\"JV Tuonti\" \/>\n<meta property=\"article:publisher\" content=\"https:\/\/www.facebook.com\/JVTuontiOy\" \/>\n<meta property=\"og:image\" content=\"https:\/\/hotelli03.domainhotelli.fi\/~lsdoecli\/wp-content\/uploads\/2021\/11\/Villaveitsi-Craftsmen-7350-Sahatera-350mm-.jpeg\" \/>\n\t<meta property=\"og:image:width\" content=\"600\" \/>\n\t<meta property=\"og:image:height\" content=\"600\" \/>\n\t<meta property=\"og:image:type\" content=\"image\/jpeg\" \/>\n<meta name=\"twitter:card\" content=\"summary_large_image\" \/>\n<meta name=\"twitter:label1\" content=\"Price\" \/>\n\t<meta name=\"twitter:data1\" content=\"31,87&nbsp;&euro; Alv 24%N\u00e4yt\u00e4 veroton hinta25,70&nbsp;&euro; Alv 0%N\u00e4yt\u00e4 verollinen hinta\" \/>\n\t<meta name=\"twitter:label2\" content=\"Availability\" \/>\n\t<meta name=\"twitter:data2\" content=\"In stock\" \/>\n<script type=\"application\/ld+json\" class=\"yoast-schema-graph\">{\"@context\":\"https:\/\/schema.org\",\"@graph\":[{\"@type\":[\"Organization\",\"Place\",\"WholesaleStore\"],\"@id\":\"https:\/\/hotelli03.domainhotelli.fi\/~lsdoecli\/#organization\",\"name\":\"JV Tuonti Oy\",\"url\":\"https:\/\/hotelli03.domainhotelli.fi\/~lsdoecli\/\",\"sameAs\":[\"https:\/\/instagram.com\/jvtuontioy?utm_medium=copy_link\",\"https:\/\/www.facebook.com\/JVTuontiOy\"],\"logo\":{\"@id\":\"https:\/\/hotelli03.domainhotelli.fi\/~lsdoecli\/tuote\/villaveitsi-craftsmen-7350\/#local-main-organization-logo\"},\"image\":{\"@id\":\"https:\/\/hotelli03.domainhotelli.fi\/~lsdoecli\/tuote\/villaveitsi-craftsmen-7350\/#local-main-organization-logo\"},\"address\":{\"@id\":\"https:\/\/hotelli03.domainhotelli.fi\/~lsdoecli\/tuote\/villaveitsi-craftsmen-7350\/#local-main-place-address\"},\"geo\":{\"@type\":\"GeoCoordinates\",\"latitude\":\"60.28431\",\"longitude\":\"24.81654\"},\"telephone\":[\"0408369980\"],\"openingHoursSpecification\":[{\"@type\":\"OpeningHoursSpecification\",\"dayOfWeek\":[\"Monday\",\"Tuesday\",\"Wednesday\",\"Thursday\",\"Friday\"],\"opens\":\"08:00\",\"closes\":\"16:00\"},{\"@type\":\"OpeningHoursSpecification\",\"dayOfWeek\":[\"Saturday\",\"Sunday\"],\"opens\":\"00:00\",\"closes\":\"00:00\"}],\"email\":\"myynti@hotelli03.domainhotelli.fi\",\"areaServed\":\"Suomi, Ruotsi\",\"vatID\":\"FI30178387\",\"priceRange\":\"$$\",\"currenciesAccepted\":\"\u20ac\",\"paymentAccepted\":\"Lasku, pankkikortti\"},{\"@type\":\"WebSite\",\"@id\":\"https:\/\/hotelli03.domainhotelli.fi\/~lsdoecli\/#website\",\"url\":\"https:\/\/hotelli03.domainhotelli.fi\/~lsdoecli\/\",\"name\":\"JV Tuonti\",\"description\":\"JV Tuonti Oy:n verkkokauppa\",\"publisher\":{\"@id\":\"https:\/\/hotelli03.domainhotelli.fi\/~lsdoecli\/#organization\"},\"potentialAction\":[{\"@type\":\"SearchAction\",\"target\":{\"@type\":\"EntryPoint\",\"urlTemplate\":\"https:\/\/hotelli03.domainhotelli.fi\/~lsdoecli\/?s={search_term_string}\"},\"query-input\":\"required name=search_term_string\"}],\"inLanguage\":\"fi\"},{\"@type\":\"ImageObject\",\"inLanguage\":\"fi\",\"@id\":\"https:\/\/hotelli03.domainhotelli.fi\/~lsdoecli\/tuote\/villaveitsi-craftsmen-7350\/#primaryimage\",\"url\":\"https:\/\/hotelli03.domainhotelli.fi\/~lsdoecli\/wp-content\/uploads\/2021\/11\/Villaveitsi-Craftsmen-7350-Sahatera-350mm-.jpeg\",\"contentUrl\":\"https:\/\/hotelli03.domainhotelli.fi\/~lsdoecli\/wp-content\/uploads\/2021\/11\/Villaveitsi-Craftsmen-7350-Sahatera-350mm-.jpeg\",\"width\":600,\"height\":600,\"caption\":\"Villaveitsi Craftsmen 7350\"},{\"@type\":\"WebPage\",\"@id\":\"https:\/\/hotelli03.domainhotelli.fi\/~lsdoecli\/tuote\/villaveitsi-craftsmen-7350\/\",\"url\":\"https:\/\/hotelli03.domainhotelli.fi\/~lsdoecli\/tuote\/villaveitsi-craftsmen-7350\/\",\"name\":\"Villaveitsi Craftsmen 7350 | JV Tuonti\",\"isPartOf\":{\"@id\":\"https:\/\/hotelli03.domainhotelli.fi\/~lsdoecli\/#website\"},\"primaryImageOfPage\":{\"@id\":\"https:\/\/hotelli03.domainhotelli.fi\/~lsdoecli\/tuote\/villaveitsi-craftsmen-7350\/#primaryimage\"},\"datePublished\":\"2021-11-18T06:23:48+00:00\",\"dateModified\":\"2021-11-18T06:23:48+00:00\",\"description\":\"Villaveitsi Craftsmen 7350 on ammattik\u00e4ytt\u00f6\u00f6n suunniteltu laadukas ja pitk\u00e4ik\u00e4inen eristevillaveitsi sahalaidalla. Tilaa t\u00e4st\u00e4!\",\"breadcrumb\":{\"@id\":\"https:\/\/hotelli03.domainhotelli.fi\/~lsdoecli\/tuote\/villaveitsi-craftsmen-7350\/#breadcrumb\"},\"inLanguage\":\"fi\",\"potentialAction\":[{\"@type\":\"ReadAction\",\"target\":[\"https:\/\/hotelli03.domainhotelli.fi\/~lsdoecli\/tuote\/villaveitsi-craftsmen-7350\/\"]}]},{\"@type\":\"BreadcrumbList\",\"@id\":\"https:\/\/hotelli03.domainhotelli.fi\/~lsdoecli\/tuote\/villaveitsi-craftsmen-7350\/#breadcrumb\",\"itemListElement\":[{\"@type\":\"ListItem\",\"position\":1,\"name\":\"Etusivu\",\"item\":\"https:\/\/hotelli03.domainhotelli.fi\/~lsdoecli\/\"},{\"@type\":\"ListItem\",\"position\":2,\"name\":\"Kauppa\",\"item\":\"https:\/\/hotelli03.domainhotelli.fi\/~lsdoecli\/kauppa\/\"},{\"@type\":\"ListItem\",\"position\":3,\"name\":\"Villaveitsi Craftsmen 7350\"}]},{\"@type\":\"PostalAddress\",\"@id\":\"https:\/\/hotelli03.domainhotelli.fi\/~lsdoecli\/tuote\/villaveitsi-craftsmen-7350\/#local-main-place-address\",\"streetAddress\":\"Pyymosantie 5a\",\"addressLocality\":\"Vantaa\",\"postalCode\":\"01720\",\"addressCountry\":\"FI\"},{\"@type\":\"ImageObject\",\"inLanguage\":\"fi\",\"@id\":\"https:\/\/hotelli03.domainhotelli.fi\/~lsdoecli\/tuote\/villaveitsi-craftsmen-7350\/#local-main-organization-logo\",\"url\":\"https:\/\/hotelli03.domainhotelli.fi\/~lsdoecli\/wp-content\/uploads\/2021\/08\/JVTuonti_logo_nelio.jpg\",\"contentUrl\":\"https:\/\/hotelli03.domainhotelli.fi\/~lsdoecli\/wp-content\/uploads\/2021\/08\/JVTuonti_logo_nelio.jpg\",\"width\":550,\"height\":550,\"caption\":\"JV Tuonti Oy\"}]}<\/script>\n<meta property=\"product:brand\" content=\"Morakniv\" \/>\n<meta property=\"product:price:amount\" content=\"31.87\" \/>\n<meta property=\"product:price:currency\" content=\"EUR\" \/>\n<meta property=\"og:availability\" content=\"instock\" \/>\n<meta property=\"product:availability\" content=\"instock\" \/>\n<meta property=\"product:retailer_item_id\" content=\"MK141-7230\" \/>\n<meta property=\"product:condition\" content=\"new\" \/>\n<meta name=\"geo.placename\" content=\"Vantaa\" \/>\n<meta name=\"geo.position\" content=\"60.28431;24.81654\" \/>\n<meta name=\"geo.region\" content=\"Suomi\" \/>\n<!-- \/ Yoast SEO Premium plugin. -->","yoast_head_json":{"title":"Villaveitsi Craftsmen 7350 | JV Tuonti","description":"Villaveitsi Craftsmen 7350 on ammattik\u00e4ytt\u00f6\u00f6n suunniteltu laadukas ja pitk\u00e4ik\u00e4inen eristevillaveitsi sahalaidalla. Tilaa t\u00e4st\u00e4!","robots":{"index":"index","follow":"follow","max-snippet":"max-snippet:-1","max-image-preview":"max-image-preview:large","max-video-preview":"max-video-preview:-1"},"canonical":"https:\/\/hotelli03.domainhotelli.fi\/~lsdoecli\/tuote\/villaveitsi-craftsmen-7350\/","og_locale":"fi_FI","og_type":"article","og_title":"Villaveitsi Craftsmen 7350","og_description":"Villaveitsi Craftsmen 7350 on ammattik\u00e4ytt\u00f6\u00f6n suunniteltu laadukas ja pitk\u00e4ik\u00e4inen eristevillaveitsi sahalaidalla. Tilaa t\u00e4st\u00e4!","og_url":"https:\/\/hotelli03.domainhotelli.fi\/~lsdoecli\/tuote\/villaveitsi-craftsmen-7350\/","og_site_name":"JV Tuonti","article_publisher":"https:\/\/www.facebook.com\/JVTuontiOy","og_image":[{"width":600,"height":600,"url":"https:\/\/hotelli03.domainhotelli.fi\/~lsdoecli\/wp-content\/uploads\/2021\/11\/Villaveitsi-Craftsmen-7350-Sahatera-350mm-.jpeg","type":"image\/jpeg"}],"twitter_card":"summary_large_image","twitter_misc":{"Price":"31,87&nbsp;&euro; Alv 24%N\u00e4yt\u00e4 veroton hinta25,70&nbsp;&euro; Alv 0%N\u00e4yt\u00e4 verollinen hinta","Availability":"In stock"},"schema":{"@context":"https:\/\/schema.org","@graph":[{"@type":["Organization","Place","WholesaleStore"],"@id":"https:\/\/hotelli03.domainhotelli.fi\/~lsdoecli\/#organization","name":"JV Tuonti Oy","url":"https:\/\/hotelli03.domainhotelli.fi\/~lsdoecli\/","sameAs":["https:\/\/instagram.com\/jvtuontioy?utm_medium=copy_link","https:\/\/www.facebook.com\/JVTuontiOy"],"logo":{"@id":"https:\/\/hotelli03.domainhotelli.fi\/~lsdoecli\/tuote\/villaveitsi-craftsmen-7350\/#local-main-organization-logo"},"image":{"@id":"https:\/\/hotelli03.domainhotelli.fi\/~lsdoecli\/tuote\/villaveitsi-craftsmen-7350\/#local-main-organization-logo"},"address":{"@id":"https:\/\/hotelli03.domainhotelli.fi\/~lsdoecli\/tuote\/villaveitsi-craftsmen-7350\/#local-main-place-address"},"geo":{"@type":"GeoCoordinates","latitude":"60.28431","longitude":"24.81654"},"telephone":["0408369980"],"openingHoursSpecification":[{"@type":"OpeningHoursSpecification","dayOfWeek":["Monday","Tuesday","Wednesday","Thursday","Friday"],"opens":"08:00","closes":"16:00"},{"@type":"OpeningHoursSpecification","dayOfWeek":["Saturday","Sunday"],"opens":"00:00","closes":"00:00"}],"email":"myynti@hotelli03.domainhotelli.fi","areaServed":"Suomi, Ruotsi","vatID":"FI30178387","priceRange":"$$","currenciesAccepted":"\u20ac","paymentAccepted":"Lasku, pankkikortti"},{"@type":"WebSite","@id":"https:\/\/hotelli03.domainhotelli.fi\/~lsdoecli\/#website","url":"https:\/\/hotelli03.domainhotelli.fi\/~lsdoecli\/","name":"JV Tuonti","description":"JV Tuonti Oy:n verkkokauppa","publisher":{"@id":"https:\/\/hotelli03.domainhotelli.fi\/~lsdoecli\/#organization"},"potentialAction":[{"@type":"SearchAction","target":{"@type":"EntryPoint","urlTemplate":"https:\/\/hotelli03.domainhotelli.fi\/~lsdoecli\/?s={search_term_string}"},"query-input":"required name=search_term_string"}],"inLanguage":"fi"},{"@type":"ImageObject","inLanguage":"fi","@id":"https:\/\/hotelli03.domainhotelli.fi\/~lsdoecli\/tuote\/villaveitsi-craftsmen-7350\/#primaryimage","url":"https:\/\/hotelli03.domainhotelli.fi\/~lsdoecli\/wp-content\/uploads\/2021\/11\/Villaveitsi-Craftsmen-7350-Sahatera-350mm-.jpeg","contentUrl":"https:\/\/hotelli03.domainhotelli.fi\/~lsdoecli\/wp-content\/uploads\/2021\/11\/Villaveitsi-Craftsmen-7350-Sahatera-350mm-.jpeg","width":600,"height":600,"caption":"Villaveitsi Craftsmen 7350"},{"@type":"WebPage","@id":"https:\/\/hotelli03.domainhotelli.fi\/~lsdoecli\/tuote\/villaveitsi-craftsmen-7350\/","url":"https:\/\/hotelli03.domainhotelli.fi\/~lsdoecli\/tuote\/villaveitsi-craftsmen-7350\/","name":"Villaveitsi Craftsmen 7350 | JV Tuonti","isPartOf":{"@id":"https:\/\/hotelli03.domainhotelli.fi\/~lsdoecli\/#website"},"primaryImageOfPage":{"@id":"https:\/\/hotelli03.domainhotelli.fi\/~lsdoecli\/tuote\/villaveitsi-craftsmen-7350\/#primaryimage"},"datePublished":"2021-11-18T06:23:48+00:00","dateModified":"2021-11-18T06:23:48+00:00","description":"Villaveitsi Craftsmen 7350 on ammattik\u00e4ytt\u00f6\u00f6n suunniteltu laadukas ja pitk\u00e4ik\u00e4inen eristevillaveitsi sahalaidalla. Tilaa t\u00e4st\u00e4!","breadcrumb":{"@id":"https:\/\/hotelli03.domainhotelli.fi\/~lsdoecli\/tuote\/villaveitsi-craftsmen-7350\/#breadcrumb"},"inLanguage":"fi","potentialAction":[{"@type":"ReadAction","target":["https:\/\/hotelli03.domainhotelli.fi\/~lsdoecli\/tuote\/villaveitsi-craftsmen-7350\/"]}]},{"@type":"BreadcrumbList","@id":"https:\/\/hotelli03.domainhotelli.fi\/~lsdoecli\/tuote\/villaveitsi-craftsmen-7350\/#breadcrumb","itemListElement":[{"@type":"ListItem","position":1,"name":"Etusivu","item":"https:\/\/hotelli03.domainhotelli.fi\/~lsdoecli\/"},{"@type":"ListItem","position":2,"name":"Kauppa","item":"https:\/\/hotelli03.domainhotelli.fi\/~lsdoecli\/kauppa\/"},{"@type":"ListItem","position":3,"name":"Villaveitsi Craftsmen 7350"}]},{"@type":"PostalAddress","@id":"https:\/\/hotelli03.domainhotelli.fi\/~lsdoecli\/tuote\/villaveitsi-craftsmen-7350\/#local-main-place-address","streetAddress":"Pyymosantie 5a","addressLocality":"Vantaa","postalCode":"01720","addressCountry":"FI"},{"@type":"ImageObject","inLanguage":"fi","@id":"https:\/\/hotelli03.domainhotelli.fi\/~lsdoecli\/tuote\/villaveitsi-craftsmen-7350\/#local-main-organization-logo","url":"https:\/\/hotelli03.domainhotelli.fi\/~lsdoecli\/wp-content\/uploads\/2021\/08\/JVTuonti_logo_nelio.jpg","contentUrl":"https:\/\/hotelli03.domainhotelli.fi\/~lsdoecli\/wp-content\/uploads\/2021\/08\/JVTuonti_logo_nelio.jpg","width":550,"height":550,"caption":"JV Tuonti Oy"}]},"product_brand":"Morakniv","product_price_amount":"31.87","product_price_currency":"EUR","og_availability":"instock","product_availability":"instock","product_retailer_item_id":"MK141-7230","product_condition":"new","geo.placename":"Vantaa","geo.position":{"lat":"60.28431","long":"24.81654"},"geo.region":"Suomi"},"_links":{"self":[{"href":"https:\/\/hotelli03.domainhotelli.fi\/~lsdoecli\/wp-json\/wp\/v2\/product\/8524"}],"collection":[{"href":"https:\/\/hotelli03.domainhotelli.fi\/~lsdoecli\/wp-json\/wp\/v2\/product"}],"about":[{"href":"https:\/\/hotelli03.domainhotelli.fi\/~lsdoecli\/wp-json\/wp\/v2\/types\/product"}],"replies":[{"embeddable":true,"href":"https:\/\/hotelli03.domainhotelli.fi\/~lsdoecli\/wp-json\/wp\/v2\/comments?post=8524"}],"wp:featuredmedia":[{"embeddable":true,"href":"https:\/\/hotelli03.domainhotelli.fi\/~lsdoecli\/wp-json\/wp\/v2\/media\/8526"}],"wp:attachment":[{"href":"https:\/\/hotelli03.domainhotelli.fi\/~lsdoecli\/wp-json\/wp\/v2\/media?parent=8524"}],"wp:term":[{"taxonomy":"product_cat","embeddable":true,"href":"https:\/\/hotelli03.domainhotelli.fi\/~lsdoecli\/wp-json\/wp\/v2\/product_cat?post=8524"},{"taxonomy":"product_tag","embeddable":true,"href":"https:\/\/hotelli03.domainhotelli.fi\/~lsdoecli\/wp-json\/wp\/v2\/product_tag?post=8524"}],"curies":[{"name":"wp","href":"https:\/\/api.w.org\/{rel}","templated":true}]}}