{"id":8519,"date":"2021-11-17T10:01:38","date_gmt":"2021-11-17T10:01:38","guid":{"rendered":"https:\/\/hotelli03.domainhotelli.fi\/~lsdoecli\/?post_type=product&#038;p=8519"},"modified":"2021-11-17T10:01:38","modified_gmt":"2021-11-17T10:01:38","slug":"koukkunokkainen-puukko-morakniv-roofing-felt-knife-poly","status":"publish","type":"product","link":"https:\/\/hotelli03.domainhotelli.fi\/~lsdoecli\/tuote\/koukkunokkainen-puukko-morakniv-roofing-felt-knife-poly\/","title":{"rendered":"Koukkunokkainen puukko Morakniv Roofing Felt Knife poly"},"content":{"rendered":"<h2>Ammattik\u00e4ytt\u00f6\u00f6n suunniteltu laadukas ja pitk\u00e4ik\u00e4inen koukkunokkainen puukko, joka tarjoaa markkinoiden suuriman vetovoiman.<\/h2>\n<p>Koukkunokkainen puukko Morakniv Roofing Felt Knife poly soveltuu erinomaisesti mattopuukoksi, kaapeleiden kuorintaan sek\u00e4 kattohuovan, pahvin, nahan, kumin ja huovan leikkaamiseen. Mahdollistaa tarkan ja tehokkaan ty\u00f6skentelyn paksujen ja sitkeidenkin leikattavien materiaalien kanssa. Easy-Clean ter\u00e4suojus pysyy napakasti ter\u00e4ss\u00e4 kiinni, s\u00e4ilytt\u00e4\u00e4 ter\u00e4n hyv\u00e4ss\u00e4 kunnossa ja suojaa muita varusteita sek\u00e4 k\u00e4ytt\u00e4j\u00e4\u00e4 viilloilta.<\/p>\n<h4>Koukkunokkainen puukko Morakniv Roofing Felt Knife poly tekniset tiedot:<\/h4>\n<ul>\n<li>Voimakkaasti muotoillun muovikahvan p\u00e4\u00e4ss\u00e4 tilava reik\u00e4 kiinnitysremmille tai ripustamiseen.<\/li>\n<li>Helposti puhdistettava.<\/li>\n<li>Ter\u00e4n materiaali ruostumaton ter\u00e4s, joka pysyy ter\u00e4v\u00e4n\u00e4 pitk\u00e4\u00e4n ja siet\u00e4\u00e4 karjua olosuhteita.<\/li>\n<li>Kokonaispituus: 180 mm.<\/li>\n<li>Ter\u00e4n pituus: 63 mm.<\/li>\n<li>Ter\u00e4n paksuus: 2,0 mm.<\/li>\n<li>Kokonaispaino ter\u00e4suojan kanssa: 100 g.<\/li>\n<li>Materiaali- ja valmistusvirhetakuu 10 vuotta.<\/li>\n<li>Valmistusmaa Ruotsi.<\/li>\n<\/ul>\n<p>&nbsp;<\/p>\n<p>Ter\u00e4suoja mahdollistaa ripustamisen piikkiin.<\/p>\n<p><a href=\"https:\/\/hotelli03.domainhotelli.fi\/~lsdoecli\/tuote-osasto\/rakennustarvikkeet\/kasityokalut-2\/puukot-ja-veitset\/\">Katso my\u00f6s muut Puukot ja Veitset t\u00e4st\u00e4!\u00a0<\/a><\/p>\n","protected":false},"excerpt":{"rendered":"<p>Koukkunokkainen puukko Morakniv Roofing Felt Knife poly soveltuu erinomaisesti mattopuukoksi, kaapeleiden kuorintaan sek\u00e4 kattohuovan, pahvin, nahan, kumin ja huovan leikkaamiseen. Mahdollistaa tarkan ja tehokkaan ty\u00f6skentelyn paksujen ja sitkeidenkin leikattavien materiaalien kanssa. Easy-Clean ter\u00e4suojus pysyy napakasti ter\u00e4ss\u00e4 kiinni, s\u00e4ilytt\u00e4\u00e4 ter\u00e4n hyv\u00e4ss\u00e4 kunnossa ja suojaa muita varusteita sek\u00e4 k\u00e4ytt\u00e4j\u00e4\u00e4 viilloilta.<\/p>\n","protected":false},"featured_media":8522,"comment_status":"open","ping_status":"closed","template":"","meta":[],"product_cat":[948],"product_tag":[955,956,951],"yoast_head":"<!-- This site is optimized with the Yoast SEO Premium plugin v18.9 (Yoast SEO v19.3) - https:\/\/yoast.com\/wordpress\/plugins\/seo\/ -->\n<title>Koukkunokkainen puukko Morakniv Roofing Felt Knife poly | JV Tuonti<\/title>\n<meta name=\"description\" content=\"Koukkunokkainen puukko Morakniv Roofing Felt Knife poly on ammattik\u00e4ytt\u00f6\u00f6n suunniteltu laadukas ja pitk\u00e4ik\u00e4inen koukkunokkainen puukko.\" \/>\n<meta name=\"robots\" content=\"index, follow, max-snippet:-1, max-image-preview:large, max-video-preview:-1\" \/>\n<link rel=\"canonical\" href=\"https:\/\/hotelli03.domainhotelli.fi\/~lsdoecli\/tuote\/koukkunokkainen-puukko-morakniv-roofing-felt-knife-poly\/\" \/>\n<meta property=\"og:locale\" content=\"fi_FI\" \/>\n<meta property=\"og:type\" content=\"article\" \/>\n<meta property=\"og:title\" content=\"Koukkunokkainen puukko Morakniv Roofing Felt Knife poly\" \/>\n<meta property=\"og:description\" content=\"Koukkunokkainen puukko Morakniv Roofing Felt Knife poly on ammattik\u00e4ytt\u00f6\u00f6n suunniteltu laadukas ja pitk\u00e4ik\u00e4inen koukkunokkainen puukko.\" \/>\n<meta property=\"og:url\" content=\"https:\/\/hotelli03.domainhotelli.fi\/~lsdoecli\/tuote\/koukkunokkainen-puukko-morakniv-roofing-felt-knife-poly\/\" \/>\n<meta property=\"og:site_name\" content=\"JV Tuonti\" \/>\n<meta property=\"article:publisher\" content=\"https:\/\/www.facebook.com\/JVTuontiOy\" \/>\n<meta property=\"og:image\" content=\"https:\/\/hotelli03.domainhotelli.fi\/~lsdoecli\/wp-content\/uploads\/2021\/11\/Koukkunokkainen-puukko-Morakniv-Roofing-Felt-Knife-poly.jpeg\" \/>\n\t<meta property=\"og:image:width\" content=\"600\" \/>\n\t<meta property=\"og:image:height\" content=\"600\" \/>\n\t<meta property=\"og:image:type\" content=\"image\/jpeg\" \/>\n<meta name=\"twitter:card\" content=\"summary_large_image\" \/>\n<meta name=\"twitter:label1\" content=\"Price\" \/>\n\t<meta name=\"twitter:data1\" content=\"22,94&nbsp;&euro; Alv 24%N\u00e4yt\u00e4 veroton hinta18,50&nbsp;&euro; Alv 0%N\u00e4yt\u00e4 verollinen hinta\" \/>\n\t<meta name=\"twitter:label2\" content=\"Availability\" \/>\n\t<meta name=\"twitter:data2\" content=\"In stock\" \/>\n<script type=\"application\/ld+json\" class=\"yoast-schema-graph\">{\"@context\":\"https:\/\/schema.org\",\"@graph\":[{\"@type\":[\"Organization\",\"Place\",\"WholesaleStore\"],\"@id\":\"https:\/\/hotelli03.domainhotelli.fi\/~lsdoecli\/#organization\",\"name\":\"JV Tuonti Oy\",\"url\":\"https:\/\/hotelli03.domainhotelli.fi\/~lsdoecli\/\",\"sameAs\":[\"https:\/\/instagram.com\/jvtuontioy?utm_medium=copy_link\",\"https:\/\/www.facebook.com\/JVTuontiOy\"],\"logo\":{\"@id\":\"https:\/\/hotelli03.domainhotelli.fi\/~lsdoecli\/tuote\/koukkunokkainen-puukko-morakniv-roofing-felt-knife-poly\/#local-main-organization-logo\"},\"image\":{\"@id\":\"https:\/\/hotelli03.domainhotelli.fi\/~lsdoecli\/tuote\/koukkunokkainen-puukko-morakniv-roofing-felt-knife-poly\/#local-main-organization-logo\"},\"address\":{\"@id\":\"https:\/\/hotelli03.domainhotelli.fi\/~lsdoecli\/tuote\/koukkunokkainen-puukko-morakniv-roofing-felt-knife-poly\/#local-main-place-address\"},\"geo\":{\"@type\":\"GeoCoordinates\",\"latitude\":\"60.28431\",\"longitude\":\"24.81654\"},\"telephone\":[\"0408369980\"],\"openingHoursSpecification\":[{\"@type\":\"OpeningHoursSpecification\",\"dayOfWeek\":[\"Monday\",\"Tuesday\",\"Wednesday\",\"Thursday\",\"Friday\"],\"opens\":\"08:00\",\"closes\":\"16:00\"},{\"@type\":\"OpeningHoursSpecification\",\"dayOfWeek\":[\"Saturday\",\"Sunday\"],\"opens\":\"00:00\",\"closes\":\"00:00\"}],\"email\":\"myynti@hotelli03.domainhotelli.fi\",\"areaServed\":\"Suomi, Ruotsi\",\"vatID\":\"FI30178387\",\"priceRange\":\"$$\",\"currenciesAccepted\":\"\u20ac\",\"paymentAccepted\":\"Lasku, pankkikortti\"},{\"@type\":\"WebSite\",\"@id\":\"https:\/\/hotelli03.domainhotelli.fi\/~lsdoecli\/#website\",\"url\":\"https:\/\/hotelli03.domainhotelli.fi\/~lsdoecli\/\",\"name\":\"JV Tuonti\",\"description\":\"JV Tuonti Oy:n verkkokauppa\",\"publisher\":{\"@id\":\"https:\/\/hotelli03.domainhotelli.fi\/~lsdoecli\/#organization\"},\"potentialAction\":[{\"@type\":\"SearchAction\",\"target\":{\"@type\":\"EntryPoint\",\"urlTemplate\":\"https:\/\/hotelli03.domainhotelli.fi\/~lsdoecli\/?s={search_term_string}\"},\"query-input\":\"required name=search_term_string\"}],\"inLanguage\":\"fi\"},{\"@type\":\"ImageObject\",\"inLanguage\":\"fi\",\"@id\":\"https:\/\/hotelli03.domainhotelli.fi\/~lsdoecli\/tuote\/koukkunokkainen-puukko-morakniv-roofing-felt-knife-poly\/#primaryimage\",\"url\":\"https:\/\/hotelli03.domainhotelli.fi\/~lsdoecli\/wp-content\/uploads\/2021\/11\/Koukkunokkainen-puukko-Morakniv-Roofing-Felt-Knife-poly.jpeg\",\"contentUrl\":\"https:\/\/hotelli03.domainhotelli.fi\/~lsdoecli\/wp-content\/uploads\/2021\/11\/Koukkunokkainen-puukko-Morakniv-Roofing-Felt-Knife-poly.jpeg\",\"width\":600,\"height\":600,\"caption\":\"Koukkunokkainen puukko Morakniv Roofing Felt Knife poly\"},{\"@type\":\"WebPage\",\"@id\":\"https:\/\/hotelli03.domainhotelli.fi\/~lsdoecli\/tuote\/koukkunokkainen-puukko-morakniv-roofing-felt-knife-poly\/\",\"url\":\"https:\/\/hotelli03.domainhotelli.fi\/~lsdoecli\/tuote\/koukkunokkainen-puukko-morakniv-roofing-felt-knife-poly\/\",\"name\":\"Koukkunokkainen puukko Morakniv Roofing Felt Knife poly | JV Tuonti\",\"isPartOf\":{\"@id\":\"https:\/\/hotelli03.domainhotelli.fi\/~lsdoecli\/#website\"},\"primaryImageOfPage\":{\"@id\":\"https:\/\/hotelli03.domainhotelli.fi\/~lsdoecli\/tuote\/koukkunokkainen-puukko-morakniv-roofing-felt-knife-poly\/#primaryimage\"},\"datePublished\":\"2021-11-17T10:01:38+00:00\",\"dateModified\":\"2021-11-17T10:01:38+00:00\",\"description\":\"Koukkunokkainen puukko Morakniv Roofing Felt Knife poly on ammattik\u00e4ytt\u00f6\u00f6n suunniteltu laadukas ja pitk\u00e4ik\u00e4inen koukkunokkainen puukko.\",\"breadcrumb\":{\"@id\":\"https:\/\/hotelli03.domainhotelli.fi\/~lsdoecli\/tuote\/koukkunokkainen-puukko-morakniv-roofing-felt-knife-poly\/#breadcrumb\"},\"inLanguage\":\"fi\",\"potentialAction\":[{\"@type\":\"ReadAction\",\"target\":[\"https:\/\/hotelli03.domainhotelli.fi\/~lsdoecli\/tuote\/koukkunokkainen-puukko-morakniv-roofing-felt-knife-poly\/\"]}]},{\"@type\":\"BreadcrumbList\",\"@id\":\"https:\/\/hotelli03.domainhotelli.fi\/~lsdoecli\/tuote\/koukkunokkainen-puukko-morakniv-roofing-felt-knife-poly\/#breadcrumb\",\"itemListElement\":[{\"@type\":\"ListItem\",\"position\":1,\"name\":\"Etusivu\",\"item\":\"https:\/\/hotelli03.domainhotelli.fi\/~lsdoecli\/\"},{\"@type\":\"ListItem\",\"position\":2,\"name\":\"Kauppa\",\"item\":\"https:\/\/hotelli03.domainhotelli.fi\/~lsdoecli\/kauppa\/\"},{\"@type\":\"ListItem\",\"position\":3,\"name\":\"Koukkunokkainen puukko Morakniv Roofing Felt Knife poly\"}]},{\"@type\":\"PostalAddress\",\"@id\":\"https:\/\/hotelli03.domainhotelli.fi\/~lsdoecli\/tuote\/koukkunokkainen-puukko-morakniv-roofing-felt-knife-poly\/#local-main-place-address\",\"streetAddress\":\"Pyymosantie 5a\",\"addressLocality\":\"Vantaa\",\"postalCode\":\"01720\",\"addressCountry\":\"FI\"},{\"@type\":\"ImageObject\",\"inLanguage\":\"fi\",\"@id\":\"https:\/\/hotelli03.domainhotelli.fi\/~lsdoecli\/tuote\/koukkunokkainen-puukko-morakniv-roofing-felt-knife-poly\/#local-main-organization-logo\",\"url\":\"https:\/\/hotelli03.domainhotelli.fi\/~lsdoecli\/wp-content\/uploads\/2021\/08\/JVTuonti_logo_nelio.jpg\",\"contentUrl\":\"https:\/\/hotelli03.domainhotelli.fi\/~lsdoecli\/wp-content\/uploads\/2021\/08\/JVTuonti_logo_nelio.jpg\",\"width\":550,\"height\":550,\"caption\":\"JV Tuonti Oy\"}]}<\/script>\n<meta property=\"product:brand\" content=\"Morakniv\" \/>\n<meta property=\"product:price:amount\" content=\"22.94\" \/>\n<meta property=\"product:price:currency\" content=\"EUR\" \/>\n<meta property=\"og:availability\" content=\"instock\" \/>\n<meta property=\"product:availability\" content=\"instock\" \/>\n<meta property=\"product:retailer_item_id\" content=\"MK13235\" \/>\n<meta property=\"product:condition\" content=\"new\" \/>\n<meta name=\"geo.placename\" content=\"Vantaa\" \/>\n<meta name=\"geo.position\" content=\"60.28431;24.81654\" \/>\n<meta name=\"geo.region\" content=\"Suomi\" \/>\n<!-- \/ Yoast SEO Premium plugin. -->","yoast_head_json":{"title":"Koukkunokkainen puukko Morakniv Roofing Felt Knife poly | JV Tuonti","description":"Koukkunokkainen puukko Morakniv Roofing Felt Knife poly on ammattik\u00e4ytt\u00f6\u00f6n suunniteltu laadukas ja pitk\u00e4ik\u00e4inen koukkunokkainen puukko.","robots":{"index":"index","follow":"follow","max-snippet":"max-snippet:-1","max-image-preview":"max-image-preview:large","max-video-preview":"max-video-preview:-1"},"canonical":"https:\/\/hotelli03.domainhotelli.fi\/~lsdoecli\/tuote\/koukkunokkainen-puukko-morakniv-roofing-felt-knife-poly\/","og_locale":"fi_FI","og_type":"article","og_title":"Koukkunokkainen puukko Morakniv Roofing Felt Knife poly","og_description":"Koukkunokkainen puukko Morakniv Roofing Felt Knife poly on ammattik\u00e4ytt\u00f6\u00f6n suunniteltu laadukas ja pitk\u00e4ik\u00e4inen koukkunokkainen puukko.","og_url":"https:\/\/hotelli03.domainhotelli.fi\/~lsdoecli\/tuote\/koukkunokkainen-puukko-morakniv-roofing-felt-knife-poly\/","og_site_name":"JV Tuonti","article_publisher":"https:\/\/www.facebook.com\/JVTuontiOy","og_image":[{"width":600,"height":600,"url":"https:\/\/hotelli03.domainhotelli.fi\/~lsdoecli\/wp-content\/uploads\/2021\/11\/Koukkunokkainen-puukko-Morakniv-Roofing-Felt-Knife-poly.jpeg","type":"image\/jpeg"}],"twitter_card":"summary_large_image","twitter_misc":{"Price":"22,94&nbsp;&euro; Alv 24%N\u00e4yt\u00e4 veroton hinta18,50&nbsp;&euro; Alv 0%N\u00e4yt\u00e4 verollinen hinta","Availability":"In stock"},"schema":{"@context":"https:\/\/schema.org","@graph":[{"@type":["Organization","Place","WholesaleStore"],"@id":"https:\/\/hotelli03.domainhotelli.fi\/~lsdoecli\/#organization","name":"JV Tuonti Oy","url":"https:\/\/hotelli03.domainhotelli.fi\/~lsdoecli\/","sameAs":["https:\/\/instagram.com\/jvtuontioy?utm_medium=copy_link","https:\/\/www.facebook.com\/JVTuontiOy"],"logo":{"@id":"https:\/\/hotelli03.domainhotelli.fi\/~lsdoecli\/tuote\/koukkunokkainen-puukko-morakniv-roofing-felt-knife-poly\/#local-main-organization-logo"},"image":{"@id":"https:\/\/hotelli03.domainhotelli.fi\/~lsdoecli\/tuote\/koukkunokkainen-puukko-morakniv-roofing-felt-knife-poly\/#local-main-organization-logo"},"address":{"@id":"https:\/\/hotelli03.domainhotelli.fi\/~lsdoecli\/tuote\/koukkunokkainen-puukko-morakniv-roofing-felt-knife-poly\/#local-main-place-address"},"geo":{"@type":"GeoCoordinates","latitude":"60.28431","longitude":"24.81654"},"telephone":["0408369980"],"openingHoursSpecification":[{"@type":"OpeningHoursSpecification","dayOfWeek":["Monday","Tuesday","Wednesday","Thursday","Friday"],"opens":"08:00","closes":"16:00"},{"@type":"OpeningHoursSpecification","dayOfWeek":["Saturday","Sunday"],"opens":"00:00","closes":"00:00"}],"email":"myynti@hotelli03.domainhotelli.fi","areaServed":"Suomi, Ruotsi","vatID":"FI30178387","priceRange":"$$","currenciesAccepted":"\u20ac","paymentAccepted":"Lasku, pankkikortti"},{"@type":"WebSite","@id":"https:\/\/hotelli03.domainhotelli.fi\/~lsdoecli\/#website","url":"https:\/\/hotelli03.domainhotelli.fi\/~lsdoecli\/","name":"JV Tuonti","description":"JV Tuonti Oy:n verkkokauppa","publisher":{"@id":"https:\/\/hotelli03.domainhotelli.fi\/~lsdoecli\/#organization"},"potentialAction":[{"@type":"SearchAction","target":{"@type":"EntryPoint","urlTemplate":"https:\/\/hotelli03.domainhotelli.fi\/~lsdoecli\/?s={search_term_string}"},"query-input":"required name=search_term_string"}],"inLanguage":"fi"},{"@type":"ImageObject","inLanguage":"fi","@id":"https:\/\/hotelli03.domainhotelli.fi\/~lsdoecli\/tuote\/koukkunokkainen-puukko-morakniv-roofing-felt-knife-poly\/#primaryimage","url":"https:\/\/hotelli03.domainhotelli.fi\/~lsdoecli\/wp-content\/uploads\/2021\/11\/Koukkunokkainen-puukko-Morakniv-Roofing-Felt-Knife-poly.jpeg","contentUrl":"https:\/\/hotelli03.domainhotelli.fi\/~lsdoecli\/wp-content\/uploads\/2021\/11\/Koukkunokkainen-puukko-Morakniv-Roofing-Felt-Knife-poly.jpeg","width":600,"height":600,"caption":"Koukkunokkainen puukko Morakniv Roofing Felt Knife poly"},{"@type":"WebPage","@id":"https:\/\/hotelli03.domainhotelli.fi\/~lsdoecli\/tuote\/koukkunokkainen-puukko-morakniv-roofing-felt-knife-poly\/","url":"https:\/\/hotelli03.domainhotelli.fi\/~lsdoecli\/tuote\/koukkunokkainen-puukko-morakniv-roofing-felt-knife-poly\/","name":"Koukkunokkainen puukko Morakniv Roofing Felt Knife poly | JV Tuonti","isPartOf":{"@id":"https:\/\/hotelli03.domainhotelli.fi\/~lsdoecli\/#website"},"primaryImageOfPage":{"@id":"https:\/\/hotelli03.domainhotelli.fi\/~lsdoecli\/tuote\/koukkunokkainen-puukko-morakniv-roofing-felt-knife-poly\/#primaryimage"},"datePublished":"2021-11-17T10:01:38+00:00","dateModified":"2021-11-17T10:01:38+00:00","description":"Koukkunokkainen puukko Morakniv Roofing Felt Knife poly on ammattik\u00e4ytt\u00f6\u00f6n suunniteltu laadukas ja pitk\u00e4ik\u00e4inen koukkunokkainen puukko.","breadcrumb":{"@id":"https:\/\/hotelli03.domainhotelli.fi\/~lsdoecli\/tuote\/koukkunokkainen-puukko-morakniv-roofing-felt-knife-poly\/#breadcrumb"},"inLanguage":"fi","potentialAction":[{"@type":"ReadAction","target":["https:\/\/hotelli03.domainhotelli.fi\/~lsdoecli\/tuote\/koukkunokkainen-puukko-morakniv-roofing-felt-knife-poly\/"]}]},{"@type":"BreadcrumbList","@id":"https:\/\/hotelli03.domainhotelli.fi\/~lsdoecli\/tuote\/koukkunokkainen-puukko-morakniv-roofing-felt-knife-poly\/#breadcrumb","itemListElement":[{"@type":"ListItem","position":1,"name":"Etusivu","item":"https:\/\/hotelli03.domainhotelli.fi\/~lsdoecli\/"},{"@type":"ListItem","position":2,"name":"Kauppa","item":"https:\/\/hotelli03.domainhotelli.fi\/~lsdoecli\/kauppa\/"},{"@type":"ListItem","position":3,"name":"Koukkunokkainen puukko Morakniv Roofing Felt Knife poly"}]},{"@type":"PostalAddress","@id":"https:\/\/hotelli03.domainhotelli.fi\/~lsdoecli\/tuote\/koukkunokkainen-puukko-morakniv-roofing-felt-knife-poly\/#local-main-place-address","streetAddress":"Pyymosantie 5a","addressLocality":"Vantaa","postalCode":"01720","addressCountry":"FI"},{"@type":"ImageObject","inLanguage":"fi","@id":"https:\/\/hotelli03.domainhotelli.fi\/~lsdoecli\/tuote\/koukkunokkainen-puukko-morakniv-roofing-felt-knife-poly\/#local-main-organization-logo","url":"https:\/\/hotelli03.domainhotelli.fi\/~lsdoecli\/wp-content\/uploads\/2021\/08\/JVTuonti_logo_nelio.jpg","contentUrl":"https:\/\/hotelli03.domainhotelli.fi\/~lsdoecli\/wp-content\/uploads\/2021\/08\/JVTuonti_logo_nelio.jpg","width":550,"height":550,"caption":"JV Tuonti Oy"}]},"product_brand":"Morakniv","product_price_amount":"22.94","product_price_currency":"EUR","og_availability":"instock","product_availability":"instock","product_retailer_item_id":"MK13235","product_condition":"new","geo.placename":"Vantaa","geo.position":{"lat":"60.28431","long":"24.81654"},"geo.region":"Suomi"},"_links":{"self":[{"href":"https:\/\/hotelli03.domainhotelli.fi\/~lsdoecli\/wp-json\/wp\/v2\/product\/8519"}],"collection":[{"href":"https:\/\/hotelli03.domainhotelli.fi\/~lsdoecli\/wp-json\/wp\/v2\/product"}],"about":[{"href":"https:\/\/hotelli03.domainhotelli.fi\/~lsdoecli\/wp-json\/wp\/v2\/types\/product"}],"replies":[{"embeddable":true,"href":"https:\/\/hotelli03.domainhotelli.fi\/~lsdoecli\/wp-json\/wp\/v2\/comments?post=8519"}],"wp:featuredmedia":[{"embeddable":true,"href":"https:\/\/hotelli03.domainhotelli.fi\/~lsdoecli\/wp-json\/wp\/v2\/media\/8522"}],"wp:attachment":[{"href":"https:\/\/hotelli03.domainhotelli.fi\/~lsdoecli\/wp-json\/wp\/v2\/media?parent=8519"}],"wp:term":[{"taxonomy":"product_cat","embeddable":true,"href":"https:\/\/hotelli03.domainhotelli.fi\/~lsdoecli\/wp-json\/wp\/v2\/product_cat?post=8519"},{"taxonomy":"product_tag","embeddable":true,"href":"https:\/\/hotelli03.domainhotelli.fi\/~lsdoecli\/wp-json\/wp\/v2\/product_tag?post=8519"}],"curies":[{"name":"wp","href":"https:\/\/api.w.org\/{rel}","templated":true}]}}