{"id":8514,"date":"2021-11-17T09:37:04","date_gmt":"2021-11-17T09:37:04","guid":{"rendered":"https:\/\/hotelli03.domainhotelli.fi\/~lsdoecli\/?post_type=product&#038;p=8514"},"modified":"2021-11-17T09:37:05","modified_gmt":"2021-11-17T09:37:05","slug":"tyopuukko-taltta-morakniv-chisel","status":"publish","type":"product","link":"https:\/\/hotelli03.domainhotelli.fi\/~lsdoecli\/tuote\/tyopuukko-taltta-morakniv-chisel\/","title":{"rendered":"Ty\u00f6puukko taltta Morakniv Chisel"},"content":{"rendered":"<h2>Ammattik\u00e4ytt\u00f6\u00f6n suunniteltu laadukas ja pitk\u00e4ik\u00e4inen talttapuukko.<\/h2>\n<p>Ty\u00f6puukko taltta Morakniv Chisel soveltuu useiden eri ammattiryhmien tarpeisiin: s\u00e4hk\u00f6asentajille, putkiasentajille, timpureille, rakennusalalle jne. Mahdollistaa siistin viimeistelyn, materiaalien ohentamisen, tehokkaan leikkaamisen, vuolemisen ja puun muotoilun. Suurikokoinen kahva soveltuu isollekin k\u00e4delle sek\u00e4 k\u00e4ytt\u00f6\u00f6n k\u00e4sineet k\u00e4dess\u00e4.<\/p>\n<p>Kumipintainen kahva, joka tarjoaa erinomaisen otteen ja tehostaa ty\u00f6skentely\u00e4. P\u00e4\u00e4ty muotoiltu soveltavaksi vasaraniskuille talttaamiseen. Monik\u00e4ytt\u00f6inen ter\u00e4, joka on teroitettu p\u00e4\u00e4dyst\u00e4 ja toiselta sivulta. Hamarapuoli soveltuu vasaralla iskemiseen.<\/p>\n<h4>Ty\u00f6puukko taltta Morakniv Chisel tekniset tiedot:<\/h4>\n<ul>\n<li>Talttapuukko Ter\u00e4n materiaali runsashiilinen ter\u00e4s, joka on maksimikovuuden saavuttamiseksi karkaistu 58 HRC kovuuteen.<\/li>\n<li>Kokonaispituus: 194 mm.<\/li>\n<li>Ter\u00e4n pituus: 78 mm.<\/li>\n<li>Ter\u00e4n paksuus: 2,3 mm.<\/li>\n<li>Paino 120 g.<\/li>\n<li>Musta hyvin suunniteltu muovituppi, jonka voi laittaa vy\u00f6n lis\u00e4ksi esim. nappiin, ja rinnalle voidaan valita yksi tai useampia muita Morakniv ammattipuukkoja ja tupet voidaan niputtaa yhteen, jolloin kaikki ty\u00f6kalut on helposti saatavilla.<\/li>\n<li>Materiaali- ja valmistusvirhetakuu 10 vuotta.<\/li>\n<li>Valmistusmaa Ruotsi.<\/li>\n<\/ul>\n<p>&nbsp;<\/p>\n<p><a href=\"https:\/\/hotelli03.domainhotelli.fi\/~lsdoecli\/tuote-osasto\/rakennustarvikkeet\/kasityokalut-2\/puukot-ja-veitset\/\">Katso my\u00f6s muut Puukot ja Veitset t\u00e4st\u00e4!\u00a0<\/a><\/p>\n","protected":false},"excerpt":{"rendered":"<h4>Ty\u00f6puukko taltta Morakniv Chisel<\/h4>\n<ul>\n<li>Talttapuukko Ter\u00e4n materiaali runsashiilinen ter\u00e4s, joka on maksimikovuuden saavuttamiseksi karkaistu 58 HRC kovuuteen.<\/li>\n<li>Kokonaispituus: 194 mm.<\/li>\n<li>Ter\u00e4n pituus: 78 mm.<\/li>\n<li>Ter\u00e4n paksuus: 2,3 mm.<\/li>\n<li>Paino 120 g.<\/li>\n<li>Musta hyvin suunniteltu muovituppi, jonka voi laittaa vy\u00f6n lis\u00e4ksi esim. nappiin, ja rinnalle voidaan valita yksi tai useampia muita Morakniv ammattipuukkoja ja tupet voidaan niputtaa yhteen, jolloin kaikki ty\u00f6kalut on helposti saatavilla.<\/li>\n<li>Materiaali- ja valmistusvirhetakuu 10 vuotta.<\/li>\n<li>Valmistusmaa Ruotsi.<\/li>\n<\/ul>\n","protected":false},"featured_media":8517,"comment_status":"open","ping_status":"closed","template":"","meta":[],"product_cat":[948],"product_tag":[951,953,950,954],"yoast_head":"<!-- This site is optimized with the Yoast SEO Premium plugin v18.9 (Yoast SEO v19.3) - https:\/\/yoast.com\/wordpress\/plugins\/seo\/ -->\n<title>Ty\u00f6puukko taltta Morakniv Chisel | JV Tuonti<\/title>\n<meta name=\"description\" content=\"Ty\u00f6puukko taltta Morakniv Chisel on ammattik\u00e4ytt\u00f6\u00f6n suunniteltu laadukas ja pitk\u00e4ik\u00e4inen talttapuukko. Tutustu ja tilaa t\u00e4st\u00e4!\" \/>\n<meta name=\"robots\" content=\"index, follow, max-snippet:-1, max-image-preview:large, max-video-preview:-1\" \/>\n<link rel=\"canonical\" href=\"https:\/\/hotelli03.domainhotelli.fi\/~lsdoecli\/tuote\/tyopuukko-taltta-morakniv-chisel\/\" \/>\n<meta property=\"og:locale\" content=\"fi_FI\" \/>\n<meta property=\"og:type\" content=\"article\" \/>\n<meta property=\"og:title\" content=\"Ty\u00f6puukko taltta Morakniv Chisel\" \/>\n<meta property=\"og:description\" content=\"Ty\u00f6puukko taltta Morakniv Chisel on ammattik\u00e4ytt\u00f6\u00f6n suunniteltu laadukas ja pitk\u00e4ik\u00e4inen talttapuukko. Tutustu ja tilaa t\u00e4st\u00e4!\" \/>\n<meta property=\"og:url\" content=\"https:\/\/hotelli03.domainhotelli.fi\/~lsdoecli\/tuote\/tyopuukko-taltta-morakniv-chisel\/\" \/>\n<meta property=\"og:site_name\" content=\"JV Tuonti\" \/>\n<meta property=\"article:publisher\" content=\"https:\/\/www.facebook.com\/JVTuontiOy\" \/>\n<meta property=\"article:modified_time\" content=\"2021-11-17T09:37:05+00:00\" \/>\n<meta property=\"og:image\" content=\"https:\/\/hotelli03.domainhotelli.fi\/~lsdoecli\/wp-content\/uploads\/2021\/11\/Tyopuukko-taltta-Morakniv-Chisel.jpeg\" \/>\n\t<meta property=\"og:image:width\" content=\"600\" \/>\n\t<meta property=\"og:image:height\" content=\"600\" \/>\n\t<meta property=\"og:image:type\" content=\"image\/jpeg\" \/>\n<meta name=\"twitter:card\" content=\"summary_large_image\" \/>\n<meta name=\"twitter:label1\" content=\"Price\" \/>\n\t<meta name=\"twitter:data1\" content=\"14,88&nbsp;&euro; Alv 24%N\u00e4yt\u00e4 veroton hinta12,00&nbsp;&euro; Alv 0%N\u00e4yt\u00e4 verollinen hinta\" \/>\n\t<meta name=\"twitter:label2\" content=\"Availability\" \/>\n\t<meta name=\"twitter:data2\" content=\"In stock\" \/>\n<script type=\"application\/ld+json\" class=\"yoast-schema-graph\">{\"@context\":\"https:\/\/schema.org\",\"@graph\":[{\"@type\":[\"Organization\",\"Place\",\"WholesaleStore\"],\"@id\":\"https:\/\/hotelli03.domainhotelli.fi\/~lsdoecli\/#organization\",\"name\":\"JV Tuonti Oy\",\"url\":\"https:\/\/hotelli03.domainhotelli.fi\/~lsdoecli\/\",\"sameAs\":[\"https:\/\/instagram.com\/jvtuontioy?utm_medium=copy_link\",\"https:\/\/www.facebook.com\/JVTuontiOy\"],\"logo\":{\"@id\":\"https:\/\/hotelli03.domainhotelli.fi\/~lsdoecli\/tuote\/tyopuukko-taltta-morakniv-chisel\/#local-main-organization-logo\"},\"image\":{\"@id\":\"https:\/\/hotelli03.domainhotelli.fi\/~lsdoecli\/tuote\/tyopuukko-taltta-morakniv-chisel\/#local-main-organization-logo\"},\"address\":{\"@id\":\"https:\/\/hotelli03.domainhotelli.fi\/~lsdoecli\/tuote\/tyopuukko-taltta-morakniv-chisel\/#local-main-place-address\"},\"geo\":{\"@type\":\"GeoCoordinates\",\"latitude\":\"60.28431\",\"longitude\":\"24.81654\"},\"telephone\":[\"0408369980\"],\"openingHoursSpecification\":[{\"@type\":\"OpeningHoursSpecification\",\"dayOfWeek\":[\"Monday\",\"Tuesday\",\"Wednesday\",\"Thursday\",\"Friday\"],\"opens\":\"08:00\",\"closes\":\"16:00\"},{\"@type\":\"OpeningHoursSpecification\",\"dayOfWeek\":[\"Saturday\",\"Sunday\"],\"opens\":\"00:00\",\"closes\":\"00:00\"}],\"email\":\"myynti@hotelli03.domainhotelli.fi\",\"areaServed\":\"Suomi, Ruotsi\",\"vatID\":\"FI30178387\",\"priceRange\":\"$$\",\"currenciesAccepted\":\"\u20ac\",\"paymentAccepted\":\"Lasku, pankkikortti\"},{\"@type\":\"WebSite\",\"@id\":\"https:\/\/hotelli03.domainhotelli.fi\/~lsdoecli\/#website\",\"url\":\"https:\/\/hotelli03.domainhotelli.fi\/~lsdoecli\/\",\"name\":\"JV Tuonti\",\"description\":\"JV Tuonti Oy:n verkkokauppa\",\"publisher\":{\"@id\":\"https:\/\/hotelli03.domainhotelli.fi\/~lsdoecli\/#organization\"},\"potentialAction\":[{\"@type\":\"SearchAction\",\"target\":{\"@type\":\"EntryPoint\",\"urlTemplate\":\"https:\/\/hotelli03.domainhotelli.fi\/~lsdoecli\/?s={search_term_string}\"},\"query-input\":\"required name=search_term_string\"}],\"inLanguage\":\"fi\"},{\"@type\":\"ImageObject\",\"inLanguage\":\"fi\",\"@id\":\"https:\/\/hotelli03.domainhotelli.fi\/~lsdoecli\/tuote\/tyopuukko-taltta-morakniv-chisel\/#primaryimage\",\"url\":\"https:\/\/hotelli03.domainhotelli.fi\/~lsdoecli\/wp-content\/uploads\/2021\/11\/Tyopuukko-taltta-Morakniv-Chisel.jpeg\",\"contentUrl\":\"https:\/\/hotelli03.domainhotelli.fi\/~lsdoecli\/wp-content\/uploads\/2021\/11\/Tyopuukko-taltta-Morakniv-Chisel.jpeg\",\"width\":600,\"height\":600,\"caption\":\"Ty\u00f6puukko taltta Morakniv Chisel\"},{\"@type\":\"WebPage\",\"@id\":\"https:\/\/hotelli03.domainhotelli.fi\/~lsdoecli\/tuote\/tyopuukko-taltta-morakniv-chisel\/\",\"url\":\"https:\/\/hotelli03.domainhotelli.fi\/~lsdoecli\/tuote\/tyopuukko-taltta-morakniv-chisel\/\",\"name\":\"Ty\u00f6puukko taltta Morakniv Chisel | JV Tuonti\",\"isPartOf\":{\"@id\":\"https:\/\/hotelli03.domainhotelli.fi\/~lsdoecli\/#website\"},\"primaryImageOfPage\":{\"@id\":\"https:\/\/hotelli03.domainhotelli.fi\/~lsdoecli\/tuote\/tyopuukko-taltta-morakniv-chisel\/#primaryimage\"},\"datePublished\":\"2021-11-17T09:37:04+00:00\",\"dateModified\":\"2021-11-17T09:37:05+00:00\",\"description\":\"Ty\u00f6puukko taltta Morakniv Chisel on ammattik\u00e4ytt\u00f6\u00f6n suunniteltu laadukas ja pitk\u00e4ik\u00e4inen talttapuukko. Tutustu ja tilaa t\u00e4st\u00e4!\",\"breadcrumb\":{\"@id\":\"https:\/\/hotelli03.domainhotelli.fi\/~lsdoecli\/tuote\/tyopuukko-taltta-morakniv-chisel\/#breadcrumb\"},\"inLanguage\":\"fi\",\"potentialAction\":[{\"@type\":\"ReadAction\",\"target\":[\"https:\/\/hotelli03.domainhotelli.fi\/~lsdoecli\/tuote\/tyopuukko-taltta-morakniv-chisel\/\"]}]},{\"@type\":\"BreadcrumbList\",\"@id\":\"https:\/\/hotelli03.domainhotelli.fi\/~lsdoecli\/tuote\/tyopuukko-taltta-morakniv-chisel\/#breadcrumb\",\"itemListElement\":[{\"@type\":\"ListItem\",\"position\":1,\"name\":\"Etusivu\",\"item\":\"https:\/\/hotelli03.domainhotelli.fi\/~lsdoecli\/\"},{\"@type\":\"ListItem\",\"position\":2,\"name\":\"Kauppa\",\"item\":\"https:\/\/hotelli03.domainhotelli.fi\/~lsdoecli\/kauppa\/\"},{\"@type\":\"ListItem\",\"position\":3,\"name\":\"Ty\u00f6puukko taltta Morakniv Chisel\"}]},{\"@type\":\"PostalAddress\",\"@id\":\"https:\/\/hotelli03.domainhotelli.fi\/~lsdoecli\/tuote\/tyopuukko-taltta-morakniv-chisel\/#local-main-place-address\",\"streetAddress\":\"Pyymosantie 5a\",\"addressLocality\":\"Vantaa\",\"postalCode\":\"01720\",\"addressCountry\":\"FI\"},{\"@type\":\"ImageObject\",\"inLanguage\":\"fi\",\"@id\":\"https:\/\/hotelli03.domainhotelli.fi\/~lsdoecli\/tuote\/tyopuukko-taltta-morakniv-chisel\/#local-main-organization-logo\",\"url\":\"https:\/\/hotelli03.domainhotelli.fi\/~lsdoecli\/wp-content\/uploads\/2021\/08\/JVTuonti_logo_nelio.jpg\",\"contentUrl\":\"https:\/\/hotelli03.domainhotelli.fi\/~lsdoecli\/wp-content\/uploads\/2021\/08\/JVTuonti_logo_nelio.jpg\",\"width\":550,\"height\":550,\"caption\":\"JV Tuonti Oy\"}]}<\/script>\n<meta property=\"product:brand\" content=\"Morakniv\" \/>\n<meta property=\"product:price:amount\" content=\"14.88\" \/>\n<meta property=\"product:price:currency\" content=\"EUR\" \/>\n<meta property=\"og:availability\" content=\"instock\" \/>\n<meta property=\"product:availability\" content=\"instock\" \/>\n<meta property=\"product:retailer_item_id\" content=\"MK12250\" \/>\n<meta property=\"product:condition\" content=\"new\" \/>\n<meta name=\"geo.placename\" content=\"Vantaa\" \/>\n<meta name=\"geo.position\" content=\"60.28431;24.81654\" \/>\n<meta name=\"geo.region\" content=\"Suomi\" \/>\n<!-- \/ Yoast SEO Premium plugin. -->","yoast_head_json":{"title":"Ty\u00f6puukko taltta Morakniv Chisel | JV Tuonti","description":"Ty\u00f6puukko taltta Morakniv Chisel on ammattik\u00e4ytt\u00f6\u00f6n suunniteltu laadukas ja pitk\u00e4ik\u00e4inen talttapuukko. Tutustu ja tilaa t\u00e4st\u00e4!","robots":{"index":"index","follow":"follow","max-snippet":"max-snippet:-1","max-image-preview":"max-image-preview:large","max-video-preview":"max-video-preview:-1"},"canonical":"https:\/\/hotelli03.domainhotelli.fi\/~lsdoecli\/tuote\/tyopuukko-taltta-morakniv-chisel\/","og_locale":"fi_FI","og_type":"article","og_title":"Ty\u00f6puukko taltta Morakniv Chisel","og_description":"Ty\u00f6puukko taltta Morakniv Chisel on ammattik\u00e4ytt\u00f6\u00f6n suunniteltu laadukas ja pitk\u00e4ik\u00e4inen talttapuukko. Tutustu ja tilaa t\u00e4st\u00e4!","og_url":"https:\/\/hotelli03.domainhotelli.fi\/~lsdoecli\/tuote\/tyopuukko-taltta-morakniv-chisel\/","og_site_name":"JV Tuonti","article_publisher":"https:\/\/www.facebook.com\/JVTuontiOy","article_modified_time":"2021-11-17T09:37:05+00:00","og_image":[{"width":600,"height":600,"url":"https:\/\/hotelli03.domainhotelli.fi\/~lsdoecli\/wp-content\/uploads\/2021\/11\/Tyopuukko-taltta-Morakniv-Chisel.jpeg","type":"image\/jpeg"}],"twitter_card":"summary_large_image","twitter_misc":{"Price":"14,88&nbsp;&euro; Alv 24%N\u00e4yt\u00e4 veroton hinta12,00&nbsp;&euro; Alv 0%N\u00e4yt\u00e4 verollinen hinta","Availability":"In stock"},"schema":{"@context":"https:\/\/schema.org","@graph":[{"@type":["Organization","Place","WholesaleStore"],"@id":"https:\/\/hotelli03.domainhotelli.fi\/~lsdoecli\/#organization","name":"JV Tuonti Oy","url":"https:\/\/hotelli03.domainhotelli.fi\/~lsdoecli\/","sameAs":["https:\/\/instagram.com\/jvtuontioy?utm_medium=copy_link","https:\/\/www.facebook.com\/JVTuontiOy"],"logo":{"@id":"https:\/\/hotelli03.domainhotelli.fi\/~lsdoecli\/tuote\/tyopuukko-taltta-morakniv-chisel\/#local-main-organization-logo"},"image":{"@id":"https:\/\/hotelli03.domainhotelli.fi\/~lsdoecli\/tuote\/tyopuukko-taltta-morakniv-chisel\/#local-main-organization-logo"},"address":{"@id":"https:\/\/hotelli03.domainhotelli.fi\/~lsdoecli\/tuote\/tyopuukko-taltta-morakniv-chisel\/#local-main-place-address"},"geo":{"@type":"GeoCoordinates","latitude":"60.28431","longitude":"24.81654"},"telephone":["0408369980"],"openingHoursSpecification":[{"@type":"OpeningHoursSpecification","dayOfWeek":["Monday","Tuesday","Wednesday","Thursday","Friday"],"opens":"08:00","closes":"16:00"},{"@type":"OpeningHoursSpecification","dayOfWeek":["Saturday","Sunday"],"opens":"00:00","closes":"00:00"}],"email":"myynti@hotelli03.domainhotelli.fi","areaServed":"Suomi, Ruotsi","vatID":"FI30178387","priceRange":"$$","currenciesAccepted":"\u20ac","paymentAccepted":"Lasku, pankkikortti"},{"@type":"WebSite","@id":"https:\/\/hotelli03.domainhotelli.fi\/~lsdoecli\/#website","url":"https:\/\/hotelli03.domainhotelli.fi\/~lsdoecli\/","name":"JV Tuonti","description":"JV Tuonti Oy:n verkkokauppa","publisher":{"@id":"https:\/\/hotelli03.domainhotelli.fi\/~lsdoecli\/#organization"},"potentialAction":[{"@type":"SearchAction","target":{"@type":"EntryPoint","urlTemplate":"https:\/\/hotelli03.domainhotelli.fi\/~lsdoecli\/?s={search_term_string}"},"query-input":"required name=search_term_string"}],"inLanguage":"fi"},{"@type":"ImageObject","inLanguage":"fi","@id":"https:\/\/hotelli03.domainhotelli.fi\/~lsdoecli\/tuote\/tyopuukko-taltta-morakniv-chisel\/#primaryimage","url":"https:\/\/hotelli03.domainhotelli.fi\/~lsdoecli\/wp-content\/uploads\/2021\/11\/Tyopuukko-taltta-Morakniv-Chisel.jpeg","contentUrl":"https:\/\/hotelli03.domainhotelli.fi\/~lsdoecli\/wp-content\/uploads\/2021\/11\/Tyopuukko-taltta-Morakniv-Chisel.jpeg","width":600,"height":600,"caption":"Ty\u00f6puukko taltta Morakniv Chisel"},{"@type":"WebPage","@id":"https:\/\/hotelli03.domainhotelli.fi\/~lsdoecli\/tuote\/tyopuukko-taltta-morakniv-chisel\/","url":"https:\/\/hotelli03.domainhotelli.fi\/~lsdoecli\/tuote\/tyopuukko-taltta-morakniv-chisel\/","name":"Ty\u00f6puukko taltta Morakniv Chisel | JV Tuonti","isPartOf":{"@id":"https:\/\/hotelli03.domainhotelli.fi\/~lsdoecli\/#website"},"primaryImageOfPage":{"@id":"https:\/\/hotelli03.domainhotelli.fi\/~lsdoecli\/tuote\/tyopuukko-taltta-morakniv-chisel\/#primaryimage"},"datePublished":"2021-11-17T09:37:04+00:00","dateModified":"2021-11-17T09:37:05+00:00","description":"Ty\u00f6puukko taltta Morakniv Chisel on ammattik\u00e4ytt\u00f6\u00f6n suunniteltu laadukas ja pitk\u00e4ik\u00e4inen talttapuukko. Tutustu ja tilaa t\u00e4st\u00e4!","breadcrumb":{"@id":"https:\/\/hotelli03.domainhotelli.fi\/~lsdoecli\/tuote\/tyopuukko-taltta-morakniv-chisel\/#breadcrumb"},"inLanguage":"fi","potentialAction":[{"@type":"ReadAction","target":["https:\/\/hotelli03.domainhotelli.fi\/~lsdoecli\/tuote\/tyopuukko-taltta-morakniv-chisel\/"]}]},{"@type":"BreadcrumbList","@id":"https:\/\/hotelli03.domainhotelli.fi\/~lsdoecli\/tuote\/tyopuukko-taltta-morakniv-chisel\/#breadcrumb","itemListElement":[{"@type":"ListItem","position":1,"name":"Etusivu","item":"https:\/\/hotelli03.domainhotelli.fi\/~lsdoecli\/"},{"@type":"ListItem","position":2,"name":"Kauppa","item":"https:\/\/hotelli03.domainhotelli.fi\/~lsdoecli\/kauppa\/"},{"@type":"ListItem","position":3,"name":"Ty\u00f6puukko taltta Morakniv Chisel"}]},{"@type":"PostalAddress","@id":"https:\/\/hotelli03.domainhotelli.fi\/~lsdoecli\/tuote\/tyopuukko-taltta-morakniv-chisel\/#local-main-place-address","streetAddress":"Pyymosantie 5a","addressLocality":"Vantaa","postalCode":"01720","addressCountry":"FI"},{"@type":"ImageObject","inLanguage":"fi","@id":"https:\/\/hotelli03.domainhotelli.fi\/~lsdoecli\/tuote\/tyopuukko-taltta-morakniv-chisel\/#local-main-organization-logo","url":"https:\/\/hotelli03.domainhotelli.fi\/~lsdoecli\/wp-content\/uploads\/2021\/08\/JVTuonti_logo_nelio.jpg","contentUrl":"https:\/\/hotelli03.domainhotelli.fi\/~lsdoecli\/wp-content\/uploads\/2021\/08\/JVTuonti_logo_nelio.jpg","width":550,"height":550,"caption":"JV Tuonti Oy"}]},"product_brand":"Morakniv","product_price_amount":"14.88","product_price_currency":"EUR","og_availability":"instock","product_availability":"instock","product_retailer_item_id":"MK12250","product_condition":"new","geo.placename":"Vantaa","geo.position":{"lat":"60.28431","long":"24.81654"},"geo.region":"Suomi"},"_links":{"self":[{"href":"https:\/\/hotelli03.domainhotelli.fi\/~lsdoecli\/wp-json\/wp\/v2\/product\/8514"}],"collection":[{"href":"https:\/\/hotelli03.domainhotelli.fi\/~lsdoecli\/wp-json\/wp\/v2\/product"}],"about":[{"href":"https:\/\/hotelli03.domainhotelli.fi\/~lsdoecli\/wp-json\/wp\/v2\/types\/product"}],"replies":[{"embeddable":true,"href":"https:\/\/hotelli03.domainhotelli.fi\/~lsdoecli\/wp-json\/wp\/v2\/comments?post=8514"}],"wp:featuredmedia":[{"embeddable":true,"href":"https:\/\/hotelli03.domainhotelli.fi\/~lsdoecli\/wp-json\/wp\/v2\/media\/8517"}],"wp:attachment":[{"href":"https:\/\/hotelli03.domainhotelli.fi\/~lsdoecli\/wp-json\/wp\/v2\/media?parent=8514"}],"wp:term":[{"taxonomy":"product_cat","embeddable":true,"href":"https:\/\/hotelli03.domainhotelli.fi\/~lsdoecli\/wp-json\/wp\/v2\/product_cat?post=8514"},{"taxonomy":"product_tag","embeddable":true,"href":"https:\/\/hotelli03.domainhotelli.fi\/~lsdoecli\/wp-json\/wp\/v2\/product_tag?post=8514"}],"curies":[{"name":"wp","href":"https:\/\/api.w.org\/{rel}","templated":true}]}}