{"id":8500,"date":"2021-11-15T14:07:29","date_gmt":"2021-11-15T14:07:29","guid":{"rendered":"https:\/\/hotelli03.domainhotelli.fi\/~lsdoecli\/?post_type=product&#038;p=8500"},"modified":"2021-11-15T14:07:29","modified_gmt":"2021-11-15T14:07:29","slug":"tyopuukko-morakniv-pro-c-safe-tylppa-turvakarki","status":"publish","type":"product","link":"https:\/\/hotelli03.domainhotelli.fi\/~lsdoecli\/tuote\/tyopuukko-morakniv-pro-c-safe-tylppa-turvakarki\/","title":{"rendered":"Ty\u00f6puukko Morakniv Pro C Safe tylpp\u00e4 turvak\u00e4rki"},"content":{"rendered":"<h2>Rakennusalan ja teollisuuden tarpeisiin suunniteltu uuden sukupolven ty\u00f6puukko tylp\u00e4ll\u00e4 turvak\u00e4rjell\u00e4, joka ehk\u00e4isee vahingossa puhkaisemista.<\/h2>\n<p>Ty\u00f6puukko Morakniv Pro C Safe tylpp\u00e4 turvak\u00e4rki on uudenlainen TPU kumipintainen iskunkest\u00e4v\u00e4 kahva joka tarjoaa erinomaisen otteen ja erist\u00e4vien ominaisuuksien ansiosta sen kanssa on miellytt\u00e4v\u00e4\u00e4 ty\u00f6skennell\u00e4 pidempi\u00e4 aikoja my\u00f6s eritt\u00e4in kylmiss\u00e4 olosuhteissa. Kahvan suuri koko ja voimakas muotoilu saa puukon istumaan erinomaisesti k\u00e4teen ja tekee ty\u00f6skentelyst\u00e4 tehokkaampaa. Kahvassa suurikokoinen sormisuoja.<\/p>\n<h4>Ty\u00f6puukko Morakniv Pro C Safe tylpp\u00e4 turvak\u00e4rki tekniset tiedot:<\/h4>\n<p>Ter\u00e4n materiaali runsashiilinen ter\u00e4s, joka on eritt\u00e4in helppo teroittaa. Ter\u00e4n pituuden ja paksuuden suhde on suunniteltu ty\u00f6k\u00e4ytt\u00f6\u00f6n antamaan paremman k\u00e4ytt\u00f6kokemuksen ammattilaiselle. Kokonaispituus: 206 mm. Ter\u00e4n pituus: 82 mm. Ter\u00e4n paksuus: 2,0 mm. Paino 112 g tupen kanssa. Musta hyvin suunniteltu muovituppi, jonka voi laittaa vy\u00f6n lis\u00e4ksi esim. napin l\u00e4peen, ja rinnalle voidaan valita yksi tai useampia muita Morakniv ammattipuukkoja, ja tupet voidaan niputtaa yhteen, jolloin kaikki ty\u00f6kalut on helposti saatavilla.<\/p>\n<p>Materiaali- ja valmistusvirhetakuu 10 vuotta. Valmistusmaa Ruotsi.<\/p>\n","protected":false},"excerpt":{"rendered":"<h4>Rakennusalan ja teollisuuden tarpeisiin suunniteltu uuden sukupolven ty\u00f6puukko tylp\u00e4ll\u00e4 turvak\u00e4rjell\u00e4, joka ehk\u00e4isee vahingossa puhkaisemista.<\/h4>\n","protected":false},"featured_media":8501,"comment_status":"open","ping_status":"closed","template":"","meta":[],"product_cat":[948],"product_tag":[951,950],"yoast_head":"<!-- This site is optimized with the Yoast SEO Premium plugin v18.9 (Yoast SEO v19.3) - https:\/\/yoast.com\/wordpress\/plugins\/seo\/ -->\n<title>Ty\u00f6puukko Morakniv Pro C Safe tylpp\u00e4 turvak\u00e4rki | JV Tuonti<\/title>\n<meta name=\"description\" content=\"Ty\u00f6puukko Morakniv Pro C Safe tylpp\u00e4 turvak\u00e4rki on rakennusalan ja teollisuuden tarpeisiin suunniteltu uuden sukupolven ty\u00f6puukko.\" \/>\n<meta name=\"robots\" content=\"index, follow, max-snippet:-1, max-image-preview:large, max-video-preview:-1\" \/>\n<link rel=\"canonical\" href=\"https:\/\/hotelli03.domainhotelli.fi\/~lsdoecli\/tuote\/tyopuukko-morakniv-pro-c-safe-tylppa-turvakarki\/\" \/>\n<meta property=\"og:locale\" content=\"fi_FI\" \/>\n<meta property=\"og:type\" content=\"article\" \/>\n<meta property=\"og:title\" content=\"Ty\u00f6puukko Morakniv Pro C Safe tylpp\u00e4 turvak\u00e4rki\" \/>\n<meta property=\"og:description\" content=\"Ty\u00f6puukko Morakniv Pro C Safe tylpp\u00e4 turvak\u00e4rki on rakennusalan ja teollisuuden tarpeisiin suunniteltu uuden sukupolven ty\u00f6puukko.\" \/>\n<meta property=\"og:url\" content=\"https:\/\/hotelli03.domainhotelli.fi\/~lsdoecli\/tuote\/tyopuukko-morakniv-pro-c-safe-tylppa-turvakarki\/\" \/>\n<meta property=\"og:site_name\" content=\"JV Tuonti\" \/>\n<meta property=\"article:publisher\" content=\"https:\/\/www.facebook.com\/JVTuontiOy\" \/>\n<meta property=\"og:image\" content=\"https:\/\/hotelli03.domainhotelli.fi\/~lsdoecli\/wp-content\/uploads\/2021\/11\/Tyopuukko-Morakniv-Pro-C-Safe-tylppa-turvakarki.jpeg\" \/>\n\t<meta property=\"og:image:width\" content=\"600\" \/>\n\t<meta property=\"og:image:height\" content=\"600\" \/>\n\t<meta property=\"og:image:type\" content=\"image\/jpeg\" \/>\n<meta name=\"twitter:card\" content=\"summary_large_image\" \/>\n<meta name=\"twitter:label1\" content=\"Price\" \/>\n\t<meta name=\"twitter:data1\" content=\"9,92&nbsp;&euro; Alv 24%N\u00e4yt\u00e4 veroton hinta8,00&nbsp;&euro; Alv 0%N\u00e4yt\u00e4 verollinen hinta\" \/>\n\t<meta name=\"twitter:label2\" content=\"Availability\" \/>\n\t<meta name=\"twitter:data2\" content=\"In stock\" \/>\n<script type=\"application\/ld+json\" class=\"yoast-schema-graph\">{\"@context\":\"https:\/\/schema.org\",\"@graph\":[{\"@type\":[\"Organization\",\"Place\",\"WholesaleStore\"],\"@id\":\"https:\/\/hotelli03.domainhotelli.fi\/~lsdoecli\/#organization\",\"name\":\"JV Tuonti Oy\",\"url\":\"https:\/\/hotelli03.domainhotelli.fi\/~lsdoecli\/\",\"sameAs\":[\"https:\/\/instagram.com\/jvtuontioy?utm_medium=copy_link\",\"https:\/\/www.facebook.com\/JVTuontiOy\"],\"logo\":{\"@id\":\"https:\/\/hotelli03.domainhotelli.fi\/~lsdoecli\/tuote\/tyopuukko-morakniv-pro-c-safe-tylppa-turvakarki\/#local-main-organization-logo\"},\"image\":{\"@id\":\"https:\/\/hotelli03.domainhotelli.fi\/~lsdoecli\/tuote\/tyopuukko-morakniv-pro-c-safe-tylppa-turvakarki\/#local-main-organization-logo\"},\"address\":{\"@id\":\"https:\/\/hotelli03.domainhotelli.fi\/~lsdoecli\/tuote\/tyopuukko-morakniv-pro-c-safe-tylppa-turvakarki\/#local-main-place-address\"},\"geo\":{\"@type\":\"GeoCoordinates\",\"latitude\":\"60.28431\",\"longitude\":\"24.81654\"},\"telephone\":[\"0408369980\"],\"openingHoursSpecification\":[{\"@type\":\"OpeningHoursSpecification\",\"dayOfWeek\":[\"Monday\",\"Tuesday\",\"Wednesday\",\"Thursday\",\"Friday\"],\"opens\":\"08:00\",\"closes\":\"16:00\"},{\"@type\":\"OpeningHoursSpecification\",\"dayOfWeek\":[\"Saturday\",\"Sunday\"],\"opens\":\"00:00\",\"closes\":\"00:00\"}],\"email\":\"myynti@hotelli03.domainhotelli.fi\",\"areaServed\":\"Suomi, Ruotsi\",\"vatID\":\"FI30178387\",\"priceRange\":\"$$\",\"currenciesAccepted\":\"\u20ac\",\"paymentAccepted\":\"Lasku, pankkikortti\"},{\"@type\":\"WebSite\",\"@id\":\"https:\/\/hotelli03.domainhotelli.fi\/~lsdoecli\/#website\",\"url\":\"https:\/\/hotelli03.domainhotelli.fi\/~lsdoecli\/\",\"name\":\"JV Tuonti\",\"description\":\"JV Tuonti Oy:n verkkokauppa\",\"publisher\":{\"@id\":\"https:\/\/hotelli03.domainhotelli.fi\/~lsdoecli\/#organization\"},\"potentialAction\":[{\"@type\":\"SearchAction\",\"target\":{\"@type\":\"EntryPoint\",\"urlTemplate\":\"https:\/\/hotelli03.domainhotelli.fi\/~lsdoecli\/?s={search_term_string}\"},\"query-input\":\"required name=search_term_string\"}],\"inLanguage\":\"fi\"},{\"@type\":\"ImageObject\",\"inLanguage\":\"fi\",\"@id\":\"https:\/\/hotelli03.domainhotelli.fi\/~lsdoecli\/tuote\/tyopuukko-morakniv-pro-c-safe-tylppa-turvakarki\/#primaryimage\",\"url\":\"https:\/\/hotelli03.domainhotelli.fi\/~lsdoecli\/wp-content\/uploads\/2021\/11\/Tyopuukko-Morakniv-Pro-C-Safe-tylppa-turvakarki.jpeg\",\"contentUrl\":\"https:\/\/hotelli03.domainhotelli.fi\/~lsdoecli\/wp-content\/uploads\/2021\/11\/Tyopuukko-Morakniv-Pro-C-Safe-tylppa-turvakarki.jpeg\",\"width\":600,\"height\":600,\"caption\":\"Ty\u00f6puukko Morakniv Pro C Safe tylpp\u00e4 turvak\u00e4rki\"},{\"@type\":\"WebPage\",\"@id\":\"https:\/\/hotelli03.domainhotelli.fi\/~lsdoecli\/tuote\/tyopuukko-morakniv-pro-c-safe-tylppa-turvakarki\/\",\"url\":\"https:\/\/hotelli03.domainhotelli.fi\/~lsdoecli\/tuote\/tyopuukko-morakniv-pro-c-safe-tylppa-turvakarki\/\",\"name\":\"Ty\u00f6puukko Morakniv Pro C Safe tylpp\u00e4 turvak\u00e4rki | JV Tuonti\",\"isPartOf\":{\"@id\":\"https:\/\/hotelli03.domainhotelli.fi\/~lsdoecli\/#website\"},\"primaryImageOfPage\":{\"@id\":\"https:\/\/hotelli03.domainhotelli.fi\/~lsdoecli\/tuote\/tyopuukko-morakniv-pro-c-safe-tylppa-turvakarki\/#primaryimage\"},\"datePublished\":\"2021-11-15T14:07:29+00:00\",\"dateModified\":\"2021-11-15T14:07:29+00:00\",\"description\":\"Ty\u00f6puukko Morakniv Pro C Safe tylpp\u00e4 turvak\u00e4rki on rakennusalan ja teollisuuden tarpeisiin suunniteltu uuden sukupolven ty\u00f6puukko.\",\"breadcrumb\":{\"@id\":\"https:\/\/hotelli03.domainhotelli.fi\/~lsdoecli\/tuote\/tyopuukko-morakniv-pro-c-safe-tylppa-turvakarki\/#breadcrumb\"},\"inLanguage\":\"fi\",\"potentialAction\":[{\"@type\":\"ReadAction\",\"target\":[\"https:\/\/hotelli03.domainhotelli.fi\/~lsdoecli\/tuote\/tyopuukko-morakniv-pro-c-safe-tylppa-turvakarki\/\"]}]},{\"@type\":\"BreadcrumbList\",\"@id\":\"https:\/\/hotelli03.domainhotelli.fi\/~lsdoecli\/tuote\/tyopuukko-morakniv-pro-c-safe-tylppa-turvakarki\/#breadcrumb\",\"itemListElement\":[{\"@type\":\"ListItem\",\"position\":1,\"name\":\"Etusivu\",\"item\":\"https:\/\/hotelli03.domainhotelli.fi\/~lsdoecli\/\"},{\"@type\":\"ListItem\",\"position\":2,\"name\":\"Kauppa\",\"item\":\"https:\/\/hotelli03.domainhotelli.fi\/~lsdoecli\/kauppa\/\"},{\"@type\":\"ListItem\",\"position\":3,\"name\":\"Ty\u00f6puukko Morakniv Pro C Safe tylpp\u00e4 turvak\u00e4rki\"}]},{\"@type\":\"PostalAddress\",\"@id\":\"https:\/\/hotelli03.domainhotelli.fi\/~lsdoecli\/tuote\/tyopuukko-morakniv-pro-c-safe-tylppa-turvakarki\/#local-main-place-address\",\"streetAddress\":\"Pyymosantie 5a\",\"addressLocality\":\"Vantaa\",\"postalCode\":\"01720\",\"addressCountry\":\"FI\"},{\"@type\":\"ImageObject\",\"inLanguage\":\"fi\",\"@id\":\"https:\/\/hotelli03.domainhotelli.fi\/~lsdoecli\/tuote\/tyopuukko-morakniv-pro-c-safe-tylppa-turvakarki\/#local-main-organization-logo\",\"url\":\"https:\/\/hotelli03.domainhotelli.fi\/~lsdoecli\/wp-content\/uploads\/2021\/08\/JVTuonti_logo_nelio.jpg\",\"contentUrl\":\"https:\/\/hotelli03.domainhotelli.fi\/~lsdoecli\/wp-content\/uploads\/2021\/08\/JVTuonti_logo_nelio.jpg\",\"width\":550,\"height\":550,\"caption\":\"JV Tuonti Oy\"}]}<\/script>\n<meta property=\"product:brand\" content=\"Morakniv\" \/>\n<meta property=\"product:price:amount\" content=\"9.92\" \/>\n<meta property=\"product:price:currency\" content=\"EUR\" \/>\n<meta property=\"og:availability\" content=\"instock\" \/>\n<meta property=\"product:availability\" content=\"instock\" \/>\n<meta property=\"product:retailer_item_id\" content=\"MK13076\" \/>\n<meta property=\"product:condition\" content=\"new\" \/>\n<meta name=\"geo.placename\" content=\"Vantaa\" \/>\n<meta name=\"geo.position\" content=\"60.28431;24.81654\" \/>\n<meta name=\"geo.region\" content=\"Suomi\" \/>\n<!-- \/ Yoast SEO Premium plugin. -->","yoast_head_json":{"title":"Ty\u00f6puukko Morakniv Pro C Safe tylpp\u00e4 turvak\u00e4rki | JV Tuonti","description":"Ty\u00f6puukko Morakniv Pro C Safe tylpp\u00e4 turvak\u00e4rki on rakennusalan ja teollisuuden tarpeisiin suunniteltu uuden sukupolven ty\u00f6puukko.","robots":{"index":"index","follow":"follow","max-snippet":"max-snippet:-1","max-image-preview":"max-image-preview:large","max-video-preview":"max-video-preview:-1"},"canonical":"https:\/\/hotelli03.domainhotelli.fi\/~lsdoecli\/tuote\/tyopuukko-morakniv-pro-c-safe-tylppa-turvakarki\/","og_locale":"fi_FI","og_type":"article","og_title":"Ty\u00f6puukko Morakniv Pro C Safe tylpp\u00e4 turvak\u00e4rki","og_description":"Ty\u00f6puukko Morakniv Pro C Safe tylpp\u00e4 turvak\u00e4rki on rakennusalan ja teollisuuden tarpeisiin suunniteltu uuden sukupolven ty\u00f6puukko.","og_url":"https:\/\/hotelli03.domainhotelli.fi\/~lsdoecli\/tuote\/tyopuukko-morakniv-pro-c-safe-tylppa-turvakarki\/","og_site_name":"JV Tuonti","article_publisher":"https:\/\/www.facebook.com\/JVTuontiOy","og_image":[{"width":600,"height":600,"url":"https:\/\/hotelli03.domainhotelli.fi\/~lsdoecli\/wp-content\/uploads\/2021\/11\/Tyopuukko-Morakniv-Pro-C-Safe-tylppa-turvakarki.jpeg","type":"image\/jpeg"}],"twitter_card":"summary_large_image","twitter_misc":{"Price":"9,92&nbsp;&euro; Alv 24%N\u00e4yt\u00e4 veroton hinta8,00&nbsp;&euro; Alv 0%N\u00e4yt\u00e4 verollinen hinta","Availability":"In stock"},"schema":{"@context":"https:\/\/schema.org","@graph":[{"@type":["Organization","Place","WholesaleStore"],"@id":"https:\/\/hotelli03.domainhotelli.fi\/~lsdoecli\/#organization","name":"JV Tuonti Oy","url":"https:\/\/hotelli03.domainhotelli.fi\/~lsdoecli\/","sameAs":["https:\/\/instagram.com\/jvtuontioy?utm_medium=copy_link","https:\/\/www.facebook.com\/JVTuontiOy"],"logo":{"@id":"https:\/\/hotelli03.domainhotelli.fi\/~lsdoecli\/tuote\/tyopuukko-morakniv-pro-c-safe-tylppa-turvakarki\/#local-main-organization-logo"},"image":{"@id":"https:\/\/hotelli03.domainhotelli.fi\/~lsdoecli\/tuote\/tyopuukko-morakniv-pro-c-safe-tylppa-turvakarki\/#local-main-organization-logo"},"address":{"@id":"https:\/\/hotelli03.domainhotelli.fi\/~lsdoecli\/tuote\/tyopuukko-morakniv-pro-c-safe-tylppa-turvakarki\/#local-main-place-address"},"geo":{"@type":"GeoCoordinates","latitude":"60.28431","longitude":"24.81654"},"telephone":["0408369980"],"openingHoursSpecification":[{"@type":"OpeningHoursSpecification","dayOfWeek":["Monday","Tuesday","Wednesday","Thursday","Friday"],"opens":"08:00","closes":"16:00"},{"@type":"OpeningHoursSpecification","dayOfWeek":["Saturday","Sunday"],"opens":"00:00","closes":"00:00"}],"email":"myynti@hotelli03.domainhotelli.fi","areaServed":"Suomi, Ruotsi","vatID":"FI30178387","priceRange":"$$","currenciesAccepted":"\u20ac","paymentAccepted":"Lasku, pankkikortti"},{"@type":"WebSite","@id":"https:\/\/hotelli03.domainhotelli.fi\/~lsdoecli\/#website","url":"https:\/\/hotelli03.domainhotelli.fi\/~lsdoecli\/","name":"JV Tuonti","description":"JV Tuonti Oy:n verkkokauppa","publisher":{"@id":"https:\/\/hotelli03.domainhotelli.fi\/~lsdoecli\/#organization"},"potentialAction":[{"@type":"SearchAction","target":{"@type":"EntryPoint","urlTemplate":"https:\/\/hotelli03.domainhotelli.fi\/~lsdoecli\/?s={search_term_string}"},"query-input":"required name=search_term_string"}],"inLanguage":"fi"},{"@type":"ImageObject","inLanguage":"fi","@id":"https:\/\/hotelli03.domainhotelli.fi\/~lsdoecli\/tuote\/tyopuukko-morakniv-pro-c-safe-tylppa-turvakarki\/#primaryimage","url":"https:\/\/hotelli03.domainhotelli.fi\/~lsdoecli\/wp-content\/uploads\/2021\/11\/Tyopuukko-Morakniv-Pro-C-Safe-tylppa-turvakarki.jpeg","contentUrl":"https:\/\/hotelli03.domainhotelli.fi\/~lsdoecli\/wp-content\/uploads\/2021\/11\/Tyopuukko-Morakniv-Pro-C-Safe-tylppa-turvakarki.jpeg","width":600,"height":600,"caption":"Ty\u00f6puukko Morakniv Pro C Safe tylpp\u00e4 turvak\u00e4rki"},{"@type":"WebPage","@id":"https:\/\/hotelli03.domainhotelli.fi\/~lsdoecli\/tuote\/tyopuukko-morakniv-pro-c-safe-tylppa-turvakarki\/","url":"https:\/\/hotelli03.domainhotelli.fi\/~lsdoecli\/tuote\/tyopuukko-morakniv-pro-c-safe-tylppa-turvakarki\/","name":"Ty\u00f6puukko Morakniv Pro C Safe tylpp\u00e4 turvak\u00e4rki | JV Tuonti","isPartOf":{"@id":"https:\/\/hotelli03.domainhotelli.fi\/~lsdoecli\/#website"},"primaryImageOfPage":{"@id":"https:\/\/hotelli03.domainhotelli.fi\/~lsdoecli\/tuote\/tyopuukko-morakniv-pro-c-safe-tylppa-turvakarki\/#primaryimage"},"datePublished":"2021-11-15T14:07:29+00:00","dateModified":"2021-11-15T14:07:29+00:00","description":"Ty\u00f6puukko Morakniv Pro C Safe tylpp\u00e4 turvak\u00e4rki on rakennusalan ja teollisuuden tarpeisiin suunniteltu uuden sukupolven ty\u00f6puukko.","breadcrumb":{"@id":"https:\/\/hotelli03.domainhotelli.fi\/~lsdoecli\/tuote\/tyopuukko-morakniv-pro-c-safe-tylppa-turvakarki\/#breadcrumb"},"inLanguage":"fi","potentialAction":[{"@type":"ReadAction","target":["https:\/\/hotelli03.domainhotelli.fi\/~lsdoecli\/tuote\/tyopuukko-morakniv-pro-c-safe-tylppa-turvakarki\/"]}]},{"@type":"BreadcrumbList","@id":"https:\/\/hotelli03.domainhotelli.fi\/~lsdoecli\/tuote\/tyopuukko-morakniv-pro-c-safe-tylppa-turvakarki\/#breadcrumb","itemListElement":[{"@type":"ListItem","position":1,"name":"Etusivu","item":"https:\/\/hotelli03.domainhotelli.fi\/~lsdoecli\/"},{"@type":"ListItem","position":2,"name":"Kauppa","item":"https:\/\/hotelli03.domainhotelli.fi\/~lsdoecli\/kauppa\/"},{"@type":"ListItem","position":3,"name":"Ty\u00f6puukko Morakniv Pro C Safe tylpp\u00e4 turvak\u00e4rki"}]},{"@type":"PostalAddress","@id":"https:\/\/hotelli03.domainhotelli.fi\/~lsdoecli\/tuote\/tyopuukko-morakniv-pro-c-safe-tylppa-turvakarki\/#local-main-place-address","streetAddress":"Pyymosantie 5a","addressLocality":"Vantaa","postalCode":"01720","addressCountry":"FI"},{"@type":"ImageObject","inLanguage":"fi","@id":"https:\/\/hotelli03.domainhotelli.fi\/~lsdoecli\/tuote\/tyopuukko-morakniv-pro-c-safe-tylppa-turvakarki\/#local-main-organization-logo","url":"https:\/\/hotelli03.domainhotelli.fi\/~lsdoecli\/wp-content\/uploads\/2021\/08\/JVTuonti_logo_nelio.jpg","contentUrl":"https:\/\/hotelli03.domainhotelli.fi\/~lsdoecli\/wp-content\/uploads\/2021\/08\/JVTuonti_logo_nelio.jpg","width":550,"height":550,"caption":"JV Tuonti Oy"}]},"product_brand":"Morakniv","product_price_amount":"9.92","product_price_currency":"EUR","og_availability":"instock","product_availability":"instock","product_retailer_item_id":"MK13076","product_condition":"new","geo.placename":"Vantaa","geo.position":{"lat":"60.28431","long":"24.81654"},"geo.region":"Suomi"},"_links":{"self":[{"href":"https:\/\/hotelli03.domainhotelli.fi\/~lsdoecli\/wp-json\/wp\/v2\/product\/8500"}],"collection":[{"href":"https:\/\/hotelli03.domainhotelli.fi\/~lsdoecli\/wp-json\/wp\/v2\/product"}],"about":[{"href":"https:\/\/hotelli03.domainhotelli.fi\/~lsdoecli\/wp-json\/wp\/v2\/types\/product"}],"replies":[{"embeddable":true,"href":"https:\/\/hotelli03.domainhotelli.fi\/~lsdoecli\/wp-json\/wp\/v2\/comments?post=8500"}],"wp:featuredmedia":[{"embeddable":true,"href":"https:\/\/hotelli03.domainhotelli.fi\/~lsdoecli\/wp-json\/wp\/v2\/media\/8501"}],"wp:attachment":[{"href":"https:\/\/hotelli03.domainhotelli.fi\/~lsdoecli\/wp-json\/wp\/v2\/media?parent=8500"}],"wp:term":[{"taxonomy":"product_cat","embeddable":true,"href":"https:\/\/hotelli03.domainhotelli.fi\/~lsdoecli\/wp-json\/wp\/v2\/product_cat?post=8500"},{"taxonomy":"product_tag","embeddable":true,"href":"https:\/\/hotelli03.domainhotelli.fi\/~lsdoecli\/wp-json\/wp\/v2\/product_tag?post=8500"}],"curies":[{"name":"wp","href":"https:\/\/api.w.org\/{rel}","templated":true}]}}