{"id":8473,"date":"2021-11-15T12:06:09","date_gmt":"2021-11-15T12:06:09","guid":{"rendered":"https:\/\/hotelli03.domainhotelli.fi\/~lsdoecli\/?post_type=product&#038;p=8473"},"modified":"2021-11-15T12:06:10","modified_gmt":"2021-11-15T12:06:10","slug":"kelautuva-turvatarrain-ikar-flexible-55m","status":"publish","type":"product","link":"https:\/\/hotelli03.domainhotelli.fi\/~lsdoecli\/tuote\/kelautuva-turvatarrain-ikar-flexible-55m\/","title":{"rendered":"Kelautuva turvatarrain Ikar Flexible 5,5m"},"content":{"rendered":"<h2>5,5 m turvatarrain integroidulla nyk\u00e4yksenvaimentimella, pys\u00e4ytt\u00e4\u00e4 putoamisen ja pehment\u00e4\u00e4 nyk\u00e4ysvoimia.<\/h2>\n<p>Kelautuva turvatarrain Ikar Flexible 5,5m on automaattisesti sis\u00e4\u00e4n kelautuva, kiertymisen est\u00e4v\u00e4 leikarikiinnitys. Toimii kaikissa asennoissa.<\/p>\n<p>Soveltuu my\u00f6s ter\u00e4vien reunusten yli k\u00e4ytt\u00f6\u00f6n (s\u00e4de=0,5 mm): valssatuille ter\u00e4sprofiileille, puupalkeille ja verhoillun py\u00f6ristetyn kattoreunuksen yli jne. HUOM! Hihnalla varustetut tarraimet eiv\u00e4t kuitenkaan sellaisenaan sovellu olosuhteisiin, joissa reuna on eritt\u00e4in ter\u00e4v\u00e4 tai ep\u00e4tasainen (purseellinen) eli esim. ontelolaatoille, valubetonille, ter\u00e4ville peltirakenteille jne. Tutustu aina k\u00e4ytt\u00f6ohjeisiin. K\u00e4ytt\u00e4j\u00e4n alta vaadittava turvaet\u00e4isyys poikkeuksellisen lyhyt: K\u00e4ytt\u00e4j\u00e4n yl\u00e4puolelle kiinnitettyn\u00e4 2m ja ty\u00f6skentelytasoon kiinnitettyn\u00e4 3,8 m.<\/p>\n<h4>Kelautuva turvatarrain Ikar Flexible 5,5m tekniset tiedot:<\/h4>\n<ul>\n<li>Kuori iskunkest\u00e4v\u00e4\u00e4 muovia, liitoselin nauha.<\/li>\n<li>Nauha varustettu automaattisesti lukkiutuvalla liitoskarabiinilla.<\/li>\n<li>Tarkastustoiminta nopeasti Suomessa.<\/li>\n<li>Paino 1,5 kg.<\/li>\n<li>Ulkomitat: 300x130x78 mm.<\/li>\n<li>CE DIN EN 360.<\/li>\n<li>K\u00e4ytt\u00f6ik\u00e4 10 vuotta.<\/li>\n<\/ul>\n<p><a href=\"https:\/\/hotelli03.domainhotelli.fi\/~lsdoecli\/wp-content\/uploads\/2021\/11\/Sharp_Edge_Resistant_logo.jpeg\"><img loading=\"lazy\" class=\"alignnone size-medium wp-image-8478\" src=\"https:\/\/hotelli03.domainhotelli.fi\/~lsdoecli\/wp-content\/uploads\/2021\/11\/Sharp_Edge_Resistant_logo-300x300.jpeg\" alt=\"\" width=\"300\" height=\"300\" \/><\/a><\/p>\n<p><a href=\"https:\/\/hotelli03.domainhotelli.fi\/~lsdoecli\/tuote-osasto\/putoamissuojaimet\/\">Katso my\u00f6s muut putoamissuojaimet ja varusteet t\u00e4st\u00e4!\u00a0<\/a><\/p>\n<p>&nbsp;<\/p>\n<p>Maahantuoja: <a href=\"https:\/\/www.vandernet.com\">Vandernet Oy<\/a><\/p>\n<p>&nbsp;<\/p>\n","protected":false},"excerpt":{"rendered":"<h4>5,5 m turvatarrain integroidulla nyk\u00e4yksenvaimentimella, pys\u00e4ytt\u00e4\u00e4 putoamisen ja pehment\u00e4\u00e4 nyk\u00e4ysvoimia.<\/h4>\n<p>Kelautuva turvatarrain Ikar Flexible 5,5m on automaattisesti sis\u00e4\u00e4n kelautuva, kiertymisen est\u00e4v\u00e4 leikarikiinnitys. Toimii kaikissa asennoissa.<\/p>\n","protected":false},"featured_media":8476,"comment_status":"open","ping_status":"closed","template":"","meta":[],"product_cat":[460],"product_tag":[945,944,946],"yoast_head":"<!-- This site is optimized with the Yoast SEO Premium plugin v18.9 (Yoast SEO v19.3) - https:\/\/yoast.com\/wordpress\/plugins\/seo\/ -->\n<title>Kelautuva turvatarrain Ikar Flexible 5,5m | JV Tuonti<\/title>\n<meta name=\"description\" content=\"Kelautuva turvatarrain Ikar Flexible 5,5m on automaattisesti sis\u00e4\u00e4n kelautuva, kiertymisen est\u00e4v\u00e4 leikarikiinnitys. Tilaa t\u00e4st\u00e4!\" \/>\n<meta name=\"robots\" content=\"index, follow, max-snippet:-1, max-image-preview:large, max-video-preview:-1\" \/>\n<link rel=\"canonical\" href=\"https:\/\/hotelli03.domainhotelli.fi\/~lsdoecli\/tuote\/kelautuva-turvatarrain-ikar-flexible-55m\/\" \/>\n<meta property=\"og:locale\" content=\"fi_FI\" \/>\n<meta property=\"og:type\" content=\"article\" \/>\n<meta property=\"og:title\" content=\"Kelautuva turvatarrain Ikar Flexible 5,5m\" \/>\n<meta property=\"og:description\" content=\"Kelautuva turvatarrain Ikar Flexible 5,5m on automaattisesti sis\u00e4\u00e4n kelautuva, kiertymisen est\u00e4v\u00e4 leikarikiinnitys. Tilaa t\u00e4st\u00e4!\" \/>\n<meta property=\"og:url\" content=\"https:\/\/hotelli03.domainhotelli.fi\/~lsdoecli\/tuote\/kelautuva-turvatarrain-ikar-flexible-55m\/\" \/>\n<meta property=\"og:site_name\" content=\"JV Tuonti\" \/>\n<meta property=\"article:publisher\" content=\"https:\/\/www.facebook.com\/JVTuontiOy\" \/>\n<meta property=\"article:modified_time\" content=\"2021-11-15T12:06:10+00:00\" \/>\n<meta property=\"og:image\" content=\"https:\/\/hotelli03.domainhotelli.fi\/~lsdoecli\/wp-content\/uploads\/2021\/11\/Kelautuva-turvatarrain-Ikar-Flexible-55m.jpeg\" \/>\n\t<meta property=\"og:image:width\" content=\"600\" \/>\n\t<meta property=\"og:image:height\" content=\"600\" \/>\n\t<meta property=\"og:image:type\" content=\"image\/jpeg\" \/>\n<meta name=\"twitter:card\" content=\"summary_large_image\" \/>\n<meta name=\"twitter:label1\" content=\"Price\" \/>\n\t<meta name=\"twitter:data1\" content=\"484,84&nbsp;&euro; Alv 24%N\u00e4yt\u00e4 veroton hinta391,00&nbsp;&euro; Alv 0%N\u00e4yt\u00e4 verollinen hinta\" \/>\n\t<meta name=\"twitter:label2\" content=\"Availability\" \/>\n\t<meta name=\"twitter:data2\" content=\"In stock\" \/>\n<script type=\"application\/ld+json\" class=\"yoast-schema-graph\">{\"@context\":\"https:\/\/schema.org\",\"@graph\":[{\"@type\":[\"Organization\",\"Place\",\"WholesaleStore\"],\"@id\":\"https:\/\/hotelli03.domainhotelli.fi\/~lsdoecli\/#organization\",\"name\":\"JV Tuonti Oy\",\"url\":\"https:\/\/hotelli03.domainhotelli.fi\/~lsdoecli\/\",\"sameAs\":[\"https:\/\/instagram.com\/jvtuontioy?utm_medium=copy_link\",\"https:\/\/www.facebook.com\/JVTuontiOy\"],\"logo\":{\"@id\":\"https:\/\/hotelli03.domainhotelli.fi\/~lsdoecli\/tuote\/kelautuva-turvatarrain-ikar-flexible-55m\/#local-main-organization-logo\"},\"image\":{\"@id\":\"https:\/\/hotelli03.domainhotelli.fi\/~lsdoecli\/tuote\/kelautuva-turvatarrain-ikar-flexible-55m\/#local-main-organization-logo\"},\"address\":{\"@id\":\"https:\/\/hotelli03.domainhotelli.fi\/~lsdoecli\/tuote\/kelautuva-turvatarrain-ikar-flexible-55m\/#local-main-place-address\"},\"geo\":{\"@type\":\"GeoCoordinates\",\"latitude\":\"60.28431\",\"longitude\":\"24.81654\"},\"telephone\":[\"0408369980\"],\"openingHoursSpecification\":[{\"@type\":\"OpeningHoursSpecification\",\"dayOfWeek\":[\"Monday\",\"Tuesday\",\"Wednesday\",\"Thursday\",\"Friday\"],\"opens\":\"08:00\",\"closes\":\"16:00\"},{\"@type\":\"OpeningHoursSpecification\",\"dayOfWeek\":[\"Saturday\",\"Sunday\"],\"opens\":\"00:00\",\"closes\":\"00:00\"}],\"email\":\"myynti@hotelli03.domainhotelli.fi\",\"areaServed\":\"Suomi, Ruotsi\",\"vatID\":\"FI30178387\",\"priceRange\":\"$$\",\"currenciesAccepted\":\"\u20ac\",\"paymentAccepted\":\"Lasku, pankkikortti\"},{\"@type\":\"WebSite\",\"@id\":\"https:\/\/hotelli03.domainhotelli.fi\/~lsdoecli\/#website\",\"url\":\"https:\/\/hotelli03.domainhotelli.fi\/~lsdoecli\/\",\"name\":\"JV Tuonti\",\"description\":\"JV Tuonti Oy:n verkkokauppa\",\"publisher\":{\"@id\":\"https:\/\/hotelli03.domainhotelli.fi\/~lsdoecli\/#organization\"},\"potentialAction\":[{\"@type\":\"SearchAction\",\"target\":{\"@type\":\"EntryPoint\",\"urlTemplate\":\"https:\/\/hotelli03.domainhotelli.fi\/~lsdoecli\/?s={search_term_string}\"},\"query-input\":\"required name=search_term_string\"}],\"inLanguage\":\"fi\"},{\"@type\":\"ImageObject\",\"inLanguage\":\"fi\",\"@id\":\"https:\/\/hotelli03.domainhotelli.fi\/~lsdoecli\/tuote\/kelautuva-turvatarrain-ikar-flexible-55m\/#primaryimage\",\"url\":\"https:\/\/hotelli03.domainhotelli.fi\/~lsdoecli\/wp-content\/uploads\/2021\/11\/Kelautuva-turvatarrain-Ikar-Flexible-55m.jpeg\",\"contentUrl\":\"https:\/\/hotelli03.domainhotelli.fi\/~lsdoecli\/wp-content\/uploads\/2021\/11\/Kelautuva-turvatarrain-Ikar-Flexible-55m.jpeg\",\"width\":600,\"height\":600,\"caption\":\"Kelautuva turvatarrain Ikar Flexible 5,5m\"},{\"@type\":\"WebPage\",\"@id\":\"https:\/\/hotelli03.domainhotelli.fi\/~lsdoecli\/tuote\/kelautuva-turvatarrain-ikar-flexible-55m\/\",\"url\":\"https:\/\/hotelli03.domainhotelli.fi\/~lsdoecli\/tuote\/kelautuva-turvatarrain-ikar-flexible-55m\/\",\"name\":\"Kelautuva turvatarrain Ikar Flexible 5,5m | JV Tuonti\",\"isPartOf\":{\"@id\":\"https:\/\/hotelli03.domainhotelli.fi\/~lsdoecli\/#website\"},\"primaryImageOfPage\":{\"@id\":\"https:\/\/hotelli03.domainhotelli.fi\/~lsdoecli\/tuote\/kelautuva-turvatarrain-ikar-flexible-55m\/#primaryimage\"},\"datePublished\":\"2021-11-15T12:06:09+00:00\",\"dateModified\":\"2021-11-15T12:06:10+00:00\",\"description\":\"Kelautuva turvatarrain Ikar Flexible 5,5m on automaattisesti sis\u00e4\u00e4n kelautuva, kiertymisen est\u00e4v\u00e4 leikarikiinnitys. Tilaa t\u00e4st\u00e4!\",\"breadcrumb\":{\"@id\":\"https:\/\/hotelli03.domainhotelli.fi\/~lsdoecli\/tuote\/kelautuva-turvatarrain-ikar-flexible-55m\/#breadcrumb\"},\"inLanguage\":\"fi\",\"potentialAction\":[{\"@type\":\"ReadAction\",\"target\":[\"https:\/\/hotelli03.domainhotelli.fi\/~lsdoecli\/tuote\/kelautuva-turvatarrain-ikar-flexible-55m\/\"]}]},{\"@type\":\"BreadcrumbList\",\"@id\":\"https:\/\/hotelli03.domainhotelli.fi\/~lsdoecli\/tuote\/kelautuva-turvatarrain-ikar-flexible-55m\/#breadcrumb\",\"itemListElement\":[{\"@type\":\"ListItem\",\"position\":1,\"name\":\"Etusivu\",\"item\":\"https:\/\/hotelli03.domainhotelli.fi\/~lsdoecli\/\"},{\"@type\":\"ListItem\",\"position\":2,\"name\":\"Kauppa\",\"item\":\"https:\/\/hotelli03.domainhotelli.fi\/~lsdoecli\/kauppa\/\"},{\"@type\":\"ListItem\",\"position\":3,\"name\":\"Kelautuva turvatarrain Ikar Flexible 5,5m\"}]},{\"@type\":\"PostalAddress\",\"@id\":\"https:\/\/hotelli03.domainhotelli.fi\/~lsdoecli\/tuote\/kelautuva-turvatarrain-ikar-flexible-55m\/#local-main-place-address\",\"streetAddress\":\"Pyymosantie 5a\",\"addressLocality\":\"Vantaa\",\"postalCode\":\"01720\",\"addressCountry\":\"FI\"},{\"@type\":\"ImageObject\",\"inLanguage\":\"fi\",\"@id\":\"https:\/\/hotelli03.domainhotelli.fi\/~lsdoecli\/tuote\/kelautuva-turvatarrain-ikar-flexible-55m\/#local-main-organization-logo\",\"url\":\"https:\/\/hotelli03.domainhotelli.fi\/~lsdoecli\/wp-content\/uploads\/2021\/08\/JVTuonti_logo_nelio.jpg\",\"contentUrl\":\"https:\/\/hotelli03.domainhotelli.fi\/~lsdoecli\/wp-content\/uploads\/2021\/08\/JVTuonti_logo_nelio.jpg\",\"width\":550,\"height\":550,\"caption\":\"JV Tuonti Oy\"}]}<\/script>\n<meta property=\"product:brand\" content=\"Ikar\" \/>\n<meta property=\"product:price:amount\" content=\"484.84\" \/>\n<meta property=\"product:price:currency\" content=\"EUR\" \/>\n<meta property=\"og:availability\" content=\"instock\" \/>\n<meta property=\"product:availability\" content=\"instock\" \/>\n<meta property=\"product:retailer_item_id\" content=\"41-HWPB 5,5\" \/>\n<meta property=\"product:condition\" content=\"new\" \/>\n<meta name=\"geo.placename\" content=\"Vantaa\" \/>\n<meta name=\"geo.position\" content=\"60.28431;24.81654\" \/>\n<meta name=\"geo.region\" content=\"Suomi\" \/>\n<!-- \/ Yoast SEO Premium plugin. -->","yoast_head_json":{"title":"Kelautuva turvatarrain Ikar Flexible 5,5m | JV Tuonti","description":"Kelautuva turvatarrain Ikar Flexible 5,5m on automaattisesti sis\u00e4\u00e4n kelautuva, kiertymisen est\u00e4v\u00e4 leikarikiinnitys. Tilaa t\u00e4st\u00e4!","robots":{"index":"index","follow":"follow","max-snippet":"max-snippet:-1","max-image-preview":"max-image-preview:large","max-video-preview":"max-video-preview:-1"},"canonical":"https:\/\/hotelli03.domainhotelli.fi\/~lsdoecli\/tuote\/kelautuva-turvatarrain-ikar-flexible-55m\/","og_locale":"fi_FI","og_type":"article","og_title":"Kelautuva turvatarrain Ikar Flexible 5,5m","og_description":"Kelautuva turvatarrain Ikar Flexible 5,5m on automaattisesti sis\u00e4\u00e4n kelautuva, kiertymisen est\u00e4v\u00e4 leikarikiinnitys. Tilaa t\u00e4st\u00e4!","og_url":"https:\/\/hotelli03.domainhotelli.fi\/~lsdoecli\/tuote\/kelautuva-turvatarrain-ikar-flexible-55m\/","og_site_name":"JV Tuonti","article_publisher":"https:\/\/www.facebook.com\/JVTuontiOy","article_modified_time":"2021-11-15T12:06:10+00:00","og_image":[{"width":600,"height":600,"url":"https:\/\/hotelli03.domainhotelli.fi\/~lsdoecli\/wp-content\/uploads\/2021\/11\/Kelautuva-turvatarrain-Ikar-Flexible-55m.jpeg","type":"image\/jpeg"}],"twitter_card":"summary_large_image","twitter_misc":{"Price":"484,84&nbsp;&euro; Alv 24%N\u00e4yt\u00e4 veroton hinta391,00&nbsp;&euro; Alv 0%N\u00e4yt\u00e4 verollinen hinta","Availability":"In stock"},"schema":{"@context":"https:\/\/schema.org","@graph":[{"@type":["Organization","Place","WholesaleStore"],"@id":"https:\/\/hotelli03.domainhotelli.fi\/~lsdoecli\/#organization","name":"JV Tuonti Oy","url":"https:\/\/hotelli03.domainhotelli.fi\/~lsdoecli\/","sameAs":["https:\/\/instagram.com\/jvtuontioy?utm_medium=copy_link","https:\/\/www.facebook.com\/JVTuontiOy"],"logo":{"@id":"https:\/\/hotelli03.domainhotelli.fi\/~lsdoecli\/tuote\/kelautuva-turvatarrain-ikar-flexible-55m\/#local-main-organization-logo"},"image":{"@id":"https:\/\/hotelli03.domainhotelli.fi\/~lsdoecli\/tuote\/kelautuva-turvatarrain-ikar-flexible-55m\/#local-main-organization-logo"},"address":{"@id":"https:\/\/hotelli03.domainhotelli.fi\/~lsdoecli\/tuote\/kelautuva-turvatarrain-ikar-flexible-55m\/#local-main-place-address"},"geo":{"@type":"GeoCoordinates","latitude":"60.28431","longitude":"24.81654"},"telephone":["0408369980"],"openingHoursSpecification":[{"@type":"OpeningHoursSpecification","dayOfWeek":["Monday","Tuesday","Wednesday","Thursday","Friday"],"opens":"08:00","closes":"16:00"},{"@type":"OpeningHoursSpecification","dayOfWeek":["Saturday","Sunday"],"opens":"00:00","closes":"00:00"}],"email":"myynti@hotelli03.domainhotelli.fi","areaServed":"Suomi, Ruotsi","vatID":"FI30178387","priceRange":"$$","currenciesAccepted":"\u20ac","paymentAccepted":"Lasku, pankkikortti"},{"@type":"WebSite","@id":"https:\/\/hotelli03.domainhotelli.fi\/~lsdoecli\/#website","url":"https:\/\/hotelli03.domainhotelli.fi\/~lsdoecli\/","name":"JV Tuonti","description":"JV Tuonti Oy:n verkkokauppa","publisher":{"@id":"https:\/\/hotelli03.domainhotelli.fi\/~lsdoecli\/#organization"},"potentialAction":[{"@type":"SearchAction","target":{"@type":"EntryPoint","urlTemplate":"https:\/\/hotelli03.domainhotelli.fi\/~lsdoecli\/?s={search_term_string}"},"query-input":"required name=search_term_string"}],"inLanguage":"fi"},{"@type":"ImageObject","inLanguage":"fi","@id":"https:\/\/hotelli03.domainhotelli.fi\/~lsdoecli\/tuote\/kelautuva-turvatarrain-ikar-flexible-55m\/#primaryimage","url":"https:\/\/hotelli03.domainhotelli.fi\/~lsdoecli\/wp-content\/uploads\/2021\/11\/Kelautuva-turvatarrain-Ikar-Flexible-55m.jpeg","contentUrl":"https:\/\/hotelli03.domainhotelli.fi\/~lsdoecli\/wp-content\/uploads\/2021\/11\/Kelautuva-turvatarrain-Ikar-Flexible-55m.jpeg","width":600,"height":600,"caption":"Kelautuva turvatarrain Ikar Flexible 5,5m"},{"@type":"WebPage","@id":"https:\/\/hotelli03.domainhotelli.fi\/~lsdoecli\/tuote\/kelautuva-turvatarrain-ikar-flexible-55m\/","url":"https:\/\/hotelli03.domainhotelli.fi\/~lsdoecli\/tuote\/kelautuva-turvatarrain-ikar-flexible-55m\/","name":"Kelautuva turvatarrain Ikar Flexible 5,5m | JV Tuonti","isPartOf":{"@id":"https:\/\/hotelli03.domainhotelli.fi\/~lsdoecli\/#website"},"primaryImageOfPage":{"@id":"https:\/\/hotelli03.domainhotelli.fi\/~lsdoecli\/tuote\/kelautuva-turvatarrain-ikar-flexible-55m\/#primaryimage"},"datePublished":"2021-11-15T12:06:09+00:00","dateModified":"2021-11-15T12:06:10+00:00","description":"Kelautuva turvatarrain Ikar Flexible 5,5m on automaattisesti sis\u00e4\u00e4n kelautuva, kiertymisen est\u00e4v\u00e4 leikarikiinnitys. Tilaa t\u00e4st\u00e4!","breadcrumb":{"@id":"https:\/\/hotelli03.domainhotelli.fi\/~lsdoecli\/tuote\/kelautuva-turvatarrain-ikar-flexible-55m\/#breadcrumb"},"inLanguage":"fi","potentialAction":[{"@type":"ReadAction","target":["https:\/\/hotelli03.domainhotelli.fi\/~lsdoecli\/tuote\/kelautuva-turvatarrain-ikar-flexible-55m\/"]}]},{"@type":"BreadcrumbList","@id":"https:\/\/hotelli03.domainhotelli.fi\/~lsdoecli\/tuote\/kelautuva-turvatarrain-ikar-flexible-55m\/#breadcrumb","itemListElement":[{"@type":"ListItem","position":1,"name":"Etusivu","item":"https:\/\/hotelli03.domainhotelli.fi\/~lsdoecli\/"},{"@type":"ListItem","position":2,"name":"Kauppa","item":"https:\/\/hotelli03.domainhotelli.fi\/~lsdoecli\/kauppa\/"},{"@type":"ListItem","position":3,"name":"Kelautuva turvatarrain Ikar Flexible 5,5m"}]},{"@type":"PostalAddress","@id":"https:\/\/hotelli03.domainhotelli.fi\/~lsdoecli\/tuote\/kelautuva-turvatarrain-ikar-flexible-55m\/#local-main-place-address","streetAddress":"Pyymosantie 5a","addressLocality":"Vantaa","postalCode":"01720","addressCountry":"FI"},{"@type":"ImageObject","inLanguage":"fi","@id":"https:\/\/hotelli03.domainhotelli.fi\/~lsdoecli\/tuote\/kelautuva-turvatarrain-ikar-flexible-55m\/#local-main-organization-logo","url":"https:\/\/hotelli03.domainhotelli.fi\/~lsdoecli\/wp-content\/uploads\/2021\/08\/JVTuonti_logo_nelio.jpg","contentUrl":"https:\/\/hotelli03.domainhotelli.fi\/~lsdoecli\/wp-content\/uploads\/2021\/08\/JVTuonti_logo_nelio.jpg","width":550,"height":550,"caption":"JV Tuonti Oy"}]},"product_brand":"Ikar","product_price_amount":"484.84","product_price_currency":"EUR","og_availability":"instock","product_availability":"instock","product_retailer_item_id":"41-HWPB 5,5","product_condition":"new","geo.placename":"Vantaa","geo.position":{"lat":"60.28431","long":"24.81654"},"geo.region":"Suomi"},"_links":{"self":[{"href":"https:\/\/hotelli03.domainhotelli.fi\/~lsdoecli\/wp-json\/wp\/v2\/product\/8473"}],"collection":[{"href":"https:\/\/hotelli03.domainhotelli.fi\/~lsdoecli\/wp-json\/wp\/v2\/product"}],"about":[{"href":"https:\/\/hotelli03.domainhotelli.fi\/~lsdoecli\/wp-json\/wp\/v2\/types\/product"}],"replies":[{"embeddable":true,"href":"https:\/\/hotelli03.domainhotelli.fi\/~lsdoecli\/wp-json\/wp\/v2\/comments?post=8473"}],"wp:featuredmedia":[{"embeddable":true,"href":"https:\/\/hotelli03.domainhotelli.fi\/~lsdoecli\/wp-json\/wp\/v2\/media\/8476"}],"wp:attachment":[{"href":"https:\/\/hotelli03.domainhotelli.fi\/~lsdoecli\/wp-json\/wp\/v2\/media?parent=8473"}],"wp:term":[{"taxonomy":"product_cat","embeddable":true,"href":"https:\/\/hotelli03.domainhotelli.fi\/~lsdoecli\/wp-json\/wp\/v2\/product_cat?post=8473"},{"taxonomy":"product_tag","embeddable":true,"href":"https:\/\/hotelli03.domainhotelli.fi\/~lsdoecli\/wp-json\/wp\/v2\/product_tag?post=8473"}],"curies":[{"name":"wp","href":"https:\/\/api.w.org\/{rel}","templated":true}]}}