{"id":8464,"date":"2021-11-15T11:03:09","date_gmt":"2021-11-15T11:03:09","guid":{"rendered":"https:\/\/hotelli03.domainhotelli.fi\/~lsdoecli\/?post_type=product&#038;p=8464"},"modified":"2021-11-15T11:03:09","modified_gmt":"2021-11-15T11:03:09","slug":"nostokoritarrain-ikar-acb-18m","status":"publish","type":"product","link":"https:\/\/hotelli03.domainhotelli.fi\/~lsdoecli\/tuote\/nostokoritarrain-ikar-acb-18m\/","title":{"rendered":"Nostokoritarrain Ikar ACB 1,8m"},"content":{"rendered":"<h2>1,8 m turvatarrain integroidulla nyk\u00e4yksenvaimentimella nostokorik\u00e4ytt\u00f6\u00f6n.<\/h2>\n<p>Nostokoritarrain Ikar ACB 1,8m on suunniteltu erityisesti kaikenlaisilla liikuteltavilla alustoilla ty\u00f6skentelyyn: Testattu &#8221;double&#8221; sharp edge -mukaisesti kaiteen molempien ter\u00e4vien (s\u00e4de=0,5mm) reunojen yli. Pys\u00e4ytt\u00e4\u00e4 putoamisen ja pehment\u00e4\u00e4 nostokorin ankkuripisteeseen kohdistuvat nyk\u00e4ysvoimat useiden nostokorivalmistajien suositusten mukaisesti alle 3 kN:iin.<\/p>\n<ul>\n<li>Automaattisesti sis\u00e4\u00e4n kelautuva.<\/li>\n<li>Kiertymisen est\u00e4v\u00e4 leikarikiinnitys.<\/li>\n<li>Voidaan k\u00e4ytt\u00e4\u00e4 kaikissa asennoissa.<\/li>\n<\/ul>\n<p>Soveltuu my\u00f6s muiden ter\u00e4vien reunusten yli k\u00e4ytt\u00f6\u00f6n: valssatuille ter\u00e4sprofiileille, puupalkeille ja verhoillun py\u00f6ristetyn kattoreunuksen yli jne. HUOM! Hihnalla varustetut tarraimet eiv\u00e4t kuitenkaan sellaisenaan sovellu olosuhteisiin, joissa reuna on eritt\u00e4in ter\u00e4v\u00e4 tai ep\u00e4tasainen (purseellinen) eli esim. ontelolaatoille, valubetonille, ter\u00e4ville peltirakenteille jne. Tutustu aina k\u00e4ytt\u00f6ohjeisiin.<\/p>\n<p>K\u00e4ytt\u00e4j\u00e4n alta vaadittava turvaet\u00e4isyys poikkeuksellisen lyhyt: K\u00e4ytt\u00e4j\u00e4n yl\u00e4puolelle kiinnitettyn\u00e4 2 m ja ty\u00f6skentelytasoon kiinnitettyn\u00e4 3,9-4,0m (lue k\u00e4ytt\u00f6ohjeet).<\/p>\n<h4>Nostokoritarrain Ikar ACB 1,8m tekniset tiedot:<\/h4>\n<ul>\n<li>Kuori alumiinia, liitoselin PES\/Dyneemanauha.<\/li>\n<li>Nauha varustettu automaattisesti lukkiutuvalla alumiinisella liitoskarabiinilla.<\/li>\n<li>Pituus 1,8 m ja lis\u00e4ksi voidaan tarvittaessa k\u00e4ytt\u00e4\u00e4 valjaan p\u00e4\u00e4ss\u00e4 40 cm liitoshihnaa laajentamaan liikkumisaluetta (tuotenro 45-IK 6 B 40 R).<\/li>\n<li>K\u00e4ytt\u00e4j\u00e4n maksimipaino varusteineen 136 kg.<\/li>\n<li>Tarkastustoiminta nopeasti Suomessa.<\/li>\n<li>Paino 0,96 kg.<\/li>\n<li>Ulkomitat: 240 x 84 x 61 mm.<\/li>\n<li>Laaja k\u00e4ytt\u00f6l\u00e4mp\u00f6tila-alue: -40C &#8211; +50C.<\/li>\n<li>T\u00e4ytt\u00e4\u00e4 CE EN 360:2002 sek\u00e4 CNB 11060 2008 tyyppi A standardien vaatimukset. IPAF hyv\u00e4ksytty (International Powered Access Federation).<\/li>\n<li>Maksimielinik\u00e4 10 vuotta.<\/li>\n<\/ul>\n<p><iframe loading=\"lazy\" title=\"Edge Testing From a MEWP Pt1\" width=\"1140\" height=\"855\" src=\"https:\/\/www.youtube.com\/embed\/1SwjmkhQMYo?feature=oembed\" frameborder=\"0\" allow=\"accelerometer; autoplay; clipboard-write; encrypted-media; gyroscope; picture-in-picture\" allowfullscreen><\/iframe><\/p>\n<p><iframe loading=\"lazy\" title=\"Edge Testing From a MEWP Pt2\" width=\"1140\" height=\"855\" src=\"https:\/\/www.youtube.com\/embed\/CiggMJQ_O94?feature=oembed\" frameborder=\"0\" allow=\"accelerometer; autoplay; clipboard-write; encrypted-media; gyroscope; picture-in-picture\" allowfullscreen><\/iframe><\/p>\n<p>Tuotenimi ACB tulee sanoista Acccon Click Block.<\/p>\n<p>&nbsp;<\/p>\n<p><a href=\"https:\/\/hotelli03.domainhotelli.fi\/~lsdoecli\/tuote-osasto\/putoamissuojaimet\/\">Katso my\u00f6s muut putoamissuojaimet ja varusteet t\u00e4st\u00e4!\u00a0<\/a><\/p>\n<p>&nbsp;<\/p>\n<p>Maahantuoja: <a href=\"https:\/\/www.vandernet.com\">Vandernet Oy<\/a><\/p>\n","protected":false},"excerpt":{"rendered":"<h4>1,8 m turvatarrain integroidulla nyk\u00e4yksenvaimentimella nostokorik\u00e4ytt\u00f6\u00f6n.<\/h4>\n<p>Nostokoritarrain Ikar ACB 1,8m on suunniteltu erityisesti kaikenlaisilla liikuteltavilla alustoilla ty\u00f6skentelyyn: Testattu &#8221;double&#8221; sharp edge -mukaisesti kaiteen molempien ter\u00e4vien (s\u00e4de=0,5mm) reunojen yli. Pys\u00e4ytt\u00e4\u00e4 putoamisen ja pehment\u00e4\u00e4 nostokorin ankkuripisteeseen kohdistuvat nyk\u00e4ysvoimat useiden nostokorivalmistajien suositusten mukaisesti alle 3 kN:iin.<\/p>\n<ul>\n<li>Automaattisesti sis\u00e4\u00e4n kelautuva.<\/li>\n<li>Kiertymisen est\u00e4v\u00e4 leikarikiinnitys.<\/li>\n<li>Voidaan k\u00e4ytt\u00e4\u00e4 kaikissa asennoissa.<\/li>\n<\/ul>\n","protected":false},"featured_media":8471,"comment_status":"open","ping_status":"closed","template":"","meta":[],"product_cat":[460],"product_tag":[944,943],"yoast_head":"<!-- This site is optimized with the Yoast SEO Premium plugin v18.9 (Yoast SEO v19.3) - https:\/\/yoast.com\/wordpress\/plugins\/seo\/ -->\n<title>Nostokoritarrain Ikar ACB 1,8m | JV Tuonti<\/title>\n<meta name=\"description\" content=\"Nostokoritarrain Ikar ACB 1,8m on suunniteltu erityisesti kaikenlaisilla liikuteltavilla alustoilla ty\u00f6skentelyyn. Tutustu lis\u00e4\u00e4 ja tilaa!\" \/>\n<meta name=\"robots\" content=\"index, follow, max-snippet:-1, max-image-preview:large, max-video-preview:-1\" \/>\n<link rel=\"canonical\" href=\"https:\/\/hotelli03.domainhotelli.fi\/~lsdoecli\/tuote\/nostokoritarrain-ikar-acb-18m\/\" \/>\n<meta property=\"og:locale\" content=\"fi_FI\" \/>\n<meta property=\"og:type\" content=\"article\" \/>\n<meta property=\"og:title\" content=\"Nostokoritarrain Ikar ACB 1,8m\" \/>\n<meta property=\"og:description\" content=\"Nostokoritarrain Ikar ACB 1,8m on suunniteltu erityisesti kaikenlaisilla liikuteltavilla alustoilla ty\u00f6skentelyyn. Tutustu lis\u00e4\u00e4 ja tilaa!\" \/>\n<meta property=\"og:url\" content=\"https:\/\/hotelli03.domainhotelli.fi\/~lsdoecli\/tuote\/nostokoritarrain-ikar-acb-18m\/\" \/>\n<meta property=\"og:site_name\" content=\"JV Tuonti\" \/>\n<meta property=\"article:publisher\" content=\"https:\/\/www.facebook.com\/JVTuontiOy\" \/>\n<meta property=\"og:image\" content=\"https:\/\/hotelli03.domainhotelli.fi\/~lsdoecli\/wp-content\/uploads\/2021\/11\/Nostokoritarrain-Ikar-ACB-18m.jpeg\" \/>\n\t<meta property=\"og:image:width\" content=\"600\" \/>\n\t<meta property=\"og:image:height\" content=\"600\" \/>\n\t<meta property=\"og:image:type\" content=\"image\/jpeg\" \/>\n<meta name=\"twitter:card\" content=\"summary_large_image\" \/>\n<meta name=\"twitter:label1\" content=\"Price\" \/>\n\t<meta name=\"twitter:data1\" content=\"259,00&nbsp;&euro; Alv 24%N\u00e4yt\u00e4 veroton hinta208,87&nbsp;&euro; Alv 0%N\u00e4yt\u00e4 verollinen hinta\" \/>\n\t<meta name=\"twitter:label2\" content=\"Availability\" \/>\n\t<meta name=\"twitter:data2\" content=\"In stock\" \/>\n<script type=\"application\/ld+json\" class=\"yoast-schema-graph\">{\"@context\":\"https:\/\/schema.org\",\"@graph\":[{\"@type\":[\"Organization\",\"Place\",\"WholesaleStore\"],\"@id\":\"https:\/\/hotelli03.domainhotelli.fi\/~lsdoecli\/#organization\",\"name\":\"JV Tuonti Oy\",\"url\":\"https:\/\/hotelli03.domainhotelli.fi\/~lsdoecli\/\",\"sameAs\":[\"https:\/\/instagram.com\/jvtuontioy?utm_medium=copy_link\",\"https:\/\/www.facebook.com\/JVTuontiOy\"],\"logo\":{\"@id\":\"https:\/\/hotelli03.domainhotelli.fi\/~lsdoecli\/tuote\/nostokoritarrain-ikar-acb-18m\/#local-main-organization-logo\"},\"image\":{\"@id\":\"https:\/\/hotelli03.domainhotelli.fi\/~lsdoecli\/tuote\/nostokoritarrain-ikar-acb-18m\/#local-main-organization-logo\"},\"address\":{\"@id\":\"https:\/\/hotelli03.domainhotelli.fi\/~lsdoecli\/tuote\/nostokoritarrain-ikar-acb-18m\/#local-main-place-address\"},\"geo\":{\"@type\":\"GeoCoordinates\",\"latitude\":\"60.28431\",\"longitude\":\"24.81654\"},\"telephone\":[\"0408369980\"],\"openingHoursSpecification\":[{\"@type\":\"OpeningHoursSpecification\",\"dayOfWeek\":[\"Monday\",\"Tuesday\",\"Wednesday\",\"Thursday\",\"Friday\"],\"opens\":\"08:00\",\"closes\":\"16:00\"},{\"@type\":\"OpeningHoursSpecification\",\"dayOfWeek\":[\"Saturday\",\"Sunday\"],\"opens\":\"00:00\",\"closes\":\"00:00\"}],\"email\":\"myynti@hotelli03.domainhotelli.fi\",\"areaServed\":\"Suomi, Ruotsi\",\"vatID\":\"FI30178387\",\"priceRange\":\"$$\",\"currenciesAccepted\":\"\u20ac\",\"paymentAccepted\":\"Lasku, pankkikortti\"},{\"@type\":\"WebSite\",\"@id\":\"https:\/\/hotelli03.domainhotelli.fi\/~lsdoecli\/#website\",\"url\":\"https:\/\/hotelli03.domainhotelli.fi\/~lsdoecli\/\",\"name\":\"JV Tuonti\",\"description\":\"JV Tuonti Oy:n verkkokauppa\",\"publisher\":{\"@id\":\"https:\/\/hotelli03.domainhotelli.fi\/~lsdoecli\/#organization\"},\"potentialAction\":[{\"@type\":\"SearchAction\",\"target\":{\"@type\":\"EntryPoint\",\"urlTemplate\":\"https:\/\/hotelli03.domainhotelli.fi\/~lsdoecli\/?s={search_term_string}\"},\"query-input\":\"required name=search_term_string\"}],\"inLanguage\":\"fi\"},{\"@type\":\"ImageObject\",\"inLanguage\":\"fi\",\"@id\":\"https:\/\/hotelli03.domainhotelli.fi\/~lsdoecli\/tuote\/nostokoritarrain-ikar-acb-18m\/#primaryimage\",\"url\":\"https:\/\/hotelli03.domainhotelli.fi\/~lsdoecli\/wp-content\/uploads\/2021\/11\/Nostokoritarrain-Ikar-ACB-18m.jpeg\",\"contentUrl\":\"https:\/\/hotelli03.domainhotelli.fi\/~lsdoecli\/wp-content\/uploads\/2021\/11\/Nostokoritarrain-Ikar-ACB-18m.jpeg\",\"width\":600,\"height\":600,\"caption\":\"Nostokoritarrain Ikar ACB 1,8m\"},{\"@type\":\"WebPage\",\"@id\":\"https:\/\/hotelli03.domainhotelli.fi\/~lsdoecli\/tuote\/nostokoritarrain-ikar-acb-18m\/\",\"url\":\"https:\/\/hotelli03.domainhotelli.fi\/~lsdoecli\/tuote\/nostokoritarrain-ikar-acb-18m\/\",\"name\":\"Nostokoritarrain Ikar ACB 1,8m | JV Tuonti\",\"isPartOf\":{\"@id\":\"https:\/\/hotelli03.domainhotelli.fi\/~lsdoecli\/#website\"},\"primaryImageOfPage\":{\"@id\":\"https:\/\/hotelli03.domainhotelli.fi\/~lsdoecli\/tuote\/nostokoritarrain-ikar-acb-18m\/#primaryimage\"},\"datePublished\":\"2021-11-15T11:03:09+00:00\",\"dateModified\":\"2021-11-15T11:03:09+00:00\",\"description\":\"Nostokoritarrain Ikar ACB 1,8m on suunniteltu erityisesti kaikenlaisilla liikuteltavilla alustoilla ty\u00f6skentelyyn. Tutustu lis\u00e4\u00e4 ja tilaa!\",\"breadcrumb\":{\"@id\":\"https:\/\/hotelli03.domainhotelli.fi\/~lsdoecli\/tuote\/nostokoritarrain-ikar-acb-18m\/#breadcrumb\"},\"inLanguage\":\"fi\",\"potentialAction\":[{\"@type\":\"ReadAction\",\"target\":[\"https:\/\/hotelli03.domainhotelli.fi\/~lsdoecli\/tuote\/nostokoritarrain-ikar-acb-18m\/\"]}]},{\"@type\":\"BreadcrumbList\",\"@id\":\"https:\/\/hotelli03.domainhotelli.fi\/~lsdoecli\/tuote\/nostokoritarrain-ikar-acb-18m\/#breadcrumb\",\"itemListElement\":[{\"@type\":\"ListItem\",\"position\":1,\"name\":\"Etusivu\",\"item\":\"https:\/\/hotelli03.domainhotelli.fi\/~lsdoecli\/\"},{\"@type\":\"ListItem\",\"position\":2,\"name\":\"Kauppa\",\"item\":\"https:\/\/hotelli03.domainhotelli.fi\/~lsdoecli\/kauppa\/\"},{\"@type\":\"ListItem\",\"position\":3,\"name\":\"Nostokoritarrain Ikar ACB 1,8m\"}]},{\"@type\":\"PostalAddress\",\"@id\":\"https:\/\/hotelli03.domainhotelli.fi\/~lsdoecli\/tuote\/nostokoritarrain-ikar-acb-18m\/#local-main-place-address\",\"streetAddress\":\"Pyymosantie 5a\",\"addressLocality\":\"Vantaa\",\"postalCode\":\"01720\",\"addressCountry\":\"FI\"},{\"@type\":\"ImageObject\",\"inLanguage\":\"fi\",\"@id\":\"https:\/\/hotelli03.domainhotelli.fi\/~lsdoecli\/tuote\/nostokoritarrain-ikar-acb-18m\/#local-main-organization-logo\",\"url\":\"https:\/\/hotelli03.domainhotelli.fi\/~lsdoecli\/wp-content\/uploads\/2021\/08\/JVTuonti_logo_nelio.jpg\",\"contentUrl\":\"https:\/\/hotelli03.domainhotelli.fi\/~lsdoecli\/wp-content\/uploads\/2021\/08\/JVTuonti_logo_nelio.jpg\",\"width\":550,\"height\":550,\"caption\":\"JV Tuonti Oy\"}]}<\/script>\n<meta property=\"og:video\" content=\"https:\/\/www.youtube.com\/embed\/1SwjmkhQMYo\" \/>\n<meta property=\"og:video:type\" content=\"text\/html\" \/>\n<meta property=\"og:video:duration\" content=\"34\" \/>\n<meta property=\"og:video:width\" content=\"480\" \/>\n<meta property=\"og:video:height\" content=\"360\" \/>\n<meta property=\"ya:ovs:adult\" content=\"false\" \/>\n<meta property=\"ya:ovs:upload_date\" content=\"2021-11-15T11:03:09+00:00\" \/>\n<meta property=\"ya:ovs:allow_embed\" content=\"true\" \/>\n<meta property=\"product:brand\" content=\"Ikar\" \/>\n<meta property=\"product:price:amount\" content=\"259.00\" \/>\n<meta property=\"product:price:currency\" content=\"EUR\" \/>\n<meta property=\"og:availability\" content=\"instock\" \/>\n<meta property=\"product:availability\" content=\"instock\" \/>\n<meta property=\"product:retailer_item_id\" content=\"41-ACB 1,8\" \/>\n<meta property=\"product:condition\" content=\"new\" \/>\n<meta name=\"geo.placename\" content=\"Vantaa\" \/>\n<meta name=\"geo.position\" content=\"60.28431;24.81654\" \/>\n<meta name=\"geo.region\" content=\"Suomi\" \/>\n<!-- \/ Yoast SEO Premium plugin. -->","yoast_head_json":{"title":"Nostokoritarrain Ikar ACB 1,8m | JV Tuonti","description":"Nostokoritarrain Ikar ACB 1,8m on suunniteltu erityisesti kaikenlaisilla liikuteltavilla alustoilla ty\u00f6skentelyyn. Tutustu lis\u00e4\u00e4 ja tilaa!","robots":{"index":"index","follow":"follow","max-snippet":"max-snippet:-1","max-image-preview":"max-image-preview:large","max-video-preview":"max-video-preview:-1"},"canonical":"https:\/\/hotelli03.domainhotelli.fi\/~lsdoecli\/tuote\/nostokoritarrain-ikar-acb-18m\/","og_locale":"fi_FI","og_type":"article","og_title":"Nostokoritarrain Ikar ACB 1,8m","og_description":"Nostokoritarrain Ikar ACB 1,8m on suunniteltu erityisesti kaikenlaisilla liikuteltavilla alustoilla ty\u00f6skentelyyn. Tutustu lis\u00e4\u00e4 ja tilaa!","og_url":"https:\/\/hotelli03.domainhotelli.fi\/~lsdoecli\/tuote\/nostokoritarrain-ikar-acb-18m\/","og_site_name":"JV Tuonti","article_publisher":"https:\/\/www.facebook.com\/JVTuontiOy","og_image":[{"width":600,"height":600,"url":"https:\/\/hotelli03.domainhotelli.fi\/~lsdoecli\/wp-content\/uploads\/2021\/11\/Nostokoritarrain-Ikar-ACB-18m.jpeg","type":"image\/jpeg"}],"twitter_card":"summary_large_image","twitter_misc":{"Price":"259,00&nbsp;&euro; Alv 24%N\u00e4yt\u00e4 veroton hinta208,87&nbsp;&euro; Alv 0%N\u00e4yt\u00e4 verollinen hinta","Availability":"In stock"},"schema":{"@context":"https:\/\/schema.org","@graph":[{"@type":["Organization","Place","WholesaleStore"],"@id":"https:\/\/hotelli03.domainhotelli.fi\/~lsdoecli\/#organization","name":"JV Tuonti Oy","url":"https:\/\/hotelli03.domainhotelli.fi\/~lsdoecli\/","sameAs":["https:\/\/instagram.com\/jvtuontioy?utm_medium=copy_link","https:\/\/www.facebook.com\/JVTuontiOy"],"logo":{"@id":"https:\/\/hotelli03.domainhotelli.fi\/~lsdoecli\/tuote\/nostokoritarrain-ikar-acb-18m\/#local-main-organization-logo"},"image":{"@id":"https:\/\/hotelli03.domainhotelli.fi\/~lsdoecli\/tuote\/nostokoritarrain-ikar-acb-18m\/#local-main-organization-logo"},"address":{"@id":"https:\/\/hotelli03.domainhotelli.fi\/~lsdoecli\/tuote\/nostokoritarrain-ikar-acb-18m\/#local-main-place-address"},"geo":{"@type":"GeoCoordinates","latitude":"60.28431","longitude":"24.81654"},"telephone":["0408369980"],"openingHoursSpecification":[{"@type":"OpeningHoursSpecification","dayOfWeek":["Monday","Tuesday","Wednesday","Thursday","Friday"],"opens":"08:00","closes":"16:00"},{"@type":"OpeningHoursSpecification","dayOfWeek":["Saturday","Sunday"],"opens":"00:00","closes":"00:00"}],"email":"myynti@hotelli03.domainhotelli.fi","areaServed":"Suomi, Ruotsi","vatID":"FI30178387","priceRange":"$$","currenciesAccepted":"\u20ac","paymentAccepted":"Lasku, pankkikortti"},{"@type":"WebSite","@id":"https:\/\/hotelli03.domainhotelli.fi\/~lsdoecli\/#website","url":"https:\/\/hotelli03.domainhotelli.fi\/~lsdoecli\/","name":"JV Tuonti","description":"JV Tuonti Oy:n verkkokauppa","publisher":{"@id":"https:\/\/hotelli03.domainhotelli.fi\/~lsdoecli\/#organization"},"potentialAction":[{"@type":"SearchAction","target":{"@type":"EntryPoint","urlTemplate":"https:\/\/hotelli03.domainhotelli.fi\/~lsdoecli\/?s={search_term_string}"},"query-input":"required name=search_term_string"}],"inLanguage":"fi"},{"@type":"ImageObject","inLanguage":"fi","@id":"https:\/\/hotelli03.domainhotelli.fi\/~lsdoecli\/tuote\/nostokoritarrain-ikar-acb-18m\/#primaryimage","url":"https:\/\/hotelli03.domainhotelli.fi\/~lsdoecli\/wp-content\/uploads\/2021\/11\/Nostokoritarrain-Ikar-ACB-18m.jpeg","contentUrl":"https:\/\/hotelli03.domainhotelli.fi\/~lsdoecli\/wp-content\/uploads\/2021\/11\/Nostokoritarrain-Ikar-ACB-18m.jpeg","width":600,"height":600,"caption":"Nostokoritarrain Ikar ACB 1,8m"},{"@type":"WebPage","@id":"https:\/\/hotelli03.domainhotelli.fi\/~lsdoecli\/tuote\/nostokoritarrain-ikar-acb-18m\/","url":"https:\/\/hotelli03.domainhotelli.fi\/~lsdoecli\/tuote\/nostokoritarrain-ikar-acb-18m\/","name":"Nostokoritarrain Ikar ACB 1,8m | JV Tuonti","isPartOf":{"@id":"https:\/\/hotelli03.domainhotelli.fi\/~lsdoecli\/#website"},"primaryImageOfPage":{"@id":"https:\/\/hotelli03.domainhotelli.fi\/~lsdoecli\/tuote\/nostokoritarrain-ikar-acb-18m\/#primaryimage"},"datePublished":"2021-11-15T11:03:09+00:00","dateModified":"2021-11-15T11:03:09+00:00","description":"Nostokoritarrain Ikar ACB 1,8m on suunniteltu erityisesti kaikenlaisilla liikuteltavilla alustoilla ty\u00f6skentelyyn. Tutustu lis\u00e4\u00e4 ja tilaa!","breadcrumb":{"@id":"https:\/\/hotelli03.domainhotelli.fi\/~lsdoecli\/tuote\/nostokoritarrain-ikar-acb-18m\/#breadcrumb"},"inLanguage":"fi","potentialAction":[{"@type":"ReadAction","target":["https:\/\/hotelli03.domainhotelli.fi\/~lsdoecli\/tuote\/nostokoritarrain-ikar-acb-18m\/"]}]},{"@type":"BreadcrumbList","@id":"https:\/\/hotelli03.domainhotelli.fi\/~lsdoecli\/tuote\/nostokoritarrain-ikar-acb-18m\/#breadcrumb","itemListElement":[{"@type":"ListItem","position":1,"name":"Etusivu","item":"https:\/\/hotelli03.domainhotelli.fi\/~lsdoecli\/"},{"@type":"ListItem","position":2,"name":"Kauppa","item":"https:\/\/hotelli03.domainhotelli.fi\/~lsdoecli\/kauppa\/"},{"@type":"ListItem","position":3,"name":"Nostokoritarrain Ikar ACB 1,8m"}]},{"@type":"PostalAddress","@id":"https:\/\/hotelli03.domainhotelli.fi\/~lsdoecli\/tuote\/nostokoritarrain-ikar-acb-18m\/#local-main-place-address","streetAddress":"Pyymosantie 5a","addressLocality":"Vantaa","postalCode":"01720","addressCountry":"FI"},{"@type":"ImageObject","inLanguage":"fi","@id":"https:\/\/hotelli03.domainhotelli.fi\/~lsdoecli\/tuote\/nostokoritarrain-ikar-acb-18m\/#local-main-organization-logo","url":"https:\/\/hotelli03.domainhotelli.fi\/~lsdoecli\/wp-content\/uploads\/2021\/08\/JVTuonti_logo_nelio.jpg","contentUrl":"https:\/\/hotelli03.domainhotelli.fi\/~lsdoecli\/wp-content\/uploads\/2021\/08\/JVTuonti_logo_nelio.jpg","width":550,"height":550,"caption":"JV Tuonti Oy"}]},"og_video":"https:\/\/www.youtube.com\/embed\/1SwjmkhQMYo","og_video_type":"text\/html","og_video_duration":"34","og_video_width":"480","og_video_height":"360","ya_ovs_adult":"false","ya_ovs_upload_date":"2021-11-15T11:03:09+00:00","ya_ovs_allow_embed":"true","product_brand":"Ikar","product_price_amount":"259.00","product_price_currency":"EUR","og_availability":"instock","product_availability":"instock","product_retailer_item_id":"41-ACB 1,8","product_condition":"new","geo.placename":"Vantaa","geo.position":{"lat":"60.28431","long":"24.81654"},"geo.region":"Suomi"},"_links":{"self":[{"href":"https:\/\/hotelli03.domainhotelli.fi\/~lsdoecli\/wp-json\/wp\/v2\/product\/8464"}],"collection":[{"href":"https:\/\/hotelli03.domainhotelli.fi\/~lsdoecli\/wp-json\/wp\/v2\/product"}],"about":[{"href":"https:\/\/hotelli03.domainhotelli.fi\/~lsdoecli\/wp-json\/wp\/v2\/types\/product"}],"replies":[{"embeddable":true,"href":"https:\/\/hotelli03.domainhotelli.fi\/~lsdoecli\/wp-json\/wp\/v2\/comments?post=8464"}],"wp:featuredmedia":[{"embeddable":true,"href":"https:\/\/hotelli03.domainhotelli.fi\/~lsdoecli\/wp-json\/wp\/v2\/media\/8471"}],"wp:attachment":[{"href":"https:\/\/hotelli03.domainhotelli.fi\/~lsdoecli\/wp-json\/wp\/v2\/media?parent=8464"}],"wp:term":[{"taxonomy":"product_cat","embeddable":true,"href":"https:\/\/hotelli03.domainhotelli.fi\/~lsdoecli\/wp-json\/wp\/v2\/product_cat?post=8464"},{"taxonomy":"product_tag","embeddable":true,"href":"https:\/\/hotelli03.domainhotelli.fi\/~lsdoecli\/wp-json\/wp\/v2\/product_tag?post=8464"}],"curies":[{"name":"wp","href":"https:\/\/api.w.org\/{rel}","templated":true}]}}