{"id":8459,"date":"2021-11-15T10:34:59","date_gmt":"2021-11-15T10:34:59","guid":{"rendered":"https:\/\/hotelli03.domainhotelli.fi\/~lsdoecli\/?post_type=product&#038;p=8459"},"modified":"2021-11-15T10:34:59","modified_gmt":"2021-11-15T10:34:59","slug":"taljaussakki-ct-azimut-25l-sininen","status":"publish","type":"product","link":"https:\/\/hotelli03.domainhotelli.fi\/~lsdoecli\/tuote\/taljaussakki-ct-azimut-25l-sininen\/","title":{"rendered":"Taljauss\u00e4kki CT Azimut 25L sininen"},"content":{"rendered":"<h2>Keskikokoinen ja keskipainoinen taljauss\u00e4kin ja varusterepun yhdistelm\u00e4 ty\u00f6k\u00e4ytt\u00f6\u00f6n k\u00f6ysity\u00f6skentelyyn, pelastusk\u00e4ytt\u00f6\u00f6n ja kalliokiipeilyyn.<\/h2>\n<p>Taljauss\u00e4kki CT Azimut tilavuus vakioasetuksella 25 litraa, ja laajennettuna 35 litraa. Sis\u00e4\u00e4n mahtuu n. 100 m notkeaa 11 mm ty\u00f6k\u00f6ytt\u00e4 ja perusvarusteet. Materiaalivahvuudet suunniteltu kest\u00e4m\u00e4\u00e4n \u00e4\u00e4rimm\u00e4ist\u00e4 kulutusta ja raskaita taakkoja. Kaikki toiminnot suunniteltu k\u00e4ytett\u00e4v\u00e4ksi my\u00f6s k\u00e4sineet k\u00e4dess\u00e4.<\/p>\n<p>Taljauss\u00e4kki pysyy itsest\u00e4\u00e4n pystyss\u00e4. Suurikokoinen suuaukko, joka voidaan reunus taittamalla pit\u00e4\u00e4 avonaisena ja avoinna pysyv\u00e4ksi tekee pakkaamisesta ja purkamisesta nopeaa. Aukon yl\u00e4reunuksessa rullattava ja soljella suljettava sulkumekanismi, jonka ansiosta varusteet pysyv\u00e4t sis\u00e4ll\u00e4 haluttaessa t\u00e4ysin puhtaina olosuhteista riippumatta. Sis\u00e4puolella kaksi tilavaa varustelenkki\u00e4, joihin voidaan my\u00f6s kiinnitt\u00e4\u00e4 k\u00f6ysien p\u00e4\u00e4t, sek\u00e4 tilava vetoketjullinen 24 cm x 23 cm tasku pientarvikkeille tai dokumenteille.<\/p>\n<p>Vaativiin olosuhteisiin soveltuva pehmustettu kantoj\u00e4rjestelm\u00e4, jossa selk\u00e4paneeli lantiov\u00f6ineen on irrotettava, ja se voidaan s\u00e4il\u00f6\u00e4 olkaviilekkeiden kanssa kyljess\u00e4 olevan roiskevesitiiviin taskun sis\u00e4ll\u00e4 suojassa ulkoisilta uhkilta esim. kuljetuksen, lentorahdin tai taljauksen aikana.<br \/>\nTaljaamiseen p\u00e4\u00e4ll\u00e4 pitk\u00e4t hihnalenkit, sek\u00e4 daisy chain -tyyppinen varustelenkkirivi, jolla voidaan optimoida asento, tai siihen voidaan kiinnitt\u00e4\u00e4 muita varusteita. Pohjassa remmi k\u00e4sittelyn helpottamiseen, ja varustettuna kiinnityspisteill\u00e4 esim. toiselle taljauss\u00e4kille, tai tarvikkeille.<\/p>\n<h4>Tekniset tiedot:<\/h4>\n<ul>\n<li>Materiaali polyesteripinnoitettu PVC.<\/li>\n<li>Pohjassa vedenpoistorei\u00e4t sinkitty\u00e4 ter\u00e4st\u00e4.<\/li>\n<li>Korkeus: 53 cm (+20 cm lis\u00e4osa).<\/li>\n<li>Ellipsin muotoinen pohja, jonka leveys 29 cm.<\/li>\n<li>Syvyys 20 cm.<\/li>\n<li>Paino: 1200 g.<\/li>\n<li>Materiaali- ja valmistusvirhetakuu 3 vuotta.<\/li>\n<\/ul>\n<p>&nbsp;<\/p>\n<p>&nbsp;<\/p>\n<p><a href=\"https:\/\/hotelli03.domainhotelli.fi\/~lsdoecli\/tuote-osasto\/putoamissuojaimet\/\">Katso my\u00f6s muut putoamissuojaimet ja varusteet t\u00e4st\u00e4!\u00a0<\/a><\/p>\n<p>Maahantuoja: <a href=\"https:\/\/www.vandernet.com\">Vandernet Oy<\/a><\/p>\n","protected":false},"excerpt":{"rendered":"<h4>Keskikokoinen ja keskipainoinen taljauss\u00e4kin ja varusterepun yhdistelm\u00e4 ty\u00f6k\u00e4ytt\u00f6\u00f6n k\u00f6ysity\u00f6skentelyyn, pelastusk\u00e4ytt\u00f6\u00f6n ja kalliokiipeilyyn.<\/h4>\n<p>Taljauss\u00e4kki CT Azimut tilavuus vakioasetuksella 25 litraa, ja laajennettuna 35 litraa. Sis\u00e4\u00e4n mahtuu n. 100 m notkeaa 11 mm ty\u00f6k\u00f6ytt\u00e4 ja perusvarusteet. Materiaalivahvuudet suunniteltu kest\u00e4m\u00e4\u00e4n \u00e4\u00e4rimm\u00e4ist\u00e4 kulutusta ja raskaita taakkoja. Kaikki toiminnot suunniteltu k\u00e4ytett\u00e4v\u00e4ksi my\u00f6s k\u00e4sineet k\u00e4dess\u00e4.<\/p>\n","protected":false},"featured_media":8462,"comment_status":"open","ping_status":"closed","template":"","meta":[],"product_cat":[460],"product_tag":[941,940],"yoast_head":"<!-- This site is optimized with the Yoast SEO Premium plugin v18.9 (Yoast SEO v19.3) - https:\/\/yoast.com\/wordpress\/plugins\/seo\/ -->\n<title>Taljauss\u00e4kki CT Azimut 25L sininen | JV Tuonti<\/title>\n<meta name=\"description\" content=\"Taljauss\u00e4kki CT Azimut 25L keskikokoinen ja keskipainoinen taljauss\u00e4kin ja varusterepun yhdistelm\u00e4 ty\u00f6k\u00e4ytt\u00f6\u00f6n. Tilaa t\u00e4st\u00e4!\" \/>\n<meta name=\"robots\" content=\"index, follow, max-snippet:-1, max-image-preview:large, max-video-preview:-1\" \/>\n<link rel=\"canonical\" href=\"https:\/\/hotelli03.domainhotelli.fi\/~lsdoecli\/tuote\/taljaussakki-ct-azimut-25l-sininen\/\" \/>\n<meta property=\"og:locale\" content=\"fi_FI\" \/>\n<meta property=\"og:type\" content=\"article\" \/>\n<meta property=\"og:title\" content=\"Taljauss\u00e4kki CT Azimut 25L sininen\" \/>\n<meta property=\"og:description\" content=\"Taljauss\u00e4kki CT Azimut 25L keskikokoinen ja keskipainoinen taljauss\u00e4kin ja varusterepun yhdistelm\u00e4 ty\u00f6k\u00e4ytt\u00f6\u00f6n. Tilaa t\u00e4st\u00e4!\" \/>\n<meta property=\"og:url\" content=\"https:\/\/hotelli03.domainhotelli.fi\/~lsdoecli\/tuote\/taljaussakki-ct-azimut-25l-sininen\/\" \/>\n<meta property=\"og:site_name\" content=\"JV Tuonti\" \/>\n<meta property=\"article:publisher\" content=\"https:\/\/www.facebook.com\/JVTuontiOy\" \/>\n<meta property=\"og:image\" content=\"https:\/\/hotelli03.domainhotelli.fi\/~lsdoecli\/wp-content\/uploads\/2021\/11\/Taljaussakki-Azimut-25L-sininen.jpeg\" \/>\n\t<meta property=\"og:image:width\" content=\"600\" \/>\n\t<meta property=\"og:image:height\" content=\"600\" \/>\n\t<meta property=\"og:image:type\" content=\"image\/jpeg\" \/>\n<meta name=\"twitter:card\" content=\"summary_large_image\" \/>\n<meta name=\"twitter:label1\" content=\"Price\" \/>\n\t<meta name=\"twitter:data1\" content=\"160,94&nbsp;&euro; Alv 24%N\u00e4yt\u00e4 veroton hinta129,79&nbsp;&euro; Alv 0%N\u00e4yt\u00e4 verollinen hinta\" \/>\n\t<meta name=\"twitter:label2\" content=\"Availability\" \/>\n\t<meta name=\"twitter:data2\" content=\"In stock\" \/>\n<script type=\"application\/ld+json\" class=\"yoast-schema-graph\">{\"@context\":\"https:\/\/schema.org\",\"@graph\":[{\"@type\":[\"Organization\",\"Place\",\"WholesaleStore\"],\"@id\":\"https:\/\/hotelli03.domainhotelli.fi\/~lsdoecli\/#organization\",\"name\":\"JV Tuonti Oy\",\"url\":\"https:\/\/hotelli03.domainhotelli.fi\/~lsdoecli\/\",\"sameAs\":[\"https:\/\/instagram.com\/jvtuontioy?utm_medium=copy_link\",\"https:\/\/www.facebook.com\/JVTuontiOy\"],\"logo\":{\"@id\":\"https:\/\/hotelli03.domainhotelli.fi\/~lsdoecli\/tuote\/taljaussakki-ct-azimut-25l-sininen\/#local-main-organization-logo\"},\"image\":{\"@id\":\"https:\/\/hotelli03.domainhotelli.fi\/~lsdoecli\/tuote\/taljaussakki-ct-azimut-25l-sininen\/#local-main-organization-logo\"},\"address\":{\"@id\":\"https:\/\/hotelli03.domainhotelli.fi\/~lsdoecli\/tuote\/taljaussakki-ct-azimut-25l-sininen\/#local-main-place-address\"},\"geo\":{\"@type\":\"GeoCoordinates\",\"latitude\":\"60.28431\",\"longitude\":\"24.81654\"},\"telephone\":[\"0408369980\"],\"openingHoursSpecification\":[{\"@type\":\"OpeningHoursSpecification\",\"dayOfWeek\":[\"Monday\",\"Tuesday\",\"Wednesday\",\"Thursday\",\"Friday\"],\"opens\":\"08:00\",\"closes\":\"16:00\"},{\"@type\":\"OpeningHoursSpecification\",\"dayOfWeek\":[\"Saturday\",\"Sunday\"],\"opens\":\"00:00\",\"closes\":\"00:00\"}],\"email\":\"myynti@hotelli03.domainhotelli.fi\",\"areaServed\":\"Suomi, Ruotsi\",\"vatID\":\"FI30178387\",\"priceRange\":\"$$\",\"currenciesAccepted\":\"\u20ac\",\"paymentAccepted\":\"Lasku, pankkikortti\"},{\"@type\":\"WebSite\",\"@id\":\"https:\/\/hotelli03.domainhotelli.fi\/~lsdoecli\/#website\",\"url\":\"https:\/\/hotelli03.domainhotelli.fi\/~lsdoecli\/\",\"name\":\"JV Tuonti\",\"description\":\"JV Tuonti Oy:n verkkokauppa\",\"publisher\":{\"@id\":\"https:\/\/hotelli03.domainhotelli.fi\/~lsdoecli\/#organization\"},\"potentialAction\":[{\"@type\":\"SearchAction\",\"target\":{\"@type\":\"EntryPoint\",\"urlTemplate\":\"https:\/\/hotelli03.domainhotelli.fi\/~lsdoecli\/?s={search_term_string}\"},\"query-input\":\"required name=search_term_string\"}],\"inLanguage\":\"fi\"},{\"@type\":\"ImageObject\",\"inLanguage\":\"fi\",\"@id\":\"https:\/\/hotelli03.domainhotelli.fi\/~lsdoecli\/tuote\/taljaussakki-ct-azimut-25l-sininen\/#primaryimage\",\"url\":\"https:\/\/hotelli03.domainhotelli.fi\/~lsdoecli\/wp-content\/uploads\/2021\/11\/Taljaussakki-Azimut-25L-sininen.jpeg\",\"contentUrl\":\"https:\/\/hotelli03.domainhotelli.fi\/~lsdoecli\/wp-content\/uploads\/2021\/11\/Taljaussakki-Azimut-25L-sininen.jpeg\",\"width\":600,\"height\":600,\"caption\":\"Taljauss\u00e4kki Azimut 25L sininen\"},{\"@type\":\"WebPage\",\"@id\":\"https:\/\/hotelli03.domainhotelli.fi\/~lsdoecli\/tuote\/taljaussakki-ct-azimut-25l-sininen\/\",\"url\":\"https:\/\/hotelli03.domainhotelli.fi\/~lsdoecli\/tuote\/taljaussakki-ct-azimut-25l-sininen\/\",\"name\":\"Taljauss\u00e4kki CT Azimut 25L sininen | JV Tuonti\",\"isPartOf\":{\"@id\":\"https:\/\/hotelli03.domainhotelli.fi\/~lsdoecli\/#website\"},\"primaryImageOfPage\":{\"@id\":\"https:\/\/hotelli03.domainhotelli.fi\/~lsdoecli\/tuote\/taljaussakki-ct-azimut-25l-sininen\/#primaryimage\"},\"datePublished\":\"2021-11-15T10:34:59+00:00\",\"dateModified\":\"2021-11-15T10:34:59+00:00\",\"description\":\"Taljauss\u00e4kki CT Azimut 25L keskikokoinen ja keskipainoinen taljauss\u00e4kin ja varusterepun yhdistelm\u00e4 ty\u00f6k\u00e4ytt\u00f6\u00f6n. Tilaa t\u00e4st\u00e4!\",\"breadcrumb\":{\"@id\":\"https:\/\/hotelli03.domainhotelli.fi\/~lsdoecli\/tuote\/taljaussakki-ct-azimut-25l-sininen\/#breadcrumb\"},\"inLanguage\":\"fi\",\"potentialAction\":[{\"@type\":\"ReadAction\",\"target\":[\"https:\/\/hotelli03.domainhotelli.fi\/~lsdoecli\/tuote\/taljaussakki-ct-azimut-25l-sininen\/\"]}]},{\"@type\":\"BreadcrumbList\",\"@id\":\"https:\/\/hotelli03.domainhotelli.fi\/~lsdoecli\/tuote\/taljaussakki-ct-azimut-25l-sininen\/#breadcrumb\",\"itemListElement\":[{\"@type\":\"ListItem\",\"position\":1,\"name\":\"Etusivu\",\"item\":\"https:\/\/hotelli03.domainhotelli.fi\/~lsdoecli\/\"},{\"@type\":\"ListItem\",\"position\":2,\"name\":\"Kauppa\",\"item\":\"https:\/\/hotelli03.domainhotelli.fi\/~lsdoecli\/kauppa\/\"},{\"@type\":\"ListItem\",\"position\":3,\"name\":\"Taljauss\u00e4kki CT Azimut 25L sininen\"}]},{\"@type\":\"PostalAddress\",\"@id\":\"https:\/\/hotelli03.domainhotelli.fi\/~lsdoecli\/tuote\/taljaussakki-ct-azimut-25l-sininen\/#local-main-place-address\",\"streetAddress\":\"Pyymosantie 5a\",\"addressLocality\":\"Vantaa\",\"postalCode\":\"01720\",\"addressCountry\":\"FI\"},{\"@type\":\"ImageObject\",\"inLanguage\":\"fi\",\"@id\":\"https:\/\/hotelli03.domainhotelli.fi\/~lsdoecli\/tuote\/taljaussakki-ct-azimut-25l-sininen\/#local-main-organization-logo\",\"url\":\"https:\/\/hotelli03.domainhotelli.fi\/~lsdoecli\/wp-content\/uploads\/2021\/08\/JVTuonti_logo_nelio.jpg\",\"contentUrl\":\"https:\/\/hotelli03.domainhotelli.fi\/~lsdoecli\/wp-content\/uploads\/2021\/08\/JVTuonti_logo_nelio.jpg\",\"width\":550,\"height\":550,\"caption\":\"JV Tuonti Oy\"}]}<\/script>\n<meta property=\"product:brand\" content=\"CT\" \/>\n<meta property=\"product:price:amount\" content=\"160.94\" \/>\n<meta property=\"product:price:currency\" content=\"EUR\" \/>\n<meta property=\"og:availability\" content=\"instock\" \/>\n<meta property=\"product:availability\" content=\"instock\" \/>\n<meta property=\"product:retailer_item_id\" content=\"7X9862503CTSTD\" \/>\n<meta property=\"product:condition\" content=\"new\" \/>\n<meta name=\"geo.placename\" content=\"Vantaa\" \/>\n<meta name=\"geo.position\" content=\"60.28431;24.81654\" \/>\n<meta name=\"geo.region\" content=\"Suomi\" \/>\n<!-- \/ Yoast SEO Premium plugin. -->","yoast_head_json":{"title":"Taljauss\u00e4kki CT Azimut 25L sininen | JV Tuonti","description":"Taljauss\u00e4kki CT Azimut 25L keskikokoinen ja keskipainoinen taljauss\u00e4kin ja varusterepun yhdistelm\u00e4 ty\u00f6k\u00e4ytt\u00f6\u00f6n. Tilaa t\u00e4st\u00e4!","robots":{"index":"index","follow":"follow","max-snippet":"max-snippet:-1","max-image-preview":"max-image-preview:large","max-video-preview":"max-video-preview:-1"},"canonical":"https:\/\/hotelli03.domainhotelli.fi\/~lsdoecli\/tuote\/taljaussakki-ct-azimut-25l-sininen\/","og_locale":"fi_FI","og_type":"article","og_title":"Taljauss\u00e4kki CT Azimut 25L sininen","og_description":"Taljauss\u00e4kki CT Azimut 25L keskikokoinen ja keskipainoinen taljauss\u00e4kin ja varusterepun yhdistelm\u00e4 ty\u00f6k\u00e4ytt\u00f6\u00f6n. Tilaa t\u00e4st\u00e4!","og_url":"https:\/\/hotelli03.domainhotelli.fi\/~lsdoecli\/tuote\/taljaussakki-ct-azimut-25l-sininen\/","og_site_name":"JV Tuonti","article_publisher":"https:\/\/www.facebook.com\/JVTuontiOy","og_image":[{"width":600,"height":600,"url":"https:\/\/hotelli03.domainhotelli.fi\/~lsdoecli\/wp-content\/uploads\/2021\/11\/Taljaussakki-Azimut-25L-sininen.jpeg","type":"image\/jpeg"}],"twitter_card":"summary_large_image","twitter_misc":{"Price":"160,94&nbsp;&euro; Alv 24%N\u00e4yt\u00e4 veroton hinta129,79&nbsp;&euro; Alv 0%N\u00e4yt\u00e4 verollinen hinta","Availability":"In stock"},"schema":{"@context":"https:\/\/schema.org","@graph":[{"@type":["Organization","Place","WholesaleStore"],"@id":"https:\/\/hotelli03.domainhotelli.fi\/~lsdoecli\/#organization","name":"JV Tuonti Oy","url":"https:\/\/hotelli03.domainhotelli.fi\/~lsdoecli\/","sameAs":["https:\/\/instagram.com\/jvtuontioy?utm_medium=copy_link","https:\/\/www.facebook.com\/JVTuontiOy"],"logo":{"@id":"https:\/\/hotelli03.domainhotelli.fi\/~lsdoecli\/tuote\/taljaussakki-ct-azimut-25l-sininen\/#local-main-organization-logo"},"image":{"@id":"https:\/\/hotelli03.domainhotelli.fi\/~lsdoecli\/tuote\/taljaussakki-ct-azimut-25l-sininen\/#local-main-organization-logo"},"address":{"@id":"https:\/\/hotelli03.domainhotelli.fi\/~lsdoecli\/tuote\/taljaussakki-ct-azimut-25l-sininen\/#local-main-place-address"},"geo":{"@type":"GeoCoordinates","latitude":"60.28431","longitude":"24.81654"},"telephone":["0408369980"],"openingHoursSpecification":[{"@type":"OpeningHoursSpecification","dayOfWeek":["Monday","Tuesday","Wednesday","Thursday","Friday"],"opens":"08:00","closes":"16:00"},{"@type":"OpeningHoursSpecification","dayOfWeek":["Saturday","Sunday"],"opens":"00:00","closes":"00:00"}],"email":"myynti@hotelli03.domainhotelli.fi","areaServed":"Suomi, Ruotsi","vatID":"FI30178387","priceRange":"$$","currenciesAccepted":"\u20ac","paymentAccepted":"Lasku, pankkikortti"},{"@type":"WebSite","@id":"https:\/\/hotelli03.domainhotelli.fi\/~lsdoecli\/#website","url":"https:\/\/hotelli03.domainhotelli.fi\/~lsdoecli\/","name":"JV Tuonti","description":"JV Tuonti Oy:n verkkokauppa","publisher":{"@id":"https:\/\/hotelli03.domainhotelli.fi\/~lsdoecli\/#organization"},"potentialAction":[{"@type":"SearchAction","target":{"@type":"EntryPoint","urlTemplate":"https:\/\/hotelli03.domainhotelli.fi\/~lsdoecli\/?s={search_term_string}"},"query-input":"required name=search_term_string"}],"inLanguage":"fi"},{"@type":"ImageObject","inLanguage":"fi","@id":"https:\/\/hotelli03.domainhotelli.fi\/~lsdoecli\/tuote\/taljaussakki-ct-azimut-25l-sininen\/#primaryimage","url":"https:\/\/hotelli03.domainhotelli.fi\/~lsdoecli\/wp-content\/uploads\/2021\/11\/Taljaussakki-Azimut-25L-sininen.jpeg","contentUrl":"https:\/\/hotelli03.domainhotelli.fi\/~lsdoecli\/wp-content\/uploads\/2021\/11\/Taljaussakki-Azimut-25L-sininen.jpeg","width":600,"height":600,"caption":"Taljauss\u00e4kki Azimut 25L sininen"},{"@type":"WebPage","@id":"https:\/\/hotelli03.domainhotelli.fi\/~lsdoecli\/tuote\/taljaussakki-ct-azimut-25l-sininen\/","url":"https:\/\/hotelli03.domainhotelli.fi\/~lsdoecli\/tuote\/taljaussakki-ct-azimut-25l-sininen\/","name":"Taljauss\u00e4kki CT Azimut 25L sininen | JV Tuonti","isPartOf":{"@id":"https:\/\/hotelli03.domainhotelli.fi\/~lsdoecli\/#website"},"primaryImageOfPage":{"@id":"https:\/\/hotelli03.domainhotelli.fi\/~lsdoecli\/tuote\/taljaussakki-ct-azimut-25l-sininen\/#primaryimage"},"datePublished":"2021-11-15T10:34:59+00:00","dateModified":"2021-11-15T10:34:59+00:00","description":"Taljauss\u00e4kki CT Azimut 25L keskikokoinen ja keskipainoinen taljauss\u00e4kin ja varusterepun yhdistelm\u00e4 ty\u00f6k\u00e4ytt\u00f6\u00f6n. Tilaa t\u00e4st\u00e4!","breadcrumb":{"@id":"https:\/\/hotelli03.domainhotelli.fi\/~lsdoecli\/tuote\/taljaussakki-ct-azimut-25l-sininen\/#breadcrumb"},"inLanguage":"fi","potentialAction":[{"@type":"ReadAction","target":["https:\/\/hotelli03.domainhotelli.fi\/~lsdoecli\/tuote\/taljaussakki-ct-azimut-25l-sininen\/"]}]},{"@type":"BreadcrumbList","@id":"https:\/\/hotelli03.domainhotelli.fi\/~lsdoecli\/tuote\/taljaussakki-ct-azimut-25l-sininen\/#breadcrumb","itemListElement":[{"@type":"ListItem","position":1,"name":"Etusivu","item":"https:\/\/hotelli03.domainhotelli.fi\/~lsdoecli\/"},{"@type":"ListItem","position":2,"name":"Kauppa","item":"https:\/\/hotelli03.domainhotelli.fi\/~lsdoecli\/kauppa\/"},{"@type":"ListItem","position":3,"name":"Taljauss\u00e4kki CT Azimut 25L sininen"}]},{"@type":"PostalAddress","@id":"https:\/\/hotelli03.domainhotelli.fi\/~lsdoecli\/tuote\/taljaussakki-ct-azimut-25l-sininen\/#local-main-place-address","streetAddress":"Pyymosantie 5a","addressLocality":"Vantaa","postalCode":"01720","addressCountry":"FI"},{"@type":"ImageObject","inLanguage":"fi","@id":"https:\/\/hotelli03.domainhotelli.fi\/~lsdoecli\/tuote\/taljaussakki-ct-azimut-25l-sininen\/#local-main-organization-logo","url":"https:\/\/hotelli03.domainhotelli.fi\/~lsdoecli\/wp-content\/uploads\/2021\/08\/JVTuonti_logo_nelio.jpg","contentUrl":"https:\/\/hotelli03.domainhotelli.fi\/~lsdoecli\/wp-content\/uploads\/2021\/08\/JVTuonti_logo_nelio.jpg","width":550,"height":550,"caption":"JV Tuonti Oy"}]},"product_brand":"CT","product_price_amount":"160.94","product_price_currency":"EUR","og_availability":"instock","product_availability":"instock","product_retailer_item_id":"7X9862503CTSTD","product_condition":"new","geo.placename":"Vantaa","geo.position":{"lat":"60.28431","long":"24.81654"},"geo.region":"Suomi"},"_links":{"self":[{"href":"https:\/\/hotelli03.domainhotelli.fi\/~lsdoecli\/wp-json\/wp\/v2\/product\/8459"}],"collection":[{"href":"https:\/\/hotelli03.domainhotelli.fi\/~lsdoecli\/wp-json\/wp\/v2\/product"}],"about":[{"href":"https:\/\/hotelli03.domainhotelli.fi\/~lsdoecli\/wp-json\/wp\/v2\/types\/product"}],"replies":[{"embeddable":true,"href":"https:\/\/hotelli03.domainhotelli.fi\/~lsdoecli\/wp-json\/wp\/v2\/comments?post=8459"}],"wp:featuredmedia":[{"embeddable":true,"href":"https:\/\/hotelli03.domainhotelli.fi\/~lsdoecli\/wp-json\/wp\/v2\/media\/8462"}],"wp:attachment":[{"href":"https:\/\/hotelli03.domainhotelli.fi\/~lsdoecli\/wp-json\/wp\/v2\/media?parent=8459"}],"wp:term":[{"taxonomy":"product_cat","embeddable":true,"href":"https:\/\/hotelli03.domainhotelli.fi\/~lsdoecli\/wp-json\/wp\/v2\/product_cat?post=8459"},{"taxonomy":"product_tag","embeddable":true,"href":"https:\/\/hotelli03.domainhotelli.fi\/~lsdoecli\/wp-json\/wp\/v2\/product_tag?post=8459"}],"curies":[{"name":"wp","href":"https:\/\/api.w.org\/{rel}","templated":true}]}}