{"id":8456,"date":"2021-11-15T10:13:11","date_gmt":"2021-11-15T10:13:11","guid":{"rendered":"https:\/\/hotelli03.domainhotelli.fi\/~lsdoecli\/?post_type=product&#038;p=8456"},"modified":"2021-11-15T10:13:11","modified_gmt":"2021-11-15T10:13:11","slug":"varustereppu-ct-carrier-bag-35l","status":"publish","type":"product","link":"https:\/\/hotelli03.domainhotelli.fi\/~lsdoecli\/tuote\/varustereppu-ct-carrier-bag-35l\/","title":{"rendered":"Varustereppu CT Carrier Bag 35L"},"content":{"rendered":"<h2>Musta likaa ja vett\u00e4 hylkiv\u00e4 kevyt varustereppu ty\u00f6k\u00e4ytt\u00f6\u00f6n ja sporttikiipeilyyn.<\/h2>\n<p>Varustereppu CT Carrier Bag 35L on yksinkertaistettu simppeli rakenne kevyesti pehmustetuilla olkaviilekkeill\u00e4. Ei mit\u00e4\u00e4n ylim\u00e4\u00e4r\u00e4isi\u00e4 hienouksia. P\u00e4\u00e4ll\u00e4 sulkul\u00e4pp\u00e4. Suurikokoisen aukon ansiosta varusteet on helppo pakata ja ottaa k\u00e4ytt\u00f6\u00f6n. Tilavuus 35 litraa.<\/p>\n<p>Pit\u00e4\u00e4 varusteet suojassa sateelta, UV s\u00e4teilt\u00e4 ja antaa lis\u00e4suojaa ulkoisilta vauriouhkilta kuten viilloilta. K\u00e4sill\u00e4 kantamista varten p\u00e4\u00e4ll\u00e4 kantokahva. Suuaukko suljetaan suipoksi pikalukittavalla kiristysnarulla, jolloin ahtaissa paikoissa liikkuminen helpottuu. Aukon p\u00e4\u00e4ll\u00e4 koko yl\u00e4osan kattava tuplasoljellinen l\u00e4pp\u00e4. Sis\u00e4puolella suurikokoinen 27 cm x 26 cm vetoketjullinen tasku dokumenteille tai pientarvikkeille.<\/p>\n<h4>Varustereppu CT Carrier Bag 35L tekniset tiedot:<\/h4>\n<ul>\n<li>Materiaali PVC.<\/li>\n<li>Ei lainkaan metalliosia.<\/li>\n<li>Vesitiivis pohja.<\/li>\n<li>Korkeus: 52 cm.<\/li>\n<li>Ympyr\u00e4n muotoinen pohja halkaisijaltaan 30 cm.<\/li>\n<li>Paino: 600g.<\/li>\n<li>Materiaali- ja valmistusvirhetakuu 3 vuotta.<\/li>\n<\/ul>\n<p>&nbsp;<\/p>\n<p><a href=\"https:\/\/hotelli03.domainhotelli.fi\/~lsdoecli\/tuote-osasto\/putoamissuojaimet\/\">Katso my\u00f6s muut putoamissuojaimet ja varusteet t\u00e4st\u00e4!\u00a0<\/a><\/p>\n<p>&nbsp;<\/p>\n<p>Maahantuoja: <a href=\"https:\/\/www.vandernet.com\">Vandernet Oy<\/a><\/p>\n","protected":false},"excerpt":{"rendered":"<h4>Musta likaa ja vett\u00e4 hylkiv\u00e4 kevyt varustereppu ty\u00f6k\u00e4ytt\u00f6\u00f6n ja sporttikiipeilyyn.<\/h4>\n<p>Varustereppu CT Carrier Bag 35L on yksinkertaistettu simppeli rakenne kevyesti pehmustetuilla olkaviilekkeill\u00e4. Ei mit\u00e4\u00e4n ylim\u00e4\u00e4r\u00e4isi\u00e4 hienouksia. P\u00e4\u00e4ll\u00e4 sulkul\u00e4pp\u00e4. Suurikokoisen aukon ansiosta varusteet on helppo pakata ja ottaa k\u00e4ytt\u00f6\u00f6n. Tilavuus 35 litraa.<\/p>\n","protected":false},"featured_media":8457,"comment_status":"open","ping_status":"closed","template":"","meta":[],"product_cat":[460],"product_tag":[940],"yoast_head":"<!-- This site is optimized with the Yoast SEO Premium plugin v18.9 (Yoast SEO v19.3) - https:\/\/yoast.com\/wordpress\/plugins\/seo\/ -->\n<title>Varustereppu CT Carrier Bag 35L | JV Tuonti<\/title>\n<meta name=\"description\" content=\"Varustereppu CT Carrier Bag 35L on musta likaa ja vett\u00e4 hylkiv\u00e4 kevyt varustereppu ty\u00f6k\u00e4ytt\u00f6\u00f6n ja sporttikiipeilyyn. Tilaa t\u00e4st\u00e4!\" \/>\n<meta name=\"robots\" content=\"index, follow, max-snippet:-1, max-image-preview:large, max-video-preview:-1\" \/>\n<link rel=\"canonical\" href=\"https:\/\/hotelli03.domainhotelli.fi\/~lsdoecli\/tuote\/varustereppu-ct-carrier-bag-35l\/\" \/>\n<meta property=\"og:locale\" content=\"fi_FI\" \/>\n<meta property=\"og:type\" content=\"article\" \/>\n<meta property=\"og:title\" content=\"Varustereppu CT Carrier Bag 35L\" \/>\n<meta property=\"og:description\" content=\"Varustereppu CT Carrier Bag 35L on musta likaa ja vett\u00e4 hylkiv\u00e4 kevyt varustereppu ty\u00f6k\u00e4ytt\u00f6\u00f6n ja sporttikiipeilyyn. Tilaa t\u00e4st\u00e4!\" \/>\n<meta property=\"og:url\" content=\"https:\/\/hotelli03.domainhotelli.fi\/~lsdoecli\/tuote\/varustereppu-ct-carrier-bag-35l\/\" \/>\n<meta property=\"og:site_name\" content=\"JV Tuonti\" \/>\n<meta property=\"article:publisher\" content=\"https:\/\/www.facebook.com\/JVTuontiOy\" \/>\n<meta property=\"og:image\" content=\"https:\/\/hotelli03.domainhotelli.fi\/~lsdoecli\/wp-content\/uploads\/2021\/11\/Varustereppu-CT-Carrier-Bag-35L.jpeg\" \/>\n\t<meta property=\"og:image:width\" content=\"600\" \/>\n\t<meta property=\"og:image:height\" content=\"600\" \/>\n\t<meta property=\"og:image:type\" content=\"image\/jpeg\" \/>\n<meta name=\"twitter:card\" content=\"summary_large_image\" \/>\n<meta name=\"twitter:label1\" content=\"Price\" \/>\n\t<meta name=\"twitter:data1\" content=\"59,94&nbsp;&euro; Alv 24%N\u00e4yt\u00e4 veroton hinta48,34&nbsp;&euro; Alv 0%N\u00e4yt\u00e4 verollinen hinta\" \/>\n\t<meta name=\"twitter:label2\" content=\"Availability\" \/>\n\t<meta name=\"twitter:data2\" content=\"In stock\" \/>\n<script type=\"application\/ld+json\" class=\"yoast-schema-graph\">{\"@context\":\"https:\/\/schema.org\",\"@graph\":[{\"@type\":[\"Organization\",\"Place\",\"WholesaleStore\"],\"@id\":\"https:\/\/hotelli03.domainhotelli.fi\/~lsdoecli\/#organization\",\"name\":\"JV Tuonti Oy\",\"url\":\"https:\/\/hotelli03.domainhotelli.fi\/~lsdoecli\/\",\"sameAs\":[\"https:\/\/instagram.com\/jvtuontioy?utm_medium=copy_link\",\"https:\/\/www.facebook.com\/JVTuontiOy\"],\"logo\":{\"@id\":\"https:\/\/hotelli03.domainhotelli.fi\/~lsdoecli\/tuote\/varustereppu-ct-carrier-bag-35l\/#local-main-organization-logo\"},\"image\":{\"@id\":\"https:\/\/hotelli03.domainhotelli.fi\/~lsdoecli\/tuote\/varustereppu-ct-carrier-bag-35l\/#local-main-organization-logo\"},\"address\":{\"@id\":\"https:\/\/hotelli03.domainhotelli.fi\/~lsdoecli\/tuote\/varustereppu-ct-carrier-bag-35l\/#local-main-place-address\"},\"geo\":{\"@type\":\"GeoCoordinates\",\"latitude\":\"60.28431\",\"longitude\":\"24.81654\"},\"telephone\":[\"0408369980\"],\"openingHoursSpecification\":[{\"@type\":\"OpeningHoursSpecification\",\"dayOfWeek\":[\"Monday\",\"Tuesday\",\"Wednesday\",\"Thursday\",\"Friday\"],\"opens\":\"08:00\",\"closes\":\"16:00\"},{\"@type\":\"OpeningHoursSpecification\",\"dayOfWeek\":[\"Saturday\",\"Sunday\"],\"opens\":\"00:00\",\"closes\":\"00:00\"}],\"email\":\"myynti@hotelli03.domainhotelli.fi\",\"areaServed\":\"Suomi, Ruotsi\",\"vatID\":\"FI30178387\",\"priceRange\":\"$$\",\"currenciesAccepted\":\"\u20ac\",\"paymentAccepted\":\"Lasku, pankkikortti\"},{\"@type\":\"WebSite\",\"@id\":\"https:\/\/hotelli03.domainhotelli.fi\/~lsdoecli\/#website\",\"url\":\"https:\/\/hotelli03.domainhotelli.fi\/~lsdoecli\/\",\"name\":\"JV Tuonti\",\"description\":\"JV Tuonti Oy:n verkkokauppa\",\"publisher\":{\"@id\":\"https:\/\/hotelli03.domainhotelli.fi\/~lsdoecli\/#organization\"},\"potentialAction\":[{\"@type\":\"SearchAction\",\"target\":{\"@type\":\"EntryPoint\",\"urlTemplate\":\"https:\/\/hotelli03.domainhotelli.fi\/~lsdoecli\/?s={search_term_string}\"},\"query-input\":\"required name=search_term_string\"}],\"inLanguage\":\"fi\"},{\"@type\":\"ImageObject\",\"inLanguage\":\"fi\",\"@id\":\"https:\/\/hotelli03.domainhotelli.fi\/~lsdoecli\/tuote\/varustereppu-ct-carrier-bag-35l\/#primaryimage\",\"url\":\"https:\/\/hotelli03.domainhotelli.fi\/~lsdoecli\/wp-content\/uploads\/2021\/11\/Varustereppu-CT-Carrier-Bag-35L.jpeg\",\"contentUrl\":\"https:\/\/hotelli03.domainhotelli.fi\/~lsdoecli\/wp-content\/uploads\/2021\/11\/Varustereppu-CT-Carrier-Bag-35L.jpeg\",\"width\":600,\"height\":600,\"caption\":\"Varustereppu CT Carrier Bag 35L\"},{\"@type\":\"WebPage\",\"@id\":\"https:\/\/hotelli03.domainhotelli.fi\/~lsdoecli\/tuote\/varustereppu-ct-carrier-bag-35l\/\",\"url\":\"https:\/\/hotelli03.domainhotelli.fi\/~lsdoecli\/tuote\/varustereppu-ct-carrier-bag-35l\/\",\"name\":\"Varustereppu CT Carrier Bag 35L | JV Tuonti\",\"isPartOf\":{\"@id\":\"https:\/\/hotelli03.domainhotelli.fi\/~lsdoecli\/#website\"},\"primaryImageOfPage\":{\"@id\":\"https:\/\/hotelli03.domainhotelli.fi\/~lsdoecli\/tuote\/varustereppu-ct-carrier-bag-35l\/#primaryimage\"},\"datePublished\":\"2021-11-15T10:13:11+00:00\",\"dateModified\":\"2021-11-15T10:13:11+00:00\",\"description\":\"Varustereppu CT Carrier Bag 35L on musta likaa ja vett\u00e4 hylkiv\u00e4 kevyt varustereppu ty\u00f6k\u00e4ytt\u00f6\u00f6n ja sporttikiipeilyyn. Tilaa t\u00e4st\u00e4!\",\"breadcrumb\":{\"@id\":\"https:\/\/hotelli03.domainhotelli.fi\/~lsdoecli\/tuote\/varustereppu-ct-carrier-bag-35l\/#breadcrumb\"},\"inLanguage\":\"fi\",\"potentialAction\":[{\"@type\":\"ReadAction\",\"target\":[\"https:\/\/hotelli03.domainhotelli.fi\/~lsdoecli\/tuote\/varustereppu-ct-carrier-bag-35l\/\"]}]},{\"@type\":\"BreadcrumbList\",\"@id\":\"https:\/\/hotelli03.domainhotelli.fi\/~lsdoecli\/tuote\/varustereppu-ct-carrier-bag-35l\/#breadcrumb\",\"itemListElement\":[{\"@type\":\"ListItem\",\"position\":1,\"name\":\"Etusivu\",\"item\":\"https:\/\/hotelli03.domainhotelli.fi\/~lsdoecli\/\"},{\"@type\":\"ListItem\",\"position\":2,\"name\":\"Kauppa\",\"item\":\"https:\/\/hotelli03.domainhotelli.fi\/~lsdoecli\/kauppa\/\"},{\"@type\":\"ListItem\",\"position\":3,\"name\":\"Varustereppu CT Carrier Bag 35L\"}]},{\"@type\":\"PostalAddress\",\"@id\":\"https:\/\/hotelli03.domainhotelli.fi\/~lsdoecli\/tuote\/varustereppu-ct-carrier-bag-35l\/#local-main-place-address\",\"streetAddress\":\"Pyymosantie 5a\",\"addressLocality\":\"Vantaa\",\"postalCode\":\"01720\",\"addressCountry\":\"FI\"},{\"@type\":\"ImageObject\",\"inLanguage\":\"fi\",\"@id\":\"https:\/\/hotelli03.domainhotelli.fi\/~lsdoecli\/tuote\/varustereppu-ct-carrier-bag-35l\/#local-main-organization-logo\",\"url\":\"https:\/\/hotelli03.domainhotelli.fi\/~lsdoecli\/wp-content\/uploads\/2021\/08\/JVTuonti_logo_nelio.jpg\",\"contentUrl\":\"https:\/\/hotelli03.domainhotelli.fi\/~lsdoecli\/wp-content\/uploads\/2021\/08\/JVTuonti_logo_nelio.jpg\",\"width\":550,\"height\":550,\"caption\":\"JV Tuonti Oy\"}]}<\/script>\n<meta property=\"product:brand\" content=\"CT\" \/>\n<meta property=\"product:price:amount\" content=\"59.94\" \/>\n<meta property=\"product:price:currency\" content=\"EUR\" \/>\n<meta property=\"og:availability\" content=\"instock\" \/>\n<meta property=\"product:availability\" content=\"instock\" \/>\n<meta property=\"product:retailer_item_id\" content=\"7X97100STD\" \/>\n<meta property=\"product:condition\" content=\"new\" \/>\n<meta name=\"geo.placename\" content=\"Vantaa\" \/>\n<meta name=\"geo.position\" content=\"60.28431;24.81654\" \/>\n<meta name=\"geo.region\" content=\"Suomi\" \/>\n<!-- \/ Yoast SEO Premium plugin. -->","yoast_head_json":{"title":"Varustereppu CT Carrier Bag 35L | JV Tuonti","description":"Varustereppu CT Carrier Bag 35L on musta likaa ja vett\u00e4 hylkiv\u00e4 kevyt varustereppu ty\u00f6k\u00e4ytt\u00f6\u00f6n ja sporttikiipeilyyn. Tilaa t\u00e4st\u00e4!","robots":{"index":"index","follow":"follow","max-snippet":"max-snippet:-1","max-image-preview":"max-image-preview:large","max-video-preview":"max-video-preview:-1"},"canonical":"https:\/\/hotelli03.domainhotelli.fi\/~lsdoecli\/tuote\/varustereppu-ct-carrier-bag-35l\/","og_locale":"fi_FI","og_type":"article","og_title":"Varustereppu CT Carrier Bag 35L","og_description":"Varustereppu CT Carrier Bag 35L on musta likaa ja vett\u00e4 hylkiv\u00e4 kevyt varustereppu ty\u00f6k\u00e4ytt\u00f6\u00f6n ja sporttikiipeilyyn. Tilaa t\u00e4st\u00e4!","og_url":"https:\/\/hotelli03.domainhotelli.fi\/~lsdoecli\/tuote\/varustereppu-ct-carrier-bag-35l\/","og_site_name":"JV Tuonti","article_publisher":"https:\/\/www.facebook.com\/JVTuontiOy","og_image":[{"width":600,"height":600,"url":"https:\/\/hotelli03.domainhotelli.fi\/~lsdoecli\/wp-content\/uploads\/2021\/11\/Varustereppu-CT-Carrier-Bag-35L.jpeg","type":"image\/jpeg"}],"twitter_card":"summary_large_image","twitter_misc":{"Price":"59,94&nbsp;&euro; Alv 24%N\u00e4yt\u00e4 veroton hinta48,34&nbsp;&euro; Alv 0%N\u00e4yt\u00e4 verollinen hinta","Availability":"In stock"},"schema":{"@context":"https:\/\/schema.org","@graph":[{"@type":["Organization","Place","WholesaleStore"],"@id":"https:\/\/hotelli03.domainhotelli.fi\/~lsdoecli\/#organization","name":"JV Tuonti Oy","url":"https:\/\/hotelli03.domainhotelli.fi\/~lsdoecli\/","sameAs":["https:\/\/instagram.com\/jvtuontioy?utm_medium=copy_link","https:\/\/www.facebook.com\/JVTuontiOy"],"logo":{"@id":"https:\/\/hotelli03.domainhotelli.fi\/~lsdoecli\/tuote\/varustereppu-ct-carrier-bag-35l\/#local-main-organization-logo"},"image":{"@id":"https:\/\/hotelli03.domainhotelli.fi\/~lsdoecli\/tuote\/varustereppu-ct-carrier-bag-35l\/#local-main-organization-logo"},"address":{"@id":"https:\/\/hotelli03.domainhotelli.fi\/~lsdoecli\/tuote\/varustereppu-ct-carrier-bag-35l\/#local-main-place-address"},"geo":{"@type":"GeoCoordinates","latitude":"60.28431","longitude":"24.81654"},"telephone":["0408369980"],"openingHoursSpecification":[{"@type":"OpeningHoursSpecification","dayOfWeek":["Monday","Tuesday","Wednesday","Thursday","Friday"],"opens":"08:00","closes":"16:00"},{"@type":"OpeningHoursSpecification","dayOfWeek":["Saturday","Sunday"],"opens":"00:00","closes":"00:00"}],"email":"myynti@hotelli03.domainhotelli.fi","areaServed":"Suomi, Ruotsi","vatID":"FI30178387","priceRange":"$$","currenciesAccepted":"\u20ac","paymentAccepted":"Lasku, pankkikortti"},{"@type":"WebSite","@id":"https:\/\/hotelli03.domainhotelli.fi\/~lsdoecli\/#website","url":"https:\/\/hotelli03.domainhotelli.fi\/~lsdoecli\/","name":"JV Tuonti","description":"JV Tuonti Oy:n verkkokauppa","publisher":{"@id":"https:\/\/hotelli03.domainhotelli.fi\/~lsdoecli\/#organization"},"potentialAction":[{"@type":"SearchAction","target":{"@type":"EntryPoint","urlTemplate":"https:\/\/hotelli03.domainhotelli.fi\/~lsdoecli\/?s={search_term_string}"},"query-input":"required name=search_term_string"}],"inLanguage":"fi"},{"@type":"ImageObject","inLanguage":"fi","@id":"https:\/\/hotelli03.domainhotelli.fi\/~lsdoecli\/tuote\/varustereppu-ct-carrier-bag-35l\/#primaryimage","url":"https:\/\/hotelli03.domainhotelli.fi\/~lsdoecli\/wp-content\/uploads\/2021\/11\/Varustereppu-CT-Carrier-Bag-35L.jpeg","contentUrl":"https:\/\/hotelli03.domainhotelli.fi\/~lsdoecli\/wp-content\/uploads\/2021\/11\/Varustereppu-CT-Carrier-Bag-35L.jpeg","width":600,"height":600,"caption":"Varustereppu CT Carrier Bag 35L"},{"@type":"WebPage","@id":"https:\/\/hotelli03.domainhotelli.fi\/~lsdoecli\/tuote\/varustereppu-ct-carrier-bag-35l\/","url":"https:\/\/hotelli03.domainhotelli.fi\/~lsdoecli\/tuote\/varustereppu-ct-carrier-bag-35l\/","name":"Varustereppu CT Carrier Bag 35L | JV Tuonti","isPartOf":{"@id":"https:\/\/hotelli03.domainhotelli.fi\/~lsdoecli\/#website"},"primaryImageOfPage":{"@id":"https:\/\/hotelli03.domainhotelli.fi\/~lsdoecli\/tuote\/varustereppu-ct-carrier-bag-35l\/#primaryimage"},"datePublished":"2021-11-15T10:13:11+00:00","dateModified":"2021-11-15T10:13:11+00:00","description":"Varustereppu CT Carrier Bag 35L on musta likaa ja vett\u00e4 hylkiv\u00e4 kevyt varustereppu ty\u00f6k\u00e4ytt\u00f6\u00f6n ja sporttikiipeilyyn. Tilaa t\u00e4st\u00e4!","breadcrumb":{"@id":"https:\/\/hotelli03.domainhotelli.fi\/~lsdoecli\/tuote\/varustereppu-ct-carrier-bag-35l\/#breadcrumb"},"inLanguage":"fi","potentialAction":[{"@type":"ReadAction","target":["https:\/\/hotelli03.domainhotelli.fi\/~lsdoecli\/tuote\/varustereppu-ct-carrier-bag-35l\/"]}]},{"@type":"BreadcrumbList","@id":"https:\/\/hotelli03.domainhotelli.fi\/~lsdoecli\/tuote\/varustereppu-ct-carrier-bag-35l\/#breadcrumb","itemListElement":[{"@type":"ListItem","position":1,"name":"Etusivu","item":"https:\/\/hotelli03.domainhotelli.fi\/~lsdoecli\/"},{"@type":"ListItem","position":2,"name":"Kauppa","item":"https:\/\/hotelli03.domainhotelli.fi\/~lsdoecli\/kauppa\/"},{"@type":"ListItem","position":3,"name":"Varustereppu CT Carrier Bag 35L"}]},{"@type":"PostalAddress","@id":"https:\/\/hotelli03.domainhotelli.fi\/~lsdoecli\/tuote\/varustereppu-ct-carrier-bag-35l\/#local-main-place-address","streetAddress":"Pyymosantie 5a","addressLocality":"Vantaa","postalCode":"01720","addressCountry":"FI"},{"@type":"ImageObject","inLanguage":"fi","@id":"https:\/\/hotelli03.domainhotelli.fi\/~lsdoecli\/tuote\/varustereppu-ct-carrier-bag-35l\/#local-main-organization-logo","url":"https:\/\/hotelli03.domainhotelli.fi\/~lsdoecli\/wp-content\/uploads\/2021\/08\/JVTuonti_logo_nelio.jpg","contentUrl":"https:\/\/hotelli03.domainhotelli.fi\/~lsdoecli\/wp-content\/uploads\/2021\/08\/JVTuonti_logo_nelio.jpg","width":550,"height":550,"caption":"JV Tuonti Oy"}]},"product_brand":"CT","product_price_amount":"59.94","product_price_currency":"EUR","og_availability":"instock","product_availability":"instock","product_retailer_item_id":"7X97100STD","product_condition":"new","geo.placename":"Vantaa","geo.position":{"lat":"60.28431","long":"24.81654"},"geo.region":"Suomi"},"_links":{"self":[{"href":"https:\/\/hotelli03.domainhotelli.fi\/~lsdoecli\/wp-json\/wp\/v2\/product\/8456"}],"collection":[{"href":"https:\/\/hotelli03.domainhotelli.fi\/~lsdoecli\/wp-json\/wp\/v2\/product"}],"about":[{"href":"https:\/\/hotelli03.domainhotelli.fi\/~lsdoecli\/wp-json\/wp\/v2\/types\/product"}],"replies":[{"embeddable":true,"href":"https:\/\/hotelli03.domainhotelli.fi\/~lsdoecli\/wp-json\/wp\/v2\/comments?post=8456"}],"wp:featuredmedia":[{"embeddable":true,"href":"https:\/\/hotelli03.domainhotelli.fi\/~lsdoecli\/wp-json\/wp\/v2\/media\/8457"}],"wp:attachment":[{"href":"https:\/\/hotelli03.domainhotelli.fi\/~lsdoecli\/wp-json\/wp\/v2\/media?parent=8456"}],"wp:term":[{"taxonomy":"product_cat","embeddable":true,"href":"https:\/\/hotelli03.domainhotelli.fi\/~lsdoecli\/wp-json\/wp\/v2\/product_cat?post=8456"},{"taxonomy":"product_tag","embeddable":true,"href":"https:\/\/hotelli03.domainhotelli.fi\/~lsdoecli\/wp-json\/wp\/v2\/product_tag?post=8456"}],"curies":[{"name":"wp","href":"https:\/\/api.w.org\/{rel}","templated":true}]}}