{"id":8442,"date":"2021-11-15T09:42:29","date_gmt":"2021-11-15T09:42:29","guid":{"rendered":"https:\/\/hotelli03.domainhotelli.fi\/~lsdoecli\/?post_type=product&#038;p=8442"},"modified":"2021-11-15T09:42:30","modified_gmt":"2021-11-15T09:42:30","slug":"tyokalupussi-beal-long-tool-bucket-5l","status":"publish","type":"product","link":"https:\/\/hotelli03.domainhotelli.fi\/~lsdoecli\/tuote\/tyokalupussi-beal-long-tool-bucket-5l\/","title":{"rendered":"Ty\u00f6kalupussi Beal Long Tool Bucket 5L"},"content":{"rendered":"<h2>Kulutuskest\u00e4v\u00e4 ja syv\u00e4 5 L ty\u00f6kalupussi.<\/h2>\n<p>Ty\u00f6kalupussi Beal Long Tool Bucket 5L yl\u00e4osassa on kaksi karabiinia, joilla pussi voidaan kiinnitt\u00e4\u00e4 suoraan Beal ty\u00f6valjaiden, puosuntuolin tai Tool Belt ty\u00f6kaluvy\u00f6n kiinnityspisteisiin. Soveltuu k\u00e4ytett\u00e4v\u00e4ksi my\u00f6s muiden valmistajien valjaiden ja ty\u00f6housujen kanssa. Soveltuu pitkienkin ty\u00f6kalujen ja tarvikkeiden kuljettamiseen ja pit\u00e4miseen helposti ja turvallisesti saatavilla: Vasaralle, voimapihdeille, isoille jako-&amp;kiintoavaimille jne. Clic Clac suuaukko on nopea avata ja sulkea yhdell\u00e4 k\u00e4dell\u00e4 ja ehk\u00e4isee ty\u00f6kalupussissa olevien esineiden tippumisen.<\/p>\n<p>Ulkopuolella kaksi pient\u00e4 kulutussuojattua varustelenkki\u00e4, joihin voidaan kiinnitt\u00e4\u00e4 <a href=\"https:\/\/hotelli03.domainhotelli.fi\/~lsdoecli\/tuote\/tyokaluvarmistin-beal-air-leash\/\">Beal Air-Leash ty\u00f6kaluvarmistinnauhat (tuotekoodi BAL<\/a>) tai <a href=\"https:\/\/hotelli03.domainhotelli.fi\/~lsdoecli\/tuote\/tyokaluhihna-beal-super-leash-10kg\/\">Beal Super Leash ty\u00f6kaluvarmistinnauhat (tuotekoodi BALS)<\/a>, tai ketjuttaa useampi samanmallinen tai eri mallinen Beal ty\u00f6kalupussi yhteen ty\u00f6tarpeiden mukaan. Pohjassa sadeveden tyhjennysreik\u00e4.<\/p>\n<h4>Ty\u00f6kalupussi Beal Long Tool Bucket 5L tekniset tiedot:<\/h4>\n<ul>\n<li>Paino vain 228 g.<\/li>\n<li>Korkeus 34 cm. Leveys 16 cm. Syvyys 13 cm.<\/li>\n<li>Materiaali eritt\u00e4in kulutuskest\u00e4v\u00e4 ultra\u00e4\u00e4nihitsattu vesitiivis PVC.<\/li>\n<li>Ulkopinnat ovat likaa hylkiv\u00e4 mustaa ja sis\u00e4pinta keltaista, joka helpottaa varusteiden l\u00f6yt\u00e4mist\u00e4 ja n\u00e4kemist\u00e4.<\/li>\n<li>Materiaali- ja valmistusvirhetakuu 3 vuotta.<\/li>\n<\/ul>\n<p><iframe loading=\"lazy\" title=\"BEAL   WORK STATION PRODUCTS HD\" width=\"1140\" height=\"641\" src=\"https:\/\/www.youtube.com\/embed\/in2gPVLf49E?feature=oembed\" frameborder=\"0\" allow=\"accelerometer; autoplay; clipboard-write; encrypted-media; gyroscope; picture-in-picture\" allowfullscreen><\/iframe><\/p>\n<p><a href=\"https:\/\/hotelli03.domainhotelli.fi\/~lsdoecli\/tuote-osasto\/putoamissuojaimet\/\">Katso my\u00f6s muut putoamissuojaimet ja varusteet t\u00e4st\u00e4!\u00a0<\/a><\/p>\n<p>&nbsp;<\/p>\n<p>Maahantuoja: <a href=\"https:\/\/www.vandernet.com\">Vandernet Oy<\/a><\/p>\n","protected":false},"excerpt":{"rendered":"<p>Kulutuskest\u00e4v\u00e4 ja syv\u00e4 5 L ty\u00f6kalupussi. Ty\u00f6kalupussi Beal Long Tool Bucket 5L yl\u00e4osassa on kaksi karabiinia, joilla pussi voidaan kiinnitt\u00e4\u00e4 suoraan Beal ty\u00f6valjaiden, puosuntuolin tai Tool Belt ty\u00f6kaluvy\u00f6n kiinnityspisteisiin. Soveltuu k\u00e4ytett\u00e4v\u00e4ksi my\u00f6s muiden valmistajien valjaiden ja ty\u00f6housujen kanssa. Soveltuu pitkienkin ty\u00f6kalujen ja tarvikkeiden kuljettamiseen ja pit\u00e4miseen helposti ja turvallisesti saatavilla: Vasaralle, voimapihdeille, isoille jako-&amp;kiintoavaimille jne. [&hellip;]<\/p>\n","protected":false},"featured_media":8443,"comment_status":"open","ping_status":"closed","template":"","meta":[],"product_cat":[460],"product_tag":[939],"yoast_head":"<!-- This site is optimized with the Yoast SEO Premium plugin v18.9 (Yoast SEO v19.3) - https:\/\/yoast.com\/wordpress\/plugins\/seo\/ -->\n<title>Ty\u00f6kalupussi Beal Long Tool Bucket 5L | JV Tuonti<\/title>\n<meta name=\"description\" content=\"Ty\u00f6kalupussi Beal Long Tool Bucket 5L yl\u00e4osassa on kaksi karabiinia, joilla pussi voidaan kiinnitt\u00e4\u00e4 suoraan ty\u00f6valjaisiin. Tilaa t\u00e4st\u00e4!\" \/>\n<meta name=\"robots\" content=\"index, follow, max-snippet:-1, max-image-preview:large, max-video-preview:-1\" \/>\n<link rel=\"canonical\" href=\"https:\/\/hotelli03.domainhotelli.fi\/~lsdoecli\/tuote\/tyokalupussi-beal-long-tool-bucket-5l\/\" \/>\n<meta property=\"og:locale\" content=\"fi_FI\" \/>\n<meta property=\"og:type\" content=\"article\" \/>\n<meta property=\"og:title\" content=\"Ty\u00f6kalupussi Beal Long Tool Bucket 5L\" \/>\n<meta property=\"og:description\" content=\"Ty\u00f6kalupussi Beal Long Tool Bucket 5L yl\u00e4osassa on kaksi karabiinia, joilla pussi voidaan kiinnitt\u00e4\u00e4 suoraan ty\u00f6valjaisiin. Tilaa t\u00e4st\u00e4!\" \/>\n<meta property=\"og:url\" content=\"https:\/\/hotelli03.domainhotelli.fi\/~lsdoecli\/tuote\/tyokalupussi-beal-long-tool-bucket-5l\/\" \/>\n<meta property=\"og:site_name\" content=\"JV Tuonti\" \/>\n<meta property=\"article:publisher\" content=\"https:\/\/www.facebook.com\/JVTuontiOy\" \/>\n<meta property=\"article:modified_time\" content=\"2021-11-15T09:42:30+00:00\" \/>\n<meta property=\"og:image\" content=\"https:\/\/hotelli03.domainhotelli.fi\/~lsdoecli\/wp-content\/uploads\/2021\/11\/Tyokalupussi-Beal-Long-Tool-Bucket-5L.jpeg\" \/>\n\t<meta property=\"og:image:width\" content=\"600\" \/>\n\t<meta property=\"og:image:height\" content=\"600\" \/>\n\t<meta property=\"og:image:type\" content=\"image\/jpeg\" \/>\n<meta name=\"twitter:card\" content=\"summary_large_image\" \/>\n<meta name=\"twitter:label1\" content=\"Price\" \/>\n\t<meta name=\"twitter:data1\" content=\"N\u00e4yt\u00e4 veroton hinta0,00&nbsp;&euro; Alv 0%N\u00e4yt\u00e4 verollinen hinta\" \/>\n\t<meta name=\"twitter:label2\" content=\"Availability\" \/>\n\t<meta name=\"twitter:data2\" content=\"In stock\" \/>\n<script type=\"application\/ld+json\" class=\"yoast-schema-graph\">{\"@context\":\"https:\/\/schema.org\",\"@graph\":[{\"@type\":[\"Organization\",\"Place\",\"WholesaleStore\"],\"@id\":\"https:\/\/hotelli03.domainhotelli.fi\/~lsdoecli\/#organization\",\"name\":\"JV Tuonti Oy\",\"url\":\"https:\/\/hotelli03.domainhotelli.fi\/~lsdoecli\/\",\"sameAs\":[\"https:\/\/instagram.com\/jvtuontioy?utm_medium=copy_link\",\"https:\/\/www.facebook.com\/JVTuontiOy\"],\"logo\":{\"@id\":\"https:\/\/hotelli03.domainhotelli.fi\/~lsdoecli\/tuote\/tyokalupussi-beal-long-tool-bucket-5l\/#local-main-organization-logo\"},\"image\":{\"@id\":\"https:\/\/hotelli03.domainhotelli.fi\/~lsdoecli\/tuote\/tyokalupussi-beal-long-tool-bucket-5l\/#local-main-organization-logo\"},\"address\":{\"@id\":\"https:\/\/hotelli03.domainhotelli.fi\/~lsdoecli\/tuote\/tyokalupussi-beal-long-tool-bucket-5l\/#local-main-place-address\"},\"geo\":{\"@type\":\"GeoCoordinates\",\"latitude\":\"60.28431\",\"longitude\":\"24.81654\"},\"telephone\":[\"0408369980\"],\"openingHoursSpecification\":[{\"@type\":\"OpeningHoursSpecification\",\"dayOfWeek\":[\"Monday\",\"Tuesday\",\"Wednesday\",\"Thursday\",\"Friday\"],\"opens\":\"08:00\",\"closes\":\"16:00\"},{\"@type\":\"OpeningHoursSpecification\",\"dayOfWeek\":[\"Saturday\",\"Sunday\"],\"opens\":\"00:00\",\"closes\":\"00:00\"}],\"email\":\"myynti@hotelli03.domainhotelli.fi\",\"areaServed\":\"Suomi, Ruotsi\",\"vatID\":\"FI30178387\",\"priceRange\":\"$$\",\"currenciesAccepted\":\"\u20ac\",\"paymentAccepted\":\"Lasku, pankkikortti\"},{\"@type\":\"WebSite\",\"@id\":\"https:\/\/hotelli03.domainhotelli.fi\/~lsdoecli\/#website\",\"url\":\"https:\/\/hotelli03.domainhotelli.fi\/~lsdoecli\/\",\"name\":\"JV Tuonti\",\"description\":\"JV Tuonti Oy:n verkkokauppa\",\"publisher\":{\"@id\":\"https:\/\/hotelli03.domainhotelli.fi\/~lsdoecli\/#organization\"},\"potentialAction\":[{\"@type\":\"SearchAction\",\"target\":{\"@type\":\"EntryPoint\",\"urlTemplate\":\"https:\/\/hotelli03.domainhotelli.fi\/~lsdoecli\/?s={search_term_string}\"},\"query-input\":\"required name=search_term_string\"}],\"inLanguage\":\"fi\"},{\"@type\":\"ImageObject\",\"inLanguage\":\"fi\",\"@id\":\"https:\/\/hotelli03.domainhotelli.fi\/~lsdoecli\/tuote\/tyokalupussi-beal-long-tool-bucket-5l\/#primaryimage\",\"url\":\"https:\/\/hotelli03.domainhotelli.fi\/~lsdoecli\/wp-content\/uploads\/2021\/11\/Tyokalupussi-Beal-Long-Tool-Bucket-5L.jpeg\",\"contentUrl\":\"https:\/\/hotelli03.domainhotelli.fi\/~lsdoecli\/wp-content\/uploads\/2021\/11\/Tyokalupussi-Beal-Long-Tool-Bucket-5L.jpeg\",\"width\":600,\"height\":600,\"caption\":\"Ty\u00f6kalupussi Beal Long Tool Bucket 5L\"},{\"@type\":\"WebPage\",\"@id\":\"https:\/\/hotelli03.domainhotelli.fi\/~lsdoecli\/tuote\/tyokalupussi-beal-long-tool-bucket-5l\/\",\"url\":\"https:\/\/hotelli03.domainhotelli.fi\/~lsdoecli\/tuote\/tyokalupussi-beal-long-tool-bucket-5l\/\",\"name\":\"Ty\u00f6kalupussi Beal Long Tool Bucket 5L | JV Tuonti\",\"isPartOf\":{\"@id\":\"https:\/\/hotelli03.domainhotelli.fi\/~lsdoecli\/#website\"},\"primaryImageOfPage\":{\"@id\":\"https:\/\/hotelli03.domainhotelli.fi\/~lsdoecli\/tuote\/tyokalupussi-beal-long-tool-bucket-5l\/#primaryimage\"},\"datePublished\":\"2021-11-15T09:42:29+00:00\",\"dateModified\":\"2021-11-15T09:42:30+00:00\",\"description\":\"Ty\u00f6kalupussi Beal Long Tool Bucket 5L yl\u00e4osassa on kaksi karabiinia, joilla pussi voidaan kiinnitt\u00e4\u00e4 suoraan ty\u00f6valjaisiin. Tilaa t\u00e4st\u00e4!\",\"breadcrumb\":{\"@id\":\"https:\/\/hotelli03.domainhotelli.fi\/~lsdoecli\/tuote\/tyokalupussi-beal-long-tool-bucket-5l\/#breadcrumb\"},\"inLanguage\":\"fi\",\"potentialAction\":[{\"@type\":\"ReadAction\",\"target\":[\"https:\/\/hotelli03.domainhotelli.fi\/~lsdoecli\/tuote\/tyokalupussi-beal-long-tool-bucket-5l\/\"]}]},{\"@type\":\"BreadcrumbList\",\"@id\":\"https:\/\/hotelli03.domainhotelli.fi\/~lsdoecli\/tuote\/tyokalupussi-beal-long-tool-bucket-5l\/#breadcrumb\",\"itemListElement\":[{\"@type\":\"ListItem\",\"position\":1,\"name\":\"Etusivu\",\"item\":\"https:\/\/hotelli03.domainhotelli.fi\/~lsdoecli\/\"},{\"@type\":\"ListItem\",\"position\":2,\"name\":\"Kauppa\",\"item\":\"https:\/\/hotelli03.domainhotelli.fi\/~lsdoecli\/kauppa\/\"},{\"@type\":\"ListItem\",\"position\":3,\"name\":\"Ty\u00f6kalupussi Beal Long Tool Bucket 5L\"}]},{\"@type\":\"PostalAddress\",\"@id\":\"https:\/\/hotelli03.domainhotelli.fi\/~lsdoecli\/tuote\/tyokalupussi-beal-long-tool-bucket-5l\/#local-main-place-address\",\"streetAddress\":\"Pyymosantie 5a\",\"addressLocality\":\"Vantaa\",\"postalCode\":\"01720\",\"addressCountry\":\"FI\"},{\"@type\":\"ImageObject\",\"inLanguage\":\"fi\",\"@id\":\"https:\/\/hotelli03.domainhotelli.fi\/~lsdoecli\/tuote\/tyokalupussi-beal-long-tool-bucket-5l\/#local-main-organization-logo\",\"url\":\"https:\/\/hotelli03.domainhotelli.fi\/~lsdoecli\/wp-content\/uploads\/2021\/08\/JVTuonti_logo_nelio.jpg\",\"contentUrl\":\"https:\/\/hotelli03.domainhotelli.fi\/~lsdoecli\/wp-content\/uploads\/2021\/08\/JVTuonti_logo_nelio.jpg\",\"width\":550,\"height\":550,\"caption\":\"JV Tuonti Oy\"}]}<\/script>\n<meta property=\"og:video\" content=\"https:\/\/www.youtube.com\/embed\/in2gPVLf49E\" \/>\n<meta property=\"og:video:type\" content=\"text\/html\" \/>\n<meta property=\"og:video:duration\" content=\"168\" \/>\n<meta property=\"og:video:width\" content=\"480\" \/>\n<meta property=\"og:video:height\" content=\"270\" \/>\n<meta property=\"ya:ovs:adult\" content=\"false\" \/>\n<meta property=\"ya:ovs:upload_date\" content=\"2021-11-15T09:42:29+00:00\" \/>\n<meta property=\"ya:ovs:allow_embed\" content=\"true\" \/>\n<meta property=\"product:price:amount\" content=\"0.00\" \/>\n<meta property=\"product:price:currency\" content=\"EUR\" \/>\n<meta property=\"og:availability\" content=\"instock\" \/>\n<meta property=\"product:availability\" content=\"instock\" \/>\n<meta property=\"product:condition\" content=\"new\" \/>\n<meta name=\"geo.placename\" content=\"Vantaa\" \/>\n<meta name=\"geo.position\" content=\"60.28431;24.81654\" \/>\n<meta name=\"geo.region\" content=\"Suomi\" \/>\n<!-- \/ Yoast SEO Premium plugin. -->","yoast_head_json":{"title":"Ty\u00f6kalupussi Beal Long Tool Bucket 5L | JV Tuonti","description":"Ty\u00f6kalupussi Beal Long Tool Bucket 5L yl\u00e4osassa on kaksi karabiinia, joilla pussi voidaan kiinnitt\u00e4\u00e4 suoraan ty\u00f6valjaisiin. Tilaa t\u00e4st\u00e4!","robots":{"index":"index","follow":"follow","max-snippet":"max-snippet:-1","max-image-preview":"max-image-preview:large","max-video-preview":"max-video-preview:-1"},"canonical":"https:\/\/hotelli03.domainhotelli.fi\/~lsdoecli\/tuote\/tyokalupussi-beal-long-tool-bucket-5l\/","og_locale":"fi_FI","og_type":"article","og_title":"Ty\u00f6kalupussi Beal Long Tool Bucket 5L","og_description":"Ty\u00f6kalupussi Beal Long Tool Bucket 5L yl\u00e4osassa on kaksi karabiinia, joilla pussi voidaan kiinnitt\u00e4\u00e4 suoraan ty\u00f6valjaisiin. Tilaa t\u00e4st\u00e4!","og_url":"https:\/\/hotelli03.domainhotelli.fi\/~lsdoecli\/tuote\/tyokalupussi-beal-long-tool-bucket-5l\/","og_site_name":"JV Tuonti","article_publisher":"https:\/\/www.facebook.com\/JVTuontiOy","article_modified_time":"2021-11-15T09:42:30+00:00","og_image":[{"width":600,"height":600,"url":"https:\/\/hotelli03.domainhotelli.fi\/~lsdoecli\/wp-content\/uploads\/2021\/11\/Tyokalupussi-Beal-Long-Tool-Bucket-5L.jpeg","type":"image\/jpeg"}],"twitter_card":"summary_large_image","twitter_misc":{"Price":"N\u00e4yt\u00e4 veroton hinta0,00&nbsp;&euro; Alv 0%N\u00e4yt\u00e4 verollinen hinta","Availability":"In stock"},"schema":{"@context":"https:\/\/schema.org","@graph":[{"@type":["Organization","Place","WholesaleStore"],"@id":"https:\/\/hotelli03.domainhotelli.fi\/~lsdoecli\/#organization","name":"JV Tuonti Oy","url":"https:\/\/hotelli03.domainhotelli.fi\/~lsdoecli\/","sameAs":["https:\/\/instagram.com\/jvtuontioy?utm_medium=copy_link","https:\/\/www.facebook.com\/JVTuontiOy"],"logo":{"@id":"https:\/\/hotelli03.domainhotelli.fi\/~lsdoecli\/tuote\/tyokalupussi-beal-long-tool-bucket-5l\/#local-main-organization-logo"},"image":{"@id":"https:\/\/hotelli03.domainhotelli.fi\/~lsdoecli\/tuote\/tyokalupussi-beal-long-tool-bucket-5l\/#local-main-organization-logo"},"address":{"@id":"https:\/\/hotelli03.domainhotelli.fi\/~lsdoecli\/tuote\/tyokalupussi-beal-long-tool-bucket-5l\/#local-main-place-address"},"geo":{"@type":"GeoCoordinates","latitude":"60.28431","longitude":"24.81654"},"telephone":["0408369980"],"openingHoursSpecification":[{"@type":"OpeningHoursSpecification","dayOfWeek":["Monday","Tuesday","Wednesday","Thursday","Friday"],"opens":"08:00","closes":"16:00"},{"@type":"OpeningHoursSpecification","dayOfWeek":["Saturday","Sunday"],"opens":"00:00","closes":"00:00"}],"email":"myynti@hotelli03.domainhotelli.fi","areaServed":"Suomi, Ruotsi","vatID":"FI30178387","priceRange":"$$","currenciesAccepted":"\u20ac","paymentAccepted":"Lasku, pankkikortti"},{"@type":"WebSite","@id":"https:\/\/hotelli03.domainhotelli.fi\/~lsdoecli\/#website","url":"https:\/\/hotelli03.domainhotelli.fi\/~lsdoecli\/","name":"JV Tuonti","description":"JV Tuonti Oy:n verkkokauppa","publisher":{"@id":"https:\/\/hotelli03.domainhotelli.fi\/~lsdoecli\/#organization"},"potentialAction":[{"@type":"SearchAction","target":{"@type":"EntryPoint","urlTemplate":"https:\/\/hotelli03.domainhotelli.fi\/~lsdoecli\/?s={search_term_string}"},"query-input":"required name=search_term_string"}],"inLanguage":"fi"},{"@type":"ImageObject","inLanguage":"fi","@id":"https:\/\/hotelli03.domainhotelli.fi\/~lsdoecli\/tuote\/tyokalupussi-beal-long-tool-bucket-5l\/#primaryimage","url":"https:\/\/hotelli03.domainhotelli.fi\/~lsdoecli\/wp-content\/uploads\/2021\/11\/Tyokalupussi-Beal-Long-Tool-Bucket-5L.jpeg","contentUrl":"https:\/\/hotelli03.domainhotelli.fi\/~lsdoecli\/wp-content\/uploads\/2021\/11\/Tyokalupussi-Beal-Long-Tool-Bucket-5L.jpeg","width":600,"height":600,"caption":"Ty\u00f6kalupussi Beal Long Tool Bucket 5L"},{"@type":"WebPage","@id":"https:\/\/hotelli03.domainhotelli.fi\/~lsdoecli\/tuote\/tyokalupussi-beal-long-tool-bucket-5l\/","url":"https:\/\/hotelli03.domainhotelli.fi\/~lsdoecli\/tuote\/tyokalupussi-beal-long-tool-bucket-5l\/","name":"Ty\u00f6kalupussi Beal Long Tool Bucket 5L | JV Tuonti","isPartOf":{"@id":"https:\/\/hotelli03.domainhotelli.fi\/~lsdoecli\/#website"},"primaryImageOfPage":{"@id":"https:\/\/hotelli03.domainhotelli.fi\/~lsdoecli\/tuote\/tyokalupussi-beal-long-tool-bucket-5l\/#primaryimage"},"datePublished":"2021-11-15T09:42:29+00:00","dateModified":"2021-11-15T09:42:30+00:00","description":"Ty\u00f6kalupussi Beal Long Tool Bucket 5L yl\u00e4osassa on kaksi karabiinia, joilla pussi voidaan kiinnitt\u00e4\u00e4 suoraan ty\u00f6valjaisiin. Tilaa t\u00e4st\u00e4!","breadcrumb":{"@id":"https:\/\/hotelli03.domainhotelli.fi\/~lsdoecli\/tuote\/tyokalupussi-beal-long-tool-bucket-5l\/#breadcrumb"},"inLanguage":"fi","potentialAction":[{"@type":"ReadAction","target":["https:\/\/hotelli03.domainhotelli.fi\/~lsdoecli\/tuote\/tyokalupussi-beal-long-tool-bucket-5l\/"]}]},{"@type":"BreadcrumbList","@id":"https:\/\/hotelli03.domainhotelli.fi\/~lsdoecli\/tuote\/tyokalupussi-beal-long-tool-bucket-5l\/#breadcrumb","itemListElement":[{"@type":"ListItem","position":1,"name":"Etusivu","item":"https:\/\/hotelli03.domainhotelli.fi\/~lsdoecli\/"},{"@type":"ListItem","position":2,"name":"Kauppa","item":"https:\/\/hotelli03.domainhotelli.fi\/~lsdoecli\/kauppa\/"},{"@type":"ListItem","position":3,"name":"Ty\u00f6kalupussi Beal Long Tool Bucket 5L"}]},{"@type":"PostalAddress","@id":"https:\/\/hotelli03.domainhotelli.fi\/~lsdoecli\/tuote\/tyokalupussi-beal-long-tool-bucket-5l\/#local-main-place-address","streetAddress":"Pyymosantie 5a","addressLocality":"Vantaa","postalCode":"01720","addressCountry":"FI"},{"@type":"ImageObject","inLanguage":"fi","@id":"https:\/\/hotelli03.domainhotelli.fi\/~lsdoecli\/tuote\/tyokalupussi-beal-long-tool-bucket-5l\/#local-main-organization-logo","url":"https:\/\/hotelli03.domainhotelli.fi\/~lsdoecli\/wp-content\/uploads\/2021\/08\/JVTuonti_logo_nelio.jpg","contentUrl":"https:\/\/hotelli03.domainhotelli.fi\/~lsdoecli\/wp-content\/uploads\/2021\/08\/JVTuonti_logo_nelio.jpg","width":550,"height":550,"caption":"JV Tuonti Oy"}]},"og_video":"https:\/\/www.youtube.com\/embed\/in2gPVLf49E","og_video_type":"text\/html","og_video_duration":"168","og_video_width":"480","og_video_height":"270","ya_ovs_adult":"false","ya_ovs_upload_date":"2021-11-15T09:42:29+00:00","ya_ovs_allow_embed":"true","product_price_amount":"0.00","product_price_currency":"EUR","og_availability":"instock","product_availability":"instock","product_condition":"new","geo.placename":"Vantaa","geo.position":{"lat":"60.28431","long":"24.81654"},"geo.region":"Suomi"},"_links":{"self":[{"href":"https:\/\/hotelli03.domainhotelli.fi\/~lsdoecli\/wp-json\/wp\/v2\/product\/8442"}],"collection":[{"href":"https:\/\/hotelli03.domainhotelli.fi\/~lsdoecli\/wp-json\/wp\/v2\/product"}],"about":[{"href":"https:\/\/hotelli03.domainhotelli.fi\/~lsdoecli\/wp-json\/wp\/v2\/types\/product"}],"replies":[{"embeddable":true,"href":"https:\/\/hotelli03.domainhotelli.fi\/~lsdoecli\/wp-json\/wp\/v2\/comments?post=8442"}],"wp:featuredmedia":[{"embeddable":true,"href":"https:\/\/hotelli03.domainhotelli.fi\/~lsdoecli\/wp-json\/wp\/v2\/media\/8443"}],"wp:attachment":[{"href":"https:\/\/hotelli03.domainhotelli.fi\/~lsdoecli\/wp-json\/wp\/v2\/media?parent=8442"}],"wp:term":[{"taxonomy":"product_cat","embeddable":true,"href":"https:\/\/hotelli03.domainhotelli.fi\/~lsdoecli\/wp-json\/wp\/v2\/product_cat?post=8442"},{"taxonomy":"product_tag","embeddable":true,"href":"https:\/\/hotelli03.domainhotelli.fi\/~lsdoecli\/wp-json\/wp\/v2\/product_tag?post=8442"}],"curies":[{"name":"wp","href":"https:\/\/api.w.org\/{rel}","templated":true}]}}