{"id":8415,"date":"2021-11-15T08:03:28","date_gmt":"2021-11-15T08:03:28","guid":{"rendered":"https:\/\/hotelli03.domainhotelli.fi\/~lsdoecli\/?post_type=product&#038;p=8415"},"modified":"2021-11-15T08:03:28","modified_gmt":"2021-11-15T08:03:28","slug":"tyokaluhihna-beal-super-leash-10kg","status":"publish","type":"product","link":"https:\/\/hotelli03.domainhotelli.fi\/~lsdoecli\/tuote\/tyokaluhihna-beal-super-leash-10kg\/","title":{"rendered":"Ty\u00f6kaluhihna Beal Super Leash 10kg"},"content":{"rendered":"<h2>Valjaisiin, ty\u00f6housuihin tai ty\u00f6kalupussiin helposti liitett\u00e4v\u00e4 stretch ty\u00f6kaluhihna enint\u00e4\u00e4n 10 kg painaville ty\u00f6kaluille.<\/h2>\n<p>Ty\u00f6kaluhihna Beal Super Leash 10kg pit\u00e4\u00e4 ty\u00f6kalut turvallisesti liitettyn\u00e4 k\u00e4ytt\u00e4j\u00e4\u00e4n. Joustavan rakenteen ansiosta hihna ei ole ty\u00f6skennelt\u00e4ess\u00e4 tiell\u00e4. Ty\u00f6kalup\u00e4\u00e4ss\u00e4 kiristyslenkki, jolla ty\u00f6kalu kiinnitet\u00e4\u00e4n hihnaan joko kirist\u00e4m\u00e4ll\u00e4 tai leivonp\u00e4\u00e4solmulla. Toisessa p\u00e4\u00e4ss\u00e4 ruuvilukitteinen alumiinikarabiini, jolla hihna voidaan kiinnitt\u00e4\u00e4 ja irrottaa nopeasti.<\/p>\n<p>Pituus normaaliasennossa: 70 cm.<br \/>\nPituus venytettyn\u00e4: 115 cm.<br \/>\nKiinnitett\u00e4v\u00e4n ty\u00f6kalun maksimipaino 10 kg: Sallii putoamiskerroin 2 pudottamisen ty\u00f6kalulle (eli ty\u00f6kalua k\u00e4ytet\u00e4\u00e4n suoraan kiinnityspisteen yl\u00e4puolella pudottamishetkell\u00e4 ja se putoaa 2x hihnan pituuden verran).<br \/>\nPaino 70 g.<br \/>\nYhteensopiva kaikkien Beal ty\u00f6kalupussien kanssa.<\/p>\n<p>&nbsp;<\/p>\n<p><a href=\"https:\/\/hotelli03.domainhotelli.fi\/~lsdoecli\/tuote-osasto\/putoamissuojaimet\/\">Katso my\u00f6s muut putoamissuojaimet ja varusteet t\u00e4st\u00e4!\u00a0<\/a><\/p>\n<p>&nbsp;<\/p>\n<p>Maahantuoja: <a href=\"https:\/\/www.vandernet.com\">Vandernet Oy<\/a><\/p>\n","protected":false},"excerpt":{"rendered":"<h4>Valjaisiin, ty\u00f6housuihin tai ty\u00f6kalupussiin helposti liitett\u00e4v\u00e4 stretch ty\u00f6kaluhihna enint\u00e4\u00e4n 10 kg painaville ty\u00f6kaluille.<\/h4>\n<ul>\n<li>Ty\u00f6kaluhihna Beal Super Leash 10kg pit\u00e4\u00e4 ty\u00f6kalut turvallisesti liitettyn\u00e4 k\u00e4ytt\u00e4j\u00e4\u00e4n.<\/li>\n<li>Joustavan rakenteen ansiosta hihna ei ole ty\u00f6skennelt\u00e4ess\u00e4 tiell\u00e4.<\/li>\n<li>Ty\u00f6kalup\u00e4\u00e4ss\u00e4 kiristyslenkki, jolla ty\u00f6kalu kiinnitet\u00e4\u00e4n hihnaan joko kirist\u00e4m\u00e4ll\u00e4 tai leivonp\u00e4\u00e4solmulla.<\/li>\n<li>Toisessa p\u00e4\u00e4ss\u00e4 ruuvilukitteinen alumiinikarabiini, jolla hihna voidaan kiinnitt\u00e4\u00e4 ja irrottaa nopeasti.<\/li>\n<\/ul>\n","protected":false},"featured_media":8420,"comment_status":"open","ping_status":"closed","template":"","meta":[],"product_cat":[460],"product_tag":[934],"yoast_head":"<!-- This site is optimized with the Yoast SEO Premium plugin v18.9 (Yoast SEO v19.3) - https:\/\/yoast.com\/wordpress\/plugins\/seo\/ -->\n<title>Ty\u00f6kaluhihna Beal Super Leash 10kg | JV Tuonti<\/title>\n<meta name=\"description\" content=\"Ty\u00f6kaluhihna Beal Super Leash 10kg valjaisiin, ty\u00f6housuihin tai ty\u00f6kalupussiin helposti liitett\u00e4v\u00e4 stretch ty\u00f6kaluhihna enint\u00e4\u00e4n 10 kg.\" \/>\n<meta name=\"robots\" content=\"index, follow, max-snippet:-1, max-image-preview:large, max-video-preview:-1\" \/>\n<link rel=\"canonical\" href=\"https:\/\/hotelli03.domainhotelli.fi\/~lsdoecli\/tuote\/tyokaluhihna-beal-super-leash-10kg\/\" \/>\n<meta property=\"og:locale\" content=\"fi_FI\" \/>\n<meta property=\"og:type\" content=\"article\" \/>\n<meta property=\"og:title\" content=\"Ty\u00f6kaluhihna Beal Super Leash 10kg\" \/>\n<meta property=\"og:description\" content=\"Ty\u00f6kaluhihna Beal Super Leash 10kg valjaisiin, ty\u00f6housuihin tai ty\u00f6kalupussiin helposti liitett\u00e4v\u00e4 stretch ty\u00f6kaluhihna enint\u00e4\u00e4n 10 kg.\" \/>\n<meta property=\"og:url\" content=\"https:\/\/hotelli03.domainhotelli.fi\/~lsdoecli\/tuote\/tyokaluhihna-beal-super-leash-10kg\/\" \/>\n<meta property=\"og:site_name\" content=\"JV Tuonti\" \/>\n<meta property=\"article:publisher\" content=\"https:\/\/www.facebook.com\/JVTuontiOy\" \/>\n<meta property=\"og:image\" content=\"https:\/\/hotelli03.domainhotelli.fi\/~lsdoecli\/wp-content\/uploads\/2021\/11\/Tyokaluhihna-Beal-Super-Leash-10kg.jpeg\" \/>\n\t<meta property=\"og:image:width\" content=\"600\" \/>\n\t<meta property=\"og:image:height\" content=\"600\" \/>\n\t<meta property=\"og:image:type\" content=\"image\/jpeg\" \/>\n<meta name=\"twitter:card\" content=\"summary_large_image\" \/>\n<meta name=\"twitter:label1\" content=\"Price\" \/>\n\t<meta name=\"twitter:data1\" content=\"43,95&nbsp;&euro; Alv 24%N\u00e4yt\u00e4 veroton hinta35,44&nbsp;&euro; Alv 0%N\u00e4yt\u00e4 verollinen hinta\" \/>\n\t<meta name=\"twitter:label2\" content=\"Availability\" \/>\n\t<meta name=\"twitter:data2\" content=\"In stock\" \/>\n<script type=\"application\/ld+json\" class=\"yoast-schema-graph\">{\"@context\":\"https:\/\/schema.org\",\"@graph\":[{\"@type\":[\"Organization\",\"Place\",\"WholesaleStore\"],\"@id\":\"https:\/\/hotelli03.domainhotelli.fi\/~lsdoecli\/#organization\",\"name\":\"JV Tuonti Oy\",\"url\":\"https:\/\/hotelli03.domainhotelli.fi\/~lsdoecli\/\",\"sameAs\":[\"https:\/\/instagram.com\/jvtuontioy?utm_medium=copy_link\",\"https:\/\/www.facebook.com\/JVTuontiOy\"],\"logo\":{\"@id\":\"https:\/\/hotelli03.domainhotelli.fi\/~lsdoecli\/tuote\/tyokaluhihna-beal-super-leash-10kg\/#local-main-organization-logo\"},\"image\":{\"@id\":\"https:\/\/hotelli03.domainhotelli.fi\/~lsdoecli\/tuote\/tyokaluhihna-beal-super-leash-10kg\/#local-main-organization-logo\"},\"address\":{\"@id\":\"https:\/\/hotelli03.domainhotelli.fi\/~lsdoecli\/tuote\/tyokaluhihna-beal-super-leash-10kg\/#local-main-place-address\"},\"geo\":{\"@type\":\"GeoCoordinates\",\"latitude\":\"60.28431\",\"longitude\":\"24.81654\"},\"telephone\":[\"0408369980\"],\"openingHoursSpecification\":[{\"@type\":\"OpeningHoursSpecification\",\"dayOfWeek\":[\"Monday\",\"Tuesday\",\"Wednesday\",\"Thursday\",\"Friday\"],\"opens\":\"08:00\",\"closes\":\"16:00\"},{\"@type\":\"OpeningHoursSpecification\",\"dayOfWeek\":[\"Saturday\",\"Sunday\"],\"opens\":\"00:00\",\"closes\":\"00:00\"}],\"email\":\"myynti@hotelli03.domainhotelli.fi\",\"areaServed\":\"Suomi, Ruotsi\",\"vatID\":\"FI30178387\",\"priceRange\":\"$$\",\"currenciesAccepted\":\"\u20ac\",\"paymentAccepted\":\"Lasku, pankkikortti\"},{\"@type\":\"WebSite\",\"@id\":\"https:\/\/hotelli03.domainhotelli.fi\/~lsdoecli\/#website\",\"url\":\"https:\/\/hotelli03.domainhotelli.fi\/~lsdoecli\/\",\"name\":\"JV Tuonti\",\"description\":\"JV Tuonti Oy:n verkkokauppa\",\"publisher\":{\"@id\":\"https:\/\/hotelli03.domainhotelli.fi\/~lsdoecli\/#organization\"},\"potentialAction\":[{\"@type\":\"SearchAction\",\"target\":{\"@type\":\"EntryPoint\",\"urlTemplate\":\"https:\/\/hotelli03.domainhotelli.fi\/~lsdoecli\/?s={search_term_string}\"},\"query-input\":\"required name=search_term_string\"}],\"inLanguage\":\"fi\"},{\"@type\":\"ImageObject\",\"inLanguage\":\"fi\",\"@id\":\"https:\/\/hotelli03.domainhotelli.fi\/~lsdoecli\/tuote\/tyokaluhihna-beal-super-leash-10kg\/#primaryimage\",\"url\":\"https:\/\/hotelli03.domainhotelli.fi\/~lsdoecli\/wp-content\/uploads\/2021\/11\/Tyokaluhihna-Beal-Super-Leash-10kg.jpeg\",\"contentUrl\":\"https:\/\/hotelli03.domainhotelli.fi\/~lsdoecli\/wp-content\/uploads\/2021\/11\/Tyokaluhihna-Beal-Super-Leash-10kg.jpeg\",\"width\":600,\"height\":600,\"caption\":\"Ty\u00f6kaluhihna Beal Super Leash 10kg\"},{\"@type\":\"WebPage\",\"@id\":\"https:\/\/hotelli03.domainhotelli.fi\/~lsdoecli\/tuote\/tyokaluhihna-beal-super-leash-10kg\/\",\"url\":\"https:\/\/hotelli03.domainhotelli.fi\/~lsdoecli\/tuote\/tyokaluhihna-beal-super-leash-10kg\/\",\"name\":\"Ty\u00f6kaluhihna Beal Super Leash 10kg | JV Tuonti\",\"isPartOf\":{\"@id\":\"https:\/\/hotelli03.domainhotelli.fi\/~lsdoecli\/#website\"},\"primaryImageOfPage\":{\"@id\":\"https:\/\/hotelli03.domainhotelli.fi\/~lsdoecli\/tuote\/tyokaluhihna-beal-super-leash-10kg\/#primaryimage\"},\"datePublished\":\"2021-11-15T08:03:28+00:00\",\"dateModified\":\"2021-11-15T08:03:28+00:00\",\"description\":\"Ty\u00f6kaluhihna Beal Super Leash 10kg valjaisiin, ty\u00f6housuihin tai ty\u00f6kalupussiin helposti liitett\u00e4v\u00e4 stretch ty\u00f6kaluhihna enint\u00e4\u00e4n 10 kg.\",\"breadcrumb\":{\"@id\":\"https:\/\/hotelli03.domainhotelli.fi\/~lsdoecli\/tuote\/tyokaluhihna-beal-super-leash-10kg\/#breadcrumb\"},\"inLanguage\":\"fi\",\"potentialAction\":[{\"@type\":\"ReadAction\",\"target\":[\"https:\/\/hotelli03.domainhotelli.fi\/~lsdoecli\/tuote\/tyokaluhihna-beal-super-leash-10kg\/\"]}]},{\"@type\":\"BreadcrumbList\",\"@id\":\"https:\/\/hotelli03.domainhotelli.fi\/~lsdoecli\/tuote\/tyokaluhihna-beal-super-leash-10kg\/#breadcrumb\",\"itemListElement\":[{\"@type\":\"ListItem\",\"position\":1,\"name\":\"Etusivu\",\"item\":\"https:\/\/hotelli03.domainhotelli.fi\/~lsdoecli\/\"},{\"@type\":\"ListItem\",\"position\":2,\"name\":\"Kauppa\",\"item\":\"https:\/\/hotelli03.domainhotelli.fi\/~lsdoecli\/kauppa\/\"},{\"@type\":\"ListItem\",\"position\":3,\"name\":\"Ty\u00f6kaluhihna Beal Super Leash 10kg\"}]},{\"@type\":\"PostalAddress\",\"@id\":\"https:\/\/hotelli03.domainhotelli.fi\/~lsdoecli\/tuote\/tyokaluhihna-beal-super-leash-10kg\/#local-main-place-address\",\"streetAddress\":\"Pyymosantie 5a\",\"addressLocality\":\"Vantaa\",\"postalCode\":\"01720\",\"addressCountry\":\"FI\"},{\"@type\":\"ImageObject\",\"inLanguage\":\"fi\",\"@id\":\"https:\/\/hotelli03.domainhotelli.fi\/~lsdoecli\/tuote\/tyokaluhihna-beal-super-leash-10kg\/#local-main-organization-logo\",\"url\":\"https:\/\/hotelli03.domainhotelli.fi\/~lsdoecli\/wp-content\/uploads\/2021\/08\/JVTuonti_logo_nelio.jpg\",\"contentUrl\":\"https:\/\/hotelli03.domainhotelli.fi\/~lsdoecli\/wp-content\/uploads\/2021\/08\/JVTuonti_logo_nelio.jpg\",\"width\":550,\"height\":550,\"caption\":\"JV Tuonti Oy\"}]}<\/script>\n<meta property=\"product:brand\" content=\"Beal\" \/>\n<meta property=\"product:price:amount\" content=\"43.95\" \/>\n<meta property=\"product:price:currency\" content=\"EUR\" \/>\n<meta property=\"og:availability\" content=\"instock\" \/>\n<meta property=\"product:availability\" content=\"instock\" \/>\n<meta property=\"product:retailer_item_id\" content=\"BALS\" \/>\n<meta property=\"product:condition\" content=\"new\" \/>\n<meta name=\"geo.placename\" content=\"Vantaa\" \/>\n<meta name=\"geo.position\" content=\"60.28431;24.81654\" \/>\n<meta name=\"geo.region\" content=\"Suomi\" \/>\n<!-- \/ Yoast SEO Premium plugin. -->","yoast_head_json":{"title":"Ty\u00f6kaluhihna Beal Super Leash 10kg | JV Tuonti","description":"Ty\u00f6kaluhihna Beal Super Leash 10kg valjaisiin, ty\u00f6housuihin tai ty\u00f6kalupussiin helposti liitett\u00e4v\u00e4 stretch ty\u00f6kaluhihna enint\u00e4\u00e4n 10 kg.","robots":{"index":"index","follow":"follow","max-snippet":"max-snippet:-1","max-image-preview":"max-image-preview:large","max-video-preview":"max-video-preview:-1"},"canonical":"https:\/\/hotelli03.domainhotelli.fi\/~lsdoecli\/tuote\/tyokaluhihna-beal-super-leash-10kg\/","og_locale":"fi_FI","og_type":"article","og_title":"Ty\u00f6kaluhihna Beal Super Leash 10kg","og_description":"Ty\u00f6kaluhihna Beal Super Leash 10kg valjaisiin, ty\u00f6housuihin tai ty\u00f6kalupussiin helposti liitett\u00e4v\u00e4 stretch ty\u00f6kaluhihna enint\u00e4\u00e4n 10 kg.","og_url":"https:\/\/hotelli03.domainhotelli.fi\/~lsdoecli\/tuote\/tyokaluhihna-beal-super-leash-10kg\/","og_site_name":"JV Tuonti","article_publisher":"https:\/\/www.facebook.com\/JVTuontiOy","og_image":[{"width":600,"height":600,"url":"https:\/\/hotelli03.domainhotelli.fi\/~lsdoecli\/wp-content\/uploads\/2021\/11\/Tyokaluhihna-Beal-Super-Leash-10kg.jpeg","type":"image\/jpeg"}],"twitter_card":"summary_large_image","twitter_misc":{"Price":"43,95&nbsp;&euro; Alv 24%N\u00e4yt\u00e4 veroton hinta35,44&nbsp;&euro; Alv 0%N\u00e4yt\u00e4 verollinen hinta","Availability":"In stock"},"schema":{"@context":"https:\/\/schema.org","@graph":[{"@type":["Organization","Place","WholesaleStore"],"@id":"https:\/\/hotelli03.domainhotelli.fi\/~lsdoecli\/#organization","name":"JV Tuonti Oy","url":"https:\/\/hotelli03.domainhotelli.fi\/~lsdoecli\/","sameAs":["https:\/\/instagram.com\/jvtuontioy?utm_medium=copy_link","https:\/\/www.facebook.com\/JVTuontiOy"],"logo":{"@id":"https:\/\/hotelli03.domainhotelli.fi\/~lsdoecli\/tuote\/tyokaluhihna-beal-super-leash-10kg\/#local-main-organization-logo"},"image":{"@id":"https:\/\/hotelli03.domainhotelli.fi\/~lsdoecli\/tuote\/tyokaluhihna-beal-super-leash-10kg\/#local-main-organization-logo"},"address":{"@id":"https:\/\/hotelli03.domainhotelli.fi\/~lsdoecli\/tuote\/tyokaluhihna-beal-super-leash-10kg\/#local-main-place-address"},"geo":{"@type":"GeoCoordinates","latitude":"60.28431","longitude":"24.81654"},"telephone":["0408369980"],"openingHoursSpecification":[{"@type":"OpeningHoursSpecification","dayOfWeek":["Monday","Tuesday","Wednesday","Thursday","Friday"],"opens":"08:00","closes":"16:00"},{"@type":"OpeningHoursSpecification","dayOfWeek":["Saturday","Sunday"],"opens":"00:00","closes":"00:00"}],"email":"myynti@hotelli03.domainhotelli.fi","areaServed":"Suomi, Ruotsi","vatID":"FI30178387","priceRange":"$$","currenciesAccepted":"\u20ac","paymentAccepted":"Lasku, pankkikortti"},{"@type":"WebSite","@id":"https:\/\/hotelli03.domainhotelli.fi\/~lsdoecli\/#website","url":"https:\/\/hotelli03.domainhotelli.fi\/~lsdoecli\/","name":"JV Tuonti","description":"JV Tuonti Oy:n verkkokauppa","publisher":{"@id":"https:\/\/hotelli03.domainhotelli.fi\/~lsdoecli\/#organization"},"potentialAction":[{"@type":"SearchAction","target":{"@type":"EntryPoint","urlTemplate":"https:\/\/hotelli03.domainhotelli.fi\/~lsdoecli\/?s={search_term_string}"},"query-input":"required name=search_term_string"}],"inLanguage":"fi"},{"@type":"ImageObject","inLanguage":"fi","@id":"https:\/\/hotelli03.domainhotelli.fi\/~lsdoecli\/tuote\/tyokaluhihna-beal-super-leash-10kg\/#primaryimage","url":"https:\/\/hotelli03.domainhotelli.fi\/~lsdoecli\/wp-content\/uploads\/2021\/11\/Tyokaluhihna-Beal-Super-Leash-10kg.jpeg","contentUrl":"https:\/\/hotelli03.domainhotelli.fi\/~lsdoecli\/wp-content\/uploads\/2021\/11\/Tyokaluhihna-Beal-Super-Leash-10kg.jpeg","width":600,"height":600,"caption":"Ty\u00f6kaluhihna Beal Super Leash 10kg"},{"@type":"WebPage","@id":"https:\/\/hotelli03.domainhotelli.fi\/~lsdoecli\/tuote\/tyokaluhihna-beal-super-leash-10kg\/","url":"https:\/\/hotelli03.domainhotelli.fi\/~lsdoecli\/tuote\/tyokaluhihna-beal-super-leash-10kg\/","name":"Ty\u00f6kaluhihna Beal Super Leash 10kg | JV Tuonti","isPartOf":{"@id":"https:\/\/hotelli03.domainhotelli.fi\/~lsdoecli\/#website"},"primaryImageOfPage":{"@id":"https:\/\/hotelli03.domainhotelli.fi\/~lsdoecli\/tuote\/tyokaluhihna-beal-super-leash-10kg\/#primaryimage"},"datePublished":"2021-11-15T08:03:28+00:00","dateModified":"2021-11-15T08:03:28+00:00","description":"Ty\u00f6kaluhihna Beal Super Leash 10kg valjaisiin, ty\u00f6housuihin tai ty\u00f6kalupussiin helposti liitett\u00e4v\u00e4 stretch ty\u00f6kaluhihna enint\u00e4\u00e4n 10 kg.","breadcrumb":{"@id":"https:\/\/hotelli03.domainhotelli.fi\/~lsdoecli\/tuote\/tyokaluhihna-beal-super-leash-10kg\/#breadcrumb"},"inLanguage":"fi","potentialAction":[{"@type":"ReadAction","target":["https:\/\/hotelli03.domainhotelli.fi\/~lsdoecli\/tuote\/tyokaluhihna-beal-super-leash-10kg\/"]}]},{"@type":"BreadcrumbList","@id":"https:\/\/hotelli03.domainhotelli.fi\/~lsdoecli\/tuote\/tyokaluhihna-beal-super-leash-10kg\/#breadcrumb","itemListElement":[{"@type":"ListItem","position":1,"name":"Etusivu","item":"https:\/\/hotelli03.domainhotelli.fi\/~lsdoecli\/"},{"@type":"ListItem","position":2,"name":"Kauppa","item":"https:\/\/hotelli03.domainhotelli.fi\/~lsdoecli\/kauppa\/"},{"@type":"ListItem","position":3,"name":"Ty\u00f6kaluhihna Beal Super Leash 10kg"}]},{"@type":"PostalAddress","@id":"https:\/\/hotelli03.domainhotelli.fi\/~lsdoecli\/tuote\/tyokaluhihna-beal-super-leash-10kg\/#local-main-place-address","streetAddress":"Pyymosantie 5a","addressLocality":"Vantaa","postalCode":"01720","addressCountry":"FI"},{"@type":"ImageObject","inLanguage":"fi","@id":"https:\/\/hotelli03.domainhotelli.fi\/~lsdoecli\/tuote\/tyokaluhihna-beal-super-leash-10kg\/#local-main-organization-logo","url":"https:\/\/hotelli03.domainhotelli.fi\/~lsdoecli\/wp-content\/uploads\/2021\/08\/JVTuonti_logo_nelio.jpg","contentUrl":"https:\/\/hotelli03.domainhotelli.fi\/~lsdoecli\/wp-content\/uploads\/2021\/08\/JVTuonti_logo_nelio.jpg","width":550,"height":550,"caption":"JV Tuonti Oy"}]},"product_brand":"Beal","product_price_amount":"43.95","product_price_currency":"EUR","og_availability":"instock","product_availability":"instock","product_retailer_item_id":"BALS","product_condition":"new","geo.placename":"Vantaa","geo.position":{"lat":"60.28431","long":"24.81654"},"geo.region":"Suomi"},"_links":{"self":[{"href":"https:\/\/hotelli03.domainhotelli.fi\/~lsdoecli\/wp-json\/wp\/v2\/product\/8415"}],"collection":[{"href":"https:\/\/hotelli03.domainhotelli.fi\/~lsdoecli\/wp-json\/wp\/v2\/product"}],"about":[{"href":"https:\/\/hotelli03.domainhotelli.fi\/~lsdoecli\/wp-json\/wp\/v2\/types\/product"}],"replies":[{"embeddable":true,"href":"https:\/\/hotelli03.domainhotelli.fi\/~lsdoecli\/wp-json\/wp\/v2\/comments?post=8415"}],"wp:featuredmedia":[{"embeddable":true,"href":"https:\/\/hotelli03.domainhotelli.fi\/~lsdoecli\/wp-json\/wp\/v2\/media\/8420"}],"wp:attachment":[{"href":"https:\/\/hotelli03.domainhotelli.fi\/~lsdoecli\/wp-json\/wp\/v2\/media?parent=8415"}],"wp:term":[{"taxonomy":"product_cat","embeddable":true,"href":"https:\/\/hotelli03.domainhotelli.fi\/~lsdoecli\/wp-json\/wp\/v2\/product_cat?post=8415"},{"taxonomy":"product_tag","embeddable":true,"href":"https:\/\/hotelli03.domainhotelli.fi\/~lsdoecli\/wp-json\/wp\/v2\/product_tag?post=8415"}],"curies":[{"name":"wp","href":"https:\/\/api.w.org\/{rel}","templated":true}]}}