{"id":8410,"date":"2021-11-15T07:53:04","date_gmt":"2021-11-15T07:53:04","guid":{"rendered":"https:\/\/hotelli03.domainhotelli.fi\/~lsdoecli\/?post_type=product&#038;p=8410"},"modified":"2021-11-15T07:53:04","modified_gmt":"2021-11-15T07:53:04","slug":"tyokaluvarmistin-beal-air-leash","status":"publish","type":"product","link":"https:\/\/hotelli03.domainhotelli.fi\/~lsdoecli\/tuote\/tyokaluvarmistin-beal-air-leash\/","title":{"rendered":"Ty\u00f6kaluvarmistin Beal Air-Leash"},"content":{"rendered":"<h2>Valjaisiin tai housuihin helposti liitett\u00e4v\u00e4 ty\u00f6kaluhihna, joka mahdollistaa turvallisen ty\u00f6skentelyn jopa 150 cm p\u00e4\u00e4h\u00e4n ja ty\u00f6kalujen ja tarvikkeiden kuljettamiseen ilman riski\u00e4 niiden pudottamisesta.<\/h2>\n<p>Ty\u00f6kaluvarmistin Beal Air-Leash toimitus sis\u00e4lt\u00e4\u00e4 venyv\u00e4n spiraalin ja kolme iskunkest\u00e4v\u00e4ll\u00e4 pikasoljella varustettua kiinnityslenkki\u00e4 ty\u00f6kaluille. Suunniteltu ammattilaisille ty\u00f6k\u00e4ytt\u00f6\u00f6n. Parantaa alapuolella ty\u00f6skentelevien ty\u00f6turvallisuutta ja tehostaa ty\u00f6skentely\u00e4. Erityisen k\u00e4ytt\u00f6kelpoinen Beal Tool-Bucket ty\u00f6kalutaskun (tuotenro SAC.TB) kanssa.<\/p>\n<p>Ty\u00f6kaluvarmistin koostuu kahdesta osasta: Venytett\u00e4v\u00e4 spiraali (venyy jopa 300 %), ja pikasoljella varustettu irrotettava ty\u00f6kalujen kiinnityskappale, jonka p\u00e4\u00e4 kiinnitet\u00e4\u00e4n ty\u00f6kaluun leivonp\u00e4\u00e4solmulla ja varmistetaan integroidulla kiristyssoljella. Kiinnityskappaleen sivussa olevan muotoillun ja vahvistetun lenkin ansiosta ty\u00f6kalu voidaan kiinnitt\u00e4\u00e4 valjaiden lantiovy\u00f6h\u00f6n sopivasti saataville esim. sulkurenkaalla. Pikasoljellisia ty\u00f6kalujen kiinnityslenkkej\u00e4 on kolmen toimitukseen sis\u00e4ltyv\u00e4n lis\u00e4ksi tilattavissa erikseen, jolloin tarvittavan ty\u00f6kalun vaihtaminen hihnan p\u00e4\u00e4h\u00e4n on nopeaa ja ty\u00f6skentely tehokasta, kun kaikkiin ty\u00f6kaluihin on kiinnitetty oma p\u00e4\u00e4tylenkki.<\/p>\n<h4>Ty\u00f6kaluvarmistin Beal Air-Leash tekniset tiedot:<\/h4>\n<ul>\n<li>Kiinnitett\u00e4v\u00e4n ty\u00f6kalun maksimipaino 500 g, jolloin sallii putoamiskerroin 2 pudottamisen ty\u00f6kalulle (eli ty\u00f6kalua k\u00e4ytet\u00e4\u00e4n suoraan kiinnityspisteen yl\u00e4puolella pudottamishetkell\u00e4).<\/li>\n<li>Pituus sis\u00e4\u00e4n vet\u00e4ytyneen\u00e4 45 cm.<\/li>\n<li>Pituus venytettyn\u00e4 (tai 500 g painolla) 150 cm.<\/li>\n<li>Spiraalin materiaali eristepinnoitettua ter\u00e4svaijeria.<\/li>\n<li>Materiaali- ja valmistusvirhetakuu 3 vuotta.<\/li>\n<\/ul>\n<p>&nbsp;<\/p>\n<p>Tiesitk\u00f6, ett\u00e4 t\u00e4llainen varuste on k\u00e4yt\u00e4nn\u00f6ss\u00e4 pakollinen ty\u00f6skennelt\u00e4ess\u00e4 putoamisvaarallisisissa olosuhteissa?<br \/>\nLIS\u00c4\u00c4 TIETOA:<br \/>\nValtioneuvoston asetus ty\u00f6v\u00e4lineiden turvallisesta k\u00e4yt\u00f6st\u00e4 ja tarkastamisesta (12.6.2008\/403), 4 luku: Korkealla teht\u00e4v\u00e4n ty\u00f6n turvallisuusvaatimukset, 31\u00a7 K\u00f6ysien varassa liikkuminen ja ty\u00f6skentely, kohta 4 sanoo: &#8221;Ty\u00f6ntekij\u00e4n k\u00e4ytt\u00e4m\u00e4t ty\u00f6v\u00e4lineet ja muut tarvikkeet on kiinnitett\u00e4v\u00e4 ty\u00f6ntekij\u00e4n turvavaljaisiin tai istuimeen taikka ne on kiinnitett\u00e4v\u00e4 jollakin muulla sopivalla tavalla&#8221;.<\/p>\n<p>&nbsp;<\/p>\n<p><a href=\"https:\/\/hotelli03.domainhotelli.fi\/~lsdoecli\/tuote-osasto\/putoamissuojaimet\/\">Katso my\u00f6s muut putoamissuojaimet t\u00e4st\u00e4!\u00a0<\/a><\/p>\n<p>&nbsp;<\/p>\n<p>Maahantuoja: <a href=\"https:\/\/www.vandernet.com\">Vandernet Oy<\/a><\/p>\n","protected":false},"excerpt":{"rendered":"<h4>Valjaisiin tai housuihin helposti liitett\u00e4v\u00e4 ty\u00f6kaluhihna, joka mahdollistaa turvallisen ty\u00f6skentelyn jopa 150 cm p\u00e4\u00e4h\u00e4n ja ty\u00f6kalujen ja tarvikkeiden kuljettamiseen ilman riski\u00e4 niiden pudottamisesta.<\/h4>\n<ul>\n<li>Ty\u00f6kaluvarmistin Beal Air-Leash toimitus sis\u00e4lt\u00e4\u00e4 venyv\u00e4n spiraalin ja kolme iskunkest\u00e4v\u00e4ll\u00e4 pikasoljella varustettua kiinnityslenkki\u00e4 ty\u00f6kaluille.<\/li>\n<li>Suunniteltu ammattilaisille ty\u00f6k\u00e4ytt\u00f6\u00f6n.<\/li>\n<li>Parantaa alapuolella ty\u00f6skentelevien ty\u00f6turvallisuutta ja tehostaa ty\u00f6skentely\u00e4.<\/li>\n<li>Erityisen k\u00e4ytt\u00f6kelpoinen Beal Tool-Bucket ty\u00f6kalutaskun (tuotenro SAC.TB) kanssa.<\/li>\n<\/ul>\n","protected":false},"featured_media":8413,"comment_status":"open","ping_status":"closed","template":"","meta":[],"product_cat":[460],"product_tag":[933],"yoast_head":"<!-- This site is optimized with the Yoast SEO Premium plugin v18.9 (Yoast SEO v19.3) - https:\/\/yoast.com\/wordpress\/plugins\/seo\/ -->\n<title>Ty\u00f6kaluvarmistin Beal Air-Leash | JV Tuonti<\/title>\n<meta name=\"description\" content=\"Ty\u00f6kaluvarmistin Beal Air-Leash on valjaisiin tai housuihin helposti liitett\u00e4v\u00e4 ty\u00f6kaluhihna, joka mahdollistaa turvallisen ty\u00f6skentelyn.\" \/>\n<meta name=\"robots\" content=\"index, follow, max-snippet:-1, max-image-preview:large, max-video-preview:-1\" \/>\n<link rel=\"canonical\" href=\"https:\/\/hotelli03.domainhotelli.fi\/~lsdoecli\/tuote\/tyokaluvarmistin-beal-air-leash\/\" \/>\n<meta property=\"og:locale\" content=\"fi_FI\" \/>\n<meta property=\"og:type\" content=\"article\" \/>\n<meta property=\"og:title\" content=\"Ty\u00f6kaluvarmistin Beal Air-Leash\" \/>\n<meta property=\"og:description\" content=\"Ty\u00f6kaluvarmistin Beal Air-Leash on valjaisiin tai housuihin helposti liitett\u00e4v\u00e4 ty\u00f6kaluhihna, joka mahdollistaa turvallisen ty\u00f6skentelyn.\" \/>\n<meta property=\"og:url\" content=\"https:\/\/hotelli03.domainhotelli.fi\/~lsdoecli\/tuote\/tyokaluvarmistin-beal-air-leash\/\" \/>\n<meta property=\"og:site_name\" content=\"JV Tuonti\" \/>\n<meta property=\"article:publisher\" content=\"https:\/\/www.facebook.com\/JVTuontiOy\" \/>\n<meta property=\"og:image\" content=\"https:\/\/hotelli03.domainhotelli.fi\/~lsdoecli\/wp-content\/uploads\/2021\/11\/Tyokaluvarmistin-Beal-Air-Leash.jpeg\" \/>\n\t<meta property=\"og:image:width\" content=\"600\" \/>\n\t<meta property=\"og:image:height\" content=\"600\" \/>\n\t<meta property=\"og:image:type\" content=\"image\/jpeg\" \/>\n<meta name=\"twitter:card\" content=\"summary_large_image\" \/>\n<meta name=\"twitter:label1\" content=\"Price\" \/>\n\t<meta name=\"twitter:data1\" content=\"31,94&nbsp;&euro; Alv 24%N\u00e4yt\u00e4 veroton hinta25,76&nbsp;&euro; Alv 0%N\u00e4yt\u00e4 verollinen hinta\" \/>\n\t<meta name=\"twitter:label2\" content=\"Availability\" \/>\n\t<meta name=\"twitter:data2\" content=\"In stock\" \/>\n<script type=\"application\/ld+json\" class=\"yoast-schema-graph\">{\"@context\":\"https:\/\/schema.org\",\"@graph\":[{\"@type\":[\"Organization\",\"Place\",\"WholesaleStore\"],\"@id\":\"https:\/\/hotelli03.domainhotelli.fi\/~lsdoecli\/#organization\",\"name\":\"JV Tuonti Oy\",\"url\":\"https:\/\/hotelli03.domainhotelli.fi\/~lsdoecli\/\",\"sameAs\":[\"https:\/\/instagram.com\/jvtuontioy?utm_medium=copy_link\",\"https:\/\/www.facebook.com\/JVTuontiOy\"],\"logo\":{\"@id\":\"https:\/\/hotelli03.domainhotelli.fi\/~lsdoecli\/tuote\/tyokaluvarmistin-beal-air-leash\/#local-main-organization-logo\"},\"image\":{\"@id\":\"https:\/\/hotelli03.domainhotelli.fi\/~lsdoecli\/tuote\/tyokaluvarmistin-beal-air-leash\/#local-main-organization-logo\"},\"address\":{\"@id\":\"https:\/\/hotelli03.domainhotelli.fi\/~lsdoecli\/tuote\/tyokaluvarmistin-beal-air-leash\/#local-main-place-address\"},\"geo\":{\"@type\":\"GeoCoordinates\",\"latitude\":\"60.28431\",\"longitude\":\"24.81654\"},\"telephone\":[\"0408369980\"],\"openingHoursSpecification\":[{\"@type\":\"OpeningHoursSpecification\",\"dayOfWeek\":[\"Monday\",\"Tuesday\",\"Wednesday\",\"Thursday\",\"Friday\"],\"opens\":\"08:00\",\"closes\":\"16:00\"},{\"@type\":\"OpeningHoursSpecification\",\"dayOfWeek\":[\"Saturday\",\"Sunday\"],\"opens\":\"00:00\",\"closes\":\"00:00\"}],\"email\":\"myynti@hotelli03.domainhotelli.fi\",\"areaServed\":\"Suomi, Ruotsi\",\"vatID\":\"FI30178387\",\"priceRange\":\"$$\",\"currenciesAccepted\":\"\u20ac\",\"paymentAccepted\":\"Lasku, pankkikortti\"},{\"@type\":\"WebSite\",\"@id\":\"https:\/\/hotelli03.domainhotelli.fi\/~lsdoecli\/#website\",\"url\":\"https:\/\/hotelli03.domainhotelli.fi\/~lsdoecli\/\",\"name\":\"JV Tuonti\",\"description\":\"JV Tuonti Oy:n verkkokauppa\",\"publisher\":{\"@id\":\"https:\/\/hotelli03.domainhotelli.fi\/~lsdoecli\/#organization\"},\"potentialAction\":[{\"@type\":\"SearchAction\",\"target\":{\"@type\":\"EntryPoint\",\"urlTemplate\":\"https:\/\/hotelli03.domainhotelli.fi\/~lsdoecli\/?s={search_term_string}\"},\"query-input\":\"required name=search_term_string\"}],\"inLanguage\":\"fi\"},{\"@type\":\"ImageObject\",\"inLanguage\":\"fi\",\"@id\":\"https:\/\/hotelli03.domainhotelli.fi\/~lsdoecli\/tuote\/tyokaluvarmistin-beal-air-leash\/#primaryimage\",\"url\":\"https:\/\/hotelli03.domainhotelli.fi\/~lsdoecli\/wp-content\/uploads\/2021\/11\/Tyokaluvarmistin-Beal-Air-Leash.jpeg\",\"contentUrl\":\"https:\/\/hotelli03.domainhotelli.fi\/~lsdoecli\/wp-content\/uploads\/2021\/11\/Tyokaluvarmistin-Beal-Air-Leash.jpeg\",\"width\":600,\"height\":600,\"caption\":\"Ty\u00f6kaluvarmistin Beal Air-Leash\"},{\"@type\":\"WebPage\",\"@id\":\"https:\/\/hotelli03.domainhotelli.fi\/~lsdoecli\/tuote\/tyokaluvarmistin-beal-air-leash\/\",\"url\":\"https:\/\/hotelli03.domainhotelli.fi\/~lsdoecli\/tuote\/tyokaluvarmistin-beal-air-leash\/\",\"name\":\"Ty\u00f6kaluvarmistin Beal Air-Leash | JV Tuonti\",\"isPartOf\":{\"@id\":\"https:\/\/hotelli03.domainhotelli.fi\/~lsdoecli\/#website\"},\"primaryImageOfPage\":{\"@id\":\"https:\/\/hotelli03.domainhotelli.fi\/~lsdoecli\/tuote\/tyokaluvarmistin-beal-air-leash\/#primaryimage\"},\"datePublished\":\"2021-11-15T07:53:04+00:00\",\"dateModified\":\"2021-11-15T07:53:04+00:00\",\"description\":\"Ty\u00f6kaluvarmistin Beal Air-Leash on valjaisiin tai housuihin helposti liitett\u00e4v\u00e4 ty\u00f6kaluhihna, joka mahdollistaa turvallisen ty\u00f6skentelyn.\",\"breadcrumb\":{\"@id\":\"https:\/\/hotelli03.domainhotelli.fi\/~lsdoecli\/tuote\/tyokaluvarmistin-beal-air-leash\/#breadcrumb\"},\"inLanguage\":\"fi\",\"potentialAction\":[{\"@type\":\"ReadAction\",\"target\":[\"https:\/\/hotelli03.domainhotelli.fi\/~lsdoecli\/tuote\/tyokaluvarmistin-beal-air-leash\/\"]}]},{\"@type\":\"BreadcrumbList\",\"@id\":\"https:\/\/hotelli03.domainhotelli.fi\/~lsdoecli\/tuote\/tyokaluvarmistin-beal-air-leash\/#breadcrumb\",\"itemListElement\":[{\"@type\":\"ListItem\",\"position\":1,\"name\":\"Etusivu\",\"item\":\"https:\/\/hotelli03.domainhotelli.fi\/~lsdoecli\/\"},{\"@type\":\"ListItem\",\"position\":2,\"name\":\"Kauppa\",\"item\":\"https:\/\/hotelli03.domainhotelli.fi\/~lsdoecli\/kauppa\/\"},{\"@type\":\"ListItem\",\"position\":3,\"name\":\"Ty\u00f6kaluvarmistin Beal Air-Leash\"}]},{\"@type\":\"PostalAddress\",\"@id\":\"https:\/\/hotelli03.domainhotelli.fi\/~lsdoecli\/tuote\/tyokaluvarmistin-beal-air-leash\/#local-main-place-address\",\"streetAddress\":\"Pyymosantie 5a\",\"addressLocality\":\"Vantaa\",\"postalCode\":\"01720\",\"addressCountry\":\"FI\"},{\"@type\":\"ImageObject\",\"inLanguage\":\"fi\",\"@id\":\"https:\/\/hotelli03.domainhotelli.fi\/~lsdoecli\/tuote\/tyokaluvarmistin-beal-air-leash\/#local-main-organization-logo\",\"url\":\"https:\/\/hotelli03.domainhotelli.fi\/~lsdoecli\/wp-content\/uploads\/2021\/08\/JVTuonti_logo_nelio.jpg\",\"contentUrl\":\"https:\/\/hotelli03.domainhotelli.fi\/~lsdoecli\/wp-content\/uploads\/2021\/08\/JVTuonti_logo_nelio.jpg\",\"width\":550,\"height\":550,\"caption\":\"JV Tuonti Oy\"}]}<\/script>\n<meta property=\"product:brand\" content=\"Beal\" \/>\n<meta property=\"product:price:amount\" content=\"31.94\" \/>\n<meta property=\"product:price:currency\" content=\"EUR\" \/>\n<meta property=\"og:availability\" content=\"instock\" \/>\n<meta property=\"product:availability\" content=\"instock\" \/>\n<meta property=\"product:retailer_item_id\" content=\"BAL\" \/>\n<meta property=\"product:condition\" content=\"new\" \/>\n<meta name=\"geo.placename\" content=\"Vantaa\" \/>\n<meta name=\"geo.position\" content=\"60.28431;24.81654\" \/>\n<meta name=\"geo.region\" content=\"Suomi\" \/>\n<!-- \/ Yoast SEO Premium plugin. -->","yoast_head_json":{"title":"Ty\u00f6kaluvarmistin Beal Air-Leash | JV Tuonti","description":"Ty\u00f6kaluvarmistin Beal Air-Leash on valjaisiin tai housuihin helposti liitett\u00e4v\u00e4 ty\u00f6kaluhihna, joka mahdollistaa turvallisen ty\u00f6skentelyn.","robots":{"index":"index","follow":"follow","max-snippet":"max-snippet:-1","max-image-preview":"max-image-preview:large","max-video-preview":"max-video-preview:-1"},"canonical":"https:\/\/hotelli03.domainhotelli.fi\/~lsdoecli\/tuote\/tyokaluvarmistin-beal-air-leash\/","og_locale":"fi_FI","og_type":"article","og_title":"Ty\u00f6kaluvarmistin Beal Air-Leash","og_description":"Ty\u00f6kaluvarmistin Beal Air-Leash on valjaisiin tai housuihin helposti liitett\u00e4v\u00e4 ty\u00f6kaluhihna, joka mahdollistaa turvallisen ty\u00f6skentelyn.","og_url":"https:\/\/hotelli03.domainhotelli.fi\/~lsdoecli\/tuote\/tyokaluvarmistin-beal-air-leash\/","og_site_name":"JV Tuonti","article_publisher":"https:\/\/www.facebook.com\/JVTuontiOy","og_image":[{"width":600,"height":600,"url":"https:\/\/hotelli03.domainhotelli.fi\/~lsdoecli\/wp-content\/uploads\/2021\/11\/Tyokaluvarmistin-Beal-Air-Leash.jpeg","type":"image\/jpeg"}],"twitter_card":"summary_large_image","twitter_misc":{"Price":"31,94&nbsp;&euro; Alv 24%N\u00e4yt\u00e4 veroton hinta25,76&nbsp;&euro; Alv 0%N\u00e4yt\u00e4 verollinen hinta","Availability":"In stock"},"schema":{"@context":"https:\/\/schema.org","@graph":[{"@type":["Organization","Place","WholesaleStore"],"@id":"https:\/\/hotelli03.domainhotelli.fi\/~lsdoecli\/#organization","name":"JV Tuonti Oy","url":"https:\/\/hotelli03.domainhotelli.fi\/~lsdoecli\/","sameAs":["https:\/\/instagram.com\/jvtuontioy?utm_medium=copy_link","https:\/\/www.facebook.com\/JVTuontiOy"],"logo":{"@id":"https:\/\/hotelli03.domainhotelli.fi\/~lsdoecli\/tuote\/tyokaluvarmistin-beal-air-leash\/#local-main-organization-logo"},"image":{"@id":"https:\/\/hotelli03.domainhotelli.fi\/~lsdoecli\/tuote\/tyokaluvarmistin-beal-air-leash\/#local-main-organization-logo"},"address":{"@id":"https:\/\/hotelli03.domainhotelli.fi\/~lsdoecli\/tuote\/tyokaluvarmistin-beal-air-leash\/#local-main-place-address"},"geo":{"@type":"GeoCoordinates","latitude":"60.28431","longitude":"24.81654"},"telephone":["0408369980"],"openingHoursSpecification":[{"@type":"OpeningHoursSpecification","dayOfWeek":["Monday","Tuesday","Wednesday","Thursday","Friday"],"opens":"08:00","closes":"16:00"},{"@type":"OpeningHoursSpecification","dayOfWeek":["Saturday","Sunday"],"opens":"00:00","closes":"00:00"}],"email":"myynti@hotelli03.domainhotelli.fi","areaServed":"Suomi, Ruotsi","vatID":"FI30178387","priceRange":"$$","currenciesAccepted":"\u20ac","paymentAccepted":"Lasku, pankkikortti"},{"@type":"WebSite","@id":"https:\/\/hotelli03.domainhotelli.fi\/~lsdoecli\/#website","url":"https:\/\/hotelli03.domainhotelli.fi\/~lsdoecli\/","name":"JV Tuonti","description":"JV Tuonti Oy:n verkkokauppa","publisher":{"@id":"https:\/\/hotelli03.domainhotelli.fi\/~lsdoecli\/#organization"},"potentialAction":[{"@type":"SearchAction","target":{"@type":"EntryPoint","urlTemplate":"https:\/\/hotelli03.domainhotelli.fi\/~lsdoecli\/?s={search_term_string}"},"query-input":"required name=search_term_string"}],"inLanguage":"fi"},{"@type":"ImageObject","inLanguage":"fi","@id":"https:\/\/hotelli03.domainhotelli.fi\/~lsdoecli\/tuote\/tyokaluvarmistin-beal-air-leash\/#primaryimage","url":"https:\/\/hotelli03.domainhotelli.fi\/~lsdoecli\/wp-content\/uploads\/2021\/11\/Tyokaluvarmistin-Beal-Air-Leash.jpeg","contentUrl":"https:\/\/hotelli03.domainhotelli.fi\/~lsdoecli\/wp-content\/uploads\/2021\/11\/Tyokaluvarmistin-Beal-Air-Leash.jpeg","width":600,"height":600,"caption":"Ty\u00f6kaluvarmistin Beal Air-Leash"},{"@type":"WebPage","@id":"https:\/\/hotelli03.domainhotelli.fi\/~lsdoecli\/tuote\/tyokaluvarmistin-beal-air-leash\/","url":"https:\/\/hotelli03.domainhotelli.fi\/~lsdoecli\/tuote\/tyokaluvarmistin-beal-air-leash\/","name":"Ty\u00f6kaluvarmistin Beal Air-Leash | JV Tuonti","isPartOf":{"@id":"https:\/\/hotelli03.domainhotelli.fi\/~lsdoecli\/#website"},"primaryImageOfPage":{"@id":"https:\/\/hotelli03.domainhotelli.fi\/~lsdoecli\/tuote\/tyokaluvarmistin-beal-air-leash\/#primaryimage"},"datePublished":"2021-11-15T07:53:04+00:00","dateModified":"2021-11-15T07:53:04+00:00","description":"Ty\u00f6kaluvarmistin Beal Air-Leash on valjaisiin tai housuihin helposti liitett\u00e4v\u00e4 ty\u00f6kaluhihna, joka mahdollistaa turvallisen ty\u00f6skentelyn.","breadcrumb":{"@id":"https:\/\/hotelli03.domainhotelli.fi\/~lsdoecli\/tuote\/tyokaluvarmistin-beal-air-leash\/#breadcrumb"},"inLanguage":"fi","potentialAction":[{"@type":"ReadAction","target":["https:\/\/hotelli03.domainhotelli.fi\/~lsdoecli\/tuote\/tyokaluvarmistin-beal-air-leash\/"]}]},{"@type":"BreadcrumbList","@id":"https:\/\/hotelli03.domainhotelli.fi\/~lsdoecli\/tuote\/tyokaluvarmistin-beal-air-leash\/#breadcrumb","itemListElement":[{"@type":"ListItem","position":1,"name":"Etusivu","item":"https:\/\/hotelli03.domainhotelli.fi\/~lsdoecli\/"},{"@type":"ListItem","position":2,"name":"Kauppa","item":"https:\/\/hotelli03.domainhotelli.fi\/~lsdoecli\/kauppa\/"},{"@type":"ListItem","position":3,"name":"Ty\u00f6kaluvarmistin Beal Air-Leash"}]},{"@type":"PostalAddress","@id":"https:\/\/hotelli03.domainhotelli.fi\/~lsdoecli\/tuote\/tyokaluvarmistin-beal-air-leash\/#local-main-place-address","streetAddress":"Pyymosantie 5a","addressLocality":"Vantaa","postalCode":"01720","addressCountry":"FI"},{"@type":"ImageObject","inLanguage":"fi","@id":"https:\/\/hotelli03.domainhotelli.fi\/~lsdoecli\/tuote\/tyokaluvarmistin-beal-air-leash\/#local-main-organization-logo","url":"https:\/\/hotelli03.domainhotelli.fi\/~lsdoecli\/wp-content\/uploads\/2021\/08\/JVTuonti_logo_nelio.jpg","contentUrl":"https:\/\/hotelli03.domainhotelli.fi\/~lsdoecli\/wp-content\/uploads\/2021\/08\/JVTuonti_logo_nelio.jpg","width":550,"height":550,"caption":"JV Tuonti Oy"}]},"product_brand":"Beal","product_price_amount":"31.94","product_price_currency":"EUR","og_availability":"instock","product_availability":"instock","product_retailer_item_id":"BAL","product_condition":"new","geo.placename":"Vantaa","geo.position":{"lat":"60.28431","long":"24.81654"},"geo.region":"Suomi"},"_links":{"self":[{"href":"https:\/\/hotelli03.domainhotelli.fi\/~lsdoecli\/wp-json\/wp\/v2\/product\/8410"}],"collection":[{"href":"https:\/\/hotelli03.domainhotelli.fi\/~lsdoecli\/wp-json\/wp\/v2\/product"}],"about":[{"href":"https:\/\/hotelli03.domainhotelli.fi\/~lsdoecli\/wp-json\/wp\/v2\/types\/product"}],"replies":[{"embeddable":true,"href":"https:\/\/hotelli03.domainhotelli.fi\/~lsdoecli\/wp-json\/wp\/v2\/comments?post=8410"}],"wp:featuredmedia":[{"embeddable":true,"href":"https:\/\/hotelli03.domainhotelli.fi\/~lsdoecli\/wp-json\/wp\/v2\/media\/8413"}],"wp:attachment":[{"href":"https:\/\/hotelli03.domainhotelli.fi\/~lsdoecli\/wp-json\/wp\/v2\/media?parent=8410"}],"wp:term":[{"taxonomy":"product_cat","embeddable":true,"href":"https:\/\/hotelli03.domainhotelli.fi\/~lsdoecli\/wp-json\/wp\/v2\/product_cat?post=8410"},{"taxonomy":"product_tag","embeddable":true,"href":"https:\/\/hotelli03.domainhotelli.fi\/~lsdoecli\/wp-json\/wp\/v2\/product_tag?post=8410"}],"curies":[{"name":"wp","href":"https:\/\/api.w.org\/{rel}","templated":true}]}}