{"id":8375,"date":"2021-11-05T07:48:12","date_gmt":"2021-11-05T07:48:12","guid":{"rendered":"https:\/\/hotelli03.domainhotelli.fi\/~lsdoecli\/?post_type=product&#038;p=8375"},"modified":"2021-11-05T07:54:42","modified_gmt":"2021-11-05T07:54:42","slug":"saatokoysi-beal-air-kit-15m-sininen","status":"publish","type":"product","link":"https:\/\/hotelli03.domainhotelli.fi\/~lsdoecli\/tuote\/saatokoysi-beal-air-kit-15m-sininen\/","title":{"rendered":"S\u00e4\u00e4t\u00f6k\u00f6ysi Beal Air Kit 15m sininen"},"content":{"rendered":"<h2>K\u00e4ytt\u00f6valmiiksi kasattu liitosk\u00f6ysikokonaisuus, joka on EN353-2 mukainen putoamisen pys\u00e4ytt\u00e4v\u00e4 j\u00e4rjestelm\u00e4, sek\u00e4 EN12841 tyyppi A mukainen s\u00e4\u00e4t\u00f6k\u00f6ysi.<\/h2>\n<p>S\u00e4\u00e4t\u00f6k\u00f6ysi Beal Air Kit 15m sininen on suunniteltu putoamisvaarallisissa olosuhteissa sek\u00e4 viett\u00e4vill\u00e4 tasoilla ty\u00f6skentelyyn. Tarjoaa hyv\u00e4n ty\u00f6naikaisen tuen s\u00e4\u00e4t\u00f6laitteen lukituksen ansiosta. K\u00f6ysitarrain seuraa k\u00e4ytt\u00e4j\u00e4\u00e4 molempiin suuntiin k\u00f6ydess\u00e4 ja putoamistilanteessa nyk\u00e4yksenvaimennin rajoittaa kehoon ja ankkuripisteeseen kohdistuvat voimat alle 6 kN:iin. Automaattiset sulkurenkaat pienent\u00e4v\u00e4t virhek\u00e4yt\u00f6n mahdollisuutta ja sile\u00e4t Key Lock portit tekev\u00e4t sulkurenkaiden k\u00e4yt\u00f6st\u00e4 tehokasta ja miellytt\u00e4v\u00e4\u00e4.<\/p>\n<h4>Kokonaisuus sis\u00e4lt\u00e4\u00e4:<\/h4>\n<p>&#8211; Beal Monitor &#8211; k\u00f6ydess\u00e4 liikkuva, putoamisen pys\u00e4ytt\u00e4v\u00e4 k\u00f6ysitarrain<br \/>\n&#8211; Beal Mobile Lanyard &#8211; nyk\u00e4yksenvaimennin, jossa 20 cm ja 40 cm asetusvaihtoehto k\u00e4ytt\u00f6pituudelle<br \/>\n&#8211; 2 kpl Beal O\u2019Light 3-Matic automaattilukitteinen ovaali sulkurengas, joilla nyk\u00e4yksenvaimentimen toinen p\u00e4\u00e4 liitet\u00e4\u00e4n k\u00f6ysitarraimeen ja toinen p\u00e4\u00e4 valjaan A-merkittyyn rinta- tai selk\u00e4kiinnityspisteeseen<br \/>\n&#8211; Beal Be Lock 3-Matic automaattilukitteinen suuren avauman sulkurengas, jolla k\u00f6yden p\u00e4\u00e4 liitet\u00e4\u00e4n ankkuripisteeseen<br \/>\n&#8211; Beal Industrie 11 mm ydink\u00f6ysi &#8211; Air Kit on saatavissa 6 eri pituutena. K\u00f6yden v\u00e4ri ilmoittaa pituuden:<br \/>\n10 m ja 30 m: Oranssi<br \/>\n15 m ja 50 m: Sininen<br \/>\n20 m ja 60 m: Punainen<\/p>\n<p>Notkean ja helposti k\u00e4sitelt\u00e4v\u00e4n modernin ydink\u00f6yden yl\u00e4p\u00e4\u00e4ss\u00e4 tehdasommeltu p\u00e4\u00e4t\u00f6slenkki, jonka suojus suojaa k\u00f6ytt\u00e4, pit\u00e4\u00e4 lukkosulkurenkaan oikeassa asennossa ja helpottaa k\u00e4sittely\u00e4. Suojus on irrotettava, joten ompeleiden tarkastaminen on helppoa. Tehdasommeltu p\u00e4\u00e4t\u00f6slenkki lis\u00e4\u00e4 k\u00f6yden murtolujuutta verrattuna solmulla teht\u00e4v\u00e4\u00e4n p\u00e4\u00e4t\u00f6kseen.<\/p>\n<h4>S\u00e4\u00e4t\u00f6k\u00f6ysi Beal Air Kit 15m sininen ominaisuudet ja tekniset tiedot:<\/h4>\n<ul>\n<li>Sarjanumeroitu sek\u00e4 QR-koodattu, jotta j\u00e4ljitett\u00e4vyys ja varusteiden hallinta olisi helppoa.<\/li>\n<li>Paino vain 389 g + k\u00f6yden paino.<\/li>\n<li>Kokonaisuuden kaikki komponentit vaihdettavissa k\u00e4ytt\u00e4j\u00e4n toimesta uusiin kulumisen, vaurioitumisen tai ik\u00e4\u00e4ntymisen my\u00f6t\u00e4, joka maksimoi k\u00e4ytt\u00f6kelpoisuuden ja minimoi kustannukset.<\/li>\n<li>Komponentteja voi my\u00f6s hy\u00e4dynt\u00e4\u00e4 muissa putoamisvaarallisesten alueiden varustekokonaisuuksissa.<\/li>\n<li>Maksimielinik\u00e4: K\u00f6ysi ja nyk\u00e4yksenvaimennin: 15 vuotta (= 5 vuotta varastointia + 10 vuotta k\u00e4ytt\u00f6\u00e4). Metallituotteet: Rajoittamaton.<\/li>\n<li>CE EN353-2, EN12841 tyyppi A.<\/li>\n<li>Materiaali- ja valmistusvirhetakuu 3 vuotta.<\/li>\n<\/ul>\n<p>&nbsp;<\/p>\n<p><a href=\"https:\/\/hotelli03.domainhotelli.fi\/~lsdoecli\/tuote-osasto\/putoamissuojaimet\/\">Katso my\u00f6s muut putoamissuojaimet ja varusteet t\u00e4st\u00e4!\u00a0<\/a><\/p>\n<p>&nbsp;<\/p>\n<p>Maahantuoja: <a href=\"https:\/\/www.vandernet.com\">Vandernet Oy<\/a><\/p>\n","protected":false},"excerpt":{"rendered":"<h4>K\u00e4ytt\u00f6valmiiksi kasattu liitosk\u00f6ysikokonaisuus, joka on EN353-2 mukainen putoamisen pys\u00e4ytt\u00e4v\u00e4 j\u00e4rjestelm\u00e4, sek\u00e4 EN12841 tyyppi A mukainen s\u00e4\u00e4t\u00f6k\u00f6ysi.<\/h4>\n<p>S\u00e4\u00e4t\u00f6k\u00f6ysi Beal Air Kit 15m sininen on suunniteltu putoamisvaarallisissa olosuhteissa sek\u00e4 viett\u00e4vill\u00e4 tasoilla ty\u00f6skentelyyn.<\/p>\n","protected":false},"featured_media":8376,"comment_status":"open","ping_status":"closed","template":"","meta":[],"product_cat":[460],"product_tag":[920,921],"yoast_head":"<!-- This site is optimized with the Yoast SEO Premium plugin v18.9 (Yoast SEO v19.3) - https:\/\/yoast.com\/wordpress\/plugins\/seo\/ -->\n<title>S\u00e4\u00e4t\u00f6k\u00f6ysi Beal Air Kit 15m sininen | JV Tuonti<\/title>\n<meta name=\"description\" content=\"S\u00e4\u00e4t\u00f6k\u00f6ysi Beal Air Kit 10m oranssi on k\u00e4ytt\u00f6valmiiksi kasattu liitosk\u00f6ysikokonaisuus, joka on EN353-2 mukainen, sek\u00e4 EN12841 tyyppi A.\" \/>\n<meta name=\"robots\" content=\"index, follow, max-snippet:-1, max-image-preview:large, max-video-preview:-1\" \/>\n<link rel=\"canonical\" href=\"https:\/\/hotelli03.domainhotelli.fi\/~lsdoecli\/tuote\/saatokoysi-beal-air-kit-15m-sininen\/\" \/>\n<meta property=\"og:locale\" content=\"fi_FI\" \/>\n<meta property=\"og:type\" content=\"article\" \/>\n<meta property=\"og:title\" content=\"S\u00e4\u00e4t\u00f6k\u00f6ysi Beal Air Kit 15m sininen\" \/>\n<meta property=\"og:description\" content=\"S\u00e4\u00e4t\u00f6k\u00f6ysi Beal Air Kit 10m oranssi on k\u00e4ytt\u00f6valmiiksi kasattu liitosk\u00f6ysikokonaisuus, joka on EN353-2 mukainen, sek\u00e4 EN12841 tyyppi A.\" \/>\n<meta property=\"og:url\" content=\"https:\/\/hotelli03.domainhotelli.fi\/~lsdoecli\/tuote\/saatokoysi-beal-air-kit-15m-sininen\/\" \/>\n<meta property=\"og:site_name\" content=\"JV Tuonti\" \/>\n<meta property=\"article:publisher\" content=\"https:\/\/www.facebook.com\/JVTuontiOy\" \/>\n<meta property=\"article:modified_time\" content=\"2021-11-05T07:54:42+00:00\" \/>\n<meta property=\"og:image\" content=\"https:\/\/hotelli03.domainhotelli.fi\/~lsdoecli\/wp-content\/uploads\/2021\/11\/Saatokoysi-Beal-Air-Kit-15m-sininen.jpeg\" \/>\n\t<meta property=\"og:image:width\" content=\"600\" \/>\n\t<meta property=\"og:image:height\" content=\"600\" \/>\n\t<meta property=\"og:image:type\" content=\"image\/jpeg\" \/>\n<meta name=\"twitter:card\" content=\"summary_large_image\" \/>\n<meta name=\"twitter:label1\" content=\"Price\" \/>\n\t<meta name=\"twitter:data1\" content=\"221,96&nbsp;&euro; Alv 24%N\u00e4yt\u00e4 veroton hinta179,00&nbsp;&euro; Alv 0%N\u00e4yt\u00e4 verollinen hinta\" \/>\n\t<meta name=\"twitter:label2\" content=\"Availability\" \/>\n\t<meta name=\"twitter:data2\" content=\"In stock\" \/>\n<script type=\"application\/ld+json\" class=\"yoast-schema-graph\">{\"@context\":\"https:\/\/schema.org\",\"@graph\":[{\"@type\":[\"Organization\",\"Place\",\"WholesaleStore\"],\"@id\":\"https:\/\/hotelli03.domainhotelli.fi\/~lsdoecli\/#organization\",\"name\":\"JV Tuonti Oy\",\"url\":\"https:\/\/hotelli03.domainhotelli.fi\/~lsdoecli\/\",\"sameAs\":[\"https:\/\/instagram.com\/jvtuontioy?utm_medium=copy_link\",\"https:\/\/www.facebook.com\/JVTuontiOy\"],\"logo\":{\"@id\":\"https:\/\/hotelli03.domainhotelli.fi\/~lsdoecli\/tuote\/saatokoysi-beal-air-kit-15m-sininen\/#local-main-organization-logo\"},\"image\":{\"@id\":\"https:\/\/hotelli03.domainhotelli.fi\/~lsdoecli\/tuote\/saatokoysi-beal-air-kit-15m-sininen\/#local-main-organization-logo\"},\"address\":{\"@id\":\"https:\/\/hotelli03.domainhotelli.fi\/~lsdoecli\/tuote\/saatokoysi-beal-air-kit-15m-sininen\/#local-main-place-address\"},\"geo\":{\"@type\":\"GeoCoordinates\",\"latitude\":\"60.28431\",\"longitude\":\"24.81654\"},\"telephone\":[\"0408369980\"],\"openingHoursSpecification\":[{\"@type\":\"OpeningHoursSpecification\",\"dayOfWeek\":[\"Monday\",\"Tuesday\",\"Wednesday\",\"Thursday\",\"Friday\"],\"opens\":\"08:00\",\"closes\":\"16:00\"},{\"@type\":\"OpeningHoursSpecification\",\"dayOfWeek\":[\"Saturday\",\"Sunday\"],\"opens\":\"00:00\",\"closes\":\"00:00\"}],\"email\":\"myynti@hotelli03.domainhotelli.fi\",\"areaServed\":\"Suomi, Ruotsi\",\"vatID\":\"FI30178387\",\"priceRange\":\"$$\",\"currenciesAccepted\":\"\u20ac\",\"paymentAccepted\":\"Lasku, pankkikortti\"},{\"@type\":\"WebSite\",\"@id\":\"https:\/\/hotelli03.domainhotelli.fi\/~lsdoecli\/#website\",\"url\":\"https:\/\/hotelli03.domainhotelli.fi\/~lsdoecli\/\",\"name\":\"JV Tuonti\",\"description\":\"JV Tuonti Oy:n verkkokauppa\",\"publisher\":{\"@id\":\"https:\/\/hotelli03.domainhotelli.fi\/~lsdoecli\/#organization\"},\"potentialAction\":[{\"@type\":\"SearchAction\",\"target\":{\"@type\":\"EntryPoint\",\"urlTemplate\":\"https:\/\/hotelli03.domainhotelli.fi\/~lsdoecli\/?s={search_term_string}\"},\"query-input\":\"required name=search_term_string\"}],\"inLanguage\":\"fi\"},{\"@type\":\"ImageObject\",\"inLanguage\":\"fi\",\"@id\":\"https:\/\/hotelli03.domainhotelli.fi\/~lsdoecli\/tuote\/saatokoysi-beal-air-kit-15m-sininen\/#primaryimage\",\"url\":\"https:\/\/hotelli03.domainhotelli.fi\/~lsdoecli\/wp-content\/uploads\/2021\/11\/Saatokoysi-Beal-Air-Kit-15m-sininen.jpeg\",\"contentUrl\":\"https:\/\/hotelli03.domainhotelli.fi\/~lsdoecli\/wp-content\/uploads\/2021\/11\/Saatokoysi-Beal-Air-Kit-15m-sininen.jpeg\",\"width\":600,\"height\":600,\"caption\":\"S\u00e4\u00e4t\u00f6k\u00f6ysi Beal Air Kit 15m sininen\"},{\"@type\":\"WebPage\",\"@id\":\"https:\/\/hotelli03.domainhotelli.fi\/~lsdoecli\/tuote\/saatokoysi-beal-air-kit-15m-sininen\/\",\"url\":\"https:\/\/hotelli03.domainhotelli.fi\/~lsdoecli\/tuote\/saatokoysi-beal-air-kit-15m-sininen\/\",\"name\":\"S\u00e4\u00e4t\u00f6k\u00f6ysi Beal Air Kit 15m sininen | JV Tuonti\",\"isPartOf\":{\"@id\":\"https:\/\/hotelli03.domainhotelli.fi\/~lsdoecli\/#website\"},\"primaryImageOfPage\":{\"@id\":\"https:\/\/hotelli03.domainhotelli.fi\/~lsdoecli\/tuote\/saatokoysi-beal-air-kit-15m-sininen\/#primaryimage\"},\"datePublished\":\"2021-11-05T07:48:12+00:00\",\"dateModified\":\"2021-11-05T07:54:42+00:00\",\"description\":\"S\u00e4\u00e4t\u00f6k\u00f6ysi Beal Air Kit 10m oranssi on k\u00e4ytt\u00f6valmiiksi kasattu liitosk\u00f6ysikokonaisuus, joka on EN353-2 mukainen, sek\u00e4 EN12841 tyyppi A.\",\"breadcrumb\":{\"@id\":\"https:\/\/hotelli03.domainhotelli.fi\/~lsdoecli\/tuote\/saatokoysi-beal-air-kit-15m-sininen\/#breadcrumb\"},\"inLanguage\":\"fi\",\"potentialAction\":[{\"@type\":\"ReadAction\",\"target\":[\"https:\/\/hotelli03.domainhotelli.fi\/~lsdoecli\/tuote\/saatokoysi-beal-air-kit-15m-sininen\/\"]}]},{\"@type\":\"BreadcrumbList\",\"@id\":\"https:\/\/hotelli03.domainhotelli.fi\/~lsdoecli\/tuote\/saatokoysi-beal-air-kit-15m-sininen\/#breadcrumb\",\"itemListElement\":[{\"@type\":\"ListItem\",\"position\":1,\"name\":\"Etusivu\",\"item\":\"https:\/\/hotelli03.domainhotelli.fi\/~lsdoecli\/\"},{\"@type\":\"ListItem\",\"position\":2,\"name\":\"Kauppa\",\"item\":\"https:\/\/hotelli03.domainhotelli.fi\/~lsdoecli\/kauppa\/\"},{\"@type\":\"ListItem\",\"position\":3,\"name\":\"S\u00e4\u00e4t\u00f6k\u00f6ysi Beal Air Kit 15m sininen\"}]},{\"@type\":\"PostalAddress\",\"@id\":\"https:\/\/hotelli03.domainhotelli.fi\/~lsdoecli\/tuote\/saatokoysi-beal-air-kit-15m-sininen\/#local-main-place-address\",\"streetAddress\":\"Pyymosantie 5a\",\"addressLocality\":\"Vantaa\",\"postalCode\":\"01720\",\"addressCountry\":\"FI\"},{\"@type\":\"ImageObject\",\"inLanguage\":\"fi\",\"@id\":\"https:\/\/hotelli03.domainhotelli.fi\/~lsdoecli\/tuote\/saatokoysi-beal-air-kit-15m-sininen\/#local-main-organization-logo\",\"url\":\"https:\/\/hotelli03.domainhotelli.fi\/~lsdoecli\/wp-content\/uploads\/2021\/08\/JVTuonti_logo_nelio.jpg\",\"contentUrl\":\"https:\/\/hotelli03.domainhotelli.fi\/~lsdoecli\/wp-content\/uploads\/2021\/08\/JVTuonti_logo_nelio.jpg\",\"width\":550,\"height\":550,\"caption\":\"JV Tuonti Oy\"}]}<\/script>\n<meta property=\"product:brand\" content=\"Beal\" \/>\n<meta property=\"product:price:amount\" content=\"221.96\" \/>\n<meta property=\"product:price:currency\" content=\"EUR\" \/>\n<meta property=\"og:availability\" content=\"instock\" \/>\n<meta property=\"product:availability\" content=\"instock\" \/>\n<meta property=\"product:retailer_item_id\" content=\"BFAK11.15\" \/>\n<meta property=\"product:condition\" content=\"new\" \/>\n<meta name=\"geo.placename\" content=\"Vantaa\" \/>\n<meta name=\"geo.position\" content=\"60.28431;24.81654\" \/>\n<meta name=\"geo.region\" content=\"Suomi\" \/>\n<!-- \/ Yoast SEO Premium plugin. -->","yoast_head_json":{"title":"S\u00e4\u00e4t\u00f6k\u00f6ysi Beal Air Kit 15m sininen | JV Tuonti","description":"S\u00e4\u00e4t\u00f6k\u00f6ysi Beal Air Kit 10m oranssi on k\u00e4ytt\u00f6valmiiksi kasattu liitosk\u00f6ysikokonaisuus, joka on EN353-2 mukainen, sek\u00e4 EN12841 tyyppi A.","robots":{"index":"index","follow":"follow","max-snippet":"max-snippet:-1","max-image-preview":"max-image-preview:large","max-video-preview":"max-video-preview:-1"},"canonical":"https:\/\/hotelli03.domainhotelli.fi\/~lsdoecli\/tuote\/saatokoysi-beal-air-kit-15m-sininen\/","og_locale":"fi_FI","og_type":"article","og_title":"S\u00e4\u00e4t\u00f6k\u00f6ysi Beal Air Kit 15m sininen","og_description":"S\u00e4\u00e4t\u00f6k\u00f6ysi Beal Air Kit 10m oranssi on k\u00e4ytt\u00f6valmiiksi kasattu liitosk\u00f6ysikokonaisuus, joka on EN353-2 mukainen, sek\u00e4 EN12841 tyyppi A.","og_url":"https:\/\/hotelli03.domainhotelli.fi\/~lsdoecli\/tuote\/saatokoysi-beal-air-kit-15m-sininen\/","og_site_name":"JV Tuonti","article_publisher":"https:\/\/www.facebook.com\/JVTuontiOy","article_modified_time":"2021-11-05T07:54:42+00:00","og_image":[{"width":600,"height":600,"url":"https:\/\/hotelli03.domainhotelli.fi\/~lsdoecli\/wp-content\/uploads\/2021\/11\/Saatokoysi-Beal-Air-Kit-15m-sininen.jpeg","type":"image\/jpeg"}],"twitter_card":"summary_large_image","twitter_misc":{"Price":"221,96&nbsp;&euro; Alv 24%N\u00e4yt\u00e4 veroton hinta179,00&nbsp;&euro; Alv 0%N\u00e4yt\u00e4 verollinen hinta","Availability":"In stock"},"schema":{"@context":"https:\/\/schema.org","@graph":[{"@type":["Organization","Place","WholesaleStore"],"@id":"https:\/\/hotelli03.domainhotelli.fi\/~lsdoecli\/#organization","name":"JV Tuonti Oy","url":"https:\/\/hotelli03.domainhotelli.fi\/~lsdoecli\/","sameAs":["https:\/\/instagram.com\/jvtuontioy?utm_medium=copy_link","https:\/\/www.facebook.com\/JVTuontiOy"],"logo":{"@id":"https:\/\/hotelli03.domainhotelli.fi\/~lsdoecli\/tuote\/saatokoysi-beal-air-kit-15m-sininen\/#local-main-organization-logo"},"image":{"@id":"https:\/\/hotelli03.domainhotelli.fi\/~lsdoecli\/tuote\/saatokoysi-beal-air-kit-15m-sininen\/#local-main-organization-logo"},"address":{"@id":"https:\/\/hotelli03.domainhotelli.fi\/~lsdoecli\/tuote\/saatokoysi-beal-air-kit-15m-sininen\/#local-main-place-address"},"geo":{"@type":"GeoCoordinates","latitude":"60.28431","longitude":"24.81654"},"telephone":["0408369980"],"openingHoursSpecification":[{"@type":"OpeningHoursSpecification","dayOfWeek":["Monday","Tuesday","Wednesday","Thursday","Friday"],"opens":"08:00","closes":"16:00"},{"@type":"OpeningHoursSpecification","dayOfWeek":["Saturday","Sunday"],"opens":"00:00","closes":"00:00"}],"email":"myynti@hotelli03.domainhotelli.fi","areaServed":"Suomi, Ruotsi","vatID":"FI30178387","priceRange":"$$","currenciesAccepted":"\u20ac","paymentAccepted":"Lasku, pankkikortti"},{"@type":"WebSite","@id":"https:\/\/hotelli03.domainhotelli.fi\/~lsdoecli\/#website","url":"https:\/\/hotelli03.domainhotelli.fi\/~lsdoecli\/","name":"JV Tuonti","description":"JV Tuonti Oy:n verkkokauppa","publisher":{"@id":"https:\/\/hotelli03.domainhotelli.fi\/~lsdoecli\/#organization"},"potentialAction":[{"@type":"SearchAction","target":{"@type":"EntryPoint","urlTemplate":"https:\/\/hotelli03.domainhotelli.fi\/~lsdoecli\/?s={search_term_string}"},"query-input":"required name=search_term_string"}],"inLanguage":"fi"},{"@type":"ImageObject","inLanguage":"fi","@id":"https:\/\/hotelli03.domainhotelli.fi\/~lsdoecli\/tuote\/saatokoysi-beal-air-kit-15m-sininen\/#primaryimage","url":"https:\/\/hotelli03.domainhotelli.fi\/~lsdoecli\/wp-content\/uploads\/2021\/11\/Saatokoysi-Beal-Air-Kit-15m-sininen.jpeg","contentUrl":"https:\/\/hotelli03.domainhotelli.fi\/~lsdoecli\/wp-content\/uploads\/2021\/11\/Saatokoysi-Beal-Air-Kit-15m-sininen.jpeg","width":600,"height":600,"caption":"S\u00e4\u00e4t\u00f6k\u00f6ysi Beal Air Kit 15m sininen"},{"@type":"WebPage","@id":"https:\/\/hotelli03.domainhotelli.fi\/~lsdoecli\/tuote\/saatokoysi-beal-air-kit-15m-sininen\/","url":"https:\/\/hotelli03.domainhotelli.fi\/~lsdoecli\/tuote\/saatokoysi-beal-air-kit-15m-sininen\/","name":"S\u00e4\u00e4t\u00f6k\u00f6ysi Beal Air Kit 15m sininen | JV Tuonti","isPartOf":{"@id":"https:\/\/hotelli03.domainhotelli.fi\/~lsdoecli\/#website"},"primaryImageOfPage":{"@id":"https:\/\/hotelli03.domainhotelli.fi\/~lsdoecli\/tuote\/saatokoysi-beal-air-kit-15m-sininen\/#primaryimage"},"datePublished":"2021-11-05T07:48:12+00:00","dateModified":"2021-11-05T07:54:42+00:00","description":"S\u00e4\u00e4t\u00f6k\u00f6ysi Beal Air Kit 10m oranssi on k\u00e4ytt\u00f6valmiiksi kasattu liitosk\u00f6ysikokonaisuus, joka on EN353-2 mukainen, sek\u00e4 EN12841 tyyppi A.","breadcrumb":{"@id":"https:\/\/hotelli03.domainhotelli.fi\/~lsdoecli\/tuote\/saatokoysi-beal-air-kit-15m-sininen\/#breadcrumb"},"inLanguage":"fi","potentialAction":[{"@type":"ReadAction","target":["https:\/\/hotelli03.domainhotelli.fi\/~lsdoecli\/tuote\/saatokoysi-beal-air-kit-15m-sininen\/"]}]},{"@type":"BreadcrumbList","@id":"https:\/\/hotelli03.domainhotelli.fi\/~lsdoecli\/tuote\/saatokoysi-beal-air-kit-15m-sininen\/#breadcrumb","itemListElement":[{"@type":"ListItem","position":1,"name":"Etusivu","item":"https:\/\/hotelli03.domainhotelli.fi\/~lsdoecli\/"},{"@type":"ListItem","position":2,"name":"Kauppa","item":"https:\/\/hotelli03.domainhotelli.fi\/~lsdoecli\/kauppa\/"},{"@type":"ListItem","position":3,"name":"S\u00e4\u00e4t\u00f6k\u00f6ysi Beal Air Kit 15m sininen"}]},{"@type":"PostalAddress","@id":"https:\/\/hotelli03.domainhotelli.fi\/~lsdoecli\/tuote\/saatokoysi-beal-air-kit-15m-sininen\/#local-main-place-address","streetAddress":"Pyymosantie 5a","addressLocality":"Vantaa","postalCode":"01720","addressCountry":"FI"},{"@type":"ImageObject","inLanguage":"fi","@id":"https:\/\/hotelli03.domainhotelli.fi\/~lsdoecli\/tuote\/saatokoysi-beal-air-kit-15m-sininen\/#local-main-organization-logo","url":"https:\/\/hotelli03.domainhotelli.fi\/~lsdoecli\/wp-content\/uploads\/2021\/08\/JVTuonti_logo_nelio.jpg","contentUrl":"https:\/\/hotelli03.domainhotelli.fi\/~lsdoecli\/wp-content\/uploads\/2021\/08\/JVTuonti_logo_nelio.jpg","width":550,"height":550,"caption":"JV Tuonti Oy"}]},"product_brand":"Beal","product_price_amount":"221.96","product_price_currency":"EUR","og_availability":"instock","product_availability":"instock","product_retailer_item_id":"BFAK11.15","product_condition":"new","geo.placename":"Vantaa","geo.position":{"lat":"60.28431","long":"24.81654"},"geo.region":"Suomi"},"_links":{"self":[{"href":"https:\/\/hotelli03.domainhotelli.fi\/~lsdoecli\/wp-json\/wp\/v2\/product\/8375"}],"collection":[{"href":"https:\/\/hotelli03.domainhotelli.fi\/~lsdoecli\/wp-json\/wp\/v2\/product"}],"about":[{"href":"https:\/\/hotelli03.domainhotelli.fi\/~lsdoecli\/wp-json\/wp\/v2\/types\/product"}],"replies":[{"embeddable":true,"href":"https:\/\/hotelli03.domainhotelli.fi\/~lsdoecli\/wp-json\/wp\/v2\/comments?post=8375"}],"wp:featuredmedia":[{"embeddable":true,"href":"https:\/\/hotelli03.domainhotelli.fi\/~lsdoecli\/wp-json\/wp\/v2\/media\/8376"}],"wp:attachment":[{"href":"https:\/\/hotelli03.domainhotelli.fi\/~lsdoecli\/wp-json\/wp\/v2\/media?parent=8375"}],"wp:term":[{"taxonomy":"product_cat","embeddable":true,"href":"https:\/\/hotelli03.domainhotelli.fi\/~lsdoecli\/wp-json\/wp\/v2\/product_cat?post=8375"},{"taxonomy":"product_tag","embeddable":true,"href":"https:\/\/hotelli03.domainhotelli.fi\/~lsdoecli\/wp-json\/wp\/v2\/product_tag?post=8375"}],"curies":[{"name":"wp","href":"https:\/\/api.w.org\/{rel}","templated":true}]}}