{"id":8361,"date":"2021-11-04T13:30:44","date_gmt":"2021-11-04T13:30:44","guid":{"rendered":"https:\/\/hotelli03.domainhotelli.fi\/~lsdoecli\/?post_type=product&#038;p=8361"},"modified":"2021-11-04T13:30:44","modified_gmt":"2021-11-04T13:30:44","slug":"liitoskoysi-beal-dynapro-air-170cm-sulkurenkailla","status":"publish","type":"product","link":"https:\/\/hotelli03.domainhotelli.fi\/~lsdoecli\/tuote\/liitoskoysi-beal-dynapro-air-170cm-sulkurenkailla\/","title":{"rendered":"Liitosk\u00f6ysi Beal Dynapro Air 170cm sulkurenkailla"},"content":{"rendered":"<h2>I-liitosk\u00f6ysi nyk\u00e4yksenvaimentimella ty\u00f6k\u00e4ytt\u00f6\u00f6n.<\/h2>\n<p>Liitosk\u00f6ysi Beal Dynapro Air 170cm sulkurenkailla liitet\u00e4\u00e4n putoamissuojainvaljaan EN 361 standardin mukaiseen rinta- tai selk\u00e4kiinnityspisteeseen.<\/p>\n<h4>Toimitetaan valmiiksi kasattuna k\u00e4ytt\u00f6valmiina kokonaisuutena:<\/h4>\n<p>Varustettu valjaisiin kiinnitett\u00e4v\u00e4ll\u00e4 automaattilukitteisilla alumiinisella Beal OLight 3-Matic lukkosulkurenkaalla, sek\u00e4 ankkuripisteeseen kiinnitett\u00e4v\u00e4ll\u00e4 automaattilukitteisella ter\u00e4ksisell\u00e4 Beal Air Smith lukkosulkurenkaalla, jonka portin avauma 23 mm. Nyk\u00e4yksenvaimentimen auki repeytyminen pys\u00e4ytt\u00e4\u00e4 putoamisen ja vaimentaa kehoon kohdistuvat voimat max. 6 kN:iin. Kokonaispituus sulkurenkaineen 170 cm. Suositeltava valinta esimerkiksi nostokorissa ty\u00f6skentelyyn.<\/p>\n<p>K\u00f6ysi on yhteensopiva nousutarrainten (esim. Beal Hands Up) kanssa, joka tarjoaa valmiuden liitosk\u00f6yden varaan pudonneen nopeaan pelastamiseen. K\u00f6yden molemmissa p\u00e4iss\u00e4 ommeltu p\u00e4\u00e4t\u00f6s sek\u00e4 suojus, joka suojaa tikkauksia sek\u00e4 tunnistetietoja kulumiselta. P\u00e4\u00e4t\u00f6slenkkien sis\u00e4ll\u00e4 holkit, jotka suojaavat k\u00f6ytt\u00e4 kulumiselta ja pident\u00e4v\u00e4t k\u00e4ytt\u00f6ik\u00e4\u00e4. Absorb Air nyk\u00e4yksenvaimennin on varustettu vetoketjulla, joten s\u00e4\u00e4nn\u00f6llinen tarkastaminen ja tarvittaessa kuivaaminen on helppoa ja nopeaa. Jokainen yksil\u00f6 on sarjanumeroitu ja varustettu QR-koodilla, sek\u00e4 vapaalla merkkausalueella k\u00e4ytt\u00e4j\u00e4tiedoille m\u00e4\u00e4r\u00e4aikaistarkastusten ja inventaarin nopeuttamiseksi. Tikkausten v\u00e4ri ilmoittaa lis\u00e4ksi valmistusvuoden. Sulkurenkaissa sile\u00e4t KeyLock portit tekev\u00e4t k\u00e4yt\u00f6st\u00e4 helppoa ja tehostavat ty\u00f6skentely\u00e4.<\/p>\n<h4>Liitosk\u00f6ysi Beal Dynapro Air 170cm sulkurenkailla tekniset tiedot:<\/h4>\n<ul>\n<li>Kokonaispaino 710 g.<\/li>\n<li>CE EN355, EN362.<\/li>\n<li>Eritt\u00e4in kulutuskest\u00e4v\u00e4n k\u00f6yden halkaisija 11,2 mm.<\/li>\n<li>Maksimielinik\u00e4: Metalliosilla rajoittamaton, kuituosilla 15 vuotta (=5 vuotta s\u00e4ilytyst\u00e4 + 10 vuotta k\u00e4ytt\u00f6\u00e4).<\/li>\n<li>Materiaali- ja valmistusvirhetakuu 3 vuotta.<\/li>\n<\/ul>\n<p>&nbsp;<\/p>\n<p><a href=\"https:\/\/hotelli03.domainhotelli.fi\/~lsdoecli\/tuote-osasto\/putoamissuojaimet\/\">Katso my\u00f6s muut putoamissuojaimet ja varusteet t\u00e4st\u00e4!\u00a0<\/a><\/p>\n<p>&nbsp;<\/p>\n<p>Maahantuoja: <a href=\"https:\/\/www.vandernet.com\">Vandernet Oy<\/a><\/p>\n","protected":false},"excerpt":{"rendered":"<h4>I-liitosk\u00f6ysi nyk\u00e4yksenvaimentimella ty\u00f6k\u00e4ytt\u00f6\u00f6n.<\/h4>\n<p>Liitosk\u00f6ysi Beal Dynapro Air 170cm sulkurenkailla liitet\u00e4\u00e4n putoamissuojainvaljaan EN 361 standardin mukaiseen rinta- tai selk\u00e4kiinnityspisteeseen.<\/p>\n","protected":false},"featured_media":8362,"comment_status":"open","ping_status":"closed","template":"","meta":[],"product_cat":[460],"product_tag":[920],"yoast_head":"<!-- This site is optimized with the Yoast SEO Premium plugin v18.9 (Yoast SEO v19.3) - https:\/\/yoast.com\/wordpress\/plugins\/seo\/ -->\n<title>Liitosk\u00f6ysi Beal Dynapro Air 170cm sulkurenkailla | JV Tuonti<\/title>\n<meta name=\"description\" content=\"Liitosk\u00f6ysi Beal Dynapro Air 170cm sulkurenkailla on I-liitosk\u00f6ysi nyk\u00e4yksenvaimentimella ty\u00f6k\u00e4ytt\u00f6\u00f6n. Tutustu tuotteeseen t\u00e4st\u00e4!\" \/>\n<meta name=\"robots\" content=\"index, follow, max-snippet:-1, max-image-preview:large, max-video-preview:-1\" \/>\n<link rel=\"canonical\" href=\"https:\/\/hotelli03.domainhotelli.fi\/~lsdoecli\/tuote\/liitoskoysi-beal-dynapro-air-170cm-sulkurenkailla\/\" \/>\n<meta property=\"og:locale\" content=\"fi_FI\" \/>\n<meta property=\"og:type\" content=\"article\" \/>\n<meta property=\"og:title\" content=\"Liitosk\u00f6ysi Beal Dynapro Air 170cm sulkurenkailla\" \/>\n<meta property=\"og:description\" content=\"Liitosk\u00f6ysi Beal Dynapro Air 170cm sulkurenkailla on I-liitosk\u00f6ysi nyk\u00e4yksenvaimentimella ty\u00f6k\u00e4ytt\u00f6\u00f6n. Tutustu tuotteeseen t\u00e4st\u00e4!\" \/>\n<meta property=\"og:url\" content=\"https:\/\/hotelli03.domainhotelli.fi\/~lsdoecli\/tuote\/liitoskoysi-beal-dynapro-air-170cm-sulkurenkailla\/\" \/>\n<meta property=\"og:site_name\" content=\"JV Tuonti\" \/>\n<meta property=\"article:publisher\" content=\"https:\/\/www.facebook.com\/JVTuontiOy\" \/>\n<meta property=\"og:image\" content=\"https:\/\/hotelli03.domainhotelli.fi\/~lsdoecli\/wp-content\/uploads\/2021\/11\/Liitoskoysi-Beal-Dynapro-Air-170cm-sulkurenkailla.jpeg\" \/>\n\t<meta property=\"og:image:width\" content=\"600\" \/>\n\t<meta property=\"og:image:height\" content=\"600\" \/>\n\t<meta property=\"og:image:type\" content=\"image\/jpeg\" \/>\n<meta name=\"twitter:card\" content=\"summary_large_image\" \/>\n<meta name=\"twitter:label1\" content=\"Price\" \/>\n\t<meta name=\"twitter:data1\" content=\"144,96&nbsp;&euro; Alv 24%N\u00e4yt\u00e4 veroton hinta116,90&nbsp;&euro; Alv 0%N\u00e4yt\u00e4 verollinen hinta\" \/>\n\t<meta name=\"twitter:label2\" content=\"Availability\" \/>\n\t<meta name=\"twitter:data2\" content=\"In stock\" \/>\n<script type=\"application\/ld+json\" class=\"yoast-schema-graph\">{\"@context\":\"https:\/\/schema.org\",\"@graph\":[{\"@type\":[\"Organization\",\"Place\",\"WholesaleStore\"],\"@id\":\"https:\/\/hotelli03.domainhotelli.fi\/~lsdoecli\/#organization\",\"name\":\"JV Tuonti Oy\",\"url\":\"https:\/\/hotelli03.domainhotelli.fi\/~lsdoecli\/\",\"sameAs\":[\"https:\/\/instagram.com\/jvtuontioy?utm_medium=copy_link\",\"https:\/\/www.facebook.com\/JVTuontiOy\"],\"logo\":{\"@id\":\"https:\/\/hotelli03.domainhotelli.fi\/~lsdoecli\/tuote\/liitoskoysi-beal-dynapro-air-170cm-sulkurenkailla\/#local-main-organization-logo\"},\"image\":{\"@id\":\"https:\/\/hotelli03.domainhotelli.fi\/~lsdoecli\/tuote\/liitoskoysi-beal-dynapro-air-170cm-sulkurenkailla\/#local-main-organization-logo\"},\"address\":{\"@id\":\"https:\/\/hotelli03.domainhotelli.fi\/~lsdoecli\/tuote\/liitoskoysi-beal-dynapro-air-170cm-sulkurenkailla\/#local-main-place-address\"},\"geo\":{\"@type\":\"GeoCoordinates\",\"latitude\":\"60.28431\",\"longitude\":\"24.81654\"},\"telephone\":[\"0408369980\"],\"openingHoursSpecification\":[{\"@type\":\"OpeningHoursSpecification\",\"dayOfWeek\":[\"Monday\",\"Tuesday\",\"Wednesday\",\"Thursday\",\"Friday\"],\"opens\":\"08:00\",\"closes\":\"16:00\"},{\"@type\":\"OpeningHoursSpecification\",\"dayOfWeek\":[\"Saturday\",\"Sunday\"],\"opens\":\"00:00\",\"closes\":\"00:00\"}],\"email\":\"myynti@hotelli03.domainhotelli.fi\",\"areaServed\":\"Suomi, Ruotsi\",\"vatID\":\"FI30178387\",\"priceRange\":\"$$\",\"currenciesAccepted\":\"\u20ac\",\"paymentAccepted\":\"Lasku, pankkikortti\"},{\"@type\":\"WebSite\",\"@id\":\"https:\/\/hotelli03.domainhotelli.fi\/~lsdoecli\/#website\",\"url\":\"https:\/\/hotelli03.domainhotelli.fi\/~lsdoecli\/\",\"name\":\"JV Tuonti\",\"description\":\"JV Tuonti Oy:n verkkokauppa\",\"publisher\":{\"@id\":\"https:\/\/hotelli03.domainhotelli.fi\/~lsdoecli\/#organization\"},\"potentialAction\":[{\"@type\":\"SearchAction\",\"target\":{\"@type\":\"EntryPoint\",\"urlTemplate\":\"https:\/\/hotelli03.domainhotelli.fi\/~lsdoecli\/?s={search_term_string}\"},\"query-input\":\"required name=search_term_string\"}],\"inLanguage\":\"fi\"},{\"@type\":\"ImageObject\",\"inLanguage\":\"fi\",\"@id\":\"https:\/\/hotelli03.domainhotelli.fi\/~lsdoecli\/tuote\/liitoskoysi-beal-dynapro-air-170cm-sulkurenkailla\/#primaryimage\",\"url\":\"https:\/\/hotelli03.domainhotelli.fi\/~lsdoecli\/wp-content\/uploads\/2021\/11\/Liitoskoysi-Beal-Dynapro-Air-170cm-sulkurenkailla.jpeg\",\"contentUrl\":\"https:\/\/hotelli03.domainhotelli.fi\/~lsdoecli\/wp-content\/uploads\/2021\/11\/Liitoskoysi-Beal-Dynapro-Air-170cm-sulkurenkailla.jpeg\",\"width\":600,\"height\":600,\"caption\":\"Liitosk\u00f6ysi Beal Dynapro Air 170cm sulkurenkailla\"},{\"@type\":\"WebPage\",\"@id\":\"https:\/\/hotelli03.domainhotelli.fi\/~lsdoecli\/tuote\/liitoskoysi-beal-dynapro-air-170cm-sulkurenkailla\/\",\"url\":\"https:\/\/hotelli03.domainhotelli.fi\/~lsdoecli\/tuote\/liitoskoysi-beal-dynapro-air-170cm-sulkurenkailla\/\",\"name\":\"Liitosk\u00f6ysi Beal Dynapro Air 170cm sulkurenkailla | JV Tuonti\",\"isPartOf\":{\"@id\":\"https:\/\/hotelli03.domainhotelli.fi\/~lsdoecli\/#website\"},\"primaryImageOfPage\":{\"@id\":\"https:\/\/hotelli03.domainhotelli.fi\/~lsdoecli\/tuote\/liitoskoysi-beal-dynapro-air-170cm-sulkurenkailla\/#primaryimage\"},\"datePublished\":\"2021-11-04T13:30:44+00:00\",\"dateModified\":\"2021-11-04T13:30:44+00:00\",\"description\":\"Liitosk\u00f6ysi Beal Dynapro Air 170cm sulkurenkailla on I-liitosk\u00f6ysi nyk\u00e4yksenvaimentimella ty\u00f6k\u00e4ytt\u00f6\u00f6n. Tutustu tuotteeseen t\u00e4st\u00e4!\",\"breadcrumb\":{\"@id\":\"https:\/\/hotelli03.domainhotelli.fi\/~lsdoecli\/tuote\/liitoskoysi-beal-dynapro-air-170cm-sulkurenkailla\/#breadcrumb\"},\"inLanguage\":\"fi\",\"potentialAction\":[{\"@type\":\"ReadAction\",\"target\":[\"https:\/\/hotelli03.domainhotelli.fi\/~lsdoecli\/tuote\/liitoskoysi-beal-dynapro-air-170cm-sulkurenkailla\/\"]}]},{\"@type\":\"BreadcrumbList\",\"@id\":\"https:\/\/hotelli03.domainhotelli.fi\/~lsdoecli\/tuote\/liitoskoysi-beal-dynapro-air-170cm-sulkurenkailla\/#breadcrumb\",\"itemListElement\":[{\"@type\":\"ListItem\",\"position\":1,\"name\":\"Etusivu\",\"item\":\"https:\/\/hotelli03.domainhotelli.fi\/~lsdoecli\/\"},{\"@type\":\"ListItem\",\"position\":2,\"name\":\"Kauppa\",\"item\":\"https:\/\/hotelli03.domainhotelli.fi\/~lsdoecli\/kauppa\/\"},{\"@type\":\"ListItem\",\"position\":3,\"name\":\"Liitosk\u00f6ysi Beal Dynapro Air 170cm sulkurenkailla\"}]},{\"@type\":\"PostalAddress\",\"@id\":\"https:\/\/hotelli03.domainhotelli.fi\/~lsdoecli\/tuote\/liitoskoysi-beal-dynapro-air-170cm-sulkurenkailla\/#local-main-place-address\",\"streetAddress\":\"Pyymosantie 5a\",\"addressLocality\":\"Vantaa\",\"postalCode\":\"01720\",\"addressCountry\":\"FI\"},{\"@type\":\"ImageObject\",\"inLanguage\":\"fi\",\"@id\":\"https:\/\/hotelli03.domainhotelli.fi\/~lsdoecli\/tuote\/liitoskoysi-beal-dynapro-air-170cm-sulkurenkailla\/#local-main-organization-logo\",\"url\":\"https:\/\/hotelli03.domainhotelli.fi\/~lsdoecli\/wp-content\/uploads\/2021\/08\/JVTuonti_logo_nelio.jpg\",\"contentUrl\":\"https:\/\/hotelli03.domainhotelli.fi\/~lsdoecli\/wp-content\/uploads\/2021\/08\/JVTuonti_logo_nelio.jpg\",\"width\":550,\"height\":550,\"caption\":\"JV Tuonti Oy\"}]}<\/script>\n<meta property=\"product:brand\" content=\"Beal\" \/>\n<meta property=\"product:price:amount\" content=\"144.96\" \/>\n<meta property=\"product:price:currency\" content=\"EUR\" \/>\n<meta property=\"og:availability\" content=\"instock\" \/>\n<meta property=\"product:availability\" content=\"instock\" \/>\n<meta property=\"product:retailer_item_id\" content=\"BLDPAL.170\" \/>\n<meta property=\"product:condition\" content=\"new\" \/>\n<meta name=\"geo.placename\" content=\"Vantaa\" \/>\n<meta name=\"geo.position\" content=\"60.28431;24.81654\" \/>\n<meta name=\"geo.region\" content=\"Suomi\" \/>\n<!-- \/ Yoast SEO Premium plugin. -->","yoast_head_json":{"title":"Liitosk\u00f6ysi Beal Dynapro Air 170cm sulkurenkailla | JV Tuonti","description":"Liitosk\u00f6ysi Beal Dynapro Air 170cm sulkurenkailla on I-liitosk\u00f6ysi nyk\u00e4yksenvaimentimella ty\u00f6k\u00e4ytt\u00f6\u00f6n. Tutustu tuotteeseen t\u00e4st\u00e4!","robots":{"index":"index","follow":"follow","max-snippet":"max-snippet:-1","max-image-preview":"max-image-preview:large","max-video-preview":"max-video-preview:-1"},"canonical":"https:\/\/hotelli03.domainhotelli.fi\/~lsdoecli\/tuote\/liitoskoysi-beal-dynapro-air-170cm-sulkurenkailla\/","og_locale":"fi_FI","og_type":"article","og_title":"Liitosk\u00f6ysi Beal Dynapro Air 170cm sulkurenkailla","og_description":"Liitosk\u00f6ysi Beal Dynapro Air 170cm sulkurenkailla on I-liitosk\u00f6ysi nyk\u00e4yksenvaimentimella ty\u00f6k\u00e4ytt\u00f6\u00f6n. Tutustu tuotteeseen t\u00e4st\u00e4!","og_url":"https:\/\/hotelli03.domainhotelli.fi\/~lsdoecli\/tuote\/liitoskoysi-beal-dynapro-air-170cm-sulkurenkailla\/","og_site_name":"JV Tuonti","article_publisher":"https:\/\/www.facebook.com\/JVTuontiOy","og_image":[{"width":600,"height":600,"url":"https:\/\/hotelli03.domainhotelli.fi\/~lsdoecli\/wp-content\/uploads\/2021\/11\/Liitoskoysi-Beal-Dynapro-Air-170cm-sulkurenkailla.jpeg","type":"image\/jpeg"}],"twitter_card":"summary_large_image","twitter_misc":{"Price":"144,96&nbsp;&euro; Alv 24%N\u00e4yt\u00e4 veroton hinta116,90&nbsp;&euro; Alv 0%N\u00e4yt\u00e4 verollinen hinta","Availability":"In stock"},"schema":{"@context":"https:\/\/schema.org","@graph":[{"@type":["Organization","Place","WholesaleStore"],"@id":"https:\/\/hotelli03.domainhotelli.fi\/~lsdoecli\/#organization","name":"JV Tuonti Oy","url":"https:\/\/hotelli03.domainhotelli.fi\/~lsdoecli\/","sameAs":["https:\/\/instagram.com\/jvtuontioy?utm_medium=copy_link","https:\/\/www.facebook.com\/JVTuontiOy"],"logo":{"@id":"https:\/\/hotelli03.domainhotelli.fi\/~lsdoecli\/tuote\/liitoskoysi-beal-dynapro-air-170cm-sulkurenkailla\/#local-main-organization-logo"},"image":{"@id":"https:\/\/hotelli03.domainhotelli.fi\/~lsdoecli\/tuote\/liitoskoysi-beal-dynapro-air-170cm-sulkurenkailla\/#local-main-organization-logo"},"address":{"@id":"https:\/\/hotelli03.domainhotelli.fi\/~lsdoecli\/tuote\/liitoskoysi-beal-dynapro-air-170cm-sulkurenkailla\/#local-main-place-address"},"geo":{"@type":"GeoCoordinates","latitude":"60.28431","longitude":"24.81654"},"telephone":["0408369980"],"openingHoursSpecification":[{"@type":"OpeningHoursSpecification","dayOfWeek":["Monday","Tuesday","Wednesday","Thursday","Friday"],"opens":"08:00","closes":"16:00"},{"@type":"OpeningHoursSpecification","dayOfWeek":["Saturday","Sunday"],"opens":"00:00","closes":"00:00"}],"email":"myynti@hotelli03.domainhotelli.fi","areaServed":"Suomi, Ruotsi","vatID":"FI30178387","priceRange":"$$","currenciesAccepted":"\u20ac","paymentAccepted":"Lasku, pankkikortti"},{"@type":"WebSite","@id":"https:\/\/hotelli03.domainhotelli.fi\/~lsdoecli\/#website","url":"https:\/\/hotelli03.domainhotelli.fi\/~lsdoecli\/","name":"JV Tuonti","description":"JV Tuonti Oy:n verkkokauppa","publisher":{"@id":"https:\/\/hotelli03.domainhotelli.fi\/~lsdoecli\/#organization"},"potentialAction":[{"@type":"SearchAction","target":{"@type":"EntryPoint","urlTemplate":"https:\/\/hotelli03.domainhotelli.fi\/~lsdoecli\/?s={search_term_string}"},"query-input":"required name=search_term_string"}],"inLanguage":"fi"},{"@type":"ImageObject","inLanguage":"fi","@id":"https:\/\/hotelli03.domainhotelli.fi\/~lsdoecli\/tuote\/liitoskoysi-beal-dynapro-air-170cm-sulkurenkailla\/#primaryimage","url":"https:\/\/hotelli03.domainhotelli.fi\/~lsdoecli\/wp-content\/uploads\/2021\/11\/Liitoskoysi-Beal-Dynapro-Air-170cm-sulkurenkailla.jpeg","contentUrl":"https:\/\/hotelli03.domainhotelli.fi\/~lsdoecli\/wp-content\/uploads\/2021\/11\/Liitoskoysi-Beal-Dynapro-Air-170cm-sulkurenkailla.jpeg","width":600,"height":600,"caption":"Liitosk\u00f6ysi Beal Dynapro Air 170cm sulkurenkailla"},{"@type":"WebPage","@id":"https:\/\/hotelli03.domainhotelli.fi\/~lsdoecli\/tuote\/liitoskoysi-beal-dynapro-air-170cm-sulkurenkailla\/","url":"https:\/\/hotelli03.domainhotelli.fi\/~lsdoecli\/tuote\/liitoskoysi-beal-dynapro-air-170cm-sulkurenkailla\/","name":"Liitosk\u00f6ysi Beal Dynapro Air 170cm sulkurenkailla | JV Tuonti","isPartOf":{"@id":"https:\/\/hotelli03.domainhotelli.fi\/~lsdoecli\/#website"},"primaryImageOfPage":{"@id":"https:\/\/hotelli03.domainhotelli.fi\/~lsdoecli\/tuote\/liitoskoysi-beal-dynapro-air-170cm-sulkurenkailla\/#primaryimage"},"datePublished":"2021-11-04T13:30:44+00:00","dateModified":"2021-11-04T13:30:44+00:00","description":"Liitosk\u00f6ysi Beal Dynapro Air 170cm sulkurenkailla on I-liitosk\u00f6ysi nyk\u00e4yksenvaimentimella ty\u00f6k\u00e4ytt\u00f6\u00f6n. Tutustu tuotteeseen t\u00e4st\u00e4!","breadcrumb":{"@id":"https:\/\/hotelli03.domainhotelli.fi\/~lsdoecli\/tuote\/liitoskoysi-beal-dynapro-air-170cm-sulkurenkailla\/#breadcrumb"},"inLanguage":"fi","potentialAction":[{"@type":"ReadAction","target":["https:\/\/hotelli03.domainhotelli.fi\/~lsdoecli\/tuote\/liitoskoysi-beal-dynapro-air-170cm-sulkurenkailla\/"]}]},{"@type":"BreadcrumbList","@id":"https:\/\/hotelli03.domainhotelli.fi\/~lsdoecli\/tuote\/liitoskoysi-beal-dynapro-air-170cm-sulkurenkailla\/#breadcrumb","itemListElement":[{"@type":"ListItem","position":1,"name":"Etusivu","item":"https:\/\/hotelli03.domainhotelli.fi\/~lsdoecli\/"},{"@type":"ListItem","position":2,"name":"Kauppa","item":"https:\/\/hotelli03.domainhotelli.fi\/~lsdoecli\/kauppa\/"},{"@type":"ListItem","position":3,"name":"Liitosk\u00f6ysi Beal Dynapro Air 170cm sulkurenkailla"}]},{"@type":"PostalAddress","@id":"https:\/\/hotelli03.domainhotelli.fi\/~lsdoecli\/tuote\/liitoskoysi-beal-dynapro-air-170cm-sulkurenkailla\/#local-main-place-address","streetAddress":"Pyymosantie 5a","addressLocality":"Vantaa","postalCode":"01720","addressCountry":"FI"},{"@type":"ImageObject","inLanguage":"fi","@id":"https:\/\/hotelli03.domainhotelli.fi\/~lsdoecli\/tuote\/liitoskoysi-beal-dynapro-air-170cm-sulkurenkailla\/#local-main-organization-logo","url":"https:\/\/hotelli03.domainhotelli.fi\/~lsdoecli\/wp-content\/uploads\/2021\/08\/JVTuonti_logo_nelio.jpg","contentUrl":"https:\/\/hotelli03.domainhotelli.fi\/~lsdoecli\/wp-content\/uploads\/2021\/08\/JVTuonti_logo_nelio.jpg","width":550,"height":550,"caption":"JV Tuonti Oy"}]},"product_brand":"Beal","product_price_amount":"144.96","product_price_currency":"EUR","og_availability":"instock","product_availability":"instock","product_retailer_item_id":"BLDPAL.170","product_condition":"new","geo.placename":"Vantaa","geo.position":{"lat":"60.28431","long":"24.81654"},"geo.region":"Suomi"},"_links":{"self":[{"href":"https:\/\/hotelli03.domainhotelli.fi\/~lsdoecli\/wp-json\/wp\/v2\/product\/8361"}],"collection":[{"href":"https:\/\/hotelli03.domainhotelli.fi\/~lsdoecli\/wp-json\/wp\/v2\/product"}],"about":[{"href":"https:\/\/hotelli03.domainhotelli.fi\/~lsdoecli\/wp-json\/wp\/v2\/types\/product"}],"replies":[{"embeddable":true,"href":"https:\/\/hotelli03.domainhotelli.fi\/~lsdoecli\/wp-json\/wp\/v2\/comments?post=8361"}],"wp:featuredmedia":[{"embeddable":true,"href":"https:\/\/hotelli03.domainhotelli.fi\/~lsdoecli\/wp-json\/wp\/v2\/media\/8362"}],"wp:attachment":[{"href":"https:\/\/hotelli03.domainhotelli.fi\/~lsdoecli\/wp-json\/wp\/v2\/media?parent=8361"}],"wp:term":[{"taxonomy":"product_cat","embeddable":true,"href":"https:\/\/hotelli03.domainhotelli.fi\/~lsdoecli\/wp-json\/wp\/v2\/product_cat?post=8361"},{"taxonomy":"product_tag","embeddable":true,"href":"https:\/\/hotelli03.domainhotelli.fi\/~lsdoecli\/wp-json\/wp\/v2\/product_tag?post=8361"}],"curies":[{"name":"wp","href":"https:\/\/api.w.org\/{rel}","templated":true}]}}