{"id":8338,"date":"2021-11-04T10:21:44","date_gmt":"2021-11-04T10:21:44","guid":{"rendered":"https:\/\/hotelli03.domainhotelli.fi\/~lsdoecli\/?post_type=product&#038;p=8338"},"modified":"2021-11-04T10:21:44","modified_gmt":"2021-11-04T10:21:44","slug":"liitoskoysi-ct-finch-shelter-2m","status":"publish","type":"product","link":"https:\/\/hotelli03.domainhotelli.fi\/~lsdoecli\/tuote\/liitoskoysi-ct-finch-shelter-2m\/","title":{"rendered":"Liitosk\u00f6ysi CT Finch+ Shelter 2m"},"content":{"rendered":"<h2>K\u00e4ytt\u00f6valmis s\u00e4\u00e4dett\u00e4v\u00e4 ja monipuolinen 2 m liitosk\u00f6ysi laskeutumiskahvalla ja CT Shelter alumiinisella hook-kiinnittimell\u00e4, jossa kaksitoiminen lukitus ja 21 mm portin avauma.<\/h2>\n<p>Liitosk\u00f6ysi CT Finch+ Shelter 2m on kulutuskest\u00e4v\u00e4 malli, joka soveltuu henkil\u00f6kohtaiseen putoamissuojaukseen ty\u00f6k\u00e4yt\u00f6ss\u00e4: Voidaan k\u00e4ytt\u00e4\u00e4 ty\u00f6asemointik\u00f6yten\u00e4, el\u00e4m\u00e4nlankana, ankkuripisteen\u00e4 ja laskeutumislaitteena.<\/p>\n<p>Toimitus sis\u00e4lt\u00e4\u00e4\u00a0sile\u00e4porttisen alumiinisen CT lukkosulkurenkaan Triplex Gate automaattilukituksella s\u00e4\u00e4t\u00f6laitteen liitt\u00e4miseksi valjaisiin.<\/p>\n<h4>Ty\u00f6asemointik\u00f6yten\u00e4 voidaan k\u00e4ytt\u00e4\u00e4 kahdella eri tavalla:<\/h4>\n<p>-Yhden pisteen tavassa s\u00e4\u00e4t\u00f6laite on kiinnitettyn\u00e4 valjaiden etukiinnityspiteeseen, joka on suositeltava tapa kun ei ole heiluririski\u00e4<br \/>\n-Kahden pisteen tavassa k\u00f6ysi l\u00e4htee valjaan lantiovy\u00f6n toisesta sivukiinnityspisteest\u00e4, kiert\u00e4\u00e4 rakenteen (esim. pylv\u00e4s tai metallirakenne) ja kiinnitet\u00e4\u00e4n toiseen sivukiinnityspisteeseen, jolloin saadaan miellytt\u00e4v\u00e4, vakaa ja tehokas ty\u00f6skentelyasento.<\/p>\n<p>Automaattisesti lukkiutuva kitkas\u00e4\u00e4t\u00f6laite mahdollistaa k\u00f6yden pident\u00e4misen ja lyhent\u00e4misen my\u00f6s kuormituksen alaisena, jolloin Finch+:aan nojautuen voidaan ty\u00f6skennell\u00e4 turvallisesti ja s\u00e4\u00e4t\u00e4\u00e4 aina paras mahdollinen ty\u00f6asento. S\u00e4\u00e4t\u00f6laitteen kyljess\u00e4 kahva, joka mahdollistaa laskeutumisen koko painolla. Mukana liikutettava k\u00f6ysisuoja, jonka oikealla k\u00e4yt\u00f6ll\u00e4 pidenn\u00e4t liitosk\u00f6yden k\u00e4ytt\u00f6ik\u00e4\u00e4. K\u00f6ysi vaihdettavissa.<\/p>\n<h4>Liitosk\u00f6ysi CT Finch+ Shelter 2m tekniset tiedot:<\/h4>\n<ul>\n<li>Sertifiointi: CE EN 358, EN 795 luokka B\/C, EN 12841 luokka C.<\/li>\n<li>Paino lukkosulkurenkaan kanssa: 710 g.<\/li>\n<li>Maksimielinik\u00e4: K\u00f6ysi 12 vuotta (= 2 vuotta varastointia + 10 vuotta k\u00e4ytt\u00f6\u00e4), metalliosat rajoittamaton.<\/li>\n<li>Materiaali- ja valmistusvirhetakuu 3 vuotta.<\/li>\n<\/ul>\n<p>&nbsp;<\/p>\n<p><a href=\"https:\/\/hotelli03.domainhotelli.fi\/~lsdoecli\/tuote-osasto\/putoamissuojaimet\/\">Katso my\u00f6s muut putoamissuojaimet ja varusteet t\u00e4st\u00e4!\u00a0<\/a><\/p>\n<p>&nbsp;<\/p>\n<p>Maahantuoja: <a href=\"https:\/\/www.vandernet.com\">Vandernet Oy<\/a><\/p>\n","protected":false},"excerpt":{"rendered":"<h4>K\u00e4ytt\u00f6valmis s\u00e4\u00e4dett\u00e4v\u00e4 ja monipuolinen 2 m liitosk\u00f6ysi laskeutumiskahvalla ja CT Shelter alumiinisella hook-kiinnittimell\u00e4, jossa kaksitoiminen lukitus ja 21 mm portin avauma.<\/h4>\n<p>Liitosk\u00f6ysi CT Finch+ Shelter 2m on kulutuskest\u00e4v\u00e4 malli, joka soveltuu henkil\u00f6kohtaiseen putoamissuojaukseen ty\u00f6k\u00e4yt\u00f6ss\u00e4: Voidaan k\u00e4ytt\u00e4\u00e4 ty\u00f6asemointik\u00f6yten\u00e4, el\u00e4m\u00e4nlankana, ankkuripisteen\u00e4 ja laskeutumislaitteena.<\/p>\n","protected":false},"featured_media":8339,"comment_status":"open","ping_status":"closed","template":"","meta":[],"product_cat":[460],"product_tag":[920,462],"yoast_head":"<!-- This site is optimized with the Yoast SEO Premium plugin v18.9 (Yoast SEO v19.3) - https:\/\/yoast.com\/wordpress\/plugins\/seo\/ -->\n<title>Liitosk\u00f6ysi CT Finch+ Shelter 2m | JV Tuonti<\/title>\n<meta name=\"description\" content=\"Liitosk\u00f6ysi CT Finch+ Shelter 2m on k\u00e4ytt\u00f6valmis s\u00e4\u00e4dett\u00e4v\u00e4 ja monipuolinen 2 m liitosk\u00f6ysi laskeutumiskahvalla. Tutustu lis\u00e4\u00e4 t\u00e4st\u00e4!\" \/>\n<meta name=\"robots\" content=\"index, follow, max-snippet:-1, max-image-preview:large, max-video-preview:-1\" \/>\n<link rel=\"canonical\" href=\"https:\/\/hotelli03.domainhotelli.fi\/~lsdoecli\/tuote\/liitoskoysi-ct-finch-shelter-2m\/\" \/>\n<meta property=\"og:locale\" content=\"fi_FI\" \/>\n<meta property=\"og:type\" content=\"article\" \/>\n<meta property=\"og:title\" content=\"Liitosk\u00f6ysi CT Finch+ Shelter 2m\" \/>\n<meta property=\"og:description\" content=\"Liitosk\u00f6ysi CT Finch+ Shelter 2m on k\u00e4ytt\u00f6valmis s\u00e4\u00e4dett\u00e4v\u00e4 ja monipuolinen 2 m liitosk\u00f6ysi laskeutumiskahvalla. Tutustu lis\u00e4\u00e4 t\u00e4st\u00e4!\" \/>\n<meta property=\"og:url\" content=\"https:\/\/hotelli03.domainhotelli.fi\/~lsdoecli\/tuote\/liitoskoysi-ct-finch-shelter-2m\/\" \/>\n<meta property=\"og:site_name\" content=\"JV Tuonti\" \/>\n<meta property=\"article:publisher\" content=\"https:\/\/www.facebook.com\/JVTuontiOy\" \/>\n<meta property=\"og:image\" content=\"https:\/\/hotelli03.domainhotelli.fi\/~lsdoecli\/wp-content\/uploads\/2021\/11\/Liitoskoysi-CT-Finch-Shelter-2m.jpeg\" \/>\n\t<meta property=\"og:image:width\" content=\"600\" \/>\n\t<meta property=\"og:image:height\" content=\"600\" \/>\n\t<meta property=\"og:image:type\" content=\"image\/jpeg\" \/>\n<meta name=\"twitter:card\" content=\"summary_large_image\" \/>\n<meta name=\"twitter:label1\" content=\"Price\" \/>\n\t<meta name=\"twitter:data1\" content=\"206,00&nbsp;&euro; Alv 24%N\u00e4yt\u00e4 veroton hinta166,13&nbsp;&euro; Alv 0%N\u00e4yt\u00e4 verollinen hinta\" \/>\n\t<meta name=\"twitter:label2\" content=\"Availability\" \/>\n\t<meta name=\"twitter:data2\" content=\"In stock\" \/>\n<script type=\"application\/ld+json\" class=\"yoast-schema-graph\">{\"@context\":\"https:\/\/schema.org\",\"@graph\":[{\"@type\":[\"Organization\",\"Place\",\"WholesaleStore\"],\"@id\":\"https:\/\/hotelli03.domainhotelli.fi\/~lsdoecli\/#organization\",\"name\":\"JV Tuonti Oy\",\"url\":\"https:\/\/hotelli03.domainhotelli.fi\/~lsdoecli\/\",\"sameAs\":[\"https:\/\/instagram.com\/jvtuontioy?utm_medium=copy_link\",\"https:\/\/www.facebook.com\/JVTuontiOy\"],\"logo\":{\"@id\":\"https:\/\/hotelli03.domainhotelli.fi\/~lsdoecli\/tuote\/liitoskoysi-ct-finch-shelter-2m\/#local-main-organization-logo\"},\"image\":{\"@id\":\"https:\/\/hotelli03.domainhotelli.fi\/~lsdoecli\/tuote\/liitoskoysi-ct-finch-shelter-2m\/#local-main-organization-logo\"},\"address\":{\"@id\":\"https:\/\/hotelli03.domainhotelli.fi\/~lsdoecli\/tuote\/liitoskoysi-ct-finch-shelter-2m\/#local-main-place-address\"},\"geo\":{\"@type\":\"GeoCoordinates\",\"latitude\":\"60.28431\",\"longitude\":\"24.81654\"},\"telephone\":[\"0408369980\"],\"openingHoursSpecification\":[{\"@type\":\"OpeningHoursSpecification\",\"dayOfWeek\":[\"Monday\",\"Tuesday\",\"Wednesday\",\"Thursday\",\"Friday\"],\"opens\":\"08:00\",\"closes\":\"16:00\"},{\"@type\":\"OpeningHoursSpecification\",\"dayOfWeek\":[\"Saturday\",\"Sunday\"],\"opens\":\"00:00\",\"closes\":\"00:00\"}],\"email\":\"myynti@hotelli03.domainhotelli.fi\",\"areaServed\":\"Suomi, Ruotsi\",\"vatID\":\"FI30178387\",\"priceRange\":\"$$\",\"currenciesAccepted\":\"\u20ac\",\"paymentAccepted\":\"Lasku, pankkikortti\"},{\"@type\":\"WebSite\",\"@id\":\"https:\/\/hotelli03.domainhotelli.fi\/~lsdoecli\/#website\",\"url\":\"https:\/\/hotelli03.domainhotelli.fi\/~lsdoecli\/\",\"name\":\"JV Tuonti\",\"description\":\"JV Tuonti Oy:n verkkokauppa\",\"publisher\":{\"@id\":\"https:\/\/hotelli03.domainhotelli.fi\/~lsdoecli\/#organization\"},\"potentialAction\":[{\"@type\":\"SearchAction\",\"target\":{\"@type\":\"EntryPoint\",\"urlTemplate\":\"https:\/\/hotelli03.domainhotelli.fi\/~lsdoecli\/?s={search_term_string}\"},\"query-input\":\"required name=search_term_string\"}],\"inLanguage\":\"fi\"},{\"@type\":\"ImageObject\",\"inLanguage\":\"fi\",\"@id\":\"https:\/\/hotelli03.domainhotelli.fi\/~lsdoecli\/tuote\/liitoskoysi-ct-finch-shelter-2m\/#primaryimage\",\"url\":\"https:\/\/hotelli03.domainhotelli.fi\/~lsdoecli\/wp-content\/uploads\/2021\/11\/Liitoskoysi-CT-Finch-Shelter-2m.jpeg\",\"contentUrl\":\"https:\/\/hotelli03.domainhotelli.fi\/~lsdoecli\/wp-content\/uploads\/2021\/11\/Liitoskoysi-CT-Finch-Shelter-2m.jpeg\",\"width\":600,\"height\":600,\"caption\":\"Liitosk\u00f6ysi CT Finch+ Shelter 2m\"},{\"@type\":\"WebPage\",\"@id\":\"https:\/\/hotelli03.domainhotelli.fi\/~lsdoecli\/tuote\/liitoskoysi-ct-finch-shelter-2m\/\",\"url\":\"https:\/\/hotelli03.domainhotelli.fi\/~lsdoecli\/tuote\/liitoskoysi-ct-finch-shelter-2m\/\",\"name\":\"Liitosk\u00f6ysi CT Finch+ Shelter 2m | JV Tuonti\",\"isPartOf\":{\"@id\":\"https:\/\/hotelli03.domainhotelli.fi\/~lsdoecli\/#website\"},\"primaryImageOfPage\":{\"@id\":\"https:\/\/hotelli03.domainhotelli.fi\/~lsdoecli\/tuote\/liitoskoysi-ct-finch-shelter-2m\/#primaryimage\"},\"datePublished\":\"2021-11-04T10:21:44+00:00\",\"dateModified\":\"2021-11-04T10:21:44+00:00\",\"description\":\"Liitosk\u00f6ysi CT Finch+ Shelter 2m on k\u00e4ytt\u00f6valmis s\u00e4\u00e4dett\u00e4v\u00e4 ja monipuolinen 2 m liitosk\u00f6ysi laskeutumiskahvalla. Tutustu lis\u00e4\u00e4 t\u00e4st\u00e4!\",\"breadcrumb\":{\"@id\":\"https:\/\/hotelli03.domainhotelli.fi\/~lsdoecli\/tuote\/liitoskoysi-ct-finch-shelter-2m\/#breadcrumb\"},\"inLanguage\":\"fi\",\"potentialAction\":[{\"@type\":\"ReadAction\",\"target\":[\"https:\/\/hotelli03.domainhotelli.fi\/~lsdoecli\/tuote\/liitoskoysi-ct-finch-shelter-2m\/\"]}]},{\"@type\":\"BreadcrumbList\",\"@id\":\"https:\/\/hotelli03.domainhotelli.fi\/~lsdoecli\/tuote\/liitoskoysi-ct-finch-shelter-2m\/#breadcrumb\",\"itemListElement\":[{\"@type\":\"ListItem\",\"position\":1,\"name\":\"Etusivu\",\"item\":\"https:\/\/hotelli03.domainhotelli.fi\/~lsdoecli\/\"},{\"@type\":\"ListItem\",\"position\":2,\"name\":\"Kauppa\",\"item\":\"https:\/\/hotelli03.domainhotelli.fi\/~lsdoecli\/kauppa\/\"},{\"@type\":\"ListItem\",\"position\":3,\"name\":\"Liitosk\u00f6ysi CT Finch+ Shelter 2m\"}]},{\"@type\":\"PostalAddress\",\"@id\":\"https:\/\/hotelli03.domainhotelli.fi\/~lsdoecli\/tuote\/liitoskoysi-ct-finch-shelter-2m\/#local-main-place-address\",\"streetAddress\":\"Pyymosantie 5a\",\"addressLocality\":\"Vantaa\",\"postalCode\":\"01720\",\"addressCountry\":\"FI\"},{\"@type\":\"ImageObject\",\"inLanguage\":\"fi\",\"@id\":\"https:\/\/hotelli03.domainhotelli.fi\/~lsdoecli\/tuote\/liitoskoysi-ct-finch-shelter-2m\/#local-main-organization-logo\",\"url\":\"https:\/\/hotelli03.domainhotelli.fi\/~lsdoecli\/wp-content\/uploads\/2021\/08\/JVTuonti_logo_nelio.jpg\",\"contentUrl\":\"https:\/\/hotelli03.domainhotelli.fi\/~lsdoecli\/wp-content\/uploads\/2021\/08\/JVTuonti_logo_nelio.jpg\",\"width\":550,\"height\":550,\"caption\":\"JV Tuonti Oy\"}]}<\/script>\n<meta property=\"product:brand\" content=\"CT\" \/>\n<meta property=\"product:price:amount\" content=\"206.00\" \/>\n<meta property=\"product:price:currency\" content=\"EUR\" \/>\n<meta property=\"og:availability\" content=\"instock\" \/>\n<meta property=\"product:availability\" content=\"instock\" \/>\n<meta property=\"product:retailer_item_id\" content=\"7L92802HHCT1STD\" \/>\n<meta property=\"product:condition\" content=\"new\" \/>\n<meta name=\"geo.placename\" content=\"Vantaa\" \/>\n<meta name=\"geo.position\" content=\"60.28431;24.81654\" \/>\n<meta name=\"geo.region\" content=\"Suomi\" \/>\n<!-- \/ Yoast SEO Premium plugin. -->","yoast_head_json":{"title":"Liitosk\u00f6ysi CT Finch+ Shelter 2m | JV Tuonti","description":"Liitosk\u00f6ysi CT Finch+ Shelter 2m on k\u00e4ytt\u00f6valmis s\u00e4\u00e4dett\u00e4v\u00e4 ja monipuolinen 2 m liitosk\u00f6ysi laskeutumiskahvalla. Tutustu lis\u00e4\u00e4 t\u00e4st\u00e4!","robots":{"index":"index","follow":"follow","max-snippet":"max-snippet:-1","max-image-preview":"max-image-preview:large","max-video-preview":"max-video-preview:-1"},"canonical":"https:\/\/hotelli03.domainhotelli.fi\/~lsdoecli\/tuote\/liitoskoysi-ct-finch-shelter-2m\/","og_locale":"fi_FI","og_type":"article","og_title":"Liitosk\u00f6ysi CT Finch+ Shelter 2m","og_description":"Liitosk\u00f6ysi CT Finch+ Shelter 2m on k\u00e4ytt\u00f6valmis s\u00e4\u00e4dett\u00e4v\u00e4 ja monipuolinen 2 m liitosk\u00f6ysi laskeutumiskahvalla. Tutustu lis\u00e4\u00e4 t\u00e4st\u00e4!","og_url":"https:\/\/hotelli03.domainhotelli.fi\/~lsdoecli\/tuote\/liitoskoysi-ct-finch-shelter-2m\/","og_site_name":"JV Tuonti","article_publisher":"https:\/\/www.facebook.com\/JVTuontiOy","og_image":[{"width":600,"height":600,"url":"https:\/\/hotelli03.domainhotelli.fi\/~lsdoecli\/wp-content\/uploads\/2021\/11\/Liitoskoysi-CT-Finch-Shelter-2m.jpeg","type":"image\/jpeg"}],"twitter_card":"summary_large_image","twitter_misc":{"Price":"206,00&nbsp;&euro; Alv 24%N\u00e4yt\u00e4 veroton hinta166,13&nbsp;&euro; Alv 0%N\u00e4yt\u00e4 verollinen hinta","Availability":"In stock"},"schema":{"@context":"https:\/\/schema.org","@graph":[{"@type":["Organization","Place","WholesaleStore"],"@id":"https:\/\/hotelli03.domainhotelli.fi\/~lsdoecli\/#organization","name":"JV Tuonti Oy","url":"https:\/\/hotelli03.domainhotelli.fi\/~lsdoecli\/","sameAs":["https:\/\/instagram.com\/jvtuontioy?utm_medium=copy_link","https:\/\/www.facebook.com\/JVTuontiOy"],"logo":{"@id":"https:\/\/hotelli03.domainhotelli.fi\/~lsdoecli\/tuote\/liitoskoysi-ct-finch-shelter-2m\/#local-main-organization-logo"},"image":{"@id":"https:\/\/hotelli03.domainhotelli.fi\/~lsdoecli\/tuote\/liitoskoysi-ct-finch-shelter-2m\/#local-main-organization-logo"},"address":{"@id":"https:\/\/hotelli03.domainhotelli.fi\/~lsdoecli\/tuote\/liitoskoysi-ct-finch-shelter-2m\/#local-main-place-address"},"geo":{"@type":"GeoCoordinates","latitude":"60.28431","longitude":"24.81654"},"telephone":["0408369980"],"openingHoursSpecification":[{"@type":"OpeningHoursSpecification","dayOfWeek":["Monday","Tuesday","Wednesday","Thursday","Friday"],"opens":"08:00","closes":"16:00"},{"@type":"OpeningHoursSpecification","dayOfWeek":["Saturday","Sunday"],"opens":"00:00","closes":"00:00"}],"email":"myynti@hotelli03.domainhotelli.fi","areaServed":"Suomi, Ruotsi","vatID":"FI30178387","priceRange":"$$","currenciesAccepted":"\u20ac","paymentAccepted":"Lasku, pankkikortti"},{"@type":"WebSite","@id":"https:\/\/hotelli03.domainhotelli.fi\/~lsdoecli\/#website","url":"https:\/\/hotelli03.domainhotelli.fi\/~lsdoecli\/","name":"JV Tuonti","description":"JV Tuonti Oy:n verkkokauppa","publisher":{"@id":"https:\/\/hotelli03.domainhotelli.fi\/~lsdoecli\/#organization"},"potentialAction":[{"@type":"SearchAction","target":{"@type":"EntryPoint","urlTemplate":"https:\/\/hotelli03.domainhotelli.fi\/~lsdoecli\/?s={search_term_string}"},"query-input":"required name=search_term_string"}],"inLanguage":"fi"},{"@type":"ImageObject","inLanguage":"fi","@id":"https:\/\/hotelli03.domainhotelli.fi\/~lsdoecli\/tuote\/liitoskoysi-ct-finch-shelter-2m\/#primaryimage","url":"https:\/\/hotelli03.domainhotelli.fi\/~lsdoecli\/wp-content\/uploads\/2021\/11\/Liitoskoysi-CT-Finch-Shelter-2m.jpeg","contentUrl":"https:\/\/hotelli03.domainhotelli.fi\/~lsdoecli\/wp-content\/uploads\/2021\/11\/Liitoskoysi-CT-Finch-Shelter-2m.jpeg","width":600,"height":600,"caption":"Liitosk\u00f6ysi CT Finch+ Shelter 2m"},{"@type":"WebPage","@id":"https:\/\/hotelli03.domainhotelli.fi\/~lsdoecli\/tuote\/liitoskoysi-ct-finch-shelter-2m\/","url":"https:\/\/hotelli03.domainhotelli.fi\/~lsdoecli\/tuote\/liitoskoysi-ct-finch-shelter-2m\/","name":"Liitosk\u00f6ysi CT Finch+ Shelter 2m | JV Tuonti","isPartOf":{"@id":"https:\/\/hotelli03.domainhotelli.fi\/~lsdoecli\/#website"},"primaryImageOfPage":{"@id":"https:\/\/hotelli03.domainhotelli.fi\/~lsdoecli\/tuote\/liitoskoysi-ct-finch-shelter-2m\/#primaryimage"},"datePublished":"2021-11-04T10:21:44+00:00","dateModified":"2021-11-04T10:21:44+00:00","description":"Liitosk\u00f6ysi CT Finch+ Shelter 2m on k\u00e4ytt\u00f6valmis s\u00e4\u00e4dett\u00e4v\u00e4 ja monipuolinen 2 m liitosk\u00f6ysi laskeutumiskahvalla. Tutustu lis\u00e4\u00e4 t\u00e4st\u00e4!","breadcrumb":{"@id":"https:\/\/hotelli03.domainhotelli.fi\/~lsdoecli\/tuote\/liitoskoysi-ct-finch-shelter-2m\/#breadcrumb"},"inLanguage":"fi","potentialAction":[{"@type":"ReadAction","target":["https:\/\/hotelli03.domainhotelli.fi\/~lsdoecli\/tuote\/liitoskoysi-ct-finch-shelter-2m\/"]}]},{"@type":"BreadcrumbList","@id":"https:\/\/hotelli03.domainhotelli.fi\/~lsdoecli\/tuote\/liitoskoysi-ct-finch-shelter-2m\/#breadcrumb","itemListElement":[{"@type":"ListItem","position":1,"name":"Etusivu","item":"https:\/\/hotelli03.domainhotelli.fi\/~lsdoecli\/"},{"@type":"ListItem","position":2,"name":"Kauppa","item":"https:\/\/hotelli03.domainhotelli.fi\/~lsdoecli\/kauppa\/"},{"@type":"ListItem","position":3,"name":"Liitosk\u00f6ysi CT Finch+ Shelter 2m"}]},{"@type":"PostalAddress","@id":"https:\/\/hotelli03.domainhotelli.fi\/~lsdoecli\/tuote\/liitoskoysi-ct-finch-shelter-2m\/#local-main-place-address","streetAddress":"Pyymosantie 5a","addressLocality":"Vantaa","postalCode":"01720","addressCountry":"FI"},{"@type":"ImageObject","inLanguage":"fi","@id":"https:\/\/hotelli03.domainhotelli.fi\/~lsdoecli\/tuote\/liitoskoysi-ct-finch-shelter-2m\/#local-main-organization-logo","url":"https:\/\/hotelli03.domainhotelli.fi\/~lsdoecli\/wp-content\/uploads\/2021\/08\/JVTuonti_logo_nelio.jpg","contentUrl":"https:\/\/hotelli03.domainhotelli.fi\/~lsdoecli\/wp-content\/uploads\/2021\/08\/JVTuonti_logo_nelio.jpg","width":550,"height":550,"caption":"JV Tuonti Oy"}]},"product_brand":"CT","product_price_amount":"206.00","product_price_currency":"EUR","og_availability":"instock","product_availability":"instock","product_retailer_item_id":"7L92802HHCT1STD","product_condition":"new","geo.placename":"Vantaa","geo.position":{"lat":"60.28431","long":"24.81654"},"geo.region":"Suomi"},"_links":{"self":[{"href":"https:\/\/hotelli03.domainhotelli.fi\/~lsdoecli\/wp-json\/wp\/v2\/product\/8338"}],"collection":[{"href":"https:\/\/hotelli03.domainhotelli.fi\/~lsdoecli\/wp-json\/wp\/v2\/product"}],"about":[{"href":"https:\/\/hotelli03.domainhotelli.fi\/~lsdoecli\/wp-json\/wp\/v2\/types\/product"}],"replies":[{"embeddable":true,"href":"https:\/\/hotelli03.domainhotelli.fi\/~lsdoecli\/wp-json\/wp\/v2\/comments?post=8338"}],"wp:featuredmedia":[{"embeddable":true,"href":"https:\/\/hotelli03.domainhotelli.fi\/~lsdoecli\/wp-json\/wp\/v2\/media\/8339"}],"wp:attachment":[{"href":"https:\/\/hotelli03.domainhotelli.fi\/~lsdoecli\/wp-json\/wp\/v2\/media?parent=8338"}],"wp:term":[{"taxonomy":"product_cat","embeddable":true,"href":"https:\/\/hotelli03.domainhotelli.fi\/~lsdoecli\/wp-json\/wp\/v2\/product_cat?post=8338"},{"taxonomy":"product_tag","embeddable":true,"href":"https:\/\/hotelli03.domainhotelli.fi\/~lsdoecli\/wp-json\/wp\/v2\/product_tag?post=8338"}],"curies":[{"name":"wp","href":"https:\/\/api.w.org\/{rel}","templated":true}]}}