{"id":8301,"date":"2021-11-03T13:01:43","date_gmt":"2021-11-03T13:01:43","guid":{"rendered":"https:\/\/hotelli03.domainhotelli.fi\/~lsdoecli\/?post_type=product&#038;p=8301"},"modified":"2021-11-03T13:01:43","modified_gmt":"2021-11-03T13:01:43","slug":"liitoskoysi-nykayksenvaimentimella-flex-abs-140-combi-i-l-180cm","status":"publish","type":"product","link":"https:\/\/hotelli03.domainhotelli.fi\/~lsdoecli\/tuote\/liitoskoysi-nykayksenvaimentimella-flex-abs-140-combi-i-l-180cm\/","title":{"rendered":"Liitosk\u00f6ysi nyk\u00e4yksenvaimentimella Flex ABS 140 Combi I-L 180cm"},"content":{"rendered":"<h2>Venyv\u00e4 1,80 m stretch I-nyk\u00e4yksenvaimenninliitosk\u00f6ysi ty\u00f6k\u00e4ytt\u00f6\u00f6n.<\/h2>\n<p>Liitosk\u00f6ysi nyk\u00e4yksenvaimentimella Flex ABS 140 Combi I-L 180cm p\u00e4\u00e4ss\u00e4 on suurikokoinen, kevyt CT Big alumiinikiinnitin 60 mm avaumalla ja automaattilukituksella. Sharp Edge testattu ter\u00e4v\u00e4n reunan yli putoamiseen. Sallii suurimman mahdollisen putoamiskerroin 2 putoamisen. Soveltuu esim. el\u00e4m\u00e4nlankaan kiinnittymiseen ja ty\u00f6skentelyyn nostokorissa tai muulla korkealla sijaitsevalla ty\u00f6tasolla.<\/p>\n<p>Liitet\u00e4\u00e4n putoamissuojainvaljaan rinta- tai selk\u00e4kiinnityspisteeseen. Innovatiivinen CT:n patentoima progressiivinen Slider-nyk\u00e4yksenvaimennin. Poikkeuksellisen pienikokoinen nyk\u00e4yksenvaimennin on vetoketjullisessa kest\u00e4v\u00e4ss\u00e4 pussissa, ja varustettu putoamisindikaattorilla, joten s\u00e4\u00e4nn\u00f6llinen tarkastaminen on helppoa ja nopeaa. Eritt\u00e4in kevyt ja kompakti malli, joka mahdollistaa laajan ty\u00f6skentelyalueen ja erinomaisen liikkuvuuden. Joustavuuden ansiosta liikkuminen on helpompaa ja hihna pysyy mahdollisimman lyhyen\u00e4 eik\u00e4 p\u00e4\u00e4se h\u00e4iritsem\u00e4\u00e4n k\u00e4ytt\u00e4j\u00e4n toimintaa.<\/p>\n<p>Liitosk\u00f6ysi nyk\u00e4yksenvaimentimella Flex ABS 140 Combi I-L 180cm soveltuu max. 140 kg painaville k\u00e4ytt\u00e4jille. Markkinoiden moderneimman nyk\u00e4yksenvaimentimen auki repeytyminen pys\u00e4ytt\u00e4\u00e4 putoamisen ja rajoittaa k\u00e4ytt\u00e4j\u00e4n kehoon kohdistuvat nyk\u00e4ysvoimat hallitusti, joten se pehment\u00e4\u00e4 my\u00f6s kaikkein kevyimpien k\u00e4ytt\u00e4jien putoamista, jota ei tavallisten nyk\u00e4yksenvaimentimien kanssa tapahtuisi. Rajoittaa kehoon kohdistuvat nyk\u00e4ysvoimat alle 6 kN:iin ja k\u00e4yt\u00e4nn\u00f6ss\u00e4 pit\u00e4\u00e4 ne reilusti t\u00e4m\u00e4n standardissa m\u00e4\u00e4ritellyn raja-arvon alapuolella.<\/p>\n<p>&nbsp;<\/p>\n<h4>Liitosk\u00f6ysi nyk\u00e4yksenvaimentimella Flex ABS 140 Combi I-L 180cm tekniset tiedot:<\/h4>\n<ul>\n<li>Liitosk\u00f6yden pituus venytettyn\u00e4 kiinnittimineen 180 cm + valjaaseen kiinnitt\u00e4miseen tarvittava lukkosulkurengas (ei sis.) = kokonaispituus n. 1,90 m.<\/li>\n<li>Paino: 728 g.<\/li>\n<li>T\u00e4ytt\u00e4\u00e4 Euroopan CE EN355, EN362, VG11.062, VG11.074 ja CNB\/P\/11.074 standardien vaatimukset.<\/li>\n<li>Ter\u00e4v\u00e4n reunan yli testi (r = 0,5 mm).<\/li>\n<li>Maksimielinik\u00e4: Kuituosat 12 vuotta (2 vuotta s\u00e4ilytyst\u00e4 + 10 vuotta k\u00e4ytt\u00f6\u00e4), metalliosat rajoittamaton.<\/li>\n<li>Materiaali- ja valmistusvirhetakuu 3 vuotta.<\/li>\n<\/ul>\n<p><iframe loading=\"lazy\" title=\"Video tutorial CT_Professional_ Flex Abs fall arrest lanyards\" width=\"1140\" height=\"641\" src=\"https:\/\/www.youtube.com\/embed\/iz0BJnoq2L4?feature=oembed\" frameborder=\"0\" allow=\"accelerometer; autoplay; clipboard-write; encrypted-media; gyroscope; picture-in-picture\" allowfullscreen><\/iframe><\/p>\n<p>&nbsp;<\/p>\n<p><a href=\"https:\/\/hotelli03.domainhotelli.fi\/~lsdoecli\/tuote-osasto\/putoamissuojaimet\/\">Katso my\u00f6s muut putoamissuojaimet ja varusteet t\u00e4st\u00e4!\u00a0<\/a><\/p>\n<p>&nbsp;<\/p>\n<p>Maahantuoja: <a href=\"https:\/\/www.vandernet.com\">Vandernet Oy<\/a><\/p>\n","protected":false},"excerpt":{"rendered":"<h4>Venyv\u00e4 1,80 m stretch I-nyk\u00e4yksenvaimenninliitosk\u00f6ysi ty\u00f6k\u00e4ytt\u00f6\u00f6n.<\/h4>\n<p>Liitosk\u00f6ysi nyk\u00e4yksenvaimentimella Flex ABS 140 Combi I-L 180cm p\u00e4\u00e4ss\u00e4 on suurikokoinen, kevyt CT Big alumiinikiinnitin 60 mm avaumalla ja automaattilukituksella.<\/p>\n","protected":false},"featured_media":8302,"comment_status":"open","ping_status":"closed","template":"","meta":[],"product_cat":[460],"product_tag":[920,919],"yoast_head":"<!-- This site is optimized with the Yoast SEO Premium plugin v18.9 (Yoast SEO v19.3) - https:\/\/yoast.com\/wordpress\/plugins\/seo\/ -->\n<title>Liitosk\u00f6ysi nyk\u00e4yksenvaimentimella Flex ABS 140 Combi I-L 180cm<\/title>\n<meta name=\"description\" content=\"Liitosk\u00f6ysi nyk\u00e4yksenvaimentimella Flex ABS 140 Combi I-L 180cm ty\u00f6k\u00e4ytt\u00f6\u00f6n. P\u00e4\u00e4ss\u00e4 suurikokoinen, kevyt CT Big alumiinikiinnitin 60 mm.\" \/>\n<meta name=\"robots\" content=\"index, follow, max-snippet:-1, max-image-preview:large, max-video-preview:-1\" \/>\n<link rel=\"canonical\" href=\"https:\/\/hotelli03.domainhotelli.fi\/~lsdoecli\/tuote\/liitoskoysi-nykayksenvaimentimella-flex-abs-140-combi-i-l-180cm\/\" \/>\n<meta property=\"og:locale\" content=\"fi_FI\" \/>\n<meta property=\"og:type\" content=\"article\" \/>\n<meta property=\"og:title\" content=\"Liitosk\u00f6ysi nyk\u00e4yksenvaimentimella Flex ABS 140 Combi I-L 180cm\" \/>\n<meta property=\"og:description\" content=\"Liitosk\u00f6ysi nyk\u00e4yksenvaimentimella Flex ABS 140 Combi I-L 180cm ty\u00f6k\u00e4ytt\u00f6\u00f6n. P\u00e4\u00e4ss\u00e4 suurikokoinen, kevyt CT Big alumiinikiinnitin 60 mm.\" \/>\n<meta property=\"og:url\" content=\"https:\/\/hotelli03.domainhotelli.fi\/~lsdoecli\/tuote\/liitoskoysi-nykayksenvaimentimella-flex-abs-140-combi-i-l-180cm\/\" \/>\n<meta property=\"og:site_name\" content=\"JV Tuonti\" \/>\n<meta property=\"article:publisher\" content=\"https:\/\/www.facebook.com\/JVTuontiOy\" \/>\n<meta property=\"og:image\" content=\"https:\/\/hotelli03.domainhotelli.fi\/~lsdoecli\/wp-content\/uploads\/2021\/11\/Liitoskoysi-nykayksenvaimentimella-Flex-ABS-140-Combi-I-L-180cm.jpeg\" \/>\n\t<meta property=\"og:image:width\" content=\"600\" \/>\n\t<meta property=\"og:image:height\" content=\"600\" \/>\n\t<meta property=\"og:image:type\" content=\"image\/jpeg\" \/>\n<meta name=\"twitter:card\" content=\"summary_large_image\" \/>\n<meta name=\"twitter:label1\" content=\"Price\" \/>\n\t<meta name=\"twitter:data1\" content=\"116,93&nbsp;&euro; Alv 24%N\u00e4yt\u00e4 veroton hinta94,30&nbsp;&euro; Alv 0%N\u00e4yt\u00e4 verollinen hinta\" \/>\n\t<meta name=\"twitter:label2\" content=\"Availability\" \/>\n\t<meta name=\"twitter:data2\" content=\"In stock\" \/>\n<script type=\"application\/ld+json\" class=\"yoast-schema-graph\">{\"@context\":\"https:\/\/schema.org\",\"@graph\":[{\"@type\":[\"Organization\",\"Place\",\"WholesaleStore\"],\"@id\":\"https:\/\/hotelli03.domainhotelli.fi\/~lsdoecli\/#organization\",\"name\":\"JV Tuonti Oy\",\"url\":\"https:\/\/hotelli03.domainhotelli.fi\/~lsdoecli\/\",\"sameAs\":[\"https:\/\/instagram.com\/jvtuontioy?utm_medium=copy_link\",\"https:\/\/www.facebook.com\/JVTuontiOy\"],\"logo\":{\"@id\":\"https:\/\/hotelli03.domainhotelli.fi\/~lsdoecli\/tuote\/liitoskoysi-nykayksenvaimentimella-flex-abs-140-combi-i-l-180cm\/#local-main-organization-logo\"},\"image\":{\"@id\":\"https:\/\/hotelli03.domainhotelli.fi\/~lsdoecli\/tuote\/liitoskoysi-nykayksenvaimentimella-flex-abs-140-combi-i-l-180cm\/#local-main-organization-logo\"},\"address\":{\"@id\":\"https:\/\/hotelli03.domainhotelli.fi\/~lsdoecli\/tuote\/liitoskoysi-nykayksenvaimentimella-flex-abs-140-combi-i-l-180cm\/#local-main-place-address\"},\"geo\":{\"@type\":\"GeoCoordinates\",\"latitude\":\"60.28431\",\"longitude\":\"24.81654\"},\"telephone\":[\"0408369980\"],\"openingHoursSpecification\":[{\"@type\":\"OpeningHoursSpecification\",\"dayOfWeek\":[\"Monday\",\"Tuesday\",\"Wednesday\",\"Thursday\",\"Friday\"],\"opens\":\"08:00\",\"closes\":\"16:00\"},{\"@type\":\"OpeningHoursSpecification\",\"dayOfWeek\":[\"Saturday\",\"Sunday\"],\"opens\":\"00:00\",\"closes\":\"00:00\"}],\"email\":\"myynti@hotelli03.domainhotelli.fi\",\"areaServed\":\"Suomi, Ruotsi\",\"vatID\":\"FI30178387\",\"priceRange\":\"$$\",\"currenciesAccepted\":\"\u20ac\",\"paymentAccepted\":\"Lasku, pankkikortti\"},{\"@type\":\"WebSite\",\"@id\":\"https:\/\/hotelli03.domainhotelli.fi\/~lsdoecli\/#website\",\"url\":\"https:\/\/hotelli03.domainhotelli.fi\/~lsdoecli\/\",\"name\":\"JV Tuonti\",\"description\":\"JV Tuonti Oy:n verkkokauppa\",\"publisher\":{\"@id\":\"https:\/\/hotelli03.domainhotelli.fi\/~lsdoecli\/#organization\"},\"potentialAction\":[{\"@type\":\"SearchAction\",\"target\":{\"@type\":\"EntryPoint\",\"urlTemplate\":\"https:\/\/hotelli03.domainhotelli.fi\/~lsdoecli\/?s={search_term_string}\"},\"query-input\":\"required name=search_term_string\"}],\"inLanguage\":\"fi\"},{\"@type\":\"ImageObject\",\"inLanguage\":\"fi\",\"@id\":\"https:\/\/hotelli03.domainhotelli.fi\/~lsdoecli\/tuote\/liitoskoysi-nykayksenvaimentimella-flex-abs-140-combi-i-l-180cm\/#primaryimage\",\"url\":\"https:\/\/hotelli03.domainhotelli.fi\/~lsdoecli\/wp-content\/uploads\/2021\/11\/Liitoskoysi-nykayksenvaimentimella-Flex-ABS-140-Combi-I-L-180cm.jpeg\",\"contentUrl\":\"https:\/\/hotelli03.domainhotelli.fi\/~lsdoecli\/wp-content\/uploads\/2021\/11\/Liitoskoysi-nykayksenvaimentimella-Flex-ABS-140-Combi-I-L-180cm.jpeg\",\"width\":600,\"height\":600,\"caption\":\"Liitosk\u00f6ysi nyk\u00e4yksenvaimentimella Flex ABS 140 Combi I-L 180cm\"},{\"@type\":\"WebPage\",\"@id\":\"https:\/\/hotelli03.domainhotelli.fi\/~lsdoecli\/tuote\/liitoskoysi-nykayksenvaimentimella-flex-abs-140-combi-i-l-180cm\/\",\"url\":\"https:\/\/hotelli03.domainhotelli.fi\/~lsdoecli\/tuote\/liitoskoysi-nykayksenvaimentimella-flex-abs-140-combi-i-l-180cm\/\",\"name\":\"Liitosk\u00f6ysi nyk\u00e4yksenvaimentimella Flex ABS 140 Combi I-L 180cm\",\"isPartOf\":{\"@id\":\"https:\/\/hotelli03.domainhotelli.fi\/~lsdoecli\/#website\"},\"primaryImageOfPage\":{\"@id\":\"https:\/\/hotelli03.domainhotelli.fi\/~lsdoecli\/tuote\/liitoskoysi-nykayksenvaimentimella-flex-abs-140-combi-i-l-180cm\/#primaryimage\"},\"datePublished\":\"2021-11-03T13:01:43+00:00\",\"dateModified\":\"2021-11-03T13:01:43+00:00\",\"description\":\"Liitosk\u00f6ysi nyk\u00e4yksenvaimentimella Flex ABS 140 Combi I-L 180cm ty\u00f6k\u00e4ytt\u00f6\u00f6n. P\u00e4\u00e4ss\u00e4 suurikokoinen, kevyt CT Big alumiinikiinnitin 60 mm.\",\"breadcrumb\":{\"@id\":\"https:\/\/hotelli03.domainhotelli.fi\/~lsdoecli\/tuote\/liitoskoysi-nykayksenvaimentimella-flex-abs-140-combi-i-l-180cm\/#breadcrumb\"},\"inLanguage\":\"fi\",\"potentialAction\":[{\"@type\":\"ReadAction\",\"target\":[\"https:\/\/hotelli03.domainhotelli.fi\/~lsdoecli\/tuote\/liitoskoysi-nykayksenvaimentimella-flex-abs-140-combi-i-l-180cm\/\"]}]},{\"@type\":\"BreadcrumbList\",\"@id\":\"https:\/\/hotelli03.domainhotelli.fi\/~lsdoecli\/tuote\/liitoskoysi-nykayksenvaimentimella-flex-abs-140-combi-i-l-180cm\/#breadcrumb\",\"itemListElement\":[{\"@type\":\"ListItem\",\"position\":1,\"name\":\"Etusivu\",\"item\":\"https:\/\/hotelli03.domainhotelli.fi\/~lsdoecli\/\"},{\"@type\":\"ListItem\",\"position\":2,\"name\":\"Kauppa\",\"item\":\"https:\/\/hotelli03.domainhotelli.fi\/~lsdoecli\/kauppa\/\"},{\"@type\":\"ListItem\",\"position\":3,\"name\":\"Liitosk\u00f6ysi nyk\u00e4yksenvaimentimella Flex ABS 140 Combi I-L 180cm\"}]},{\"@type\":\"PostalAddress\",\"@id\":\"https:\/\/hotelli03.domainhotelli.fi\/~lsdoecli\/tuote\/liitoskoysi-nykayksenvaimentimella-flex-abs-140-combi-i-l-180cm\/#local-main-place-address\",\"streetAddress\":\"Pyymosantie 5a\",\"addressLocality\":\"Vantaa\",\"postalCode\":\"01720\",\"addressCountry\":\"FI\"},{\"@type\":\"ImageObject\",\"inLanguage\":\"fi\",\"@id\":\"https:\/\/hotelli03.domainhotelli.fi\/~lsdoecli\/tuote\/liitoskoysi-nykayksenvaimentimella-flex-abs-140-combi-i-l-180cm\/#local-main-organization-logo\",\"url\":\"https:\/\/hotelli03.domainhotelli.fi\/~lsdoecli\/wp-content\/uploads\/2021\/08\/JVTuonti_logo_nelio.jpg\",\"contentUrl\":\"https:\/\/hotelli03.domainhotelli.fi\/~lsdoecli\/wp-content\/uploads\/2021\/08\/JVTuonti_logo_nelio.jpg\",\"width\":550,\"height\":550,\"caption\":\"JV Tuonti Oy\"}]}<\/script>\n<meta property=\"og:video\" content=\"https:\/\/www.youtube.com\/embed\/iz0BJnoq2L4\" \/>\n<meta property=\"og:video:type\" content=\"text\/html\" \/>\n<meta property=\"og:video:duration\" content=\"265\" \/>\n<meta property=\"og:video:width\" content=\"480\" \/>\n<meta property=\"og:video:height\" content=\"270\" \/>\n<meta property=\"ya:ovs:adult\" content=\"false\" \/>\n<meta property=\"ya:ovs:upload_date\" content=\"2021-11-03T13:01:43+00:00\" \/>\n<meta property=\"ya:ovs:allow_embed\" content=\"true\" \/>\n<meta property=\"product:brand\" content=\"CT\" \/>\n<meta property=\"product:price:amount\" content=\"116.93\" \/>\n<meta property=\"product:price:currency\" content=\"EUR\" \/>\n<meta property=\"og:availability\" content=\"instock\" \/>\n<meta property=\"product:availability\" content=\"instock\" \/>\n<meta property=\"product:retailer_item_id\" content=\"7W91918000STD\" \/>\n<meta property=\"product:condition\" content=\"new\" \/>\n<meta name=\"geo.placename\" content=\"Vantaa\" \/>\n<meta name=\"geo.position\" content=\"60.28431;24.81654\" \/>\n<meta name=\"geo.region\" content=\"Suomi\" \/>\n<!-- \/ Yoast SEO Premium plugin. -->","yoast_head_json":{"title":"Liitosk\u00f6ysi nyk\u00e4yksenvaimentimella Flex ABS 140 Combi I-L 180cm","description":"Liitosk\u00f6ysi nyk\u00e4yksenvaimentimella Flex ABS 140 Combi I-L 180cm ty\u00f6k\u00e4ytt\u00f6\u00f6n. P\u00e4\u00e4ss\u00e4 suurikokoinen, kevyt CT Big alumiinikiinnitin 60 mm.","robots":{"index":"index","follow":"follow","max-snippet":"max-snippet:-1","max-image-preview":"max-image-preview:large","max-video-preview":"max-video-preview:-1"},"canonical":"https:\/\/hotelli03.domainhotelli.fi\/~lsdoecli\/tuote\/liitoskoysi-nykayksenvaimentimella-flex-abs-140-combi-i-l-180cm\/","og_locale":"fi_FI","og_type":"article","og_title":"Liitosk\u00f6ysi nyk\u00e4yksenvaimentimella Flex ABS 140 Combi I-L 180cm","og_description":"Liitosk\u00f6ysi nyk\u00e4yksenvaimentimella Flex ABS 140 Combi I-L 180cm ty\u00f6k\u00e4ytt\u00f6\u00f6n. P\u00e4\u00e4ss\u00e4 suurikokoinen, kevyt CT Big alumiinikiinnitin 60 mm.","og_url":"https:\/\/hotelli03.domainhotelli.fi\/~lsdoecli\/tuote\/liitoskoysi-nykayksenvaimentimella-flex-abs-140-combi-i-l-180cm\/","og_site_name":"JV Tuonti","article_publisher":"https:\/\/www.facebook.com\/JVTuontiOy","og_image":[{"width":600,"height":600,"url":"https:\/\/hotelli03.domainhotelli.fi\/~lsdoecli\/wp-content\/uploads\/2021\/11\/Liitoskoysi-nykayksenvaimentimella-Flex-ABS-140-Combi-I-L-180cm.jpeg","type":"image\/jpeg"}],"twitter_card":"summary_large_image","twitter_misc":{"Price":"116,93&nbsp;&euro; Alv 24%N\u00e4yt\u00e4 veroton hinta94,30&nbsp;&euro; Alv 0%N\u00e4yt\u00e4 verollinen hinta","Availability":"In stock"},"schema":{"@context":"https:\/\/schema.org","@graph":[{"@type":["Organization","Place","WholesaleStore"],"@id":"https:\/\/hotelli03.domainhotelli.fi\/~lsdoecli\/#organization","name":"JV Tuonti Oy","url":"https:\/\/hotelli03.domainhotelli.fi\/~lsdoecli\/","sameAs":["https:\/\/instagram.com\/jvtuontioy?utm_medium=copy_link","https:\/\/www.facebook.com\/JVTuontiOy"],"logo":{"@id":"https:\/\/hotelli03.domainhotelli.fi\/~lsdoecli\/tuote\/liitoskoysi-nykayksenvaimentimella-flex-abs-140-combi-i-l-180cm\/#local-main-organization-logo"},"image":{"@id":"https:\/\/hotelli03.domainhotelli.fi\/~lsdoecli\/tuote\/liitoskoysi-nykayksenvaimentimella-flex-abs-140-combi-i-l-180cm\/#local-main-organization-logo"},"address":{"@id":"https:\/\/hotelli03.domainhotelli.fi\/~lsdoecli\/tuote\/liitoskoysi-nykayksenvaimentimella-flex-abs-140-combi-i-l-180cm\/#local-main-place-address"},"geo":{"@type":"GeoCoordinates","latitude":"60.28431","longitude":"24.81654"},"telephone":["0408369980"],"openingHoursSpecification":[{"@type":"OpeningHoursSpecification","dayOfWeek":["Monday","Tuesday","Wednesday","Thursday","Friday"],"opens":"08:00","closes":"16:00"},{"@type":"OpeningHoursSpecification","dayOfWeek":["Saturday","Sunday"],"opens":"00:00","closes":"00:00"}],"email":"myynti@hotelli03.domainhotelli.fi","areaServed":"Suomi, Ruotsi","vatID":"FI30178387","priceRange":"$$","currenciesAccepted":"\u20ac","paymentAccepted":"Lasku, pankkikortti"},{"@type":"WebSite","@id":"https:\/\/hotelli03.domainhotelli.fi\/~lsdoecli\/#website","url":"https:\/\/hotelli03.domainhotelli.fi\/~lsdoecli\/","name":"JV Tuonti","description":"JV Tuonti Oy:n verkkokauppa","publisher":{"@id":"https:\/\/hotelli03.domainhotelli.fi\/~lsdoecli\/#organization"},"potentialAction":[{"@type":"SearchAction","target":{"@type":"EntryPoint","urlTemplate":"https:\/\/hotelli03.domainhotelli.fi\/~lsdoecli\/?s={search_term_string}"},"query-input":"required name=search_term_string"}],"inLanguage":"fi"},{"@type":"ImageObject","inLanguage":"fi","@id":"https:\/\/hotelli03.domainhotelli.fi\/~lsdoecli\/tuote\/liitoskoysi-nykayksenvaimentimella-flex-abs-140-combi-i-l-180cm\/#primaryimage","url":"https:\/\/hotelli03.domainhotelli.fi\/~lsdoecli\/wp-content\/uploads\/2021\/11\/Liitoskoysi-nykayksenvaimentimella-Flex-ABS-140-Combi-I-L-180cm.jpeg","contentUrl":"https:\/\/hotelli03.domainhotelli.fi\/~lsdoecli\/wp-content\/uploads\/2021\/11\/Liitoskoysi-nykayksenvaimentimella-Flex-ABS-140-Combi-I-L-180cm.jpeg","width":600,"height":600,"caption":"Liitosk\u00f6ysi nyk\u00e4yksenvaimentimella Flex ABS 140 Combi I-L 180cm"},{"@type":"WebPage","@id":"https:\/\/hotelli03.domainhotelli.fi\/~lsdoecli\/tuote\/liitoskoysi-nykayksenvaimentimella-flex-abs-140-combi-i-l-180cm\/","url":"https:\/\/hotelli03.domainhotelli.fi\/~lsdoecli\/tuote\/liitoskoysi-nykayksenvaimentimella-flex-abs-140-combi-i-l-180cm\/","name":"Liitosk\u00f6ysi nyk\u00e4yksenvaimentimella Flex ABS 140 Combi I-L 180cm","isPartOf":{"@id":"https:\/\/hotelli03.domainhotelli.fi\/~lsdoecli\/#website"},"primaryImageOfPage":{"@id":"https:\/\/hotelli03.domainhotelli.fi\/~lsdoecli\/tuote\/liitoskoysi-nykayksenvaimentimella-flex-abs-140-combi-i-l-180cm\/#primaryimage"},"datePublished":"2021-11-03T13:01:43+00:00","dateModified":"2021-11-03T13:01:43+00:00","description":"Liitosk\u00f6ysi nyk\u00e4yksenvaimentimella Flex ABS 140 Combi I-L 180cm ty\u00f6k\u00e4ytt\u00f6\u00f6n. P\u00e4\u00e4ss\u00e4 suurikokoinen, kevyt CT Big alumiinikiinnitin 60 mm.","breadcrumb":{"@id":"https:\/\/hotelli03.domainhotelli.fi\/~lsdoecli\/tuote\/liitoskoysi-nykayksenvaimentimella-flex-abs-140-combi-i-l-180cm\/#breadcrumb"},"inLanguage":"fi","potentialAction":[{"@type":"ReadAction","target":["https:\/\/hotelli03.domainhotelli.fi\/~lsdoecli\/tuote\/liitoskoysi-nykayksenvaimentimella-flex-abs-140-combi-i-l-180cm\/"]}]},{"@type":"BreadcrumbList","@id":"https:\/\/hotelli03.domainhotelli.fi\/~lsdoecli\/tuote\/liitoskoysi-nykayksenvaimentimella-flex-abs-140-combi-i-l-180cm\/#breadcrumb","itemListElement":[{"@type":"ListItem","position":1,"name":"Etusivu","item":"https:\/\/hotelli03.domainhotelli.fi\/~lsdoecli\/"},{"@type":"ListItem","position":2,"name":"Kauppa","item":"https:\/\/hotelli03.domainhotelli.fi\/~lsdoecli\/kauppa\/"},{"@type":"ListItem","position":3,"name":"Liitosk\u00f6ysi nyk\u00e4yksenvaimentimella Flex ABS 140 Combi I-L 180cm"}]},{"@type":"PostalAddress","@id":"https:\/\/hotelli03.domainhotelli.fi\/~lsdoecli\/tuote\/liitoskoysi-nykayksenvaimentimella-flex-abs-140-combi-i-l-180cm\/#local-main-place-address","streetAddress":"Pyymosantie 5a","addressLocality":"Vantaa","postalCode":"01720","addressCountry":"FI"},{"@type":"ImageObject","inLanguage":"fi","@id":"https:\/\/hotelli03.domainhotelli.fi\/~lsdoecli\/tuote\/liitoskoysi-nykayksenvaimentimella-flex-abs-140-combi-i-l-180cm\/#local-main-organization-logo","url":"https:\/\/hotelli03.domainhotelli.fi\/~lsdoecli\/wp-content\/uploads\/2021\/08\/JVTuonti_logo_nelio.jpg","contentUrl":"https:\/\/hotelli03.domainhotelli.fi\/~lsdoecli\/wp-content\/uploads\/2021\/08\/JVTuonti_logo_nelio.jpg","width":550,"height":550,"caption":"JV Tuonti Oy"}]},"og_video":"https:\/\/www.youtube.com\/embed\/iz0BJnoq2L4","og_video_type":"text\/html","og_video_duration":"265","og_video_width":"480","og_video_height":"270","ya_ovs_adult":"false","ya_ovs_upload_date":"2021-11-03T13:01:43+00:00","ya_ovs_allow_embed":"true","product_brand":"CT","product_price_amount":"116.93","product_price_currency":"EUR","og_availability":"instock","product_availability":"instock","product_retailer_item_id":"7W91918000STD","product_condition":"new","geo.placename":"Vantaa","geo.position":{"lat":"60.28431","long":"24.81654"},"geo.region":"Suomi"},"_links":{"self":[{"href":"https:\/\/hotelli03.domainhotelli.fi\/~lsdoecli\/wp-json\/wp\/v2\/product\/8301"}],"collection":[{"href":"https:\/\/hotelli03.domainhotelli.fi\/~lsdoecli\/wp-json\/wp\/v2\/product"}],"about":[{"href":"https:\/\/hotelli03.domainhotelli.fi\/~lsdoecli\/wp-json\/wp\/v2\/types\/product"}],"replies":[{"embeddable":true,"href":"https:\/\/hotelli03.domainhotelli.fi\/~lsdoecli\/wp-json\/wp\/v2\/comments?post=8301"}],"wp:featuredmedia":[{"embeddable":true,"href":"https:\/\/hotelli03.domainhotelli.fi\/~lsdoecli\/wp-json\/wp\/v2\/media\/8302"}],"wp:attachment":[{"href":"https:\/\/hotelli03.domainhotelli.fi\/~lsdoecli\/wp-json\/wp\/v2\/media?parent=8301"}],"wp:term":[{"taxonomy":"product_cat","embeddable":true,"href":"https:\/\/hotelli03.domainhotelli.fi\/~lsdoecli\/wp-json\/wp\/v2\/product_cat?post=8301"},{"taxonomy":"product_tag","embeddable":true,"href":"https:\/\/hotelli03.domainhotelli.fi\/~lsdoecli\/wp-json\/wp\/v2\/product_tag?post=8301"}],"curies":[{"name":"wp","href":"https:\/\/api.w.org\/{rel}","templated":true}]}}