{"id":8298,"date":"2021-11-03T12:22:13","date_gmt":"2021-11-03T12:22:13","guid":{"rendered":"https:\/\/hotelli03.domainhotelli.fi\/~lsdoecli\/?post_type=product&#038;p=8298"},"modified":"2021-11-03T12:22:14","modified_gmt":"2021-11-03T12:22:14","slug":"sulkurengas-ct-pillar-pro-tg-automaattilukitus","status":"publish","type":"product","link":"https:\/\/hotelli03.domainhotelli.fi\/~lsdoecli\/tuote\/sulkurengas-ct-pillar-pro-tg-automaattilukitus\/","title":{"rendered":"Sulkurengas CT Pillar Pro TG, automaattilukitus"},"content":{"rendered":"<h2>Kuumataottu ovaalin muotoinen alumiinisulkurengas Triplex Gate (ty\u00f6nn\u00e4-k\u00e4\u00e4nn\u00e4-avaa) -automaattilukitteisella portilla ja vahvennetuilla murtolujuuksilla.\u00a0Portin avauma 21 mm.<\/h2>\n<p>Sulkurengas CT Pillar Pro TG on eritt\u00e4in kevyt yleisp\u00e4tev\u00e4 malli, joka soveltuu monipuoliseen k\u00e4ytt\u00f6\u00f6n putoamissuojauksessa. Anodisoinnilla parannetun korroosiokeston ja lujuuden ansiosta mallia voi suositella erityisesti pelastusk\u00e4ytt\u00f6\u00f6n ja muihin hyvin vaativiin oloihin. Automaattilukituksen ansiosta portti ei voi unohtua lukitsematta, ja on hyv\u00e4 valinta olosuhteisiin, miss\u00e4 sulkurengasta avataan ja suljetaan useasti.<\/p>\n<p>Ovaali on paras mahdollinen muoto leve\u00e4runkoisten metallilaitteiden, kuten taljapy\u00f6rien, nousukahvojen tai etenemisen my\u00f6t\u00e4 lukkiutuvien laitteiden kanssa k\u00e4ytett\u00e4v\u00e4ksi tarjoten hyv\u00e4n painonjakauman ansiosta tasaisen kuormituksen.<\/p>\n<p>Rungon moderni profiili mahdollistaa suuren murtolujuuden my\u00f6s poikittaissuunnassa ja suojaa profiilin sis\u00e4ll\u00e4 olevia tunnistemerkint\u00f6j\u00e4 kulumiselta. Parannettu rakenne suurimman kulutuksen kohdissa pident\u00e4\u00e4 varusteiden k\u00e4ytt\u00f6ik\u00e4\u00e4. Catch-free portti on sile\u00e4 ja ehk\u00e4isee varusteiden tarrautumisen (jota tapahtuu normaalin koukkumaisen portin kanssa).<\/p>\n<h4>Sulkurengas CT Pillar Pro TG tekniset tiedot:<\/h4>\n<ul>\n<li>Murtolujuudet: Pituussuuntaan 25 kN, porttia vasten 12 kN, pituussuuntaan portti avoimena 7 kN.<\/li>\n<li>Paino: 73 g.<\/li>\n<li>Ulkomitat: 110 mm x 64 mm.<\/li>\n<li>T\u00e4ytt\u00e4\u00e4 Euroopan CE EN 362 ja EN12275 tyyppi B standardien vaatimukset ja on lis\u00e4ksi sertifioitu UIAA vaatimusten mukaisesti. Yksitt\u00e4in testattu 12 kN.<\/li>\n<li>Valmistusmaa Italia.<\/li>\n<li>Materiaali- ja valmistusvirhetakuu 3 vuotta.<\/li>\n<li>Maksimielinik\u00e4 rajoittamaton.<\/li>\n<\/ul>\n<p>&nbsp;<\/p>\n<p><a href=\"https:\/\/hotelli03.domainhotelli.fi\/~lsdoecli\/tuote-osasto\/putoamissuojaimet\/\">Katso my\u00f6s muut putoamissuojaimet ja varusteet t\u00e4st\u00e4!\u00a0<\/a><\/p>\n<p>&nbsp;<\/p>\n<p>Maahantuoja: <a href=\"https:\/\/www.vandernet.com\">Vandernet Oy<\/a><\/p>\n","protected":false},"excerpt":{"rendered":"<h4>Kuumataottu ovaalin muotoinen alumiinisulkurengas Triplex Gate (ty\u00f6nn\u00e4-k\u00e4\u00e4nn\u00e4-avaa) -automaattilukitteisella portilla ja vahvennetuilla murtolujuuksilla.\u00a0Portin avauma 21 mm.<\/h4>\n<p>Sulkurengas CT Pillar Pro TG on eritt\u00e4in kevyt yleisp\u00e4tev\u00e4 malli, joka soveltuu monipuoliseen k\u00e4ytt\u00f6\u00f6n putoamissuojauksessa.<\/p>\n","protected":false},"featured_media":8299,"comment_status":"open","ping_status":"closed","template":"","meta":[],"product_cat":[460],"product_tag":[916,918],"yoast_head":"<!-- This site is optimized with the Yoast SEO Premium plugin v18.9 (Yoast SEO v19.3) - https:\/\/yoast.com\/wordpress\/plugins\/seo\/ -->\n<title>Sulkurengas CT Pillar Pro TG, automaattilukitus | JV Tuonti<\/title>\n<meta name=\"description\" content=\"Sulkurengas CT Pillar Pro TG on kuumataottu ovaalin muotoinen alumiinisulkurengas automaattilukitteisella portilla. Portin avauma 21 mm.\" \/>\n<meta name=\"robots\" content=\"index, follow, max-snippet:-1, max-image-preview:large, max-video-preview:-1\" \/>\n<link rel=\"canonical\" href=\"https:\/\/hotelli03.domainhotelli.fi\/~lsdoecli\/tuote\/sulkurengas-ct-pillar-pro-tg-automaattilukitus\/\" \/>\n<meta property=\"og:locale\" content=\"fi_FI\" \/>\n<meta property=\"og:type\" content=\"article\" \/>\n<meta property=\"og:title\" content=\"Sulkurengas CT Pillar Pro TG, automaattilukitus\" \/>\n<meta property=\"og:description\" content=\"Sulkurengas CT Pillar Pro TG on kuumataottu ovaalin muotoinen alumiinisulkurengas automaattilukitteisella portilla. Portin avauma 21 mm.\" \/>\n<meta property=\"og:url\" content=\"https:\/\/hotelli03.domainhotelli.fi\/~lsdoecli\/tuote\/sulkurengas-ct-pillar-pro-tg-automaattilukitus\/\" \/>\n<meta property=\"og:site_name\" content=\"JV Tuonti\" \/>\n<meta property=\"article:publisher\" content=\"https:\/\/www.facebook.com\/JVTuontiOy\" \/>\n<meta property=\"article:modified_time\" content=\"2021-11-03T12:22:14+00:00\" \/>\n<meta property=\"og:image\" content=\"https:\/\/hotelli03.domainhotelli.fi\/~lsdoecli\/wp-content\/uploads\/2021\/11\/Sulkurengas-CT-Pillar-Pro-TG.jpeg\" \/>\n\t<meta property=\"og:image:width\" content=\"600\" \/>\n\t<meta property=\"og:image:height\" content=\"600\" \/>\n\t<meta property=\"og:image:type\" content=\"image\/jpeg\" \/>\n<meta name=\"twitter:card\" content=\"summary_large_image\" \/>\n<meta name=\"twitter:label1\" content=\"Price\" \/>\n\t<meta name=\"twitter:data1\" content=\"30,94&nbsp;&euro; Alv 24%N\u00e4yt\u00e4 veroton hinta24,95&nbsp;&euro; Alv 0%N\u00e4yt\u00e4 verollinen hinta\" \/>\n\t<meta name=\"twitter:label2\" content=\"Availability\" \/>\n\t<meta name=\"twitter:data2\" content=\"In stock\" \/>\n<script type=\"application\/ld+json\" class=\"yoast-schema-graph\">{\"@context\":\"https:\/\/schema.org\",\"@graph\":[{\"@type\":[\"Organization\",\"Place\",\"WholesaleStore\"],\"@id\":\"https:\/\/hotelli03.domainhotelli.fi\/~lsdoecli\/#organization\",\"name\":\"JV Tuonti Oy\",\"url\":\"https:\/\/hotelli03.domainhotelli.fi\/~lsdoecli\/\",\"sameAs\":[\"https:\/\/instagram.com\/jvtuontioy?utm_medium=copy_link\",\"https:\/\/www.facebook.com\/JVTuontiOy\"],\"logo\":{\"@id\":\"https:\/\/hotelli03.domainhotelli.fi\/~lsdoecli\/tuote\/sulkurengas-ct-pillar-pro-tg-automaattilukitus\/#local-main-organization-logo\"},\"image\":{\"@id\":\"https:\/\/hotelli03.domainhotelli.fi\/~lsdoecli\/tuote\/sulkurengas-ct-pillar-pro-tg-automaattilukitus\/#local-main-organization-logo\"},\"address\":{\"@id\":\"https:\/\/hotelli03.domainhotelli.fi\/~lsdoecli\/tuote\/sulkurengas-ct-pillar-pro-tg-automaattilukitus\/#local-main-place-address\"},\"geo\":{\"@type\":\"GeoCoordinates\",\"latitude\":\"60.28431\",\"longitude\":\"24.81654\"},\"telephone\":[\"0408369980\"],\"openingHoursSpecification\":[{\"@type\":\"OpeningHoursSpecification\",\"dayOfWeek\":[\"Monday\",\"Tuesday\",\"Wednesday\",\"Thursday\",\"Friday\"],\"opens\":\"08:00\",\"closes\":\"16:00\"},{\"@type\":\"OpeningHoursSpecification\",\"dayOfWeek\":[\"Saturday\",\"Sunday\"],\"opens\":\"00:00\",\"closes\":\"00:00\"}],\"email\":\"myynti@hotelli03.domainhotelli.fi\",\"areaServed\":\"Suomi, Ruotsi\",\"vatID\":\"FI30178387\",\"priceRange\":\"$$\",\"currenciesAccepted\":\"\u20ac\",\"paymentAccepted\":\"Lasku, pankkikortti\"},{\"@type\":\"WebSite\",\"@id\":\"https:\/\/hotelli03.domainhotelli.fi\/~lsdoecli\/#website\",\"url\":\"https:\/\/hotelli03.domainhotelli.fi\/~lsdoecli\/\",\"name\":\"JV Tuonti\",\"description\":\"JV Tuonti Oy:n verkkokauppa\",\"publisher\":{\"@id\":\"https:\/\/hotelli03.domainhotelli.fi\/~lsdoecli\/#organization\"},\"potentialAction\":[{\"@type\":\"SearchAction\",\"target\":{\"@type\":\"EntryPoint\",\"urlTemplate\":\"https:\/\/hotelli03.domainhotelli.fi\/~lsdoecli\/?s={search_term_string}\"},\"query-input\":\"required name=search_term_string\"}],\"inLanguage\":\"fi\"},{\"@type\":\"ImageObject\",\"inLanguage\":\"fi\",\"@id\":\"https:\/\/hotelli03.domainhotelli.fi\/~lsdoecli\/tuote\/sulkurengas-ct-pillar-pro-tg-automaattilukitus\/#primaryimage\",\"url\":\"https:\/\/hotelli03.domainhotelli.fi\/~lsdoecli\/wp-content\/uploads\/2021\/11\/Sulkurengas-CT-Pillar-Pro-TG.jpeg\",\"contentUrl\":\"https:\/\/hotelli03.domainhotelli.fi\/~lsdoecli\/wp-content\/uploads\/2021\/11\/Sulkurengas-CT-Pillar-Pro-TG.jpeg\",\"width\":600,\"height\":600,\"caption\":\"Sulkurengas CT Pillar Pro TG\"},{\"@type\":\"WebPage\",\"@id\":\"https:\/\/hotelli03.domainhotelli.fi\/~lsdoecli\/tuote\/sulkurengas-ct-pillar-pro-tg-automaattilukitus\/\",\"url\":\"https:\/\/hotelli03.domainhotelli.fi\/~lsdoecli\/tuote\/sulkurengas-ct-pillar-pro-tg-automaattilukitus\/\",\"name\":\"Sulkurengas CT Pillar Pro TG, automaattilukitus | JV Tuonti\",\"isPartOf\":{\"@id\":\"https:\/\/hotelli03.domainhotelli.fi\/~lsdoecli\/#website\"},\"primaryImageOfPage\":{\"@id\":\"https:\/\/hotelli03.domainhotelli.fi\/~lsdoecli\/tuote\/sulkurengas-ct-pillar-pro-tg-automaattilukitus\/#primaryimage\"},\"datePublished\":\"2021-11-03T12:22:13+00:00\",\"dateModified\":\"2021-11-03T12:22:14+00:00\",\"description\":\"Sulkurengas CT Pillar Pro TG on kuumataottu ovaalin muotoinen alumiinisulkurengas automaattilukitteisella portilla. Portin avauma 21 mm.\",\"breadcrumb\":{\"@id\":\"https:\/\/hotelli03.domainhotelli.fi\/~lsdoecli\/tuote\/sulkurengas-ct-pillar-pro-tg-automaattilukitus\/#breadcrumb\"},\"inLanguage\":\"fi\",\"potentialAction\":[{\"@type\":\"ReadAction\",\"target\":[\"https:\/\/hotelli03.domainhotelli.fi\/~lsdoecli\/tuote\/sulkurengas-ct-pillar-pro-tg-automaattilukitus\/\"]}]},{\"@type\":\"BreadcrumbList\",\"@id\":\"https:\/\/hotelli03.domainhotelli.fi\/~lsdoecli\/tuote\/sulkurengas-ct-pillar-pro-tg-automaattilukitus\/#breadcrumb\",\"itemListElement\":[{\"@type\":\"ListItem\",\"position\":1,\"name\":\"Etusivu\",\"item\":\"https:\/\/hotelli03.domainhotelli.fi\/~lsdoecli\/\"},{\"@type\":\"ListItem\",\"position\":2,\"name\":\"Kauppa\",\"item\":\"https:\/\/hotelli03.domainhotelli.fi\/~lsdoecli\/kauppa\/\"},{\"@type\":\"ListItem\",\"position\":3,\"name\":\"Sulkurengas CT Pillar Pro TG, automaattilukitus\"}]},{\"@type\":\"PostalAddress\",\"@id\":\"https:\/\/hotelli03.domainhotelli.fi\/~lsdoecli\/tuote\/sulkurengas-ct-pillar-pro-tg-automaattilukitus\/#local-main-place-address\",\"streetAddress\":\"Pyymosantie 5a\",\"addressLocality\":\"Vantaa\",\"postalCode\":\"01720\",\"addressCountry\":\"FI\"},{\"@type\":\"ImageObject\",\"inLanguage\":\"fi\",\"@id\":\"https:\/\/hotelli03.domainhotelli.fi\/~lsdoecli\/tuote\/sulkurengas-ct-pillar-pro-tg-automaattilukitus\/#local-main-organization-logo\",\"url\":\"https:\/\/hotelli03.domainhotelli.fi\/~lsdoecli\/wp-content\/uploads\/2021\/08\/JVTuonti_logo_nelio.jpg\",\"contentUrl\":\"https:\/\/hotelli03.domainhotelli.fi\/~lsdoecli\/wp-content\/uploads\/2021\/08\/JVTuonti_logo_nelio.jpg\",\"width\":550,\"height\":550,\"caption\":\"JV Tuonti Oy\"}]}<\/script>\n<meta property=\"product:brand\" content=\"CT\" \/>\n<meta property=\"product:price:amount\" content=\"30.94\" \/>\n<meta property=\"product:price:currency\" content=\"EUR\" \/>\n<meta property=\"og:availability\" content=\"instock\" \/>\n<meta property=\"product:availability\" content=\"instock\" \/>\n<meta property=\"product:retailer_item_id\" content=\"2C39800YLBCTSTD\" \/>\n<meta property=\"product:condition\" content=\"new\" \/>\n<meta name=\"geo.placename\" content=\"Vantaa\" \/>\n<meta name=\"geo.position\" content=\"60.28431;24.81654\" \/>\n<meta name=\"geo.region\" content=\"Suomi\" \/>\n<!-- \/ Yoast SEO Premium plugin. -->","yoast_head_json":{"title":"Sulkurengas CT Pillar Pro TG, automaattilukitus | JV Tuonti","description":"Sulkurengas CT Pillar Pro TG on kuumataottu ovaalin muotoinen alumiinisulkurengas automaattilukitteisella portilla. Portin avauma 21 mm.","robots":{"index":"index","follow":"follow","max-snippet":"max-snippet:-1","max-image-preview":"max-image-preview:large","max-video-preview":"max-video-preview:-1"},"canonical":"https:\/\/hotelli03.domainhotelli.fi\/~lsdoecli\/tuote\/sulkurengas-ct-pillar-pro-tg-automaattilukitus\/","og_locale":"fi_FI","og_type":"article","og_title":"Sulkurengas CT Pillar Pro TG, automaattilukitus","og_description":"Sulkurengas CT Pillar Pro TG on kuumataottu ovaalin muotoinen alumiinisulkurengas automaattilukitteisella portilla. Portin avauma 21 mm.","og_url":"https:\/\/hotelli03.domainhotelli.fi\/~lsdoecli\/tuote\/sulkurengas-ct-pillar-pro-tg-automaattilukitus\/","og_site_name":"JV Tuonti","article_publisher":"https:\/\/www.facebook.com\/JVTuontiOy","article_modified_time":"2021-11-03T12:22:14+00:00","og_image":[{"width":600,"height":600,"url":"https:\/\/hotelli03.domainhotelli.fi\/~lsdoecli\/wp-content\/uploads\/2021\/11\/Sulkurengas-CT-Pillar-Pro-TG.jpeg","type":"image\/jpeg"}],"twitter_card":"summary_large_image","twitter_misc":{"Price":"30,94&nbsp;&euro; Alv 24%N\u00e4yt\u00e4 veroton hinta24,95&nbsp;&euro; Alv 0%N\u00e4yt\u00e4 verollinen hinta","Availability":"In stock"},"schema":{"@context":"https:\/\/schema.org","@graph":[{"@type":["Organization","Place","WholesaleStore"],"@id":"https:\/\/hotelli03.domainhotelli.fi\/~lsdoecli\/#organization","name":"JV Tuonti Oy","url":"https:\/\/hotelli03.domainhotelli.fi\/~lsdoecli\/","sameAs":["https:\/\/instagram.com\/jvtuontioy?utm_medium=copy_link","https:\/\/www.facebook.com\/JVTuontiOy"],"logo":{"@id":"https:\/\/hotelli03.domainhotelli.fi\/~lsdoecli\/tuote\/sulkurengas-ct-pillar-pro-tg-automaattilukitus\/#local-main-organization-logo"},"image":{"@id":"https:\/\/hotelli03.domainhotelli.fi\/~lsdoecli\/tuote\/sulkurengas-ct-pillar-pro-tg-automaattilukitus\/#local-main-organization-logo"},"address":{"@id":"https:\/\/hotelli03.domainhotelli.fi\/~lsdoecli\/tuote\/sulkurengas-ct-pillar-pro-tg-automaattilukitus\/#local-main-place-address"},"geo":{"@type":"GeoCoordinates","latitude":"60.28431","longitude":"24.81654"},"telephone":["0408369980"],"openingHoursSpecification":[{"@type":"OpeningHoursSpecification","dayOfWeek":["Monday","Tuesday","Wednesday","Thursday","Friday"],"opens":"08:00","closes":"16:00"},{"@type":"OpeningHoursSpecification","dayOfWeek":["Saturday","Sunday"],"opens":"00:00","closes":"00:00"}],"email":"myynti@hotelli03.domainhotelli.fi","areaServed":"Suomi, Ruotsi","vatID":"FI30178387","priceRange":"$$","currenciesAccepted":"\u20ac","paymentAccepted":"Lasku, pankkikortti"},{"@type":"WebSite","@id":"https:\/\/hotelli03.domainhotelli.fi\/~lsdoecli\/#website","url":"https:\/\/hotelli03.domainhotelli.fi\/~lsdoecli\/","name":"JV Tuonti","description":"JV Tuonti Oy:n verkkokauppa","publisher":{"@id":"https:\/\/hotelli03.domainhotelli.fi\/~lsdoecli\/#organization"},"potentialAction":[{"@type":"SearchAction","target":{"@type":"EntryPoint","urlTemplate":"https:\/\/hotelli03.domainhotelli.fi\/~lsdoecli\/?s={search_term_string}"},"query-input":"required name=search_term_string"}],"inLanguage":"fi"},{"@type":"ImageObject","inLanguage":"fi","@id":"https:\/\/hotelli03.domainhotelli.fi\/~lsdoecli\/tuote\/sulkurengas-ct-pillar-pro-tg-automaattilukitus\/#primaryimage","url":"https:\/\/hotelli03.domainhotelli.fi\/~lsdoecli\/wp-content\/uploads\/2021\/11\/Sulkurengas-CT-Pillar-Pro-TG.jpeg","contentUrl":"https:\/\/hotelli03.domainhotelli.fi\/~lsdoecli\/wp-content\/uploads\/2021\/11\/Sulkurengas-CT-Pillar-Pro-TG.jpeg","width":600,"height":600,"caption":"Sulkurengas CT Pillar Pro TG"},{"@type":"WebPage","@id":"https:\/\/hotelli03.domainhotelli.fi\/~lsdoecli\/tuote\/sulkurengas-ct-pillar-pro-tg-automaattilukitus\/","url":"https:\/\/hotelli03.domainhotelli.fi\/~lsdoecli\/tuote\/sulkurengas-ct-pillar-pro-tg-automaattilukitus\/","name":"Sulkurengas CT Pillar Pro TG, automaattilukitus | JV Tuonti","isPartOf":{"@id":"https:\/\/hotelli03.domainhotelli.fi\/~lsdoecli\/#website"},"primaryImageOfPage":{"@id":"https:\/\/hotelli03.domainhotelli.fi\/~lsdoecli\/tuote\/sulkurengas-ct-pillar-pro-tg-automaattilukitus\/#primaryimage"},"datePublished":"2021-11-03T12:22:13+00:00","dateModified":"2021-11-03T12:22:14+00:00","description":"Sulkurengas CT Pillar Pro TG on kuumataottu ovaalin muotoinen alumiinisulkurengas automaattilukitteisella portilla. Portin avauma 21 mm.","breadcrumb":{"@id":"https:\/\/hotelli03.domainhotelli.fi\/~lsdoecli\/tuote\/sulkurengas-ct-pillar-pro-tg-automaattilukitus\/#breadcrumb"},"inLanguage":"fi","potentialAction":[{"@type":"ReadAction","target":["https:\/\/hotelli03.domainhotelli.fi\/~lsdoecli\/tuote\/sulkurengas-ct-pillar-pro-tg-automaattilukitus\/"]}]},{"@type":"BreadcrumbList","@id":"https:\/\/hotelli03.domainhotelli.fi\/~lsdoecli\/tuote\/sulkurengas-ct-pillar-pro-tg-automaattilukitus\/#breadcrumb","itemListElement":[{"@type":"ListItem","position":1,"name":"Etusivu","item":"https:\/\/hotelli03.domainhotelli.fi\/~lsdoecli\/"},{"@type":"ListItem","position":2,"name":"Kauppa","item":"https:\/\/hotelli03.domainhotelli.fi\/~lsdoecli\/kauppa\/"},{"@type":"ListItem","position":3,"name":"Sulkurengas CT Pillar Pro TG, automaattilukitus"}]},{"@type":"PostalAddress","@id":"https:\/\/hotelli03.domainhotelli.fi\/~lsdoecli\/tuote\/sulkurengas-ct-pillar-pro-tg-automaattilukitus\/#local-main-place-address","streetAddress":"Pyymosantie 5a","addressLocality":"Vantaa","postalCode":"01720","addressCountry":"FI"},{"@type":"ImageObject","inLanguage":"fi","@id":"https:\/\/hotelli03.domainhotelli.fi\/~lsdoecli\/tuote\/sulkurengas-ct-pillar-pro-tg-automaattilukitus\/#local-main-organization-logo","url":"https:\/\/hotelli03.domainhotelli.fi\/~lsdoecli\/wp-content\/uploads\/2021\/08\/JVTuonti_logo_nelio.jpg","contentUrl":"https:\/\/hotelli03.domainhotelli.fi\/~lsdoecli\/wp-content\/uploads\/2021\/08\/JVTuonti_logo_nelio.jpg","width":550,"height":550,"caption":"JV Tuonti Oy"}]},"product_brand":"CT","product_price_amount":"30.94","product_price_currency":"EUR","og_availability":"instock","product_availability":"instock","product_retailer_item_id":"2C39800YLBCTSTD","product_condition":"new","geo.placename":"Vantaa","geo.position":{"lat":"60.28431","long":"24.81654"},"geo.region":"Suomi"},"_links":{"self":[{"href":"https:\/\/hotelli03.domainhotelli.fi\/~lsdoecli\/wp-json\/wp\/v2\/product\/8298"}],"collection":[{"href":"https:\/\/hotelli03.domainhotelli.fi\/~lsdoecli\/wp-json\/wp\/v2\/product"}],"about":[{"href":"https:\/\/hotelli03.domainhotelli.fi\/~lsdoecli\/wp-json\/wp\/v2\/types\/product"}],"replies":[{"embeddable":true,"href":"https:\/\/hotelli03.domainhotelli.fi\/~lsdoecli\/wp-json\/wp\/v2\/comments?post=8298"}],"wp:featuredmedia":[{"embeddable":true,"href":"https:\/\/hotelli03.domainhotelli.fi\/~lsdoecli\/wp-json\/wp\/v2\/media\/8299"}],"wp:attachment":[{"href":"https:\/\/hotelli03.domainhotelli.fi\/~lsdoecli\/wp-json\/wp\/v2\/media?parent=8298"}],"wp:term":[{"taxonomy":"product_cat","embeddable":true,"href":"https:\/\/hotelli03.domainhotelli.fi\/~lsdoecli\/wp-json\/wp\/v2\/product_cat?post=8298"},{"taxonomy":"product_tag","embeddable":true,"href":"https:\/\/hotelli03.domainhotelli.fi\/~lsdoecli\/wp-json\/wp\/v2\/product_tag?post=8298"}],"curies":[{"name":"wp","href":"https:\/\/api.w.org\/{rel}","templated":true}]}}