{"id":8287,"date":"2021-11-03T10:37:17","date_gmt":"2021-11-03T10:37:17","guid":{"rendered":"https:\/\/hotelli03.domainhotelli.fi\/~lsdoecli\/?post_type=product&#038;p=8287"},"modified":"2021-11-03T10:37:18","modified_gmt":"2021-11-03T10:37:18","slug":"turvavaljaat-ct-pyl-tec-2-qr","status":"publish","type":"product","link":"https:\/\/hotelli03.domainhotelli.fi\/~lsdoecli\/tuote\/turvavaljaat-ct-pyl-tec-2-qr\/","title":{"rendered":"Turvavaljaat CT Pyl Tec-2 QR"},"content":{"rendered":"<h2>Eritt\u00e4in kevyet ty\u00f6asemointi- ja putoamissuojainkokovaljaat 5:ll\u00e4 kiinnityspisteell\u00e4 ja pukemista helpottavilla pikalukollisilla jalkalenkeill\u00e4 joissa turvaindikaattorit.<\/h2>\n<p>Turvavaljaat CT Pyl Tec-2 QR soveltuu monipuoliseen yleisk\u00e4ytt\u00f6\u00f6n putoamisvaarallisissa olosuhteissa ja t\u00e4ytt\u00e4\u00e4 Euroopan CE EN361, EN358 ja EN813 standardien vaatimukset:<\/p>\n<p>Pylv\u00e4sty\u00f6skentelyyn, mastot\u00f6ihin, pelastusk\u00e4ytt\u00f6\u00f6n, kattoty\u00f6skentelyyn jyrkillekin katoille jne.<\/p>\n<p>Leve\u00e4t ja hengitt\u00e4v\u00e4t jalkalenkkien pehmusteet ja pehmustettu lantiovy\u00f6 tarjoavat mukavuutta ty\u00f6p\u00e4iv\u00e4\u00e4n.<\/p>\n<h4>Lantiovy\u00f6ll\u00e4 EN 358 kiinnityspisteet ty\u00f6asemointiin:<\/h4>\n<p>Yksi edess\u00e4 sek\u00e4 kaksi sivuilla. Lantiovy\u00f6n etukiinnityspiste jakaa painon lantiovy\u00f6n ja jalkalenkkien v\u00e4lill\u00e4 k\u00f6yden varassa ty\u00f6skennelt\u00e4ess\u00e4 tai siihen voidaan kiinnitt\u00e4\u00e4 mm. ty\u00f6asemointik\u00f6ysi tai laskeutumislaite. Sivukiinnityspisteit\u00e4 k\u00e4ytet\u00e4\u00e4n aina yht\u00e4aikaisesti ja ty\u00f6asemointik\u00f6yden kanssa, ja ne jakavat lantiovy\u00f6n painoa ja parantavat mukavuutta ty\u00f6skennelt\u00e4ess\u00e4 jalat tuettuina.<br \/>\nPutoamisen pys\u00e4ytt\u00e4v\u00e4n EN 361 j\u00e4rjestelm\u00e4n kiinnityspiste rinnassa ja sel\u00e4ss\u00e4.<\/p>\n<p>Jalkalenkkien Quick Release pikasolkien ansiosta valjaat voidaan riisua ja pukea nopeasti, ilman ett\u00e4 niit\u00e4 tarvitsee uudelleen s\u00e4\u00e4t\u00e4\u00e4. Soljet ovat helppok\u00e4ytt\u00f6iset my\u00f6s k\u00e4sineet k\u00e4dess\u00e4. Pehmustetut olkahihnat ovat kaukana toisistaan, jotta ne eiv\u00e4t hierr\u00e4 kaulaa. Kun lantiovy\u00f6ll\u00e4 on painoa, olkahihnat auttavat jakamaan painetta. Olkahihnoissa ja lantiovy\u00f6ll\u00e4 helposti s\u00e4\u00e4dett\u00e4v\u00e4t, automaattisesti lukkiutuvat soljet. Lantiovy\u00f6ll\u00e4 nelj\u00e4 muotoiltua varustelenkki\u00e4.<\/p>\n<h4>Turvavaljaat CT Pyl Tec-2 QR tekniset tiedot:<\/h4>\n<ul>\n<li>T\u00e4ytt\u00e4\u00e4 Euroopan CE EN361, EN358 ja EN813 standardien vaatimukset.<\/li>\n<li>Materiaalit: Kuituosat polyesteri, s\u00e4\u00e4t\u00f6soljet ter\u00e4s, kiinnityspisteet alumiiniseos.<\/li>\n<li>Maksimielinik\u00e4 12 vuotta (= 2 vuotta varastointia + 10 vuotta k\u00e4ytt\u00f6\u00e4).<\/li>\n<li>Materiaali- ja valmistusvirhetakuu 3 vuotta.<\/li>\n<\/ul>\n<h4>Koot:<\/h4>\n<p>S-M: Lantiovy\u00f6n pituus: 68-100 cm. Jalkalenkkien pituus: 45-75 cm. K\u00e4ytt\u00e4j\u00e4n pituus: 160-180 cm. Paino: 1410 g.<br \/>\nM-L: Lantiovy\u00f6n pituus: 70-120 cm. Jalkalenkkien pituus: 50-80 cm. K\u00e4ytt\u00e4j\u00e4n pituus: 170-190 cm. Paino: 1470 g.<br \/>\nL-XL: Lantiovy\u00f6n pituus: 75-130 cm. Jalkalenkkien pituus: 55-90 cm. K\u00e4ytt\u00e4j\u00e4n pituus: 180-205 cm. Paino: 1530 g.<\/p>\n<p>&nbsp;<\/p>\n<p><a href=\"https:\/\/hotelli03.domainhotelli.fi\/~lsdoecli\/tuote-osasto\/putoamissuojaimet\/\">Katso my\u00f6s muut putoamissuojaimet t\u00e4st\u00e4!\u00a0<\/a><\/p>\n<p>&nbsp;<\/p>\n<p>Maahantuoja: <a href=\"https:\/\/www.vandernet.com\">Vandernet Oy<\/a><\/p>\n","protected":false},"excerpt":{"rendered":"<h4>Eritt\u00e4in kevyet ty\u00f6asemointi- ja putoamissuojainkokovaljaat 5:ll\u00e4 kiinnityspisteell\u00e4 ja pukemista helpottavilla pikalukollisilla jalkalenkeill\u00e4 joissa turvaindikaattorit.<\/h4>\n<p>Turvavaljaat CT Pyl Tec-2 QR soveltuu monipuoliseen yleisk\u00e4ytt\u00f6\u00f6n putoamisvaarallisissa olosuhteissa ja t\u00e4ytt\u00e4\u00e4 Euroopan CE EN361, EN358 ja EN813 standardien vaatimukset:<\/p>\n<p>Pylv\u00e4sty\u00f6skentelyyn, mastot\u00f6ihin, pelastusk\u00e4ytt\u00f6\u00f6n, kattoty\u00f6skentelyyn jyrkillekin katoille jne.<\/p>\n","protected":false},"featured_media":8291,"comment_status":"open","ping_status":"closed","template":"","meta":[],"product_cat":[460],"product_tag":[915,575,462,912,461,914],"yoast_head":"<!-- This site is optimized with the Yoast SEO Premium plugin v18.9 (Yoast SEO v19.3) - https:\/\/yoast.com\/wordpress\/plugins\/seo\/ -->\n<title>Turvavaljaat CT Pyl Tec-2 QR | JV Tuonti<\/title>\n<meta name=\"description\" content=\"Eritt\u00e4in kevyet ty\u00f6asemointi- ja putoamissuojainkokovaljaat 5:ll\u00e4 kiinnityspisteell\u00e4 ja helpottavilla pikalukollisilla jalkalenkeill\u00e4.\" \/>\n<meta name=\"robots\" content=\"index, follow, max-snippet:-1, max-image-preview:large, max-video-preview:-1\" \/>\n<link rel=\"canonical\" href=\"https:\/\/hotelli03.domainhotelli.fi\/~lsdoecli\/tuote\/turvavaljaat-ct-pyl-tec-2-qr\/\" \/>\n<meta property=\"og:locale\" content=\"fi_FI\" \/>\n<meta property=\"og:type\" content=\"article\" \/>\n<meta property=\"og:title\" content=\"Turvavaljaat CT Pyl Tec-2 QR\" \/>\n<meta property=\"og:description\" content=\"Eritt\u00e4in kevyet ty\u00f6asemointi- ja putoamissuojainkokovaljaat 5:ll\u00e4 kiinnityspisteell\u00e4 ja helpottavilla pikalukollisilla jalkalenkeill\u00e4.\" \/>\n<meta property=\"og:url\" content=\"https:\/\/hotelli03.domainhotelli.fi\/~lsdoecli\/tuote\/turvavaljaat-ct-pyl-tec-2-qr\/\" \/>\n<meta property=\"og:site_name\" content=\"JV Tuonti\" \/>\n<meta property=\"article:publisher\" content=\"https:\/\/www.facebook.com\/JVTuontiOy\" \/>\n<meta property=\"article:modified_time\" content=\"2021-11-03T10:37:18+00:00\" \/>\n<meta property=\"og:image\" content=\"https:\/\/hotelli03.domainhotelli.fi\/~lsdoecli\/wp-content\/uploads\/2021\/11\/Turvavaljaat-Pyl-Tec-2-QR.jpeg\" \/>\n\t<meta property=\"og:image:width\" content=\"600\" \/>\n\t<meta property=\"og:image:height\" content=\"600\" \/>\n\t<meta property=\"og:image:type\" content=\"image\/jpeg\" \/>\n<meta name=\"twitter:card\" content=\"summary_large_image\" \/>\n<meta name=\"twitter:label1\" content=\"Availability\" \/>\n\t<meta name=\"twitter:data1\" content=\"In stock\" \/>\n<script type=\"application\/ld+json\" class=\"yoast-schema-graph\">{\"@context\":\"https:\/\/schema.org\",\"@graph\":[{\"@type\":[\"Organization\",\"Place\",\"WholesaleStore\"],\"@id\":\"https:\/\/hotelli03.domainhotelli.fi\/~lsdoecli\/#organization\",\"name\":\"JV Tuonti Oy\",\"url\":\"https:\/\/hotelli03.domainhotelli.fi\/~lsdoecli\/\",\"sameAs\":[\"https:\/\/instagram.com\/jvtuontioy?utm_medium=copy_link\",\"https:\/\/www.facebook.com\/JVTuontiOy\"],\"logo\":{\"@id\":\"https:\/\/hotelli03.domainhotelli.fi\/~lsdoecli\/tuote\/turvavaljaat-ct-pyl-tec-2-qr\/#local-main-organization-logo\"},\"image\":{\"@id\":\"https:\/\/hotelli03.domainhotelli.fi\/~lsdoecli\/tuote\/turvavaljaat-ct-pyl-tec-2-qr\/#local-main-organization-logo\"},\"address\":{\"@id\":\"https:\/\/hotelli03.domainhotelli.fi\/~lsdoecli\/tuote\/turvavaljaat-ct-pyl-tec-2-qr\/#local-main-place-address\"},\"geo\":{\"@type\":\"GeoCoordinates\",\"latitude\":\"60.28431\",\"longitude\":\"24.81654\"},\"telephone\":[\"0408369980\"],\"openingHoursSpecification\":[{\"@type\":\"OpeningHoursSpecification\",\"dayOfWeek\":[\"Monday\",\"Tuesday\",\"Wednesday\",\"Thursday\",\"Friday\"],\"opens\":\"08:00\",\"closes\":\"16:00\"},{\"@type\":\"OpeningHoursSpecification\",\"dayOfWeek\":[\"Saturday\",\"Sunday\"],\"opens\":\"00:00\",\"closes\":\"00:00\"}],\"email\":\"myynti@hotelli03.domainhotelli.fi\",\"areaServed\":\"Suomi, Ruotsi\",\"vatID\":\"FI30178387\",\"priceRange\":\"$$\",\"currenciesAccepted\":\"\u20ac\",\"paymentAccepted\":\"Lasku, pankkikortti\"},{\"@type\":\"WebSite\",\"@id\":\"https:\/\/hotelli03.domainhotelli.fi\/~lsdoecli\/#website\",\"url\":\"https:\/\/hotelli03.domainhotelli.fi\/~lsdoecli\/\",\"name\":\"JV Tuonti\",\"description\":\"JV Tuonti Oy:n verkkokauppa\",\"publisher\":{\"@id\":\"https:\/\/hotelli03.domainhotelli.fi\/~lsdoecli\/#organization\"},\"potentialAction\":[{\"@type\":\"SearchAction\",\"target\":{\"@type\":\"EntryPoint\",\"urlTemplate\":\"https:\/\/hotelli03.domainhotelli.fi\/~lsdoecli\/?s={search_term_string}\"},\"query-input\":\"required name=search_term_string\"}],\"inLanguage\":\"fi\"},{\"@type\":\"ImageObject\",\"inLanguage\":\"fi\",\"@id\":\"https:\/\/hotelli03.domainhotelli.fi\/~lsdoecli\/tuote\/turvavaljaat-ct-pyl-tec-2-qr\/#primaryimage\",\"url\":\"https:\/\/hotelli03.domainhotelli.fi\/~lsdoecli\/wp-content\/uploads\/2021\/11\/Turvavaljaat-Pyl-Tec-2-QR.jpeg\",\"contentUrl\":\"https:\/\/hotelli03.domainhotelli.fi\/~lsdoecli\/wp-content\/uploads\/2021\/11\/Turvavaljaat-Pyl-Tec-2-QR.jpeg\",\"width\":600,\"height\":600,\"caption\":\"Turvavaljaat Pyl Tec-2 QR\"},{\"@type\":\"WebPage\",\"@id\":\"https:\/\/hotelli03.domainhotelli.fi\/~lsdoecli\/tuote\/turvavaljaat-ct-pyl-tec-2-qr\/\",\"url\":\"https:\/\/hotelli03.domainhotelli.fi\/~lsdoecli\/tuote\/turvavaljaat-ct-pyl-tec-2-qr\/\",\"name\":\"Turvavaljaat CT Pyl Tec-2 QR | JV Tuonti\",\"isPartOf\":{\"@id\":\"https:\/\/hotelli03.domainhotelli.fi\/~lsdoecli\/#website\"},\"primaryImageOfPage\":{\"@id\":\"https:\/\/hotelli03.domainhotelli.fi\/~lsdoecli\/tuote\/turvavaljaat-ct-pyl-tec-2-qr\/#primaryimage\"},\"datePublished\":\"2021-11-03T10:37:17+00:00\",\"dateModified\":\"2021-11-03T10:37:18+00:00\",\"description\":\"Eritt\u00e4in kevyet ty\u00f6asemointi- ja putoamissuojainkokovaljaat 5:ll\u00e4 kiinnityspisteell\u00e4 ja helpottavilla pikalukollisilla jalkalenkeill\u00e4.\",\"breadcrumb\":{\"@id\":\"https:\/\/hotelli03.domainhotelli.fi\/~lsdoecli\/tuote\/turvavaljaat-ct-pyl-tec-2-qr\/#breadcrumb\"},\"inLanguage\":\"fi\",\"potentialAction\":[{\"@type\":\"ReadAction\",\"target\":[\"https:\/\/hotelli03.domainhotelli.fi\/~lsdoecli\/tuote\/turvavaljaat-ct-pyl-tec-2-qr\/\"]}]},{\"@type\":\"BreadcrumbList\",\"@id\":\"https:\/\/hotelli03.domainhotelli.fi\/~lsdoecli\/tuote\/turvavaljaat-ct-pyl-tec-2-qr\/#breadcrumb\",\"itemListElement\":[{\"@type\":\"ListItem\",\"position\":1,\"name\":\"Etusivu\",\"item\":\"https:\/\/hotelli03.domainhotelli.fi\/~lsdoecli\/\"},{\"@type\":\"ListItem\",\"position\":2,\"name\":\"Kauppa\",\"item\":\"https:\/\/hotelli03.domainhotelli.fi\/~lsdoecli\/kauppa\/\"},{\"@type\":\"ListItem\",\"position\":3,\"name\":\"Turvavaljaat CT Pyl Tec-2 QR\"}]},{\"@type\":\"PostalAddress\",\"@id\":\"https:\/\/hotelli03.domainhotelli.fi\/~lsdoecli\/tuote\/turvavaljaat-ct-pyl-tec-2-qr\/#local-main-place-address\",\"streetAddress\":\"Pyymosantie 5a\",\"addressLocality\":\"Vantaa\",\"postalCode\":\"01720\",\"addressCountry\":\"FI\"},{\"@type\":\"ImageObject\",\"inLanguage\":\"fi\",\"@id\":\"https:\/\/hotelli03.domainhotelli.fi\/~lsdoecli\/tuote\/turvavaljaat-ct-pyl-tec-2-qr\/#local-main-organization-logo\",\"url\":\"https:\/\/hotelli03.domainhotelli.fi\/~lsdoecli\/wp-content\/uploads\/2021\/08\/JVTuonti_logo_nelio.jpg\",\"contentUrl\":\"https:\/\/hotelli03.domainhotelli.fi\/~lsdoecli\/wp-content\/uploads\/2021\/08\/JVTuonti_logo_nelio.jpg\",\"width\":550,\"height\":550,\"caption\":\"JV Tuonti Oy\"}]}<\/script>\n<meta property=\"product:brand\" content=\"CT\" \/>\n<meta property=\"og:availability\" content=\"instock\" \/>\n<meta property=\"product:availability\" content=\"instock\" \/>\n<meta property=\"product:condition\" content=\"new\" \/>\n<meta name=\"geo.placename\" content=\"Vantaa\" \/>\n<meta name=\"geo.position\" content=\"60.28431;24.81654\" \/>\n<meta name=\"geo.region\" content=\"Suomi\" \/>\n<!-- \/ Yoast SEO Premium plugin. -->","yoast_head_json":{"title":"Turvavaljaat CT Pyl Tec-2 QR | JV Tuonti","description":"Eritt\u00e4in kevyet ty\u00f6asemointi- ja putoamissuojainkokovaljaat 5:ll\u00e4 kiinnityspisteell\u00e4 ja helpottavilla pikalukollisilla jalkalenkeill\u00e4.","robots":{"index":"index","follow":"follow","max-snippet":"max-snippet:-1","max-image-preview":"max-image-preview:large","max-video-preview":"max-video-preview:-1"},"canonical":"https:\/\/hotelli03.domainhotelli.fi\/~lsdoecli\/tuote\/turvavaljaat-ct-pyl-tec-2-qr\/","og_locale":"fi_FI","og_type":"article","og_title":"Turvavaljaat CT Pyl Tec-2 QR","og_description":"Eritt\u00e4in kevyet ty\u00f6asemointi- ja putoamissuojainkokovaljaat 5:ll\u00e4 kiinnityspisteell\u00e4 ja helpottavilla pikalukollisilla jalkalenkeill\u00e4.","og_url":"https:\/\/hotelli03.domainhotelli.fi\/~lsdoecli\/tuote\/turvavaljaat-ct-pyl-tec-2-qr\/","og_site_name":"JV Tuonti","article_publisher":"https:\/\/www.facebook.com\/JVTuontiOy","article_modified_time":"2021-11-03T10:37:18+00:00","og_image":[{"width":600,"height":600,"url":"https:\/\/hotelli03.domainhotelli.fi\/~lsdoecli\/wp-content\/uploads\/2021\/11\/Turvavaljaat-Pyl-Tec-2-QR.jpeg","type":"image\/jpeg"}],"twitter_card":"summary_large_image","twitter_misc":{"Availability":"In stock"},"schema":{"@context":"https:\/\/schema.org","@graph":[{"@type":["Organization","Place","WholesaleStore"],"@id":"https:\/\/hotelli03.domainhotelli.fi\/~lsdoecli\/#organization","name":"JV Tuonti Oy","url":"https:\/\/hotelli03.domainhotelli.fi\/~lsdoecli\/","sameAs":["https:\/\/instagram.com\/jvtuontioy?utm_medium=copy_link","https:\/\/www.facebook.com\/JVTuontiOy"],"logo":{"@id":"https:\/\/hotelli03.domainhotelli.fi\/~lsdoecli\/tuote\/turvavaljaat-ct-pyl-tec-2-qr\/#local-main-organization-logo"},"image":{"@id":"https:\/\/hotelli03.domainhotelli.fi\/~lsdoecli\/tuote\/turvavaljaat-ct-pyl-tec-2-qr\/#local-main-organization-logo"},"address":{"@id":"https:\/\/hotelli03.domainhotelli.fi\/~lsdoecli\/tuote\/turvavaljaat-ct-pyl-tec-2-qr\/#local-main-place-address"},"geo":{"@type":"GeoCoordinates","latitude":"60.28431","longitude":"24.81654"},"telephone":["0408369980"],"openingHoursSpecification":[{"@type":"OpeningHoursSpecification","dayOfWeek":["Monday","Tuesday","Wednesday","Thursday","Friday"],"opens":"08:00","closes":"16:00"},{"@type":"OpeningHoursSpecification","dayOfWeek":["Saturday","Sunday"],"opens":"00:00","closes":"00:00"}],"email":"myynti@hotelli03.domainhotelli.fi","areaServed":"Suomi, Ruotsi","vatID":"FI30178387","priceRange":"$$","currenciesAccepted":"\u20ac","paymentAccepted":"Lasku, pankkikortti"},{"@type":"WebSite","@id":"https:\/\/hotelli03.domainhotelli.fi\/~lsdoecli\/#website","url":"https:\/\/hotelli03.domainhotelli.fi\/~lsdoecli\/","name":"JV Tuonti","description":"JV Tuonti Oy:n verkkokauppa","publisher":{"@id":"https:\/\/hotelli03.domainhotelli.fi\/~lsdoecli\/#organization"},"potentialAction":[{"@type":"SearchAction","target":{"@type":"EntryPoint","urlTemplate":"https:\/\/hotelli03.domainhotelli.fi\/~lsdoecli\/?s={search_term_string}"},"query-input":"required name=search_term_string"}],"inLanguage":"fi"},{"@type":"ImageObject","inLanguage":"fi","@id":"https:\/\/hotelli03.domainhotelli.fi\/~lsdoecli\/tuote\/turvavaljaat-ct-pyl-tec-2-qr\/#primaryimage","url":"https:\/\/hotelli03.domainhotelli.fi\/~lsdoecli\/wp-content\/uploads\/2021\/11\/Turvavaljaat-Pyl-Tec-2-QR.jpeg","contentUrl":"https:\/\/hotelli03.domainhotelli.fi\/~lsdoecli\/wp-content\/uploads\/2021\/11\/Turvavaljaat-Pyl-Tec-2-QR.jpeg","width":600,"height":600,"caption":"Turvavaljaat Pyl Tec-2 QR"},{"@type":"WebPage","@id":"https:\/\/hotelli03.domainhotelli.fi\/~lsdoecli\/tuote\/turvavaljaat-ct-pyl-tec-2-qr\/","url":"https:\/\/hotelli03.domainhotelli.fi\/~lsdoecli\/tuote\/turvavaljaat-ct-pyl-tec-2-qr\/","name":"Turvavaljaat CT Pyl Tec-2 QR | JV Tuonti","isPartOf":{"@id":"https:\/\/hotelli03.domainhotelli.fi\/~lsdoecli\/#website"},"primaryImageOfPage":{"@id":"https:\/\/hotelli03.domainhotelli.fi\/~lsdoecli\/tuote\/turvavaljaat-ct-pyl-tec-2-qr\/#primaryimage"},"datePublished":"2021-11-03T10:37:17+00:00","dateModified":"2021-11-03T10:37:18+00:00","description":"Eritt\u00e4in kevyet ty\u00f6asemointi- ja putoamissuojainkokovaljaat 5:ll\u00e4 kiinnityspisteell\u00e4 ja helpottavilla pikalukollisilla jalkalenkeill\u00e4.","breadcrumb":{"@id":"https:\/\/hotelli03.domainhotelli.fi\/~lsdoecli\/tuote\/turvavaljaat-ct-pyl-tec-2-qr\/#breadcrumb"},"inLanguage":"fi","potentialAction":[{"@type":"ReadAction","target":["https:\/\/hotelli03.domainhotelli.fi\/~lsdoecli\/tuote\/turvavaljaat-ct-pyl-tec-2-qr\/"]}]},{"@type":"BreadcrumbList","@id":"https:\/\/hotelli03.domainhotelli.fi\/~lsdoecli\/tuote\/turvavaljaat-ct-pyl-tec-2-qr\/#breadcrumb","itemListElement":[{"@type":"ListItem","position":1,"name":"Etusivu","item":"https:\/\/hotelli03.domainhotelli.fi\/~lsdoecli\/"},{"@type":"ListItem","position":2,"name":"Kauppa","item":"https:\/\/hotelli03.domainhotelli.fi\/~lsdoecli\/kauppa\/"},{"@type":"ListItem","position":3,"name":"Turvavaljaat CT Pyl Tec-2 QR"}]},{"@type":"PostalAddress","@id":"https:\/\/hotelli03.domainhotelli.fi\/~lsdoecli\/tuote\/turvavaljaat-ct-pyl-tec-2-qr\/#local-main-place-address","streetAddress":"Pyymosantie 5a","addressLocality":"Vantaa","postalCode":"01720","addressCountry":"FI"},{"@type":"ImageObject","inLanguage":"fi","@id":"https:\/\/hotelli03.domainhotelli.fi\/~lsdoecli\/tuote\/turvavaljaat-ct-pyl-tec-2-qr\/#local-main-organization-logo","url":"https:\/\/hotelli03.domainhotelli.fi\/~lsdoecli\/wp-content\/uploads\/2021\/08\/JVTuonti_logo_nelio.jpg","contentUrl":"https:\/\/hotelli03.domainhotelli.fi\/~lsdoecli\/wp-content\/uploads\/2021\/08\/JVTuonti_logo_nelio.jpg","width":550,"height":550,"caption":"JV Tuonti Oy"}]},"product_brand":"CT","og_availability":"instock","product_availability":"instock","product_condition":"new","geo.placename":"Vantaa","geo.position":{"lat":"60.28431","long":"24.81654"},"geo.region":"Suomi"},"_links":{"self":[{"href":"https:\/\/hotelli03.domainhotelli.fi\/~lsdoecli\/wp-json\/wp\/v2\/product\/8287"}],"collection":[{"href":"https:\/\/hotelli03.domainhotelli.fi\/~lsdoecli\/wp-json\/wp\/v2\/product"}],"about":[{"href":"https:\/\/hotelli03.domainhotelli.fi\/~lsdoecli\/wp-json\/wp\/v2\/types\/product"}],"replies":[{"embeddable":true,"href":"https:\/\/hotelli03.domainhotelli.fi\/~lsdoecli\/wp-json\/wp\/v2\/comments?post=8287"}],"wp:featuredmedia":[{"embeddable":true,"href":"https:\/\/hotelli03.domainhotelli.fi\/~lsdoecli\/wp-json\/wp\/v2\/media\/8291"}],"wp:attachment":[{"href":"https:\/\/hotelli03.domainhotelli.fi\/~lsdoecli\/wp-json\/wp\/v2\/media?parent=8287"}],"wp:term":[{"taxonomy":"product_cat","embeddable":true,"href":"https:\/\/hotelli03.domainhotelli.fi\/~lsdoecli\/wp-json\/wp\/v2\/product_cat?post=8287"},{"taxonomy":"product_tag","embeddable":true,"href":"https:\/\/hotelli03.domainhotelli.fi\/~lsdoecli\/wp-json\/wp\/v2\/product_tag?post=8287"}],"curies":[{"name":"wp","href":"https:\/\/api.w.org\/{rel}","templated":true}]}}