{"id":8278,"date":"2021-11-03T10:04:53","date_gmt":"2021-11-03T10:04:53","guid":{"rendered":"https:\/\/hotelli03.domainhotelli.fi\/~lsdoecli\/?post_type=product&#038;p=8278"},"modified":"2021-11-03T10:04:53","modified_gmt":"2021-11-03T10:04:53","slug":"turvavaljaat-work-tec-140","status":"publish","type":"product","link":"https:\/\/hotelli03.domainhotelli.fi\/~lsdoecli\/tuote\/turvavaljaat-work-tec-140\/","title":{"rendered":"Turvavaljaat Work Tec 140"},"content":{"rendered":"<h2>Kevyet, helppok\u00e4ytt\u00f6iset ja laajoilla s\u00e4\u00e4d\u00f6ill\u00e4 varustetut putoamissuojainkokovaljaat pikasoljellisilla jalkalenkeill\u00e4 ja pikasoljellisella etukiinnityksell\u00e4.<\/h2>\n<p>Turvavaljaat Work Tec 140 olkaviilekkeiss\u00e4 on kiinnityspisteet liitosk\u00f6yden p\u00e4ille kun k\u00f6yden haara ei ole k\u00e4yt\u00f6ss\u00e4. Voidaan laajentaa ty\u00f6asemointivaljaiksi lis\u00e4varusteena saatavalla Waist Tec vy\u00f6ll\u00e4.<\/p>\n<p>Helposti k\u00e4sineetkin k\u00e4dess\u00e4 k\u00e4ytett\u00e4viss\u00e4 pikasoljissa turvaindikaattori n\u00e4ytt\u00e4\u00e4 lukituksen tilan. Pehmustettuje ja hengitt\u00e4vien olkaviilekkeiden muotoilu ehk\u00e4isee kaulan hiertymist\u00e4 ja n\u00e4m\u00e4 p\u00e4\u00e4ll\u00e4 on mukavaa tehd\u00e4 t\u00f6it\u00e4.<\/p>\n<h4>Turvavaljaat Work Tec 140 on moderni malli, joka soveltuu yleisk\u00e4ytt\u00f6\u00f6n putoamisvaarallisiin olosuhteisiin:<\/h4>\n<p>Katolle, nostokority\u00f6skentelyyn, rakennusty\u00f6maalle yms. ty\u00f6h\u00f6n miss\u00e4 halutaan ennaltaehk\u00e4ist\u00e4 tai pys\u00e4ytt\u00e4\u00e4 putoaminen.<\/p>\n<h4>V\u00e4rikoodattu pukemisen nopeuttamiseksi:<\/h4>\n<p>Yl\u00e4osa on oranssi ja alaosa musta. Yl\u00e4osan pehmustealueet pit\u00e4v\u00e4t valjaan muodossaan, jonka ansiosta pukeminen on yht\u00e4 helppoa kuin liivimallisilla valjailla, mutta rakenne on huomattavasti hengitt\u00e4v\u00e4mpi.<\/p>\n<h4>Kaksi putoamisen pys\u00e4ytt\u00e4v\u00e4n j\u00e4rjestelm\u00e4n kiinnityspistett\u00e4:<\/h4>\n<p>Ter\u00e4slenkki sel\u00e4ss\u00e4 ja alumiinilenkki rinnassa. Rintapiste pysyy l\u00e4hell\u00e4 kehoa toimien hyvin my\u00f6s esim. tikasvaunukiinnityksess\u00e4. Tilavat varustelenkit molemmilla puolilla. Valjaita voi pit\u00e4\u00e4 k\u00e4velt\u00e4ess\u00e4 tai autoa ajaessa p\u00e4\u00e4ll\u00e4 ilman sulkurengasta. Olkahihnoissa automaattisesti lukkiutuvat soljet.<\/p>\n<h4>Turvavaljaat Work Tec 140 tekniset tiedot:<\/h4>\n<ul>\n<li>T\u00e4ytt\u00e4\u00e4 Euroopan CE EN361 standardin vaatimukset (my\u00f6s EN358 kun varustettuna Waist Tec vy\u00f6ll\u00e4).<\/li>\n<li>Materiaalit: Kuituosat polyesteri ja nylon, s\u00e4\u00e4t\u00f6soljet ter\u00e4s, selk\u00e4kiinnityspiste ter\u00e4s ja alumiini.<\/li>\n<li>Maksimielinik\u00e4: 12 vuotta (=2 vuotta varastointia + 10 vuotta k\u00e4ytt\u00f6\u00e4).<\/li>\n<li>Materiaali- ja valmistusvirhetakuu 3 vuotta.<\/li>\n<\/ul>\n<p>&nbsp;<\/p>\n<h4>Saatavilla kaksi kokoa:<\/h4>\n<p>S-M: Lantion ymp\u00e4rysmitta: 60-105 cm. Jalkalenkkien pituus: 50-70 cm. K\u00e4ytt\u00e4j\u00e4n pituus: 160-185 cm. Paino: 900 g.<br \/>\nL-XL: Lantion ymp\u00e4rysmitta: 75-125 cm. Jalkalenkkien pituus: 60-80 cm. K\u00e4ytt\u00e4j\u00e4n pituus: 170-195 cm. Paino: 950 g.<\/p>\n<p>&nbsp;<\/p>\n<p><a href=\"https:\/\/hotelli03.domainhotelli.fi\/~lsdoecli\/tuote-osasto\/putoamissuojaimet\/\">Katso my\u00f6s muut putoamissuojaimet t\u00e4st\u00e4!\u00a0<\/a><\/p>\n<p>&nbsp;<\/p>\n<p>Maahantuoja: <a href=\"https:\/\/www.vandernet.com\">Vandernet Oy<\/a><\/p>\n","protected":false},"excerpt":{"rendered":"<h4>Kevyet, helppok\u00e4ytt\u00f6iset ja laajoilla s\u00e4\u00e4d\u00f6ill\u00e4 varustetut putoamissuojainkokovaljaat pikasoljellisilla jalkalenkeill\u00e4 ja pikasoljellisella etukiinnityksell\u00e4.<\/h4>\n<p>Helposti k\u00e4sineetkin k\u00e4dess\u00e4 k\u00e4ytett\u00e4viss\u00e4 pikasoljissa turvaindikaattori n\u00e4ytt\u00e4\u00e4 lukituksen tilan. Pehmustettuje ja hengitt\u00e4vien olkaviilekkeiden muotoilu ehk\u00e4isee kaulan hiertymist\u00e4 ja n\u00e4m\u00e4 p\u00e4\u00e4ll\u00e4 on mukavaa tehd\u00e4 t\u00f6it\u00e4.<\/p>\n","protected":false},"featured_media":8281,"comment_status":"open","ping_status":"closed","template":"","meta":[],"product_cat":[460],"product_tag":[915,575,462,912,461,914],"yoast_head":"<!-- This site is optimized with the Yoast SEO Premium plugin v18.9 (Yoast SEO v19.3) - https:\/\/yoast.com\/wordpress\/plugins\/seo\/ -->\n<title>Turvavaljaat Work Tec 140 | JV Tuonti<\/title>\n<meta name=\"description\" content=\"Turvavaljaat Work Tec 140 ovat kevyet, helppok\u00e4ytt\u00f6iset ja laajoilla s\u00e4\u00e4d\u00f6ill\u00e4 varustetut putoamissuojainkokovaljaat. Tilaa t\u00e4st\u00e4!\" \/>\n<meta name=\"robots\" content=\"index, follow, max-snippet:-1, max-image-preview:large, max-video-preview:-1\" \/>\n<link rel=\"canonical\" href=\"https:\/\/hotelli03.domainhotelli.fi\/~lsdoecli\/tuote\/turvavaljaat-work-tec-140\/\" \/>\n<meta property=\"og:locale\" content=\"fi_FI\" \/>\n<meta property=\"og:type\" content=\"article\" \/>\n<meta property=\"og:title\" content=\"Turvavaljaat Work Tec 140\" \/>\n<meta property=\"og:description\" content=\"Turvavaljaat Work Tec 140 ovat kevyet, helppok\u00e4ytt\u00f6iset ja laajoilla s\u00e4\u00e4d\u00f6ill\u00e4 varustetut putoamissuojainkokovaljaat. Tilaa t\u00e4st\u00e4!\" \/>\n<meta property=\"og:url\" content=\"https:\/\/hotelli03.domainhotelli.fi\/~lsdoecli\/tuote\/turvavaljaat-work-tec-140\/\" \/>\n<meta property=\"og:site_name\" content=\"JV Tuonti\" \/>\n<meta property=\"article:publisher\" content=\"https:\/\/www.facebook.com\/JVTuontiOy\" \/>\n<meta property=\"og:image\" content=\"https:\/\/hotelli03.domainhotelli.fi\/~lsdoecli\/wp-content\/uploads\/2021\/11\/Turvavaljaat-Work-Tec-140.jpeg\" \/>\n\t<meta property=\"og:image:width\" content=\"600\" \/>\n\t<meta property=\"og:image:height\" content=\"600\" \/>\n\t<meta property=\"og:image:type\" content=\"image\/jpeg\" \/>\n<meta name=\"twitter:card\" content=\"summary_large_image\" \/>\n<meta name=\"twitter:label1\" content=\"Availability\" \/>\n\t<meta name=\"twitter:data1\" content=\"In stock\" \/>\n<script type=\"application\/ld+json\" class=\"yoast-schema-graph\">{\"@context\":\"https:\/\/schema.org\",\"@graph\":[{\"@type\":[\"Organization\",\"Place\",\"WholesaleStore\"],\"@id\":\"https:\/\/hotelli03.domainhotelli.fi\/~lsdoecli\/#organization\",\"name\":\"JV Tuonti Oy\",\"url\":\"https:\/\/hotelli03.domainhotelli.fi\/~lsdoecli\/\",\"sameAs\":[\"https:\/\/instagram.com\/jvtuontioy?utm_medium=copy_link\",\"https:\/\/www.facebook.com\/JVTuontiOy\"],\"logo\":{\"@id\":\"https:\/\/hotelli03.domainhotelli.fi\/~lsdoecli\/tuote\/turvavaljaat-work-tec-140\/#local-main-organization-logo\"},\"image\":{\"@id\":\"https:\/\/hotelli03.domainhotelli.fi\/~lsdoecli\/tuote\/turvavaljaat-work-tec-140\/#local-main-organization-logo\"},\"address\":{\"@id\":\"https:\/\/hotelli03.domainhotelli.fi\/~lsdoecli\/tuote\/turvavaljaat-work-tec-140\/#local-main-place-address\"},\"geo\":{\"@type\":\"GeoCoordinates\",\"latitude\":\"60.28431\",\"longitude\":\"24.81654\"},\"telephone\":[\"0408369980\"],\"openingHoursSpecification\":[{\"@type\":\"OpeningHoursSpecification\",\"dayOfWeek\":[\"Monday\",\"Tuesday\",\"Wednesday\",\"Thursday\",\"Friday\"],\"opens\":\"08:00\",\"closes\":\"16:00\"},{\"@type\":\"OpeningHoursSpecification\",\"dayOfWeek\":[\"Saturday\",\"Sunday\"],\"opens\":\"00:00\",\"closes\":\"00:00\"}],\"email\":\"myynti@hotelli03.domainhotelli.fi\",\"areaServed\":\"Suomi, Ruotsi\",\"vatID\":\"FI30178387\",\"priceRange\":\"$$\",\"currenciesAccepted\":\"\u20ac\",\"paymentAccepted\":\"Lasku, pankkikortti\"},{\"@type\":\"WebSite\",\"@id\":\"https:\/\/hotelli03.domainhotelli.fi\/~lsdoecli\/#website\",\"url\":\"https:\/\/hotelli03.domainhotelli.fi\/~lsdoecli\/\",\"name\":\"JV Tuonti\",\"description\":\"JV Tuonti Oy:n verkkokauppa\",\"publisher\":{\"@id\":\"https:\/\/hotelli03.domainhotelli.fi\/~lsdoecli\/#organization\"},\"potentialAction\":[{\"@type\":\"SearchAction\",\"target\":{\"@type\":\"EntryPoint\",\"urlTemplate\":\"https:\/\/hotelli03.domainhotelli.fi\/~lsdoecli\/?s={search_term_string}\"},\"query-input\":\"required name=search_term_string\"}],\"inLanguage\":\"fi\"},{\"@type\":\"ImageObject\",\"inLanguage\":\"fi\",\"@id\":\"https:\/\/hotelli03.domainhotelli.fi\/~lsdoecli\/tuote\/turvavaljaat-work-tec-140\/#primaryimage\",\"url\":\"https:\/\/hotelli03.domainhotelli.fi\/~lsdoecli\/wp-content\/uploads\/2021\/11\/Turvavaljaat-Work-Tec-140.jpeg\",\"contentUrl\":\"https:\/\/hotelli03.domainhotelli.fi\/~lsdoecli\/wp-content\/uploads\/2021\/11\/Turvavaljaat-Work-Tec-140.jpeg\",\"width\":600,\"height\":600,\"caption\":\"Turvavaljaat Work Tec 140\"},{\"@type\":\"WebPage\",\"@id\":\"https:\/\/hotelli03.domainhotelli.fi\/~lsdoecli\/tuote\/turvavaljaat-work-tec-140\/\",\"url\":\"https:\/\/hotelli03.domainhotelli.fi\/~lsdoecli\/tuote\/turvavaljaat-work-tec-140\/\",\"name\":\"Turvavaljaat Work Tec 140 | JV Tuonti\",\"isPartOf\":{\"@id\":\"https:\/\/hotelli03.domainhotelli.fi\/~lsdoecli\/#website\"},\"primaryImageOfPage\":{\"@id\":\"https:\/\/hotelli03.domainhotelli.fi\/~lsdoecli\/tuote\/turvavaljaat-work-tec-140\/#primaryimage\"},\"datePublished\":\"2021-11-03T10:04:53+00:00\",\"dateModified\":\"2021-11-03T10:04:53+00:00\",\"description\":\"Turvavaljaat Work Tec 140 ovat kevyet, helppok\u00e4ytt\u00f6iset ja laajoilla s\u00e4\u00e4d\u00f6ill\u00e4 varustetut putoamissuojainkokovaljaat. Tilaa t\u00e4st\u00e4!\",\"breadcrumb\":{\"@id\":\"https:\/\/hotelli03.domainhotelli.fi\/~lsdoecli\/tuote\/turvavaljaat-work-tec-140\/#breadcrumb\"},\"inLanguage\":\"fi\",\"potentialAction\":[{\"@type\":\"ReadAction\",\"target\":[\"https:\/\/hotelli03.domainhotelli.fi\/~lsdoecli\/tuote\/turvavaljaat-work-tec-140\/\"]}]},{\"@type\":\"BreadcrumbList\",\"@id\":\"https:\/\/hotelli03.domainhotelli.fi\/~lsdoecli\/tuote\/turvavaljaat-work-tec-140\/#breadcrumb\",\"itemListElement\":[{\"@type\":\"ListItem\",\"position\":1,\"name\":\"Etusivu\",\"item\":\"https:\/\/hotelli03.domainhotelli.fi\/~lsdoecli\/\"},{\"@type\":\"ListItem\",\"position\":2,\"name\":\"Kauppa\",\"item\":\"https:\/\/hotelli03.domainhotelli.fi\/~lsdoecli\/kauppa\/\"},{\"@type\":\"ListItem\",\"position\":3,\"name\":\"Turvavaljaat Work Tec 140\"}]},{\"@type\":\"PostalAddress\",\"@id\":\"https:\/\/hotelli03.domainhotelli.fi\/~lsdoecli\/tuote\/turvavaljaat-work-tec-140\/#local-main-place-address\",\"streetAddress\":\"Pyymosantie 5a\",\"addressLocality\":\"Vantaa\",\"postalCode\":\"01720\",\"addressCountry\":\"FI\"},{\"@type\":\"ImageObject\",\"inLanguage\":\"fi\",\"@id\":\"https:\/\/hotelli03.domainhotelli.fi\/~lsdoecli\/tuote\/turvavaljaat-work-tec-140\/#local-main-organization-logo\",\"url\":\"https:\/\/hotelli03.domainhotelli.fi\/~lsdoecli\/wp-content\/uploads\/2021\/08\/JVTuonti_logo_nelio.jpg\",\"contentUrl\":\"https:\/\/hotelli03.domainhotelli.fi\/~lsdoecli\/wp-content\/uploads\/2021\/08\/JVTuonti_logo_nelio.jpg\",\"width\":550,\"height\":550,\"caption\":\"JV Tuonti Oy\"}]}<\/script>\n<meta property=\"product:brand\" content=\"CT\" \/>\n<meta property=\"og:availability\" content=\"instock\" \/>\n<meta property=\"product:availability\" content=\"instock\" \/>\n<meta property=\"product:condition\" content=\"new\" \/>\n<meta name=\"geo.placename\" content=\"Vantaa\" \/>\n<meta name=\"geo.position\" content=\"60.28431;24.81654\" \/>\n<meta name=\"geo.region\" content=\"Suomi\" \/>\n<!-- \/ Yoast SEO Premium plugin. -->","yoast_head_json":{"title":"Turvavaljaat Work Tec 140 | JV Tuonti","description":"Turvavaljaat Work Tec 140 ovat kevyet, helppok\u00e4ytt\u00f6iset ja laajoilla s\u00e4\u00e4d\u00f6ill\u00e4 varustetut putoamissuojainkokovaljaat. Tilaa t\u00e4st\u00e4!","robots":{"index":"index","follow":"follow","max-snippet":"max-snippet:-1","max-image-preview":"max-image-preview:large","max-video-preview":"max-video-preview:-1"},"canonical":"https:\/\/hotelli03.domainhotelli.fi\/~lsdoecli\/tuote\/turvavaljaat-work-tec-140\/","og_locale":"fi_FI","og_type":"article","og_title":"Turvavaljaat Work Tec 140","og_description":"Turvavaljaat Work Tec 140 ovat kevyet, helppok\u00e4ytt\u00f6iset ja laajoilla s\u00e4\u00e4d\u00f6ill\u00e4 varustetut putoamissuojainkokovaljaat. Tilaa t\u00e4st\u00e4!","og_url":"https:\/\/hotelli03.domainhotelli.fi\/~lsdoecli\/tuote\/turvavaljaat-work-tec-140\/","og_site_name":"JV Tuonti","article_publisher":"https:\/\/www.facebook.com\/JVTuontiOy","og_image":[{"width":600,"height":600,"url":"https:\/\/hotelli03.domainhotelli.fi\/~lsdoecli\/wp-content\/uploads\/2021\/11\/Turvavaljaat-Work-Tec-140.jpeg","type":"image\/jpeg"}],"twitter_card":"summary_large_image","twitter_misc":{"Availability":"In stock"},"schema":{"@context":"https:\/\/schema.org","@graph":[{"@type":["Organization","Place","WholesaleStore"],"@id":"https:\/\/hotelli03.domainhotelli.fi\/~lsdoecli\/#organization","name":"JV Tuonti Oy","url":"https:\/\/hotelli03.domainhotelli.fi\/~lsdoecli\/","sameAs":["https:\/\/instagram.com\/jvtuontioy?utm_medium=copy_link","https:\/\/www.facebook.com\/JVTuontiOy"],"logo":{"@id":"https:\/\/hotelli03.domainhotelli.fi\/~lsdoecli\/tuote\/turvavaljaat-work-tec-140\/#local-main-organization-logo"},"image":{"@id":"https:\/\/hotelli03.domainhotelli.fi\/~lsdoecli\/tuote\/turvavaljaat-work-tec-140\/#local-main-organization-logo"},"address":{"@id":"https:\/\/hotelli03.domainhotelli.fi\/~lsdoecli\/tuote\/turvavaljaat-work-tec-140\/#local-main-place-address"},"geo":{"@type":"GeoCoordinates","latitude":"60.28431","longitude":"24.81654"},"telephone":["0408369980"],"openingHoursSpecification":[{"@type":"OpeningHoursSpecification","dayOfWeek":["Monday","Tuesday","Wednesday","Thursday","Friday"],"opens":"08:00","closes":"16:00"},{"@type":"OpeningHoursSpecification","dayOfWeek":["Saturday","Sunday"],"opens":"00:00","closes":"00:00"}],"email":"myynti@hotelli03.domainhotelli.fi","areaServed":"Suomi, Ruotsi","vatID":"FI30178387","priceRange":"$$","currenciesAccepted":"\u20ac","paymentAccepted":"Lasku, pankkikortti"},{"@type":"WebSite","@id":"https:\/\/hotelli03.domainhotelli.fi\/~lsdoecli\/#website","url":"https:\/\/hotelli03.domainhotelli.fi\/~lsdoecli\/","name":"JV Tuonti","description":"JV Tuonti Oy:n verkkokauppa","publisher":{"@id":"https:\/\/hotelli03.domainhotelli.fi\/~lsdoecli\/#organization"},"potentialAction":[{"@type":"SearchAction","target":{"@type":"EntryPoint","urlTemplate":"https:\/\/hotelli03.domainhotelli.fi\/~lsdoecli\/?s={search_term_string}"},"query-input":"required name=search_term_string"}],"inLanguage":"fi"},{"@type":"ImageObject","inLanguage":"fi","@id":"https:\/\/hotelli03.domainhotelli.fi\/~lsdoecli\/tuote\/turvavaljaat-work-tec-140\/#primaryimage","url":"https:\/\/hotelli03.domainhotelli.fi\/~lsdoecli\/wp-content\/uploads\/2021\/11\/Turvavaljaat-Work-Tec-140.jpeg","contentUrl":"https:\/\/hotelli03.domainhotelli.fi\/~lsdoecli\/wp-content\/uploads\/2021\/11\/Turvavaljaat-Work-Tec-140.jpeg","width":600,"height":600,"caption":"Turvavaljaat Work Tec 140"},{"@type":"WebPage","@id":"https:\/\/hotelli03.domainhotelli.fi\/~lsdoecli\/tuote\/turvavaljaat-work-tec-140\/","url":"https:\/\/hotelli03.domainhotelli.fi\/~lsdoecli\/tuote\/turvavaljaat-work-tec-140\/","name":"Turvavaljaat Work Tec 140 | JV Tuonti","isPartOf":{"@id":"https:\/\/hotelli03.domainhotelli.fi\/~lsdoecli\/#website"},"primaryImageOfPage":{"@id":"https:\/\/hotelli03.domainhotelli.fi\/~lsdoecli\/tuote\/turvavaljaat-work-tec-140\/#primaryimage"},"datePublished":"2021-11-03T10:04:53+00:00","dateModified":"2021-11-03T10:04:53+00:00","description":"Turvavaljaat Work Tec 140 ovat kevyet, helppok\u00e4ytt\u00f6iset ja laajoilla s\u00e4\u00e4d\u00f6ill\u00e4 varustetut putoamissuojainkokovaljaat. Tilaa t\u00e4st\u00e4!","breadcrumb":{"@id":"https:\/\/hotelli03.domainhotelli.fi\/~lsdoecli\/tuote\/turvavaljaat-work-tec-140\/#breadcrumb"},"inLanguage":"fi","potentialAction":[{"@type":"ReadAction","target":["https:\/\/hotelli03.domainhotelli.fi\/~lsdoecli\/tuote\/turvavaljaat-work-tec-140\/"]}]},{"@type":"BreadcrumbList","@id":"https:\/\/hotelli03.domainhotelli.fi\/~lsdoecli\/tuote\/turvavaljaat-work-tec-140\/#breadcrumb","itemListElement":[{"@type":"ListItem","position":1,"name":"Etusivu","item":"https:\/\/hotelli03.domainhotelli.fi\/~lsdoecli\/"},{"@type":"ListItem","position":2,"name":"Kauppa","item":"https:\/\/hotelli03.domainhotelli.fi\/~lsdoecli\/kauppa\/"},{"@type":"ListItem","position":3,"name":"Turvavaljaat Work Tec 140"}]},{"@type":"PostalAddress","@id":"https:\/\/hotelli03.domainhotelli.fi\/~lsdoecli\/tuote\/turvavaljaat-work-tec-140\/#local-main-place-address","streetAddress":"Pyymosantie 5a","addressLocality":"Vantaa","postalCode":"01720","addressCountry":"FI"},{"@type":"ImageObject","inLanguage":"fi","@id":"https:\/\/hotelli03.domainhotelli.fi\/~lsdoecli\/tuote\/turvavaljaat-work-tec-140\/#local-main-organization-logo","url":"https:\/\/hotelli03.domainhotelli.fi\/~lsdoecli\/wp-content\/uploads\/2021\/08\/JVTuonti_logo_nelio.jpg","contentUrl":"https:\/\/hotelli03.domainhotelli.fi\/~lsdoecli\/wp-content\/uploads\/2021\/08\/JVTuonti_logo_nelio.jpg","width":550,"height":550,"caption":"JV Tuonti Oy"}]},"product_brand":"CT","og_availability":"instock","product_availability":"instock","product_condition":"new","geo.placename":"Vantaa","geo.position":{"lat":"60.28431","long":"24.81654"},"geo.region":"Suomi"},"_links":{"self":[{"href":"https:\/\/hotelli03.domainhotelli.fi\/~lsdoecli\/wp-json\/wp\/v2\/product\/8278"}],"collection":[{"href":"https:\/\/hotelli03.domainhotelli.fi\/~lsdoecli\/wp-json\/wp\/v2\/product"}],"about":[{"href":"https:\/\/hotelli03.domainhotelli.fi\/~lsdoecli\/wp-json\/wp\/v2\/types\/product"}],"replies":[{"embeddable":true,"href":"https:\/\/hotelli03.domainhotelli.fi\/~lsdoecli\/wp-json\/wp\/v2\/comments?post=8278"}],"wp:featuredmedia":[{"embeddable":true,"href":"https:\/\/hotelli03.domainhotelli.fi\/~lsdoecli\/wp-json\/wp\/v2\/media\/8281"}],"wp:attachment":[{"href":"https:\/\/hotelli03.domainhotelli.fi\/~lsdoecli\/wp-json\/wp\/v2\/media?parent=8278"}],"wp:term":[{"taxonomy":"product_cat","embeddable":true,"href":"https:\/\/hotelli03.domainhotelli.fi\/~lsdoecli\/wp-json\/wp\/v2\/product_cat?post=8278"},{"taxonomy":"product_tag","embeddable":true,"href":"https:\/\/hotelli03.domainhotelli.fi\/~lsdoecli\/wp-json\/wp\/v2\/product_tag?post=8278"}],"curies":[{"name":"wp","href":"https:\/\/api.w.org\/{rel}","templated":true}]}}