{"id":8273,"date":"2021-11-03T09:41:14","date_gmt":"2021-11-03T09:41:14","guid":{"rendered":"https:\/\/hotelli03.domainhotelli.fi\/~lsdoecli\/?post_type=product&#038;p=8273"},"modified":"2021-11-03T09:41:14","modified_gmt":"2021-11-03T09:41:14","slug":"turvavaljaat-ct-work-tec-qr","status":"publish","type":"product","link":"https:\/\/hotelli03.domainhotelli.fi\/~lsdoecli\/tuote\/turvavaljaat-ct-work-tec-qr\/","title":{"rendered":"Turvavaljaat CT Work Tec QR"},"content":{"rendered":"<h2>Eritt\u00e4in kevyet, helppok\u00e4ytt\u00f6iset ja laajoilla s\u00e4\u00e4d\u00f6ill\u00e4 varustetut putoamissuojainkokovaljaat pikasoljellisilla jalkalenkeill\u00e4.<\/h2>\n<p>Turvavaljaat CT Work Tec QR ovat varustettu pikasoljilla joissa on turvaindikaattori joka n\u00e4ytt\u00e4\u00e4 lukituksen tilan mink\u00e4 k\u00e4ytt\u00e4minen k\u00e4sineetkin k\u00e4dess\u00e4 on helppoa.\u00a0Pehmustettujen ja hengitt\u00e4vien olkaviilekkeiden ja lantiotuen ansiosta n\u00e4m\u00e4 p\u00e4\u00e4ll\u00e4 on mukavaa tehd\u00e4 t\u00f6it\u00e4.<\/p>\n<h4>Turvavaljaat CT Work Tec QR on moderni malli, joka soveltuu yleisk\u00e4ytt\u00f6\u00f6n putoamisvaarallisiin olosuhteisiin:<\/h4>\n<p>Katolle, nostokority\u00f6skentelyyn, rakennusty\u00f6maalle yms. ty\u00f6h\u00f6n miss\u00e4 halutaan ennaltaehk\u00e4ist\u00e4 tai pys\u00e4ytt\u00e4\u00e4 putoaminen.<\/p>\n<h4>V\u00e4rikoodatut jalkalenkit pukemisen nopeuttamiseksi:<\/h4>\n<p>Oikea on oranssi ja vasen on musta. Lis\u00e4ksi yl\u00e4osan pehmustealueet pit\u00e4v\u00e4t valjaan muodossaan, jonka ansiosta pukeminen on yht\u00e4 helppoa kuin liivimallisilla valjailla, mutta rakenne pon huomattavasti hengitt\u00e4v\u00e4mpi.<\/p>\n<h4>Kaksi putoamisen pys\u00e4ytt\u00e4v\u00e4n j\u00e4rjestelm\u00e4n kiinnityspistett\u00e4:<\/h4>\n<p>Metallilenkki sel\u00e4ss\u00e4 ja vahvistettu tekstiililenkki rinnassa. Tilavat varustelenkit molemmilla puolilla. Rinnassa innovatiivinen sulkuhihna Twist-soljella. Valjaita voi pit\u00e4\u00e4 k\u00e4velt\u00e4ess\u00e4 tai autoa ajaessa p\u00e4\u00e4ll\u00e4 ilman sulkurengasta. Olkahihnoissa automaattisesti lukkiutuvat soljet.<\/p>\n<h4>Turvavaljaat CT Work Tec QR tekniset tiedot:<\/h4>\n<ul>\n<li>T\u00e4ytt\u00e4\u00e4 Euroopan CE EN361 standardin vaatimukset.<\/li>\n<li>Materiaalit: Kuituosat polyesteri ja nylon, s\u00e4\u00e4t\u00f6soljet ter\u00e4s, selk\u00e4kiinnityspiste ter\u00e4s.<\/li>\n<li>Maksimielinik\u00e4: 12 vuotta (=2 vuotta varastointia + 10 vuotta k\u00e4ytt\u00f6\u00e4).<\/li>\n<li>Materiaali- ja valmistusvirhetakuu 3 vuotta.<\/li>\n<\/ul>\n<h4>Turvavaljaat CT Work Tec QR saatavilla kaksi kokoa:<\/h4>\n<p>S-M: Lantion ymp\u00e4rysmitta: 60-105 cm. Jalkalenkkien pituus: 50-70 cm. K\u00e4ytt\u00e4j\u00e4n pituus: 160-185 cm. Paino: 900 g.<br \/>\nL-XL: Lantion ymp\u00e4rysmitta: 75-125 cm. Jalkalenkkien pituus: 60-80 cm. K\u00e4ytt\u00e4j\u00e4n pituus: 170-195 cm. Paino: 950 g.<\/p>\n<p>&nbsp;<\/p>\n<p>&nbsp;<\/p>\n<p><a href=\"https:\/\/hotelli03.domainhotelli.fi\/~lsdoecli\/tuote-osasto\/putoamissuojaimet\/\">Katso my\u00f6s muut putoamissuojaimet t\u00e4st\u00e4!\u00a0<\/a><\/p>\n<p>&nbsp;<\/p>\n<p>Maahantuoja: <a href=\"https:\/\/www.vandernet.com\">Vandernet Oy<\/a><\/p>\n","protected":false},"excerpt":{"rendered":"<h4>Eritt\u00e4in kevyet, helppok\u00e4ytt\u00f6iset ja laajoilla s\u00e4\u00e4d\u00f6ill\u00e4 varustetut putoamissuojainkokovaljaat pikasoljellisilla jalkalenkeill\u00e4.<\/h4>\n<p>Helposti k\u00e4sineetkin k\u00e4dess\u00e4 k\u00e4ytett\u00e4viss\u00e4 pikasoljissa turvaindikaattori n\u00e4ytt\u00e4\u00e4 lukituksen tilan. Pehmustettujen ja hengitt\u00e4vien olkaviilekkeiden ja lantiotuen ansiosta n\u00e4m\u00e4 p\u00e4\u00e4ll\u00e4 on mukavaa tehd\u00e4 t\u00f6it\u00e4.<\/p>\n","protected":false},"featured_media":8274,"comment_status":"open","ping_status":"closed","template":"","meta":[],"product_cat":[460],"product_tag":[915,462,912,461,914],"yoast_head":"<!-- This site is optimized with the Yoast SEO Premium plugin v18.9 (Yoast SEO v19.3) - https:\/\/yoast.com\/wordpress\/plugins\/seo\/ -->\n<title>Turvavaljaat CT Work Tec QR | JV Tuonti<\/title>\n<meta name=\"description\" content=\"Turvavaljaat CT Work Tec QR ovat eritt\u00e4in kevyet, helppok\u00e4ytt\u00f6iset ja laajoilla s\u00e4\u00e4d\u00f6ill\u00e4 varustetut putoamissuojainkokovaljaat.\" \/>\n<meta name=\"robots\" content=\"index, follow, max-snippet:-1, max-image-preview:large, max-video-preview:-1\" \/>\n<link rel=\"canonical\" href=\"https:\/\/hotelli03.domainhotelli.fi\/~lsdoecli\/tuote\/turvavaljaat-ct-work-tec-qr\/\" \/>\n<meta property=\"og:locale\" content=\"fi_FI\" \/>\n<meta property=\"og:type\" content=\"article\" \/>\n<meta property=\"og:title\" content=\"Turvavaljaat CT Work Tec QR\" \/>\n<meta property=\"og:description\" content=\"Turvavaljaat CT Work Tec QR ovat eritt\u00e4in kevyet, helppok\u00e4ytt\u00f6iset ja laajoilla s\u00e4\u00e4d\u00f6ill\u00e4 varustetut putoamissuojainkokovaljaat.\" \/>\n<meta property=\"og:url\" content=\"https:\/\/hotelli03.domainhotelli.fi\/~lsdoecli\/tuote\/turvavaljaat-ct-work-tec-qr\/\" \/>\n<meta property=\"og:site_name\" content=\"JV Tuonti\" \/>\n<meta property=\"article:publisher\" content=\"https:\/\/www.facebook.com\/JVTuontiOy\" \/>\n<meta property=\"og:image\" content=\"https:\/\/hotelli03.domainhotelli.fi\/~lsdoecli\/wp-content\/uploads\/2021\/11\/Turvavaljaat-CT-Work-Tec-QR.jpeg\" \/>\n\t<meta property=\"og:image:width\" content=\"600\" \/>\n\t<meta property=\"og:image:height\" content=\"600\" \/>\n\t<meta property=\"og:image:type\" content=\"image\/jpeg\" \/>\n<meta name=\"twitter:card\" content=\"summary_large_image\" \/>\n<meta name=\"twitter:label1\" content=\"Availability\" \/>\n\t<meta name=\"twitter:data1\" content=\"In stock\" \/>\n<script type=\"application\/ld+json\" class=\"yoast-schema-graph\">{\"@context\":\"https:\/\/schema.org\",\"@graph\":[{\"@type\":[\"Organization\",\"Place\",\"WholesaleStore\"],\"@id\":\"https:\/\/hotelli03.domainhotelli.fi\/~lsdoecli\/#organization\",\"name\":\"JV Tuonti Oy\",\"url\":\"https:\/\/hotelli03.domainhotelli.fi\/~lsdoecli\/\",\"sameAs\":[\"https:\/\/instagram.com\/jvtuontioy?utm_medium=copy_link\",\"https:\/\/www.facebook.com\/JVTuontiOy\"],\"logo\":{\"@id\":\"https:\/\/hotelli03.domainhotelli.fi\/~lsdoecli\/tuote\/turvavaljaat-ct-work-tec-qr\/#local-main-organization-logo\"},\"image\":{\"@id\":\"https:\/\/hotelli03.domainhotelli.fi\/~lsdoecli\/tuote\/turvavaljaat-ct-work-tec-qr\/#local-main-organization-logo\"},\"address\":{\"@id\":\"https:\/\/hotelli03.domainhotelli.fi\/~lsdoecli\/tuote\/turvavaljaat-ct-work-tec-qr\/#local-main-place-address\"},\"geo\":{\"@type\":\"GeoCoordinates\",\"latitude\":\"60.28431\",\"longitude\":\"24.81654\"},\"telephone\":[\"0408369980\"],\"openingHoursSpecification\":[{\"@type\":\"OpeningHoursSpecification\",\"dayOfWeek\":[\"Monday\",\"Tuesday\",\"Wednesday\",\"Thursday\",\"Friday\"],\"opens\":\"08:00\",\"closes\":\"16:00\"},{\"@type\":\"OpeningHoursSpecification\",\"dayOfWeek\":[\"Saturday\",\"Sunday\"],\"opens\":\"00:00\",\"closes\":\"00:00\"}],\"email\":\"myynti@hotelli03.domainhotelli.fi\",\"areaServed\":\"Suomi, Ruotsi\",\"vatID\":\"FI30178387\",\"priceRange\":\"$$\",\"currenciesAccepted\":\"\u20ac\",\"paymentAccepted\":\"Lasku, pankkikortti\"},{\"@type\":\"WebSite\",\"@id\":\"https:\/\/hotelli03.domainhotelli.fi\/~lsdoecli\/#website\",\"url\":\"https:\/\/hotelli03.domainhotelli.fi\/~lsdoecli\/\",\"name\":\"JV Tuonti\",\"description\":\"JV Tuonti Oy:n verkkokauppa\",\"publisher\":{\"@id\":\"https:\/\/hotelli03.domainhotelli.fi\/~lsdoecli\/#organization\"},\"potentialAction\":[{\"@type\":\"SearchAction\",\"target\":{\"@type\":\"EntryPoint\",\"urlTemplate\":\"https:\/\/hotelli03.domainhotelli.fi\/~lsdoecli\/?s={search_term_string}\"},\"query-input\":\"required name=search_term_string\"}],\"inLanguage\":\"fi\"},{\"@type\":\"ImageObject\",\"inLanguage\":\"fi\",\"@id\":\"https:\/\/hotelli03.domainhotelli.fi\/~lsdoecli\/tuote\/turvavaljaat-ct-work-tec-qr\/#primaryimage\",\"url\":\"https:\/\/hotelli03.domainhotelli.fi\/~lsdoecli\/wp-content\/uploads\/2021\/11\/Turvavaljaat-CT-Work-Tec-QR.jpeg\",\"contentUrl\":\"https:\/\/hotelli03.domainhotelli.fi\/~lsdoecli\/wp-content\/uploads\/2021\/11\/Turvavaljaat-CT-Work-Tec-QR.jpeg\",\"width\":600,\"height\":600,\"caption\":\"Turvavaljaat CT Work Tec QR\"},{\"@type\":\"WebPage\",\"@id\":\"https:\/\/hotelli03.domainhotelli.fi\/~lsdoecli\/tuote\/turvavaljaat-ct-work-tec-qr\/\",\"url\":\"https:\/\/hotelli03.domainhotelli.fi\/~lsdoecli\/tuote\/turvavaljaat-ct-work-tec-qr\/\",\"name\":\"Turvavaljaat CT Work Tec QR | JV Tuonti\",\"isPartOf\":{\"@id\":\"https:\/\/hotelli03.domainhotelli.fi\/~lsdoecli\/#website\"},\"primaryImageOfPage\":{\"@id\":\"https:\/\/hotelli03.domainhotelli.fi\/~lsdoecli\/tuote\/turvavaljaat-ct-work-tec-qr\/#primaryimage\"},\"datePublished\":\"2021-11-03T09:41:14+00:00\",\"dateModified\":\"2021-11-03T09:41:14+00:00\",\"description\":\"Turvavaljaat CT Work Tec QR ovat eritt\u00e4in kevyet, helppok\u00e4ytt\u00f6iset ja laajoilla s\u00e4\u00e4d\u00f6ill\u00e4 varustetut putoamissuojainkokovaljaat.\",\"breadcrumb\":{\"@id\":\"https:\/\/hotelli03.domainhotelli.fi\/~lsdoecli\/tuote\/turvavaljaat-ct-work-tec-qr\/#breadcrumb\"},\"inLanguage\":\"fi\",\"potentialAction\":[{\"@type\":\"ReadAction\",\"target\":[\"https:\/\/hotelli03.domainhotelli.fi\/~lsdoecli\/tuote\/turvavaljaat-ct-work-tec-qr\/\"]}]},{\"@type\":\"BreadcrumbList\",\"@id\":\"https:\/\/hotelli03.domainhotelli.fi\/~lsdoecli\/tuote\/turvavaljaat-ct-work-tec-qr\/#breadcrumb\",\"itemListElement\":[{\"@type\":\"ListItem\",\"position\":1,\"name\":\"Etusivu\",\"item\":\"https:\/\/hotelli03.domainhotelli.fi\/~lsdoecli\/\"},{\"@type\":\"ListItem\",\"position\":2,\"name\":\"Kauppa\",\"item\":\"https:\/\/hotelli03.domainhotelli.fi\/~lsdoecli\/kauppa\/\"},{\"@type\":\"ListItem\",\"position\":3,\"name\":\"Turvavaljaat CT Work Tec QR\"}]},{\"@type\":\"PostalAddress\",\"@id\":\"https:\/\/hotelli03.domainhotelli.fi\/~lsdoecli\/tuote\/turvavaljaat-ct-work-tec-qr\/#local-main-place-address\",\"streetAddress\":\"Pyymosantie 5a\",\"addressLocality\":\"Vantaa\",\"postalCode\":\"01720\",\"addressCountry\":\"FI\"},{\"@type\":\"ImageObject\",\"inLanguage\":\"fi\",\"@id\":\"https:\/\/hotelli03.domainhotelli.fi\/~lsdoecli\/tuote\/turvavaljaat-ct-work-tec-qr\/#local-main-organization-logo\",\"url\":\"https:\/\/hotelli03.domainhotelli.fi\/~lsdoecli\/wp-content\/uploads\/2021\/08\/JVTuonti_logo_nelio.jpg\",\"contentUrl\":\"https:\/\/hotelli03.domainhotelli.fi\/~lsdoecli\/wp-content\/uploads\/2021\/08\/JVTuonti_logo_nelio.jpg\",\"width\":550,\"height\":550,\"caption\":\"JV Tuonti Oy\"}]}<\/script>\n<meta property=\"product:brand\" content=\"CT\" \/>\n<meta property=\"og:availability\" content=\"instock\" \/>\n<meta property=\"product:availability\" content=\"instock\" \/>\n<meta property=\"product:condition\" content=\"new\" \/>\n<meta name=\"geo.placename\" content=\"Vantaa\" \/>\n<meta name=\"geo.position\" content=\"60.28431;24.81654\" \/>\n<meta name=\"geo.region\" content=\"Suomi\" \/>\n<!-- \/ Yoast SEO Premium plugin. -->","yoast_head_json":{"title":"Turvavaljaat CT Work Tec QR | JV Tuonti","description":"Turvavaljaat CT Work Tec QR ovat eritt\u00e4in kevyet, helppok\u00e4ytt\u00f6iset ja laajoilla s\u00e4\u00e4d\u00f6ill\u00e4 varustetut putoamissuojainkokovaljaat.","robots":{"index":"index","follow":"follow","max-snippet":"max-snippet:-1","max-image-preview":"max-image-preview:large","max-video-preview":"max-video-preview:-1"},"canonical":"https:\/\/hotelli03.domainhotelli.fi\/~lsdoecli\/tuote\/turvavaljaat-ct-work-tec-qr\/","og_locale":"fi_FI","og_type":"article","og_title":"Turvavaljaat CT Work Tec QR","og_description":"Turvavaljaat CT Work Tec QR ovat eritt\u00e4in kevyet, helppok\u00e4ytt\u00f6iset ja laajoilla s\u00e4\u00e4d\u00f6ill\u00e4 varustetut putoamissuojainkokovaljaat.","og_url":"https:\/\/hotelli03.domainhotelli.fi\/~lsdoecli\/tuote\/turvavaljaat-ct-work-tec-qr\/","og_site_name":"JV Tuonti","article_publisher":"https:\/\/www.facebook.com\/JVTuontiOy","og_image":[{"width":600,"height":600,"url":"https:\/\/hotelli03.domainhotelli.fi\/~lsdoecli\/wp-content\/uploads\/2021\/11\/Turvavaljaat-CT-Work-Tec-QR.jpeg","type":"image\/jpeg"}],"twitter_card":"summary_large_image","twitter_misc":{"Availability":"In stock"},"schema":{"@context":"https:\/\/schema.org","@graph":[{"@type":["Organization","Place","WholesaleStore"],"@id":"https:\/\/hotelli03.domainhotelli.fi\/~lsdoecli\/#organization","name":"JV Tuonti Oy","url":"https:\/\/hotelli03.domainhotelli.fi\/~lsdoecli\/","sameAs":["https:\/\/instagram.com\/jvtuontioy?utm_medium=copy_link","https:\/\/www.facebook.com\/JVTuontiOy"],"logo":{"@id":"https:\/\/hotelli03.domainhotelli.fi\/~lsdoecli\/tuote\/turvavaljaat-ct-work-tec-qr\/#local-main-organization-logo"},"image":{"@id":"https:\/\/hotelli03.domainhotelli.fi\/~lsdoecli\/tuote\/turvavaljaat-ct-work-tec-qr\/#local-main-organization-logo"},"address":{"@id":"https:\/\/hotelli03.domainhotelli.fi\/~lsdoecli\/tuote\/turvavaljaat-ct-work-tec-qr\/#local-main-place-address"},"geo":{"@type":"GeoCoordinates","latitude":"60.28431","longitude":"24.81654"},"telephone":["0408369980"],"openingHoursSpecification":[{"@type":"OpeningHoursSpecification","dayOfWeek":["Monday","Tuesday","Wednesday","Thursday","Friday"],"opens":"08:00","closes":"16:00"},{"@type":"OpeningHoursSpecification","dayOfWeek":["Saturday","Sunday"],"opens":"00:00","closes":"00:00"}],"email":"myynti@hotelli03.domainhotelli.fi","areaServed":"Suomi, Ruotsi","vatID":"FI30178387","priceRange":"$$","currenciesAccepted":"\u20ac","paymentAccepted":"Lasku, pankkikortti"},{"@type":"WebSite","@id":"https:\/\/hotelli03.domainhotelli.fi\/~lsdoecli\/#website","url":"https:\/\/hotelli03.domainhotelli.fi\/~lsdoecli\/","name":"JV Tuonti","description":"JV Tuonti Oy:n verkkokauppa","publisher":{"@id":"https:\/\/hotelli03.domainhotelli.fi\/~lsdoecli\/#organization"},"potentialAction":[{"@type":"SearchAction","target":{"@type":"EntryPoint","urlTemplate":"https:\/\/hotelli03.domainhotelli.fi\/~lsdoecli\/?s={search_term_string}"},"query-input":"required name=search_term_string"}],"inLanguage":"fi"},{"@type":"ImageObject","inLanguage":"fi","@id":"https:\/\/hotelli03.domainhotelli.fi\/~lsdoecli\/tuote\/turvavaljaat-ct-work-tec-qr\/#primaryimage","url":"https:\/\/hotelli03.domainhotelli.fi\/~lsdoecli\/wp-content\/uploads\/2021\/11\/Turvavaljaat-CT-Work-Tec-QR.jpeg","contentUrl":"https:\/\/hotelli03.domainhotelli.fi\/~lsdoecli\/wp-content\/uploads\/2021\/11\/Turvavaljaat-CT-Work-Tec-QR.jpeg","width":600,"height":600,"caption":"Turvavaljaat CT Work Tec QR"},{"@type":"WebPage","@id":"https:\/\/hotelli03.domainhotelli.fi\/~lsdoecli\/tuote\/turvavaljaat-ct-work-tec-qr\/","url":"https:\/\/hotelli03.domainhotelli.fi\/~lsdoecli\/tuote\/turvavaljaat-ct-work-tec-qr\/","name":"Turvavaljaat CT Work Tec QR | JV Tuonti","isPartOf":{"@id":"https:\/\/hotelli03.domainhotelli.fi\/~lsdoecli\/#website"},"primaryImageOfPage":{"@id":"https:\/\/hotelli03.domainhotelli.fi\/~lsdoecli\/tuote\/turvavaljaat-ct-work-tec-qr\/#primaryimage"},"datePublished":"2021-11-03T09:41:14+00:00","dateModified":"2021-11-03T09:41:14+00:00","description":"Turvavaljaat CT Work Tec QR ovat eritt\u00e4in kevyet, helppok\u00e4ytt\u00f6iset ja laajoilla s\u00e4\u00e4d\u00f6ill\u00e4 varustetut putoamissuojainkokovaljaat.","breadcrumb":{"@id":"https:\/\/hotelli03.domainhotelli.fi\/~lsdoecli\/tuote\/turvavaljaat-ct-work-tec-qr\/#breadcrumb"},"inLanguage":"fi","potentialAction":[{"@type":"ReadAction","target":["https:\/\/hotelli03.domainhotelli.fi\/~lsdoecli\/tuote\/turvavaljaat-ct-work-tec-qr\/"]}]},{"@type":"BreadcrumbList","@id":"https:\/\/hotelli03.domainhotelli.fi\/~lsdoecli\/tuote\/turvavaljaat-ct-work-tec-qr\/#breadcrumb","itemListElement":[{"@type":"ListItem","position":1,"name":"Etusivu","item":"https:\/\/hotelli03.domainhotelli.fi\/~lsdoecli\/"},{"@type":"ListItem","position":2,"name":"Kauppa","item":"https:\/\/hotelli03.domainhotelli.fi\/~lsdoecli\/kauppa\/"},{"@type":"ListItem","position":3,"name":"Turvavaljaat CT Work Tec QR"}]},{"@type":"PostalAddress","@id":"https:\/\/hotelli03.domainhotelli.fi\/~lsdoecli\/tuote\/turvavaljaat-ct-work-tec-qr\/#local-main-place-address","streetAddress":"Pyymosantie 5a","addressLocality":"Vantaa","postalCode":"01720","addressCountry":"FI"},{"@type":"ImageObject","inLanguage":"fi","@id":"https:\/\/hotelli03.domainhotelli.fi\/~lsdoecli\/tuote\/turvavaljaat-ct-work-tec-qr\/#local-main-organization-logo","url":"https:\/\/hotelli03.domainhotelli.fi\/~lsdoecli\/wp-content\/uploads\/2021\/08\/JVTuonti_logo_nelio.jpg","contentUrl":"https:\/\/hotelli03.domainhotelli.fi\/~lsdoecli\/wp-content\/uploads\/2021\/08\/JVTuonti_logo_nelio.jpg","width":550,"height":550,"caption":"JV Tuonti Oy"}]},"product_brand":"CT","og_availability":"instock","product_availability":"instock","product_condition":"new","geo.placename":"Vantaa","geo.position":{"lat":"60.28431","long":"24.81654"},"geo.region":"Suomi"},"_links":{"self":[{"href":"https:\/\/hotelli03.domainhotelli.fi\/~lsdoecli\/wp-json\/wp\/v2\/product\/8273"}],"collection":[{"href":"https:\/\/hotelli03.domainhotelli.fi\/~lsdoecli\/wp-json\/wp\/v2\/product"}],"about":[{"href":"https:\/\/hotelli03.domainhotelli.fi\/~lsdoecli\/wp-json\/wp\/v2\/types\/product"}],"replies":[{"embeddable":true,"href":"https:\/\/hotelli03.domainhotelli.fi\/~lsdoecli\/wp-json\/wp\/v2\/comments?post=8273"}],"wp:featuredmedia":[{"embeddable":true,"href":"https:\/\/hotelli03.domainhotelli.fi\/~lsdoecli\/wp-json\/wp\/v2\/media\/8274"}],"wp:attachment":[{"href":"https:\/\/hotelli03.domainhotelli.fi\/~lsdoecli\/wp-json\/wp\/v2\/media?parent=8273"}],"wp:term":[{"taxonomy":"product_cat","embeddable":true,"href":"https:\/\/hotelli03.domainhotelli.fi\/~lsdoecli\/wp-json\/wp\/v2\/product_cat?post=8273"},{"taxonomy":"product_tag","embeddable":true,"href":"https:\/\/hotelli03.domainhotelli.fi\/~lsdoecli\/wp-json\/wp\/v2\/product_tag?post=8273"}],"curies":[{"name":"wp","href":"https:\/\/api.w.org\/{rel}","templated":true}]}}