{"id":8256,"date":"2021-11-03T08:16:52","date_gmt":"2021-11-03T08:16:52","guid":{"rendered":"https:\/\/hotelli03.domainhotelli.fi\/~lsdoecli\/?post_type=product&#038;p=8256"},"modified":"2021-11-03T08:16:52","modified_gmt":"2021-11-03T08:16:52","slug":"nostokoripakkaus-stretch","status":"publish","type":"product","link":"https:\/\/hotelli03.domainhotelli.fi\/~lsdoecli\/tuote\/nostokoripakkaus-stretch\/","title":{"rendered":"Nostokoripakkaus Stretch"},"content":{"rendered":"<h2>Valmis putoamissuojain setti ty\u00f6skentelyyn henkil\u00f6nostimissa.<\/h2>\n<p>Nostokoripakkaus Stretch sis\u00e4lt\u00e4\u00e4 helppok\u00e4ytt\u00f6iset, mukavat ja poikkeuksellisen kevyet varusteet putoamisen pys\u00e4ytt\u00e4miseen.<\/p>\n<p>Modernin nyk\u00e4yksenvaimentimen auki repeytyminen pys\u00e4ytt\u00e4\u00e4 putoamisen ja rajoittaa k\u00e4ytt\u00e4j\u00e4n kehoon kohdistuvat nyk\u00e4ysvoimat kolmivaiheisesti, joten se pehment\u00e4\u00e4 my\u00f6s kaikkein kevyimpien k\u00e4ytt\u00e4jien putoamista, jota ei tavallisten nyk\u00e4yksenvaimentimien kanssa tapahtuisi. Rajoittaa kehoon kohdistuvat nyk\u00e4ysvoimat alle 6 kN:iin ja k\u00e4yt\u00e4nn\u00f6ss\u00e4 pit\u00e4\u00e4 ne reilusti t\u00e4m\u00e4n standardissa m\u00e4\u00e4ritellyn raja-arvon alapuolella. Nyk\u00e4yksenvaimennin on eritt\u00e4in kompakti, joten se ei h\u00e4iritse k\u00e4ytt\u00e4j\u00e4n liikkeit\u00e4 tai k\u00e4sittely\u00e4. Kest\u00e4v\u00e4 kangaspussi suojaa nyk\u00e4yksenvaimenninta hiertymiselt\u00e4 ja mahdollisilta ep\u00e4puhtauksilta.<\/p>\n<p>Valjaat on helppo pukea kuin takki, ja Quick Release -pikasoljelliset jalkalenkit turvaindikaattoreilla, sek\u00e4 taittosoljellinen etukiinnitys tekev\u00e4t k\u00e4yt\u00f6st\u00e4 nopeaa. V\u00e4rikoodatut jalkalenkit sek\u00e4 muotoillut pehmusteet selk\u00e4osassa sek\u00e4 olkaviilekkeiss\u00e4 helpottavat hahmottamaan valjaan muodon ja tekev\u00e4t pukemisesta yksinkertaista. Putoamisen pys\u00e4ytt\u00e4v\u00e4n j\u00e4rjestelm\u00e4n kiinnityspisteet rinnassa ja sel\u00e4ss\u00e4. Sivuilla ty\u00f6kalulenkit.<\/p>\n<h4>Nostokoripakkaus Stretch sis\u00e4lt\u00e4\u00e4 seuraavat CT &#8211; Climbing Technology varusteet:<\/h4>\n<p>1 kpl: CT Work Tec QR valjaat 1-koko S-M tai 2-koko L-XL<br \/>\n1 kpl: CT Flex ABS 140 I-L 170 cm stretch liitosk\u00f6ysi<br \/>\n2 kpl: CT Pillar Steel SG ter\u00e4ssulkurengas ruuvilukituksella ja sile\u00e4ll\u00e4 portilla<br \/>\n1 kpl: SmartStore S\u00e4ilytyslaatikko<\/p>\n<p>Materiaali- ja valmistusvirhetakuu 3 vuotta.<\/p>\n<h4>Maksimielinik\u00e4:<\/h4>\n<p>Kuitutuotteet 12 vuotta (= 2 vuotta varastointia + 10 vuotta k\u00e4ytt\u00f6\u00e4), metallituotteet rajoittamaton.<\/p>\n<p><iframe loading=\"lazy\" title=\"Video tutorial CT_Professional_ Flex Abs fall arrest lanyards\" width=\"1140\" height=\"641\" src=\"https:\/\/www.youtube.com\/embed\/iz0BJnoq2L4?feature=oembed\" frameborder=\"0\" allow=\"accelerometer; autoplay; clipboard-write; encrypted-media; gyroscope; picture-in-picture\" allowfullscreen><\/iframe><\/p>\n<p><a href=\"https:\/\/hotelli03.domainhotelli.fi\/~lsdoecli\/tuote-osasto\/putoamissuojaimet\/\">Katso my\u00f6s muut putoamissuojaimet t\u00e4st\u00e4!\u00a0<\/a><\/p>\n<p>&nbsp;<\/p>\n<p>Maahantuoja: <a href=\"https:\/\/www.vandernet.com\">Vandernet Oy<\/a><\/p>\n","protected":false},"excerpt":{"rendered":"<h4>Valmis putoamissuojain setti ty\u00f6skentelyyn henkil\u00f6nostimissa.<\/h4>\n<p>Nostokoripakkaus Stretch sis\u00e4lt\u00e4\u00e4 helppok\u00e4ytt\u00f6iset, mukavat ja poikkeuksellisen kevyet varusteet putoamisen pys\u00e4ytt\u00e4miseen.<\/p>\n","protected":false},"featured_media":8257,"comment_status":"open","ping_status":"closed","template":"","meta":[],"product_cat":[460],"product_tag":[913,462,912],"yoast_head":"<!-- This site is optimized with the Yoast SEO Premium plugin v18.9 (Yoast SEO v19.3) - https:\/\/yoast.com\/wordpress\/plugins\/seo\/ -->\n<title>Nostokoripakkaus Stretch | JV Tuonti<\/title>\n<meta name=\"description\" content=\"Nostokoripakkaus Stretch on valmis putoamissuojain setti ty\u00f6skentelyyn henkil\u00f6nostimissa. Eritt\u00e4in helppok\u00e4ytt\u00f6iset ja kevyet.\" \/>\n<meta name=\"robots\" content=\"index, follow, max-snippet:-1, max-image-preview:large, max-video-preview:-1\" \/>\n<link rel=\"canonical\" href=\"https:\/\/hotelli03.domainhotelli.fi\/~lsdoecli\/tuote\/nostokoripakkaus-stretch\/\" \/>\n<meta property=\"og:locale\" content=\"fi_FI\" \/>\n<meta property=\"og:type\" content=\"article\" \/>\n<meta property=\"og:title\" content=\"Nostokoripakkaus Stretch\" \/>\n<meta property=\"og:description\" content=\"Nostokoripakkaus Stretch on valmis putoamissuojain setti ty\u00f6skentelyyn henkil\u00f6nostimissa. Eritt\u00e4in helppok\u00e4ytt\u00f6iset ja kevyet.\" \/>\n<meta property=\"og:url\" content=\"https:\/\/hotelli03.domainhotelli.fi\/~lsdoecli\/tuote\/nostokoripakkaus-stretch\/\" \/>\n<meta property=\"og:site_name\" content=\"JV Tuonti\" \/>\n<meta property=\"article:publisher\" content=\"https:\/\/www.facebook.com\/JVTuontiOy\" \/>\n<meta property=\"og:image\" content=\"https:\/\/hotelli03.domainhotelli.fi\/~lsdoecli\/wp-content\/uploads\/2021\/11\/Nostokoripakkaus-Stretch.jpeg\" \/>\n\t<meta property=\"og:image:width\" content=\"600\" \/>\n\t<meta property=\"og:image:height\" content=\"600\" \/>\n\t<meta property=\"og:image:type\" content=\"image\/jpeg\" \/>\n<meta name=\"twitter:card\" content=\"summary_large_image\" \/>\n<meta name=\"twitter:label1\" content=\"Availability\" \/>\n\t<meta name=\"twitter:data1\" content=\"In stock\" \/>\n<script type=\"application\/ld+json\" class=\"yoast-schema-graph\">{\"@context\":\"https:\/\/schema.org\",\"@graph\":[{\"@type\":[\"Organization\",\"Place\",\"WholesaleStore\"],\"@id\":\"https:\/\/hotelli03.domainhotelli.fi\/~lsdoecli\/#organization\",\"name\":\"JV Tuonti Oy\",\"url\":\"https:\/\/hotelli03.domainhotelli.fi\/~lsdoecli\/\",\"sameAs\":[\"https:\/\/instagram.com\/jvtuontioy?utm_medium=copy_link\",\"https:\/\/www.facebook.com\/JVTuontiOy\"],\"logo\":{\"@id\":\"https:\/\/hotelli03.domainhotelli.fi\/~lsdoecli\/tuote\/nostokoripakkaus-stretch\/#local-main-organization-logo\"},\"image\":{\"@id\":\"https:\/\/hotelli03.domainhotelli.fi\/~lsdoecli\/tuote\/nostokoripakkaus-stretch\/#local-main-organization-logo\"},\"address\":{\"@id\":\"https:\/\/hotelli03.domainhotelli.fi\/~lsdoecli\/tuote\/nostokoripakkaus-stretch\/#local-main-place-address\"},\"geo\":{\"@type\":\"GeoCoordinates\",\"latitude\":\"60.28431\",\"longitude\":\"24.81654\"},\"telephone\":[\"0408369980\"],\"openingHoursSpecification\":[{\"@type\":\"OpeningHoursSpecification\",\"dayOfWeek\":[\"Monday\",\"Tuesday\",\"Wednesday\",\"Thursday\",\"Friday\"],\"opens\":\"08:00\",\"closes\":\"16:00\"},{\"@type\":\"OpeningHoursSpecification\",\"dayOfWeek\":[\"Saturday\",\"Sunday\"],\"opens\":\"00:00\",\"closes\":\"00:00\"}],\"email\":\"myynti@hotelli03.domainhotelli.fi\",\"areaServed\":\"Suomi, Ruotsi\",\"vatID\":\"FI30178387\",\"priceRange\":\"$$\",\"currenciesAccepted\":\"\u20ac\",\"paymentAccepted\":\"Lasku, pankkikortti\"},{\"@type\":\"WebSite\",\"@id\":\"https:\/\/hotelli03.domainhotelli.fi\/~lsdoecli\/#website\",\"url\":\"https:\/\/hotelli03.domainhotelli.fi\/~lsdoecli\/\",\"name\":\"JV Tuonti\",\"description\":\"JV Tuonti Oy:n verkkokauppa\",\"publisher\":{\"@id\":\"https:\/\/hotelli03.domainhotelli.fi\/~lsdoecli\/#organization\"},\"potentialAction\":[{\"@type\":\"SearchAction\",\"target\":{\"@type\":\"EntryPoint\",\"urlTemplate\":\"https:\/\/hotelli03.domainhotelli.fi\/~lsdoecli\/?s={search_term_string}\"},\"query-input\":\"required name=search_term_string\"}],\"inLanguage\":\"fi\"},{\"@type\":\"ImageObject\",\"inLanguage\":\"fi\",\"@id\":\"https:\/\/hotelli03.domainhotelli.fi\/~lsdoecli\/tuote\/nostokoripakkaus-stretch\/#primaryimage\",\"url\":\"https:\/\/hotelli03.domainhotelli.fi\/~lsdoecli\/wp-content\/uploads\/2021\/11\/Nostokoripakkaus-Stretch.jpeg\",\"contentUrl\":\"https:\/\/hotelli03.domainhotelli.fi\/~lsdoecli\/wp-content\/uploads\/2021\/11\/Nostokoripakkaus-Stretch.jpeg\",\"width\":600,\"height\":600,\"caption\":\"Nostokoripakkaus Stretch\"},{\"@type\":\"WebPage\",\"@id\":\"https:\/\/hotelli03.domainhotelli.fi\/~lsdoecli\/tuote\/nostokoripakkaus-stretch\/\",\"url\":\"https:\/\/hotelli03.domainhotelli.fi\/~lsdoecli\/tuote\/nostokoripakkaus-stretch\/\",\"name\":\"Nostokoripakkaus Stretch | JV Tuonti\",\"isPartOf\":{\"@id\":\"https:\/\/hotelli03.domainhotelli.fi\/~lsdoecli\/#website\"},\"primaryImageOfPage\":{\"@id\":\"https:\/\/hotelli03.domainhotelli.fi\/~lsdoecli\/tuote\/nostokoripakkaus-stretch\/#primaryimage\"},\"datePublished\":\"2021-11-03T08:16:52+00:00\",\"dateModified\":\"2021-11-03T08:16:52+00:00\",\"description\":\"Nostokoripakkaus Stretch on valmis putoamissuojain setti ty\u00f6skentelyyn henkil\u00f6nostimissa. Eritt\u00e4in helppok\u00e4ytt\u00f6iset ja kevyet.\",\"breadcrumb\":{\"@id\":\"https:\/\/hotelli03.domainhotelli.fi\/~lsdoecli\/tuote\/nostokoripakkaus-stretch\/#breadcrumb\"},\"inLanguage\":\"fi\",\"potentialAction\":[{\"@type\":\"ReadAction\",\"target\":[\"https:\/\/hotelli03.domainhotelli.fi\/~lsdoecli\/tuote\/nostokoripakkaus-stretch\/\"]}]},{\"@type\":\"BreadcrumbList\",\"@id\":\"https:\/\/hotelli03.domainhotelli.fi\/~lsdoecli\/tuote\/nostokoripakkaus-stretch\/#breadcrumb\",\"itemListElement\":[{\"@type\":\"ListItem\",\"position\":1,\"name\":\"Etusivu\",\"item\":\"https:\/\/hotelli03.domainhotelli.fi\/~lsdoecli\/\"},{\"@type\":\"ListItem\",\"position\":2,\"name\":\"Kauppa\",\"item\":\"https:\/\/hotelli03.domainhotelli.fi\/~lsdoecli\/kauppa\/\"},{\"@type\":\"ListItem\",\"position\":3,\"name\":\"Nostokoripakkaus Stretch\"}]},{\"@type\":\"PostalAddress\",\"@id\":\"https:\/\/hotelli03.domainhotelli.fi\/~lsdoecli\/tuote\/nostokoripakkaus-stretch\/#local-main-place-address\",\"streetAddress\":\"Pyymosantie 5a\",\"addressLocality\":\"Vantaa\",\"postalCode\":\"01720\",\"addressCountry\":\"FI\"},{\"@type\":\"ImageObject\",\"inLanguage\":\"fi\",\"@id\":\"https:\/\/hotelli03.domainhotelli.fi\/~lsdoecli\/tuote\/nostokoripakkaus-stretch\/#local-main-organization-logo\",\"url\":\"https:\/\/hotelli03.domainhotelli.fi\/~lsdoecli\/wp-content\/uploads\/2021\/08\/JVTuonti_logo_nelio.jpg\",\"contentUrl\":\"https:\/\/hotelli03.domainhotelli.fi\/~lsdoecli\/wp-content\/uploads\/2021\/08\/JVTuonti_logo_nelio.jpg\",\"width\":550,\"height\":550,\"caption\":\"JV Tuonti Oy\"}]}<\/script>\n<meta property=\"og:video\" content=\"https:\/\/www.youtube.com\/embed\/iz0BJnoq2L4\" \/>\n<meta property=\"og:video:type\" content=\"text\/html\" \/>\n<meta property=\"og:video:duration\" content=\"265\" \/>\n<meta property=\"og:video:width\" content=\"480\" \/>\n<meta property=\"og:video:height\" content=\"270\" \/>\n<meta property=\"ya:ovs:adult\" content=\"false\" \/>\n<meta property=\"ya:ovs:upload_date\" content=\"2021-11-03T08:16:52+00:00\" \/>\n<meta property=\"ya:ovs:allow_embed\" content=\"true\" \/>\n<meta property=\"product:brand\" content=\"CT\" \/>\n<meta property=\"og:availability\" content=\"instock\" \/>\n<meta property=\"product:availability\" content=\"instock\" \/>\n<meta property=\"product:condition\" content=\"new\" \/>\n<meta name=\"geo.placename\" content=\"Vantaa\" \/>\n<meta name=\"geo.position\" content=\"60.28431;24.81654\" \/>\n<meta name=\"geo.region\" content=\"Suomi\" \/>\n<!-- \/ Yoast SEO Premium plugin. -->","yoast_head_json":{"title":"Nostokoripakkaus Stretch | JV Tuonti","description":"Nostokoripakkaus Stretch on valmis putoamissuojain setti ty\u00f6skentelyyn henkil\u00f6nostimissa. Eritt\u00e4in helppok\u00e4ytt\u00f6iset ja kevyet.","robots":{"index":"index","follow":"follow","max-snippet":"max-snippet:-1","max-image-preview":"max-image-preview:large","max-video-preview":"max-video-preview:-1"},"canonical":"https:\/\/hotelli03.domainhotelli.fi\/~lsdoecli\/tuote\/nostokoripakkaus-stretch\/","og_locale":"fi_FI","og_type":"article","og_title":"Nostokoripakkaus Stretch","og_description":"Nostokoripakkaus Stretch on valmis putoamissuojain setti ty\u00f6skentelyyn henkil\u00f6nostimissa. Eritt\u00e4in helppok\u00e4ytt\u00f6iset ja kevyet.","og_url":"https:\/\/hotelli03.domainhotelli.fi\/~lsdoecli\/tuote\/nostokoripakkaus-stretch\/","og_site_name":"JV Tuonti","article_publisher":"https:\/\/www.facebook.com\/JVTuontiOy","og_image":[{"width":600,"height":600,"url":"https:\/\/hotelli03.domainhotelli.fi\/~lsdoecli\/wp-content\/uploads\/2021\/11\/Nostokoripakkaus-Stretch.jpeg","type":"image\/jpeg"}],"twitter_card":"summary_large_image","twitter_misc":{"Availability":"In stock"},"schema":{"@context":"https:\/\/schema.org","@graph":[{"@type":["Organization","Place","WholesaleStore"],"@id":"https:\/\/hotelli03.domainhotelli.fi\/~lsdoecli\/#organization","name":"JV Tuonti Oy","url":"https:\/\/hotelli03.domainhotelli.fi\/~lsdoecli\/","sameAs":["https:\/\/instagram.com\/jvtuontioy?utm_medium=copy_link","https:\/\/www.facebook.com\/JVTuontiOy"],"logo":{"@id":"https:\/\/hotelli03.domainhotelli.fi\/~lsdoecli\/tuote\/nostokoripakkaus-stretch\/#local-main-organization-logo"},"image":{"@id":"https:\/\/hotelli03.domainhotelli.fi\/~lsdoecli\/tuote\/nostokoripakkaus-stretch\/#local-main-organization-logo"},"address":{"@id":"https:\/\/hotelli03.domainhotelli.fi\/~lsdoecli\/tuote\/nostokoripakkaus-stretch\/#local-main-place-address"},"geo":{"@type":"GeoCoordinates","latitude":"60.28431","longitude":"24.81654"},"telephone":["0408369980"],"openingHoursSpecification":[{"@type":"OpeningHoursSpecification","dayOfWeek":["Monday","Tuesday","Wednesday","Thursday","Friday"],"opens":"08:00","closes":"16:00"},{"@type":"OpeningHoursSpecification","dayOfWeek":["Saturday","Sunday"],"opens":"00:00","closes":"00:00"}],"email":"myynti@hotelli03.domainhotelli.fi","areaServed":"Suomi, Ruotsi","vatID":"FI30178387","priceRange":"$$","currenciesAccepted":"\u20ac","paymentAccepted":"Lasku, pankkikortti"},{"@type":"WebSite","@id":"https:\/\/hotelli03.domainhotelli.fi\/~lsdoecli\/#website","url":"https:\/\/hotelli03.domainhotelli.fi\/~lsdoecli\/","name":"JV Tuonti","description":"JV Tuonti Oy:n verkkokauppa","publisher":{"@id":"https:\/\/hotelli03.domainhotelli.fi\/~lsdoecli\/#organization"},"potentialAction":[{"@type":"SearchAction","target":{"@type":"EntryPoint","urlTemplate":"https:\/\/hotelli03.domainhotelli.fi\/~lsdoecli\/?s={search_term_string}"},"query-input":"required name=search_term_string"}],"inLanguage":"fi"},{"@type":"ImageObject","inLanguage":"fi","@id":"https:\/\/hotelli03.domainhotelli.fi\/~lsdoecli\/tuote\/nostokoripakkaus-stretch\/#primaryimage","url":"https:\/\/hotelli03.domainhotelli.fi\/~lsdoecli\/wp-content\/uploads\/2021\/11\/Nostokoripakkaus-Stretch.jpeg","contentUrl":"https:\/\/hotelli03.domainhotelli.fi\/~lsdoecli\/wp-content\/uploads\/2021\/11\/Nostokoripakkaus-Stretch.jpeg","width":600,"height":600,"caption":"Nostokoripakkaus Stretch"},{"@type":"WebPage","@id":"https:\/\/hotelli03.domainhotelli.fi\/~lsdoecli\/tuote\/nostokoripakkaus-stretch\/","url":"https:\/\/hotelli03.domainhotelli.fi\/~lsdoecli\/tuote\/nostokoripakkaus-stretch\/","name":"Nostokoripakkaus Stretch | JV Tuonti","isPartOf":{"@id":"https:\/\/hotelli03.domainhotelli.fi\/~lsdoecli\/#website"},"primaryImageOfPage":{"@id":"https:\/\/hotelli03.domainhotelli.fi\/~lsdoecli\/tuote\/nostokoripakkaus-stretch\/#primaryimage"},"datePublished":"2021-11-03T08:16:52+00:00","dateModified":"2021-11-03T08:16:52+00:00","description":"Nostokoripakkaus Stretch on valmis putoamissuojain setti ty\u00f6skentelyyn henkil\u00f6nostimissa. Eritt\u00e4in helppok\u00e4ytt\u00f6iset ja kevyet.","breadcrumb":{"@id":"https:\/\/hotelli03.domainhotelli.fi\/~lsdoecli\/tuote\/nostokoripakkaus-stretch\/#breadcrumb"},"inLanguage":"fi","potentialAction":[{"@type":"ReadAction","target":["https:\/\/hotelli03.domainhotelli.fi\/~lsdoecli\/tuote\/nostokoripakkaus-stretch\/"]}]},{"@type":"BreadcrumbList","@id":"https:\/\/hotelli03.domainhotelli.fi\/~lsdoecli\/tuote\/nostokoripakkaus-stretch\/#breadcrumb","itemListElement":[{"@type":"ListItem","position":1,"name":"Etusivu","item":"https:\/\/hotelli03.domainhotelli.fi\/~lsdoecli\/"},{"@type":"ListItem","position":2,"name":"Kauppa","item":"https:\/\/hotelli03.domainhotelli.fi\/~lsdoecli\/kauppa\/"},{"@type":"ListItem","position":3,"name":"Nostokoripakkaus Stretch"}]},{"@type":"PostalAddress","@id":"https:\/\/hotelli03.domainhotelli.fi\/~lsdoecli\/tuote\/nostokoripakkaus-stretch\/#local-main-place-address","streetAddress":"Pyymosantie 5a","addressLocality":"Vantaa","postalCode":"01720","addressCountry":"FI"},{"@type":"ImageObject","inLanguage":"fi","@id":"https:\/\/hotelli03.domainhotelli.fi\/~lsdoecli\/tuote\/nostokoripakkaus-stretch\/#local-main-organization-logo","url":"https:\/\/hotelli03.domainhotelli.fi\/~lsdoecli\/wp-content\/uploads\/2021\/08\/JVTuonti_logo_nelio.jpg","contentUrl":"https:\/\/hotelli03.domainhotelli.fi\/~lsdoecli\/wp-content\/uploads\/2021\/08\/JVTuonti_logo_nelio.jpg","width":550,"height":550,"caption":"JV Tuonti Oy"}]},"og_video":"https:\/\/www.youtube.com\/embed\/iz0BJnoq2L4","og_video_type":"text\/html","og_video_duration":"265","og_video_width":"480","og_video_height":"270","ya_ovs_adult":"false","ya_ovs_upload_date":"2021-11-03T08:16:52+00:00","ya_ovs_allow_embed":"true","product_brand":"CT","og_availability":"instock","product_availability":"instock","product_condition":"new","geo.placename":"Vantaa","geo.position":{"lat":"60.28431","long":"24.81654"},"geo.region":"Suomi"},"_links":{"self":[{"href":"https:\/\/hotelli03.domainhotelli.fi\/~lsdoecli\/wp-json\/wp\/v2\/product\/8256"}],"collection":[{"href":"https:\/\/hotelli03.domainhotelli.fi\/~lsdoecli\/wp-json\/wp\/v2\/product"}],"about":[{"href":"https:\/\/hotelli03.domainhotelli.fi\/~lsdoecli\/wp-json\/wp\/v2\/types\/product"}],"replies":[{"embeddable":true,"href":"https:\/\/hotelli03.domainhotelli.fi\/~lsdoecli\/wp-json\/wp\/v2\/comments?post=8256"}],"wp:featuredmedia":[{"embeddable":true,"href":"https:\/\/hotelli03.domainhotelli.fi\/~lsdoecli\/wp-json\/wp\/v2\/media\/8257"}],"wp:attachment":[{"href":"https:\/\/hotelli03.domainhotelli.fi\/~lsdoecli\/wp-json\/wp\/v2\/media?parent=8256"}],"wp:term":[{"taxonomy":"product_cat","embeddable":true,"href":"https:\/\/hotelli03.domainhotelli.fi\/~lsdoecli\/wp-json\/wp\/v2\/product_cat?post=8256"},{"taxonomy":"product_tag","embeddable":true,"href":"https:\/\/hotelli03.domainhotelli.fi\/~lsdoecli\/wp-json\/wp\/v2\/product_tag?post=8256"}],"curies":[{"name":"wp","href":"https:\/\/api.w.org\/{rel}","templated":true}]}}