{"id":8249,"date":"2021-11-02T14:09:19","date_gmt":"2021-11-02T14:09:19","guid":{"rendered":"https:\/\/hotelli03.domainhotelli.fi\/~lsdoecli\/?post_type=product&#038;p=8249"},"modified":"2021-11-02T14:09:19","modified_gmt":"2021-11-02T14:09:19","slug":"kattotyopakkaus-20m","status":"publish","type":"product","link":"https:\/\/hotelli03.domainhotelli.fi\/~lsdoecli\/tuote\/kattotyopakkaus-20m\/","title":{"rendered":"Kattoty\u00f6pakkaus 20m"},"content":{"rendered":"<h2>K\u00e4ytt\u00f6valmiiksi kasattu putoamissuojainpakkaus tehokkaaseen ty\u00f6skentelyyn ja putoamisen ennaltaehk\u00e4isemiseen.<\/h2>\n<p>Soveltuu kattot\u00f6ihin, lumenpudottamiseen ym. korkeanpaikanty\u00f6skentelyyn, miss\u00e4 halutaan varmistaa turvalliset ty\u00f6skentelyolosuhteet putoamisvaarallisella alueella.<\/p>\n<h4>Kattoty\u00f6pakkaus 20m tuotteet on valittu siten ett\u00e4 ne ovat mahdollisimman helppok\u00e4ytt\u00f6isi\u00e4, nopeita ja virhek\u00e4yt\u00f6n mahdollisuus on minimoitu:<\/h4>\n<p>Valjaat on helppo pukea kuin takki, ja pikasoljelliset jalkalenkit sek\u00e4 pikasoljellinen etukiinnitys turvaindikaattoreilla tekev\u00e4t k\u00e4yt\u00f6st\u00e4 nopeaa. Putoamisen pys\u00e4ytt\u00e4v\u00e4n j\u00e4rjestelm\u00e4n kiinnityspisteet rinnassa ja sel\u00e4ss\u00e4. Sulkurenkaat lukkiutuvat automaattisesti, ja putoamisen pys\u00e4ytt\u00e4v\u00e4ll\u00e4 Beal Monitor k\u00f6ysitarraimella varustetun Beal Air-Kit liitosk\u00f6yden kanssa on tehokasta liikkua. Halkaisijaltaan 11 mm k\u00f6ysi on yhteensopiva l\u00e4hes kaikkien markkinoilla olevien nousu- ja laskeutumislaitteiden kanssa. Myyntilaatikko on samalla putoamissuojainsetin kuljetus- ja s\u00e4ilytyspakkaus.<\/p>\n<h4>Kattoty\u00f6pakkaus 20m sis\u00e4lt\u00e4\u00e4 seuraavat varusteet:<\/h4>\n<p>1 kpl: CT Work Tec 140 valjaat 1-koko S-M tai 2-koko L-XL<br \/>\n1 kpl: Beal Air-Kit 20 m k\u00f6ysi varustettuna Monitor k\u00f6ysitarraimella, automaattisesti lukkiutuvilla alumiinisulkurenkailla, ja Mobile Lanyard nyk\u00e4yksenvaimenninliitoshihna, jossa 20 cm ja 40 cm et\u00e4isyysvalinnat<br \/>\n1 kpl: CT Loop Ankor 200 cm tuubimallinen ankkurinauhalenkki turvaindikaattorilla. Sertifioitu my\u00f6s liitosk\u00f6ydeksi.<br \/>\n1 kpl: SmartStore s\u00e4ilytyslaatikko<\/p>\n<p>Materiaali- ja valmistusvirhetakuu 3 vuotta.<\/p>\n<h4>Maksimielinik\u00e4:<\/h4>\n<p>Beal: Kuitutuotteet 15 vuotta (= 5 vuotta varastointia + 10 vuotta k\u00e4ytt\u00f6\u00e4), metallituotteet rajoittamaton.<br \/>\nCT &#8211; Climbing Technology: Kuitutuotteet 12 vuotta (= 2 vuotta varastointia + 10 vuotta k\u00e4ytt\u00f6\u00e4), metallituotteet rajoittamaton.<\/p>\n<p>&nbsp;<\/p>\n<p><a href=\"https:\/\/hotelli03.domainhotelli.fi\/~lsdoecli\/tuote-osasto\/putoamissuojaimet\/\">Katso my\u00f6s muut putoamissuojaimet t\u00e4st\u00e4!\u00a0<\/a><\/p>\n<p>&nbsp;<\/p>\n<p>Maahantuoja: <a href=\"https:\/\/www.vandernet.com\">Vandernet Oy<\/a><\/p>\n","protected":false},"excerpt":{"rendered":"<h4>K\u00e4ytt\u00f6valmiiksi kasattu putoamissuojainpakkaus tehokkaaseen ty\u00f6skentelyyn ja putoamisen ennaltaehk\u00e4isemiseen.<\/h4>\n<p>Soveltuu kattot\u00f6ihin, lumenpudottamiseen ym. korkeanpaikanty\u00f6skentelyyn, miss\u00e4 halutaan varmistaa turvalliset ty\u00f6skentelyolosuhteet putoamisvaarallisella alueella.<\/p>\n","protected":false},"featured_media":8252,"comment_status":"open","ping_status":"closed","template":"","meta":[],"product_cat":[460],"product_tag":[911,462,912],"yoast_head":"<!-- This site is optimized with the Yoast SEO Premium plugin v18.9 (Yoast SEO v19.3) - https:\/\/yoast.com\/wordpress\/plugins\/seo\/ -->\n<title>Kattoty\u00f6pakkaus 20m | JV Tuonti<\/title>\n<meta name=\"description\" content=\"Kattoty\u00f6pakkaus 20m on k\u00e4ytt\u00f6valmiiksi kasattu putoamissuojainpakkaus tehokkaaseen ty\u00f6skentelyyn ja putoamisen ennaltaehk\u00e4isemiseen.\" \/>\n<meta name=\"robots\" content=\"index, follow, max-snippet:-1, max-image-preview:large, max-video-preview:-1\" \/>\n<link rel=\"canonical\" href=\"https:\/\/hotelli03.domainhotelli.fi\/~lsdoecli\/tuote\/kattotyopakkaus-20m\/\" \/>\n<meta property=\"og:locale\" content=\"fi_FI\" \/>\n<meta property=\"og:type\" content=\"article\" \/>\n<meta property=\"og:title\" content=\"Kattoty\u00f6pakkaus 20m\" \/>\n<meta property=\"og:description\" content=\"Kattoty\u00f6pakkaus 20m on k\u00e4ytt\u00f6valmiiksi kasattu putoamissuojainpakkaus tehokkaaseen ty\u00f6skentelyyn ja putoamisen ennaltaehk\u00e4isemiseen.\" \/>\n<meta property=\"og:url\" content=\"https:\/\/hotelli03.domainhotelli.fi\/~lsdoecli\/tuote\/kattotyopakkaus-20m\/\" \/>\n<meta property=\"og:site_name\" content=\"JV Tuonti\" \/>\n<meta property=\"article:publisher\" content=\"https:\/\/www.facebook.com\/JVTuontiOy\" \/>\n<meta property=\"og:image\" content=\"https:\/\/hotelli03.domainhotelli.fi\/~lsdoecli\/wp-content\/uploads\/2021\/11\/Kattotyopakkaus-20m-CT.jpeg\" \/>\n\t<meta property=\"og:image:width\" content=\"600\" \/>\n\t<meta property=\"og:image:height\" content=\"600\" \/>\n\t<meta property=\"og:image:type\" content=\"image\/jpeg\" \/>\n<meta name=\"twitter:card\" content=\"summary_large_image\" \/>\n<meta name=\"twitter:label1\" content=\"Availability\" \/>\n\t<meta name=\"twitter:data1\" content=\"In stock\" \/>\n<script type=\"application\/ld+json\" class=\"yoast-schema-graph\">{\"@context\":\"https:\/\/schema.org\",\"@graph\":[{\"@type\":[\"Organization\",\"Place\",\"WholesaleStore\"],\"@id\":\"https:\/\/hotelli03.domainhotelli.fi\/~lsdoecli\/#organization\",\"name\":\"JV Tuonti Oy\",\"url\":\"https:\/\/hotelli03.domainhotelli.fi\/~lsdoecli\/\",\"sameAs\":[\"https:\/\/instagram.com\/jvtuontioy?utm_medium=copy_link\",\"https:\/\/www.facebook.com\/JVTuontiOy\"],\"logo\":{\"@id\":\"https:\/\/hotelli03.domainhotelli.fi\/~lsdoecli\/tuote\/kattotyopakkaus-20m\/#local-main-organization-logo\"},\"image\":{\"@id\":\"https:\/\/hotelli03.domainhotelli.fi\/~lsdoecli\/tuote\/kattotyopakkaus-20m\/#local-main-organization-logo\"},\"address\":{\"@id\":\"https:\/\/hotelli03.domainhotelli.fi\/~lsdoecli\/tuote\/kattotyopakkaus-20m\/#local-main-place-address\"},\"geo\":{\"@type\":\"GeoCoordinates\",\"latitude\":\"60.28431\",\"longitude\":\"24.81654\"},\"telephone\":[\"0408369980\"],\"openingHoursSpecification\":[{\"@type\":\"OpeningHoursSpecification\",\"dayOfWeek\":[\"Monday\",\"Tuesday\",\"Wednesday\",\"Thursday\",\"Friday\"],\"opens\":\"08:00\",\"closes\":\"16:00\"},{\"@type\":\"OpeningHoursSpecification\",\"dayOfWeek\":[\"Saturday\",\"Sunday\"],\"opens\":\"00:00\",\"closes\":\"00:00\"}],\"email\":\"myynti@hotelli03.domainhotelli.fi\",\"areaServed\":\"Suomi, Ruotsi\",\"vatID\":\"FI30178387\",\"priceRange\":\"$$\",\"currenciesAccepted\":\"\u20ac\",\"paymentAccepted\":\"Lasku, pankkikortti\"},{\"@type\":\"WebSite\",\"@id\":\"https:\/\/hotelli03.domainhotelli.fi\/~lsdoecli\/#website\",\"url\":\"https:\/\/hotelli03.domainhotelli.fi\/~lsdoecli\/\",\"name\":\"JV Tuonti\",\"description\":\"JV Tuonti Oy:n verkkokauppa\",\"publisher\":{\"@id\":\"https:\/\/hotelli03.domainhotelli.fi\/~lsdoecli\/#organization\"},\"potentialAction\":[{\"@type\":\"SearchAction\",\"target\":{\"@type\":\"EntryPoint\",\"urlTemplate\":\"https:\/\/hotelli03.domainhotelli.fi\/~lsdoecli\/?s={search_term_string}\"},\"query-input\":\"required name=search_term_string\"}],\"inLanguage\":\"fi\"},{\"@type\":\"ImageObject\",\"inLanguage\":\"fi\",\"@id\":\"https:\/\/hotelli03.domainhotelli.fi\/~lsdoecli\/tuote\/kattotyopakkaus-20m\/#primaryimage\",\"url\":\"https:\/\/hotelli03.domainhotelli.fi\/~lsdoecli\/wp-content\/uploads\/2021\/11\/Kattotyopakkaus-20m-CT.jpeg\",\"contentUrl\":\"https:\/\/hotelli03.domainhotelli.fi\/~lsdoecli\/wp-content\/uploads\/2021\/11\/Kattotyopakkaus-20m-CT.jpeg\",\"width\":600,\"height\":600,\"caption\":\"Kattoty\u00f6pakkaus 20m\"},{\"@type\":\"WebPage\",\"@id\":\"https:\/\/hotelli03.domainhotelli.fi\/~lsdoecli\/tuote\/kattotyopakkaus-20m\/\",\"url\":\"https:\/\/hotelli03.domainhotelli.fi\/~lsdoecli\/tuote\/kattotyopakkaus-20m\/\",\"name\":\"Kattoty\u00f6pakkaus 20m | JV Tuonti\",\"isPartOf\":{\"@id\":\"https:\/\/hotelli03.domainhotelli.fi\/~lsdoecli\/#website\"},\"primaryImageOfPage\":{\"@id\":\"https:\/\/hotelli03.domainhotelli.fi\/~lsdoecli\/tuote\/kattotyopakkaus-20m\/#primaryimage\"},\"datePublished\":\"2021-11-02T14:09:19+00:00\",\"dateModified\":\"2021-11-02T14:09:19+00:00\",\"description\":\"Kattoty\u00f6pakkaus 20m on k\u00e4ytt\u00f6valmiiksi kasattu putoamissuojainpakkaus tehokkaaseen ty\u00f6skentelyyn ja putoamisen ennaltaehk\u00e4isemiseen.\",\"breadcrumb\":{\"@id\":\"https:\/\/hotelli03.domainhotelli.fi\/~lsdoecli\/tuote\/kattotyopakkaus-20m\/#breadcrumb\"},\"inLanguage\":\"fi\",\"potentialAction\":[{\"@type\":\"ReadAction\",\"target\":[\"https:\/\/hotelli03.domainhotelli.fi\/~lsdoecli\/tuote\/kattotyopakkaus-20m\/\"]}]},{\"@type\":\"BreadcrumbList\",\"@id\":\"https:\/\/hotelli03.domainhotelli.fi\/~lsdoecli\/tuote\/kattotyopakkaus-20m\/#breadcrumb\",\"itemListElement\":[{\"@type\":\"ListItem\",\"position\":1,\"name\":\"Etusivu\",\"item\":\"https:\/\/hotelli03.domainhotelli.fi\/~lsdoecli\/\"},{\"@type\":\"ListItem\",\"position\":2,\"name\":\"Kauppa\",\"item\":\"https:\/\/hotelli03.domainhotelli.fi\/~lsdoecli\/kauppa\/\"},{\"@type\":\"ListItem\",\"position\":3,\"name\":\"Kattoty\u00f6pakkaus 20m\"}]},{\"@type\":\"PostalAddress\",\"@id\":\"https:\/\/hotelli03.domainhotelli.fi\/~lsdoecli\/tuote\/kattotyopakkaus-20m\/#local-main-place-address\",\"streetAddress\":\"Pyymosantie 5a\",\"addressLocality\":\"Vantaa\",\"postalCode\":\"01720\",\"addressCountry\":\"FI\"},{\"@type\":\"ImageObject\",\"inLanguage\":\"fi\",\"@id\":\"https:\/\/hotelli03.domainhotelli.fi\/~lsdoecli\/tuote\/kattotyopakkaus-20m\/#local-main-organization-logo\",\"url\":\"https:\/\/hotelli03.domainhotelli.fi\/~lsdoecli\/wp-content\/uploads\/2021\/08\/JVTuonti_logo_nelio.jpg\",\"contentUrl\":\"https:\/\/hotelli03.domainhotelli.fi\/~lsdoecli\/wp-content\/uploads\/2021\/08\/JVTuonti_logo_nelio.jpg\",\"width\":550,\"height\":550,\"caption\":\"JV Tuonti Oy\"}]}<\/script>\n<meta property=\"product:brand\" content=\"Beal\" \/>\n<meta property=\"og:availability\" content=\"instock\" \/>\n<meta property=\"product:availability\" content=\"instock\" \/>\n<meta property=\"product:condition\" content=\"new\" \/>\n<meta name=\"geo.placename\" content=\"Vantaa\" \/>\n<meta name=\"geo.position\" content=\"60.28431;24.81654\" \/>\n<meta name=\"geo.region\" content=\"Suomi\" \/>\n<!-- \/ Yoast SEO Premium plugin. -->","yoast_head_json":{"title":"Kattoty\u00f6pakkaus 20m | JV Tuonti","description":"Kattoty\u00f6pakkaus 20m on k\u00e4ytt\u00f6valmiiksi kasattu putoamissuojainpakkaus tehokkaaseen ty\u00f6skentelyyn ja putoamisen ennaltaehk\u00e4isemiseen.","robots":{"index":"index","follow":"follow","max-snippet":"max-snippet:-1","max-image-preview":"max-image-preview:large","max-video-preview":"max-video-preview:-1"},"canonical":"https:\/\/hotelli03.domainhotelli.fi\/~lsdoecli\/tuote\/kattotyopakkaus-20m\/","og_locale":"fi_FI","og_type":"article","og_title":"Kattoty\u00f6pakkaus 20m","og_description":"Kattoty\u00f6pakkaus 20m on k\u00e4ytt\u00f6valmiiksi kasattu putoamissuojainpakkaus tehokkaaseen ty\u00f6skentelyyn ja putoamisen ennaltaehk\u00e4isemiseen.","og_url":"https:\/\/hotelli03.domainhotelli.fi\/~lsdoecli\/tuote\/kattotyopakkaus-20m\/","og_site_name":"JV Tuonti","article_publisher":"https:\/\/www.facebook.com\/JVTuontiOy","og_image":[{"width":600,"height":600,"url":"https:\/\/hotelli03.domainhotelli.fi\/~lsdoecli\/wp-content\/uploads\/2021\/11\/Kattotyopakkaus-20m-CT.jpeg","type":"image\/jpeg"}],"twitter_card":"summary_large_image","twitter_misc":{"Availability":"In stock"},"schema":{"@context":"https:\/\/schema.org","@graph":[{"@type":["Organization","Place","WholesaleStore"],"@id":"https:\/\/hotelli03.domainhotelli.fi\/~lsdoecli\/#organization","name":"JV Tuonti Oy","url":"https:\/\/hotelli03.domainhotelli.fi\/~lsdoecli\/","sameAs":["https:\/\/instagram.com\/jvtuontioy?utm_medium=copy_link","https:\/\/www.facebook.com\/JVTuontiOy"],"logo":{"@id":"https:\/\/hotelli03.domainhotelli.fi\/~lsdoecli\/tuote\/kattotyopakkaus-20m\/#local-main-organization-logo"},"image":{"@id":"https:\/\/hotelli03.domainhotelli.fi\/~lsdoecli\/tuote\/kattotyopakkaus-20m\/#local-main-organization-logo"},"address":{"@id":"https:\/\/hotelli03.domainhotelli.fi\/~lsdoecli\/tuote\/kattotyopakkaus-20m\/#local-main-place-address"},"geo":{"@type":"GeoCoordinates","latitude":"60.28431","longitude":"24.81654"},"telephone":["0408369980"],"openingHoursSpecification":[{"@type":"OpeningHoursSpecification","dayOfWeek":["Monday","Tuesday","Wednesday","Thursday","Friday"],"opens":"08:00","closes":"16:00"},{"@type":"OpeningHoursSpecification","dayOfWeek":["Saturday","Sunday"],"opens":"00:00","closes":"00:00"}],"email":"myynti@hotelli03.domainhotelli.fi","areaServed":"Suomi, Ruotsi","vatID":"FI30178387","priceRange":"$$","currenciesAccepted":"\u20ac","paymentAccepted":"Lasku, pankkikortti"},{"@type":"WebSite","@id":"https:\/\/hotelli03.domainhotelli.fi\/~lsdoecli\/#website","url":"https:\/\/hotelli03.domainhotelli.fi\/~lsdoecli\/","name":"JV Tuonti","description":"JV Tuonti Oy:n verkkokauppa","publisher":{"@id":"https:\/\/hotelli03.domainhotelli.fi\/~lsdoecli\/#organization"},"potentialAction":[{"@type":"SearchAction","target":{"@type":"EntryPoint","urlTemplate":"https:\/\/hotelli03.domainhotelli.fi\/~lsdoecli\/?s={search_term_string}"},"query-input":"required name=search_term_string"}],"inLanguage":"fi"},{"@type":"ImageObject","inLanguage":"fi","@id":"https:\/\/hotelli03.domainhotelli.fi\/~lsdoecli\/tuote\/kattotyopakkaus-20m\/#primaryimage","url":"https:\/\/hotelli03.domainhotelli.fi\/~lsdoecli\/wp-content\/uploads\/2021\/11\/Kattotyopakkaus-20m-CT.jpeg","contentUrl":"https:\/\/hotelli03.domainhotelli.fi\/~lsdoecli\/wp-content\/uploads\/2021\/11\/Kattotyopakkaus-20m-CT.jpeg","width":600,"height":600,"caption":"Kattoty\u00f6pakkaus 20m"},{"@type":"WebPage","@id":"https:\/\/hotelli03.domainhotelli.fi\/~lsdoecli\/tuote\/kattotyopakkaus-20m\/","url":"https:\/\/hotelli03.domainhotelli.fi\/~lsdoecli\/tuote\/kattotyopakkaus-20m\/","name":"Kattoty\u00f6pakkaus 20m | JV Tuonti","isPartOf":{"@id":"https:\/\/hotelli03.domainhotelli.fi\/~lsdoecli\/#website"},"primaryImageOfPage":{"@id":"https:\/\/hotelli03.domainhotelli.fi\/~lsdoecli\/tuote\/kattotyopakkaus-20m\/#primaryimage"},"datePublished":"2021-11-02T14:09:19+00:00","dateModified":"2021-11-02T14:09:19+00:00","description":"Kattoty\u00f6pakkaus 20m on k\u00e4ytt\u00f6valmiiksi kasattu putoamissuojainpakkaus tehokkaaseen ty\u00f6skentelyyn ja putoamisen ennaltaehk\u00e4isemiseen.","breadcrumb":{"@id":"https:\/\/hotelli03.domainhotelli.fi\/~lsdoecli\/tuote\/kattotyopakkaus-20m\/#breadcrumb"},"inLanguage":"fi","potentialAction":[{"@type":"ReadAction","target":["https:\/\/hotelli03.domainhotelli.fi\/~lsdoecli\/tuote\/kattotyopakkaus-20m\/"]}]},{"@type":"BreadcrumbList","@id":"https:\/\/hotelli03.domainhotelli.fi\/~lsdoecli\/tuote\/kattotyopakkaus-20m\/#breadcrumb","itemListElement":[{"@type":"ListItem","position":1,"name":"Etusivu","item":"https:\/\/hotelli03.domainhotelli.fi\/~lsdoecli\/"},{"@type":"ListItem","position":2,"name":"Kauppa","item":"https:\/\/hotelli03.domainhotelli.fi\/~lsdoecli\/kauppa\/"},{"@type":"ListItem","position":3,"name":"Kattoty\u00f6pakkaus 20m"}]},{"@type":"PostalAddress","@id":"https:\/\/hotelli03.domainhotelli.fi\/~lsdoecli\/tuote\/kattotyopakkaus-20m\/#local-main-place-address","streetAddress":"Pyymosantie 5a","addressLocality":"Vantaa","postalCode":"01720","addressCountry":"FI"},{"@type":"ImageObject","inLanguage":"fi","@id":"https:\/\/hotelli03.domainhotelli.fi\/~lsdoecli\/tuote\/kattotyopakkaus-20m\/#local-main-organization-logo","url":"https:\/\/hotelli03.domainhotelli.fi\/~lsdoecli\/wp-content\/uploads\/2021\/08\/JVTuonti_logo_nelio.jpg","contentUrl":"https:\/\/hotelli03.domainhotelli.fi\/~lsdoecli\/wp-content\/uploads\/2021\/08\/JVTuonti_logo_nelio.jpg","width":550,"height":550,"caption":"JV Tuonti Oy"}]},"product_brand":"Beal","og_availability":"instock","product_availability":"instock","product_condition":"new","geo.placename":"Vantaa","geo.position":{"lat":"60.28431","long":"24.81654"},"geo.region":"Suomi"},"_links":{"self":[{"href":"https:\/\/hotelli03.domainhotelli.fi\/~lsdoecli\/wp-json\/wp\/v2\/product\/8249"}],"collection":[{"href":"https:\/\/hotelli03.domainhotelli.fi\/~lsdoecli\/wp-json\/wp\/v2\/product"}],"about":[{"href":"https:\/\/hotelli03.domainhotelli.fi\/~lsdoecli\/wp-json\/wp\/v2\/types\/product"}],"replies":[{"embeddable":true,"href":"https:\/\/hotelli03.domainhotelli.fi\/~lsdoecli\/wp-json\/wp\/v2\/comments?post=8249"}],"wp:featuredmedia":[{"embeddable":true,"href":"https:\/\/hotelli03.domainhotelli.fi\/~lsdoecli\/wp-json\/wp\/v2\/media\/8252"}],"wp:attachment":[{"href":"https:\/\/hotelli03.domainhotelli.fi\/~lsdoecli\/wp-json\/wp\/v2\/media?parent=8249"}],"wp:term":[{"taxonomy":"product_cat","embeddable":true,"href":"https:\/\/hotelli03.domainhotelli.fi\/~lsdoecli\/wp-json\/wp\/v2\/product_cat?post=8249"},{"taxonomy":"product_tag","embeddable":true,"href":"https:\/\/hotelli03.domainhotelli.fi\/~lsdoecli\/wp-json\/wp\/v2\/product_tag?post=8249"}],"curies":[{"name":"wp","href":"https:\/\/api.w.org\/{rel}","templated":true}]}}