{"id":8210,"date":"2021-11-02T09:32:51","date_gmt":"2021-11-02T09:32:51","guid":{"rendered":"https:\/\/hotelli03.domainhotelli.fi\/~lsdoecli\/?post_type=product&#038;p=8210"},"modified":"2021-11-02T09:43:11","modified_gmt":"2021-11-02T09:43:11","slug":"kuulosuojain-sordin-left-right-snr-33db-paalakisanka","status":"publish","type":"product","link":"https:\/\/hotelli03.domainhotelli.fi\/~lsdoecli\/tuote\/kuulosuojain-sordin-left-right-snr-33db-paalakisanka\/","title":{"rendered":"Kuulosuojain Sordin left \/ RIGHT SNR 33dB p\u00e4\u00e4lakisanka"},"content":{"rendered":"<h2>Eritt\u00e4in kevyet ja litte\u00e4t kuulosuojaimet p\u00e4\u00e4lakisangalla ja korkealla vaimennustasolla.<\/h2>\n<p>Kuulosuojain Sordin left \/ RIGHT SNR 33dB :ssa on p\u00e4\u00e4alueen ilmavaksi j\u00e4tt\u00e4v\u00e4 p\u00e4\u00e4panta, jonka ansiosta malli soveltuu sykett\u00e4kin nostattaviin t\u00f6ihin. Korkea vaimennustaso. Vaimentaa erityisen hyvin korkeita \u00e4\u00e4nentaajuuksia (sirkkeli, kulmahiomakone jne), sek\u00e4 keskitaajuuksia. Laajan taajuusalueen kattavan vaimennuksen ansiosta suositeltava malli monipuoliseen yleisk\u00e4ytt\u00f6\u00f6n niin teollisuudessa, rakennusty\u00f6mailla kuin vapaa-ajan k\u00e4yt\u00f6ss\u00e4kin, kun melua on eritt\u00e4in paljon.<\/p>\n<h4>Kuulosuojain Sordin left\/RIGHT SNR 33dB ominaisuudet \/ tekniset tiedot:<\/h4>\n<ul>\n<li>Portaattomasti liukuva pituuden s\u00e4\u00e4t\u00f6.<\/li>\n<li>Kompakti, kest\u00e4v\u00e4 rakenne.<\/li>\n<li>Pehme\u00e4t ja helposti vaihdettavat tiivisterenkaat.<\/li>\n<li>Paino 313 g.<\/li>\n<li>V\u00e4ri: musta.<\/li>\n<li>CE EN 352.<\/li>\n<li>Suorituskyky\/vaimennusarvot: SNR 33 dB. H=33, M=31, L=23<\/li>\n<li>Materiaali- ja valmistusvirhetakuu 2 vuotta.<\/li>\n<li>Valmistusmaa Ruotsi.<\/li>\n<\/ul>\n<h4>Kuulosuojain\u00a0Sordin left\/RIGHT -sarjan malleissa on ainutlaatuinen ergonominen rakenne:<\/h4>\n<p>Kupit on muotoiltu erikseen oikealle ja vasemmalle korvalle, joka antaa korvalehdille enemm\u00e4n tilaa, tekee rakenteesta tiiviimm\u00e4n p\u00e4\u00e4t\u00e4 vasten ja turvallisemman k\u00e4ytt\u00e4\u00e4, sek\u00e4 parantaa k\u00e4ytt\u00f6mukavuutta.<\/p>\n<p>&nbsp;<\/p>\n<p><a href=\"https:\/\/hotelli03.domainhotelli.fi\/~lsdoecli\/tuote-osasto\/rakennustarvikkeet\/suojaimet\/kuulosuojaimet\/\">Katso my\u00f6s muut kuulosuojain mallit t\u00e4st\u00e4!\u00a0<\/a><\/p>\n<p>&nbsp;<\/p>\n<p>&nbsp;<\/p>\n<p>Maahantuoja: <a href=\"https:\/\/www.vandernet.com\">Vandernet Oy<\/a><\/p>\n","protected":false},"excerpt":{"rendered":"<h4>Eritt\u00e4in kevyet ja litte\u00e4t kuulosuojaimet p\u00e4\u00e4lakisangalla ja korkealla vaimennustasolla.<\/h4>\n<h5>Kuulosuojain Sordin left\/RIGHT SNR 33dB ominaisuudet \/ tekniset tiedot:<\/h5>\n<ul>\n<li>Portaattomasti liukuva pituuden s\u00e4\u00e4t\u00f6.<\/li>\n<li>Kompakti, kest\u00e4v\u00e4 rakenne.<\/li>\n<li>Pehme\u00e4t ja helposti vaihdettavat tiivisterenkaat.<\/li>\n<li>Paino 313 g.<\/li>\n<li>V\u00e4ri: musta.<\/li>\n<li>CE EN 352.<\/li>\n<li>Suorituskyky\/vaimennusarvot: SNR 33 dB. H=33, M=31, L=23<\/li>\n<li>Materiaali- ja valmistusvirhetakuu 2 vuotta.<\/li>\n<li>Valmistusmaa Ruotsi.<\/li>\n<\/ul>\n","protected":false},"featured_media":8211,"comment_status":"open","ping_status":"closed","template":"","meta":[],"product_cat":[106],"product_tag":[881,906,907],"yoast_head":"<!-- This site is optimized with the Yoast SEO Premium plugin v18.9 (Yoast SEO v19.3) - https:\/\/yoast.com\/wordpress\/plugins\/seo\/ -->\n<title>Kuulosuojain Sordin left \/ RIGHT SNR 33dB p\u00e4\u00e4lakisanka | JV Tuonti<\/title>\n<meta name=\"description\" content=\"Kuulosuojain Sordin left \/ RIGHT ovat eritt\u00e4in kevyet ja litte\u00e4t kuulosuojaimet p\u00e4\u00e4lakisangalla ja korkealla vaimennustasolla SNR 33dB.\" \/>\n<meta name=\"robots\" content=\"index, follow, max-snippet:-1, max-image-preview:large, max-video-preview:-1\" \/>\n<link rel=\"canonical\" href=\"https:\/\/hotelli03.domainhotelli.fi\/~lsdoecli\/tuote\/kuulosuojain-sordin-left-right-snr-33db-paalakisanka\/\" \/>\n<meta property=\"og:locale\" content=\"fi_FI\" \/>\n<meta property=\"og:type\" content=\"article\" \/>\n<meta property=\"og:title\" content=\"Kuulosuojain Sordin left \/ RIGHT SNR 33dB p\u00e4\u00e4lakisanka\" \/>\n<meta property=\"og:description\" content=\"Kuulosuojain Sordin left \/ RIGHT ovat eritt\u00e4in kevyet ja litte\u00e4t kuulosuojaimet p\u00e4\u00e4lakisangalla ja korkealla vaimennustasolla SNR 33dB.\" \/>\n<meta property=\"og:url\" content=\"https:\/\/hotelli03.domainhotelli.fi\/~lsdoecli\/tuote\/kuulosuojain-sordin-left-right-snr-33db-paalakisanka\/\" \/>\n<meta property=\"og:site_name\" content=\"JV Tuonti\" \/>\n<meta property=\"article:publisher\" content=\"https:\/\/www.facebook.com\/JVTuontiOy\" \/>\n<meta property=\"article:modified_time\" content=\"2021-11-02T09:43:11+00:00\" \/>\n<meta property=\"og:image\" content=\"https:\/\/hotelli03.domainhotelli.fi\/~lsdoecli\/wp-content\/uploads\/2021\/11\/Kuulosuojain-Sordin-left-RIGHT-SNR-33dB-paalakisanka.jpeg\" \/>\n\t<meta property=\"og:image:width\" content=\"600\" \/>\n\t<meta property=\"og:image:height\" content=\"600\" \/>\n\t<meta property=\"og:image:type\" content=\"image\/jpeg\" \/>\n<meta name=\"twitter:card\" content=\"summary_large_image\" \/>\n<meta name=\"twitter:label1\" content=\"Price\" \/>\n\t<meta name=\"twitter:data1\" content=\"33,98&nbsp;&euro; Alv 24%N\u00e4yt\u00e4 veroton hinta27,40&nbsp;&euro; Alv 0%N\u00e4yt\u00e4 verollinen hinta\" \/>\n\t<meta name=\"twitter:label2\" content=\"Availability\" \/>\n\t<meta name=\"twitter:data2\" content=\"In stock\" \/>\n<script type=\"application\/ld+json\" class=\"yoast-schema-graph\">{\"@context\":\"https:\/\/schema.org\",\"@graph\":[{\"@type\":[\"Organization\",\"Place\",\"WholesaleStore\"],\"@id\":\"https:\/\/hotelli03.domainhotelli.fi\/~lsdoecli\/#organization\",\"name\":\"JV Tuonti Oy\",\"url\":\"https:\/\/hotelli03.domainhotelli.fi\/~lsdoecli\/\",\"sameAs\":[\"https:\/\/instagram.com\/jvtuontioy?utm_medium=copy_link\",\"https:\/\/www.facebook.com\/JVTuontiOy\"],\"logo\":{\"@id\":\"https:\/\/hotelli03.domainhotelli.fi\/~lsdoecli\/tuote\/kuulosuojain-sordin-left-right-snr-33db-paalakisanka\/#local-main-organization-logo\"},\"image\":{\"@id\":\"https:\/\/hotelli03.domainhotelli.fi\/~lsdoecli\/tuote\/kuulosuojain-sordin-left-right-snr-33db-paalakisanka\/#local-main-organization-logo\"},\"address\":{\"@id\":\"https:\/\/hotelli03.domainhotelli.fi\/~lsdoecli\/tuote\/kuulosuojain-sordin-left-right-snr-33db-paalakisanka\/#local-main-place-address\"},\"geo\":{\"@type\":\"GeoCoordinates\",\"latitude\":\"60.28431\",\"longitude\":\"24.81654\"},\"telephone\":[\"0408369980\"],\"openingHoursSpecification\":[{\"@type\":\"OpeningHoursSpecification\",\"dayOfWeek\":[\"Monday\",\"Tuesday\",\"Wednesday\",\"Thursday\",\"Friday\"],\"opens\":\"08:00\",\"closes\":\"16:00\"},{\"@type\":\"OpeningHoursSpecification\",\"dayOfWeek\":[\"Saturday\",\"Sunday\"],\"opens\":\"00:00\",\"closes\":\"00:00\"}],\"email\":\"myynti@hotelli03.domainhotelli.fi\",\"areaServed\":\"Suomi, Ruotsi\",\"vatID\":\"FI30178387\",\"priceRange\":\"$$\",\"currenciesAccepted\":\"\u20ac\",\"paymentAccepted\":\"Lasku, pankkikortti\"},{\"@type\":\"WebSite\",\"@id\":\"https:\/\/hotelli03.domainhotelli.fi\/~lsdoecli\/#website\",\"url\":\"https:\/\/hotelli03.domainhotelli.fi\/~lsdoecli\/\",\"name\":\"JV Tuonti\",\"description\":\"JV Tuonti Oy:n verkkokauppa\",\"publisher\":{\"@id\":\"https:\/\/hotelli03.domainhotelli.fi\/~lsdoecli\/#organization\"},\"potentialAction\":[{\"@type\":\"SearchAction\",\"target\":{\"@type\":\"EntryPoint\",\"urlTemplate\":\"https:\/\/hotelli03.domainhotelli.fi\/~lsdoecli\/?s={search_term_string}\"},\"query-input\":\"required name=search_term_string\"}],\"inLanguage\":\"fi\"},{\"@type\":\"ImageObject\",\"inLanguage\":\"fi\",\"@id\":\"https:\/\/hotelli03.domainhotelli.fi\/~lsdoecli\/tuote\/kuulosuojain-sordin-left-right-snr-33db-paalakisanka\/#primaryimage\",\"url\":\"https:\/\/hotelli03.domainhotelli.fi\/~lsdoecli\/wp-content\/uploads\/2021\/11\/Kuulosuojain-Sordin-left-RIGHT-SNR-33dB-paalakisanka.jpeg\",\"contentUrl\":\"https:\/\/hotelli03.domainhotelli.fi\/~lsdoecli\/wp-content\/uploads\/2021\/11\/Kuulosuojain-Sordin-left-RIGHT-SNR-33dB-paalakisanka.jpeg\",\"width\":600,\"height\":600,\"caption\":\"Kuulosuojain Sordin left \/ RIGHT SNR 33dB p\u00e4\u00e4lakisanka\"},{\"@type\":\"WebPage\",\"@id\":\"https:\/\/hotelli03.domainhotelli.fi\/~lsdoecli\/tuote\/kuulosuojain-sordin-left-right-snr-33db-paalakisanka\/\",\"url\":\"https:\/\/hotelli03.domainhotelli.fi\/~lsdoecli\/tuote\/kuulosuojain-sordin-left-right-snr-33db-paalakisanka\/\",\"name\":\"Kuulosuojain Sordin left \/ RIGHT SNR 33dB p\u00e4\u00e4lakisanka | JV Tuonti\",\"isPartOf\":{\"@id\":\"https:\/\/hotelli03.domainhotelli.fi\/~lsdoecli\/#website\"},\"primaryImageOfPage\":{\"@id\":\"https:\/\/hotelli03.domainhotelli.fi\/~lsdoecli\/tuote\/kuulosuojain-sordin-left-right-snr-33db-paalakisanka\/#primaryimage\"},\"datePublished\":\"2021-11-02T09:32:51+00:00\",\"dateModified\":\"2021-11-02T09:43:11+00:00\",\"description\":\"Kuulosuojain Sordin left \/ RIGHT ovat eritt\u00e4in kevyet ja litte\u00e4t kuulosuojaimet p\u00e4\u00e4lakisangalla ja korkealla vaimennustasolla SNR 33dB.\",\"breadcrumb\":{\"@id\":\"https:\/\/hotelli03.domainhotelli.fi\/~lsdoecli\/tuote\/kuulosuojain-sordin-left-right-snr-33db-paalakisanka\/#breadcrumb\"},\"inLanguage\":\"fi\",\"potentialAction\":[{\"@type\":\"ReadAction\",\"target\":[\"https:\/\/hotelli03.domainhotelli.fi\/~lsdoecli\/tuote\/kuulosuojain-sordin-left-right-snr-33db-paalakisanka\/\"]}]},{\"@type\":\"BreadcrumbList\",\"@id\":\"https:\/\/hotelli03.domainhotelli.fi\/~lsdoecli\/tuote\/kuulosuojain-sordin-left-right-snr-33db-paalakisanka\/#breadcrumb\",\"itemListElement\":[{\"@type\":\"ListItem\",\"position\":1,\"name\":\"Etusivu\",\"item\":\"https:\/\/hotelli03.domainhotelli.fi\/~lsdoecli\/\"},{\"@type\":\"ListItem\",\"position\":2,\"name\":\"Kauppa\",\"item\":\"https:\/\/hotelli03.domainhotelli.fi\/~lsdoecli\/kauppa\/\"},{\"@type\":\"ListItem\",\"position\":3,\"name\":\"Kuulosuojain Sordin left \/ RIGHT SNR 33dB p\u00e4\u00e4lakisanka\"}]},{\"@type\":\"PostalAddress\",\"@id\":\"https:\/\/hotelli03.domainhotelli.fi\/~lsdoecli\/tuote\/kuulosuojain-sordin-left-right-snr-33db-paalakisanka\/#local-main-place-address\",\"streetAddress\":\"Pyymosantie 5a\",\"addressLocality\":\"Vantaa\",\"postalCode\":\"01720\",\"addressCountry\":\"FI\"},{\"@type\":\"ImageObject\",\"inLanguage\":\"fi\",\"@id\":\"https:\/\/hotelli03.domainhotelli.fi\/~lsdoecli\/tuote\/kuulosuojain-sordin-left-right-snr-33db-paalakisanka\/#local-main-organization-logo\",\"url\":\"https:\/\/hotelli03.domainhotelli.fi\/~lsdoecli\/wp-content\/uploads\/2021\/08\/JVTuonti_logo_nelio.jpg\",\"contentUrl\":\"https:\/\/hotelli03.domainhotelli.fi\/~lsdoecli\/wp-content\/uploads\/2021\/08\/JVTuonti_logo_nelio.jpg\",\"width\":550,\"height\":550,\"caption\":\"JV Tuonti Oy\"}]}<\/script>\n<meta property=\"product:brand\" content=\"Sordin\" \/>\n<meta property=\"product:price:amount\" content=\"33.98\" \/>\n<meta property=\"product:price:currency\" content=\"EUR\" \/>\n<meta property=\"og:availability\" content=\"instock\" \/>\n<meta property=\"product:availability\" content=\"instock\" \/>\n<meta property=\"product:retailer_item_id\" content=\"63000-04-S\" \/>\n<meta property=\"product:condition\" content=\"new\" \/>\n<meta name=\"geo.placename\" content=\"Vantaa\" \/>\n<meta name=\"geo.position\" content=\"60.28431;24.81654\" \/>\n<meta name=\"geo.region\" content=\"Suomi\" \/>\n<!-- \/ Yoast SEO Premium plugin. -->","yoast_head_json":{"title":"Kuulosuojain Sordin left \/ RIGHT SNR 33dB p\u00e4\u00e4lakisanka | JV Tuonti","description":"Kuulosuojain Sordin left \/ RIGHT ovat eritt\u00e4in kevyet ja litte\u00e4t kuulosuojaimet p\u00e4\u00e4lakisangalla ja korkealla vaimennustasolla SNR 33dB.","robots":{"index":"index","follow":"follow","max-snippet":"max-snippet:-1","max-image-preview":"max-image-preview:large","max-video-preview":"max-video-preview:-1"},"canonical":"https:\/\/hotelli03.domainhotelli.fi\/~lsdoecli\/tuote\/kuulosuojain-sordin-left-right-snr-33db-paalakisanka\/","og_locale":"fi_FI","og_type":"article","og_title":"Kuulosuojain Sordin left \/ RIGHT SNR 33dB p\u00e4\u00e4lakisanka","og_description":"Kuulosuojain Sordin left \/ RIGHT ovat eritt\u00e4in kevyet ja litte\u00e4t kuulosuojaimet p\u00e4\u00e4lakisangalla ja korkealla vaimennustasolla SNR 33dB.","og_url":"https:\/\/hotelli03.domainhotelli.fi\/~lsdoecli\/tuote\/kuulosuojain-sordin-left-right-snr-33db-paalakisanka\/","og_site_name":"JV Tuonti","article_publisher":"https:\/\/www.facebook.com\/JVTuontiOy","article_modified_time":"2021-11-02T09:43:11+00:00","og_image":[{"width":600,"height":600,"url":"https:\/\/hotelli03.domainhotelli.fi\/~lsdoecli\/wp-content\/uploads\/2021\/11\/Kuulosuojain-Sordin-left-RIGHT-SNR-33dB-paalakisanka.jpeg","type":"image\/jpeg"}],"twitter_card":"summary_large_image","twitter_misc":{"Price":"33,98&nbsp;&euro; Alv 24%N\u00e4yt\u00e4 veroton hinta27,40&nbsp;&euro; Alv 0%N\u00e4yt\u00e4 verollinen hinta","Availability":"In stock"},"schema":{"@context":"https:\/\/schema.org","@graph":[{"@type":["Organization","Place","WholesaleStore"],"@id":"https:\/\/hotelli03.domainhotelli.fi\/~lsdoecli\/#organization","name":"JV Tuonti Oy","url":"https:\/\/hotelli03.domainhotelli.fi\/~lsdoecli\/","sameAs":["https:\/\/instagram.com\/jvtuontioy?utm_medium=copy_link","https:\/\/www.facebook.com\/JVTuontiOy"],"logo":{"@id":"https:\/\/hotelli03.domainhotelli.fi\/~lsdoecli\/tuote\/kuulosuojain-sordin-left-right-snr-33db-paalakisanka\/#local-main-organization-logo"},"image":{"@id":"https:\/\/hotelli03.domainhotelli.fi\/~lsdoecli\/tuote\/kuulosuojain-sordin-left-right-snr-33db-paalakisanka\/#local-main-organization-logo"},"address":{"@id":"https:\/\/hotelli03.domainhotelli.fi\/~lsdoecli\/tuote\/kuulosuojain-sordin-left-right-snr-33db-paalakisanka\/#local-main-place-address"},"geo":{"@type":"GeoCoordinates","latitude":"60.28431","longitude":"24.81654"},"telephone":["0408369980"],"openingHoursSpecification":[{"@type":"OpeningHoursSpecification","dayOfWeek":["Monday","Tuesday","Wednesday","Thursday","Friday"],"opens":"08:00","closes":"16:00"},{"@type":"OpeningHoursSpecification","dayOfWeek":["Saturday","Sunday"],"opens":"00:00","closes":"00:00"}],"email":"myynti@hotelli03.domainhotelli.fi","areaServed":"Suomi, Ruotsi","vatID":"FI30178387","priceRange":"$$","currenciesAccepted":"\u20ac","paymentAccepted":"Lasku, pankkikortti"},{"@type":"WebSite","@id":"https:\/\/hotelli03.domainhotelli.fi\/~lsdoecli\/#website","url":"https:\/\/hotelli03.domainhotelli.fi\/~lsdoecli\/","name":"JV Tuonti","description":"JV Tuonti Oy:n verkkokauppa","publisher":{"@id":"https:\/\/hotelli03.domainhotelli.fi\/~lsdoecli\/#organization"},"potentialAction":[{"@type":"SearchAction","target":{"@type":"EntryPoint","urlTemplate":"https:\/\/hotelli03.domainhotelli.fi\/~lsdoecli\/?s={search_term_string}"},"query-input":"required name=search_term_string"}],"inLanguage":"fi"},{"@type":"ImageObject","inLanguage":"fi","@id":"https:\/\/hotelli03.domainhotelli.fi\/~lsdoecli\/tuote\/kuulosuojain-sordin-left-right-snr-33db-paalakisanka\/#primaryimage","url":"https:\/\/hotelli03.domainhotelli.fi\/~lsdoecli\/wp-content\/uploads\/2021\/11\/Kuulosuojain-Sordin-left-RIGHT-SNR-33dB-paalakisanka.jpeg","contentUrl":"https:\/\/hotelli03.domainhotelli.fi\/~lsdoecli\/wp-content\/uploads\/2021\/11\/Kuulosuojain-Sordin-left-RIGHT-SNR-33dB-paalakisanka.jpeg","width":600,"height":600,"caption":"Kuulosuojain Sordin left \/ RIGHT SNR 33dB p\u00e4\u00e4lakisanka"},{"@type":"WebPage","@id":"https:\/\/hotelli03.domainhotelli.fi\/~lsdoecli\/tuote\/kuulosuojain-sordin-left-right-snr-33db-paalakisanka\/","url":"https:\/\/hotelli03.domainhotelli.fi\/~lsdoecli\/tuote\/kuulosuojain-sordin-left-right-snr-33db-paalakisanka\/","name":"Kuulosuojain Sordin left \/ RIGHT SNR 33dB p\u00e4\u00e4lakisanka | JV Tuonti","isPartOf":{"@id":"https:\/\/hotelli03.domainhotelli.fi\/~lsdoecli\/#website"},"primaryImageOfPage":{"@id":"https:\/\/hotelli03.domainhotelli.fi\/~lsdoecli\/tuote\/kuulosuojain-sordin-left-right-snr-33db-paalakisanka\/#primaryimage"},"datePublished":"2021-11-02T09:32:51+00:00","dateModified":"2021-11-02T09:43:11+00:00","description":"Kuulosuojain Sordin left \/ RIGHT ovat eritt\u00e4in kevyet ja litte\u00e4t kuulosuojaimet p\u00e4\u00e4lakisangalla ja korkealla vaimennustasolla SNR 33dB.","breadcrumb":{"@id":"https:\/\/hotelli03.domainhotelli.fi\/~lsdoecli\/tuote\/kuulosuojain-sordin-left-right-snr-33db-paalakisanka\/#breadcrumb"},"inLanguage":"fi","potentialAction":[{"@type":"ReadAction","target":["https:\/\/hotelli03.domainhotelli.fi\/~lsdoecli\/tuote\/kuulosuojain-sordin-left-right-snr-33db-paalakisanka\/"]}]},{"@type":"BreadcrumbList","@id":"https:\/\/hotelli03.domainhotelli.fi\/~lsdoecli\/tuote\/kuulosuojain-sordin-left-right-snr-33db-paalakisanka\/#breadcrumb","itemListElement":[{"@type":"ListItem","position":1,"name":"Etusivu","item":"https:\/\/hotelli03.domainhotelli.fi\/~lsdoecli\/"},{"@type":"ListItem","position":2,"name":"Kauppa","item":"https:\/\/hotelli03.domainhotelli.fi\/~lsdoecli\/kauppa\/"},{"@type":"ListItem","position":3,"name":"Kuulosuojain Sordin left \/ RIGHT SNR 33dB p\u00e4\u00e4lakisanka"}]},{"@type":"PostalAddress","@id":"https:\/\/hotelli03.domainhotelli.fi\/~lsdoecli\/tuote\/kuulosuojain-sordin-left-right-snr-33db-paalakisanka\/#local-main-place-address","streetAddress":"Pyymosantie 5a","addressLocality":"Vantaa","postalCode":"01720","addressCountry":"FI"},{"@type":"ImageObject","inLanguage":"fi","@id":"https:\/\/hotelli03.domainhotelli.fi\/~lsdoecli\/tuote\/kuulosuojain-sordin-left-right-snr-33db-paalakisanka\/#local-main-organization-logo","url":"https:\/\/hotelli03.domainhotelli.fi\/~lsdoecli\/wp-content\/uploads\/2021\/08\/JVTuonti_logo_nelio.jpg","contentUrl":"https:\/\/hotelli03.domainhotelli.fi\/~lsdoecli\/wp-content\/uploads\/2021\/08\/JVTuonti_logo_nelio.jpg","width":550,"height":550,"caption":"JV Tuonti Oy"}]},"product_brand":"Sordin","product_price_amount":"33.98","product_price_currency":"EUR","og_availability":"instock","product_availability":"instock","product_retailer_item_id":"63000-04-S","product_condition":"new","geo.placename":"Vantaa","geo.position":{"lat":"60.28431","long":"24.81654"},"geo.region":"Suomi"},"_links":{"self":[{"href":"https:\/\/hotelli03.domainhotelli.fi\/~lsdoecli\/wp-json\/wp\/v2\/product\/8210"}],"collection":[{"href":"https:\/\/hotelli03.domainhotelli.fi\/~lsdoecli\/wp-json\/wp\/v2\/product"}],"about":[{"href":"https:\/\/hotelli03.domainhotelli.fi\/~lsdoecli\/wp-json\/wp\/v2\/types\/product"}],"replies":[{"embeddable":true,"href":"https:\/\/hotelli03.domainhotelli.fi\/~lsdoecli\/wp-json\/wp\/v2\/comments?post=8210"}],"wp:featuredmedia":[{"embeddable":true,"href":"https:\/\/hotelli03.domainhotelli.fi\/~lsdoecli\/wp-json\/wp\/v2\/media\/8211"}],"wp:attachment":[{"href":"https:\/\/hotelli03.domainhotelli.fi\/~lsdoecli\/wp-json\/wp\/v2\/media?parent=8210"}],"wp:term":[{"taxonomy":"product_cat","embeddable":true,"href":"https:\/\/hotelli03.domainhotelli.fi\/~lsdoecli\/wp-json\/wp\/v2\/product_cat?post=8210"},{"taxonomy":"product_tag","embeddable":true,"href":"https:\/\/hotelli03.domainhotelli.fi\/~lsdoecli\/wp-json\/wp\/v2\/product_tag?post=8210"}],"curies":[{"name":"wp","href":"https:\/\/api.w.org\/{rel}","templated":true}]}}