{"id":8187,"date":"2021-11-01T12:45:39","date_gmt":"2021-11-01T12:45:39","guid":{"rendered":"https:\/\/hotelli03.domainhotelli.fi\/~lsdoecli\/?post_type=product&#038;p=8187"},"modified":"2021-11-01T13:05:24","modified_gmt":"2021-11-01T13:05:24","slug":"kuulosuojain-sordin-exc-kyparakiinnike","status":"publish","type":"product","link":"https:\/\/hotelli03.domainhotelli.fi\/~lsdoecli\/tuote\/kuulosuojain-sordin-exc-kyparakiinnike\/","title":{"rendered":"Kuulosuojain Sordin EXC kyp\u00e4r\u00e4kiinnike"},"content":{"rendered":"<h2>Kyp\u00e4r\u00e4kiinnitteiset, adapter 01 sovittimilla varustetut kevyet medium-vaimennustason kuppikuulosuojaimet.<\/h2>\n<p>Kuulosuojain Sordin EXC on Sordin Classic -sarjan malli, jossa sis\u00e4ll\u00e4 ainutlaatuiset ruiskupuristevaletut vaimennussis\u00e4osat, jotka tarjoavat miellytt\u00e4v\u00e4n vaimennuksen ja korvalehdille poikkeuksellisen runsaasti tilaa. Patentoitu jousirakenne, joka tarjoaa kevyen paineen p\u00e4\u00e4t\u00e4 vasten, ja erinomaisen k\u00e4ytt\u00f6mukavuuden. Suositeltava malli monipuoliseen yleisk\u00e4ytt\u00f6\u00f6n niin teollisuudessa kuin vapaa-ajallakin.<\/p>\n<p>Pehmusterenkaiden alalaidoissa korvalehden mukainen muotoilu, joka parantaa k\u00e4ytt\u00f6mukavuutta ja tiiveytt\u00e4. Rakenne ja pintojen tarjoama ote on suunniteltu tehokkaaksi k\u00e4ytt\u00e4\u00e4 my\u00f6s k\u00e4sineet k\u00e4dess\u00e4.<\/p>\n<h4>Kuulosuojain Sordin EXC ominaisuudet \/ tekniset tiedot:<\/h4>\n<ul>\n<li>Portaattomasti liukuva pituuden s\u00e4\u00e4t\u00f6.<\/li>\n<li>Kompakti, kest\u00e4v\u00e4 rakenne.<\/li>\n<li>Eritt\u00e4in pehme\u00e4t ja helposti vaihdettavat tiivisterenkaat.<\/li>\n<li>Paino vain 215 g.<\/li>\n<li>V\u00e4ri: musta.<\/li>\n<li>CE EN 352-2.<\/li>\n<li>Suorituskyky\/vaimennusarvot: SNR 26 dB. H=29, M=23, L=15.<\/li>\n<li>Materiaali- ja valmistusvirhetakuu 2 vuotta.<\/li>\n<li>Valmistusmaa Ruotsi.<\/li>\n<\/ul>\n<h4><\/h4>\n<h4>Adapter 01 soveltuu k\u00e4ytett\u00e4v\u00e4ksi mm. seuraavien ty\u00f6kyp\u00e4rien kanssa:<\/h4>\n<p>&#8211; Kask Zenith -sarja<br \/>\n&#8211; Kask Plasma -sarja ja HP (edellytt\u00e4\u00e4 kuulosuojainsovittimia)<br \/>\n&#8211; CT &#8211; Climbing Technology Aries -sarja<br \/>\n&#8211; Beal Skyfall<br \/>\n&#8211; Petzl Vertex<br \/>\n&#8211; Petzl Alveo<br \/>\n&#8211; Balance AC ja HD<br \/>\n&#8211; JSP Mk II<br \/>\n&#8211; Protector Tuffmaster II ja Style 300<\/p>\n<p>&nbsp;<\/p>\n<p><a href=\"https:\/\/hotelli03.domainhotelli.fi\/~lsdoecli\/tuote-osasto\/rakennustarvikkeet\/suojaimet\/kuulosuojaimet\/\">Katso my\u00f6s muut kuulosuojain mallit t\u00e4st\u00e4!\u00a0<\/a><\/p>\n<p>&nbsp;<\/p>\n<p>&nbsp;<\/p>\n<p>Maahantuoja: <a href=\"https:\/\/www.vandernet.com\">Vandernet Oy<\/a><\/p>\n","protected":false},"excerpt":{"rendered":"<h4>Kyp\u00e4r\u00e4kiinnitteiset, adapter 01 sovittimilla varustetut kevyet medium-vaimennustason SNR 26dB kuppikuulosuojaimet.<\/h4>\n<h5>Kuulosuojain Sordin EXC ominaisuudet \/ tekniset tiedot:<\/h5>\n<ul>\n<li>Portaattomasti liukuva pituuden s\u00e4\u00e4t\u00f6.<\/li>\n<li>Kompakti, kest\u00e4v\u00e4 rakenne.<\/li>\n<li>Eritt\u00e4in pehme\u00e4t ja helposti vaihdettavat tiivisterenkaat.<\/li>\n<li>Paino vain 215 g.<\/li>\n<li>V\u00e4ri: musta.<\/li>\n<li>CE EN 352-2.<\/li>\n<li>Suorituskyky\/vaimennusarvot: SNR 26 dB. H=29, M=23, L=15.<\/li>\n<li>Materiaali- ja valmistusvirhetakuu 2 vuotta.<\/li>\n<li>Valmistusmaa Ruotsi.<\/li>\n<\/ul>\n","protected":false},"featured_media":8188,"comment_status":"open","ping_status":"closed","template":"","meta":[],"product_cat":[106],"product_tag":[881,883,882],"yoast_head":"<!-- This site is optimized with the Yoast SEO Premium plugin v18.9 (Yoast SEO v19.3) - https:\/\/yoast.com\/wordpress\/plugins\/seo\/ -->\n<title>Kuulosuojain Sordin EXC kyp\u00e4r\u00e4kiinnike | JV Tuonti<\/title>\n<meta name=\"description\" content=\"Kuulosuojain Sordin EXC Kyp\u00e4r\u00e4kiinnitteiset, adapter 01 sovittimilla varustetut kevyet medium-vaimennustason kuppikuulosuojaimet. SNR 26dB\" \/>\n<meta name=\"robots\" content=\"index, follow, max-snippet:-1, max-image-preview:large, max-video-preview:-1\" \/>\n<link rel=\"canonical\" href=\"https:\/\/hotelli03.domainhotelli.fi\/~lsdoecli\/tuote\/kuulosuojain-sordin-exc-kyparakiinnike\/\" \/>\n<meta property=\"og:locale\" content=\"fi_FI\" \/>\n<meta property=\"og:type\" content=\"article\" \/>\n<meta property=\"og:title\" content=\"Kuulosuojain Sordin EXC kyp\u00e4r\u00e4kiinnike\" \/>\n<meta property=\"og:description\" content=\"Kuulosuojain Sordin EXC Kyp\u00e4r\u00e4kiinnitteiset, adapter 01 sovittimilla varustetut kevyet medium-vaimennustason kuppikuulosuojaimet. SNR 26dB\" \/>\n<meta property=\"og:url\" content=\"https:\/\/hotelli03.domainhotelli.fi\/~lsdoecli\/tuote\/kuulosuojain-sordin-exc-kyparakiinnike\/\" \/>\n<meta property=\"og:site_name\" content=\"JV Tuonti\" \/>\n<meta property=\"article:publisher\" content=\"https:\/\/www.facebook.com\/JVTuontiOy\" \/>\n<meta property=\"article:modified_time\" content=\"2021-11-01T13:05:24+00:00\" \/>\n<meta property=\"og:image\" content=\"https:\/\/hotelli03.domainhotelli.fi\/~lsdoecli\/wp-content\/uploads\/2021\/11\/Kuulosuojain-Sordin-EXC-kyparakiinnike.jpeg\" \/>\n\t<meta property=\"og:image:width\" content=\"600\" \/>\n\t<meta property=\"og:image:height\" content=\"600\" \/>\n\t<meta property=\"og:image:type\" content=\"image\/jpeg\" \/>\n<meta name=\"twitter:card\" content=\"summary_large_image\" \/>\n<meta name=\"twitter:label1\" content=\"Price\" \/>\n\t<meta name=\"twitter:data1\" content=\"23,94&nbsp;&euro; Alv 24%N\u00e4yt\u00e4 veroton hinta19,31&nbsp;&euro; Alv 0%N\u00e4yt\u00e4 verollinen hinta\" \/>\n\t<meta name=\"twitter:label2\" content=\"Availability\" \/>\n\t<meta name=\"twitter:data2\" content=\"In stock\" \/>\n<script type=\"application\/ld+json\" class=\"yoast-schema-graph\">{\"@context\":\"https:\/\/schema.org\",\"@graph\":[{\"@type\":[\"Organization\",\"Place\",\"WholesaleStore\"],\"@id\":\"https:\/\/hotelli03.domainhotelli.fi\/~lsdoecli\/#organization\",\"name\":\"JV Tuonti Oy\",\"url\":\"https:\/\/hotelli03.domainhotelli.fi\/~lsdoecli\/\",\"sameAs\":[\"https:\/\/instagram.com\/jvtuontioy?utm_medium=copy_link\",\"https:\/\/www.facebook.com\/JVTuontiOy\"],\"logo\":{\"@id\":\"https:\/\/hotelli03.domainhotelli.fi\/~lsdoecli\/tuote\/kuulosuojain-sordin-exc-kyparakiinnike\/#local-main-organization-logo\"},\"image\":{\"@id\":\"https:\/\/hotelli03.domainhotelli.fi\/~lsdoecli\/tuote\/kuulosuojain-sordin-exc-kyparakiinnike\/#local-main-organization-logo\"},\"address\":{\"@id\":\"https:\/\/hotelli03.domainhotelli.fi\/~lsdoecli\/tuote\/kuulosuojain-sordin-exc-kyparakiinnike\/#local-main-place-address\"},\"geo\":{\"@type\":\"GeoCoordinates\",\"latitude\":\"60.28431\",\"longitude\":\"24.81654\"},\"telephone\":[\"0408369980\"],\"openingHoursSpecification\":[{\"@type\":\"OpeningHoursSpecification\",\"dayOfWeek\":[\"Monday\",\"Tuesday\",\"Wednesday\",\"Thursday\",\"Friday\"],\"opens\":\"08:00\",\"closes\":\"16:00\"},{\"@type\":\"OpeningHoursSpecification\",\"dayOfWeek\":[\"Saturday\",\"Sunday\"],\"opens\":\"00:00\",\"closes\":\"00:00\"}],\"email\":\"myynti@hotelli03.domainhotelli.fi\",\"areaServed\":\"Suomi, Ruotsi\",\"vatID\":\"FI30178387\",\"priceRange\":\"$$\",\"currenciesAccepted\":\"\u20ac\",\"paymentAccepted\":\"Lasku, pankkikortti\"},{\"@type\":\"WebSite\",\"@id\":\"https:\/\/hotelli03.domainhotelli.fi\/~lsdoecli\/#website\",\"url\":\"https:\/\/hotelli03.domainhotelli.fi\/~lsdoecli\/\",\"name\":\"JV Tuonti\",\"description\":\"JV Tuonti Oy:n verkkokauppa\",\"publisher\":{\"@id\":\"https:\/\/hotelli03.domainhotelli.fi\/~lsdoecli\/#organization\"},\"potentialAction\":[{\"@type\":\"SearchAction\",\"target\":{\"@type\":\"EntryPoint\",\"urlTemplate\":\"https:\/\/hotelli03.domainhotelli.fi\/~lsdoecli\/?s={search_term_string}\"},\"query-input\":\"required name=search_term_string\"}],\"inLanguage\":\"fi\"},{\"@type\":\"ImageObject\",\"inLanguage\":\"fi\",\"@id\":\"https:\/\/hotelli03.domainhotelli.fi\/~lsdoecli\/tuote\/kuulosuojain-sordin-exc-kyparakiinnike\/#primaryimage\",\"url\":\"https:\/\/hotelli03.domainhotelli.fi\/~lsdoecli\/wp-content\/uploads\/2021\/11\/Kuulosuojain-Sordin-EXC-kyparakiinnike.jpeg\",\"contentUrl\":\"https:\/\/hotelli03.domainhotelli.fi\/~lsdoecli\/wp-content\/uploads\/2021\/11\/Kuulosuojain-Sordin-EXC-kyparakiinnike.jpeg\",\"width\":600,\"height\":600,\"caption\":\"Kuulosuojain Sordin EXC kyp\u00e4r\u00e4kiinnike\"},{\"@type\":\"WebPage\",\"@id\":\"https:\/\/hotelli03.domainhotelli.fi\/~lsdoecli\/tuote\/kuulosuojain-sordin-exc-kyparakiinnike\/\",\"url\":\"https:\/\/hotelli03.domainhotelli.fi\/~lsdoecli\/tuote\/kuulosuojain-sordin-exc-kyparakiinnike\/\",\"name\":\"Kuulosuojain Sordin EXC kyp\u00e4r\u00e4kiinnike | JV Tuonti\",\"isPartOf\":{\"@id\":\"https:\/\/hotelli03.domainhotelli.fi\/~lsdoecli\/#website\"},\"primaryImageOfPage\":{\"@id\":\"https:\/\/hotelli03.domainhotelli.fi\/~lsdoecli\/tuote\/kuulosuojain-sordin-exc-kyparakiinnike\/#primaryimage\"},\"datePublished\":\"2021-11-01T12:45:39+00:00\",\"dateModified\":\"2021-11-01T13:05:24+00:00\",\"description\":\"Kuulosuojain Sordin EXC Kyp\u00e4r\u00e4kiinnitteiset, adapter 01 sovittimilla varustetut kevyet medium-vaimennustason kuppikuulosuojaimet. SNR 26dB\",\"breadcrumb\":{\"@id\":\"https:\/\/hotelli03.domainhotelli.fi\/~lsdoecli\/tuote\/kuulosuojain-sordin-exc-kyparakiinnike\/#breadcrumb\"},\"inLanguage\":\"fi\",\"potentialAction\":[{\"@type\":\"ReadAction\",\"target\":[\"https:\/\/hotelli03.domainhotelli.fi\/~lsdoecli\/tuote\/kuulosuojain-sordin-exc-kyparakiinnike\/\"]}]},{\"@type\":\"BreadcrumbList\",\"@id\":\"https:\/\/hotelli03.domainhotelli.fi\/~lsdoecli\/tuote\/kuulosuojain-sordin-exc-kyparakiinnike\/#breadcrumb\",\"itemListElement\":[{\"@type\":\"ListItem\",\"position\":1,\"name\":\"Etusivu\",\"item\":\"https:\/\/hotelli03.domainhotelli.fi\/~lsdoecli\/\"},{\"@type\":\"ListItem\",\"position\":2,\"name\":\"Kauppa\",\"item\":\"https:\/\/hotelli03.domainhotelli.fi\/~lsdoecli\/kauppa\/\"},{\"@type\":\"ListItem\",\"position\":3,\"name\":\"Kuulosuojain Sordin EXC kyp\u00e4r\u00e4kiinnike\"}]},{\"@type\":\"PostalAddress\",\"@id\":\"https:\/\/hotelli03.domainhotelli.fi\/~lsdoecli\/tuote\/kuulosuojain-sordin-exc-kyparakiinnike\/#local-main-place-address\",\"streetAddress\":\"Pyymosantie 5a\",\"addressLocality\":\"Vantaa\",\"postalCode\":\"01720\",\"addressCountry\":\"FI\"},{\"@type\":\"ImageObject\",\"inLanguage\":\"fi\",\"@id\":\"https:\/\/hotelli03.domainhotelli.fi\/~lsdoecli\/tuote\/kuulosuojain-sordin-exc-kyparakiinnike\/#local-main-organization-logo\",\"url\":\"https:\/\/hotelli03.domainhotelli.fi\/~lsdoecli\/wp-content\/uploads\/2021\/08\/JVTuonti_logo_nelio.jpg\",\"contentUrl\":\"https:\/\/hotelli03.domainhotelli.fi\/~lsdoecli\/wp-content\/uploads\/2021\/08\/JVTuonti_logo_nelio.jpg\",\"width\":550,\"height\":550,\"caption\":\"JV Tuonti Oy\"}]}<\/script>\n<meta property=\"product:brand\" content=\"Sordin\" \/>\n<meta property=\"product:price:amount\" content=\"23.94\" \/>\n<meta property=\"product:price:currency\" content=\"EUR\" \/>\n<meta property=\"og:availability\" content=\"instock\" \/>\n<meta property=\"product:availability\" content=\"instock\" \/>\n<meta property=\"product:retailer_item_id\" content=\"10010-S\" \/>\n<meta property=\"product:condition\" content=\"new\" \/>\n<meta name=\"geo.placename\" content=\"Vantaa\" \/>\n<meta name=\"geo.position\" content=\"60.28431;24.81654\" \/>\n<meta name=\"geo.region\" content=\"Suomi\" \/>\n<!-- \/ Yoast SEO Premium plugin. -->","yoast_head_json":{"title":"Kuulosuojain Sordin EXC kyp\u00e4r\u00e4kiinnike | JV Tuonti","description":"Kuulosuojain Sordin EXC Kyp\u00e4r\u00e4kiinnitteiset, adapter 01 sovittimilla varustetut kevyet medium-vaimennustason kuppikuulosuojaimet. SNR 26dB","robots":{"index":"index","follow":"follow","max-snippet":"max-snippet:-1","max-image-preview":"max-image-preview:large","max-video-preview":"max-video-preview:-1"},"canonical":"https:\/\/hotelli03.domainhotelli.fi\/~lsdoecli\/tuote\/kuulosuojain-sordin-exc-kyparakiinnike\/","og_locale":"fi_FI","og_type":"article","og_title":"Kuulosuojain Sordin EXC kyp\u00e4r\u00e4kiinnike","og_description":"Kuulosuojain Sordin EXC Kyp\u00e4r\u00e4kiinnitteiset, adapter 01 sovittimilla varustetut kevyet medium-vaimennustason kuppikuulosuojaimet. SNR 26dB","og_url":"https:\/\/hotelli03.domainhotelli.fi\/~lsdoecli\/tuote\/kuulosuojain-sordin-exc-kyparakiinnike\/","og_site_name":"JV Tuonti","article_publisher":"https:\/\/www.facebook.com\/JVTuontiOy","article_modified_time":"2021-11-01T13:05:24+00:00","og_image":[{"width":600,"height":600,"url":"https:\/\/hotelli03.domainhotelli.fi\/~lsdoecli\/wp-content\/uploads\/2021\/11\/Kuulosuojain-Sordin-EXC-kyparakiinnike.jpeg","type":"image\/jpeg"}],"twitter_card":"summary_large_image","twitter_misc":{"Price":"23,94&nbsp;&euro; Alv 24%N\u00e4yt\u00e4 veroton hinta19,31&nbsp;&euro; Alv 0%N\u00e4yt\u00e4 verollinen hinta","Availability":"In stock"},"schema":{"@context":"https:\/\/schema.org","@graph":[{"@type":["Organization","Place","WholesaleStore"],"@id":"https:\/\/hotelli03.domainhotelli.fi\/~lsdoecli\/#organization","name":"JV Tuonti Oy","url":"https:\/\/hotelli03.domainhotelli.fi\/~lsdoecli\/","sameAs":["https:\/\/instagram.com\/jvtuontioy?utm_medium=copy_link","https:\/\/www.facebook.com\/JVTuontiOy"],"logo":{"@id":"https:\/\/hotelli03.domainhotelli.fi\/~lsdoecli\/tuote\/kuulosuojain-sordin-exc-kyparakiinnike\/#local-main-organization-logo"},"image":{"@id":"https:\/\/hotelli03.domainhotelli.fi\/~lsdoecli\/tuote\/kuulosuojain-sordin-exc-kyparakiinnike\/#local-main-organization-logo"},"address":{"@id":"https:\/\/hotelli03.domainhotelli.fi\/~lsdoecli\/tuote\/kuulosuojain-sordin-exc-kyparakiinnike\/#local-main-place-address"},"geo":{"@type":"GeoCoordinates","latitude":"60.28431","longitude":"24.81654"},"telephone":["0408369980"],"openingHoursSpecification":[{"@type":"OpeningHoursSpecification","dayOfWeek":["Monday","Tuesday","Wednesday","Thursday","Friday"],"opens":"08:00","closes":"16:00"},{"@type":"OpeningHoursSpecification","dayOfWeek":["Saturday","Sunday"],"opens":"00:00","closes":"00:00"}],"email":"myynti@hotelli03.domainhotelli.fi","areaServed":"Suomi, Ruotsi","vatID":"FI30178387","priceRange":"$$","currenciesAccepted":"\u20ac","paymentAccepted":"Lasku, pankkikortti"},{"@type":"WebSite","@id":"https:\/\/hotelli03.domainhotelli.fi\/~lsdoecli\/#website","url":"https:\/\/hotelli03.domainhotelli.fi\/~lsdoecli\/","name":"JV Tuonti","description":"JV Tuonti Oy:n verkkokauppa","publisher":{"@id":"https:\/\/hotelli03.domainhotelli.fi\/~lsdoecli\/#organization"},"potentialAction":[{"@type":"SearchAction","target":{"@type":"EntryPoint","urlTemplate":"https:\/\/hotelli03.domainhotelli.fi\/~lsdoecli\/?s={search_term_string}"},"query-input":"required name=search_term_string"}],"inLanguage":"fi"},{"@type":"ImageObject","inLanguage":"fi","@id":"https:\/\/hotelli03.domainhotelli.fi\/~lsdoecli\/tuote\/kuulosuojain-sordin-exc-kyparakiinnike\/#primaryimage","url":"https:\/\/hotelli03.domainhotelli.fi\/~lsdoecli\/wp-content\/uploads\/2021\/11\/Kuulosuojain-Sordin-EXC-kyparakiinnike.jpeg","contentUrl":"https:\/\/hotelli03.domainhotelli.fi\/~lsdoecli\/wp-content\/uploads\/2021\/11\/Kuulosuojain-Sordin-EXC-kyparakiinnike.jpeg","width":600,"height":600,"caption":"Kuulosuojain Sordin EXC kyp\u00e4r\u00e4kiinnike"},{"@type":"WebPage","@id":"https:\/\/hotelli03.domainhotelli.fi\/~lsdoecli\/tuote\/kuulosuojain-sordin-exc-kyparakiinnike\/","url":"https:\/\/hotelli03.domainhotelli.fi\/~lsdoecli\/tuote\/kuulosuojain-sordin-exc-kyparakiinnike\/","name":"Kuulosuojain Sordin EXC kyp\u00e4r\u00e4kiinnike | JV Tuonti","isPartOf":{"@id":"https:\/\/hotelli03.domainhotelli.fi\/~lsdoecli\/#website"},"primaryImageOfPage":{"@id":"https:\/\/hotelli03.domainhotelli.fi\/~lsdoecli\/tuote\/kuulosuojain-sordin-exc-kyparakiinnike\/#primaryimage"},"datePublished":"2021-11-01T12:45:39+00:00","dateModified":"2021-11-01T13:05:24+00:00","description":"Kuulosuojain Sordin EXC Kyp\u00e4r\u00e4kiinnitteiset, adapter 01 sovittimilla varustetut kevyet medium-vaimennustason kuppikuulosuojaimet. SNR 26dB","breadcrumb":{"@id":"https:\/\/hotelli03.domainhotelli.fi\/~lsdoecli\/tuote\/kuulosuojain-sordin-exc-kyparakiinnike\/#breadcrumb"},"inLanguage":"fi","potentialAction":[{"@type":"ReadAction","target":["https:\/\/hotelli03.domainhotelli.fi\/~lsdoecli\/tuote\/kuulosuojain-sordin-exc-kyparakiinnike\/"]}]},{"@type":"BreadcrumbList","@id":"https:\/\/hotelli03.domainhotelli.fi\/~lsdoecli\/tuote\/kuulosuojain-sordin-exc-kyparakiinnike\/#breadcrumb","itemListElement":[{"@type":"ListItem","position":1,"name":"Etusivu","item":"https:\/\/hotelli03.domainhotelli.fi\/~lsdoecli\/"},{"@type":"ListItem","position":2,"name":"Kauppa","item":"https:\/\/hotelli03.domainhotelli.fi\/~lsdoecli\/kauppa\/"},{"@type":"ListItem","position":3,"name":"Kuulosuojain Sordin EXC kyp\u00e4r\u00e4kiinnike"}]},{"@type":"PostalAddress","@id":"https:\/\/hotelli03.domainhotelli.fi\/~lsdoecli\/tuote\/kuulosuojain-sordin-exc-kyparakiinnike\/#local-main-place-address","streetAddress":"Pyymosantie 5a","addressLocality":"Vantaa","postalCode":"01720","addressCountry":"FI"},{"@type":"ImageObject","inLanguage":"fi","@id":"https:\/\/hotelli03.domainhotelli.fi\/~lsdoecli\/tuote\/kuulosuojain-sordin-exc-kyparakiinnike\/#local-main-organization-logo","url":"https:\/\/hotelli03.domainhotelli.fi\/~lsdoecli\/wp-content\/uploads\/2021\/08\/JVTuonti_logo_nelio.jpg","contentUrl":"https:\/\/hotelli03.domainhotelli.fi\/~lsdoecli\/wp-content\/uploads\/2021\/08\/JVTuonti_logo_nelio.jpg","width":550,"height":550,"caption":"JV Tuonti Oy"}]},"product_brand":"Sordin","product_price_amount":"23.94","product_price_currency":"EUR","og_availability":"instock","product_availability":"instock","product_retailer_item_id":"10010-S","product_condition":"new","geo.placename":"Vantaa","geo.position":{"lat":"60.28431","long":"24.81654"},"geo.region":"Suomi"},"_links":{"self":[{"href":"https:\/\/hotelli03.domainhotelli.fi\/~lsdoecli\/wp-json\/wp\/v2\/product\/8187"}],"collection":[{"href":"https:\/\/hotelli03.domainhotelli.fi\/~lsdoecli\/wp-json\/wp\/v2\/product"}],"about":[{"href":"https:\/\/hotelli03.domainhotelli.fi\/~lsdoecli\/wp-json\/wp\/v2\/types\/product"}],"replies":[{"embeddable":true,"href":"https:\/\/hotelli03.domainhotelli.fi\/~lsdoecli\/wp-json\/wp\/v2\/comments?post=8187"}],"wp:featuredmedia":[{"embeddable":true,"href":"https:\/\/hotelli03.domainhotelli.fi\/~lsdoecli\/wp-json\/wp\/v2\/media\/8188"}],"wp:attachment":[{"href":"https:\/\/hotelli03.domainhotelli.fi\/~lsdoecli\/wp-json\/wp\/v2\/media?parent=8187"}],"wp:term":[{"taxonomy":"product_cat","embeddable":true,"href":"https:\/\/hotelli03.domainhotelli.fi\/~lsdoecli\/wp-json\/wp\/v2\/product_cat?post=8187"},{"taxonomy":"product_tag","embeddable":true,"href":"https:\/\/hotelli03.domainhotelli.fi\/~lsdoecli\/wp-json\/wp\/v2\/product_tag?post=8187"}],"curies":[{"name":"wp","href":"https:\/\/api.w.org\/{rel}","templated":true}]}}