{"id":8174,"date":"2021-11-01T12:13:41","date_gmt":"2021-11-01T12:13:41","guid":{"rendered":"https:\/\/hotelli03.domainhotelli.fi\/~lsdoecli\/?post_type=product&#038;p=8174"},"modified":"2021-11-01T12:20:07","modified_gmt":"2021-11-01T12:20:07","slug":"kuulosuojain-sordin-sharp-helmet-20-gel-bt-mp-kuuleva-fm","status":"publish","type":"product","link":"https:\/\/hotelli03.domainhotelli.fi\/~lsdoecli\/tuote\/kuulosuojain-sordin-sharp-helmet-20-gel-bt-mp-kuuleva-fm\/","title":{"rendered":"Kuulosuojain Sordin Sharp Helmet 20 Gel, BT, MP, Kuuleva, FM"},"content":{"rendered":"<h2>Ladattava kyp\u00e4r\u00e4kiinnitteinen kuulonsuojain Bluetooth MultiPoint -yhteydell\u00e4, FM-radiolla ja tasorajoitteisella Ambient Sound -toiminnolla.<\/h2>\n<p>Korkealuokkainen malli geelipehmusteilla vaativaan ammattik\u00e4ytt\u00f6\u00f6n mm. teollisuuden ja rakennusalan tarpeisiin. Suunniteltu tehostamaan ty\u00f6skentely\u00e4 ja mahdollistamaan jatkuva yhteydenpito muiden ty\u00f6porukan j\u00e4senten kanssa, my\u00f6s ryhm\u00e4keskustelujen kautta. Nopea USB-C lataus.<\/p>\n<p>Geelipehmusteet tarjoavat erinomaisen k\u00e4ytt\u00f6mukavuuden, istuvuuden, tiiveyden ja on ihanteellinen valinta kun k\u00e4ytet\u00e4\u00e4n silm\u00e4laseja, sankamallisia suojalaseja tai naamiomallisia silmiensuojaimia kuulonsuojainten kanssa.<\/p>\n<h4>Kuulosuojain Sordin Sharp Helmet 20 Gel ominaisuudet \/ tekniset tiedot:<\/h4>\n<ul>\n<li>Tilavat kuvut tarjoavat korville tilaa.<\/li>\n<li>Pehmeiden tiivisterenkaiden ansiosta suojain on miellytt\u00e4v\u00e4 k\u00e4ytt\u00e4\u00e4 pitki\u00e4kin aikoja.<\/li>\n<li>Integroitu li-ion akku tarjoaa useaksi ty\u00f6p\u00e4iv\u00e4ksi k\u00e4ytt\u00f6aikaa latausten v\u00e4lill\u00e4 ja automaattinen virrankatkaisu ehk\u00e4isee tarkoituksettoman akun tyhjenemisen.<\/li>\n<li>Akun kapasiteetti 2000 mAh.<\/li>\n<li>K\u00e4ytt\u00f6aika-arvio n. 36 h.<\/li>\n<li>60 minuutin lataaminen antaa n. 8 h k\u00e4ytt\u00f6aikaa.<\/li>\n<li>Kupujen materiaali erityisen iskunkest\u00e4v\u00e4 ABS.<\/li>\n<li>Paino 429 g.<\/li>\n<li>H=35 dB, LM=25 dB, L=18 dB. <strong>SNR 28 dB<\/strong>.<\/li>\n<li>IP44.<\/li>\n<li>Vakiomallinen USB-C latausjohto sis\u00e4ltyy toimitukseen.<\/li>\n<li>Sertifiointi: CE EN 352-1:2002, EN 352-3:2002, EN 352-4\/A1:2005 ja EN 352-8:2008, IEC 62368-1 (EN 62368-1+A11), IEC 62133-2:2017 ja 2014\/53\/EU.<\/li>\n<li>Materiaali- ja valmistusvirhetakuu 2 vuotta.<\/li>\n<li>Valmistusmaa Ruotsi.<\/li>\n<\/ul>\n<h4>Tasorajoitteinen Ambient Sound -elektroniikka<\/h4>\n<p>Valikoi ymp\u00e4rist\u00f6n \u00e4\u00e4nist\u00e4 t\u00e4rke\u00e4t, kuten puheen, varoitussignaalit, l\u00e4hestyv\u00e4n trukin \u00e4\u00e4net ja ohjeet selke\u00e4sti ilman h\u00e4iritsev\u00e4\u00e4 taustakohinaa. Uusi erotteluteknologia auttaa kuulemaan nimenomaan halutut \u00e4\u00e4net selke\u00e4sti. N\u00e4in ollen suojain ei erist\u00e4 k\u00e4ytt\u00e4j\u00e4\u00e4 ymp\u00e4rist\u00f6st\u00e4\u00e4n parantaen ty\u00f6turvallisuutta. \u00c4\u00e4nirajoitin rajoittaa haitallisen melun turvalliselle tasolle.<\/p>\n<h4>Bluetooth-MultiPoint-yhteyden<\/h4>\n<p>Ansiosta voit personoida input ja output \u00e4\u00e4nil\u00e4hteet. Yhdell\u00e4 napin painalluksella voit valita FM-radion, Bluetooth-yhteyden tai Ambient Sound-tilan. Bluetooth MultiPoint tarjoaa k\u00e4ytt\u00f6\u00f6si vaikka streamatun (A2DP) soittolistan tai \u00e4\u00e4nikirjan puhelimestasi, tai voit kommunikoida ty\u00f6kavereiden, tiimien tai asiakkaiden kanssa. Voit kytke\u00e4 samaan aikaan kaksi eri puhelinta, tai yhden puhelimen ja yhden kaksisuuntaisen radiopuhelimen (HSP HFP). Korkealuokkainen \u00e4\u00e4nentoisto takaa miellytt\u00e4vi\u00e4 kuunteluhetki\u00e4 ja nappien painaminen on helppoa my\u00f6s k\u00e4sineet k\u00e4dess\u00e4, ja Voice Feedback -toiminto antaa selke\u00e4n puhepalautteen siit\u00e4 mit\u00e4 nappia on painettu. Radiokanavat voi tallentaa muistipaikkoihin.<\/p>\n<p>Integroitu Slim Design mikrofoni ja antenni ovat molemmat t\u00e4ysin integroituina kupujen sis\u00e4ll\u00e4, joka v\u00e4hent\u00e4\u00e4 takertumisen mahdollisuutta.<\/p>\n<h4>Kuulosuojain Sordin Sharp Helmet 20 Gel on Sertifioitu mm. seuraavien ty\u00f6kyp\u00e4rien kanssa:<\/h4>\n<p>Kask Zenith X-sarja, Petzl Vertex &amp; Strato, MSA V-Gard H1, 3M SecureFit X5000VE, JSP Evo Vista.<\/p>\n<p>&nbsp;<\/p>\n<p><a href=\"https:\/\/hotelli03.domainhotelli.fi\/~lsdoecli\/tuote-osasto\/rakennustarvikkeet\/suojaimet\/kuulosuojaimet\/\">Katso my\u00f6s muut kuulosuojain mallit t\u00e4st\u00e4!\u00a0<\/a><\/p>\n<p>&nbsp;<\/p>\n<p>&nbsp;<\/p>\n<p>Maahantuoja: <a href=\"https:\/\/www.vandernet.com\">Vandernet Oy<\/a><\/p>\n<p>&nbsp;<\/p>\n","protected":false},"excerpt":{"rendered":"<h4>Ladattava kyp\u00e4r\u00e4kiinnitteinen kuulonsuojain Bluetooth MultiPoint -yhteydell\u00e4, FM-radiolla ja tasorajoitteisella Ambient Sound -toiminnolla.<\/h4>\n<p>Korkealuokkainen malli geelipehmusteilla vaativaan ammattik\u00e4ytt\u00f6\u00f6n mm. teollisuuden ja rakennusalan tarpeisiin. Suunniteltu tehostamaan ty\u00f6skentely\u00e4 ja mahdollistamaan jatkuva yhteydenpito muiden ty\u00f6porukan j\u00e4senten kanssa, my\u00f6s ryhm\u00e4keskustelujen kautta. Nopea USB-C lataus.<\/p>\n","protected":false},"featured_media":8181,"comment_status":"open","ping_status":"closed","template":"","meta":[],"product_cat":[106],"product_tag":[881,883,882],"yoast_head":"<!-- This site is optimized with the Yoast SEO Premium plugin v18.9 (Yoast SEO v19.3) - https:\/\/yoast.com\/wordpress\/plugins\/seo\/ -->\n<title>Kuulosuojain Sordin Sharp Helmet 20 Gel, BT, MP, Kuuleva, FM<\/title>\n<meta name=\"description\" content=\"Kuulosuojain Sordin Sharp Helmet 20 Gel ladattava kyp\u00e4r\u00e4kiinnitteinen kuulonsuojain Bluetooth -yhteydell\u00e4, kuuleva ja paljon muuta.\" \/>\n<meta name=\"robots\" content=\"index, follow, max-snippet:-1, max-image-preview:large, max-video-preview:-1\" \/>\n<link rel=\"canonical\" href=\"https:\/\/hotelli03.domainhotelli.fi\/~lsdoecli\/tuote\/kuulosuojain-sordin-sharp-helmet-20-gel-bt-mp-kuuleva-fm\/\" \/>\n<meta property=\"og:locale\" content=\"fi_FI\" \/>\n<meta property=\"og:type\" content=\"article\" \/>\n<meta property=\"og:title\" content=\"Kuulosuojain Sordin Sharp Helmet 20 Gel, BT, MP, Kuuleva, FM\" \/>\n<meta property=\"og:description\" content=\"Kuulosuojain Sordin Sharp Helmet 20 Gel ladattava kyp\u00e4r\u00e4kiinnitteinen kuulonsuojain Bluetooth -yhteydell\u00e4, kuuleva ja paljon muuta.\" \/>\n<meta property=\"og:url\" content=\"https:\/\/hotelli03.domainhotelli.fi\/~lsdoecli\/tuote\/kuulosuojain-sordin-sharp-helmet-20-gel-bt-mp-kuuleva-fm\/\" \/>\n<meta property=\"og:site_name\" content=\"JV Tuonti\" \/>\n<meta property=\"article:publisher\" content=\"https:\/\/www.facebook.com\/JVTuontiOy\" \/>\n<meta property=\"article:modified_time\" content=\"2021-11-01T12:20:07+00:00\" \/>\n<meta property=\"og:image\" content=\"https:\/\/hotelli03.domainhotelli.fi\/~lsdoecli\/wp-content\/uploads\/2021\/11\/Kuulosuojain-Sordin-Sharp-Helmet-20-Gel-BT-MP-Kuuleva-FM.jpeg\" \/>\n\t<meta property=\"og:image:width\" content=\"600\" \/>\n\t<meta property=\"og:image:height\" content=\"600\" \/>\n\t<meta property=\"og:image:type\" content=\"image\/jpeg\" \/>\n<meta name=\"twitter:card\" content=\"summary_large_image\" \/>\n<meta name=\"twitter:label1\" content=\"Price\" \/>\n\t<meta name=\"twitter:data1\" content=\"495,00&nbsp;&euro; Alv 24%N\u00e4yt\u00e4 veroton hinta399,19&nbsp;&euro; Alv 0%N\u00e4yt\u00e4 verollinen hinta\" \/>\n\t<meta name=\"twitter:label2\" content=\"Availability\" \/>\n\t<meta name=\"twitter:data2\" content=\"In stock\" \/>\n<script type=\"application\/ld+json\" class=\"yoast-schema-graph\">{\"@context\":\"https:\/\/schema.org\",\"@graph\":[{\"@type\":[\"Organization\",\"Place\",\"WholesaleStore\"],\"@id\":\"https:\/\/hotelli03.domainhotelli.fi\/~lsdoecli\/#organization\",\"name\":\"JV Tuonti Oy\",\"url\":\"https:\/\/hotelli03.domainhotelli.fi\/~lsdoecli\/\",\"sameAs\":[\"https:\/\/instagram.com\/jvtuontioy?utm_medium=copy_link\",\"https:\/\/www.facebook.com\/JVTuontiOy\"],\"logo\":{\"@id\":\"https:\/\/hotelli03.domainhotelli.fi\/~lsdoecli\/tuote\/kuulosuojain-sordin-sharp-helmet-20-gel-bt-mp-kuuleva-fm\/#local-main-organization-logo\"},\"image\":{\"@id\":\"https:\/\/hotelli03.domainhotelli.fi\/~lsdoecli\/tuote\/kuulosuojain-sordin-sharp-helmet-20-gel-bt-mp-kuuleva-fm\/#local-main-organization-logo\"},\"address\":{\"@id\":\"https:\/\/hotelli03.domainhotelli.fi\/~lsdoecli\/tuote\/kuulosuojain-sordin-sharp-helmet-20-gel-bt-mp-kuuleva-fm\/#local-main-place-address\"},\"geo\":{\"@type\":\"GeoCoordinates\",\"latitude\":\"60.28431\",\"longitude\":\"24.81654\"},\"telephone\":[\"0408369980\"],\"openingHoursSpecification\":[{\"@type\":\"OpeningHoursSpecification\",\"dayOfWeek\":[\"Monday\",\"Tuesday\",\"Wednesday\",\"Thursday\",\"Friday\"],\"opens\":\"08:00\",\"closes\":\"16:00\"},{\"@type\":\"OpeningHoursSpecification\",\"dayOfWeek\":[\"Saturday\",\"Sunday\"],\"opens\":\"00:00\",\"closes\":\"00:00\"}],\"email\":\"myynti@hotelli03.domainhotelli.fi\",\"areaServed\":\"Suomi, Ruotsi\",\"vatID\":\"FI30178387\",\"priceRange\":\"$$\",\"currenciesAccepted\":\"\u20ac\",\"paymentAccepted\":\"Lasku, pankkikortti\"},{\"@type\":\"WebSite\",\"@id\":\"https:\/\/hotelli03.domainhotelli.fi\/~lsdoecli\/#website\",\"url\":\"https:\/\/hotelli03.domainhotelli.fi\/~lsdoecli\/\",\"name\":\"JV Tuonti\",\"description\":\"JV Tuonti Oy:n verkkokauppa\",\"publisher\":{\"@id\":\"https:\/\/hotelli03.domainhotelli.fi\/~lsdoecli\/#organization\"},\"potentialAction\":[{\"@type\":\"SearchAction\",\"target\":{\"@type\":\"EntryPoint\",\"urlTemplate\":\"https:\/\/hotelli03.domainhotelli.fi\/~lsdoecli\/?s={search_term_string}\"},\"query-input\":\"required name=search_term_string\"}],\"inLanguage\":\"fi\"},{\"@type\":\"ImageObject\",\"inLanguage\":\"fi\",\"@id\":\"https:\/\/hotelli03.domainhotelli.fi\/~lsdoecli\/tuote\/kuulosuojain-sordin-sharp-helmet-20-gel-bt-mp-kuuleva-fm\/#primaryimage\",\"url\":\"https:\/\/hotelli03.domainhotelli.fi\/~lsdoecli\/wp-content\/uploads\/2021\/11\/Kuulosuojain-Sordin-Sharp-Helmet-20-Gel-BT-MP-Kuuleva-FM.jpeg\",\"contentUrl\":\"https:\/\/hotelli03.domainhotelli.fi\/~lsdoecli\/wp-content\/uploads\/2021\/11\/Kuulosuojain-Sordin-Sharp-Helmet-20-Gel-BT-MP-Kuuleva-FM.jpeg\",\"width\":600,\"height\":600,\"caption\":\"Kuulosuojain Sordin Sharp Helmet 20 Gel, BT, MP, Kuuleva, FM\"},{\"@type\":\"WebPage\",\"@id\":\"https:\/\/hotelli03.domainhotelli.fi\/~lsdoecli\/tuote\/kuulosuojain-sordin-sharp-helmet-20-gel-bt-mp-kuuleva-fm\/\",\"url\":\"https:\/\/hotelli03.domainhotelli.fi\/~lsdoecli\/tuote\/kuulosuojain-sordin-sharp-helmet-20-gel-bt-mp-kuuleva-fm\/\",\"name\":\"Kuulosuojain Sordin Sharp Helmet 20 Gel, BT, MP, Kuuleva, FM\",\"isPartOf\":{\"@id\":\"https:\/\/hotelli03.domainhotelli.fi\/~lsdoecli\/#website\"},\"primaryImageOfPage\":{\"@id\":\"https:\/\/hotelli03.domainhotelli.fi\/~lsdoecli\/tuote\/kuulosuojain-sordin-sharp-helmet-20-gel-bt-mp-kuuleva-fm\/#primaryimage\"},\"datePublished\":\"2021-11-01T12:13:41+00:00\",\"dateModified\":\"2021-11-01T12:20:07+00:00\",\"description\":\"Kuulosuojain Sordin Sharp Helmet 20 Gel ladattava kyp\u00e4r\u00e4kiinnitteinen kuulonsuojain Bluetooth -yhteydell\u00e4, kuuleva ja paljon muuta.\",\"breadcrumb\":{\"@id\":\"https:\/\/hotelli03.domainhotelli.fi\/~lsdoecli\/tuote\/kuulosuojain-sordin-sharp-helmet-20-gel-bt-mp-kuuleva-fm\/#breadcrumb\"},\"inLanguage\":\"fi\",\"potentialAction\":[{\"@type\":\"ReadAction\",\"target\":[\"https:\/\/hotelli03.domainhotelli.fi\/~lsdoecli\/tuote\/kuulosuojain-sordin-sharp-helmet-20-gel-bt-mp-kuuleva-fm\/\"]}]},{\"@type\":\"BreadcrumbList\",\"@id\":\"https:\/\/hotelli03.domainhotelli.fi\/~lsdoecli\/tuote\/kuulosuojain-sordin-sharp-helmet-20-gel-bt-mp-kuuleva-fm\/#breadcrumb\",\"itemListElement\":[{\"@type\":\"ListItem\",\"position\":1,\"name\":\"Etusivu\",\"item\":\"https:\/\/hotelli03.domainhotelli.fi\/~lsdoecli\/\"},{\"@type\":\"ListItem\",\"position\":2,\"name\":\"Kauppa\",\"item\":\"https:\/\/hotelli03.domainhotelli.fi\/~lsdoecli\/kauppa\/\"},{\"@type\":\"ListItem\",\"position\":3,\"name\":\"Kuulosuojain Sordin Sharp Helmet 20 Gel, BT, MP, Kuuleva, FM\"}]},{\"@type\":\"PostalAddress\",\"@id\":\"https:\/\/hotelli03.domainhotelli.fi\/~lsdoecli\/tuote\/kuulosuojain-sordin-sharp-helmet-20-gel-bt-mp-kuuleva-fm\/#local-main-place-address\",\"streetAddress\":\"Pyymosantie 5a\",\"addressLocality\":\"Vantaa\",\"postalCode\":\"01720\",\"addressCountry\":\"FI\"},{\"@type\":\"ImageObject\",\"inLanguage\":\"fi\",\"@id\":\"https:\/\/hotelli03.domainhotelli.fi\/~lsdoecli\/tuote\/kuulosuojain-sordin-sharp-helmet-20-gel-bt-mp-kuuleva-fm\/#local-main-organization-logo\",\"url\":\"https:\/\/hotelli03.domainhotelli.fi\/~lsdoecli\/wp-content\/uploads\/2021\/08\/JVTuonti_logo_nelio.jpg\",\"contentUrl\":\"https:\/\/hotelli03.domainhotelli.fi\/~lsdoecli\/wp-content\/uploads\/2021\/08\/JVTuonti_logo_nelio.jpg\",\"width\":550,\"height\":550,\"caption\":\"JV Tuonti Oy\"}]}<\/script>\n<meta property=\"product:brand\" content=\"Sordin\" \/>\n<meta property=\"product:price:amount\" content=\"495.00\" \/>\n<meta property=\"product:price:currency\" content=\"EUR\" \/>\n<meta property=\"og:availability\" content=\"instock\" \/>\n<meta property=\"product:availability\" content=\"instock\" \/>\n<meta property=\"product:retailer_item_id\" content=\"84520-04-G-S\" \/>\n<meta property=\"product:condition\" content=\"new\" \/>\n<meta name=\"geo.placename\" content=\"Vantaa\" \/>\n<meta name=\"geo.position\" content=\"60.28431;24.81654\" \/>\n<meta name=\"geo.region\" content=\"Suomi\" \/>\n<!-- \/ Yoast SEO Premium plugin. -->","yoast_head_json":{"title":"Kuulosuojain Sordin Sharp Helmet 20 Gel, BT, MP, Kuuleva, FM","description":"Kuulosuojain Sordin Sharp Helmet 20 Gel ladattava kyp\u00e4r\u00e4kiinnitteinen kuulonsuojain Bluetooth -yhteydell\u00e4, kuuleva ja paljon muuta.","robots":{"index":"index","follow":"follow","max-snippet":"max-snippet:-1","max-image-preview":"max-image-preview:large","max-video-preview":"max-video-preview:-1"},"canonical":"https:\/\/hotelli03.domainhotelli.fi\/~lsdoecli\/tuote\/kuulosuojain-sordin-sharp-helmet-20-gel-bt-mp-kuuleva-fm\/","og_locale":"fi_FI","og_type":"article","og_title":"Kuulosuojain Sordin Sharp Helmet 20 Gel, BT, MP, Kuuleva, FM","og_description":"Kuulosuojain Sordin Sharp Helmet 20 Gel ladattava kyp\u00e4r\u00e4kiinnitteinen kuulonsuojain Bluetooth -yhteydell\u00e4, kuuleva ja paljon muuta.","og_url":"https:\/\/hotelli03.domainhotelli.fi\/~lsdoecli\/tuote\/kuulosuojain-sordin-sharp-helmet-20-gel-bt-mp-kuuleva-fm\/","og_site_name":"JV Tuonti","article_publisher":"https:\/\/www.facebook.com\/JVTuontiOy","article_modified_time":"2021-11-01T12:20:07+00:00","og_image":[{"width":600,"height":600,"url":"https:\/\/hotelli03.domainhotelli.fi\/~lsdoecli\/wp-content\/uploads\/2021\/11\/Kuulosuojain-Sordin-Sharp-Helmet-20-Gel-BT-MP-Kuuleva-FM.jpeg","type":"image\/jpeg"}],"twitter_card":"summary_large_image","twitter_misc":{"Price":"495,00&nbsp;&euro; Alv 24%N\u00e4yt\u00e4 veroton hinta399,19&nbsp;&euro; Alv 0%N\u00e4yt\u00e4 verollinen hinta","Availability":"In stock"},"schema":{"@context":"https:\/\/schema.org","@graph":[{"@type":["Organization","Place","WholesaleStore"],"@id":"https:\/\/hotelli03.domainhotelli.fi\/~lsdoecli\/#organization","name":"JV Tuonti Oy","url":"https:\/\/hotelli03.domainhotelli.fi\/~lsdoecli\/","sameAs":["https:\/\/instagram.com\/jvtuontioy?utm_medium=copy_link","https:\/\/www.facebook.com\/JVTuontiOy"],"logo":{"@id":"https:\/\/hotelli03.domainhotelli.fi\/~lsdoecli\/tuote\/kuulosuojain-sordin-sharp-helmet-20-gel-bt-mp-kuuleva-fm\/#local-main-organization-logo"},"image":{"@id":"https:\/\/hotelli03.domainhotelli.fi\/~lsdoecli\/tuote\/kuulosuojain-sordin-sharp-helmet-20-gel-bt-mp-kuuleva-fm\/#local-main-organization-logo"},"address":{"@id":"https:\/\/hotelli03.domainhotelli.fi\/~lsdoecli\/tuote\/kuulosuojain-sordin-sharp-helmet-20-gel-bt-mp-kuuleva-fm\/#local-main-place-address"},"geo":{"@type":"GeoCoordinates","latitude":"60.28431","longitude":"24.81654"},"telephone":["0408369980"],"openingHoursSpecification":[{"@type":"OpeningHoursSpecification","dayOfWeek":["Monday","Tuesday","Wednesday","Thursday","Friday"],"opens":"08:00","closes":"16:00"},{"@type":"OpeningHoursSpecification","dayOfWeek":["Saturday","Sunday"],"opens":"00:00","closes":"00:00"}],"email":"myynti@hotelli03.domainhotelli.fi","areaServed":"Suomi, Ruotsi","vatID":"FI30178387","priceRange":"$$","currenciesAccepted":"\u20ac","paymentAccepted":"Lasku, pankkikortti"},{"@type":"WebSite","@id":"https:\/\/hotelli03.domainhotelli.fi\/~lsdoecli\/#website","url":"https:\/\/hotelli03.domainhotelli.fi\/~lsdoecli\/","name":"JV Tuonti","description":"JV Tuonti Oy:n verkkokauppa","publisher":{"@id":"https:\/\/hotelli03.domainhotelli.fi\/~lsdoecli\/#organization"},"potentialAction":[{"@type":"SearchAction","target":{"@type":"EntryPoint","urlTemplate":"https:\/\/hotelli03.domainhotelli.fi\/~lsdoecli\/?s={search_term_string}"},"query-input":"required name=search_term_string"}],"inLanguage":"fi"},{"@type":"ImageObject","inLanguage":"fi","@id":"https:\/\/hotelli03.domainhotelli.fi\/~lsdoecli\/tuote\/kuulosuojain-sordin-sharp-helmet-20-gel-bt-mp-kuuleva-fm\/#primaryimage","url":"https:\/\/hotelli03.domainhotelli.fi\/~lsdoecli\/wp-content\/uploads\/2021\/11\/Kuulosuojain-Sordin-Sharp-Helmet-20-Gel-BT-MP-Kuuleva-FM.jpeg","contentUrl":"https:\/\/hotelli03.domainhotelli.fi\/~lsdoecli\/wp-content\/uploads\/2021\/11\/Kuulosuojain-Sordin-Sharp-Helmet-20-Gel-BT-MP-Kuuleva-FM.jpeg","width":600,"height":600,"caption":"Kuulosuojain Sordin Sharp Helmet 20 Gel, BT, MP, Kuuleva, FM"},{"@type":"WebPage","@id":"https:\/\/hotelli03.domainhotelli.fi\/~lsdoecli\/tuote\/kuulosuojain-sordin-sharp-helmet-20-gel-bt-mp-kuuleva-fm\/","url":"https:\/\/hotelli03.domainhotelli.fi\/~lsdoecli\/tuote\/kuulosuojain-sordin-sharp-helmet-20-gel-bt-mp-kuuleva-fm\/","name":"Kuulosuojain Sordin Sharp Helmet 20 Gel, BT, MP, Kuuleva, FM","isPartOf":{"@id":"https:\/\/hotelli03.domainhotelli.fi\/~lsdoecli\/#website"},"primaryImageOfPage":{"@id":"https:\/\/hotelli03.domainhotelli.fi\/~lsdoecli\/tuote\/kuulosuojain-sordin-sharp-helmet-20-gel-bt-mp-kuuleva-fm\/#primaryimage"},"datePublished":"2021-11-01T12:13:41+00:00","dateModified":"2021-11-01T12:20:07+00:00","description":"Kuulosuojain Sordin Sharp Helmet 20 Gel ladattava kyp\u00e4r\u00e4kiinnitteinen kuulonsuojain Bluetooth -yhteydell\u00e4, kuuleva ja paljon muuta.","breadcrumb":{"@id":"https:\/\/hotelli03.domainhotelli.fi\/~lsdoecli\/tuote\/kuulosuojain-sordin-sharp-helmet-20-gel-bt-mp-kuuleva-fm\/#breadcrumb"},"inLanguage":"fi","potentialAction":[{"@type":"ReadAction","target":["https:\/\/hotelli03.domainhotelli.fi\/~lsdoecli\/tuote\/kuulosuojain-sordin-sharp-helmet-20-gel-bt-mp-kuuleva-fm\/"]}]},{"@type":"BreadcrumbList","@id":"https:\/\/hotelli03.domainhotelli.fi\/~lsdoecli\/tuote\/kuulosuojain-sordin-sharp-helmet-20-gel-bt-mp-kuuleva-fm\/#breadcrumb","itemListElement":[{"@type":"ListItem","position":1,"name":"Etusivu","item":"https:\/\/hotelli03.domainhotelli.fi\/~lsdoecli\/"},{"@type":"ListItem","position":2,"name":"Kauppa","item":"https:\/\/hotelli03.domainhotelli.fi\/~lsdoecli\/kauppa\/"},{"@type":"ListItem","position":3,"name":"Kuulosuojain Sordin Sharp Helmet 20 Gel, BT, MP, Kuuleva, FM"}]},{"@type":"PostalAddress","@id":"https:\/\/hotelli03.domainhotelli.fi\/~lsdoecli\/tuote\/kuulosuojain-sordin-sharp-helmet-20-gel-bt-mp-kuuleva-fm\/#local-main-place-address","streetAddress":"Pyymosantie 5a","addressLocality":"Vantaa","postalCode":"01720","addressCountry":"FI"},{"@type":"ImageObject","inLanguage":"fi","@id":"https:\/\/hotelli03.domainhotelli.fi\/~lsdoecli\/tuote\/kuulosuojain-sordin-sharp-helmet-20-gel-bt-mp-kuuleva-fm\/#local-main-organization-logo","url":"https:\/\/hotelli03.domainhotelli.fi\/~lsdoecli\/wp-content\/uploads\/2021\/08\/JVTuonti_logo_nelio.jpg","contentUrl":"https:\/\/hotelli03.domainhotelli.fi\/~lsdoecli\/wp-content\/uploads\/2021\/08\/JVTuonti_logo_nelio.jpg","width":550,"height":550,"caption":"JV Tuonti Oy"}]},"product_brand":"Sordin","product_price_amount":"495.00","product_price_currency":"EUR","og_availability":"instock","product_availability":"instock","product_retailer_item_id":"84520-04-G-S","product_condition":"new","geo.placename":"Vantaa","geo.position":{"lat":"60.28431","long":"24.81654"},"geo.region":"Suomi"},"_links":{"self":[{"href":"https:\/\/hotelli03.domainhotelli.fi\/~lsdoecli\/wp-json\/wp\/v2\/product\/8174"}],"collection":[{"href":"https:\/\/hotelli03.domainhotelli.fi\/~lsdoecli\/wp-json\/wp\/v2\/product"}],"about":[{"href":"https:\/\/hotelli03.domainhotelli.fi\/~lsdoecli\/wp-json\/wp\/v2\/types\/product"}],"replies":[{"embeddable":true,"href":"https:\/\/hotelli03.domainhotelli.fi\/~lsdoecli\/wp-json\/wp\/v2\/comments?post=8174"}],"wp:featuredmedia":[{"embeddable":true,"href":"https:\/\/hotelli03.domainhotelli.fi\/~lsdoecli\/wp-json\/wp\/v2\/media\/8181"}],"wp:attachment":[{"href":"https:\/\/hotelli03.domainhotelli.fi\/~lsdoecli\/wp-json\/wp\/v2\/media?parent=8174"}],"wp:term":[{"taxonomy":"product_cat","embeddable":true,"href":"https:\/\/hotelli03.domainhotelli.fi\/~lsdoecli\/wp-json\/wp\/v2\/product_cat?post=8174"},{"taxonomy":"product_tag","embeddable":true,"href":"https:\/\/hotelli03.domainhotelli.fi\/~lsdoecli\/wp-json\/wp\/v2\/product_tag?post=8174"}],"curies":[{"name":"wp","href":"https:\/\/api.w.org\/{rel}","templated":true}]}}