{"id":8171,"date":"2021-11-01T10:56:16","date_gmt":"2021-11-01T10:56:16","guid":{"rendered":"https:\/\/hotelli03.domainhotelli.fi\/~lsdoecli\/?post_type=product&#038;p=8171"},"modified":"2021-11-01T10:56:16","modified_gmt":"2021-11-01T10:56:16","slug":"kuulosuojain-kuuleva-sordin-left-right-cutoff-pro-kyparaan","status":"publish","type":"product","link":"https:\/\/hotelli03.domainhotelli.fi\/~lsdoecli\/tuote\/kuulosuojain-kuuleva-sordin-left-right-cutoff-pro-kyparaan\/","title":{"rendered":"Kuulosuojain kuuleva Sordin left\/RIGHT CutOff Pro kyp\u00e4r\u00e4\u00e4n"},"content":{"rendered":"<div id=\"tab-description\" class=\"tab-content resp-tab-content resp-tab-content-active\" aria-labelledby=\"tab_item-0\">\n<h2>Ammattilaistason tasorajoitteiset kuulevat kuulonsuojaimet p\u00e4\u00e4n ergonomian mukaan muotoilluilla left\/RIGHT kupeilla. Medium-tason vaimennus SNR 27 dB.<\/h2>\n<p>Kuulosuojain kuuleva Sordin left\/Right CutOff Pro on varustettu 01, 02 sek\u00e4 14 kyp\u00e4r\u00e4kiinnitysadaptereilla. 01 adapteri (vastaava kuin P3E kiinnike) on yhteensopiva mm. Kask, CT ja Petzl ty\u00f6kyp\u00e4rien ja muiden yleisesti k\u00e4yt\u00f6ss\u00e4 olevien kyp\u00e4rien kanssa, joissa on sivuilla kiinnityslovet kuulosuojaimille.<\/p>\n<h4>Kuulosuojain kuuleva Sordin left\/Right CutOff Pro ominaisuudet:<\/h4>\n<ul>\n<li>Teleskooppinen pituudens\u00e4\u00e4t\u00f6.<\/li>\n<li>Kompakti, kest\u00e4v\u00e4 rakenne<\/li>\n<li>Medium-tason vaimennus SNR 27 dB. H = 31, M 24, L = 16<\/li>\n<li>Left\/RIGHT kuulosuojaimet on muotoiltu erikseen oikealle ja vasemmalle korvalle, joka antaa korvalehdille enemm\u00e4n tilaa, ja tekee rakenteesta sek\u00e4 tiiviimm\u00e4n p\u00e4\u00e4t\u00e4 vasten, turvallisemman k\u00e4ytt\u00e4\u00e4, ett\u00e4 parantaa k\u00e4ytt\u00f6mukavuutta.<\/li>\n<li>AUX 3,5 mm sis\u00e4\u00e4ntulo esim. viestint\u00e4\u00e4, radiopuhelinta, matkapuhelinta, MP3 soitinta tai radiota varten.<\/li>\n<li>varustettu 01, 02 sek\u00e4 14 kyp\u00e4r\u00e4kiinnitysadaptereilla<\/li>\n<li>CutOff Pro leikkaa yli 82 dB haitalliset \u00e4\u00e4net turvalliselle tasolle, ja vahvistaa ymp\u00e4rist\u00f6n \u00e4\u00e4net k\u00e4ytt\u00e4en uusinta teknologiaa.<\/li>\n<li>Toiminto mahdollistaa ett\u00e4 k\u00e4ytt\u00e4j\u00e4 kuulee varoitussignaalit ja puheen, ja pystyy paremmin kommunikoimaan kasvotusten suojaten samalla kuulon haitalliselta melulta.<\/li>\n<li>Suojattu elektroniikka.<\/li>\n<li>Toimii 2 x AA (LR06) sormiparistoilla. <a href=\"https:\/\/hotelli03.domainhotelli.fi\/~lsdoecli\/tuote\/paristo-aa-allmax-24-kpl\/\">(Osta patterit samalla t\u00e4st\u00e4!)<\/a><\/li>\n<li>Paristojen kesto jopa 1000 tuntia. Paristojens\u00e4\u00e4st\u00f6toiminto pident\u00e4\u00e4 k\u00e4ytt\u00f6ik\u00e4\u00e4: Sammuu automaattisesti, kun suojainta ei k\u00e4ytet\u00e4.<\/li>\n<li>Kupujen materiaali ABS<\/li>\n<li><a href=\"https:\/\/www.ttl.fi\/tyoymparisto\/henkilonsuojaimet\/kaytto-ja-valinta\/kuulonsuojaimet\/\">CE EN 352<\/a>.<\/li>\n<li>Valmistusmaa Ruotsi.<\/li>\n<\/ul>\n<p>&nbsp;<\/p>\n<h3>Toimitukseen sis\u00e4ltyv\u00e4t adapterit sopivat mm. k\u00e4ytett\u00e4v\u00e4ksi mm. seuraavien suojakyp\u00e4rien kanssa:<\/h3>\n<h4>Adapter01:<\/h4>\n<p>\u2013 <a href=\"https:\/\/hotelli03.domainhotelli.fi\/~lsdoecli\/tuote-osasto\/paansuojaimet\/suojakyparat\/\">Kask Zenith -sarja<\/a><br \/>\n\u2013 <a href=\"https:\/\/hotelli03.domainhotelli.fi\/~lsdoecli\/tuote-osasto\/paansuojaimet\/suojakyparat\/\">Kask Plasma -sarja ja HP<\/a> (edellytt\u00e4\u00e4 <a href=\"https:\/\/hotelli03.domainhotelli.fi\/~lsdoecli\/tuote\/kuulosuojainadapterit-kask-plasma\/\">kuulosuojainsovittimia<\/a>)<br \/>\n\u2013 CT \u2013 Climbing Technology Aries -sarja<br \/>\n\u2013 Beal Skyfall<br \/>\n\u2013 Petzl Vertex<br \/>\n\u2013 Petzl Alveo<br \/>\n\u2013 Balance AC ja HD<br \/>\n\u2013 JSP Mk II<br \/>\n\u2013 Protector Tuffmaster II ja Style 300<\/p>\n<h4>Adapter 02:<\/h4>\n<p>\u2013 Peltor G3000<br \/>\n\u2013 Protector Style 600<br \/>\n\u2013 Auboueix Iris II<\/p>\n<h4>Adapter 14:<\/h4>\n<p>\u2013 MSA V-Gard, V-Gard 200, V-Gard 500, V-Gard 900<\/p>\n<p><a href=\"https:\/\/hotelli03.domainhotelli.fi\/~lsdoecli\/tuote-osasto\/rakennustarvikkeet\/suojaimet\/kuulosuojaimet\/\">Katso my\u00f6s muut kuulosuojain mallit t\u00e4st\u00e4!\u00a0<\/a><\/p>\n<p>&nbsp;<\/p>\n<p>&nbsp;<\/p>\n<p>Maahantuoja: <a href=\"https:\/\/www.vandernet.com\">Vandernet Oy<\/a><\/p>\n<\/div>\n","protected":false},"excerpt":{"rendered":"<h4>Ammattilaistason tasorajoitteiset kuulevat kuulonsuojaimet p\u00e4\u00e4n ergonomian mukaan muotoilluilla left\/RIGHT kupeilla. Medium-tason vaimennus SNR 27 dB.<\/h4>\n<p>Kuulosuojain kuuleva Sordin left\/Right CutOff Pro on varustettu 01, 02 sek\u00e4 14 kyp\u00e4r\u00e4kiinnitysadaptereilla. 01 adapteri (vastaava kuin P3E kiinnike) on yhteensopiva mm. Kask, CT ja Petzl ty\u00f6kyp\u00e4rien ja muiden yleisesti k\u00e4yt\u00f6ss\u00e4 olevien kyp\u00e4rien kanssa, joissa on sivuilla kiinnityslovet kuulosuojaimille.<\/p>\n","protected":false},"featured_media":8172,"comment_status":"open","ping_status":"closed","template":"","meta":[],"product_cat":[106],"product_tag":[881,883,882],"yoast_head":"<!-- This site is optimized with the Yoast SEO Premium plugin v18.9 (Yoast SEO v19.3) - https:\/\/yoast.com\/wordpress\/plugins\/seo\/ -->\n<title>Kuulosuojain kuuleva Sordin left\/RIGHT CutOff Pro kyp\u00e4r\u00e4\u00e4n | JV Tuonti<\/title>\n<meta name=\"description\" content=\"Kuulosuojain kuuleva Sordin left\/Right CutOff Pro kyp\u00e4r\u00e4\u00e4n. Ammattilaistason tasorajoitteiset kuulevat kuulonsuojaimet.\" \/>\n<meta name=\"robots\" content=\"index, follow, max-snippet:-1, max-image-preview:large, max-video-preview:-1\" \/>\n<link rel=\"canonical\" href=\"https:\/\/hotelli03.domainhotelli.fi\/~lsdoecli\/tuote\/kuulosuojain-kuuleva-sordin-left-right-cutoff-pro-kyparaan\/\" \/>\n<meta property=\"og:locale\" content=\"fi_FI\" \/>\n<meta property=\"og:type\" content=\"article\" \/>\n<meta property=\"og:title\" content=\"Kuulosuojain kuuleva Sordin left\/RIGHT CutOff Pro kyp\u00e4r\u00e4\u00e4n\" \/>\n<meta property=\"og:description\" content=\"Kuulosuojain kuuleva Sordin left\/Right CutOff Pro kyp\u00e4r\u00e4\u00e4n. Ammattilaistason tasorajoitteiset kuulevat kuulonsuojaimet.\" \/>\n<meta property=\"og:url\" content=\"https:\/\/hotelli03.domainhotelli.fi\/~lsdoecli\/tuote\/kuulosuojain-kuuleva-sordin-left-right-cutoff-pro-kyparaan\/\" \/>\n<meta property=\"og:site_name\" content=\"JV Tuonti\" \/>\n<meta property=\"article:publisher\" content=\"https:\/\/www.facebook.com\/JVTuontiOy\" \/>\n<meta property=\"og:image\" content=\"https:\/\/hotelli03.domainhotelli.fi\/~lsdoecli\/wp-content\/uploads\/2021\/11\/Kuulosuojain-kuuleva-Sordin-leftRight-CutOff-Pro.jpeg\" \/>\n\t<meta property=\"og:image:width\" content=\"600\" \/>\n\t<meta property=\"og:image:height\" content=\"600\" \/>\n\t<meta property=\"og:image:type\" content=\"image\/jpeg\" \/>\n<meta name=\"twitter:card\" content=\"summary_large_image\" \/>\n<meta name=\"twitter:label1\" content=\"Price\" \/>\n\t<meta name=\"twitter:data1\" content=\"194,99&nbsp;&euro; Alv 24%N\u00e4yt\u00e4 veroton hinta157,25&nbsp;&euro; Alv 0%N\u00e4yt\u00e4 verollinen hinta\" \/>\n\t<meta name=\"twitter:label2\" content=\"Availability\" \/>\n\t<meta name=\"twitter:data2\" content=\"In stock\" \/>\n<script type=\"application\/ld+json\" class=\"yoast-schema-graph\">{\"@context\":\"https:\/\/schema.org\",\"@graph\":[{\"@type\":[\"Organization\",\"Place\",\"WholesaleStore\"],\"@id\":\"https:\/\/hotelli03.domainhotelli.fi\/~lsdoecli\/#organization\",\"name\":\"JV Tuonti Oy\",\"url\":\"https:\/\/hotelli03.domainhotelli.fi\/~lsdoecli\/\",\"sameAs\":[\"https:\/\/instagram.com\/jvtuontioy?utm_medium=copy_link\",\"https:\/\/www.facebook.com\/JVTuontiOy\"],\"logo\":{\"@id\":\"https:\/\/hotelli03.domainhotelli.fi\/~lsdoecli\/tuote\/kuulosuojain-kuuleva-sordin-left-right-cutoff-pro-kyparaan\/#local-main-organization-logo\"},\"image\":{\"@id\":\"https:\/\/hotelli03.domainhotelli.fi\/~lsdoecli\/tuote\/kuulosuojain-kuuleva-sordin-left-right-cutoff-pro-kyparaan\/#local-main-organization-logo\"},\"address\":{\"@id\":\"https:\/\/hotelli03.domainhotelli.fi\/~lsdoecli\/tuote\/kuulosuojain-kuuleva-sordin-left-right-cutoff-pro-kyparaan\/#local-main-place-address\"},\"geo\":{\"@type\":\"GeoCoordinates\",\"latitude\":\"60.28431\",\"longitude\":\"24.81654\"},\"telephone\":[\"0408369980\"],\"openingHoursSpecification\":[{\"@type\":\"OpeningHoursSpecification\",\"dayOfWeek\":[\"Monday\",\"Tuesday\",\"Wednesday\",\"Thursday\",\"Friday\"],\"opens\":\"08:00\",\"closes\":\"16:00\"},{\"@type\":\"OpeningHoursSpecification\",\"dayOfWeek\":[\"Saturday\",\"Sunday\"],\"opens\":\"00:00\",\"closes\":\"00:00\"}],\"email\":\"myynti@hotelli03.domainhotelli.fi\",\"areaServed\":\"Suomi, Ruotsi\",\"vatID\":\"FI30178387\",\"priceRange\":\"$$\",\"currenciesAccepted\":\"\u20ac\",\"paymentAccepted\":\"Lasku, pankkikortti\"},{\"@type\":\"WebSite\",\"@id\":\"https:\/\/hotelli03.domainhotelli.fi\/~lsdoecli\/#website\",\"url\":\"https:\/\/hotelli03.domainhotelli.fi\/~lsdoecli\/\",\"name\":\"JV Tuonti\",\"description\":\"JV Tuonti Oy:n verkkokauppa\",\"publisher\":{\"@id\":\"https:\/\/hotelli03.domainhotelli.fi\/~lsdoecli\/#organization\"},\"potentialAction\":[{\"@type\":\"SearchAction\",\"target\":{\"@type\":\"EntryPoint\",\"urlTemplate\":\"https:\/\/hotelli03.domainhotelli.fi\/~lsdoecli\/?s={search_term_string}\"},\"query-input\":\"required name=search_term_string\"}],\"inLanguage\":\"fi\"},{\"@type\":\"ImageObject\",\"inLanguage\":\"fi\",\"@id\":\"https:\/\/hotelli03.domainhotelli.fi\/~lsdoecli\/tuote\/kuulosuojain-kuuleva-sordin-left-right-cutoff-pro-kyparaan\/#primaryimage\",\"url\":\"https:\/\/hotelli03.domainhotelli.fi\/~lsdoecli\/wp-content\/uploads\/2021\/11\/Kuulosuojain-kuuleva-Sordin-leftRight-CutOff-Pro.jpeg\",\"contentUrl\":\"https:\/\/hotelli03.domainhotelli.fi\/~lsdoecli\/wp-content\/uploads\/2021\/11\/Kuulosuojain-kuuleva-Sordin-leftRight-CutOff-Pro.jpeg\",\"width\":600,\"height\":600,\"caption\":\"Kuulosuojain kuuleva Sordin left\/Right CutOff Pro\"},{\"@type\":\"WebPage\",\"@id\":\"https:\/\/hotelli03.domainhotelli.fi\/~lsdoecli\/tuote\/kuulosuojain-kuuleva-sordin-left-right-cutoff-pro-kyparaan\/\",\"url\":\"https:\/\/hotelli03.domainhotelli.fi\/~lsdoecli\/tuote\/kuulosuojain-kuuleva-sordin-left-right-cutoff-pro-kyparaan\/\",\"name\":\"Kuulosuojain kuuleva Sordin left\/RIGHT CutOff Pro kyp\u00e4r\u00e4\u00e4n | JV Tuonti\",\"isPartOf\":{\"@id\":\"https:\/\/hotelli03.domainhotelli.fi\/~lsdoecli\/#website\"},\"primaryImageOfPage\":{\"@id\":\"https:\/\/hotelli03.domainhotelli.fi\/~lsdoecli\/tuote\/kuulosuojain-kuuleva-sordin-left-right-cutoff-pro-kyparaan\/#primaryimage\"},\"datePublished\":\"2021-11-01T10:56:16+00:00\",\"dateModified\":\"2021-11-01T10:56:16+00:00\",\"description\":\"Kuulosuojain kuuleva Sordin left\/Right CutOff Pro kyp\u00e4r\u00e4\u00e4n. Ammattilaistason tasorajoitteiset kuulevat kuulonsuojaimet.\",\"breadcrumb\":{\"@id\":\"https:\/\/hotelli03.domainhotelli.fi\/~lsdoecli\/tuote\/kuulosuojain-kuuleva-sordin-left-right-cutoff-pro-kyparaan\/#breadcrumb\"},\"inLanguage\":\"fi\",\"potentialAction\":[{\"@type\":\"ReadAction\",\"target\":[\"https:\/\/hotelli03.domainhotelli.fi\/~lsdoecli\/tuote\/kuulosuojain-kuuleva-sordin-left-right-cutoff-pro-kyparaan\/\"]}]},{\"@type\":\"BreadcrumbList\",\"@id\":\"https:\/\/hotelli03.domainhotelli.fi\/~lsdoecli\/tuote\/kuulosuojain-kuuleva-sordin-left-right-cutoff-pro-kyparaan\/#breadcrumb\",\"itemListElement\":[{\"@type\":\"ListItem\",\"position\":1,\"name\":\"Etusivu\",\"item\":\"https:\/\/hotelli03.domainhotelli.fi\/~lsdoecli\/\"},{\"@type\":\"ListItem\",\"position\":2,\"name\":\"Kauppa\",\"item\":\"https:\/\/hotelli03.domainhotelli.fi\/~lsdoecli\/kauppa\/\"},{\"@type\":\"ListItem\",\"position\":3,\"name\":\"Kuulosuojain kuuleva Sordin left\/RIGHT CutOff Pro kyp\u00e4r\u00e4\u00e4n\"}]},{\"@type\":\"PostalAddress\",\"@id\":\"https:\/\/hotelli03.domainhotelli.fi\/~lsdoecli\/tuote\/kuulosuojain-kuuleva-sordin-left-right-cutoff-pro-kyparaan\/#local-main-place-address\",\"streetAddress\":\"Pyymosantie 5a\",\"addressLocality\":\"Vantaa\",\"postalCode\":\"01720\",\"addressCountry\":\"FI\"},{\"@type\":\"ImageObject\",\"inLanguage\":\"fi\",\"@id\":\"https:\/\/hotelli03.domainhotelli.fi\/~lsdoecli\/tuote\/kuulosuojain-kuuleva-sordin-left-right-cutoff-pro-kyparaan\/#local-main-organization-logo\",\"url\":\"https:\/\/hotelli03.domainhotelli.fi\/~lsdoecli\/wp-content\/uploads\/2021\/08\/JVTuonti_logo_nelio.jpg\",\"contentUrl\":\"https:\/\/hotelli03.domainhotelli.fi\/~lsdoecli\/wp-content\/uploads\/2021\/08\/JVTuonti_logo_nelio.jpg\",\"width\":550,\"height\":550,\"caption\":\"JV Tuonti Oy\"}]}<\/script>\n<meta property=\"product:brand\" content=\"Sordin\" \/>\n<meta property=\"product:price:amount\" content=\"194.99\" \/>\n<meta property=\"product:price:currency\" content=\"EUR\" \/>\n<meta property=\"og:availability\" content=\"instock\" \/>\n<meta property=\"product:availability\" content=\"instock\" \/>\n<meta property=\"product:retailer_item_id\" content=\"51500-04-S\" \/>\n<meta property=\"product:condition\" content=\"new\" \/>\n<meta name=\"geo.placename\" content=\"Vantaa\" \/>\n<meta name=\"geo.position\" content=\"60.28431;24.81654\" \/>\n<meta name=\"geo.region\" content=\"Suomi\" \/>\n<!-- \/ Yoast SEO Premium plugin. -->","yoast_head_json":{"title":"Kuulosuojain kuuleva Sordin left\/RIGHT CutOff Pro kyp\u00e4r\u00e4\u00e4n | JV Tuonti","description":"Kuulosuojain kuuleva Sordin left\/Right CutOff Pro kyp\u00e4r\u00e4\u00e4n. Ammattilaistason tasorajoitteiset kuulevat kuulonsuojaimet.","robots":{"index":"index","follow":"follow","max-snippet":"max-snippet:-1","max-image-preview":"max-image-preview:large","max-video-preview":"max-video-preview:-1"},"canonical":"https:\/\/hotelli03.domainhotelli.fi\/~lsdoecli\/tuote\/kuulosuojain-kuuleva-sordin-left-right-cutoff-pro-kyparaan\/","og_locale":"fi_FI","og_type":"article","og_title":"Kuulosuojain kuuleva Sordin left\/RIGHT CutOff Pro kyp\u00e4r\u00e4\u00e4n","og_description":"Kuulosuojain kuuleva Sordin left\/Right CutOff Pro kyp\u00e4r\u00e4\u00e4n. Ammattilaistason tasorajoitteiset kuulevat kuulonsuojaimet.","og_url":"https:\/\/hotelli03.domainhotelli.fi\/~lsdoecli\/tuote\/kuulosuojain-kuuleva-sordin-left-right-cutoff-pro-kyparaan\/","og_site_name":"JV Tuonti","article_publisher":"https:\/\/www.facebook.com\/JVTuontiOy","og_image":[{"width":600,"height":600,"url":"https:\/\/hotelli03.domainhotelli.fi\/~lsdoecli\/wp-content\/uploads\/2021\/11\/Kuulosuojain-kuuleva-Sordin-leftRight-CutOff-Pro.jpeg","type":"image\/jpeg"}],"twitter_card":"summary_large_image","twitter_misc":{"Price":"194,99&nbsp;&euro; Alv 24%N\u00e4yt\u00e4 veroton hinta157,25&nbsp;&euro; Alv 0%N\u00e4yt\u00e4 verollinen hinta","Availability":"In stock"},"schema":{"@context":"https:\/\/schema.org","@graph":[{"@type":["Organization","Place","WholesaleStore"],"@id":"https:\/\/hotelli03.domainhotelli.fi\/~lsdoecli\/#organization","name":"JV Tuonti Oy","url":"https:\/\/hotelli03.domainhotelli.fi\/~lsdoecli\/","sameAs":["https:\/\/instagram.com\/jvtuontioy?utm_medium=copy_link","https:\/\/www.facebook.com\/JVTuontiOy"],"logo":{"@id":"https:\/\/hotelli03.domainhotelli.fi\/~lsdoecli\/tuote\/kuulosuojain-kuuleva-sordin-left-right-cutoff-pro-kyparaan\/#local-main-organization-logo"},"image":{"@id":"https:\/\/hotelli03.domainhotelli.fi\/~lsdoecli\/tuote\/kuulosuojain-kuuleva-sordin-left-right-cutoff-pro-kyparaan\/#local-main-organization-logo"},"address":{"@id":"https:\/\/hotelli03.domainhotelli.fi\/~lsdoecli\/tuote\/kuulosuojain-kuuleva-sordin-left-right-cutoff-pro-kyparaan\/#local-main-place-address"},"geo":{"@type":"GeoCoordinates","latitude":"60.28431","longitude":"24.81654"},"telephone":["0408369980"],"openingHoursSpecification":[{"@type":"OpeningHoursSpecification","dayOfWeek":["Monday","Tuesday","Wednesday","Thursday","Friday"],"opens":"08:00","closes":"16:00"},{"@type":"OpeningHoursSpecification","dayOfWeek":["Saturday","Sunday"],"opens":"00:00","closes":"00:00"}],"email":"myynti@hotelli03.domainhotelli.fi","areaServed":"Suomi, Ruotsi","vatID":"FI30178387","priceRange":"$$","currenciesAccepted":"\u20ac","paymentAccepted":"Lasku, pankkikortti"},{"@type":"WebSite","@id":"https:\/\/hotelli03.domainhotelli.fi\/~lsdoecli\/#website","url":"https:\/\/hotelli03.domainhotelli.fi\/~lsdoecli\/","name":"JV Tuonti","description":"JV Tuonti Oy:n verkkokauppa","publisher":{"@id":"https:\/\/hotelli03.domainhotelli.fi\/~lsdoecli\/#organization"},"potentialAction":[{"@type":"SearchAction","target":{"@type":"EntryPoint","urlTemplate":"https:\/\/hotelli03.domainhotelli.fi\/~lsdoecli\/?s={search_term_string}"},"query-input":"required name=search_term_string"}],"inLanguage":"fi"},{"@type":"ImageObject","inLanguage":"fi","@id":"https:\/\/hotelli03.domainhotelli.fi\/~lsdoecli\/tuote\/kuulosuojain-kuuleva-sordin-left-right-cutoff-pro-kyparaan\/#primaryimage","url":"https:\/\/hotelli03.domainhotelli.fi\/~lsdoecli\/wp-content\/uploads\/2021\/11\/Kuulosuojain-kuuleva-Sordin-leftRight-CutOff-Pro.jpeg","contentUrl":"https:\/\/hotelli03.domainhotelli.fi\/~lsdoecli\/wp-content\/uploads\/2021\/11\/Kuulosuojain-kuuleva-Sordin-leftRight-CutOff-Pro.jpeg","width":600,"height":600,"caption":"Kuulosuojain kuuleva Sordin left\/Right CutOff Pro"},{"@type":"WebPage","@id":"https:\/\/hotelli03.domainhotelli.fi\/~lsdoecli\/tuote\/kuulosuojain-kuuleva-sordin-left-right-cutoff-pro-kyparaan\/","url":"https:\/\/hotelli03.domainhotelli.fi\/~lsdoecli\/tuote\/kuulosuojain-kuuleva-sordin-left-right-cutoff-pro-kyparaan\/","name":"Kuulosuojain kuuleva Sordin left\/RIGHT CutOff Pro kyp\u00e4r\u00e4\u00e4n | JV Tuonti","isPartOf":{"@id":"https:\/\/hotelli03.domainhotelli.fi\/~lsdoecli\/#website"},"primaryImageOfPage":{"@id":"https:\/\/hotelli03.domainhotelli.fi\/~lsdoecli\/tuote\/kuulosuojain-kuuleva-sordin-left-right-cutoff-pro-kyparaan\/#primaryimage"},"datePublished":"2021-11-01T10:56:16+00:00","dateModified":"2021-11-01T10:56:16+00:00","description":"Kuulosuojain kuuleva Sordin left\/Right CutOff Pro kyp\u00e4r\u00e4\u00e4n. Ammattilaistason tasorajoitteiset kuulevat kuulonsuojaimet.","breadcrumb":{"@id":"https:\/\/hotelli03.domainhotelli.fi\/~lsdoecli\/tuote\/kuulosuojain-kuuleva-sordin-left-right-cutoff-pro-kyparaan\/#breadcrumb"},"inLanguage":"fi","potentialAction":[{"@type":"ReadAction","target":["https:\/\/hotelli03.domainhotelli.fi\/~lsdoecli\/tuote\/kuulosuojain-kuuleva-sordin-left-right-cutoff-pro-kyparaan\/"]}]},{"@type":"BreadcrumbList","@id":"https:\/\/hotelli03.domainhotelli.fi\/~lsdoecli\/tuote\/kuulosuojain-kuuleva-sordin-left-right-cutoff-pro-kyparaan\/#breadcrumb","itemListElement":[{"@type":"ListItem","position":1,"name":"Etusivu","item":"https:\/\/hotelli03.domainhotelli.fi\/~lsdoecli\/"},{"@type":"ListItem","position":2,"name":"Kauppa","item":"https:\/\/hotelli03.domainhotelli.fi\/~lsdoecli\/kauppa\/"},{"@type":"ListItem","position":3,"name":"Kuulosuojain kuuleva Sordin left\/RIGHT CutOff Pro kyp\u00e4r\u00e4\u00e4n"}]},{"@type":"PostalAddress","@id":"https:\/\/hotelli03.domainhotelli.fi\/~lsdoecli\/tuote\/kuulosuojain-kuuleva-sordin-left-right-cutoff-pro-kyparaan\/#local-main-place-address","streetAddress":"Pyymosantie 5a","addressLocality":"Vantaa","postalCode":"01720","addressCountry":"FI"},{"@type":"ImageObject","inLanguage":"fi","@id":"https:\/\/hotelli03.domainhotelli.fi\/~lsdoecli\/tuote\/kuulosuojain-kuuleva-sordin-left-right-cutoff-pro-kyparaan\/#local-main-organization-logo","url":"https:\/\/hotelli03.domainhotelli.fi\/~lsdoecli\/wp-content\/uploads\/2021\/08\/JVTuonti_logo_nelio.jpg","contentUrl":"https:\/\/hotelli03.domainhotelli.fi\/~lsdoecli\/wp-content\/uploads\/2021\/08\/JVTuonti_logo_nelio.jpg","width":550,"height":550,"caption":"JV Tuonti Oy"}]},"product_brand":"Sordin","product_price_amount":"194.99","product_price_currency":"EUR","og_availability":"instock","product_availability":"instock","product_retailer_item_id":"51500-04-S","product_condition":"new","geo.placename":"Vantaa","geo.position":{"lat":"60.28431","long":"24.81654"},"geo.region":"Suomi"},"_links":{"self":[{"href":"https:\/\/hotelli03.domainhotelli.fi\/~lsdoecli\/wp-json\/wp\/v2\/product\/8171"}],"collection":[{"href":"https:\/\/hotelli03.domainhotelli.fi\/~lsdoecli\/wp-json\/wp\/v2\/product"}],"about":[{"href":"https:\/\/hotelli03.domainhotelli.fi\/~lsdoecli\/wp-json\/wp\/v2\/types\/product"}],"replies":[{"embeddable":true,"href":"https:\/\/hotelli03.domainhotelli.fi\/~lsdoecli\/wp-json\/wp\/v2\/comments?post=8171"}],"wp:featuredmedia":[{"embeddable":true,"href":"https:\/\/hotelli03.domainhotelli.fi\/~lsdoecli\/wp-json\/wp\/v2\/media\/8172"}],"wp:attachment":[{"href":"https:\/\/hotelli03.domainhotelli.fi\/~lsdoecli\/wp-json\/wp\/v2\/media?parent=8171"}],"wp:term":[{"taxonomy":"product_cat","embeddable":true,"href":"https:\/\/hotelli03.domainhotelli.fi\/~lsdoecli\/wp-json\/wp\/v2\/product_cat?post=8171"},{"taxonomy":"product_tag","embeddable":true,"href":"https:\/\/hotelli03.domainhotelli.fi\/~lsdoecli\/wp-json\/wp\/v2\/product_tag?post=8171"}],"curies":[{"name":"wp","href":"https:\/\/api.w.org\/{rel}","templated":true}]}}