{"id":8164,"date":"2021-11-01T09:24:29","date_gmt":"2021-11-01T09:24:29","guid":{"rendered":"https:\/\/hotelli03.domainhotelli.fi\/~lsdoecli\/?post_type=product&#038;p=8164"},"modified":"2021-11-01T09:58:35","modified_gmt":"2021-11-01T09:58:35","slug":"kuulosuojain-sordin-left-right-fm-pro-kyparakiinnike","status":"publish","type":"product","link":"https:\/\/hotelli03.domainhotelli.fi\/~lsdoecli\/tuote\/kuulosuojain-sordin-left-right-fm-pro-kyparakiinnike\/","title":{"rendered":"Kuulosuojain Sordin left\/RIGHT FM Pro kyp\u00e4r\u00e4kiinnike"},"content":{"rendered":"<h2>Ammattilaistason FM radiolla varustetut kupukuulonsuojaimet p\u00e4\u00e4n ergonomian mukaan muotoilluilla left\/RIGHT kupeilla. Medium-tason vaimennus SNR 27 dB.<\/h2>\n<p>Kuulosuojain Sordin left\/Right FM Pro on varustettu 01, 02 sek\u00e4 14 kyp\u00e4r\u00e4kiinnitysadaptereilla. 01 adapteri (vastaava kuin P3E kiinnike) on yhteensopiva mm. Kask, CT ja Petzl ty\u00f6kyp\u00e4rien ja muiden yleisesti k\u00e4yt\u00f6ss\u00e4 olevien kyp\u00e4rien kanssa, joissa on sivuilla kiinnityslovet kuulosuojaimille.<\/p>\n<h4>Kuulosuojain Sordin left\/Right FM Pro ominaisuudet:<\/h4>\n<ul>\n<li>Teleskooppinen pituudens\u00e4\u00e4t\u00f6.<\/li>\n<li>Kompakti, kest\u00e4v\u00e4 rakenne<\/li>\n<li>Medium-tason vaimennus SNR 27 dB<\/li>\n<li>Left\/RIGHT kuulosuojaimet on muotoiltu erikseen oikealle ja vasemmalle korvalle, joka antaa korvalehdille enemm\u00e4n tilaa, ja tekee rakenteesta sek\u00e4 tiiviimm\u00e4n p\u00e4\u00e4t\u00e4 vasten, turvallisemman k\u00e4ytt\u00e4\u00e4, ett\u00e4 parantaa k\u00e4ytt\u00f6mukavuutta.<\/li>\n<li>AUX 3,5 mm sis\u00e4\u00e4ntulo esim. viestint\u00e4\u00e4, radiopuhelinta, matkapuhelinta, MP3 soitinta tai radiota varten.<\/li>\n<li>varustettu 01, 02 sek\u00e4 14 kyp\u00e4r\u00e4kiinnitysadaptereilla<\/li>\n<li>FM Pro pit\u00e4\u00e4 kaiuttimien \u00e4\u00e4nenvoimakkuuden aina alle 82 dB turvallisella tasolla<\/li>\n<li>Automaattinen viritys.<\/li>\n<li>Helppo k\u00e4ytt\u00e4\u00e4 kyljess\u00e4 olevien kolmen painikkeen avulla my\u00f6s k\u00e4sineet k\u00e4dess\u00e4.<\/li>\n<li>Suojattu elektroniikka.<\/li>\n<li>Toimii 2 x AA (LR06) sormiparistoilla. <a href=\"https:\/\/hotelli03.domainhotelli.fi\/~lsdoecli\/tuote\/paristo-aa-allmax-24-kpl\/\">(Osta patterit samalla t\u00e4st\u00e4!)<\/a><\/li>\n<li>Paristojen kesto jopa 1000 tuntia. Paristojens\u00e4\u00e4st\u00f6toiminto pident\u00e4\u00e4 k\u00e4ytt\u00f6ik\u00e4\u00e4: Sammuu automaattisesti, kun suojainta ei k\u00e4ytet\u00e4.<\/li>\n<li>Kupujen materiaali ABS<\/li>\n<li><a href=\"https:\/\/www.ttl.fi\/tyoymparisto\/henkilonsuojaimet\/kaytto-ja-valinta\/kuulonsuojaimet\/\">CE EN 352<\/a>.<\/li>\n<li>Valmistusmaa Ruotsi.<\/li>\n<\/ul>\n<p>&nbsp;<\/p>\n<h3>Toimitukseen sis\u00e4ltyv\u00e4t adapterit sopivat mm. k\u00e4ytett\u00e4v\u00e4ksi mm. seuraavien suojakyp\u00e4rien kanssa:<\/h3>\n<h4>Adapter01:<\/h4>\n<p>&#8211; <a href=\"https:\/\/hotelli03.domainhotelli.fi\/~lsdoecli\/tuote-osasto\/paansuojaimet\/suojakyparat\/\">Kask Zenith -sarja<\/a><br \/>\n&#8211; <a href=\"https:\/\/hotelli03.domainhotelli.fi\/~lsdoecli\/tuote-osasto\/paansuojaimet\/suojakyparat\/\">Kask Plasma -sarja ja HP<\/a> (edellytt\u00e4\u00e4 <a href=\"https:\/\/hotelli03.domainhotelli.fi\/~lsdoecli\/tuote\/kuulosuojainadapterit-kask-plasma\/\">kuulosuojainsovittimia<\/a>)<br \/>\n&#8211; CT &#8211; Climbing Technology Aries -sarja<br \/>\n&#8211; Beal Skyfall<br \/>\n&#8211; Petzl Vertex<br \/>\n&#8211; Petzl Alveo<br \/>\n&#8211; Balance AC ja HD<br \/>\n&#8211; JSP Mk II<br \/>\n&#8211; Protector Tuffmaster II ja Style 300<\/p>\n<h4>Adapter 02:<\/h4>\n<p>&#8211; Peltor G3000<br \/>\n&#8211; Protector Style 600<br \/>\n&#8211; Auboueix Iris II<\/p>\n<h4>Adapter 14:<\/h4>\n<p>&#8211; MSA V-Gard, V-Gard 200, V-Gard 500, V-Gard 900<\/p>\n<p><a href=\"https:\/\/hotelli03.domainhotelli.fi\/~lsdoecli\/tuote-osasto\/rakennustarvikkeet\/suojaimet\/kuulosuojaimet\/\">Katso my\u00f6s muut kuulosuojain mallit t\u00e4st\u00e4!\u00a0<\/a><\/p>\n<p>&nbsp;<\/p>\n<p>&nbsp;<\/p>\n<p>Maahantuoja: <a href=\"https:\/\/www.vandernet.com\">Vandernet Oy<\/a><\/p>\n","protected":false},"excerpt":{"rendered":"<h4>Ammattilaistason FM radiolla varustetut kupukuulonsuojaimet p\u00e4\u00e4n ergonomian mukaan muotoilluilla left\/RIGHT kupeilla. Medium-tason vaimennus SNR 27 dB.<\/h4>\n<p>Kuulosuojain Sordin left\/Right FM Pro on varustettu 01, 02 sek\u00e4 14 kyp\u00e4r\u00e4kiinnitysadaptereilla. 01 adapteri (vastaava kuin P3E kiinnike) on yhteensopiva mm. Kask, CT ja Petzl ty\u00f6kyp\u00e4rien ja muiden yleisesti k\u00e4yt\u00f6ss\u00e4 olevien kyp\u00e4rien kanssa, joissa on sivuilla kiinnityslovet kuulosuojaimille.<\/p>\n","protected":false},"featured_media":8165,"comment_status":"open","ping_status":"closed","template":"","meta":[],"product_cat":[106],"product_tag":[881,883,882],"yoast_head":"<!-- This site is optimized with the Yoast SEO Premium plugin v18.9 (Yoast SEO v19.3) - https:\/\/yoast.com\/wordpress\/plugins\/seo\/ -->\n<title>Kuulosuojain Sordin left\/RIGHT FM Pro kyp\u00e4r\u00e4kiinnike | JV Tuonti<\/title>\n<meta name=\"description\" content=\"Kuulosuojain Sordin left\/RIGHT FM Pro on ammattilaistason FM radiolla varustetut kupukuulonsuojaimet p\u00e4\u00e4n mukaan muotoilluilla kupeilla.\" \/>\n<meta name=\"robots\" content=\"index, follow, max-snippet:-1, max-image-preview:large, max-video-preview:-1\" \/>\n<link rel=\"canonical\" href=\"https:\/\/hotelli03.domainhotelli.fi\/~lsdoecli\/tuote\/kuulosuojain-sordin-left-right-fm-pro-kyparakiinnike\/\" \/>\n<meta property=\"og:locale\" content=\"fi_FI\" \/>\n<meta property=\"og:type\" content=\"article\" \/>\n<meta property=\"og:title\" content=\"Kuulosuojain Sordin left\/RIGHT FM Pro kyp\u00e4r\u00e4kiinnike\" \/>\n<meta property=\"og:description\" content=\"Kuulosuojain Sordin left\/RIGHT FM Pro on ammattilaistason FM radiolla varustetut kupukuulonsuojaimet p\u00e4\u00e4n mukaan muotoilluilla kupeilla.\" \/>\n<meta property=\"og:url\" content=\"https:\/\/hotelli03.domainhotelli.fi\/~lsdoecli\/tuote\/kuulosuojain-sordin-left-right-fm-pro-kyparakiinnike\/\" \/>\n<meta property=\"og:site_name\" content=\"JV Tuonti\" \/>\n<meta property=\"article:publisher\" content=\"https:\/\/www.facebook.com\/JVTuontiOy\" \/>\n<meta property=\"article:modified_time\" content=\"2021-11-01T09:58:35+00:00\" \/>\n<meta property=\"og:image\" content=\"https:\/\/hotelli03.domainhotelli.fi\/~lsdoecli\/wp-content\/uploads\/2021\/11\/Kuulosuojain-Sordin-leftRIGHT-FM-Pro-kyparakiinnike-adapt.1214.jpeg\" \/>\n\t<meta property=\"og:image:width\" content=\"600\" \/>\n\t<meta property=\"og:image:height\" content=\"600\" \/>\n\t<meta property=\"og:image:type\" content=\"image\/jpeg\" \/>\n<meta name=\"twitter:card\" content=\"summary_large_image\" \/>\n<meta name=\"twitter:label1\" content=\"Price\" \/>\n\t<meta name=\"twitter:data1\" content=\"178,99&nbsp;&euro; Alv 24%N\u00e4yt\u00e4 veroton hinta144,35&nbsp;&euro; Alv 0%N\u00e4yt\u00e4 verollinen hinta\" \/>\n\t<meta name=\"twitter:label2\" content=\"Availability\" \/>\n\t<meta name=\"twitter:data2\" content=\"In stock\" \/>\n<script type=\"application\/ld+json\" class=\"yoast-schema-graph\">{\"@context\":\"https:\/\/schema.org\",\"@graph\":[{\"@type\":[\"Organization\",\"Place\",\"WholesaleStore\"],\"@id\":\"https:\/\/hotelli03.domainhotelli.fi\/~lsdoecli\/#organization\",\"name\":\"JV Tuonti Oy\",\"url\":\"https:\/\/hotelli03.domainhotelli.fi\/~lsdoecli\/\",\"sameAs\":[\"https:\/\/instagram.com\/jvtuontioy?utm_medium=copy_link\",\"https:\/\/www.facebook.com\/JVTuontiOy\"],\"logo\":{\"@id\":\"https:\/\/hotelli03.domainhotelli.fi\/~lsdoecli\/tuote\/kuulosuojain-sordin-left-right-fm-pro-kyparakiinnike\/#local-main-organization-logo\"},\"image\":{\"@id\":\"https:\/\/hotelli03.domainhotelli.fi\/~lsdoecli\/tuote\/kuulosuojain-sordin-left-right-fm-pro-kyparakiinnike\/#local-main-organization-logo\"},\"address\":{\"@id\":\"https:\/\/hotelli03.domainhotelli.fi\/~lsdoecli\/tuote\/kuulosuojain-sordin-left-right-fm-pro-kyparakiinnike\/#local-main-place-address\"},\"geo\":{\"@type\":\"GeoCoordinates\",\"latitude\":\"60.28431\",\"longitude\":\"24.81654\"},\"telephone\":[\"0408369980\"],\"openingHoursSpecification\":[{\"@type\":\"OpeningHoursSpecification\",\"dayOfWeek\":[\"Monday\",\"Tuesday\",\"Wednesday\",\"Thursday\",\"Friday\"],\"opens\":\"08:00\",\"closes\":\"16:00\"},{\"@type\":\"OpeningHoursSpecification\",\"dayOfWeek\":[\"Saturday\",\"Sunday\"],\"opens\":\"00:00\",\"closes\":\"00:00\"}],\"email\":\"myynti@hotelli03.domainhotelli.fi\",\"areaServed\":\"Suomi, Ruotsi\",\"vatID\":\"FI30178387\",\"priceRange\":\"$$\",\"currenciesAccepted\":\"\u20ac\",\"paymentAccepted\":\"Lasku, pankkikortti\"},{\"@type\":\"WebSite\",\"@id\":\"https:\/\/hotelli03.domainhotelli.fi\/~lsdoecli\/#website\",\"url\":\"https:\/\/hotelli03.domainhotelli.fi\/~lsdoecli\/\",\"name\":\"JV Tuonti\",\"description\":\"JV Tuonti Oy:n verkkokauppa\",\"publisher\":{\"@id\":\"https:\/\/hotelli03.domainhotelli.fi\/~lsdoecli\/#organization\"},\"potentialAction\":[{\"@type\":\"SearchAction\",\"target\":{\"@type\":\"EntryPoint\",\"urlTemplate\":\"https:\/\/hotelli03.domainhotelli.fi\/~lsdoecli\/?s={search_term_string}\"},\"query-input\":\"required name=search_term_string\"}],\"inLanguage\":\"fi\"},{\"@type\":\"ImageObject\",\"inLanguage\":\"fi\",\"@id\":\"https:\/\/hotelli03.domainhotelli.fi\/~lsdoecli\/tuote\/kuulosuojain-sordin-left-right-fm-pro-kyparakiinnike\/#primaryimage\",\"url\":\"https:\/\/hotelli03.domainhotelli.fi\/~lsdoecli\/wp-content\/uploads\/2021\/11\/Kuulosuojain-Sordin-leftRIGHT-FM-Pro-kyparakiinnike-adapt.1214.jpeg\",\"contentUrl\":\"https:\/\/hotelli03.domainhotelli.fi\/~lsdoecli\/wp-content\/uploads\/2021\/11\/Kuulosuojain-Sordin-leftRIGHT-FM-Pro-kyparakiinnike-adapt.1214.jpeg\",\"width\":600,\"height\":600,\"caption\":\"Kuulosuojain Sordin left:RIGHT FM Pro\"},{\"@type\":\"WebPage\",\"@id\":\"https:\/\/hotelli03.domainhotelli.fi\/~lsdoecli\/tuote\/kuulosuojain-sordin-left-right-fm-pro-kyparakiinnike\/\",\"url\":\"https:\/\/hotelli03.domainhotelli.fi\/~lsdoecli\/tuote\/kuulosuojain-sordin-left-right-fm-pro-kyparakiinnike\/\",\"name\":\"Kuulosuojain Sordin left\/RIGHT FM Pro kyp\u00e4r\u00e4kiinnike | JV Tuonti\",\"isPartOf\":{\"@id\":\"https:\/\/hotelli03.domainhotelli.fi\/~lsdoecli\/#website\"},\"primaryImageOfPage\":{\"@id\":\"https:\/\/hotelli03.domainhotelli.fi\/~lsdoecli\/tuote\/kuulosuojain-sordin-left-right-fm-pro-kyparakiinnike\/#primaryimage\"},\"datePublished\":\"2021-11-01T09:24:29+00:00\",\"dateModified\":\"2021-11-01T09:58:35+00:00\",\"description\":\"Kuulosuojain Sordin left\/RIGHT FM Pro on ammattilaistason FM radiolla varustetut kupukuulonsuojaimet p\u00e4\u00e4n mukaan muotoilluilla kupeilla.\",\"breadcrumb\":{\"@id\":\"https:\/\/hotelli03.domainhotelli.fi\/~lsdoecli\/tuote\/kuulosuojain-sordin-left-right-fm-pro-kyparakiinnike\/#breadcrumb\"},\"inLanguage\":\"fi\",\"potentialAction\":[{\"@type\":\"ReadAction\",\"target\":[\"https:\/\/hotelli03.domainhotelli.fi\/~lsdoecli\/tuote\/kuulosuojain-sordin-left-right-fm-pro-kyparakiinnike\/\"]}]},{\"@type\":\"BreadcrumbList\",\"@id\":\"https:\/\/hotelli03.domainhotelli.fi\/~lsdoecli\/tuote\/kuulosuojain-sordin-left-right-fm-pro-kyparakiinnike\/#breadcrumb\",\"itemListElement\":[{\"@type\":\"ListItem\",\"position\":1,\"name\":\"Etusivu\",\"item\":\"https:\/\/hotelli03.domainhotelli.fi\/~lsdoecli\/\"},{\"@type\":\"ListItem\",\"position\":2,\"name\":\"Kauppa\",\"item\":\"https:\/\/hotelli03.domainhotelli.fi\/~lsdoecli\/kauppa\/\"},{\"@type\":\"ListItem\",\"position\":3,\"name\":\"Kuulosuojain Sordin left\/RIGHT FM Pro kyp\u00e4r\u00e4kiinnike\"}]},{\"@type\":\"PostalAddress\",\"@id\":\"https:\/\/hotelli03.domainhotelli.fi\/~lsdoecli\/tuote\/kuulosuojain-sordin-left-right-fm-pro-kyparakiinnike\/#local-main-place-address\",\"streetAddress\":\"Pyymosantie 5a\",\"addressLocality\":\"Vantaa\",\"postalCode\":\"01720\",\"addressCountry\":\"FI\"},{\"@type\":\"ImageObject\",\"inLanguage\":\"fi\",\"@id\":\"https:\/\/hotelli03.domainhotelli.fi\/~lsdoecli\/tuote\/kuulosuojain-sordin-left-right-fm-pro-kyparakiinnike\/#local-main-organization-logo\",\"url\":\"https:\/\/hotelli03.domainhotelli.fi\/~lsdoecli\/wp-content\/uploads\/2021\/08\/JVTuonti_logo_nelio.jpg\",\"contentUrl\":\"https:\/\/hotelli03.domainhotelli.fi\/~lsdoecli\/wp-content\/uploads\/2021\/08\/JVTuonti_logo_nelio.jpg\",\"width\":550,\"height\":550,\"caption\":\"JV Tuonti Oy\"}]}<\/script>\n<meta property=\"product:brand\" content=\"Sordin\" \/>\n<meta property=\"product:price:amount\" content=\"178.99\" \/>\n<meta property=\"product:price:currency\" content=\"EUR\" \/>\n<meta property=\"og:availability\" content=\"instock\" \/>\n<meta property=\"product:availability\" content=\"instock\" \/>\n<meta property=\"product:retailer_item_id\" content=\"50500-04-S\" \/>\n<meta property=\"product:condition\" content=\"new\" \/>\n<meta name=\"geo.placename\" content=\"Vantaa\" \/>\n<meta name=\"geo.position\" content=\"60.28431;24.81654\" \/>\n<meta name=\"geo.region\" content=\"Suomi\" \/>\n<!-- \/ Yoast SEO Premium plugin. -->","yoast_head_json":{"title":"Kuulosuojain Sordin left\/RIGHT FM Pro kyp\u00e4r\u00e4kiinnike | JV Tuonti","description":"Kuulosuojain Sordin left\/RIGHT FM Pro on ammattilaistason FM radiolla varustetut kupukuulonsuojaimet p\u00e4\u00e4n mukaan muotoilluilla kupeilla.","robots":{"index":"index","follow":"follow","max-snippet":"max-snippet:-1","max-image-preview":"max-image-preview:large","max-video-preview":"max-video-preview:-1"},"canonical":"https:\/\/hotelli03.domainhotelli.fi\/~lsdoecli\/tuote\/kuulosuojain-sordin-left-right-fm-pro-kyparakiinnike\/","og_locale":"fi_FI","og_type":"article","og_title":"Kuulosuojain Sordin left\/RIGHT FM Pro kyp\u00e4r\u00e4kiinnike","og_description":"Kuulosuojain Sordin left\/RIGHT FM Pro on ammattilaistason FM radiolla varustetut kupukuulonsuojaimet p\u00e4\u00e4n mukaan muotoilluilla kupeilla.","og_url":"https:\/\/hotelli03.domainhotelli.fi\/~lsdoecli\/tuote\/kuulosuojain-sordin-left-right-fm-pro-kyparakiinnike\/","og_site_name":"JV Tuonti","article_publisher":"https:\/\/www.facebook.com\/JVTuontiOy","article_modified_time":"2021-11-01T09:58:35+00:00","og_image":[{"width":600,"height":600,"url":"https:\/\/hotelli03.domainhotelli.fi\/~lsdoecli\/wp-content\/uploads\/2021\/11\/Kuulosuojain-Sordin-leftRIGHT-FM-Pro-kyparakiinnike-adapt.1214.jpeg","type":"image\/jpeg"}],"twitter_card":"summary_large_image","twitter_misc":{"Price":"178,99&nbsp;&euro; Alv 24%N\u00e4yt\u00e4 veroton hinta144,35&nbsp;&euro; Alv 0%N\u00e4yt\u00e4 verollinen hinta","Availability":"In stock"},"schema":{"@context":"https:\/\/schema.org","@graph":[{"@type":["Organization","Place","WholesaleStore"],"@id":"https:\/\/hotelli03.domainhotelli.fi\/~lsdoecli\/#organization","name":"JV Tuonti Oy","url":"https:\/\/hotelli03.domainhotelli.fi\/~lsdoecli\/","sameAs":["https:\/\/instagram.com\/jvtuontioy?utm_medium=copy_link","https:\/\/www.facebook.com\/JVTuontiOy"],"logo":{"@id":"https:\/\/hotelli03.domainhotelli.fi\/~lsdoecli\/tuote\/kuulosuojain-sordin-left-right-fm-pro-kyparakiinnike\/#local-main-organization-logo"},"image":{"@id":"https:\/\/hotelli03.domainhotelli.fi\/~lsdoecli\/tuote\/kuulosuojain-sordin-left-right-fm-pro-kyparakiinnike\/#local-main-organization-logo"},"address":{"@id":"https:\/\/hotelli03.domainhotelli.fi\/~lsdoecli\/tuote\/kuulosuojain-sordin-left-right-fm-pro-kyparakiinnike\/#local-main-place-address"},"geo":{"@type":"GeoCoordinates","latitude":"60.28431","longitude":"24.81654"},"telephone":["0408369980"],"openingHoursSpecification":[{"@type":"OpeningHoursSpecification","dayOfWeek":["Monday","Tuesday","Wednesday","Thursday","Friday"],"opens":"08:00","closes":"16:00"},{"@type":"OpeningHoursSpecification","dayOfWeek":["Saturday","Sunday"],"opens":"00:00","closes":"00:00"}],"email":"myynti@hotelli03.domainhotelli.fi","areaServed":"Suomi, Ruotsi","vatID":"FI30178387","priceRange":"$$","currenciesAccepted":"\u20ac","paymentAccepted":"Lasku, pankkikortti"},{"@type":"WebSite","@id":"https:\/\/hotelli03.domainhotelli.fi\/~lsdoecli\/#website","url":"https:\/\/hotelli03.domainhotelli.fi\/~lsdoecli\/","name":"JV Tuonti","description":"JV Tuonti Oy:n verkkokauppa","publisher":{"@id":"https:\/\/hotelli03.domainhotelli.fi\/~lsdoecli\/#organization"},"potentialAction":[{"@type":"SearchAction","target":{"@type":"EntryPoint","urlTemplate":"https:\/\/hotelli03.domainhotelli.fi\/~lsdoecli\/?s={search_term_string}"},"query-input":"required name=search_term_string"}],"inLanguage":"fi"},{"@type":"ImageObject","inLanguage":"fi","@id":"https:\/\/hotelli03.domainhotelli.fi\/~lsdoecli\/tuote\/kuulosuojain-sordin-left-right-fm-pro-kyparakiinnike\/#primaryimage","url":"https:\/\/hotelli03.domainhotelli.fi\/~lsdoecli\/wp-content\/uploads\/2021\/11\/Kuulosuojain-Sordin-leftRIGHT-FM-Pro-kyparakiinnike-adapt.1214.jpeg","contentUrl":"https:\/\/hotelli03.domainhotelli.fi\/~lsdoecli\/wp-content\/uploads\/2021\/11\/Kuulosuojain-Sordin-leftRIGHT-FM-Pro-kyparakiinnike-adapt.1214.jpeg","width":600,"height":600,"caption":"Kuulosuojain Sordin left:RIGHT FM Pro"},{"@type":"WebPage","@id":"https:\/\/hotelli03.domainhotelli.fi\/~lsdoecli\/tuote\/kuulosuojain-sordin-left-right-fm-pro-kyparakiinnike\/","url":"https:\/\/hotelli03.domainhotelli.fi\/~lsdoecli\/tuote\/kuulosuojain-sordin-left-right-fm-pro-kyparakiinnike\/","name":"Kuulosuojain Sordin left\/RIGHT FM Pro kyp\u00e4r\u00e4kiinnike | JV Tuonti","isPartOf":{"@id":"https:\/\/hotelli03.domainhotelli.fi\/~lsdoecli\/#website"},"primaryImageOfPage":{"@id":"https:\/\/hotelli03.domainhotelli.fi\/~lsdoecli\/tuote\/kuulosuojain-sordin-left-right-fm-pro-kyparakiinnike\/#primaryimage"},"datePublished":"2021-11-01T09:24:29+00:00","dateModified":"2021-11-01T09:58:35+00:00","description":"Kuulosuojain Sordin left\/RIGHT FM Pro on ammattilaistason FM radiolla varustetut kupukuulonsuojaimet p\u00e4\u00e4n mukaan muotoilluilla kupeilla.","breadcrumb":{"@id":"https:\/\/hotelli03.domainhotelli.fi\/~lsdoecli\/tuote\/kuulosuojain-sordin-left-right-fm-pro-kyparakiinnike\/#breadcrumb"},"inLanguage":"fi","potentialAction":[{"@type":"ReadAction","target":["https:\/\/hotelli03.domainhotelli.fi\/~lsdoecli\/tuote\/kuulosuojain-sordin-left-right-fm-pro-kyparakiinnike\/"]}]},{"@type":"BreadcrumbList","@id":"https:\/\/hotelli03.domainhotelli.fi\/~lsdoecli\/tuote\/kuulosuojain-sordin-left-right-fm-pro-kyparakiinnike\/#breadcrumb","itemListElement":[{"@type":"ListItem","position":1,"name":"Etusivu","item":"https:\/\/hotelli03.domainhotelli.fi\/~lsdoecli\/"},{"@type":"ListItem","position":2,"name":"Kauppa","item":"https:\/\/hotelli03.domainhotelli.fi\/~lsdoecli\/kauppa\/"},{"@type":"ListItem","position":3,"name":"Kuulosuojain Sordin left\/RIGHT FM Pro kyp\u00e4r\u00e4kiinnike"}]},{"@type":"PostalAddress","@id":"https:\/\/hotelli03.domainhotelli.fi\/~lsdoecli\/tuote\/kuulosuojain-sordin-left-right-fm-pro-kyparakiinnike\/#local-main-place-address","streetAddress":"Pyymosantie 5a","addressLocality":"Vantaa","postalCode":"01720","addressCountry":"FI"},{"@type":"ImageObject","inLanguage":"fi","@id":"https:\/\/hotelli03.domainhotelli.fi\/~lsdoecli\/tuote\/kuulosuojain-sordin-left-right-fm-pro-kyparakiinnike\/#local-main-organization-logo","url":"https:\/\/hotelli03.domainhotelli.fi\/~lsdoecli\/wp-content\/uploads\/2021\/08\/JVTuonti_logo_nelio.jpg","contentUrl":"https:\/\/hotelli03.domainhotelli.fi\/~lsdoecli\/wp-content\/uploads\/2021\/08\/JVTuonti_logo_nelio.jpg","width":550,"height":550,"caption":"JV Tuonti Oy"}]},"product_brand":"Sordin","product_price_amount":"178.99","product_price_currency":"EUR","og_availability":"instock","product_availability":"instock","product_retailer_item_id":"50500-04-S","product_condition":"new","geo.placename":"Vantaa","geo.position":{"lat":"60.28431","long":"24.81654"},"geo.region":"Suomi"},"_links":{"self":[{"href":"https:\/\/hotelli03.domainhotelli.fi\/~lsdoecli\/wp-json\/wp\/v2\/product\/8164"}],"collection":[{"href":"https:\/\/hotelli03.domainhotelli.fi\/~lsdoecli\/wp-json\/wp\/v2\/product"}],"about":[{"href":"https:\/\/hotelli03.domainhotelli.fi\/~lsdoecli\/wp-json\/wp\/v2\/types\/product"}],"replies":[{"embeddable":true,"href":"https:\/\/hotelli03.domainhotelli.fi\/~lsdoecli\/wp-json\/wp\/v2\/comments?post=8164"}],"wp:featuredmedia":[{"embeddable":true,"href":"https:\/\/hotelli03.domainhotelli.fi\/~lsdoecli\/wp-json\/wp\/v2\/media\/8165"}],"wp:attachment":[{"href":"https:\/\/hotelli03.domainhotelli.fi\/~lsdoecli\/wp-json\/wp\/v2\/media?parent=8164"}],"wp:term":[{"taxonomy":"product_cat","embeddable":true,"href":"https:\/\/hotelli03.domainhotelli.fi\/~lsdoecli\/wp-json\/wp\/v2\/product_cat?post=8164"},{"taxonomy":"product_tag","embeddable":true,"href":"https:\/\/hotelli03.domainhotelli.fi\/~lsdoecli\/wp-json\/wp\/v2\/product_tag?post=8164"}],"curies":[{"name":"wp","href":"https:\/\/api.w.org\/{rel}","templated":true}]}}