{"id":8133,"date":"2021-10-29T12:29:12","date_gmt":"2021-10-29T12:29:12","guid":{"rendered":"https:\/\/hotelli03.domainhotelli.fi\/~lsdoecli\/?post_type=product&#038;p=8133"},"modified":"2021-10-29T12:31:01","modified_gmt":"2021-10-29T12:31:01","slug":"suojamaski-bolle-pilot-paapannalla-kirkas","status":"publish","type":"product","link":"https:\/\/hotelli03.domainhotelli.fi\/~lsdoecli\/tuote\/suojamaski-bolle-pilot-paapannalla-kirkas\/","title":{"rendered":"Suojamaski Bolle Pilot p\u00e4\u00e4pannalla, kirkas"},"content":{"rendered":"<h2>Panoraaman\u00e4kym\u00e4n tarjoava tuuletettu suojamaski kirkkaalla linssill\u00e4 ty\u00f6k\u00e4ytt\u00f6\u00f6n.<\/h2>\n<p>Suojamaski Bolle Pilot p\u00e4\u00e4pannalla on muotoon valettu kehys on hyvin istuva, tarjoaa tehokkaan tuuletuksen yl\u00e4laidasta ja sen alla voidaan k\u00e4ytt\u00e4\u00e4 silm\u00e4laseja. Alalaidassa tyhjennysr\u00e4nnit. TPR (Thermo Plastic Rubber) tiiviste on joustava ja mukautuu t\u00e4ydellisesti kasvojen muotojen mukaan tiiviiksi. PLATINUM-pinnoitettu huurtumaton polykarbonaattilinssi.<\/p>\n<p>Suojaa silmi\u00e4 kemikaalipisaroilta, karkealta p\u00f6lylt\u00e4, kuumuudelta, kuumilta lent\u00e4vilt\u00e4 kappaleilta, sulalta metalliroiskeelta, UV-s\u00e4teilt\u00e4 h\u00e4iritsem\u00e4tt\u00e4 v\u00e4rierottelukyky\u00e4 ja keskienergisilt\u00e4 mekaanisilta vaaroilta (6mm, 0.86 g metallikuula 120 m\/s), my\u00f6s \u00e4\u00e4rimm\u00e4isiss\u00e4 l\u00e4mp\u00f6tiloissa.<\/p>\n<p>Huurtumisenestopinnoitetut ja naarmuuntumisenestopinnoitetut linssit, joissa pinnoite ylitt\u00e4\u00e4 huomattavasti luokka N ja luokka K testimenetelmien vaatimukset. Polykarbonaattilinssien optiikkaluokka 1: Suunniteltu pitk\u00e4kestoiseen yht\u00e4jaksoiseen k\u00e4ytt\u00f6\u00f6n.<\/p>\n<div id='gallery-1' class='gallery galleryid-8133 gallery-columns-2 gallery-size-medium'><figure class='gallery-item'>\n\t\t\t<div class='gallery-icon landscape'>\n\t\t\t\t<a href='https:\/\/hotelli03.domainhotelli.fi\/~lsdoecli\/?attachment_id=8136'><img width=\"300\" height=\"300\" src=\"https:\/\/hotelli03.domainhotelli.fi\/~lsdoecli\/wp-content\/uploads\/2021\/10\/Suojamaski-Bolle-Pilot-paapannalla-kirkas-paa-300x300.jpeg\" class=\"attachment-medium size-medium\" alt=\"\" loading=\"lazy\" \/><\/a>\n\t\t\t<\/div><\/figure><figure class='gallery-item'>\n\t\t\t<div class='gallery-icon landscape'>\n\t\t\t\t<a href='https:\/\/hotelli03.domainhotelli.fi\/~lsdoecli\/?attachment_id=8138'><img width=\"300\" height=\"300\" src=\"https:\/\/hotelli03.domainhotelli.fi\/~lsdoecli\/wp-content\/uploads\/2021\/10\/Suojamaski-Bolle-Pilot-paapannalla-kirkas-paassa-300x300.jpeg\" class=\"attachment-medium size-medium\" alt=\"Suojamaski Bolle Pilot p\u00e4\u00e4pannalla\" loading=\"lazy\" \/><\/a>\n\t\t\t<\/div><\/figure>\n\t\t<\/div>\n\n<h4>PLATINUM-pinnoitteen edut:<\/h4>\n<p>&#8211; Erinomainen suoja huurtumista vastaan turvaten hyv\u00e4n n\u00e4k\u00f6kyvyn vaihtelevissa olosuhteissa<br \/>\n&#8211; Kest\u00e4\u00e4 erinomaisesti mekaanista kulutusta ehk\u00e4isten naarmujen muodostusta (1,4 cd\/m2)<br \/>\n&#8211; Puhdistuksen kest\u00e4v\u00e4 (puhdistus vesi &amp; saippua -yhdistelm\u00e4ll\u00e4 tai Boll\u00e9 Safety B-Clean tuotteilla)<br \/>\n&#8211; Pysyv\u00e4sti molemmilla puolilla linssej\u00e4<br \/>\n&#8211; Parantaa toimintatehoa, turvallisuutta, suojalasien luotettavuutta ja k\u00e4ytt\u00f6mukavuutta<br \/>\n&#8211; Suositeltava valinta monipuoliseen yleisk\u00e4ytt\u00f6\u00f6n sek\u00e4 kuumiin ja kosteisiin ty\u00f6oloihin sek\u00e4 hike\u00e4 nostattaviin olosuhteisiin<\/p>\n<h4>Suojamaski Bolle Pilot p\u00e4\u00e4pannalla Tekniset tiedot:<\/h4>\n<p>Kehysmerkint\u00e4: EN166 3 4 9 BT CE<br \/>\nLinssimerkint\u00e4: 2C-1.2 1 BT 9 KN CE<br \/>\nSertifiointi: EN166, EN170, EAC, CSA Z94.3<br \/>\nUVA\/UVB suoja: 99,9 %<br \/>\nLinssi: Paksuus 2,1 mm<br \/>\nKaarevuusluokka 5,5<br \/>\nPaino: 89 g<\/p>\n<p><iframe loading=\"lazy\" title=\"Boll\u00e9 Safety PLATINUM anti-fog and anti scratch coating (APAC region)\" width=\"1140\" height=\"641\" src=\"https:\/\/www.youtube.com\/embed\/7Cwvxo4o6jc?feature=oembed\" frameborder=\"0\" allow=\"accelerometer; autoplay; clipboard-write; encrypted-media; gyroscope; picture-in-picture\" allowfullscreen><\/iframe><\/p>\n<p><a href=\"https:\/\/hotelli03.domainhotelli.fi\/~lsdoecli\/tuote-osasto\/suojalasit\/\">Katso my\u00f6s muut suojalasit mallit t\u00e4st\u00e4!\u00a0<\/a><\/p>\n<p>Maahantuoja: <a href=\"https:\/\/www.vandernet.com\">Vandernet Oy<\/a><\/p>\n","protected":false},"excerpt":{"rendered":"<p>Panoraaman\u00e4kym\u00e4n tarjoava tuuletettu suojamaski kirkkaalla linssill\u00e4 ty\u00f6k\u00e4ytt\u00f6\u00f6n.<\/p>\n<p>Suojamaski Bolle Pilot p\u00e4\u00e4pannalla on muotoon valettu kehys on hyvin istuva, tarjoaa tehokkaan tuuletuksen yl\u00e4laidasta ja sen alla voidaan k\u00e4ytt\u00e4\u00e4 silm\u00e4laseja. Alalaidassa tyhjennysr\u00e4nnit. TPR (Thermo Plastic Rubber) tiiviste on joustava ja mukautuu t\u00e4ydellisesti kasvojen muotojen mukaan tiiviiksi. PLATINUM-pinnoitettu huurtumaton polykarbonaattilinssi.<\/p>\n","protected":false},"featured_media":8144,"comment_status":"open","ping_status":"closed","template":"","meta":[],"product_cat":[103],"product_tag":[544,903],"yoast_head":"<!-- This site is optimized with the Yoast SEO Premium plugin v18.9 (Yoast SEO v19.3) - https:\/\/yoast.com\/wordpress\/plugins\/seo\/ -->\n<title>Suojamaski Bolle Pilot p\u00e4\u00e4pannalla, kirkas | JV Tuonti<\/title>\n<meta name=\"description\" content=\"Suojamaski Bolle Pilot p\u00e4\u00e4pannalla on muotoon valettu kehys on hyvin istuva, ja sopii k\u00e4ytett\u00e4v\u00e4ksi my\u00f6s silm\u00e4lasien kanssa!\" \/>\n<meta name=\"robots\" content=\"index, follow, max-snippet:-1, max-image-preview:large, max-video-preview:-1\" \/>\n<link rel=\"canonical\" href=\"https:\/\/hotelli03.domainhotelli.fi\/~lsdoecli\/tuote\/suojamaski-bolle-pilot-paapannalla-kirkas\/\" \/>\n<meta property=\"og:locale\" content=\"fi_FI\" \/>\n<meta property=\"og:type\" content=\"article\" \/>\n<meta property=\"og:title\" content=\"Suojamaski Bolle Pilot p\u00e4\u00e4pannalla, kirkas\" \/>\n<meta property=\"og:description\" content=\"Suojamaski Bolle Pilot p\u00e4\u00e4pannalla on muotoon valettu kehys on hyvin istuva, ja sopii k\u00e4ytett\u00e4v\u00e4ksi my\u00f6s silm\u00e4lasien kanssa!\" \/>\n<meta property=\"og:url\" content=\"https:\/\/hotelli03.domainhotelli.fi\/~lsdoecli\/tuote\/suojamaski-bolle-pilot-paapannalla-kirkas\/\" \/>\n<meta property=\"og:site_name\" content=\"JV Tuonti\" \/>\n<meta property=\"article:publisher\" content=\"https:\/\/www.facebook.com\/JVTuontiOy\" \/>\n<meta property=\"article:modified_time\" content=\"2021-10-29T12:31:01+00:00\" \/>\n<meta property=\"og:image\" content=\"https:\/\/hotelli03.domainhotelli.fi\/~lsdoecli\/wp-content\/uploads\/2021\/10\/Suojamaski-Bolle-Pilot-paapannalla-kirkas.jpeg\" \/>\n\t<meta property=\"og:image:width\" content=\"600\" \/>\n\t<meta property=\"og:image:height\" content=\"600\" \/>\n\t<meta property=\"og:image:type\" content=\"image\/jpeg\" \/>\n<meta name=\"twitter:card\" content=\"summary_large_image\" \/>\n<meta name=\"twitter:label1\" content=\"Price\" \/>\n\t<meta name=\"twitter:data1\" content=\"26,95&nbsp;&euro; Alv 24%N\u00e4yt\u00e4 veroton hinta21,73&nbsp;&euro; Alv 0%N\u00e4yt\u00e4 verollinen hinta\" \/>\n\t<meta name=\"twitter:label2\" content=\"Availability\" \/>\n\t<meta name=\"twitter:data2\" content=\"In stock\" \/>\n<script type=\"application\/ld+json\" class=\"yoast-schema-graph\">{\"@context\":\"https:\/\/schema.org\",\"@graph\":[{\"@type\":[\"Organization\",\"Place\",\"WholesaleStore\"],\"@id\":\"https:\/\/hotelli03.domainhotelli.fi\/~lsdoecli\/#organization\",\"name\":\"JV Tuonti Oy\",\"url\":\"https:\/\/hotelli03.domainhotelli.fi\/~lsdoecli\/\",\"sameAs\":[\"https:\/\/instagram.com\/jvtuontioy?utm_medium=copy_link\",\"https:\/\/www.facebook.com\/JVTuontiOy\"],\"logo\":{\"@id\":\"https:\/\/hotelli03.domainhotelli.fi\/~lsdoecli\/tuote\/suojamaski-bolle-pilot-paapannalla-kirkas\/#local-main-organization-logo\"},\"image\":{\"@id\":\"https:\/\/hotelli03.domainhotelli.fi\/~lsdoecli\/tuote\/suojamaski-bolle-pilot-paapannalla-kirkas\/#local-main-organization-logo\"},\"address\":{\"@id\":\"https:\/\/hotelli03.domainhotelli.fi\/~lsdoecli\/tuote\/suojamaski-bolle-pilot-paapannalla-kirkas\/#local-main-place-address\"},\"geo\":{\"@type\":\"GeoCoordinates\",\"latitude\":\"60.28431\",\"longitude\":\"24.81654\"},\"telephone\":[\"0408369980\"],\"openingHoursSpecification\":[{\"@type\":\"OpeningHoursSpecification\",\"dayOfWeek\":[\"Monday\",\"Tuesday\",\"Wednesday\",\"Thursday\",\"Friday\"],\"opens\":\"08:00\",\"closes\":\"16:00\"},{\"@type\":\"OpeningHoursSpecification\",\"dayOfWeek\":[\"Saturday\",\"Sunday\"],\"opens\":\"00:00\",\"closes\":\"00:00\"}],\"email\":\"myynti@hotelli03.domainhotelli.fi\",\"areaServed\":\"Suomi, Ruotsi\",\"vatID\":\"FI30178387\",\"priceRange\":\"$$\",\"currenciesAccepted\":\"\u20ac\",\"paymentAccepted\":\"Lasku, pankkikortti\"},{\"@type\":\"WebSite\",\"@id\":\"https:\/\/hotelli03.domainhotelli.fi\/~lsdoecli\/#website\",\"url\":\"https:\/\/hotelli03.domainhotelli.fi\/~lsdoecli\/\",\"name\":\"JV Tuonti\",\"description\":\"JV Tuonti Oy:n verkkokauppa\",\"publisher\":{\"@id\":\"https:\/\/hotelli03.domainhotelli.fi\/~lsdoecli\/#organization\"},\"potentialAction\":[{\"@type\":\"SearchAction\",\"target\":{\"@type\":\"EntryPoint\",\"urlTemplate\":\"https:\/\/hotelli03.domainhotelli.fi\/~lsdoecli\/?s={search_term_string}\"},\"query-input\":\"required name=search_term_string\"}],\"inLanguage\":\"fi\"},{\"@type\":\"ImageObject\",\"inLanguage\":\"fi\",\"@id\":\"https:\/\/hotelli03.domainhotelli.fi\/~lsdoecli\/tuote\/suojamaski-bolle-pilot-paapannalla-kirkas\/#primaryimage\",\"url\":\"https:\/\/hotelli03.domainhotelli.fi\/~lsdoecli\/wp-content\/uploads\/2021\/10\/Suojamaski-Bolle-Pilot-paapannalla-kirkas.jpeg\",\"contentUrl\":\"https:\/\/hotelli03.domainhotelli.fi\/~lsdoecli\/wp-content\/uploads\/2021\/10\/Suojamaski-Bolle-Pilot-paapannalla-kirkas.jpeg\",\"width\":600,\"height\":600,\"caption\":\"Suojamaski Bolle Pilot p\u00e4\u00e4pannalla\"},{\"@type\":\"WebPage\",\"@id\":\"https:\/\/hotelli03.domainhotelli.fi\/~lsdoecli\/tuote\/suojamaski-bolle-pilot-paapannalla-kirkas\/\",\"url\":\"https:\/\/hotelli03.domainhotelli.fi\/~lsdoecli\/tuote\/suojamaski-bolle-pilot-paapannalla-kirkas\/\",\"name\":\"Suojamaski Bolle Pilot p\u00e4\u00e4pannalla, kirkas | JV Tuonti\",\"isPartOf\":{\"@id\":\"https:\/\/hotelli03.domainhotelli.fi\/~lsdoecli\/#website\"},\"primaryImageOfPage\":{\"@id\":\"https:\/\/hotelli03.domainhotelli.fi\/~lsdoecli\/tuote\/suojamaski-bolle-pilot-paapannalla-kirkas\/#primaryimage\"},\"datePublished\":\"2021-10-29T12:29:12+00:00\",\"dateModified\":\"2021-10-29T12:31:01+00:00\",\"description\":\"Suojamaski Bolle Pilot p\u00e4\u00e4pannalla on muotoon valettu kehys on hyvin istuva, ja sopii k\u00e4ytett\u00e4v\u00e4ksi my\u00f6s silm\u00e4lasien kanssa!\",\"breadcrumb\":{\"@id\":\"https:\/\/hotelli03.domainhotelli.fi\/~lsdoecli\/tuote\/suojamaski-bolle-pilot-paapannalla-kirkas\/#breadcrumb\"},\"inLanguage\":\"fi\",\"potentialAction\":[{\"@type\":\"ReadAction\",\"target\":[\"https:\/\/hotelli03.domainhotelli.fi\/~lsdoecli\/tuote\/suojamaski-bolle-pilot-paapannalla-kirkas\/\"]}]},{\"@type\":\"BreadcrumbList\",\"@id\":\"https:\/\/hotelli03.domainhotelli.fi\/~lsdoecli\/tuote\/suojamaski-bolle-pilot-paapannalla-kirkas\/#breadcrumb\",\"itemListElement\":[{\"@type\":\"ListItem\",\"position\":1,\"name\":\"Etusivu\",\"item\":\"https:\/\/hotelli03.domainhotelli.fi\/~lsdoecli\/\"},{\"@type\":\"ListItem\",\"position\":2,\"name\":\"Kauppa\",\"item\":\"https:\/\/hotelli03.domainhotelli.fi\/~lsdoecli\/kauppa\/\"},{\"@type\":\"ListItem\",\"position\":3,\"name\":\"Suojamaski Bolle Pilot p\u00e4\u00e4pannalla, kirkas\"}]},{\"@type\":\"PostalAddress\",\"@id\":\"https:\/\/hotelli03.domainhotelli.fi\/~lsdoecli\/tuote\/suojamaski-bolle-pilot-paapannalla-kirkas\/#local-main-place-address\",\"streetAddress\":\"Pyymosantie 5a\",\"addressLocality\":\"Vantaa\",\"postalCode\":\"01720\",\"addressCountry\":\"FI\"},{\"@type\":\"ImageObject\",\"inLanguage\":\"fi\",\"@id\":\"https:\/\/hotelli03.domainhotelli.fi\/~lsdoecli\/tuote\/suojamaski-bolle-pilot-paapannalla-kirkas\/#local-main-organization-logo\",\"url\":\"https:\/\/hotelli03.domainhotelli.fi\/~lsdoecli\/wp-content\/uploads\/2021\/08\/JVTuonti_logo_nelio.jpg\",\"contentUrl\":\"https:\/\/hotelli03.domainhotelli.fi\/~lsdoecli\/wp-content\/uploads\/2021\/08\/JVTuonti_logo_nelio.jpg\",\"width\":550,\"height\":550,\"caption\":\"JV Tuonti Oy\"}]}<\/script>\n<meta property=\"og:video\" content=\"https:\/\/www.youtube.com\/embed\/7Cwvxo4o6jc\" \/>\n<meta property=\"og:video:type\" content=\"text\/html\" \/>\n<meta property=\"og:video:duration\" content=\"60\" \/>\n<meta property=\"og:video:width\" content=\"480\" \/>\n<meta property=\"og:video:height\" content=\"270\" \/>\n<meta property=\"ya:ovs:adult\" content=\"false\" \/>\n<meta property=\"ya:ovs:upload_date\" content=\"2021-10-29T12:29:12+00:00\" \/>\n<meta property=\"ya:ovs:allow_embed\" content=\"true\" \/>\n<meta property=\"product:brand\" content=\"Bolle Safety\" \/>\n<meta property=\"product:price:amount\" content=\"26.95\" \/>\n<meta property=\"product:price:currency\" content=\"EUR\" \/>\n<meta property=\"og:availability\" content=\"instock\" \/>\n<meta property=\"product:availability\" content=\"instock\" \/>\n<meta property=\"product:retailer_item_id\" content=\"PILOPSI\" \/>\n<meta property=\"product:condition\" content=\"new\" \/>\n<meta name=\"geo.placename\" content=\"Vantaa\" \/>\n<meta name=\"geo.position\" content=\"60.28431;24.81654\" \/>\n<meta name=\"geo.region\" content=\"Suomi\" \/>\n<!-- \/ Yoast SEO Premium plugin. -->","yoast_head_json":{"title":"Suojamaski Bolle Pilot p\u00e4\u00e4pannalla, kirkas | JV Tuonti","description":"Suojamaski Bolle Pilot p\u00e4\u00e4pannalla on muotoon valettu kehys on hyvin istuva, ja sopii k\u00e4ytett\u00e4v\u00e4ksi my\u00f6s silm\u00e4lasien kanssa!","robots":{"index":"index","follow":"follow","max-snippet":"max-snippet:-1","max-image-preview":"max-image-preview:large","max-video-preview":"max-video-preview:-1"},"canonical":"https:\/\/hotelli03.domainhotelli.fi\/~lsdoecli\/tuote\/suojamaski-bolle-pilot-paapannalla-kirkas\/","og_locale":"fi_FI","og_type":"article","og_title":"Suojamaski Bolle Pilot p\u00e4\u00e4pannalla, kirkas","og_description":"Suojamaski Bolle Pilot p\u00e4\u00e4pannalla on muotoon valettu kehys on hyvin istuva, ja sopii k\u00e4ytett\u00e4v\u00e4ksi my\u00f6s silm\u00e4lasien kanssa!","og_url":"https:\/\/hotelli03.domainhotelli.fi\/~lsdoecli\/tuote\/suojamaski-bolle-pilot-paapannalla-kirkas\/","og_site_name":"JV Tuonti","article_publisher":"https:\/\/www.facebook.com\/JVTuontiOy","article_modified_time":"2021-10-29T12:31:01+00:00","og_image":[{"width":600,"height":600,"url":"https:\/\/hotelli03.domainhotelli.fi\/~lsdoecli\/wp-content\/uploads\/2021\/10\/Suojamaski-Bolle-Pilot-paapannalla-kirkas.jpeg","type":"image\/jpeg"}],"twitter_card":"summary_large_image","twitter_misc":{"Price":"26,95&nbsp;&euro; Alv 24%N\u00e4yt\u00e4 veroton hinta21,73&nbsp;&euro; Alv 0%N\u00e4yt\u00e4 verollinen hinta","Availability":"In stock"},"schema":{"@context":"https:\/\/schema.org","@graph":[{"@type":["Organization","Place","WholesaleStore"],"@id":"https:\/\/hotelli03.domainhotelli.fi\/~lsdoecli\/#organization","name":"JV Tuonti Oy","url":"https:\/\/hotelli03.domainhotelli.fi\/~lsdoecli\/","sameAs":["https:\/\/instagram.com\/jvtuontioy?utm_medium=copy_link","https:\/\/www.facebook.com\/JVTuontiOy"],"logo":{"@id":"https:\/\/hotelli03.domainhotelli.fi\/~lsdoecli\/tuote\/suojamaski-bolle-pilot-paapannalla-kirkas\/#local-main-organization-logo"},"image":{"@id":"https:\/\/hotelli03.domainhotelli.fi\/~lsdoecli\/tuote\/suojamaski-bolle-pilot-paapannalla-kirkas\/#local-main-organization-logo"},"address":{"@id":"https:\/\/hotelli03.domainhotelli.fi\/~lsdoecli\/tuote\/suojamaski-bolle-pilot-paapannalla-kirkas\/#local-main-place-address"},"geo":{"@type":"GeoCoordinates","latitude":"60.28431","longitude":"24.81654"},"telephone":["0408369980"],"openingHoursSpecification":[{"@type":"OpeningHoursSpecification","dayOfWeek":["Monday","Tuesday","Wednesday","Thursday","Friday"],"opens":"08:00","closes":"16:00"},{"@type":"OpeningHoursSpecification","dayOfWeek":["Saturday","Sunday"],"opens":"00:00","closes":"00:00"}],"email":"myynti@hotelli03.domainhotelli.fi","areaServed":"Suomi, Ruotsi","vatID":"FI30178387","priceRange":"$$","currenciesAccepted":"\u20ac","paymentAccepted":"Lasku, pankkikortti"},{"@type":"WebSite","@id":"https:\/\/hotelli03.domainhotelli.fi\/~lsdoecli\/#website","url":"https:\/\/hotelli03.domainhotelli.fi\/~lsdoecli\/","name":"JV Tuonti","description":"JV Tuonti Oy:n verkkokauppa","publisher":{"@id":"https:\/\/hotelli03.domainhotelli.fi\/~lsdoecli\/#organization"},"potentialAction":[{"@type":"SearchAction","target":{"@type":"EntryPoint","urlTemplate":"https:\/\/hotelli03.domainhotelli.fi\/~lsdoecli\/?s={search_term_string}"},"query-input":"required name=search_term_string"}],"inLanguage":"fi"},{"@type":"ImageObject","inLanguage":"fi","@id":"https:\/\/hotelli03.domainhotelli.fi\/~lsdoecli\/tuote\/suojamaski-bolle-pilot-paapannalla-kirkas\/#primaryimage","url":"https:\/\/hotelli03.domainhotelli.fi\/~lsdoecli\/wp-content\/uploads\/2021\/10\/Suojamaski-Bolle-Pilot-paapannalla-kirkas.jpeg","contentUrl":"https:\/\/hotelli03.domainhotelli.fi\/~lsdoecli\/wp-content\/uploads\/2021\/10\/Suojamaski-Bolle-Pilot-paapannalla-kirkas.jpeg","width":600,"height":600,"caption":"Suojamaski Bolle Pilot p\u00e4\u00e4pannalla"},{"@type":"WebPage","@id":"https:\/\/hotelli03.domainhotelli.fi\/~lsdoecli\/tuote\/suojamaski-bolle-pilot-paapannalla-kirkas\/","url":"https:\/\/hotelli03.domainhotelli.fi\/~lsdoecli\/tuote\/suojamaski-bolle-pilot-paapannalla-kirkas\/","name":"Suojamaski Bolle Pilot p\u00e4\u00e4pannalla, kirkas | JV Tuonti","isPartOf":{"@id":"https:\/\/hotelli03.domainhotelli.fi\/~lsdoecli\/#website"},"primaryImageOfPage":{"@id":"https:\/\/hotelli03.domainhotelli.fi\/~lsdoecli\/tuote\/suojamaski-bolle-pilot-paapannalla-kirkas\/#primaryimage"},"datePublished":"2021-10-29T12:29:12+00:00","dateModified":"2021-10-29T12:31:01+00:00","description":"Suojamaski Bolle Pilot p\u00e4\u00e4pannalla on muotoon valettu kehys on hyvin istuva, ja sopii k\u00e4ytett\u00e4v\u00e4ksi my\u00f6s silm\u00e4lasien kanssa!","breadcrumb":{"@id":"https:\/\/hotelli03.domainhotelli.fi\/~lsdoecli\/tuote\/suojamaski-bolle-pilot-paapannalla-kirkas\/#breadcrumb"},"inLanguage":"fi","potentialAction":[{"@type":"ReadAction","target":["https:\/\/hotelli03.domainhotelli.fi\/~lsdoecli\/tuote\/suojamaski-bolle-pilot-paapannalla-kirkas\/"]}]},{"@type":"BreadcrumbList","@id":"https:\/\/hotelli03.domainhotelli.fi\/~lsdoecli\/tuote\/suojamaski-bolle-pilot-paapannalla-kirkas\/#breadcrumb","itemListElement":[{"@type":"ListItem","position":1,"name":"Etusivu","item":"https:\/\/hotelli03.domainhotelli.fi\/~lsdoecli\/"},{"@type":"ListItem","position":2,"name":"Kauppa","item":"https:\/\/hotelli03.domainhotelli.fi\/~lsdoecli\/kauppa\/"},{"@type":"ListItem","position":3,"name":"Suojamaski Bolle Pilot p\u00e4\u00e4pannalla, kirkas"}]},{"@type":"PostalAddress","@id":"https:\/\/hotelli03.domainhotelli.fi\/~lsdoecli\/tuote\/suojamaski-bolle-pilot-paapannalla-kirkas\/#local-main-place-address","streetAddress":"Pyymosantie 5a","addressLocality":"Vantaa","postalCode":"01720","addressCountry":"FI"},{"@type":"ImageObject","inLanguage":"fi","@id":"https:\/\/hotelli03.domainhotelli.fi\/~lsdoecli\/tuote\/suojamaski-bolle-pilot-paapannalla-kirkas\/#local-main-organization-logo","url":"https:\/\/hotelli03.domainhotelli.fi\/~lsdoecli\/wp-content\/uploads\/2021\/08\/JVTuonti_logo_nelio.jpg","contentUrl":"https:\/\/hotelli03.domainhotelli.fi\/~lsdoecli\/wp-content\/uploads\/2021\/08\/JVTuonti_logo_nelio.jpg","width":550,"height":550,"caption":"JV Tuonti Oy"}]},"og_video":"https:\/\/www.youtube.com\/embed\/7Cwvxo4o6jc","og_video_type":"text\/html","og_video_duration":"60","og_video_width":"480","og_video_height":"270","ya_ovs_adult":"false","ya_ovs_upload_date":"2021-10-29T12:29:12+00:00","ya_ovs_allow_embed":"true","product_brand":"Bolle Safety","product_price_amount":"26.95","product_price_currency":"EUR","og_availability":"instock","product_availability":"instock","product_retailer_item_id":"PILOPSI","product_condition":"new","geo.placename":"Vantaa","geo.position":{"lat":"60.28431","long":"24.81654"},"geo.region":"Suomi"},"_links":{"self":[{"href":"https:\/\/hotelli03.domainhotelli.fi\/~lsdoecli\/wp-json\/wp\/v2\/product\/8133"}],"collection":[{"href":"https:\/\/hotelli03.domainhotelli.fi\/~lsdoecli\/wp-json\/wp\/v2\/product"}],"about":[{"href":"https:\/\/hotelli03.domainhotelli.fi\/~lsdoecli\/wp-json\/wp\/v2\/types\/product"}],"replies":[{"embeddable":true,"href":"https:\/\/hotelli03.domainhotelli.fi\/~lsdoecli\/wp-json\/wp\/v2\/comments?post=8133"}],"wp:featuredmedia":[{"embeddable":true,"href":"https:\/\/hotelli03.domainhotelli.fi\/~lsdoecli\/wp-json\/wp\/v2\/media\/8144"}],"wp:attachment":[{"href":"https:\/\/hotelli03.domainhotelli.fi\/~lsdoecli\/wp-json\/wp\/v2\/media?parent=8133"}],"wp:term":[{"taxonomy":"product_cat","embeddable":true,"href":"https:\/\/hotelli03.domainhotelli.fi\/~lsdoecli\/wp-json\/wp\/v2\/product_cat?post=8133"},{"taxonomy":"product_tag","embeddable":true,"href":"https:\/\/hotelli03.domainhotelli.fi\/~lsdoecli\/wp-json\/wp\/v2\/product_tag?post=8133"}],"curies":[{"name":"wp","href":"https:\/\/api.w.org\/{rel}","templated":true}]}}