{"id":8118,"date":"2021-10-29T12:00:41","date_gmt":"2021-10-29T12:00:41","guid":{"rendered":"https:\/\/hotelli03.domainhotelli.fi\/~lsdoecli\/?post_type=product&#038;p=8118"},"modified":"2021-10-29T12:00:42","modified_gmt":"2021-10-29T12:00:42","slug":"suojalasit-maski-bolle-ultim8-kirkas","status":"publish","type":"product","link":"https:\/\/hotelli03.domainhotelli.fi\/~lsdoecli\/tuote\/suojalasit-maski-bolle-ultim8-kirkas\/","title":{"rendered":"Suojalasit \/ maski Bolle Ultim8, kirkas"},"content":{"rendered":"<h2>Markkinoiden kehittynein ja kattavimmin suojaava sankamallin ja maskimallin yhdist\u00e4v\u00e4 suojalasi.<\/h2>\n<p>Soveltuu kylmiin oloihin, kuumiin oloihin, kosteisiin oloihin, kulmahiontaan ja muihin teollisuuden &amp; rakennusalan tarpeisiin, \u00f6ljy- ja kaasuteollisuuden tarpeisiin, kaivosk\u00e4ytt\u00f6\u00f6n, puhdastiloihin, elintarviketeollisuuteen jne. Ja toki ihan tavalliseenkin ty\u00f6k\u00e4ytt\u00f6\u00f6n. Irrotettavat kallistuskulmaltaan s\u00e4\u00e4dett\u00e4v\u00e4t sangat ja irrotettava p\u00e4\u00e4panta. Tiivis ja pehme\u00e4 TPR (Thermal Plastic Rubber)-kehys muotoutuu t\u00e4ydellisesti kasvojen mukaan. Platinum-pinnoitetut kirkkaat linssit.<\/p>\n<div id='gallery-1' class='gallery galleryid-8118 gallery-columns-2 gallery-size-medium'><figure class='gallery-item'>\n\t\t\t<div class='gallery-icon landscape'>\n\t\t\t\t<a href='https:\/\/hotelli03.domainhotelli.fi\/~lsdoecli\/?attachment_id=8123'><img width=\"300\" height=\"300\" src=\"https:\/\/hotelli03.domainhotelli.fi\/~lsdoecli\/wp-content\/uploads\/2021\/10\/Suojalasit-maski-Bolle-Ultim8-kirkas-paalla-300x300.jpeg\" class=\"attachment-medium size-medium\" alt=\"\" loading=\"lazy\" \/><\/a>\n\t\t\t<\/div><\/figure><figure class='gallery-item'>\n\t\t\t<div class='gallery-icon landscape'>\n\t\t\t\t<a href='https:\/\/hotelli03.domainhotelli.fi\/~lsdoecli\/?attachment_id=8121'><img width=\"300\" height=\"300\" src=\"https:\/\/hotelli03.domainhotelli.fi\/~lsdoecli\/wp-content\/uploads\/2021\/10\/Suojalasit-maski-Bolle-Ultim8-kirkas-paalla--300x300.jpeg\" class=\"attachment-medium size-medium\" alt=\"Suojalasit maski Bolle Ultim8, kirkas\" loading=\"lazy\" \/><\/a>\n\t\t\t<\/div><\/figure>\n\t\t<\/div>\n\n<h4>Kolme tapaa k\u00e4ytt\u00e4\u00e4:<\/h4>\n<p>1. Vakiop\u00e4\u00e4panta kiinnitettyn\u00e4, eli naamiomallisena ilman sankoja: Tarjoaa eritt\u00e4in kattavan suojaustason moninaisilta uhkilta, ja pysyy aina p\u00e4\u00e4ss\u00e4<br \/>\n2. Sankamallisena ilman p\u00e4\u00e4pantaa: Helppo laittaa p\u00e4\u00e4h\u00e4n ja ottaa pois kun esim. kyp\u00e4r\u00e4 on p\u00e4\u00e4ss\u00e4<br \/>\n3. Sankamallisena lis\u00e4varusteisen p\u00e4\u00e4pannan kanssa (ilman vakiopantaa):<\/p>\n<h4>Suojalasit \/ maski Bolle Ultim8, kirkas suojaa silmi\u00e4:<\/h4>\n<p>P\u00e4\u00e4pannan kanssa k\u00e4ytettyn\u00e4: Kemikaalipisaroilta, kaasulta ja hienolta p\u00f6lylt\u00e4 (&lt;5 mikronia), karkealta p\u00f6lylt\u00e4 (&gt;5 mikronia), UV-s\u00e4teilt\u00e4 vaikuttamatta v\u00e4rierottelukykyyn, sek\u00e4 keskienergisilt\u00e4 mekaanisilta riskeilt\u00e4 (6 mm, 0,86 g metallikuula 120 m\/s), my\u00f6s \u00e4\u00e4rimm\u00e4isiss\u00e4 l\u00e4mp\u00f6tiloissa.<br \/>\nSankamallisena: UV-s\u00e4teilt\u00e4 vaikuttamatta v\u00e4rierottelukykyyn, sek\u00e4 matalaenergisilt\u00e4 mekaanisilta riskeilt\u00e4 (6 mm, 0,86 g metallikuula 45 m\/s), my\u00f6s \u00e4\u00e4rimm\u00e4isiss\u00e4 l\u00e4mp\u00f6tiloissa.<\/p>\n<p>Huurtumisenestopinnoitetut ja naarmuuntumisenestopinnoitetut linssit, joissa pinnoite ylitt\u00e4\u00e4 huomattavasti luokka N ja luokka K testimenetelmien vaatimukset. Polykarbonaattilinssien optiikkaluokka 1: Suunniteltu pitk\u00e4kestoiseen yht\u00e4jaksoiseen k\u00e4ytt\u00f6\u00f6n.<\/p>\n<h4>PLATINUM-pinnoitteen edut:<\/h4>\n<p>&#8211; Erinomainen suoja huurtumista vastaan turvaten hyv\u00e4n n\u00e4k\u00f6kyvyn vaihtelevissa olosuhteissa<br \/>\n&#8211; Kest\u00e4\u00e4 erinomaisesti mekaanista kulutusta ehk\u00e4isten naarmujen muodostusta<br \/>\n&#8211; Puhdistuksen kest\u00e4v\u00e4 (puhdistus vesi &amp; saippua -yhdistelm\u00e4ll\u00e4 tai Boll\u00e9 Safety B-Clean tuotteilla)<br \/>\n&#8211; Pysyv\u00e4sti molemmilla puolilla linssej\u00e4<br \/>\n&#8211; Parantaa toimintatehoa, turvallisuutta, suojalasien luotettavuutta ja k\u00e4ytt\u00f6mukavuutta<br \/>\n&#8211; Suositeltava valinta monipuoliseen yleisk\u00e4ytt\u00f6\u00f6n sek\u00e4 kuumiin ja kosteisiin ty\u00f6oloihin sek\u00e4 hike\u00e4 nostattaviin olosuhteisiin<\/p>\n<h4>Suojalasit \/ maski Bolle Ultim8, kirkas Tekniset tiedot:<\/h4>\n<p>Kehysmerkint\u00e4:<br \/>\nP\u00e4\u00e4pannalla: EN166 3 4 5 BT CE<br \/>\nSankamallisena: EN166 FT CE<br \/>\nLinssimerkint\u00e4: 2C-1,2 1 BT KN CE<br \/>\nSertifiointi: EN166, EN170, CSA Z94.3<br \/>\nUVA\/UVB suoja: 99,99 %<br \/>\nLatexvapaa. REACH-mukainen<br \/>\nPolykarbonaattilinssin paksuus: 2,2 mm<br \/>\nKaarevuusluokka: 8<br \/>\nSangan pituus: 125 mm<br \/>\nPaino: Sankamallina 48 g. Maskimallina 52 g<\/p>\n<h4>Toimitukseen sis\u00e4ltyy:<\/h4>\n<p>Sankalasit TPR kehyksell\u00e4, p\u00e4\u00e4panta pikakiinnityksell\u00e4, irrotettavat sangat<\/p>\n<p><iframe loading=\"lazy\" title=\"ULTIM8 : Extreme condition eyewear\" width=\"1140\" height=\"641\" src=\"https:\/\/www.youtube.com\/embed\/MVvWqKjXxJM?feature=oembed\" frameborder=\"0\" allow=\"accelerometer; autoplay; clipboard-write; encrypted-media; gyroscope; picture-in-picture\" allowfullscreen><\/iframe><\/p>\n<p><iframe loading=\"lazy\" title=\"The ULTIM8 tutorial\" width=\"1140\" height=\"641\" src=\"https:\/\/www.youtube.com\/embed\/C6yC0r1YRMg?feature=oembed\" frameborder=\"0\" allow=\"accelerometer; autoplay; clipboard-write; encrypted-media; gyroscope; picture-in-picture\" allowfullscreen><\/iframe><\/p>\n<p><a href=\"https:\/\/hotelli03.domainhotelli.fi\/~lsdoecli\/tuote-osasto\/suojalasit\/\">Katso my\u00f6s muut suojalasit mallit t\u00e4st\u00e4!\u00a0<\/a><\/p>\n<p>Maahantuoja: <a href=\"https:\/\/www.vandernet.com\">Vandernet Oy<\/a><\/p>\n","protected":false},"excerpt":{"rendered":"<h4>Markkinoiden kehittynein ja kattavimmin suojaava sankamallin ja maskimallin yhdist\u00e4v\u00e4 suojalasi.<\/h4>\n<p>Soveltuu kylmiin oloihin, kuumiin oloihin, kosteisiin oloihin, kulmahiontaan ja muihin teollisuuden &amp; rakennusalan tarpeisiin, \u00f6ljy- ja kaasuteollisuuden tarpeisiin, kaivosk\u00e4ytt\u00f6\u00f6n, puhdastiloihin, elintarviketeollisuuteen jne. Ja toki ihan tavalliseenkin ty\u00f6k\u00e4ytt\u00f6\u00f6n. Irrotettavat kallistuskulmaltaan s\u00e4\u00e4dett\u00e4v\u00e4t sangat ja irrotettava p\u00e4\u00e4panta. Tiivis ja pehme\u00e4 TPR (Thermal Plastic Rubber)-kehys muotoutuu t\u00e4ydellisesti kasvojen mukaan. Platinum-pinnoitetut kirkkaat linssit.<\/p>\n","protected":false},"featured_media":8119,"comment_status":"open","ping_status":"closed","template":"","meta":[],"product_cat":[103],"product_tag":[899,544,546,545],"yoast_head":"<!-- This site is optimized with the Yoast SEO Premium plugin v18.9 (Yoast SEO v19.3) - https:\/\/yoast.com\/wordpress\/plugins\/seo\/ -->\n<title>Suojalasit \/ maski Bolle Ultim8, kirkas | JV Tuonti<\/title>\n<meta name=\"description\" content=\"Markkinoiden kehittynein ja kattavimmin suojaava sankamallin ja maskimallin yhdist\u00e4v\u00e4 suojalasi. Tutustu lis\u00e4\u00e4 t\u00e4st\u00e4!\" \/>\n<meta name=\"robots\" content=\"index, follow, max-snippet:-1, max-image-preview:large, max-video-preview:-1\" \/>\n<link rel=\"canonical\" href=\"https:\/\/hotelli03.domainhotelli.fi\/~lsdoecli\/tuote\/suojalasit-maski-bolle-ultim8-kirkas\/\" \/>\n<meta property=\"og:locale\" content=\"fi_FI\" \/>\n<meta property=\"og:type\" content=\"article\" \/>\n<meta property=\"og:title\" content=\"Suojalasit \/ maski Bolle Ultim8, kirkas\" \/>\n<meta property=\"og:description\" content=\"Markkinoiden kehittynein ja kattavimmin suojaava sankamallin ja maskimallin yhdist\u00e4v\u00e4 suojalasi. Tutustu lis\u00e4\u00e4 t\u00e4st\u00e4!\" \/>\n<meta property=\"og:url\" content=\"https:\/\/hotelli03.domainhotelli.fi\/~lsdoecli\/tuote\/suojalasit-maski-bolle-ultim8-kirkas\/\" \/>\n<meta property=\"og:site_name\" content=\"JV Tuonti\" \/>\n<meta property=\"article:publisher\" content=\"https:\/\/www.facebook.com\/JVTuontiOy\" \/>\n<meta property=\"article:modified_time\" content=\"2021-10-29T12:00:42+00:00\" \/>\n<meta property=\"og:image\" content=\"https:\/\/hotelli03.domainhotelli.fi\/~lsdoecli\/wp-content\/uploads\/2021\/10\/Suojalasit-maski-Bolle-Ultim8-kirkas.jpeg\" \/>\n\t<meta property=\"og:image:width\" content=\"600\" \/>\n\t<meta property=\"og:image:height\" content=\"600\" \/>\n\t<meta property=\"og:image:type\" content=\"image\/jpeg\" \/>\n<meta name=\"twitter:card\" content=\"summary_large_image\" \/>\n<meta name=\"twitter:label1\" content=\"Price\" \/>\n\t<meta name=\"twitter:data1\" content=\"33,94&nbsp;&euro; Alv 24%N\u00e4yt\u00e4 veroton hinta27,37&nbsp;&euro; Alv 0%N\u00e4yt\u00e4 verollinen hinta\" \/>\n\t<meta name=\"twitter:label2\" content=\"Availability\" \/>\n\t<meta name=\"twitter:data2\" content=\"In stock\" \/>\n<script type=\"application\/ld+json\" class=\"yoast-schema-graph\">{\"@context\":\"https:\/\/schema.org\",\"@graph\":[{\"@type\":[\"Organization\",\"Place\",\"WholesaleStore\"],\"@id\":\"https:\/\/hotelli03.domainhotelli.fi\/~lsdoecli\/#organization\",\"name\":\"JV Tuonti Oy\",\"url\":\"https:\/\/hotelli03.domainhotelli.fi\/~lsdoecli\/\",\"sameAs\":[\"https:\/\/instagram.com\/jvtuontioy?utm_medium=copy_link\",\"https:\/\/www.facebook.com\/JVTuontiOy\"],\"logo\":{\"@id\":\"https:\/\/hotelli03.domainhotelli.fi\/~lsdoecli\/tuote\/suojalasit-maski-bolle-ultim8-kirkas\/#local-main-organization-logo\"},\"image\":{\"@id\":\"https:\/\/hotelli03.domainhotelli.fi\/~lsdoecli\/tuote\/suojalasit-maski-bolle-ultim8-kirkas\/#local-main-organization-logo\"},\"address\":{\"@id\":\"https:\/\/hotelli03.domainhotelli.fi\/~lsdoecli\/tuote\/suojalasit-maski-bolle-ultim8-kirkas\/#local-main-place-address\"},\"geo\":{\"@type\":\"GeoCoordinates\",\"latitude\":\"60.28431\",\"longitude\":\"24.81654\"},\"telephone\":[\"0408369980\"],\"openingHoursSpecification\":[{\"@type\":\"OpeningHoursSpecification\",\"dayOfWeek\":[\"Monday\",\"Tuesday\",\"Wednesday\",\"Thursday\",\"Friday\"],\"opens\":\"08:00\",\"closes\":\"16:00\"},{\"@type\":\"OpeningHoursSpecification\",\"dayOfWeek\":[\"Saturday\",\"Sunday\"],\"opens\":\"00:00\",\"closes\":\"00:00\"}],\"email\":\"myynti@hotelli03.domainhotelli.fi\",\"areaServed\":\"Suomi, Ruotsi\",\"vatID\":\"FI30178387\",\"priceRange\":\"$$\",\"currenciesAccepted\":\"\u20ac\",\"paymentAccepted\":\"Lasku, pankkikortti\"},{\"@type\":\"WebSite\",\"@id\":\"https:\/\/hotelli03.domainhotelli.fi\/~lsdoecli\/#website\",\"url\":\"https:\/\/hotelli03.domainhotelli.fi\/~lsdoecli\/\",\"name\":\"JV Tuonti\",\"description\":\"JV Tuonti Oy:n verkkokauppa\",\"publisher\":{\"@id\":\"https:\/\/hotelli03.domainhotelli.fi\/~lsdoecli\/#organization\"},\"potentialAction\":[{\"@type\":\"SearchAction\",\"target\":{\"@type\":\"EntryPoint\",\"urlTemplate\":\"https:\/\/hotelli03.domainhotelli.fi\/~lsdoecli\/?s={search_term_string}\"},\"query-input\":\"required name=search_term_string\"}],\"inLanguage\":\"fi\"},{\"@type\":\"ImageObject\",\"inLanguage\":\"fi\",\"@id\":\"https:\/\/hotelli03.domainhotelli.fi\/~lsdoecli\/tuote\/suojalasit-maski-bolle-ultim8-kirkas\/#primaryimage\",\"url\":\"https:\/\/hotelli03.domainhotelli.fi\/~lsdoecli\/wp-content\/uploads\/2021\/10\/Suojalasit-maski-Bolle-Ultim8-kirkas.jpeg\",\"contentUrl\":\"https:\/\/hotelli03.domainhotelli.fi\/~lsdoecli\/wp-content\/uploads\/2021\/10\/Suojalasit-maski-Bolle-Ultim8-kirkas.jpeg\",\"width\":600,\"height\":600,\"caption\":\"Suojalasit maski Bolle Ultim8, kirkas\"},{\"@type\":\"WebPage\",\"@id\":\"https:\/\/hotelli03.domainhotelli.fi\/~lsdoecli\/tuote\/suojalasit-maski-bolle-ultim8-kirkas\/\",\"url\":\"https:\/\/hotelli03.domainhotelli.fi\/~lsdoecli\/tuote\/suojalasit-maski-bolle-ultim8-kirkas\/\",\"name\":\"Suojalasit \/ maski Bolle Ultim8, kirkas | JV Tuonti\",\"isPartOf\":{\"@id\":\"https:\/\/hotelli03.domainhotelli.fi\/~lsdoecli\/#website\"},\"primaryImageOfPage\":{\"@id\":\"https:\/\/hotelli03.domainhotelli.fi\/~lsdoecli\/tuote\/suojalasit-maski-bolle-ultim8-kirkas\/#primaryimage\"},\"datePublished\":\"2021-10-29T12:00:41+00:00\",\"dateModified\":\"2021-10-29T12:00:42+00:00\",\"description\":\"Markkinoiden kehittynein ja kattavimmin suojaava sankamallin ja maskimallin yhdist\u00e4v\u00e4 suojalasi. Tutustu lis\u00e4\u00e4 t\u00e4st\u00e4!\",\"breadcrumb\":{\"@id\":\"https:\/\/hotelli03.domainhotelli.fi\/~lsdoecli\/tuote\/suojalasit-maski-bolle-ultim8-kirkas\/#breadcrumb\"},\"inLanguage\":\"fi\",\"potentialAction\":[{\"@type\":\"ReadAction\",\"target\":[\"https:\/\/hotelli03.domainhotelli.fi\/~lsdoecli\/tuote\/suojalasit-maski-bolle-ultim8-kirkas\/\"]}]},{\"@type\":\"BreadcrumbList\",\"@id\":\"https:\/\/hotelli03.domainhotelli.fi\/~lsdoecli\/tuote\/suojalasit-maski-bolle-ultim8-kirkas\/#breadcrumb\",\"itemListElement\":[{\"@type\":\"ListItem\",\"position\":1,\"name\":\"Etusivu\",\"item\":\"https:\/\/hotelli03.domainhotelli.fi\/~lsdoecli\/\"},{\"@type\":\"ListItem\",\"position\":2,\"name\":\"Kauppa\",\"item\":\"https:\/\/hotelli03.domainhotelli.fi\/~lsdoecli\/kauppa\/\"},{\"@type\":\"ListItem\",\"position\":3,\"name\":\"Suojalasit \/ maski Bolle Ultim8, kirkas\"}]},{\"@type\":\"PostalAddress\",\"@id\":\"https:\/\/hotelli03.domainhotelli.fi\/~lsdoecli\/tuote\/suojalasit-maski-bolle-ultim8-kirkas\/#local-main-place-address\",\"streetAddress\":\"Pyymosantie 5a\",\"addressLocality\":\"Vantaa\",\"postalCode\":\"01720\",\"addressCountry\":\"FI\"},{\"@type\":\"ImageObject\",\"inLanguage\":\"fi\",\"@id\":\"https:\/\/hotelli03.domainhotelli.fi\/~lsdoecli\/tuote\/suojalasit-maski-bolle-ultim8-kirkas\/#local-main-organization-logo\",\"url\":\"https:\/\/hotelli03.domainhotelli.fi\/~lsdoecli\/wp-content\/uploads\/2021\/08\/JVTuonti_logo_nelio.jpg\",\"contentUrl\":\"https:\/\/hotelli03.domainhotelli.fi\/~lsdoecli\/wp-content\/uploads\/2021\/08\/JVTuonti_logo_nelio.jpg\",\"width\":550,\"height\":550,\"caption\":\"JV Tuonti Oy\"}]}<\/script>\n<meta property=\"og:video\" content=\"https:\/\/www.youtube.com\/embed\/MVvWqKjXxJM\" \/>\n<meta property=\"og:video:type\" content=\"text\/html\" \/>\n<meta property=\"og:video:duration\" content=\"53\" \/>\n<meta property=\"og:video:width\" content=\"480\" \/>\n<meta property=\"og:video:height\" content=\"270\" \/>\n<meta property=\"ya:ovs:adult\" content=\"false\" \/>\n<meta property=\"ya:ovs:upload_date\" content=\"2021-10-29T12:00:41+00:00\" \/>\n<meta property=\"ya:ovs:allow_embed\" content=\"true\" \/>\n<meta property=\"product:brand\" content=\"Bolle Safety\" \/>\n<meta property=\"product:price:amount\" content=\"33.94\" \/>\n<meta property=\"product:price:currency\" content=\"EUR\" \/>\n<meta property=\"og:availability\" content=\"instock\" \/>\n<meta property=\"product:availability\" content=\"instock\" \/>\n<meta property=\"product:retailer_item_id\" content=\"ULTIPSI\" \/>\n<meta property=\"product:condition\" content=\"new\" \/>\n<meta name=\"geo.placename\" content=\"Vantaa\" \/>\n<meta name=\"geo.position\" content=\"60.28431;24.81654\" \/>\n<meta name=\"geo.region\" content=\"Suomi\" \/>\n<!-- \/ Yoast SEO Premium plugin. -->","yoast_head_json":{"title":"Suojalasit \/ maski Bolle Ultim8, kirkas | JV Tuonti","description":"Markkinoiden kehittynein ja kattavimmin suojaava sankamallin ja maskimallin yhdist\u00e4v\u00e4 suojalasi. Tutustu lis\u00e4\u00e4 t\u00e4st\u00e4!","robots":{"index":"index","follow":"follow","max-snippet":"max-snippet:-1","max-image-preview":"max-image-preview:large","max-video-preview":"max-video-preview:-1"},"canonical":"https:\/\/hotelli03.domainhotelli.fi\/~lsdoecli\/tuote\/suojalasit-maski-bolle-ultim8-kirkas\/","og_locale":"fi_FI","og_type":"article","og_title":"Suojalasit \/ maski Bolle Ultim8, kirkas","og_description":"Markkinoiden kehittynein ja kattavimmin suojaava sankamallin ja maskimallin yhdist\u00e4v\u00e4 suojalasi. Tutustu lis\u00e4\u00e4 t\u00e4st\u00e4!","og_url":"https:\/\/hotelli03.domainhotelli.fi\/~lsdoecli\/tuote\/suojalasit-maski-bolle-ultim8-kirkas\/","og_site_name":"JV Tuonti","article_publisher":"https:\/\/www.facebook.com\/JVTuontiOy","article_modified_time":"2021-10-29T12:00:42+00:00","og_image":[{"width":600,"height":600,"url":"https:\/\/hotelli03.domainhotelli.fi\/~lsdoecli\/wp-content\/uploads\/2021\/10\/Suojalasit-maski-Bolle-Ultim8-kirkas.jpeg","type":"image\/jpeg"}],"twitter_card":"summary_large_image","twitter_misc":{"Price":"33,94&nbsp;&euro; Alv 24%N\u00e4yt\u00e4 veroton hinta27,37&nbsp;&euro; Alv 0%N\u00e4yt\u00e4 verollinen hinta","Availability":"In stock"},"schema":{"@context":"https:\/\/schema.org","@graph":[{"@type":["Organization","Place","WholesaleStore"],"@id":"https:\/\/hotelli03.domainhotelli.fi\/~lsdoecli\/#organization","name":"JV Tuonti Oy","url":"https:\/\/hotelli03.domainhotelli.fi\/~lsdoecli\/","sameAs":["https:\/\/instagram.com\/jvtuontioy?utm_medium=copy_link","https:\/\/www.facebook.com\/JVTuontiOy"],"logo":{"@id":"https:\/\/hotelli03.domainhotelli.fi\/~lsdoecli\/tuote\/suojalasit-maski-bolle-ultim8-kirkas\/#local-main-organization-logo"},"image":{"@id":"https:\/\/hotelli03.domainhotelli.fi\/~lsdoecli\/tuote\/suojalasit-maski-bolle-ultim8-kirkas\/#local-main-organization-logo"},"address":{"@id":"https:\/\/hotelli03.domainhotelli.fi\/~lsdoecli\/tuote\/suojalasit-maski-bolle-ultim8-kirkas\/#local-main-place-address"},"geo":{"@type":"GeoCoordinates","latitude":"60.28431","longitude":"24.81654"},"telephone":["0408369980"],"openingHoursSpecification":[{"@type":"OpeningHoursSpecification","dayOfWeek":["Monday","Tuesday","Wednesday","Thursday","Friday"],"opens":"08:00","closes":"16:00"},{"@type":"OpeningHoursSpecification","dayOfWeek":["Saturday","Sunday"],"opens":"00:00","closes":"00:00"}],"email":"myynti@hotelli03.domainhotelli.fi","areaServed":"Suomi, Ruotsi","vatID":"FI30178387","priceRange":"$$","currenciesAccepted":"\u20ac","paymentAccepted":"Lasku, pankkikortti"},{"@type":"WebSite","@id":"https:\/\/hotelli03.domainhotelli.fi\/~lsdoecli\/#website","url":"https:\/\/hotelli03.domainhotelli.fi\/~lsdoecli\/","name":"JV Tuonti","description":"JV Tuonti Oy:n verkkokauppa","publisher":{"@id":"https:\/\/hotelli03.domainhotelli.fi\/~lsdoecli\/#organization"},"potentialAction":[{"@type":"SearchAction","target":{"@type":"EntryPoint","urlTemplate":"https:\/\/hotelli03.domainhotelli.fi\/~lsdoecli\/?s={search_term_string}"},"query-input":"required name=search_term_string"}],"inLanguage":"fi"},{"@type":"ImageObject","inLanguage":"fi","@id":"https:\/\/hotelli03.domainhotelli.fi\/~lsdoecli\/tuote\/suojalasit-maski-bolle-ultim8-kirkas\/#primaryimage","url":"https:\/\/hotelli03.domainhotelli.fi\/~lsdoecli\/wp-content\/uploads\/2021\/10\/Suojalasit-maski-Bolle-Ultim8-kirkas.jpeg","contentUrl":"https:\/\/hotelli03.domainhotelli.fi\/~lsdoecli\/wp-content\/uploads\/2021\/10\/Suojalasit-maski-Bolle-Ultim8-kirkas.jpeg","width":600,"height":600,"caption":"Suojalasit maski Bolle Ultim8, kirkas"},{"@type":"WebPage","@id":"https:\/\/hotelli03.domainhotelli.fi\/~lsdoecli\/tuote\/suojalasit-maski-bolle-ultim8-kirkas\/","url":"https:\/\/hotelli03.domainhotelli.fi\/~lsdoecli\/tuote\/suojalasit-maski-bolle-ultim8-kirkas\/","name":"Suojalasit \/ maski Bolle Ultim8, kirkas | JV Tuonti","isPartOf":{"@id":"https:\/\/hotelli03.domainhotelli.fi\/~lsdoecli\/#website"},"primaryImageOfPage":{"@id":"https:\/\/hotelli03.domainhotelli.fi\/~lsdoecli\/tuote\/suojalasit-maski-bolle-ultim8-kirkas\/#primaryimage"},"datePublished":"2021-10-29T12:00:41+00:00","dateModified":"2021-10-29T12:00:42+00:00","description":"Markkinoiden kehittynein ja kattavimmin suojaava sankamallin ja maskimallin yhdist\u00e4v\u00e4 suojalasi. Tutustu lis\u00e4\u00e4 t\u00e4st\u00e4!","breadcrumb":{"@id":"https:\/\/hotelli03.domainhotelli.fi\/~lsdoecli\/tuote\/suojalasit-maski-bolle-ultim8-kirkas\/#breadcrumb"},"inLanguage":"fi","potentialAction":[{"@type":"ReadAction","target":["https:\/\/hotelli03.domainhotelli.fi\/~lsdoecli\/tuote\/suojalasit-maski-bolle-ultim8-kirkas\/"]}]},{"@type":"BreadcrumbList","@id":"https:\/\/hotelli03.domainhotelli.fi\/~lsdoecli\/tuote\/suojalasit-maski-bolle-ultim8-kirkas\/#breadcrumb","itemListElement":[{"@type":"ListItem","position":1,"name":"Etusivu","item":"https:\/\/hotelli03.domainhotelli.fi\/~lsdoecli\/"},{"@type":"ListItem","position":2,"name":"Kauppa","item":"https:\/\/hotelli03.domainhotelli.fi\/~lsdoecli\/kauppa\/"},{"@type":"ListItem","position":3,"name":"Suojalasit \/ maski Bolle Ultim8, kirkas"}]},{"@type":"PostalAddress","@id":"https:\/\/hotelli03.domainhotelli.fi\/~lsdoecli\/tuote\/suojalasit-maski-bolle-ultim8-kirkas\/#local-main-place-address","streetAddress":"Pyymosantie 5a","addressLocality":"Vantaa","postalCode":"01720","addressCountry":"FI"},{"@type":"ImageObject","inLanguage":"fi","@id":"https:\/\/hotelli03.domainhotelli.fi\/~lsdoecli\/tuote\/suojalasit-maski-bolle-ultim8-kirkas\/#local-main-organization-logo","url":"https:\/\/hotelli03.domainhotelli.fi\/~lsdoecli\/wp-content\/uploads\/2021\/08\/JVTuonti_logo_nelio.jpg","contentUrl":"https:\/\/hotelli03.domainhotelli.fi\/~lsdoecli\/wp-content\/uploads\/2021\/08\/JVTuonti_logo_nelio.jpg","width":550,"height":550,"caption":"JV Tuonti Oy"}]},"og_video":"https:\/\/www.youtube.com\/embed\/MVvWqKjXxJM","og_video_type":"text\/html","og_video_duration":"53","og_video_width":"480","og_video_height":"270","ya_ovs_adult":"false","ya_ovs_upload_date":"2021-10-29T12:00:41+00:00","ya_ovs_allow_embed":"true","product_brand":"Bolle Safety","product_price_amount":"33.94","product_price_currency":"EUR","og_availability":"instock","product_availability":"instock","product_retailer_item_id":"ULTIPSI","product_condition":"new","geo.placename":"Vantaa","geo.position":{"lat":"60.28431","long":"24.81654"},"geo.region":"Suomi"},"_links":{"self":[{"href":"https:\/\/hotelli03.domainhotelli.fi\/~lsdoecli\/wp-json\/wp\/v2\/product\/8118"}],"collection":[{"href":"https:\/\/hotelli03.domainhotelli.fi\/~lsdoecli\/wp-json\/wp\/v2\/product"}],"about":[{"href":"https:\/\/hotelli03.domainhotelli.fi\/~lsdoecli\/wp-json\/wp\/v2\/types\/product"}],"replies":[{"embeddable":true,"href":"https:\/\/hotelli03.domainhotelli.fi\/~lsdoecli\/wp-json\/wp\/v2\/comments?post=8118"}],"wp:featuredmedia":[{"embeddable":true,"href":"https:\/\/hotelli03.domainhotelli.fi\/~lsdoecli\/wp-json\/wp\/v2\/media\/8119"}],"wp:attachment":[{"href":"https:\/\/hotelli03.domainhotelli.fi\/~lsdoecli\/wp-json\/wp\/v2\/media?parent=8118"}],"wp:term":[{"taxonomy":"product_cat","embeddable":true,"href":"https:\/\/hotelli03.domainhotelli.fi\/~lsdoecli\/wp-json\/wp\/v2\/product_cat?post=8118"},{"taxonomy":"product_tag","embeddable":true,"href":"https:\/\/hotelli03.domainhotelli.fi\/~lsdoecli\/wp-json\/wp\/v2\/product_tag?post=8118"}],"curies":[{"name":"wp","href":"https:\/\/api.w.org\/{rel}","templated":true}]}}