{"id":8084,"date":"2021-10-29T09:46:06","date_gmt":"2021-10-29T09:46:06","guid":{"rendered":"https:\/\/hotelli03.domainhotelli.fi\/~lsdoecli\/?post_type=product&#038;p=8084"},"modified":"2021-10-29T09:51:28","modified_gmt":"2021-10-29T09:51:28","slug":"suojalasit-bolle-tryon-otg-kirkas","status":"publish","type":"product","link":"https:\/\/hotelli03.domainhotelli.fi\/~lsdoecli\/tuote\/suojalasit-bolle-tryon-otg-kirkas\/","title":{"rendered":"Suojalasit Bolle Tryon OTG, kirkas"},"content":{"rendered":"<h2>Optiikaltaan korkealuokkaiset OTG (Over-The-Glasses, On-The-Go) suojalasit silm\u00e4lasien p\u00e4\u00e4lle kirkkaalla linssill\u00e4 ty\u00f6k\u00e4ytt\u00f6\u00f6n ja vierailijoille.<\/h2>\n<p>Suojalasit Bolle Tryon OTG ovat t\u00e4ydelliset suojalasit silm\u00e4lasien p\u00e4\u00e4lle.<\/p>\n<ul>\n<li>PLATINUM-pinnoitettu t\u00e4ysin huurtumaton ja naarmuuntumista ehk\u00e4isev\u00e4 linssi.<\/li>\n<li>Sangoissa FLEX-rakenne, jonka ansiosta ne aukeavat per\u00e4ti 160-astetta.<\/li>\n<li>Et\u00e4isyydelt\u00e4\u00e4n s\u00e4\u00e4dett\u00e4v\u00e4t kaksoismateriaalisangat tekev\u00e4t laseista istuvat kaiken kokoisiin p\u00e4ihin ja ne my\u00f6s pysyv\u00e4t p\u00e4\u00e4ss\u00e4 kaikenlaisissa ty\u00f6asennoissa.<\/li>\n<li>Ylh\u00e4\u00e4ll\u00e4 pehme\u00e4 TPR-kehys parantaa k\u00e4ytt\u00f6mukavuutta.<\/li>\n<li>Moderni design on suunniteltu silm\u00e4lasien p\u00e4\u00e4ll\u00e4 k\u00e4ytett\u00e4viksi ja tarjoamaan kattavan suojaavuuden my\u00f6s ylh\u00e4\u00e4lt\u00e4, alhaalta ja sivuilta<\/li>\n<\/ul>\n<p>Suojaa silmi\u00e4 UV-s\u00e4teilt\u00e4 h\u00e4iritsem\u00e4tt\u00e4 v\u00e4rierottelukyky\u00e4, sek\u00e4 matalaergisilt\u00e4 mekaanisilta riskeilt\u00e4 (6 mm, 0.86 g metallikuula 45 m\/s), my\u00f6s \u00e4\u00e4rimm\u00e4isiss\u00e4 l\u00e4mp\u00f6tiloissa.<\/p>\n<p>Huurtumisenestopinnoitetut ja naarmuuntumisenestopinnoitetut linssit, joissa pinnoite ylitt\u00e4\u00e4 huomattavasti luokka N ja luokka K testimenetelmien vaatimukset. Polykarbonaattilinssien optiikkaluokka 1: Suunniteltu pitk\u00e4kestoiseen yht\u00e4jaksoiseen k\u00e4ytt\u00f6\u00f6n.<\/p>\n<h4>PLATINUM-pinnoitteen edut:<\/h4>\n<p>&#8211; Erinomainen suoja huurtumista vastaan turvaten hyv\u00e4n n\u00e4k\u00f6kyvyn vaihtelevissa olosuhteissa<br \/>\n&#8211; Kest\u00e4\u00e4 erinomaisesti mekaanista kulutusta ehk\u00e4isten naarmujen muodostusta<br \/>\n&#8211; Puhdistuksen kest\u00e4v\u00e4 (puhdistus vesi &amp; saippua -yhdistelm\u00e4ll\u00e4)<br \/>\n&#8211; Pysyv\u00e4sti molemmilla puolilla linssej\u00e4<br \/>\n&#8211; Parantaa toimintatehoa, turvallisuutta, suojalasien luotettavuutta ja k\u00e4ytt\u00f6mukavuutta<br \/>\n&#8211; Suositeltava valinta monipuoliseen yleisk\u00e4ytt\u00f6\u00f6n sek\u00e4 kuumiin ja kosteisiin ty\u00f6oloihin sek\u00e4 hike\u00e4 nostattaviin olosuhteisiin<\/p>\n<p>&nbsp;<\/p>\n<h4>Suojalasit Bolle Tryon OTG Tekniset tiedot:<\/h4>\n<p>Kehysmerkint\u00e4: EN166 FT CE<br \/>\nLinssimerkint\u00e4: 2C-1.2 1 FT KN CE<br \/>\nSertifiointi: EN166, EN170, EAC<br \/>\nUVA\/UVB suoja: 99,99 %<br \/>\nSangat: Polykarbonaatti + TPR (Thermo Plastic Rubber)<br \/>\nLinssi: Polykarbonaattia. Paksuus 2,2 mm<br \/>\nKaarevuusluokka: 4<br \/>\nPaino: 40 g<\/p>\n<p><iframe loading=\"lazy\" title=\"New TRYON range : style and performance comes in 3 versions\" width=\"1140\" height=\"641\" src=\"https:\/\/www.youtube.com\/embed\/1riDv9sZd9A?feature=oembed\" frameborder=\"0\" allow=\"accelerometer; autoplay; clipboard-write; encrypted-media; gyroscope; picture-in-picture\" allowfullscreen><\/iframe><\/p>\n<p><iframe loading=\"lazy\" title=\"Boll\u00e9 Safety PLATINUM anti-fog and anti scratch coating (APAC region)\" width=\"1140\" height=\"641\" src=\"https:\/\/www.youtube.com\/embed\/7Cwvxo4o6jc?feature=oembed\" frameborder=\"0\" allow=\"accelerometer; autoplay; clipboard-write; encrypted-media; gyroscope; picture-in-picture\" allowfullscreen><\/iframe><\/p>\n<p><a href=\"https:\/\/hotelli03.domainhotelli.fi\/~lsdoecli\/tuote-osasto\/suojalasit\/\">Katso my\u00f6s muut suojalasit mallit t\u00e4st\u00e4!\u00a0<\/a><\/p>\n<p>Maahantuoja: <a href=\"https:\/\/www.vandernet.com\">Vandernet Oy<\/a><\/p>\n","protected":false},"excerpt":{"rendered":"<p>Suojalasit Bolle Tryon OTG ovat t\u00e4ydelliset suojalasit silm\u00e4lasien p\u00e4\u00e4lle.<\/p>\n<ul>\n<li>PLATINUM-pinnoitettu t\u00e4ysin huurtumaton ja naarmuuntumista ehk\u00e4isev\u00e4 linssi.<\/li>\n<li>Sangoissa FLEX-rakenne, jonka ansiosta ne aukeavat per\u00e4ti 160-astetta.<\/li>\n<li>Et\u00e4isyydelt\u00e4\u00e4n s\u00e4\u00e4dett\u00e4v\u00e4t kaksoismateriaalisangat tekev\u00e4t laseista istuvat kaiken kokoisiin p\u00e4ihin ja ne my\u00f6s pysyv\u00e4t p\u00e4\u00e4ss\u00e4 kaikenlaisissa ty\u00f6asennoissa.<\/li>\n<li>Ylh\u00e4\u00e4ll\u00e4 pehme\u00e4 TPR-kehys parantaa k\u00e4ytt\u00f6mukavuutta.<\/li>\n<li>Moderni design on suunniteltu silm\u00e4lasien p\u00e4\u00e4ll\u00e4 k\u00e4ytett\u00e4viksi ja tarjoamaan kattavan suojaavuuden my\u00f6s ylh\u00e4\u00e4lt\u00e4, alhaalta ja sivuilta<\/li>\n<\/ul>\n","protected":false},"featured_media":8089,"comment_status":"open","ping_status":"closed","template":"","meta":[],"product_cat":[103],"product_tag":[899,544,546,545,902],"yoast_head":"<!-- This site is optimized with the Yoast SEO Premium plugin v18.9 (Yoast SEO v19.3) - https:\/\/yoast.com\/wordpress\/plugins\/seo\/ -->\n<title>Suojalasit Bolle Tryon OTG, kirkas | JV Tuonti<\/title>\n<meta name=\"description\" content=\"Optiikaltaan korkealuokkaiset OTG suojalasit silm\u00e4lasien p\u00e4\u00e4lle kirkkaalla linssill\u00e4 ty\u00f6k\u00e4ytt\u00f6\u00f6n ja vierailijoille. Tutustu t\u00e4st\u00e4!\" \/>\n<meta name=\"robots\" content=\"index, follow, max-snippet:-1, max-image-preview:large, max-video-preview:-1\" \/>\n<link rel=\"canonical\" href=\"https:\/\/hotelli03.domainhotelli.fi\/~lsdoecli\/tuote\/suojalasit-bolle-tryon-otg-kirkas\/\" \/>\n<meta property=\"og:locale\" content=\"fi_FI\" \/>\n<meta property=\"og:type\" content=\"article\" \/>\n<meta property=\"og:title\" content=\"Suojalasit Bolle Tryon OTG, kirkas\" \/>\n<meta property=\"og:description\" content=\"Optiikaltaan korkealuokkaiset OTG suojalasit silm\u00e4lasien p\u00e4\u00e4lle kirkkaalla linssill\u00e4 ty\u00f6k\u00e4ytt\u00f6\u00f6n ja vierailijoille. Tutustu t\u00e4st\u00e4!\" \/>\n<meta property=\"og:url\" content=\"https:\/\/hotelli03.domainhotelli.fi\/~lsdoecli\/tuote\/suojalasit-bolle-tryon-otg-kirkas\/\" \/>\n<meta property=\"og:site_name\" content=\"JV Tuonti\" \/>\n<meta property=\"article:publisher\" content=\"https:\/\/www.facebook.com\/JVTuontiOy\" \/>\n<meta property=\"article:modified_time\" content=\"2021-10-29T09:51:28+00:00\" \/>\n<meta property=\"og:image\" content=\"https:\/\/hotelli03.domainhotelli.fi\/~lsdoecli\/wp-content\/uploads\/2021\/10\/Suojalasit-Bolle-Tryon-OTG-kirkas-Silmalasien-paalle.jpeg\" \/>\n\t<meta property=\"og:image:width\" content=\"600\" \/>\n\t<meta property=\"og:image:height\" content=\"600\" \/>\n\t<meta property=\"og:image:type\" content=\"image\/jpeg\" \/>\n<meta name=\"twitter:card\" content=\"summary_large_image\" \/>\n<meta name=\"twitter:label1\" content=\"Price\" \/>\n\t<meta name=\"twitter:data1\" content=\"21,95&nbsp;&euro; Alv 24%N\u00e4yt\u00e4 veroton hinta17,70&nbsp;&euro; Alv 0%N\u00e4yt\u00e4 verollinen hinta\" \/>\n\t<meta name=\"twitter:label2\" content=\"Availability\" \/>\n\t<meta name=\"twitter:data2\" content=\"In stock\" \/>\n<script type=\"application\/ld+json\" class=\"yoast-schema-graph\">{\"@context\":\"https:\/\/schema.org\",\"@graph\":[{\"@type\":[\"Organization\",\"Place\",\"WholesaleStore\"],\"@id\":\"https:\/\/hotelli03.domainhotelli.fi\/~lsdoecli\/#organization\",\"name\":\"JV Tuonti Oy\",\"url\":\"https:\/\/hotelli03.domainhotelli.fi\/~lsdoecli\/\",\"sameAs\":[\"https:\/\/instagram.com\/jvtuontioy?utm_medium=copy_link\",\"https:\/\/www.facebook.com\/JVTuontiOy\"],\"logo\":{\"@id\":\"https:\/\/hotelli03.domainhotelli.fi\/~lsdoecli\/tuote\/suojalasit-bolle-tryon-otg-kirkas\/#local-main-organization-logo\"},\"image\":{\"@id\":\"https:\/\/hotelli03.domainhotelli.fi\/~lsdoecli\/tuote\/suojalasit-bolle-tryon-otg-kirkas\/#local-main-organization-logo\"},\"address\":{\"@id\":\"https:\/\/hotelli03.domainhotelli.fi\/~lsdoecli\/tuote\/suojalasit-bolle-tryon-otg-kirkas\/#local-main-place-address\"},\"geo\":{\"@type\":\"GeoCoordinates\",\"latitude\":\"60.28431\",\"longitude\":\"24.81654\"},\"telephone\":[\"0408369980\"],\"openingHoursSpecification\":[{\"@type\":\"OpeningHoursSpecification\",\"dayOfWeek\":[\"Monday\",\"Tuesday\",\"Wednesday\",\"Thursday\",\"Friday\"],\"opens\":\"08:00\",\"closes\":\"16:00\"},{\"@type\":\"OpeningHoursSpecification\",\"dayOfWeek\":[\"Saturday\",\"Sunday\"],\"opens\":\"00:00\",\"closes\":\"00:00\"}],\"email\":\"myynti@hotelli03.domainhotelli.fi\",\"areaServed\":\"Suomi, Ruotsi\",\"vatID\":\"FI30178387\",\"priceRange\":\"$$\",\"currenciesAccepted\":\"\u20ac\",\"paymentAccepted\":\"Lasku, pankkikortti\"},{\"@type\":\"WebSite\",\"@id\":\"https:\/\/hotelli03.domainhotelli.fi\/~lsdoecli\/#website\",\"url\":\"https:\/\/hotelli03.domainhotelli.fi\/~lsdoecli\/\",\"name\":\"JV Tuonti\",\"description\":\"JV Tuonti Oy:n verkkokauppa\",\"publisher\":{\"@id\":\"https:\/\/hotelli03.domainhotelli.fi\/~lsdoecli\/#organization\"},\"potentialAction\":[{\"@type\":\"SearchAction\",\"target\":{\"@type\":\"EntryPoint\",\"urlTemplate\":\"https:\/\/hotelli03.domainhotelli.fi\/~lsdoecli\/?s={search_term_string}\"},\"query-input\":\"required name=search_term_string\"}],\"inLanguage\":\"fi\"},{\"@type\":\"ImageObject\",\"inLanguage\":\"fi\",\"@id\":\"https:\/\/hotelli03.domainhotelli.fi\/~lsdoecli\/tuote\/suojalasit-bolle-tryon-otg-kirkas\/#primaryimage\",\"url\":\"https:\/\/hotelli03.domainhotelli.fi\/~lsdoecli\/wp-content\/uploads\/2021\/10\/Suojalasit-Bolle-Tryon-OTG-kirkas-Silmalasien-paalle.jpeg\",\"contentUrl\":\"https:\/\/hotelli03.domainhotelli.fi\/~lsdoecli\/wp-content\/uploads\/2021\/10\/Suojalasit-Bolle-Tryon-OTG-kirkas-Silmalasien-paalle.jpeg\",\"width\":600,\"height\":600,\"caption\":\"Suojalasit Boll\u00e9 Tryon OTG, kirkas, Silm\u00e4lasien p\u00e4\u00e4lle\"},{\"@type\":\"WebPage\",\"@id\":\"https:\/\/hotelli03.domainhotelli.fi\/~lsdoecli\/tuote\/suojalasit-bolle-tryon-otg-kirkas\/\",\"url\":\"https:\/\/hotelli03.domainhotelli.fi\/~lsdoecli\/tuote\/suojalasit-bolle-tryon-otg-kirkas\/\",\"name\":\"Suojalasit Bolle Tryon OTG, kirkas | JV Tuonti\",\"isPartOf\":{\"@id\":\"https:\/\/hotelli03.domainhotelli.fi\/~lsdoecli\/#website\"},\"primaryImageOfPage\":{\"@id\":\"https:\/\/hotelli03.domainhotelli.fi\/~lsdoecli\/tuote\/suojalasit-bolle-tryon-otg-kirkas\/#primaryimage\"},\"datePublished\":\"2021-10-29T09:46:06+00:00\",\"dateModified\":\"2021-10-29T09:51:28+00:00\",\"description\":\"Optiikaltaan korkealuokkaiset OTG suojalasit silm\u00e4lasien p\u00e4\u00e4lle kirkkaalla linssill\u00e4 ty\u00f6k\u00e4ytt\u00f6\u00f6n ja vierailijoille. Tutustu t\u00e4st\u00e4!\",\"breadcrumb\":{\"@id\":\"https:\/\/hotelli03.domainhotelli.fi\/~lsdoecli\/tuote\/suojalasit-bolle-tryon-otg-kirkas\/#breadcrumb\"},\"inLanguage\":\"fi\",\"potentialAction\":[{\"@type\":\"ReadAction\",\"target\":[\"https:\/\/hotelli03.domainhotelli.fi\/~lsdoecli\/tuote\/suojalasit-bolle-tryon-otg-kirkas\/\"]}]},{\"@type\":\"BreadcrumbList\",\"@id\":\"https:\/\/hotelli03.domainhotelli.fi\/~lsdoecli\/tuote\/suojalasit-bolle-tryon-otg-kirkas\/#breadcrumb\",\"itemListElement\":[{\"@type\":\"ListItem\",\"position\":1,\"name\":\"Etusivu\",\"item\":\"https:\/\/hotelli03.domainhotelli.fi\/~lsdoecli\/\"},{\"@type\":\"ListItem\",\"position\":2,\"name\":\"Kauppa\",\"item\":\"https:\/\/hotelli03.domainhotelli.fi\/~lsdoecli\/kauppa\/\"},{\"@type\":\"ListItem\",\"position\":3,\"name\":\"Suojalasit Bolle Tryon OTG, kirkas\"}]},{\"@type\":\"PostalAddress\",\"@id\":\"https:\/\/hotelli03.domainhotelli.fi\/~lsdoecli\/tuote\/suojalasit-bolle-tryon-otg-kirkas\/#local-main-place-address\",\"streetAddress\":\"Pyymosantie 5a\",\"addressLocality\":\"Vantaa\",\"postalCode\":\"01720\",\"addressCountry\":\"FI\"},{\"@type\":\"ImageObject\",\"inLanguage\":\"fi\",\"@id\":\"https:\/\/hotelli03.domainhotelli.fi\/~lsdoecli\/tuote\/suojalasit-bolle-tryon-otg-kirkas\/#local-main-organization-logo\",\"url\":\"https:\/\/hotelli03.domainhotelli.fi\/~lsdoecli\/wp-content\/uploads\/2021\/08\/JVTuonti_logo_nelio.jpg\",\"contentUrl\":\"https:\/\/hotelli03.domainhotelli.fi\/~lsdoecli\/wp-content\/uploads\/2021\/08\/JVTuonti_logo_nelio.jpg\",\"width\":550,\"height\":550,\"caption\":\"JV Tuonti Oy\"}]}<\/script>\n<meta property=\"og:video\" content=\"https:\/\/www.youtube.com\/embed\/1riDv9sZd9A\" \/>\n<meta property=\"og:video:type\" content=\"text\/html\" \/>\n<meta property=\"og:video:duration\" content=\"49\" \/>\n<meta property=\"og:video:width\" content=\"480\" \/>\n<meta property=\"og:video:height\" content=\"270\" \/>\n<meta property=\"ya:ovs:adult\" content=\"false\" \/>\n<meta property=\"ya:ovs:upload_date\" content=\"2021-10-29T09:46:06+00:00\" \/>\n<meta property=\"ya:ovs:allow_embed\" content=\"true\" \/>\n<meta property=\"product:brand\" content=\"Bolle Safety\" \/>\n<meta property=\"product:price:amount\" content=\"21.95\" \/>\n<meta property=\"product:price:currency\" content=\"EUR\" \/>\n<meta property=\"og:availability\" content=\"instock\" \/>\n<meta property=\"product:availability\" content=\"instock\" \/>\n<meta property=\"product:retailer_item_id\" content=\"TRYOTGPSI\" \/>\n<meta property=\"product:condition\" content=\"new\" \/>\n<meta name=\"geo.placename\" content=\"Vantaa\" \/>\n<meta name=\"geo.position\" content=\"60.28431;24.81654\" \/>\n<meta name=\"geo.region\" content=\"Suomi\" \/>\n<!-- \/ Yoast SEO Premium plugin. -->","yoast_head_json":{"title":"Suojalasit Bolle Tryon OTG, kirkas | JV Tuonti","description":"Optiikaltaan korkealuokkaiset OTG suojalasit silm\u00e4lasien p\u00e4\u00e4lle kirkkaalla linssill\u00e4 ty\u00f6k\u00e4ytt\u00f6\u00f6n ja vierailijoille. Tutustu t\u00e4st\u00e4!","robots":{"index":"index","follow":"follow","max-snippet":"max-snippet:-1","max-image-preview":"max-image-preview:large","max-video-preview":"max-video-preview:-1"},"canonical":"https:\/\/hotelli03.domainhotelli.fi\/~lsdoecli\/tuote\/suojalasit-bolle-tryon-otg-kirkas\/","og_locale":"fi_FI","og_type":"article","og_title":"Suojalasit Bolle Tryon OTG, kirkas","og_description":"Optiikaltaan korkealuokkaiset OTG suojalasit silm\u00e4lasien p\u00e4\u00e4lle kirkkaalla linssill\u00e4 ty\u00f6k\u00e4ytt\u00f6\u00f6n ja vierailijoille. Tutustu t\u00e4st\u00e4!","og_url":"https:\/\/hotelli03.domainhotelli.fi\/~lsdoecli\/tuote\/suojalasit-bolle-tryon-otg-kirkas\/","og_site_name":"JV Tuonti","article_publisher":"https:\/\/www.facebook.com\/JVTuontiOy","article_modified_time":"2021-10-29T09:51:28+00:00","og_image":[{"width":600,"height":600,"url":"https:\/\/hotelli03.domainhotelli.fi\/~lsdoecli\/wp-content\/uploads\/2021\/10\/Suojalasit-Bolle-Tryon-OTG-kirkas-Silmalasien-paalle.jpeg","type":"image\/jpeg"}],"twitter_card":"summary_large_image","twitter_misc":{"Price":"21,95&nbsp;&euro; Alv 24%N\u00e4yt\u00e4 veroton hinta17,70&nbsp;&euro; Alv 0%N\u00e4yt\u00e4 verollinen hinta","Availability":"In stock"},"schema":{"@context":"https:\/\/schema.org","@graph":[{"@type":["Organization","Place","WholesaleStore"],"@id":"https:\/\/hotelli03.domainhotelli.fi\/~lsdoecli\/#organization","name":"JV Tuonti Oy","url":"https:\/\/hotelli03.domainhotelli.fi\/~lsdoecli\/","sameAs":["https:\/\/instagram.com\/jvtuontioy?utm_medium=copy_link","https:\/\/www.facebook.com\/JVTuontiOy"],"logo":{"@id":"https:\/\/hotelli03.domainhotelli.fi\/~lsdoecli\/tuote\/suojalasit-bolle-tryon-otg-kirkas\/#local-main-organization-logo"},"image":{"@id":"https:\/\/hotelli03.domainhotelli.fi\/~lsdoecli\/tuote\/suojalasit-bolle-tryon-otg-kirkas\/#local-main-organization-logo"},"address":{"@id":"https:\/\/hotelli03.domainhotelli.fi\/~lsdoecli\/tuote\/suojalasit-bolle-tryon-otg-kirkas\/#local-main-place-address"},"geo":{"@type":"GeoCoordinates","latitude":"60.28431","longitude":"24.81654"},"telephone":["0408369980"],"openingHoursSpecification":[{"@type":"OpeningHoursSpecification","dayOfWeek":["Monday","Tuesday","Wednesday","Thursday","Friday"],"opens":"08:00","closes":"16:00"},{"@type":"OpeningHoursSpecification","dayOfWeek":["Saturday","Sunday"],"opens":"00:00","closes":"00:00"}],"email":"myynti@hotelli03.domainhotelli.fi","areaServed":"Suomi, Ruotsi","vatID":"FI30178387","priceRange":"$$","currenciesAccepted":"\u20ac","paymentAccepted":"Lasku, pankkikortti"},{"@type":"WebSite","@id":"https:\/\/hotelli03.domainhotelli.fi\/~lsdoecli\/#website","url":"https:\/\/hotelli03.domainhotelli.fi\/~lsdoecli\/","name":"JV Tuonti","description":"JV Tuonti Oy:n verkkokauppa","publisher":{"@id":"https:\/\/hotelli03.domainhotelli.fi\/~lsdoecli\/#organization"},"potentialAction":[{"@type":"SearchAction","target":{"@type":"EntryPoint","urlTemplate":"https:\/\/hotelli03.domainhotelli.fi\/~lsdoecli\/?s={search_term_string}"},"query-input":"required name=search_term_string"}],"inLanguage":"fi"},{"@type":"ImageObject","inLanguage":"fi","@id":"https:\/\/hotelli03.domainhotelli.fi\/~lsdoecli\/tuote\/suojalasit-bolle-tryon-otg-kirkas\/#primaryimage","url":"https:\/\/hotelli03.domainhotelli.fi\/~lsdoecli\/wp-content\/uploads\/2021\/10\/Suojalasit-Bolle-Tryon-OTG-kirkas-Silmalasien-paalle.jpeg","contentUrl":"https:\/\/hotelli03.domainhotelli.fi\/~lsdoecli\/wp-content\/uploads\/2021\/10\/Suojalasit-Bolle-Tryon-OTG-kirkas-Silmalasien-paalle.jpeg","width":600,"height":600,"caption":"Suojalasit Boll\u00e9 Tryon OTG, kirkas, Silm\u00e4lasien p\u00e4\u00e4lle"},{"@type":"WebPage","@id":"https:\/\/hotelli03.domainhotelli.fi\/~lsdoecli\/tuote\/suojalasit-bolle-tryon-otg-kirkas\/","url":"https:\/\/hotelli03.domainhotelli.fi\/~lsdoecli\/tuote\/suojalasit-bolle-tryon-otg-kirkas\/","name":"Suojalasit Bolle Tryon OTG, kirkas | JV Tuonti","isPartOf":{"@id":"https:\/\/hotelli03.domainhotelli.fi\/~lsdoecli\/#website"},"primaryImageOfPage":{"@id":"https:\/\/hotelli03.domainhotelli.fi\/~lsdoecli\/tuote\/suojalasit-bolle-tryon-otg-kirkas\/#primaryimage"},"datePublished":"2021-10-29T09:46:06+00:00","dateModified":"2021-10-29T09:51:28+00:00","description":"Optiikaltaan korkealuokkaiset OTG suojalasit silm\u00e4lasien p\u00e4\u00e4lle kirkkaalla linssill\u00e4 ty\u00f6k\u00e4ytt\u00f6\u00f6n ja vierailijoille. Tutustu t\u00e4st\u00e4!","breadcrumb":{"@id":"https:\/\/hotelli03.domainhotelli.fi\/~lsdoecli\/tuote\/suojalasit-bolle-tryon-otg-kirkas\/#breadcrumb"},"inLanguage":"fi","potentialAction":[{"@type":"ReadAction","target":["https:\/\/hotelli03.domainhotelli.fi\/~lsdoecli\/tuote\/suojalasit-bolle-tryon-otg-kirkas\/"]}]},{"@type":"BreadcrumbList","@id":"https:\/\/hotelli03.domainhotelli.fi\/~lsdoecli\/tuote\/suojalasit-bolle-tryon-otg-kirkas\/#breadcrumb","itemListElement":[{"@type":"ListItem","position":1,"name":"Etusivu","item":"https:\/\/hotelli03.domainhotelli.fi\/~lsdoecli\/"},{"@type":"ListItem","position":2,"name":"Kauppa","item":"https:\/\/hotelli03.domainhotelli.fi\/~lsdoecli\/kauppa\/"},{"@type":"ListItem","position":3,"name":"Suojalasit Bolle Tryon OTG, kirkas"}]},{"@type":"PostalAddress","@id":"https:\/\/hotelli03.domainhotelli.fi\/~lsdoecli\/tuote\/suojalasit-bolle-tryon-otg-kirkas\/#local-main-place-address","streetAddress":"Pyymosantie 5a","addressLocality":"Vantaa","postalCode":"01720","addressCountry":"FI"},{"@type":"ImageObject","inLanguage":"fi","@id":"https:\/\/hotelli03.domainhotelli.fi\/~lsdoecli\/tuote\/suojalasit-bolle-tryon-otg-kirkas\/#local-main-organization-logo","url":"https:\/\/hotelli03.domainhotelli.fi\/~lsdoecli\/wp-content\/uploads\/2021\/08\/JVTuonti_logo_nelio.jpg","contentUrl":"https:\/\/hotelli03.domainhotelli.fi\/~lsdoecli\/wp-content\/uploads\/2021\/08\/JVTuonti_logo_nelio.jpg","width":550,"height":550,"caption":"JV Tuonti Oy"}]},"og_video":"https:\/\/www.youtube.com\/embed\/1riDv9sZd9A","og_video_type":"text\/html","og_video_duration":"49","og_video_width":"480","og_video_height":"270","ya_ovs_adult":"false","ya_ovs_upload_date":"2021-10-29T09:46:06+00:00","ya_ovs_allow_embed":"true","product_brand":"Bolle Safety","product_price_amount":"21.95","product_price_currency":"EUR","og_availability":"instock","product_availability":"instock","product_retailer_item_id":"TRYOTGPSI","product_condition":"new","geo.placename":"Vantaa","geo.position":{"lat":"60.28431","long":"24.81654"},"geo.region":"Suomi"},"_links":{"self":[{"href":"https:\/\/hotelli03.domainhotelli.fi\/~lsdoecli\/wp-json\/wp\/v2\/product\/8084"}],"collection":[{"href":"https:\/\/hotelli03.domainhotelli.fi\/~lsdoecli\/wp-json\/wp\/v2\/product"}],"about":[{"href":"https:\/\/hotelli03.domainhotelli.fi\/~lsdoecli\/wp-json\/wp\/v2\/types\/product"}],"replies":[{"embeddable":true,"href":"https:\/\/hotelli03.domainhotelli.fi\/~lsdoecli\/wp-json\/wp\/v2\/comments?post=8084"}],"wp:featuredmedia":[{"embeddable":true,"href":"https:\/\/hotelli03.domainhotelli.fi\/~lsdoecli\/wp-json\/wp\/v2\/media\/8089"}],"wp:attachment":[{"href":"https:\/\/hotelli03.domainhotelli.fi\/~lsdoecli\/wp-json\/wp\/v2\/media?parent=8084"}],"wp:term":[{"taxonomy":"product_cat","embeddable":true,"href":"https:\/\/hotelli03.domainhotelli.fi\/~lsdoecli\/wp-json\/wp\/v2\/product_cat?post=8084"},{"taxonomy":"product_tag","embeddable":true,"href":"https:\/\/hotelli03.domainhotelli.fi\/~lsdoecli\/wp-json\/wp\/v2\/product_tag?post=8084"}],"curies":[{"name":"wp","href":"https:\/\/api.w.org\/{rel}","templated":true}]}}