{"id":8068,"date":"2021-10-29T08:56:24","date_gmt":"2021-10-29T08:56:24","guid":{"rendered":"https:\/\/hotelli03.domainhotelli.fi\/~lsdoecli\/?post_type=product&#038;p=8068"},"modified":"2021-10-29T08:56:24","modified_gmt":"2021-10-29T08:56:24","slug":"suojalasit-bolle-silex-kirkas","status":"publish","type":"product","link":"https:\/\/hotelli03.domainhotelli.fi\/~lsdoecli\/tuote\/suojalasit-bolle-silex-kirkas\/","title":{"rendered":"Suojalasit Bolle Silex, Kirkas"},"content":{"rendered":"<h2>Laadukkaat suojalasit, jotka ovat t\u00e4ysin metallivapaat ja ruuvittomat<\/h2>\n<p>Suojalasit Bolle Silex kirkkailla linsseill\u00e4.<\/p>\n<ul>\n<li>Linsseiss\u00e4 naarmuuntumista ja huurtumista ehk\u00e4isev\u00e4 pinnoite.<\/li>\n<li>Luistamattomat kaksoismateriaalisangat TPR-sis\u00e4pinnoilla<\/li>\n<li>T\u00e4ysin metallivapaa ja ruuviton di-electric rakenne s\u00e4hk\u00f6\u00e4 johtamattomista materiaaleista<\/li>\n<li>Kiinte\u00e4 nen\u00e4silta, jonka ansiosta rakenteessa ei ole putoavia osia.<\/li>\n<li>Taitetun yl\u00e4kehyksen ansiosta tarjoaa lis\u00e4suojaa my\u00f6s ylh\u00e4\u00e4lt\u00e4 tulevilta uhkilta.<\/li>\n<li>Sangoissa FLEX 160 rakenne, jonka ansiosta ne aukeavat per\u00e4ti 160 astetta, ja lasit istuvat eri kokoisiin kasvoihin vaikuttamatta optiseen laatuun.<\/li>\n<\/ul>\n<p>Sangat voidaan varustaa lis\u00e4varusteena saatavalla p\u00e4\u00e4pannalla, joka parantaa p\u00e4\u00e4ss\u00e4 pysymist\u00e4 vaikeissa ty\u00f6asennoissa.<\/p>\n<p>Suojaa silmi\u00e4 UV-s\u00e4teilt\u00e4 h\u00e4iritsem\u00e4tt\u00e4 v\u00e4rierottelukyky\u00e4 ja matalaenergisilt\u00e4 mekaanisilta vaaroilta (6 mm 0,86 g metallikuula 45 m\/s), my\u00f6s \u00e4\u00e4rimm\u00e4isiss\u00e4 k\u00e4ytt\u00f6l\u00e4mp\u00f6tiloissa.<\/p>\n<p>Korkealuokkaiset polykarbonaattilinssit. Optiikkaluokka 1: Suunniteltu koko ty\u00f6p\u00e4iv\u00e4nkin kest\u00e4v\u00e4\u00e4n k\u00e4ytt\u00f6\u00f6n.<\/p>\n<h2>Tekniset tiedot Suojalasit Bolle Silex:<\/h2>\n<p>Kehysmerkint\u00e4: EN166 FT CE<br \/>\nLinssimerkint\u00e4: 2C-1,2 1 FT CE<br \/>\nSertifiointi: EN166, EN170, EAC, ANSI CSA Z94.3<br \/>\nPolykarbonaattilinssin paksuus: 2,2 mm<br \/>\nKaarevuusluokka: 9<br \/>\nUVA ja UVB suoja: 99,99 %<br \/>\nSankojen materiaali: Polykarbonaatti + TPR (Thermo Plastic Rubber)<\/p>\n<p>&nbsp;<\/p>\n<p><a href=\"https:\/\/hotelli03.domainhotelli.fi\/~lsdoecli\/tuote-osasto\/suojalasit\/\">Katso my\u00f6s muut suojalasit mallit t\u00e4st\u00e4!\u00a0<\/a><\/p>\n<p>Maahantuoja: <a href=\"https:\/\/www.vandernet.com\">Vandernet Oy<\/a><\/p>\n","protected":false},"excerpt":{"rendered":"<p>Laadukkaat suojalasit, jotka ovat t\u00e4ysin metallivapaat ja ruuvittomat<\/p>\n<ul>\n<li>Linsseiss\u00e4 naarmuuntumista ja huurtumista ehk\u00e4isev\u00e4 pinnoite.<\/li>\n<li>Luistamattomat kaksoismateriaalisangat TPR-sis\u00e4pinnoilla<\/li>\n<li>T\u00e4ysin metallivapaa ja ruuviton di-electric rakenne s\u00e4hk\u00f6\u00e4 johtamattomista materiaaleista<\/li>\n<\/ul>\n","protected":false},"featured_media":8073,"comment_status":"open","ping_status":"closed","template":"","meta":[],"product_cat":[103],"product_tag":[899,544,546,545],"yoast_head":"<!-- This site is optimized with the Yoast SEO Premium plugin v18.9 (Yoast SEO v19.3) - https:\/\/yoast.com\/wordpress\/plugins\/seo\/ -->\n<title>Suojalasit Bolle Silex, Kirkas | JV Tuonti<\/title>\n<meta name=\"description\" content=\"Suojalasit Bolle Silex ovat laadukkaat suojalasit, jotka ovat t\u00e4ysin metallivapaat ja ruuvittomat. Naarmuuntumattomat ja huurtumattomat.\" \/>\n<meta name=\"robots\" content=\"index, follow, max-snippet:-1, max-image-preview:large, max-video-preview:-1\" \/>\n<link rel=\"canonical\" href=\"https:\/\/hotelli03.domainhotelli.fi\/~lsdoecli\/tuote\/suojalasit-bolle-silex-kirkas\/\" \/>\n<meta property=\"og:locale\" content=\"fi_FI\" \/>\n<meta property=\"og:type\" content=\"article\" \/>\n<meta property=\"og:title\" content=\"Suojalasit Bolle Silex, Kirkas\" \/>\n<meta property=\"og:description\" content=\"Suojalasit Bolle Silex ovat laadukkaat suojalasit, jotka ovat t\u00e4ysin metallivapaat ja ruuvittomat. Naarmuuntumattomat ja huurtumattomat.\" \/>\n<meta property=\"og:url\" content=\"https:\/\/hotelli03.domainhotelli.fi\/~lsdoecli\/tuote\/suojalasit-bolle-silex-kirkas\/\" \/>\n<meta property=\"og:site_name\" content=\"JV Tuonti\" \/>\n<meta property=\"article:publisher\" content=\"https:\/\/www.facebook.com\/JVTuontiOy\" \/>\n<meta property=\"og:image\" content=\"https:\/\/hotelli03.domainhotelli.fi\/~lsdoecli\/wp-content\/uploads\/2021\/10\/Suojalasit-Bolle-Silex-Kirkas.jpeg\" \/>\n\t<meta property=\"og:image:width\" content=\"600\" \/>\n\t<meta property=\"og:image:height\" content=\"600\" \/>\n\t<meta property=\"og:image:type\" content=\"image\/jpeg\" \/>\n<meta name=\"twitter:card\" content=\"summary_large_image\" \/>\n<meta name=\"twitter:label1\" content=\"Price\" \/>\n\t<meta name=\"twitter:data1\" content=\"9,94&nbsp;&euro; Alv 24%N\u00e4yt\u00e4 veroton hinta8,02&nbsp;&euro; Alv 0%N\u00e4yt\u00e4 verollinen hinta\" \/>\n\t<meta name=\"twitter:label2\" content=\"Availability\" \/>\n\t<meta name=\"twitter:data2\" content=\"In stock\" \/>\n<script type=\"application\/ld+json\" class=\"yoast-schema-graph\">{\"@context\":\"https:\/\/schema.org\",\"@graph\":[{\"@type\":[\"Organization\",\"Place\",\"WholesaleStore\"],\"@id\":\"https:\/\/hotelli03.domainhotelli.fi\/~lsdoecli\/#organization\",\"name\":\"JV Tuonti Oy\",\"url\":\"https:\/\/hotelli03.domainhotelli.fi\/~lsdoecli\/\",\"sameAs\":[\"https:\/\/instagram.com\/jvtuontioy?utm_medium=copy_link\",\"https:\/\/www.facebook.com\/JVTuontiOy\"],\"logo\":{\"@id\":\"https:\/\/hotelli03.domainhotelli.fi\/~lsdoecli\/tuote\/suojalasit-bolle-silex-kirkas\/#local-main-organization-logo\"},\"image\":{\"@id\":\"https:\/\/hotelli03.domainhotelli.fi\/~lsdoecli\/tuote\/suojalasit-bolle-silex-kirkas\/#local-main-organization-logo\"},\"address\":{\"@id\":\"https:\/\/hotelli03.domainhotelli.fi\/~lsdoecli\/tuote\/suojalasit-bolle-silex-kirkas\/#local-main-place-address\"},\"geo\":{\"@type\":\"GeoCoordinates\",\"latitude\":\"60.28431\",\"longitude\":\"24.81654\"},\"telephone\":[\"0408369980\"],\"openingHoursSpecification\":[{\"@type\":\"OpeningHoursSpecification\",\"dayOfWeek\":[\"Monday\",\"Tuesday\",\"Wednesday\",\"Thursday\",\"Friday\"],\"opens\":\"08:00\",\"closes\":\"16:00\"},{\"@type\":\"OpeningHoursSpecification\",\"dayOfWeek\":[\"Saturday\",\"Sunday\"],\"opens\":\"00:00\",\"closes\":\"00:00\"}],\"email\":\"myynti@hotelli03.domainhotelli.fi\",\"areaServed\":\"Suomi, Ruotsi\",\"vatID\":\"FI30178387\",\"priceRange\":\"$$\",\"currenciesAccepted\":\"\u20ac\",\"paymentAccepted\":\"Lasku, pankkikortti\"},{\"@type\":\"WebSite\",\"@id\":\"https:\/\/hotelli03.domainhotelli.fi\/~lsdoecli\/#website\",\"url\":\"https:\/\/hotelli03.domainhotelli.fi\/~lsdoecli\/\",\"name\":\"JV Tuonti\",\"description\":\"JV Tuonti Oy:n verkkokauppa\",\"publisher\":{\"@id\":\"https:\/\/hotelli03.domainhotelli.fi\/~lsdoecli\/#organization\"},\"potentialAction\":[{\"@type\":\"SearchAction\",\"target\":{\"@type\":\"EntryPoint\",\"urlTemplate\":\"https:\/\/hotelli03.domainhotelli.fi\/~lsdoecli\/?s={search_term_string}\"},\"query-input\":\"required name=search_term_string\"}],\"inLanguage\":\"fi\"},{\"@type\":\"ImageObject\",\"inLanguage\":\"fi\",\"@id\":\"https:\/\/hotelli03.domainhotelli.fi\/~lsdoecli\/tuote\/suojalasit-bolle-silex-kirkas\/#primaryimage\",\"url\":\"https:\/\/hotelli03.domainhotelli.fi\/~lsdoecli\/wp-content\/uploads\/2021\/10\/Suojalasit-Bolle-Silex-Kirkas.jpeg\",\"contentUrl\":\"https:\/\/hotelli03.domainhotelli.fi\/~lsdoecli\/wp-content\/uploads\/2021\/10\/Suojalasit-Bolle-Silex-Kirkas.jpeg\",\"width\":600,\"height\":600,\"caption\":\"Suojalasit Bolle Silex\"},{\"@type\":\"WebPage\",\"@id\":\"https:\/\/hotelli03.domainhotelli.fi\/~lsdoecli\/tuote\/suojalasit-bolle-silex-kirkas\/\",\"url\":\"https:\/\/hotelli03.domainhotelli.fi\/~lsdoecli\/tuote\/suojalasit-bolle-silex-kirkas\/\",\"name\":\"Suojalasit Bolle Silex, Kirkas | JV Tuonti\",\"isPartOf\":{\"@id\":\"https:\/\/hotelli03.domainhotelli.fi\/~lsdoecli\/#website\"},\"primaryImageOfPage\":{\"@id\":\"https:\/\/hotelli03.domainhotelli.fi\/~lsdoecli\/tuote\/suojalasit-bolle-silex-kirkas\/#primaryimage\"},\"datePublished\":\"2021-10-29T08:56:24+00:00\",\"dateModified\":\"2021-10-29T08:56:24+00:00\",\"description\":\"Suojalasit Bolle Silex ovat laadukkaat suojalasit, jotka ovat t\u00e4ysin metallivapaat ja ruuvittomat. Naarmuuntumattomat ja huurtumattomat.\",\"breadcrumb\":{\"@id\":\"https:\/\/hotelli03.domainhotelli.fi\/~lsdoecli\/tuote\/suojalasit-bolle-silex-kirkas\/#breadcrumb\"},\"inLanguage\":\"fi\",\"potentialAction\":[{\"@type\":\"ReadAction\",\"target\":[\"https:\/\/hotelli03.domainhotelli.fi\/~lsdoecli\/tuote\/suojalasit-bolle-silex-kirkas\/\"]}]},{\"@type\":\"BreadcrumbList\",\"@id\":\"https:\/\/hotelli03.domainhotelli.fi\/~lsdoecli\/tuote\/suojalasit-bolle-silex-kirkas\/#breadcrumb\",\"itemListElement\":[{\"@type\":\"ListItem\",\"position\":1,\"name\":\"Etusivu\",\"item\":\"https:\/\/hotelli03.domainhotelli.fi\/~lsdoecli\/\"},{\"@type\":\"ListItem\",\"position\":2,\"name\":\"Kauppa\",\"item\":\"https:\/\/hotelli03.domainhotelli.fi\/~lsdoecli\/kauppa\/\"},{\"@type\":\"ListItem\",\"position\":3,\"name\":\"Suojalasit Bolle Silex, Kirkas\"}]},{\"@type\":\"PostalAddress\",\"@id\":\"https:\/\/hotelli03.domainhotelli.fi\/~lsdoecli\/tuote\/suojalasit-bolle-silex-kirkas\/#local-main-place-address\",\"streetAddress\":\"Pyymosantie 5a\",\"addressLocality\":\"Vantaa\",\"postalCode\":\"01720\",\"addressCountry\":\"FI\"},{\"@type\":\"ImageObject\",\"inLanguage\":\"fi\",\"@id\":\"https:\/\/hotelli03.domainhotelli.fi\/~lsdoecli\/tuote\/suojalasit-bolle-silex-kirkas\/#local-main-organization-logo\",\"url\":\"https:\/\/hotelli03.domainhotelli.fi\/~lsdoecli\/wp-content\/uploads\/2021\/08\/JVTuonti_logo_nelio.jpg\",\"contentUrl\":\"https:\/\/hotelli03.domainhotelli.fi\/~lsdoecli\/wp-content\/uploads\/2021\/08\/JVTuonti_logo_nelio.jpg\",\"width\":550,\"height\":550,\"caption\":\"JV Tuonti Oy\"}]}<\/script>\n<meta property=\"product:brand\" content=\"Bolle Safety\" \/>\n<meta property=\"product:price:amount\" content=\"9.94\" \/>\n<meta property=\"product:price:currency\" content=\"EUR\" \/>\n<meta property=\"og:availability\" content=\"instock\" \/>\n<meta property=\"product:availability\" content=\"instock\" \/>\n<meta property=\"product:retailer_item_id\" content=\"SILEXPSI\" \/>\n<meta property=\"product:condition\" content=\"new\" \/>\n<meta name=\"geo.placename\" content=\"Vantaa\" \/>\n<meta name=\"geo.position\" content=\"60.28431;24.81654\" \/>\n<meta name=\"geo.region\" content=\"Suomi\" \/>\n<!-- \/ Yoast SEO Premium plugin. -->","yoast_head_json":{"title":"Suojalasit Bolle Silex, Kirkas | JV Tuonti","description":"Suojalasit Bolle Silex ovat laadukkaat suojalasit, jotka ovat t\u00e4ysin metallivapaat ja ruuvittomat. Naarmuuntumattomat ja huurtumattomat.","robots":{"index":"index","follow":"follow","max-snippet":"max-snippet:-1","max-image-preview":"max-image-preview:large","max-video-preview":"max-video-preview:-1"},"canonical":"https:\/\/hotelli03.domainhotelli.fi\/~lsdoecli\/tuote\/suojalasit-bolle-silex-kirkas\/","og_locale":"fi_FI","og_type":"article","og_title":"Suojalasit Bolle Silex, Kirkas","og_description":"Suojalasit Bolle Silex ovat laadukkaat suojalasit, jotka ovat t\u00e4ysin metallivapaat ja ruuvittomat. Naarmuuntumattomat ja huurtumattomat.","og_url":"https:\/\/hotelli03.domainhotelli.fi\/~lsdoecli\/tuote\/suojalasit-bolle-silex-kirkas\/","og_site_name":"JV Tuonti","article_publisher":"https:\/\/www.facebook.com\/JVTuontiOy","og_image":[{"width":600,"height":600,"url":"https:\/\/hotelli03.domainhotelli.fi\/~lsdoecli\/wp-content\/uploads\/2021\/10\/Suojalasit-Bolle-Silex-Kirkas.jpeg","type":"image\/jpeg"}],"twitter_card":"summary_large_image","twitter_misc":{"Price":"9,94&nbsp;&euro; Alv 24%N\u00e4yt\u00e4 veroton hinta8,02&nbsp;&euro; Alv 0%N\u00e4yt\u00e4 verollinen hinta","Availability":"In stock"},"schema":{"@context":"https:\/\/schema.org","@graph":[{"@type":["Organization","Place","WholesaleStore"],"@id":"https:\/\/hotelli03.domainhotelli.fi\/~lsdoecli\/#organization","name":"JV Tuonti Oy","url":"https:\/\/hotelli03.domainhotelli.fi\/~lsdoecli\/","sameAs":["https:\/\/instagram.com\/jvtuontioy?utm_medium=copy_link","https:\/\/www.facebook.com\/JVTuontiOy"],"logo":{"@id":"https:\/\/hotelli03.domainhotelli.fi\/~lsdoecli\/tuote\/suojalasit-bolle-silex-kirkas\/#local-main-organization-logo"},"image":{"@id":"https:\/\/hotelli03.domainhotelli.fi\/~lsdoecli\/tuote\/suojalasit-bolle-silex-kirkas\/#local-main-organization-logo"},"address":{"@id":"https:\/\/hotelli03.domainhotelli.fi\/~lsdoecli\/tuote\/suojalasit-bolle-silex-kirkas\/#local-main-place-address"},"geo":{"@type":"GeoCoordinates","latitude":"60.28431","longitude":"24.81654"},"telephone":["0408369980"],"openingHoursSpecification":[{"@type":"OpeningHoursSpecification","dayOfWeek":["Monday","Tuesday","Wednesday","Thursday","Friday"],"opens":"08:00","closes":"16:00"},{"@type":"OpeningHoursSpecification","dayOfWeek":["Saturday","Sunday"],"opens":"00:00","closes":"00:00"}],"email":"myynti@hotelli03.domainhotelli.fi","areaServed":"Suomi, Ruotsi","vatID":"FI30178387","priceRange":"$$","currenciesAccepted":"\u20ac","paymentAccepted":"Lasku, pankkikortti"},{"@type":"WebSite","@id":"https:\/\/hotelli03.domainhotelli.fi\/~lsdoecli\/#website","url":"https:\/\/hotelli03.domainhotelli.fi\/~lsdoecli\/","name":"JV Tuonti","description":"JV Tuonti Oy:n verkkokauppa","publisher":{"@id":"https:\/\/hotelli03.domainhotelli.fi\/~lsdoecli\/#organization"},"potentialAction":[{"@type":"SearchAction","target":{"@type":"EntryPoint","urlTemplate":"https:\/\/hotelli03.domainhotelli.fi\/~lsdoecli\/?s={search_term_string}"},"query-input":"required name=search_term_string"}],"inLanguage":"fi"},{"@type":"ImageObject","inLanguage":"fi","@id":"https:\/\/hotelli03.domainhotelli.fi\/~lsdoecli\/tuote\/suojalasit-bolle-silex-kirkas\/#primaryimage","url":"https:\/\/hotelli03.domainhotelli.fi\/~lsdoecli\/wp-content\/uploads\/2021\/10\/Suojalasit-Bolle-Silex-Kirkas.jpeg","contentUrl":"https:\/\/hotelli03.domainhotelli.fi\/~lsdoecli\/wp-content\/uploads\/2021\/10\/Suojalasit-Bolle-Silex-Kirkas.jpeg","width":600,"height":600,"caption":"Suojalasit Bolle Silex"},{"@type":"WebPage","@id":"https:\/\/hotelli03.domainhotelli.fi\/~lsdoecli\/tuote\/suojalasit-bolle-silex-kirkas\/","url":"https:\/\/hotelli03.domainhotelli.fi\/~lsdoecli\/tuote\/suojalasit-bolle-silex-kirkas\/","name":"Suojalasit Bolle Silex, Kirkas | JV Tuonti","isPartOf":{"@id":"https:\/\/hotelli03.domainhotelli.fi\/~lsdoecli\/#website"},"primaryImageOfPage":{"@id":"https:\/\/hotelli03.domainhotelli.fi\/~lsdoecli\/tuote\/suojalasit-bolle-silex-kirkas\/#primaryimage"},"datePublished":"2021-10-29T08:56:24+00:00","dateModified":"2021-10-29T08:56:24+00:00","description":"Suojalasit Bolle Silex ovat laadukkaat suojalasit, jotka ovat t\u00e4ysin metallivapaat ja ruuvittomat. Naarmuuntumattomat ja huurtumattomat.","breadcrumb":{"@id":"https:\/\/hotelli03.domainhotelli.fi\/~lsdoecli\/tuote\/suojalasit-bolle-silex-kirkas\/#breadcrumb"},"inLanguage":"fi","potentialAction":[{"@type":"ReadAction","target":["https:\/\/hotelli03.domainhotelli.fi\/~lsdoecli\/tuote\/suojalasit-bolle-silex-kirkas\/"]}]},{"@type":"BreadcrumbList","@id":"https:\/\/hotelli03.domainhotelli.fi\/~lsdoecli\/tuote\/suojalasit-bolle-silex-kirkas\/#breadcrumb","itemListElement":[{"@type":"ListItem","position":1,"name":"Etusivu","item":"https:\/\/hotelli03.domainhotelli.fi\/~lsdoecli\/"},{"@type":"ListItem","position":2,"name":"Kauppa","item":"https:\/\/hotelli03.domainhotelli.fi\/~lsdoecli\/kauppa\/"},{"@type":"ListItem","position":3,"name":"Suojalasit Bolle Silex, Kirkas"}]},{"@type":"PostalAddress","@id":"https:\/\/hotelli03.domainhotelli.fi\/~lsdoecli\/tuote\/suojalasit-bolle-silex-kirkas\/#local-main-place-address","streetAddress":"Pyymosantie 5a","addressLocality":"Vantaa","postalCode":"01720","addressCountry":"FI"},{"@type":"ImageObject","inLanguage":"fi","@id":"https:\/\/hotelli03.domainhotelli.fi\/~lsdoecli\/tuote\/suojalasit-bolle-silex-kirkas\/#local-main-organization-logo","url":"https:\/\/hotelli03.domainhotelli.fi\/~lsdoecli\/wp-content\/uploads\/2021\/08\/JVTuonti_logo_nelio.jpg","contentUrl":"https:\/\/hotelli03.domainhotelli.fi\/~lsdoecli\/wp-content\/uploads\/2021\/08\/JVTuonti_logo_nelio.jpg","width":550,"height":550,"caption":"JV Tuonti Oy"}]},"product_brand":"Bolle Safety","product_price_amount":"9.94","product_price_currency":"EUR","og_availability":"instock","product_availability":"instock","product_retailer_item_id":"SILEXPSI","product_condition":"new","geo.placename":"Vantaa","geo.position":{"lat":"60.28431","long":"24.81654"},"geo.region":"Suomi"},"_links":{"self":[{"href":"https:\/\/hotelli03.domainhotelli.fi\/~lsdoecli\/wp-json\/wp\/v2\/product\/8068"}],"collection":[{"href":"https:\/\/hotelli03.domainhotelli.fi\/~lsdoecli\/wp-json\/wp\/v2\/product"}],"about":[{"href":"https:\/\/hotelli03.domainhotelli.fi\/~lsdoecli\/wp-json\/wp\/v2\/types\/product"}],"replies":[{"embeddable":true,"href":"https:\/\/hotelli03.domainhotelli.fi\/~lsdoecli\/wp-json\/wp\/v2\/comments?post=8068"}],"wp:featuredmedia":[{"embeddable":true,"href":"https:\/\/hotelli03.domainhotelli.fi\/~lsdoecli\/wp-json\/wp\/v2\/media\/8073"}],"wp:attachment":[{"href":"https:\/\/hotelli03.domainhotelli.fi\/~lsdoecli\/wp-json\/wp\/v2\/media?parent=8068"}],"wp:term":[{"taxonomy":"product_cat","embeddable":true,"href":"https:\/\/hotelli03.domainhotelli.fi\/~lsdoecli\/wp-json\/wp\/v2\/product_cat?post=8068"},{"taxonomy":"product_tag","embeddable":true,"href":"https:\/\/hotelli03.domainhotelli.fi\/~lsdoecli\/wp-json\/wp\/v2\/product_tag?post=8068"}],"curies":[{"name":"wp","href":"https:\/\/api.w.org\/{rel}","templated":true}]}}