{"id":8046,"date":"2021-10-29T07:00:41","date_gmt":"2021-10-29T07:00:41","guid":{"rendered":"https:\/\/hotelli03.domainhotelli.fi\/~lsdoecli\/?post_type=product&#038;p=8046"},"modified":"2021-10-29T08:12:32","modified_gmt":"2021-10-29T08:12:32","slug":"suojalasit-bolle-rush-smoke-linssi","status":"publish","type":"product","link":"https:\/\/hotelli03.domainhotelli.fi\/~lsdoecli\/tuote\/suojalasit-bolle-rush-smoke-linssi\/","title":{"rendered":"Suojalasit Bolle Rush+ Smoke-linssi"},"content":{"rendered":"<h2>Eritt\u00e4in hyv\u00e4n muotoilun ja laajan panoraaman\u00e4kym\u00e4n\u00a0sankamalliset suojalasit smoke-linsseill\u00e4 ty\u00f6k\u00e4ytt\u00f6\u00f6n ulkoilmaolosuhteisiin.<\/h2>\n<p>Sopii erityisen hyvin kirkkaaseen auringonpaisteeseen, lumelle, hiekalle ja vesill\u00e4 ty\u00f6skentelyyn.<\/p>\n<p>Smoke-tummennuksen edut:<br \/>\n&#8211; Optimaalinen ulkoilmak\u00e4ytt\u00f6\u00f6n<br \/>\n&#8211; Tarjoaa erinomaisen suojan auringon s\u00e4teilylt\u00e4<br \/>\n&#8211; Hyvin voimakkaan 5-3 tummennuksen vuoksi emme suosittele liikenteess\u00e4 ajamiseen<\/p>\n<p>Linssit ovat valmistettu PLATINIUM-pinnoitteella, joka takaa erinomaisen suojan huurtumista vastaan, kest\u00e4\u00e4 erinomaisesti mekaanista kulutusta, kest\u00e4\u00e4 puhdistuksen, pinnoite on pysyv\u00e4sti molemmin puolin linssej\u00e4.<\/p>\n<p>Suojalasit Bolle Rush+ Smoke-linssi on varustettu korkealuokkaisella optiikalla. Lasien keveys, moderni muotoilu ja valetut taipuisat sangat tarjoaa todella hyv\u00e4n istuvuuden. Sangat on my\u00f6s varustettu non-slip pinnoitteella, jonka ansioista lasit pysyv\u00e4t p\u00e4\u00e4ss\u00e4 tilanteessa kuin tilanteessa. Laseissa my\u00f6s s\u00e4\u00e4dett\u00e4v\u00e4t ja pehme\u00e4t nen\u00e4tyynyt sek\u00e4 ylh\u00e4\u00e4lt\u00e4 k\u00e4ytt\u00e4j\u00e4\u00e4 kohden taipuvat linssit lasit tarjoavat lis\u00e4suojaa my\u00f6s ylh\u00e4\u00e4lt\u00e4 tulevilta uhkilta.<\/p>\n<p>Suojaa silmi\u00e4 UV-s\u00e4teilt\u00e4 h\u00e4iritsem\u00e4tt\u00e4 v\u00e4rierottelukyky\u00e4 ja matalaenergisilt\u00e4 mekaanisilta vaaroilta (6 mm 0,86 g metallikuula 45 m\/s), my\u00f6s \u00e4\u00e4rimm\u00e4isiss\u00e4 l\u00e4mp\u00f6tiloissa. Huurtumisenestopinnoitetut ja naarmuuntumisenestopinnoitetut linssit, joissa pinnoite ylitt\u00e4\u00e4 huomattavasti luokka N ja luokka K testimenetelmien vaatimukset. Polykarbonaattilinssien optiikkaluokka 1: Suunniteltu pitk\u00e4kestoiseen yht\u00e4jaksoiseen k\u00e4ytt\u00f6\u00f6n.<\/p>\n<p><a href=\"https:\/\/hotelli03.domainhotelli.fi\/~lsdoecli\/wp-content\/uploads\/2021\/10\/Suojalasit-Bolle-Rush-Smoke-linssi-paassa.jpeg\"><img loading=\"lazy\" class=\"alignnone size-medium wp-image-8051\" src=\"https:\/\/hotelli03.domainhotelli.fi\/~lsdoecli\/wp-content\/uploads\/2021\/10\/Suojalasit-Bolle-Rush-Smoke-linssi-paassa-300x300.jpeg\" alt=\"\" width=\"300\" height=\"300\" \/><\/a><\/p>\n<h4>PLATINUM-pinnoitteen edut:<\/h4>\n<p>&#8211; Erinomainen suoja huurtumista vastaan turvaten hyv\u00e4n n\u00e4k\u00f6kyvyn vaihtelevissa olosuhteissa<br \/>\n&#8211; Kest\u00e4\u00e4 erinomaisesti mekaanista kulutusta ehk\u00e4isten naarmujen muodostusta<br \/>\n&#8211; Puhdistuksen kest\u00e4v\u00e4 (puhdistus vesi &amp; saippua -yhdistelm\u00e4ll\u00e4 tai Boll\u00e9 Safety B-Clean tuotteilla)<br \/>\n&#8211; Pysyv\u00e4sti molemmilla puolilla linssej\u00e4<br \/>\n&#8211; Parantaa ty\u00f6tehoa, ty\u00f6turvallisuutta, suojalasien luotettavuutta ja k\u00e4ytt\u00f6mukavuutta<br \/>\n&#8211; Suositeltava valinta monipuoliseen yleisk\u00e4ytt\u00f6\u00f6n sek\u00e4 kuumiin ja kosteisiin ty\u00f6oloihin sek\u00e4 hike\u00e4 nostattaviin t\u00f6ihin<\/p>\n<h4>Suojalasit Bolle Rush+ Smoke Tekniset tiedot:<\/h4>\n<p>Kehysmerkint\u00e4: EN166 FT CE<br \/>\nLinssimerkint\u00e4: 5-3.1 1 FT KN CE<br \/>\nSertifiointi: EN166, EN172, EAC, ANSI CSA Z93.3<br \/>\nUVA\/UVB suoja: 99,99 %<br \/>\nPaino: 26 g<\/p>\n<p>&nbsp;<\/p>\n<p><a href=\"https:\/\/hotelli03.domainhotelli.fi\/~lsdoecli\/tuote-osasto\/suojalasit\/\">Katso my\u00f6s muut suojalasit mallit t\u00e4st\u00e4!\u00a0<\/a><\/p>\n<p>Maahantuoja: <a href=\"https:\/\/www.vandernet.com\">Vandernet Oy<\/a><\/p>\n","protected":false},"excerpt":{"rendered":"<p>Eritt\u00e4in hyv\u00e4n muotoilun ja laajan panoraaman\u00e4kym\u00e4n\u00a0sankamalliset suojalasit smoke-linsseill\u00e4 ty\u00f6k\u00e4ytt\u00f6\u00f6n ulkoilmaolosuhteisiin.<\/p>\n<p>Sopii erityisen hyvin kirkkaaseen auringonpaisteeseen, lumelle, hiekalle ja vesill\u00e4 ty\u00f6skentelyyn.<\/p>\n<p>Smoke-tummennuksen edut:<br \/>\n&#8211; Optimaalinen ulkoilmak\u00e4ytt\u00f6\u00f6n<br \/>\n&#8211; Tarjoaa erinomaisen suojan auringon s\u00e4teilylt\u00e4<br \/>\n&#8211; Hyvin voimakkaan 5-3 tummennuksen vuoksi emme suosittele liikenteess\u00e4 ajamiseen<\/p>\n","protected":false},"featured_media":8049,"comment_status":"open","ping_status":"closed","template":"","meta":[],"product_cat":[103],"product_tag":[901,899,544,546,545],"yoast_head":"<!-- This site is optimized with the Yoast SEO Premium plugin v18.9 (Yoast SEO v19.3) - https:\/\/yoast.com\/wordpress\/plugins\/seo\/ -->\n<title>Suojalasit Bolle Rush+ Smoke-linssi | JV Tuonti<\/title>\n<meta name=\"description\" content=\"Eritt\u00e4in hyv\u00e4n muotoilun ja laajan panoraaman\u00e4kym\u00e4n\u00a0sankamalliset suojalasit smoke-linsseill\u00e4 ty\u00f6k\u00e4ytt\u00f6\u00f6n ulkoilmaolosuhteisiin.\" \/>\n<meta name=\"robots\" content=\"index, follow, max-snippet:-1, max-image-preview:large, max-video-preview:-1\" \/>\n<link rel=\"canonical\" href=\"https:\/\/hotelli03.domainhotelli.fi\/~lsdoecli\/tuote\/suojalasit-bolle-rush-smoke-linssi\/\" \/>\n<meta property=\"og:locale\" content=\"fi_FI\" \/>\n<meta property=\"og:type\" content=\"article\" \/>\n<meta property=\"og:title\" content=\"Suojalasit Bolle Rush+ Smoke-linssi\" \/>\n<meta property=\"og:description\" content=\"Eritt\u00e4in hyv\u00e4n muotoilun ja laajan panoraaman\u00e4kym\u00e4n\u00a0sankamalliset suojalasit smoke-linsseill\u00e4 ty\u00f6k\u00e4ytt\u00f6\u00f6n ulkoilmaolosuhteisiin.\" \/>\n<meta property=\"og:url\" content=\"https:\/\/hotelli03.domainhotelli.fi\/~lsdoecli\/tuote\/suojalasit-bolle-rush-smoke-linssi\/\" \/>\n<meta property=\"og:site_name\" content=\"JV Tuonti\" \/>\n<meta property=\"article:publisher\" content=\"https:\/\/www.facebook.com\/JVTuontiOy\" \/>\n<meta property=\"article:modified_time\" content=\"2021-10-29T08:12:32+00:00\" \/>\n<meta property=\"og:image\" content=\"https:\/\/hotelli03.domainhotelli.fi\/~lsdoecli\/wp-content\/uploads\/2021\/10\/Suojalasit-Bolle-Rush-Smoke-linssi-pun-mu.jpeg\" \/>\n\t<meta property=\"og:image:width\" content=\"600\" \/>\n\t<meta property=\"og:image:height\" content=\"600\" \/>\n\t<meta property=\"og:image:type\" content=\"image\/jpeg\" \/>\n<meta name=\"twitter:card\" content=\"summary_large_image\" \/>\n<meta name=\"twitter:label1\" content=\"Availability\" \/>\n\t<meta name=\"twitter:data1\" content=\"In stock\" \/>\n<script type=\"application\/ld+json\" class=\"yoast-schema-graph\">{\"@context\":\"https:\/\/schema.org\",\"@graph\":[{\"@type\":[\"Organization\",\"Place\",\"WholesaleStore\"],\"@id\":\"https:\/\/hotelli03.domainhotelli.fi\/~lsdoecli\/#organization\",\"name\":\"JV Tuonti Oy\",\"url\":\"https:\/\/hotelli03.domainhotelli.fi\/~lsdoecli\/\",\"sameAs\":[\"https:\/\/instagram.com\/jvtuontioy?utm_medium=copy_link\",\"https:\/\/www.facebook.com\/JVTuontiOy\"],\"logo\":{\"@id\":\"https:\/\/hotelli03.domainhotelli.fi\/~lsdoecli\/tuote\/suojalasit-bolle-rush-smoke-linssi\/#local-main-organization-logo\"},\"image\":{\"@id\":\"https:\/\/hotelli03.domainhotelli.fi\/~lsdoecli\/tuote\/suojalasit-bolle-rush-smoke-linssi\/#local-main-organization-logo\"},\"address\":{\"@id\":\"https:\/\/hotelli03.domainhotelli.fi\/~lsdoecli\/tuote\/suojalasit-bolle-rush-smoke-linssi\/#local-main-place-address\"},\"geo\":{\"@type\":\"GeoCoordinates\",\"latitude\":\"60.28431\",\"longitude\":\"24.81654\"},\"telephone\":[\"0408369980\"],\"openingHoursSpecification\":[{\"@type\":\"OpeningHoursSpecification\",\"dayOfWeek\":[\"Monday\",\"Tuesday\",\"Wednesday\",\"Thursday\",\"Friday\"],\"opens\":\"08:00\",\"closes\":\"16:00\"},{\"@type\":\"OpeningHoursSpecification\",\"dayOfWeek\":[\"Saturday\",\"Sunday\"],\"opens\":\"00:00\",\"closes\":\"00:00\"}],\"email\":\"myynti@hotelli03.domainhotelli.fi\",\"areaServed\":\"Suomi, Ruotsi\",\"vatID\":\"FI30178387\",\"priceRange\":\"$$\",\"currenciesAccepted\":\"\u20ac\",\"paymentAccepted\":\"Lasku, pankkikortti\"},{\"@type\":\"WebSite\",\"@id\":\"https:\/\/hotelli03.domainhotelli.fi\/~lsdoecli\/#website\",\"url\":\"https:\/\/hotelli03.domainhotelli.fi\/~lsdoecli\/\",\"name\":\"JV Tuonti\",\"description\":\"JV Tuonti Oy:n verkkokauppa\",\"publisher\":{\"@id\":\"https:\/\/hotelli03.domainhotelli.fi\/~lsdoecli\/#organization\"},\"potentialAction\":[{\"@type\":\"SearchAction\",\"target\":{\"@type\":\"EntryPoint\",\"urlTemplate\":\"https:\/\/hotelli03.domainhotelli.fi\/~lsdoecli\/?s={search_term_string}\"},\"query-input\":\"required name=search_term_string\"}],\"inLanguage\":\"fi\"},{\"@type\":\"ImageObject\",\"inLanguage\":\"fi\",\"@id\":\"https:\/\/hotelli03.domainhotelli.fi\/~lsdoecli\/tuote\/suojalasit-bolle-rush-smoke-linssi\/#primaryimage\",\"url\":\"https:\/\/hotelli03.domainhotelli.fi\/~lsdoecli\/wp-content\/uploads\/2021\/10\/Suojalasit-Bolle-Rush-Smoke-linssi-pun-mu.jpeg\",\"contentUrl\":\"https:\/\/hotelli03.domainhotelli.fi\/~lsdoecli\/wp-content\/uploads\/2021\/10\/Suojalasit-Bolle-Rush-Smoke-linssi-pun-mu.jpeg\",\"width\":600,\"height\":600,\"caption\":\"Suojalasit Bolle Rush+ Smoke\"},{\"@type\":\"WebPage\",\"@id\":\"https:\/\/hotelli03.domainhotelli.fi\/~lsdoecli\/tuote\/suojalasit-bolle-rush-smoke-linssi\/\",\"url\":\"https:\/\/hotelli03.domainhotelli.fi\/~lsdoecli\/tuote\/suojalasit-bolle-rush-smoke-linssi\/\",\"name\":\"Suojalasit Bolle Rush+ Smoke-linssi | JV Tuonti\",\"isPartOf\":{\"@id\":\"https:\/\/hotelli03.domainhotelli.fi\/~lsdoecli\/#website\"},\"primaryImageOfPage\":{\"@id\":\"https:\/\/hotelli03.domainhotelli.fi\/~lsdoecli\/tuote\/suojalasit-bolle-rush-smoke-linssi\/#primaryimage\"},\"datePublished\":\"2021-10-29T07:00:41+00:00\",\"dateModified\":\"2021-10-29T08:12:32+00:00\",\"description\":\"Eritt\u00e4in hyv\u00e4n muotoilun ja laajan panoraaman\u00e4kym\u00e4n\u00a0sankamalliset suojalasit smoke-linsseill\u00e4 ty\u00f6k\u00e4ytt\u00f6\u00f6n ulkoilmaolosuhteisiin.\",\"breadcrumb\":{\"@id\":\"https:\/\/hotelli03.domainhotelli.fi\/~lsdoecli\/tuote\/suojalasit-bolle-rush-smoke-linssi\/#breadcrumb\"},\"inLanguage\":\"fi\",\"potentialAction\":[{\"@type\":\"ReadAction\",\"target\":[\"https:\/\/hotelli03.domainhotelli.fi\/~lsdoecli\/tuote\/suojalasit-bolle-rush-smoke-linssi\/\"]}]},{\"@type\":\"BreadcrumbList\",\"@id\":\"https:\/\/hotelli03.domainhotelli.fi\/~lsdoecli\/tuote\/suojalasit-bolle-rush-smoke-linssi\/#breadcrumb\",\"itemListElement\":[{\"@type\":\"ListItem\",\"position\":1,\"name\":\"Etusivu\",\"item\":\"https:\/\/hotelli03.domainhotelli.fi\/~lsdoecli\/\"},{\"@type\":\"ListItem\",\"position\":2,\"name\":\"Kauppa\",\"item\":\"https:\/\/hotelli03.domainhotelli.fi\/~lsdoecli\/kauppa\/\"},{\"@type\":\"ListItem\",\"position\":3,\"name\":\"Suojalasit Bolle Rush+ Smoke-linssi\"}]},{\"@type\":\"PostalAddress\",\"@id\":\"https:\/\/hotelli03.domainhotelli.fi\/~lsdoecli\/tuote\/suojalasit-bolle-rush-smoke-linssi\/#local-main-place-address\",\"streetAddress\":\"Pyymosantie 5a\",\"addressLocality\":\"Vantaa\",\"postalCode\":\"01720\",\"addressCountry\":\"FI\"},{\"@type\":\"ImageObject\",\"inLanguage\":\"fi\",\"@id\":\"https:\/\/hotelli03.domainhotelli.fi\/~lsdoecli\/tuote\/suojalasit-bolle-rush-smoke-linssi\/#local-main-organization-logo\",\"url\":\"https:\/\/hotelli03.domainhotelli.fi\/~lsdoecli\/wp-content\/uploads\/2021\/08\/JVTuonti_logo_nelio.jpg\",\"contentUrl\":\"https:\/\/hotelli03.domainhotelli.fi\/~lsdoecli\/wp-content\/uploads\/2021\/08\/JVTuonti_logo_nelio.jpg\",\"width\":550,\"height\":550,\"caption\":\"JV Tuonti Oy\"}]}<\/script>\n<meta property=\"product:brand\" content=\"Bolle Safety\" \/>\n<meta property=\"og:availability\" content=\"instock\" \/>\n<meta property=\"product:availability\" content=\"instock\" \/>\n<meta property=\"product:condition\" content=\"new\" \/>\n<meta name=\"geo.placename\" content=\"Vantaa\" \/>\n<meta name=\"geo.position\" content=\"60.28431;24.81654\" \/>\n<meta name=\"geo.region\" content=\"Suomi\" \/>\n<!-- \/ Yoast SEO Premium plugin. -->","yoast_head_json":{"title":"Suojalasit Bolle Rush+ Smoke-linssi | JV Tuonti","description":"Eritt\u00e4in hyv\u00e4n muotoilun ja laajan panoraaman\u00e4kym\u00e4n\u00a0sankamalliset suojalasit smoke-linsseill\u00e4 ty\u00f6k\u00e4ytt\u00f6\u00f6n ulkoilmaolosuhteisiin.","robots":{"index":"index","follow":"follow","max-snippet":"max-snippet:-1","max-image-preview":"max-image-preview:large","max-video-preview":"max-video-preview:-1"},"canonical":"https:\/\/hotelli03.domainhotelli.fi\/~lsdoecli\/tuote\/suojalasit-bolle-rush-smoke-linssi\/","og_locale":"fi_FI","og_type":"article","og_title":"Suojalasit Bolle Rush+ Smoke-linssi","og_description":"Eritt\u00e4in hyv\u00e4n muotoilun ja laajan panoraaman\u00e4kym\u00e4n\u00a0sankamalliset suojalasit smoke-linsseill\u00e4 ty\u00f6k\u00e4ytt\u00f6\u00f6n ulkoilmaolosuhteisiin.","og_url":"https:\/\/hotelli03.domainhotelli.fi\/~lsdoecli\/tuote\/suojalasit-bolle-rush-smoke-linssi\/","og_site_name":"JV Tuonti","article_publisher":"https:\/\/www.facebook.com\/JVTuontiOy","article_modified_time":"2021-10-29T08:12:32+00:00","og_image":[{"width":600,"height":600,"url":"https:\/\/hotelli03.domainhotelli.fi\/~lsdoecli\/wp-content\/uploads\/2021\/10\/Suojalasit-Bolle-Rush-Smoke-linssi-pun-mu.jpeg","type":"image\/jpeg"}],"twitter_card":"summary_large_image","twitter_misc":{"Availability":"In stock"},"schema":{"@context":"https:\/\/schema.org","@graph":[{"@type":["Organization","Place","WholesaleStore"],"@id":"https:\/\/hotelli03.domainhotelli.fi\/~lsdoecli\/#organization","name":"JV Tuonti Oy","url":"https:\/\/hotelli03.domainhotelli.fi\/~lsdoecli\/","sameAs":["https:\/\/instagram.com\/jvtuontioy?utm_medium=copy_link","https:\/\/www.facebook.com\/JVTuontiOy"],"logo":{"@id":"https:\/\/hotelli03.domainhotelli.fi\/~lsdoecli\/tuote\/suojalasit-bolle-rush-smoke-linssi\/#local-main-organization-logo"},"image":{"@id":"https:\/\/hotelli03.domainhotelli.fi\/~lsdoecli\/tuote\/suojalasit-bolle-rush-smoke-linssi\/#local-main-organization-logo"},"address":{"@id":"https:\/\/hotelli03.domainhotelli.fi\/~lsdoecli\/tuote\/suojalasit-bolle-rush-smoke-linssi\/#local-main-place-address"},"geo":{"@type":"GeoCoordinates","latitude":"60.28431","longitude":"24.81654"},"telephone":["0408369980"],"openingHoursSpecification":[{"@type":"OpeningHoursSpecification","dayOfWeek":["Monday","Tuesday","Wednesday","Thursday","Friday"],"opens":"08:00","closes":"16:00"},{"@type":"OpeningHoursSpecification","dayOfWeek":["Saturday","Sunday"],"opens":"00:00","closes":"00:00"}],"email":"myynti@hotelli03.domainhotelli.fi","areaServed":"Suomi, Ruotsi","vatID":"FI30178387","priceRange":"$$","currenciesAccepted":"\u20ac","paymentAccepted":"Lasku, pankkikortti"},{"@type":"WebSite","@id":"https:\/\/hotelli03.domainhotelli.fi\/~lsdoecli\/#website","url":"https:\/\/hotelli03.domainhotelli.fi\/~lsdoecli\/","name":"JV Tuonti","description":"JV Tuonti Oy:n verkkokauppa","publisher":{"@id":"https:\/\/hotelli03.domainhotelli.fi\/~lsdoecli\/#organization"},"potentialAction":[{"@type":"SearchAction","target":{"@type":"EntryPoint","urlTemplate":"https:\/\/hotelli03.domainhotelli.fi\/~lsdoecli\/?s={search_term_string}"},"query-input":"required name=search_term_string"}],"inLanguage":"fi"},{"@type":"ImageObject","inLanguage":"fi","@id":"https:\/\/hotelli03.domainhotelli.fi\/~lsdoecli\/tuote\/suojalasit-bolle-rush-smoke-linssi\/#primaryimage","url":"https:\/\/hotelli03.domainhotelli.fi\/~lsdoecli\/wp-content\/uploads\/2021\/10\/Suojalasit-Bolle-Rush-Smoke-linssi-pun-mu.jpeg","contentUrl":"https:\/\/hotelli03.domainhotelli.fi\/~lsdoecli\/wp-content\/uploads\/2021\/10\/Suojalasit-Bolle-Rush-Smoke-linssi-pun-mu.jpeg","width":600,"height":600,"caption":"Suojalasit Bolle Rush+ Smoke"},{"@type":"WebPage","@id":"https:\/\/hotelli03.domainhotelli.fi\/~lsdoecli\/tuote\/suojalasit-bolle-rush-smoke-linssi\/","url":"https:\/\/hotelli03.domainhotelli.fi\/~lsdoecli\/tuote\/suojalasit-bolle-rush-smoke-linssi\/","name":"Suojalasit Bolle Rush+ Smoke-linssi | JV Tuonti","isPartOf":{"@id":"https:\/\/hotelli03.domainhotelli.fi\/~lsdoecli\/#website"},"primaryImageOfPage":{"@id":"https:\/\/hotelli03.domainhotelli.fi\/~lsdoecli\/tuote\/suojalasit-bolle-rush-smoke-linssi\/#primaryimage"},"datePublished":"2021-10-29T07:00:41+00:00","dateModified":"2021-10-29T08:12:32+00:00","description":"Eritt\u00e4in hyv\u00e4n muotoilun ja laajan panoraaman\u00e4kym\u00e4n\u00a0sankamalliset suojalasit smoke-linsseill\u00e4 ty\u00f6k\u00e4ytt\u00f6\u00f6n ulkoilmaolosuhteisiin.","breadcrumb":{"@id":"https:\/\/hotelli03.domainhotelli.fi\/~lsdoecli\/tuote\/suojalasit-bolle-rush-smoke-linssi\/#breadcrumb"},"inLanguage":"fi","potentialAction":[{"@type":"ReadAction","target":["https:\/\/hotelli03.domainhotelli.fi\/~lsdoecli\/tuote\/suojalasit-bolle-rush-smoke-linssi\/"]}]},{"@type":"BreadcrumbList","@id":"https:\/\/hotelli03.domainhotelli.fi\/~lsdoecli\/tuote\/suojalasit-bolle-rush-smoke-linssi\/#breadcrumb","itemListElement":[{"@type":"ListItem","position":1,"name":"Etusivu","item":"https:\/\/hotelli03.domainhotelli.fi\/~lsdoecli\/"},{"@type":"ListItem","position":2,"name":"Kauppa","item":"https:\/\/hotelli03.domainhotelli.fi\/~lsdoecli\/kauppa\/"},{"@type":"ListItem","position":3,"name":"Suojalasit Bolle Rush+ Smoke-linssi"}]},{"@type":"PostalAddress","@id":"https:\/\/hotelli03.domainhotelli.fi\/~lsdoecli\/tuote\/suojalasit-bolle-rush-smoke-linssi\/#local-main-place-address","streetAddress":"Pyymosantie 5a","addressLocality":"Vantaa","postalCode":"01720","addressCountry":"FI"},{"@type":"ImageObject","inLanguage":"fi","@id":"https:\/\/hotelli03.domainhotelli.fi\/~lsdoecli\/tuote\/suojalasit-bolle-rush-smoke-linssi\/#local-main-organization-logo","url":"https:\/\/hotelli03.domainhotelli.fi\/~lsdoecli\/wp-content\/uploads\/2021\/08\/JVTuonti_logo_nelio.jpg","contentUrl":"https:\/\/hotelli03.domainhotelli.fi\/~lsdoecli\/wp-content\/uploads\/2021\/08\/JVTuonti_logo_nelio.jpg","width":550,"height":550,"caption":"JV Tuonti Oy"}]},"product_brand":"Bolle Safety","og_availability":"instock","product_availability":"instock","product_condition":"new","geo.placename":"Vantaa","geo.position":{"lat":"60.28431","long":"24.81654"},"geo.region":"Suomi"},"_links":{"self":[{"href":"https:\/\/hotelli03.domainhotelli.fi\/~lsdoecli\/wp-json\/wp\/v2\/product\/8046"}],"collection":[{"href":"https:\/\/hotelli03.domainhotelli.fi\/~lsdoecli\/wp-json\/wp\/v2\/product"}],"about":[{"href":"https:\/\/hotelli03.domainhotelli.fi\/~lsdoecli\/wp-json\/wp\/v2\/types\/product"}],"replies":[{"embeddable":true,"href":"https:\/\/hotelli03.domainhotelli.fi\/~lsdoecli\/wp-json\/wp\/v2\/comments?post=8046"}],"wp:featuredmedia":[{"embeddable":true,"href":"https:\/\/hotelli03.domainhotelli.fi\/~lsdoecli\/wp-json\/wp\/v2\/media\/8049"}],"wp:attachment":[{"href":"https:\/\/hotelli03.domainhotelli.fi\/~lsdoecli\/wp-json\/wp\/v2\/media?parent=8046"}],"wp:term":[{"taxonomy":"product_cat","embeddable":true,"href":"https:\/\/hotelli03.domainhotelli.fi\/~lsdoecli\/wp-json\/wp\/v2\/product_cat?post=8046"},{"taxonomy":"product_tag","embeddable":true,"href":"https:\/\/hotelli03.domainhotelli.fi\/~lsdoecli\/wp-json\/wp\/v2\/product_tag?post=8046"}],"curies":[{"name":"wp","href":"https:\/\/api.w.org\/{rel}","templated":true}]}}