{"id":7756,"date":"2021-10-15T10:00:25","date_gmt":"2021-10-15T10:00:25","guid":{"rendered":"https:\/\/hotelli03.domainhotelli.fi\/~lsdoecli\/?post_type=product&#038;p=7756"},"modified":"2021-10-15T10:00:25","modified_gmt":"2021-10-15T10:00:25","slug":"varustepakkaus-kask-plasma-combo-kit","status":"publish","type":"product","link":"https:\/\/hotelli03.domainhotelli.fi\/~lsdoecli\/tuote\/varustepakkaus-kask-plasma-combo-kit\/","title":{"rendered":"Varustepakkaus Kask Plasma Combo Kit"},"content":{"rendered":"<h2>Varustepakkaus Kask Plasma Combo Kit, jossa kaikki tarvittavat osat, joilla saat Kask Plasma -sarjan ty\u00f6kyp\u00e4r\u00e4\u00e4n kuulonsuojauksen ja silmiensuojauksen kattavasti suojaavalla metalliverkkovisiiri-kokokasvosuojaimella.<\/h2>\n<h3>Mihin tarkoitukseen varustepakkaus on?<\/h3>\n<p>Varustepakkaus Kask Plasma Combo Kit suojaa silmi\u00e4 ja kasvoja lent\u00e4vilt\u00e4 puulastuilta, silpulta, karkealta p\u00f6lylt\u00e4 ja lent\u00e4vilt\u00e4 metallikappaleilta. Suositeltava valinta esim. metsurik\u00e4ytt\u00f6\u00f6n, arboristeille ja puuteollisuuden eri ty\u00f6teht\u00e4viin. Kaareva muotoilu tarjoaa laajan n\u00e4k\u00f6kent\u00e4n, ja verkko tulee l\u00e4helle kasvoja, joka tekee k\u00e4yt\u00f6st\u00e4 miellytt\u00e4v\u00e4\u00e4. Kiinnitys ja irrotus tapahtuu ty\u00f6kaluvapaasti.<\/p>\n<h3>Mit\u00e4 pakkaus sis\u00e4lt\u00e4\u00e4:<\/h3>\n<p><a href=\"https:\/\/hotelli03.domainhotelli.fi\/~lsdoecli\/tuote\/kuulosuojainadapterit-kask-plasma\/\">WAC00003- Plasma kuulosuojainadapterit\u00a0<\/a><br \/>\n<a href=\"https:\/\/hotelli03.domainhotelli.fi\/~lsdoecli\/tuote\/kuulosuojaimet-kask-sc2\/\">WHP00005- SC2 kuulosuojaimet keltainen\u00a0<\/a><br \/>\nWVI00005- Plasma Mesh Visor Carrier yl\u00e4kehys varsilla<br \/>\nWVI00006- Plasma Mesh Visor verkkovisiiri<\/p>\n<p>&nbsp;<\/p>\n<h3>Tuotetiedot:<\/h3>\n<ul>\n<li>Kaksi asentoa: Nostettuna kyp\u00e4r\u00e4n p\u00e4\u00e4lle kuljetusasentoon sek\u00e4 laskettuna alas silmien eteen ty\u00f6asentoon.<\/li>\n<li>Kokonaispaino 448 g.<\/li>\n<li>Sertifiointi: CE EN 1731, EN 166 luokka F (=suoja matalaenergisilt\u00e4 mekaanisilta vaaroilta (6 mm 0,86 g metallikuula 45 m\/s)<\/li>\n<li>ANSI Z87.1., CA Z94.3.<\/li>\n<li>Maksimielinik\u00e4 10 vuotta.<\/li>\n<li>Materiaali- ja valmistusvirhetakuu 3 vuotta.<\/li>\n<\/ul>\n<p>Kuulosuojaimia voidaan k\u00e4ytt\u00e4\u00e4 kyp\u00e4r\u00e4ss\u00e4 my\u00f6s ilman metalliverkkovisiiri\u00e4 ja sen lippaa, jos niille ei ole tarvetta. Mik\u00e4li metalliverkkovisiiri\u00e4 ja lippaa halutaan k\u00e4ytt\u00e4\u00e4 kyp\u00e4r\u00e4ss\u00e4 ilman ett\u00e4 kuulosuojaimet ovat paikoillaan, tulee hankkia erikseen Plasma Mesh Visor Carrier kiinnikepari (WAC00008-).<\/p>\n<p>Lis\u00e4tietoja metalliverkkovisiirist\u00e4:<br \/>\nKevyt ja pikairrotettava verkkomallinen kokokasvosuojaimen kasvo-osa Kask Plasma-sarjan ty\u00f6kyp\u00e4riin. Erityisen kuusikulmaisen metalliverkon ansiosta erinomainen valonl\u00e4p\u00e4isykyky (82 &#8211; 86,5 %), joka tarjoaa turvallisuutta ja tehokkuutta ty\u00f6skentelyyn my\u00f6s heikoissa valaistusolosuhteissa, ja suuri lujuus mekaanisilta vaaroilta.<\/p>\n<p>Valtioneuvoston asetus (205\/2009) rakennusty\u00f6n turvallisuudesta, 13 luku 71\u00a7: &#8221;Rakennusty\u00f6maalla on k\u00e4ytett\u00e4v\u00e4 suojakyp\u00e4r\u00e4\u00e4. Tarvittaessa kyp\u00e4r\u00e4 on varustettava alushupulla. Rakennusty\u00f6ss\u00e4 on k\u00e4ytett\u00e4v\u00e4 ty\u00f6n ja ty\u00f6olosuhteiden edellytt\u00e4m\u00e4\u00e4 henkil\u00f6kohtaista silmien suojausta. Ty\u00f6nantajan on annettava ty\u00f6ntekij\u00f6ille k\u00e4ytt\u00f6\u00f6n suojalasit niiss\u00e4 t\u00f6iss\u00e4, joissa on merkitt\u00e4v\u00e4 silm\u00e4tapaturmanvaara.&#8221;<\/p>\n<p>&nbsp;<\/p>\n<p>&nbsp;<\/p>\n<p>Maahantuoja: <a href=\"https:\/\/www.vandernet.com\">Vandernet Oy<\/a><\/p>\n","protected":false},"excerpt":{"rendered":"<p>Varustepakkaus Kask Plasma Combo Kit suojaa silmi\u00e4 ja kasvoja lent\u00e4vilt\u00e4 puulastuilta, silpulta, karkealta p\u00f6lylt\u00e4 ja lent\u00e4vilt\u00e4 metallikappaleilta. Suositeltava valinta esim. metsurik\u00e4ytt\u00f6\u00f6n, arboristeille ja puuteollisuuden eri ty\u00f6teht\u00e4viin. Kaareva muotoilu tarjoaa laajan n\u00e4k\u00f6kent\u00e4n, ja verkko tulee l\u00e4helle kasvoja, joka tekee k\u00e4yt\u00f6st\u00e4 miellytt\u00e4v\u00e4\u00e4. Kiinnitys ja irrotus tapahtuu ty\u00f6kaluvapaasti.<\/p>\n","protected":false},"featured_media":7757,"comment_status":"open","ping_status":"closed","template":"","meta":[],"product_cat":[873],"product_tag":[891],"yoast_head":"<!-- This site is optimized with the Yoast SEO Premium plugin v18.9 (Yoast SEO v19.3) - https:\/\/yoast.com\/wordpress\/plugins\/seo\/ -->\n<title>Varustepakkaus Kask Plasma Combo Kit | JV Tuonti<\/title>\n<meta name=\"description\" content=\"Varustepakkaus Kask Plasma Combo Kit, jossa kaikki tarvittavat osat, joilla saat Kask Plasma-sarjan kyp\u00e4r\u00e4\u00e4n kattavan suojauksen.\" \/>\n<meta name=\"robots\" content=\"index, follow, max-snippet:-1, max-image-preview:large, max-video-preview:-1\" \/>\n<link rel=\"canonical\" href=\"https:\/\/hotelli03.domainhotelli.fi\/~lsdoecli\/tuote\/varustepakkaus-kask-plasma-combo-kit\/\" \/>\n<meta property=\"og:locale\" content=\"fi_FI\" \/>\n<meta property=\"og:type\" content=\"article\" \/>\n<meta property=\"og:title\" content=\"Varustepakkaus Kask Plasma Combo Kit\" \/>\n<meta property=\"og:description\" content=\"Varustepakkaus Kask Plasma Combo Kit, jossa kaikki tarvittavat osat, joilla saat Kask Plasma-sarjan kyp\u00e4r\u00e4\u00e4n kattavan suojauksen.\" \/>\n<meta property=\"og:url\" content=\"https:\/\/hotelli03.domainhotelli.fi\/~lsdoecli\/tuote\/varustepakkaus-kask-plasma-combo-kit\/\" \/>\n<meta property=\"og:site_name\" content=\"JV Tuonti\" \/>\n<meta property=\"article:publisher\" content=\"https:\/\/www.facebook.com\/JVTuontiOy\" \/>\n<meta property=\"og:image\" content=\"https:\/\/hotelli03.domainhotelli.fi\/~lsdoecli\/wp-content\/uploads\/2021\/10\/Varustepakkaus-Kask-Plasma-Combo-Kit.jpg\" \/>\n\t<meta property=\"og:image:width\" content=\"600\" \/>\n\t<meta property=\"og:image:height\" content=\"600\" \/>\n\t<meta property=\"og:image:type\" content=\"image\/jpeg\" \/>\n<meta name=\"twitter:card\" content=\"summary_large_image\" \/>\n<meta name=\"twitter:label1\" content=\"Price\" \/>\n\t<meta name=\"twitter:data1\" content=\"107,43&nbsp;&euro; Alv 24%N\u00e4yt\u00e4 veroton hinta86,64&nbsp;&euro; Alv 0%N\u00e4yt\u00e4 verollinen hinta\" \/>\n\t<meta name=\"twitter:label2\" content=\"Availability\" \/>\n\t<meta name=\"twitter:data2\" content=\"In stock\" \/>\n<script type=\"application\/ld+json\" class=\"yoast-schema-graph\">{\"@context\":\"https:\/\/schema.org\",\"@graph\":[{\"@type\":[\"Organization\",\"Place\",\"WholesaleStore\"],\"@id\":\"https:\/\/hotelli03.domainhotelli.fi\/~lsdoecli\/#organization\",\"name\":\"JV Tuonti Oy\",\"url\":\"https:\/\/hotelli03.domainhotelli.fi\/~lsdoecli\/\",\"sameAs\":[\"https:\/\/instagram.com\/jvtuontioy?utm_medium=copy_link\",\"https:\/\/www.facebook.com\/JVTuontiOy\"],\"logo\":{\"@id\":\"https:\/\/hotelli03.domainhotelli.fi\/~lsdoecli\/tuote\/varustepakkaus-kask-plasma-combo-kit\/#local-main-organization-logo\"},\"image\":{\"@id\":\"https:\/\/hotelli03.domainhotelli.fi\/~lsdoecli\/tuote\/varustepakkaus-kask-plasma-combo-kit\/#local-main-organization-logo\"},\"address\":{\"@id\":\"https:\/\/hotelli03.domainhotelli.fi\/~lsdoecli\/tuote\/varustepakkaus-kask-plasma-combo-kit\/#local-main-place-address\"},\"geo\":{\"@type\":\"GeoCoordinates\",\"latitude\":\"60.28431\",\"longitude\":\"24.81654\"},\"telephone\":[\"0408369980\"],\"openingHoursSpecification\":[{\"@type\":\"OpeningHoursSpecification\",\"dayOfWeek\":[\"Monday\",\"Tuesday\",\"Wednesday\",\"Thursday\",\"Friday\"],\"opens\":\"08:00\",\"closes\":\"16:00\"},{\"@type\":\"OpeningHoursSpecification\",\"dayOfWeek\":[\"Saturday\",\"Sunday\"],\"opens\":\"00:00\",\"closes\":\"00:00\"}],\"email\":\"myynti@hotelli03.domainhotelli.fi\",\"areaServed\":\"Suomi, Ruotsi\",\"vatID\":\"FI30178387\",\"priceRange\":\"$$\",\"currenciesAccepted\":\"\u20ac\",\"paymentAccepted\":\"Lasku, pankkikortti\"},{\"@type\":\"WebSite\",\"@id\":\"https:\/\/hotelli03.domainhotelli.fi\/~lsdoecli\/#website\",\"url\":\"https:\/\/hotelli03.domainhotelli.fi\/~lsdoecli\/\",\"name\":\"JV Tuonti\",\"description\":\"JV Tuonti Oy:n verkkokauppa\",\"publisher\":{\"@id\":\"https:\/\/hotelli03.domainhotelli.fi\/~lsdoecli\/#organization\"},\"potentialAction\":[{\"@type\":\"SearchAction\",\"target\":{\"@type\":\"EntryPoint\",\"urlTemplate\":\"https:\/\/hotelli03.domainhotelli.fi\/~lsdoecli\/?s={search_term_string}\"},\"query-input\":\"required name=search_term_string\"}],\"inLanguage\":\"fi\"},{\"@type\":\"ImageObject\",\"inLanguage\":\"fi\",\"@id\":\"https:\/\/hotelli03.domainhotelli.fi\/~lsdoecli\/tuote\/varustepakkaus-kask-plasma-combo-kit\/#primaryimage\",\"url\":\"https:\/\/hotelli03.domainhotelli.fi\/~lsdoecli\/wp-content\/uploads\/2021\/10\/Varustepakkaus-Kask-Plasma-Combo-Kit.jpg\",\"contentUrl\":\"https:\/\/hotelli03.domainhotelli.fi\/~lsdoecli\/wp-content\/uploads\/2021\/10\/Varustepakkaus-Kask-Plasma-Combo-Kit.jpg\",\"width\":600,\"height\":600,\"caption\":\"Varustepakkaus Kask Plasma Combo Kit\"},{\"@type\":\"WebPage\",\"@id\":\"https:\/\/hotelli03.domainhotelli.fi\/~lsdoecli\/tuote\/varustepakkaus-kask-plasma-combo-kit\/\",\"url\":\"https:\/\/hotelli03.domainhotelli.fi\/~lsdoecli\/tuote\/varustepakkaus-kask-plasma-combo-kit\/\",\"name\":\"Varustepakkaus Kask Plasma Combo Kit | JV Tuonti\",\"isPartOf\":{\"@id\":\"https:\/\/hotelli03.domainhotelli.fi\/~lsdoecli\/#website\"},\"primaryImageOfPage\":{\"@id\":\"https:\/\/hotelli03.domainhotelli.fi\/~lsdoecli\/tuote\/varustepakkaus-kask-plasma-combo-kit\/#primaryimage\"},\"datePublished\":\"2021-10-15T10:00:25+00:00\",\"dateModified\":\"2021-10-15T10:00:25+00:00\",\"description\":\"Varustepakkaus Kask Plasma Combo Kit, jossa kaikki tarvittavat osat, joilla saat Kask Plasma-sarjan kyp\u00e4r\u00e4\u00e4n kattavan suojauksen.\",\"breadcrumb\":{\"@id\":\"https:\/\/hotelli03.domainhotelli.fi\/~lsdoecli\/tuote\/varustepakkaus-kask-plasma-combo-kit\/#breadcrumb\"},\"inLanguage\":\"fi\",\"potentialAction\":[{\"@type\":\"ReadAction\",\"target\":[\"https:\/\/hotelli03.domainhotelli.fi\/~lsdoecli\/tuote\/varustepakkaus-kask-plasma-combo-kit\/\"]}]},{\"@type\":\"BreadcrumbList\",\"@id\":\"https:\/\/hotelli03.domainhotelli.fi\/~lsdoecli\/tuote\/varustepakkaus-kask-plasma-combo-kit\/#breadcrumb\",\"itemListElement\":[{\"@type\":\"ListItem\",\"position\":1,\"name\":\"Etusivu\",\"item\":\"https:\/\/hotelli03.domainhotelli.fi\/~lsdoecli\/\"},{\"@type\":\"ListItem\",\"position\":2,\"name\":\"Kauppa\",\"item\":\"https:\/\/hotelli03.domainhotelli.fi\/~lsdoecli\/kauppa\/\"},{\"@type\":\"ListItem\",\"position\":3,\"name\":\"Varustepakkaus Kask Plasma Combo Kit\"}]},{\"@type\":\"PostalAddress\",\"@id\":\"https:\/\/hotelli03.domainhotelli.fi\/~lsdoecli\/tuote\/varustepakkaus-kask-plasma-combo-kit\/#local-main-place-address\",\"streetAddress\":\"Pyymosantie 5a\",\"addressLocality\":\"Vantaa\",\"postalCode\":\"01720\",\"addressCountry\":\"FI\"},{\"@type\":\"ImageObject\",\"inLanguage\":\"fi\",\"@id\":\"https:\/\/hotelli03.domainhotelli.fi\/~lsdoecli\/tuote\/varustepakkaus-kask-plasma-combo-kit\/#local-main-organization-logo\",\"url\":\"https:\/\/hotelli03.domainhotelli.fi\/~lsdoecli\/wp-content\/uploads\/2021\/08\/JVTuonti_logo_nelio.jpg\",\"contentUrl\":\"https:\/\/hotelli03.domainhotelli.fi\/~lsdoecli\/wp-content\/uploads\/2021\/08\/JVTuonti_logo_nelio.jpg\",\"width\":550,\"height\":550,\"caption\":\"JV Tuonti Oy\"}]}<\/script>\n<meta property=\"product:brand\" content=\"Kask\" \/>\n<meta property=\"product:price:amount\" content=\"107.43\" \/>\n<meta property=\"product:price:currency\" content=\"EUR\" \/>\n<meta property=\"og:availability\" content=\"instock\" \/>\n<meta property=\"product:availability\" content=\"instock\" \/>\n<meta property=\"product:retailer_item_id\" content=\"WKI00001\" \/>\n<meta property=\"product:condition\" content=\"new\" \/>\n<meta name=\"geo.placename\" content=\"Vantaa\" \/>\n<meta name=\"geo.position\" content=\"60.28431;24.81654\" \/>\n<meta name=\"geo.region\" content=\"Suomi\" \/>\n<!-- \/ Yoast SEO Premium plugin. -->","yoast_head_json":{"title":"Varustepakkaus Kask Plasma Combo Kit | JV Tuonti","description":"Varustepakkaus Kask Plasma Combo Kit, jossa kaikki tarvittavat osat, joilla saat Kask Plasma-sarjan kyp\u00e4r\u00e4\u00e4n kattavan suojauksen.","robots":{"index":"index","follow":"follow","max-snippet":"max-snippet:-1","max-image-preview":"max-image-preview:large","max-video-preview":"max-video-preview:-1"},"canonical":"https:\/\/hotelli03.domainhotelli.fi\/~lsdoecli\/tuote\/varustepakkaus-kask-plasma-combo-kit\/","og_locale":"fi_FI","og_type":"article","og_title":"Varustepakkaus Kask Plasma Combo Kit","og_description":"Varustepakkaus Kask Plasma Combo Kit, jossa kaikki tarvittavat osat, joilla saat Kask Plasma-sarjan kyp\u00e4r\u00e4\u00e4n kattavan suojauksen.","og_url":"https:\/\/hotelli03.domainhotelli.fi\/~lsdoecli\/tuote\/varustepakkaus-kask-plasma-combo-kit\/","og_site_name":"JV Tuonti","article_publisher":"https:\/\/www.facebook.com\/JVTuontiOy","og_image":[{"width":600,"height":600,"url":"https:\/\/hotelli03.domainhotelli.fi\/~lsdoecli\/wp-content\/uploads\/2021\/10\/Varustepakkaus-Kask-Plasma-Combo-Kit.jpg","type":"image\/jpeg"}],"twitter_card":"summary_large_image","twitter_misc":{"Price":"107,43&nbsp;&euro; Alv 24%N\u00e4yt\u00e4 veroton hinta86,64&nbsp;&euro; Alv 0%N\u00e4yt\u00e4 verollinen hinta","Availability":"In stock"},"schema":{"@context":"https:\/\/schema.org","@graph":[{"@type":["Organization","Place","WholesaleStore"],"@id":"https:\/\/hotelli03.domainhotelli.fi\/~lsdoecli\/#organization","name":"JV Tuonti Oy","url":"https:\/\/hotelli03.domainhotelli.fi\/~lsdoecli\/","sameAs":["https:\/\/instagram.com\/jvtuontioy?utm_medium=copy_link","https:\/\/www.facebook.com\/JVTuontiOy"],"logo":{"@id":"https:\/\/hotelli03.domainhotelli.fi\/~lsdoecli\/tuote\/varustepakkaus-kask-plasma-combo-kit\/#local-main-organization-logo"},"image":{"@id":"https:\/\/hotelli03.domainhotelli.fi\/~lsdoecli\/tuote\/varustepakkaus-kask-plasma-combo-kit\/#local-main-organization-logo"},"address":{"@id":"https:\/\/hotelli03.domainhotelli.fi\/~lsdoecli\/tuote\/varustepakkaus-kask-plasma-combo-kit\/#local-main-place-address"},"geo":{"@type":"GeoCoordinates","latitude":"60.28431","longitude":"24.81654"},"telephone":["0408369980"],"openingHoursSpecification":[{"@type":"OpeningHoursSpecification","dayOfWeek":["Monday","Tuesday","Wednesday","Thursday","Friday"],"opens":"08:00","closes":"16:00"},{"@type":"OpeningHoursSpecification","dayOfWeek":["Saturday","Sunday"],"opens":"00:00","closes":"00:00"}],"email":"myynti@hotelli03.domainhotelli.fi","areaServed":"Suomi, Ruotsi","vatID":"FI30178387","priceRange":"$$","currenciesAccepted":"\u20ac","paymentAccepted":"Lasku, pankkikortti"},{"@type":"WebSite","@id":"https:\/\/hotelli03.domainhotelli.fi\/~lsdoecli\/#website","url":"https:\/\/hotelli03.domainhotelli.fi\/~lsdoecli\/","name":"JV Tuonti","description":"JV Tuonti Oy:n verkkokauppa","publisher":{"@id":"https:\/\/hotelli03.domainhotelli.fi\/~lsdoecli\/#organization"},"potentialAction":[{"@type":"SearchAction","target":{"@type":"EntryPoint","urlTemplate":"https:\/\/hotelli03.domainhotelli.fi\/~lsdoecli\/?s={search_term_string}"},"query-input":"required name=search_term_string"}],"inLanguage":"fi"},{"@type":"ImageObject","inLanguage":"fi","@id":"https:\/\/hotelli03.domainhotelli.fi\/~lsdoecli\/tuote\/varustepakkaus-kask-plasma-combo-kit\/#primaryimage","url":"https:\/\/hotelli03.domainhotelli.fi\/~lsdoecli\/wp-content\/uploads\/2021\/10\/Varustepakkaus-Kask-Plasma-Combo-Kit.jpg","contentUrl":"https:\/\/hotelli03.domainhotelli.fi\/~lsdoecli\/wp-content\/uploads\/2021\/10\/Varustepakkaus-Kask-Plasma-Combo-Kit.jpg","width":600,"height":600,"caption":"Varustepakkaus Kask Plasma Combo Kit"},{"@type":"WebPage","@id":"https:\/\/hotelli03.domainhotelli.fi\/~lsdoecli\/tuote\/varustepakkaus-kask-plasma-combo-kit\/","url":"https:\/\/hotelli03.domainhotelli.fi\/~lsdoecli\/tuote\/varustepakkaus-kask-plasma-combo-kit\/","name":"Varustepakkaus Kask Plasma Combo Kit | JV Tuonti","isPartOf":{"@id":"https:\/\/hotelli03.domainhotelli.fi\/~lsdoecli\/#website"},"primaryImageOfPage":{"@id":"https:\/\/hotelli03.domainhotelli.fi\/~lsdoecli\/tuote\/varustepakkaus-kask-plasma-combo-kit\/#primaryimage"},"datePublished":"2021-10-15T10:00:25+00:00","dateModified":"2021-10-15T10:00:25+00:00","description":"Varustepakkaus Kask Plasma Combo Kit, jossa kaikki tarvittavat osat, joilla saat Kask Plasma-sarjan kyp\u00e4r\u00e4\u00e4n kattavan suojauksen.","breadcrumb":{"@id":"https:\/\/hotelli03.domainhotelli.fi\/~lsdoecli\/tuote\/varustepakkaus-kask-plasma-combo-kit\/#breadcrumb"},"inLanguage":"fi","potentialAction":[{"@type":"ReadAction","target":["https:\/\/hotelli03.domainhotelli.fi\/~lsdoecli\/tuote\/varustepakkaus-kask-plasma-combo-kit\/"]}]},{"@type":"BreadcrumbList","@id":"https:\/\/hotelli03.domainhotelli.fi\/~lsdoecli\/tuote\/varustepakkaus-kask-plasma-combo-kit\/#breadcrumb","itemListElement":[{"@type":"ListItem","position":1,"name":"Etusivu","item":"https:\/\/hotelli03.domainhotelli.fi\/~lsdoecli\/"},{"@type":"ListItem","position":2,"name":"Kauppa","item":"https:\/\/hotelli03.domainhotelli.fi\/~lsdoecli\/kauppa\/"},{"@type":"ListItem","position":3,"name":"Varustepakkaus Kask Plasma Combo Kit"}]},{"@type":"PostalAddress","@id":"https:\/\/hotelli03.domainhotelli.fi\/~lsdoecli\/tuote\/varustepakkaus-kask-plasma-combo-kit\/#local-main-place-address","streetAddress":"Pyymosantie 5a","addressLocality":"Vantaa","postalCode":"01720","addressCountry":"FI"},{"@type":"ImageObject","inLanguage":"fi","@id":"https:\/\/hotelli03.domainhotelli.fi\/~lsdoecli\/tuote\/varustepakkaus-kask-plasma-combo-kit\/#local-main-organization-logo","url":"https:\/\/hotelli03.domainhotelli.fi\/~lsdoecli\/wp-content\/uploads\/2021\/08\/JVTuonti_logo_nelio.jpg","contentUrl":"https:\/\/hotelli03.domainhotelli.fi\/~lsdoecli\/wp-content\/uploads\/2021\/08\/JVTuonti_logo_nelio.jpg","width":550,"height":550,"caption":"JV Tuonti Oy"}]},"product_brand":"Kask","product_price_amount":"107.43","product_price_currency":"EUR","og_availability":"instock","product_availability":"instock","product_retailer_item_id":"WKI00001","product_condition":"new","geo.placename":"Vantaa","geo.position":{"lat":"60.28431","long":"24.81654"},"geo.region":"Suomi"},"_links":{"self":[{"href":"https:\/\/hotelli03.domainhotelli.fi\/~lsdoecli\/wp-json\/wp\/v2\/product\/7756"}],"collection":[{"href":"https:\/\/hotelli03.domainhotelli.fi\/~lsdoecli\/wp-json\/wp\/v2\/product"}],"about":[{"href":"https:\/\/hotelli03.domainhotelli.fi\/~lsdoecli\/wp-json\/wp\/v2\/types\/product"}],"replies":[{"embeddable":true,"href":"https:\/\/hotelli03.domainhotelli.fi\/~lsdoecli\/wp-json\/wp\/v2\/comments?post=7756"}],"wp:featuredmedia":[{"embeddable":true,"href":"https:\/\/hotelli03.domainhotelli.fi\/~lsdoecli\/wp-json\/wp\/v2\/media\/7757"}],"wp:attachment":[{"href":"https:\/\/hotelli03.domainhotelli.fi\/~lsdoecli\/wp-json\/wp\/v2\/media?parent=7756"}],"wp:term":[{"taxonomy":"product_cat","embeddable":true,"href":"https:\/\/hotelli03.domainhotelli.fi\/~lsdoecli\/wp-json\/wp\/v2\/product_cat?post=7756"},{"taxonomy":"product_tag","embeddable":true,"href":"https:\/\/hotelli03.domainhotelli.fi\/~lsdoecli\/wp-json\/wp\/v2\/product_tag?post=7756"}],"curies":[{"name":"wp","href":"https:\/\/api.w.org\/{rel}","templated":true}]}}