{"id":7748,"date":"2021-10-15T08:11:10","date_gmt":"2021-10-15T08:11:10","guid":{"rendered":"https:\/\/hotelli03.domainhotelli.fi\/~lsdoecli\/?post_type=product&#038;p=7748"},"modified":"2021-10-15T08:11:11","modified_gmt":"2021-10-15T08:11:11","slug":"kyparanalushuppu-kask-winter-cap","status":"publish","type":"product","link":"https:\/\/hotelli03.domainhotelli.fi\/~lsdoecli\/tuote\/kyparanalushuppu-kask-winter-cap\/","title":{"rendered":"Kyp\u00e4r\u00e4nalushuppu Kask Winter Cap"},"content":{"rendered":"<h2>Kyp\u00e4r\u00e4nalushuppu Kask Winter Cap kylmiin ty\u00f6olosuhteisiin.<\/h2>\n<p>Kylmiin ty\u00f6olosuhteisiin suunniteltu p\u00e4\u00e4t\u00e4 ja korvia l\u00e4mmitt\u00e4v\u00e4 sis\u00e4vuori kaikkiin <a href=\"https:\/\/hotelli03.domainhotelli.fi\/~lsdoecli\/tuote-osasto\/paansuojaimet\/suojakyparat\/\">Kask Zenith ja Plasma-sarjojen ty\u00f6kyp\u00e4riin<\/a>.<\/p>\n<h4>Kyp\u00e4r\u00e4nalushuppu Kask Winter Cap tuotteen ominaisuudet:<\/h4>\n<ul>\n<li>Kiinnitet\u00e4\u00e4n suojakyp\u00e4r\u00e4n vakiopehmusteiden tilalle tarranauhapaloihin nopeasti ja ty\u00f6kaluvapaasti.<\/li>\n<li>Tuo k\u00e4ytt\u00f6mukavuutta vaativiin ty\u00f6oloihin niin ulkotiloissa kuin esim. kylm\u00e4varastoissa ty\u00f6skennelt\u00e4ess\u00e4.<\/li>\n<li>Ulkopinta Hydro Oil k\u00e4sitelty, jonka ansiosta kuituihin ei p\u00e4\u00e4se helpolla ulkoiset elementit sis\u00e4\u00e4n, jonka ansiosta pinta hylkii vett\u00e4, likaa ja \u00f6ljyj\u00e4 eritt\u00e4in tehokkaasti j\u00e4tt\u00e4en pinnan mahdollisimman kuivaksi, puhtaaksi, joka erinomaisen k\u00e4ytt\u00f6mukavuuden lis\u00e4ksi v\u00e4hent\u00e4\u00e4 my\u00f6s pesukertojen tarvetta.<\/li>\n<li>Materiaali l\u00e4mp\u00f6\u00e4 erist\u00e4v\u00e4, tuulta hyvin pit\u00e4v\u00e4, lis\u00e4ksi kosteutta tehokkaasti haihduttava Tek Series.<\/li>\n<li>V\u00e4ri: Musta.<\/li>\n<li>Paino 44 g.<\/li>\n<li>Materiaali- ja valmistusvirhetakuu 3 vuotta.<\/li>\n<li>Valmistusmaa Italia.<\/li>\n<li>Maksimielinik\u00e4 rajoittamaton.<\/li>\n<\/ul>\n<p>&nbsp;<\/p>\n<p>Maahantuoja: <a href=\"https:\/\/www.vandernet.com\">Vandernet Oy<\/a><\/p>\n","protected":false},"excerpt":{"rendered":"<p>Kylmiin ty\u00f6olosuhteisiin suunniteltu p\u00e4\u00e4t\u00e4 ja korvia l\u00e4mmitt\u00e4v\u00e4 sis\u00e4vuori kaikkiin Kask Zenith ja Plasma-sarjojen ty\u00f6kyp\u00e4riin.<\/p>\n","protected":false},"featured_media":7752,"comment_status":"open","ping_status":"closed","template":"","meta":[],"product_cat":[873],"product_tag":[890],"yoast_head":"<!-- This site is optimized with the Yoast SEO Premium plugin v18.9 (Yoast SEO v19.3) - https:\/\/yoast.com\/wordpress\/plugins\/seo\/ -->\n<title>Kyp\u00e4r\u00e4nalushuppu Kask Winter Cap | JV Tuonti<\/title>\n<meta name=\"description\" content=\"Kyp\u00e4r\u00e4nalushuppu kylmiin ty\u00f6olosuhteisiin suunniteltu p\u00e4\u00e4t\u00e4 ja korvia l\u00e4mmitt\u00e4v\u00e4 sis\u00e4vuori kaikkiin Kask Zenith ja Plasma-sarjojen kyp\u00e4riin\" \/>\n<meta name=\"robots\" content=\"index, follow, max-snippet:-1, max-image-preview:large, max-video-preview:-1\" \/>\n<link rel=\"canonical\" href=\"https:\/\/hotelli03.domainhotelli.fi\/~lsdoecli\/tuote\/kyparanalushuppu-kask-winter-cap\/\" \/>\n<meta property=\"og:locale\" content=\"fi_FI\" \/>\n<meta property=\"og:type\" content=\"article\" \/>\n<meta property=\"og:title\" content=\"Kyp\u00e4r\u00e4nalushuppu Kask Winter Cap\" \/>\n<meta property=\"og:description\" content=\"Kyp\u00e4r\u00e4nalushuppu kylmiin ty\u00f6olosuhteisiin suunniteltu p\u00e4\u00e4t\u00e4 ja korvia l\u00e4mmitt\u00e4v\u00e4 sis\u00e4vuori kaikkiin Kask Zenith ja Plasma-sarjojen kyp\u00e4riin\" \/>\n<meta property=\"og:url\" content=\"https:\/\/hotelli03.domainhotelli.fi\/~lsdoecli\/tuote\/kyparanalushuppu-kask-winter-cap\/\" \/>\n<meta property=\"og:site_name\" content=\"JV Tuonti\" \/>\n<meta property=\"article:publisher\" content=\"https:\/\/www.facebook.com\/JVTuontiOy\" \/>\n<meta property=\"article:modified_time\" content=\"2021-10-15T08:11:11+00:00\" \/>\n<meta property=\"og:image\" content=\"https:\/\/hotelli03.domainhotelli.fi\/~lsdoecli\/wp-content\/uploads\/2021\/10\/Kyparanalushuppu-Kask-Winter-Cap.jpg\" \/>\n\t<meta property=\"og:image:width\" content=\"600\" \/>\n\t<meta property=\"og:image:height\" content=\"600\" \/>\n\t<meta property=\"og:image:type\" content=\"image\/jpeg\" \/>\n<meta name=\"twitter:card\" content=\"summary_large_image\" \/>\n<meta name=\"twitter:label1\" content=\"Price\" \/>\n\t<meta name=\"twitter:data1\" content=\"42,95&nbsp;&euro; Alv 24%N\u00e4yt\u00e4 veroton hinta34,64&nbsp;&euro; Alv 0%N\u00e4yt\u00e4 verollinen hinta\" \/>\n\t<meta name=\"twitter:label2\" content=\"Availability\" \/>\n\t<meta name=\"twitter:data2\" content=\"In stock\" \/>\n<script type=\"application\/ld+json\" class=\"yoast-schema-graph\">{\"@context\":\"https:\/\/schema.org\",\"@graph\":[{\"@type\":[\"Organization\",\"Place\",\"WholesaleStore\"],\"@id\":\"https:\/\/hotelli03.domainhotelli.fi\/~lsdoecli\/#organization\",\"name\":\"JV Tuonti Oy\",\"url\":\"https:\/\/hotelli03.domainhotelli.fi\/~lsdoecli\/\",\"sameAs\":[\"https:\/\/instagram.com\/jvtuontioy?utm_medium=copy_link\",\"https:\/\/www.facebook.com\/JVTuontiOy\"],\"logo\":{\"@id\":\"https:\/\/hotelli03.domainhotelli.fi\/~lsdoecli\/tuote\/kyparanalushuppu-kask-winter-cap\/#local-main-organization-logo\"},\"image\":{\"@id\":\"https:\/\/hotelli03.domainhotelli.fi\/~lsdoecli\/tuote\/kyparanalushuppu-kask-winter-cap\/#local-main-organization-logo\"},\"address\":{\"@id\":\"https:\/\/hotelli03.domainhotelli.fi\/~lsdoecli\/tuote\/kyparanalushuppu-kask-winter-cap\/#local-main-place-address\"},\"geo\":{\"@type\":\"GeoCoordinates\",\"latitude\":\"60.28431\",\"longitude\":\"24.81654\"},\"telephone\":[\"0408369980\"],\"openingHoursSpecification\":[{\"@type\":\"OpeningHoursSpecification\",\"dayOfWeek\":[\"Monday\",\"Tuesday\",\"Wednesday\",\"Thursday\",\"Friday\"],\"opens\":\"08:00\",\"closes\":\"16:00\"},{\"@type\":\"OpeningHoursSpecification\",\"dayOfWeek\":[\"Saturday\",\"Sunday\"],\"opens\":\"00:00\",\"closes\":\"00:00\"}],\"email\":\"myynti@hotelli03.domainhotelli.fi\",\"areaServed\":\"Suomi, Ruotsi\",\"vatID\":\"FI30178387\",\"priceRange\":\"$$\",\"currenciesAccepted\":\"\u20ac\",\"paymentAccepted\":\"Lasku, pankkikortti\"},{\"@type\":\"WebSite\",\"@id\":\"https:\/\/hotelli03.domainhotelli.fi\/~lsdoecli\/#website\",\"url\":\"https:\/\/hotelli03.domainhotelli.fi\/~lsdoecli\/\",\"name\":\"JV Tuonti\",\"description\":\"JV Tuonti Oy:n verkkokauppa\",\"publisher\":{\"@id\":\"https:\/\/hotelli03.domainhotelli.fi\/~lsdoecli\/#organization\"},\"potentialAction\":[{\"@type\":\"SearchAction\",\"target\":{\"@type\":\"EntryPoint\",\"urlTemplate\":\"https:\/\/hotelli03.domainhotelli.fi\/~lsdoecli\/?s={search_term_string}\"},\"query-input\":\"required name=search_term_string\"}],\"inLanguage\":\"fi\"},{\"@type\":\"ImageObject\",\"inLanguage\":\"fi\",\"@id\":\"https:\/\/hotelli03.domainhotelli.fi\/~lsdoecli\/tuote\/kyparanalushuppu-kask-winter-cap\/#primaryimage\",\"url\":\"https:\/\/hotelli03.domainhotelli.fi\/~lsdoecli\/wp-content\/uploads\/2021\/10\/Kyparanalushuppu-Kask-Winter-Cap.jpg\",\"contentUrl\":\"https:\/\/hotelli03.domainhotelli.fi\/~lsdoecli\/wp-content\/uploads\/2021\/10\/Kyparanalushuppu-Kask-Winter-Cap.jpg\",\"width\":600,\"height\":600,\"caption\":\"Kyp\u00e4r\u00e4nalushuppu Kask Winter Cap\"},{\"@type\":\"WebPage\",\"@id\":\"https:\/\/hotelli03.domainhotelli.fi\/~lsdoecli\/tuote\/kyparanalushuppu-kask-winter-cap\/\",\"url\":\"https:\/\/hotelli03.domainhotelli.fi\/~lsdoecli\/tuote\/kyparanalushuppu-kask-winter-cap\/\",\"name\":\"Kyp\u00e4r\u00e4nalushuppu Kask Winter Cap | JV Tuonti\",\"isPartOf\":{\"@id\":\"https:\/\/hotelli03.domainhotelli.fi\/~lsdoecli\/#website\"},\"primaryImageOfPage\":{\"@id\":\"https:\/\/hotelli03.domainhotelli.fi\/~lsdoecli\/tuote\/kyparanalushuppu-kask-winter-cap\/#primaryimage\"},\"datePublished\":\"2021-10-15T08:11:10+00:00\",\"dateModified\":\"2021-10-15T08:11:11+00:00\",\"description\":\"Kyp\u00e4r\u00e4nalushuppu kylmiin ty\u00f6olosuhteisiin suunniteltu p\u00e4\u00e4t\u00e4 ja korvia l\u00e4mmitt\u00e4v\u00e4 sis\u00e4vuori kaikkiin Kask Zenith ja Plasma-sarjojen kyp\u00e4riin\",\"breadcrumb\":{\"@id\":\"https:\/\/hotelli03.domainhotelli.fi\/~lsdoecli\/tuote\/kyparanalushuppu-kask-winter-cap\/#breadcrumb\"},\"inLanguage\":\"fi\",\"potentialAction\":[{\"@type\":\"ReadAction\",\"target\":[\"https:\/\/hotelli03.domainhotelli.fi\/~lsdoecli\/tuote\/kyparanalushuppu-kask-winter-cap\/\"]}]},{\"@type\":\"BreadcrumbList\",\"@id\":\"https:\/\/hotelli03.domainhotelli.fi\/~lsdoecli\/tuote\/kyparanalushuppu-kask-winter-cap\/#breadcrumb\",\"itemListElement\":[{\"@type\":\"ListItem\",\"position\":1,\"name\":\"Etusivu\",\"item\":\"https:\/\/hotelli03.domainhotelli.fi\/~lsdoecli\/\"},{\"@type\":\"ListItem\",\"position\":2,\"name\":\"Kauppa\",\"item\":\"https:\/\/hotelli03.domainhotelli.fi\/~lsdoecli\/kauppa\/\"},{\"@type\":\"ListItem\",\"position\":3,\"name\":\"Kyp\u00e4r\u00e4nalushuppu Kask Winter Cap\"}]},{\"@type\":\"PostalAddress\",\"@id\":\"https:\/\/hotelli03.domainhotelli.fi\/~lsdoecli\/tuote\/kyparanalushuppu-kask-winter-cap\/#local-main-place-address\",\"streetAddress\":\"Pyymosantie 5a\",\"addressLocality\":\"Vantaa\",\"postalCode\":\"01720\",\"addressCountry\":\"FI\"},{\"@type\":\"ImageObject\",\"inLanguage\":\"fi\",\"@id\":\"https:\/\/hotelli03.domainhotelli.fi\/~lsdoecli\/tuote\/kyparanalushuppu-kask-winter-cap\/#local-main-organization-logo\",\"url\":\"https:\/\/hotelli03.domainhotelli.fi\/~lsdoecli\/wp-content\/uploads\/2021\/08\/JVTuonti_logo_nelio.jpg\",\"contentUrl\":\"https:\/\/hotelli03.domainhotelli.fi\/~lsdoecli\/wp-content\/uploads\/2021\/08\/JVTuonti_logo_nelio.jpg\",\"width\":550,\"height\":550,\"caption\":\"JV Tuonti Oy\"}]}<\/script>\n<meta property=\"product:brand\" content=\"Kask\" \/>\n<meta property=\"product:price:amount\" content=\"42.95\" \/>\n<meta property=\"product:price:currency\" content=\"EUR\" \/>\n<meta property=\"og:availability\" content=\"instock\" \/>\n<meta property=\"product:availability\" content=\"instock\" \/>\n<meta property=\"product:retailer_item_id\" content=\"WPA00007\" \/>\n<meta property=\"product:condition\" content=\"new\" \/>\n<meta name=\"geo.placename\" content=\"Vantaa\" \/>\n<meta name=\"geo.position\" content=\"60.28431;24.81654\" \/>\n<meta name=\"geo.region\" content=\"Suomi\" \/>\n<!-- \/ Yoast SEO Premium plugin. -->","yoast_head_json":{"title":"Kyp\u00e4r\u00e4nalushuppu Kask Winter Cap | JV Tuonti","description":"Kyp\u00e4r\u00e4nalushuppu kylmiin ty\u00f6olosuhteisiin suunniteltu p\u00e4\u00e4t\u00e4 ja korvia l\u00e4mmitt\u00e4v\u00e4 sis\u00e4vuori kaikkiin Kask Zenith ja Plasma-sarjojen kyp\u00e4riin","robots":{"index":"index","follow":"follow","max-snippet":"max-snippet:-1","max-image-preview":"max-image-preview:large","max-video-preview":"max-video-preview:-1"},"canonical":"https:\/\/hotelli03.domainhotelli.fi\/~lsdoecli\/tuote\/kyparanalushuppu-kask-winter-cap\/","og_locale":"fi_FI","og_type":"article","og_title":"Kyp\u00e4r\u00e4nalushuppu Kask Winter Cap","og_description":"Kyp\u00e4r\u00e4nalushuppu kylmiin ty\u00f6olosuhteisiin suunniteltu p\u00e4\u00e4t\u00e4 ja korvia l\u00e4mmitt\u00e4v\u00e4 sis\u00e4vuori kaikkiin Kask Zenith ja Plasma-sarjojen kyp\u00e4riin","og_url":"https:\/\/hotelli03.domainhotelli.fi\/~lsdoecli\/tuote\/kyparanalushuppu-kask-winter-cap\/","og_site_name":"JV Tuonti","article_publisher":"https:\/\/www.facebook.com\/JVTuontiOy","article_modified_time":"2021-10-15T08:11:11+00:00","og_image":[{"width":600,"height":600,"url":"https:\/\/hotelli03.domainhotelli.fi\/~lsdoecli\/wp-content\/uploads\/2021\/10\/Kyparanalushuppu-Kask-Winter-Cap.jpg","type":"image\/jpeg"}],"twitter_card":"summary_large_image","twitter_misc":{"Price":"42,95&nbsp;&euro; Alv 24%N\u00e4yt\u00e4 veroton hinta34,64&nbsp;&euro; Alv 0%N\u00e4yt\u00e4 verollinen hinta","Availability":"In stock"},"schema":{"@context":"https:\/\/schema.org","@graph":[{"@type":["Organization","Place","WholesaleStore"],"@id":"https:\/\/hotelli03.domainhotelli.fi\/~lsdoecli\/#organization","name":"JV Tuonti Oy","url":"https:\/\/hotelli03.domainhotelli.fi\/~lsdoecli\/","sameAs":["https:\/\/instagram.com\/jvtuontioy?utm_medium=copy_link","https:\/\/www.facebook.com\/JVTuontiOy"],"logo":{"@id":"https:\/\/hotelli03.domainhotelli.fi\/~lsdoecli\/tuote\/kyparanalushuppu-kask-winter-cap\/#local-main-organization-logo"},"image":{"@id":"https:\/\/hotelli03.domainhotelli.fi\/~lsdoecli\/tuote\/kyparanalushuppu-kask-winter-cap\/#local-main-organization-logo"},"address":{"@id":"https:\/\/hotelli03.domainhotelli.fi\/~lsdoecli\/tuote\/kyparanalushuppu-kask-winter-cap\/#local-main-place-address"},"geo":{"@type":"GeoCoordinates","latitude":"60.28431","longitude":"24.81654"},"telephone":["0408369980"],"openingHoursSpecification":[{"@type":"OpeningHoursSpecification","dayOfWeek":["Monday","Tuesday","Wednesday","Thursday","Friday"],"opens":"08:00","closes":"16:00"},{"@type":"OpeningHoursSpecification","dayOfWeek":["Saturday","Sunday"],"opens":"00:00","closes":"00:00"}],"email":"myynti@hotelli03.domainhotelli.fi","areaServed":"Suomi, Ruotsi","vatID":"FI30178387","priceRange":"$$","currenciesAccepted":"\u20ac","paymentAccepted":"Lasku, pankkikortti"},{"@type":"WebSite","@id":"https:\/\/hotelli03.domainhotelli.fi\/~lsdoecli\/#website","url":"https:\/\/hotelli03.domainhotelli.fi\/~lsdoecli\/","name":"JV Tuonti","description":"JV Tuonti Oy:n verkkokauppa","publisher":{"@id":"https:\/\/hotelli03.domainhotelli.fi\/~lsdoecli\/#organization"},"potentialAction":[{"@type":"SearchAction","target":{"@type":"EntryPoint","urlTemplate":"https:\/\/hotelli03.domainhotelli.fi\/~lsdoecli\/?s={search_term_string}"},"query-input":"required name=search_term_string"}],"inLanguage":"fi"},{"@type":"ImageObject","inLanguage":"fi","@id":"https:\/\/hotelli03.domainhotelli.fi\/~lsdoecli\/tuote\/kyparanalushuppu-kask-winter-cap\/#primaryimage","url":"https:\/\/hotelli03.domainhotelli.fi\/~lsdoecli\/wp-content\/uploads\/2021\/10\/Kyparanalushuppu-Kask-Winter-Cap.jpg","contentUrl":"https:\/\/hotelli03.domainhotelli.fi\/~lsdoecli\/wp-content\/uploads\/2021\/10\/Kyparanalushuppu-Kask-Winter-Cap.jpg","width":600,"height":600,"caption":"Kyp\u00e4r\u00e4nalushuppu Kask Winter Cap"},{"@type":"WebPage","@id":"https:\/\/hotelli03.domainhotelli.fi\/~lsdoecli\/tuote\/kyparanalushuppu-kask-winter-cap\/","url":"https:\/\/hotelli03.domainhotelli.fi\/~lsdoecli\/tuote\/kyparanalushuppu-kask-winter-cap\/","name":"Kyp\u00e4r\u00e4nalushuppu Kask Winter Cap | JV Tuonti","isPartOf":{"@id":"https:\/\/hotelli03.domainhotelli.fi\/~lsdoecli\/#website"},"primaryImageOfPage":{"@id":"https:\/\/hotelli03.domainhotelli.fi\/~lsdoecli\/tuote\/kyparanalushuppu-kask-winter-cap\/#primaryimage"},"datePublished":"2021-10-15T08:11:10+00:00","dateModified":"2021-10-15T08:11:11+00:00","description":"Kyp\u00e4r\u00e4nalushuppu kylmiin ty\u00f6olosuhteisiin suunniteltu p\u00e4\u00e4t\u00e4 ja korvia l\u00e4mmitt\u00e4v\u00e4 sis\u00e4vuori kaikkiin Kask Zenith ja Plasma-sarjojen kyp\u00e4riin","breadcrumb":{"@id":"https:\/\/hotelli03.domainhotelli.fi\/~lsdoecli\/tuote\/kyparanalushuppu-kask-winter-cap\/#breadcrumb"},"inLanguage":"fi","potentialAction":[{"@type":"ReadAction","target":["https:\/\/hotelli03.domainhotelli.fi\/~lsdoecli\/tuote\/kyparanalushuppu-kask-winter-cap\/"]}]},{"@type":"BreadcrumbList","@id":"https:\/\/hotelli03.domainhotelli.fi\/~lsdoecli\/tuote\/kyparanalushuppu-kask-winter-cap\/#breadcrumb","itemListElement":[{"@type":"ListItem","position":1,"name":"Etusivu","item":"https:\/\/hotelli03.domainhotelli.fi\/~lsdoecli\/"},{"@type":"ListItem","position":2,"name":"Kauppa","item":"https:\/\/hotelli03.domainhotelli.fi\/~lsdoecli\/kauppa\/"},{"@type":"ListItem","position":3,"name":"Kyp\u00e4r\u00e4nalushuppu Kask Winter Cap"}]},{"@type":"PostalAddress","@id":"https:\/\/hotelli03.domainhotelli.fi\/~lsdoecli\/tuote\/kyparanalushuppu-kask-winter-cap\/#local-main-place-address","streetAddress":"Pyymosantie 5a","addressLocality":"Vantaa","postalCode":"01720","addressCountry":"FI"},{"@type":"ImageObject","inLanguage":"fi","@id":"https:\/\/hotelli03.domainhotelli.fi\/~lsdoecli\/tuote\/kyparanalushuppu-kask-winter-cap\/#local-main-organization-logo","url":"https:\/\/hotelli03.domainhotelli.fi\/~lsdoecli\/wp-content\/uploads\/2021\/08\/JVTuonti_logo_nelio.jpg","contentUrl":"https:\/\/hotelli03.domainhotelli.fi\/~lsdoecli\/wp-content\/uploads\/2021\/08\/JVTuonti_logo_nelio.jpg","width":550,"height":550,"caption":"JV Tuonti Oy"}]},"product_brand":"Kask","product_price_amount":"42.95","product_price_currency":"EUR","og_availability":"instock","product_availability":"instock","product_retailer_item_id":"WPA00007","product_condition":"new","geo.placename":"Vantaa","geo.position":{"lat":"60.28431","long":"24.81654"},"geo.region":"Suomi"},"_links":{"self":[{"href":"https:\/\/hotelli03.domainhotelli.fi\/~lsdoecli\/wp-json\/wp\/v2\/product\/7748"}],"collection":[{"href":"https:\/\/hotelli03.domainhotelli.fi\/~lsdoecli\/wp-json\/wp\/v2\/product"}],"about":[{"href":"https:\/\/hotelli03.domainhotelli.fi\/~lsdoecli\/wp-json\/wp\/v2\/types\/product"}],"replies":[{"embeddable":true,"href":"https:\/\/hotelli03.domainhotelli.fi\/~lsdoecli\/wp-json\/wp\/v2\/comments?post=7748"}],"wp:featuredmedia":[{"embeddable":true,"href":"https:\/\/hotelli03.domainhotelli.fi\/~lsdoecli\/wp-json\/wp\/v2\/media\/7752"}],"wp:attachment":[{"href":"https:\/\/hotelli03.domainhotelli.fi\/~lsdoecli\/wp-json\/wp\/v2\/media?parent=7748"}],"wp:term":[{"taxonomy":"product_cat","embeddable":true,"href":"https:\/\/hotelli03.domainhotelli.fi\/~lsdoecli\/wp-json\/wp\/v2\/product_cat?post=7748"},{"taxonomy":"product_tag","embeddable":true,"href":"https:\/\/hotelli03.domainhotelli.fi\/~lsdoecli\/wp-json\/wp\/v2\/product_tag?post=7748"}],"curies":[{"name":"wp","href":"https:\/\/api.w.org\/{rel}","templated":true}]}}