{"id":7719,"date":"2021-10-13T08:25:05","date_gmt":"2021-10-13T08:25:05","guid":{"rendered":"https:\/\/hotelli03.domainhotelli.fi\/~lsdoecli\/?post_type=product&#038;p=7719"},"modified":"2021-10-13T08:25:05","modified_gmt":"2021-10-13T08:25:05","slug":"visiiri-setti-kask-zen-kirkas","status":"publish","type":"product","link":"https:\/\/hotelli03.domainhotelli.fi\/~lsdoecli\/tuote\/visiiri-setti-kask-zen-kirkas\/","title":{"rendered":"Visiiri setti Kask Zen kirkas"},"content":{"rendered":"<h2>Visiiri setti Kask Zen kirkas<\/h2>\n<h4>Toimitus sis\u00e4lt\u00e4\u00e4:<\/h4>\n<ul>\n<li>Kask Zen Visor kirkas silmiensuojain (WVI00003-500)<\/li>\n<li>Zen Visor Adapters EasyClick pikakiinnikepari (WAC00009-) silmiensuojaimelle.<\/li>\n<\/ul>\n<div id='gallery-1' class='gallery galleryid-7719 gallery-columns-1 gallery-size-medium'><figure class='gallery-item'>\n\t\t\t<div class='gallery-icon landscape'>\n\t\t\t\t<a href='https:\/\/hotelli03.domainhotelli.fi\/~lsdoecli\/?attachment_id=7722'><img width=\"300\" height=\"300\" src=\"https:\/\/hotelli03.domainhotelli.fi\/~lsdoecli\/wp-content\/uploads\/2021\/10\/Visiiri-setti-Kask-Zen-kirkas-asennus-300x300.jpg\" class=\"attachment-medium size-medium\" alt=\"Visiiri setti Kask Zen kirkas\" loading=\"lazy\" \/><\/a>\n\t\t\t<\/div><\/figure>\n\t\t<\/div>\n\n<p><strong>Soveltuu kaikille <a href=\"https:\/\/hotelli03.domainhotelli.fi\/~lsdoecli\/tuote-osasto\/paansuojaimet\/suojakyparat\/\">Kask Zenith X ja Zenith -sarjojen suojakyp\u00e4rille.\u00a0<\/a><\/strong><\/p>\n<h4>Tuotetiedot:<\/h4>\n<ul>\n<li>T\u00e4ytt\u00e4\u00e4 CE EN 166 luokka 1 2C-1,2 BT N, EN 170 ja ANSI Z87.1 standardien vaatimukset<\/li>\n<li>Sis\u00e4puolella luokka N huurtumisenestopinnoite.<\/li>\n<li>Ulkopuolella naarmuuntumista ehk\u00e4isev\u00e4 pinnoite.<\/li>\n<li>Optinen luokka 1: Soveltuu my\u00f6s pitk\u00e4kestoiseen yht\u00e4jaksoiseen k\u00e4ytt\u00f6\u00f6n.<\/li>\n<li>Suojaa silmi\u00e4 haitalliselta UV-s\u00e4teilylt\u00e4 haittaamatta v\u00e4rierottelukyky\u00e4, keskienergisilt\u00e4 mekaanisilta vaaroilta (6mm, 0.86 g metallikuula 120 m\/s), my\u00f6s \u00e4\u00e4rimm\u00e4isiss\u00e4 l\u00e4mp\u00f6tiloissa.<\/li>\n<li>Kaksi asentoa: Nostettuna kyp\u00e4r\u00e4n p\u00e4\u00e4lle kuljetusasentoon sek\u00e4 laskettuna alas silmien eteen ty\u00f6asentoon. Yl\u00e4reunassa kumireunus ehk\u00e4isee vesipisaroiden valumista kasvoille, ja alareunuksen py\u00f6re\u00e4 viimeistely tekee k\u00e4yt\u00f6st\u00e4 miellytt\u00e4v\u00e4\u00e4 ja ihoturvallista.<\/li>\n<li>Paino: Visiiri 80 g, pikakiinnikkeet 22 g = 102 g.<\/li>\n<li>Materiaali: Polykarbonaatti.<\/li>\n<li>Maksimielinik\u00e4 10 vuotta.<\/li>\n<li>Materiaali- ja valmistusvirhetakuu 3 vuotta.<\/li>\n<li>Valmistusmaa Italia.<\/li>\n<\/ul>\n<p>&nbsp;<\/p>\n<p>Panoraaman\u00e4kym\u00e4n tarjoava optisesti eritt\u00e4in korkealuokkainen Zen Visor on suunniteltu k\u00e4ytett\u00e4v\u00e4ksi my\u00f6s omien silm\u00e4lasien p\u00e4\u00e4ll\u00e4. EasyClick -kiinnitys tekee visiirin kiinnitt\u00e4misest\u00e4 ja irrottamisesta ty\u00f6kaluvapaata, helppoa ja nopeaa, jolloin kyp\u00e4r\u00e4\u00e4n voidaan vaihtaa aina kuhunkin ty\u00f6teht\u00e4v\u00e4\u00e4n parhaiten soveltuva silmien- ja kasvojensuojain, ja saadaan my\u00f6s minimoitua p\u00e4\u00e4nsuojauskokonaisuuden paino niit\u00e4 ty\u00f6tilanteita varten miss\u00e4 kyp\u00e4r\u00e4\u00e4n integroitua silmiensuojainta ei tarvita.<\/p>\n<h4>Yhteensopivat Kask kyp\u00e4r\u00e4t:<\/h4>\n<p>Tuotannossa olevat mallit:<br \/>\nZenith X<br \/>\nZenith X HI VIZ<br \/>\nZenith X Air<br \/>\nZenith X Air HI VIZ<br \/>\nZenith X PL<br \/>\nZenith X PL HI VIZ<\/p>\n<p>Aiemmat mallit:<br \/>\nZenith<br \/>\nZenith HI VIZ<br \/>\nZenith Air<br \/>\nZenith Air HI VIZ<br \/>\nZenith XL<br \/>\nZenith XL HI VIZ<br \/>\nZenith XL Air<br \/>\nZenith XL Air HI VIZ<br \/>\nZenith PL<br \/>\nZenith PL HI VIZ<\/p>\n<p>Valtioneuvoston asetus (205\/2009) rakennusty\u00f6n turvallisuudesta, 13 luku 71\u00a7: &#8221;Rakennusty\u00f6maalla on k\u00e4ytett\u00e4v\u00e4 suojakyp\u00e4r\u00e4\u00e4. Tarvittaessa kyp\u00e4r\u00e4 on varustettava alushupulla. Rakennusty\u00f6ss\u00e4 on k\u00e4ytett\u00e4v\u00e4 ty\u00f6n ja ty\u00f6olosuhteiden edellytt\u00e4m\u00e4\u00e4 henkil\u00f6kohtaista silmien suojausta. Ty\u00f6nantajan on annettava ty\u00f6ntekij\u00f6ille k\u00e4ytt\u00f6\u00f6n suojalasit niiss\u00e4 t\u00f6iss\u00e4, joissa on merkitt\u00e4v\u00e4 silm\u00e4tapaturmanvaara.&#8221;<\/p>\n<p>HUOM: Naarmuuntuneen visiirin tilalle voidaan hankkia pelkk\u00e4 visiiriosa (WVI00007-500) erikseen, ilman tarvetta hankkia uusia pikakiinnikkeit\u00e4.<\/p>\n","protected":false},"excerpt":{"rendered":"<h3>Visiiri setti Kask Zen kirkas<\/h3>\n<p>Optisesti eritt\u00e4in korkealuokkainen Zen Visor on suunniteltu k\u00e4ytett\u00e4v\u00e4ksi my\u00f6s omien silm\u00e4lasien p\u00e4\u00e4ll\u00e4. EasyClick -kiinnitys tekee visiirin kiinnitt\u00e4misest\u00e4 ja irrottamisesta ty\u00f6kaluvapaata, helppoa ja nopeaa.<\/p>\n<h4>Toimitus sis\u00e4lt\u00e4\u00e4:<\/h4>\n<ul>\n<li>Kask Zen Visor kirkas silmiensuojain (WVI00003-500)<\/li>\n<li>Zen Visor Adapters EasyClick pikakiinnikepari (WAC00009-) silmiensuojaimelle.<\/li>\n<\/ul>\n","protected":false},"featured_media":7720,"comment_status":"open","ping_status":"closed","template":"","meta":[],"product_cat":[873],"product_tag":[889,888,804,887,886],"yoast_head":"<!-- This site is optimized with the Yoast SEO Premium plugin v18.9 (Yoast SEO v19.3) - https:\/\/yoast.com\/wordpress\/plugins\/seo\/ -->\n<title>Visiiri setti Kask Zen kirkas | JV Tuonti<\/title>\n<meta name=\"description\" content=\"Visiiri setti Kask Zen kirkas on t\u00e4ysin valmis setti Kask Zenith X ja Zenith -sarjojen suojakyp\u00e4rille.\u00a0Tilaa helposti verkkokaupastamme.\" \/>\n<meta name=\"robots\" content=\"index, follow, max-snippet:-1, max-image-preview:large, max-video-preview:-1\" \/>\n<link rel=\"canonical\" href=\"https:\/\/hotelli03.domainhotelli.fi\/~lsdoecli\/tuote\/visiiri-setti-kask-zen-kirkas\/\" \/>\n<meta property=\"og:locale\" content=\"fi_FI\" \/>\n<meta property=\"og:type\" content=\"article\" \/>\n<meta property=\"og:title\" content=\"Visiiri setti Kask Zen kirkas\" \/>\n<meta property=\"og:description\" content=\"Visiiri setti Kask Zen kirkas on t\u00e4ysin valmis setti Kask Zenith X ja Zenith -sarjojen suojakyp\u00e4rille.\u00a0Tilaa helposti verkkokaupastamme.\" \/>\n<meta property=\"og:url\" content=\"https:\/\/hotelli03.domainhotelli.fi\/~lsdoecli\/tuote\/visiiri-setti-kask-zen-kirkas\/\" \/>\n<meta property=\"og:site_name\" content=\"JV Tuonti\" \/>\n<meta property=\"article:publisher\" content=\"https:\/\/www.facebook.com\/JVTuontiOy\" \/>\n<meta property=\"og:image\" content=\"https:\/\/hotelli03.domainhotelli.fi\/~lsdoecli\/wp-content\/uploads\/2021\/10\/Visiiri-setti-Kask-Zen-kirkas.jpg\" \/>\n\t<meta property=\"og:image:width\" content=\"600\" \/>\n\t<meta property=\"og:image:height\" content=\"600\" \/>\n\t<meta property=\"og:image:type\" content=\"image\/jpeg\" \/>\n<meta name=\"twitter:card\" content=\"summary_large_image\" \/>\n<meta name=\"twitter:label1\" content=\"Price\" \/>\n\t<meta name=\"twitter:data1\" content=\"64,95&nbsp;&euro; Alv 24%N\u00e4yt\u00e4 veroton hinta52,38&nbsp;&euro; Alv 0%N\u00e4yt\u00e4 verollinen hinta\" \/>\n\t<meta name=\"twitter:label2\" content=\"Availability\" \/>\n\t<meta name=\"twitter:data2\" content=\"In stock\" \/>\n<script type=\"application\/ld+json\" class=\"yoast-schema-graph\">{\"@context\":\"https:\/\/schema.org\",\"@graph\":[{\"@type\":[\"Organization\",\"Place\",\"WholesaleStore\"],\"@id\":\"https:\/\/hotelli03.domainhotelli.fi\/~lsdoecli\/#organization\",\"name\":\"JV Tuonti Oy\",\"url\":\"https:\/\/hotelli03.domainhotelli.fi\/~lsdoecli\/\",\"sameAs\":[\"https:\/\/instagram.com\/jvtuontioy?utm_medium=copy_link\",\"https:\/\/www.facebook.com\/JVTuontiOy\"],\"logo\":{\"@id\":\"https:\/\/hotelli03.domainhotelli.fi\/~lsdoecli\/tuote\/visiiri-setti-kask-zen-kirkas\/#local-main-organization-logo\"},\"image\":{\"@id\":\"https:\/\/hotelli03.domainhotelli.fi\/~lsdoecli\/tuote\/visiiri-setti-kask-zen-kirkas\/#local-main-organization-logo\"},\"address\":{\"@id\":\"https:\/\/hotelli03.domainhotelli.fi\/~lsdoecli\/tuote\/visiiri-setti-kask-zen-kirkas\/#local-main-place-address\"},\"geo\":{\"@type\":\"GeoCoordinates\",\"latitude\":\"60.28431\",\"longitude\":\"24.81654\"},\"telephone\":[\"0408369980\"],\"openingHoursSpecification\":[{\"@type\":\"OpeningHoursSpecification\",\"dayOfWeek\":[\"Monday\",\"Tuesday\",\"Wednesday\",\"Thursday\",\"Friday\"],\"opens\":\"08:00\",\"closes\":\"16:00\"},{\"@type\":\"OpeningHoursSpecification\",\"dayOfWeek\":[\"Saturday\",\"Sunday\"],\"opens\":\"00:00\",\"closes\":\"00:00\"}],\"email\":\"myynti@hotelli03.domainhotelli.fi\",\"areaServed\":\"Suomi, Ruotsi\",\"vatID\":\"FI30178387\",\"priceRange\":\"$$\",\"currenciesAccepted\":\"\u20ac\",\"paymentAccepted\":\"Lasku, pankkikortti\"},{\"@type\":\"WebSite\",\"@id\":\"https:\/\/hotelli03.domainhotelli.fi\/~lsdoecli\/#website\",\"url\":\"https:\/\/hotelli03.domainhotelli.fi\/~lsdoecli\/\",\"name\":\"JV Tuonti\",\"description\":\"JV Tuonti Oy:n verkkokauppa\",\"publisher\":{\"@id\":\"https:\/\/hotelli03.domainhotelli.fi\/~lsdoecli\/#organization\"},\"potentialAction\":[{\"@type\":\"SearchAction\",\"target\":{\"@type\":\"EntryPoint\",\"urlTemplate\":\"https:\/\/hotelli03.domainhotelli.fi\/~lsdoecli\/?s={search_term_string}\"},\"query-input\":\"required name=search_term_string\"}],\"inLanguage\":\"fi\"},{\"@type\":\"ImageObject\",\"inLanguage\":\"fi\",\"@id\":\"https:\/\/hotelli03.domainhotelli.fi\/~lsdoecli\/tuote\/visiiri-setti-kask-zen-kirkas\/#primaryimage\",\"url\":\"https:\/\/hotelli03.domainhotelli.fi\/~lsdoecli\/wp-content\/uploads\/2021\/10\/Visiiri-setti-Kask-Zen-kirkas.jpg\",\"contentUrl\":\"https:\/\/hotelli03.domainhotelli.fi\/~lsdoecli\/wp-content\/uploads\/2021\/10\/Visiiri-setti-Kask-Zen-kirkas.jpg\",\"width\":600,\"height\":600,\"caption\":\"Visiiri setti Kask Zen kirkas\"},{\"@type\":\"WebPage\",\"@id\":\"https:\/\/hotelli03.domainhotelli.fi\/~lsdoecli\/tuote\/visiiri-setti-kask-zen-kirkas\/\",\"url\":\"https:\/\/hotelli03.domainhotelli.fi\/~lsdoecli\/tuote\/visiiri-setti-kask-zen-kirkas\/\",\"name\":\"Visiiri setti Kask Zen kirkas | JV Tuonti\",\"isPartOf\":{\"@id\":\"https:\/\/hotelli03.domainhotelli.fi\/~lsdoecli\/#website\"},\"primaryImageOfPage\":{\"@id\":\"https:\/\/hotelli03.domainhotelli.fi\/~lsdoecli\/tuote\/visiiri-setti-kask-zen-kirkas\/#primaryimage\"},\"datePublished\":\"2021-10-13T08:25:05+00:00\",\"dateModified\":\"2021-10-13T08:25:05+00:00\",\"description\":\"Visiiri setti Kask Zen kirkas on t\u00e4ysin valmis setti Kask Zenith X ja Zenith -sarjojen suojakyp\u00e4rille.\u00a0Tilaa helposti verkkokaupastamme.\",\"breadcrumb\":{\"@id\":\"https:\/\/hotelli03.domainhotelli.fi\/~lsdoecli\/tuote\/visiiri-setti-kask-zen-kirkas\/#breadcrumb\"},\"inLanguage\":\"fi\",\"potentialAction\":[{\"@type\":\"ReadAction\",\"target\":[\"https:\/\/hotelli03.domainhotelli.fi\/~lsdoecli\/tuote\/visiiri-setti-kask-zen-kirkas\/\"]}]},{\"@type\":\"BreadcrumbList\",\"@id\":\"https:\/\/hotelli03.domainhotelli.fi\/~lsdoecli\/tuote\/visiiri-setti-kask-zen-kirkas\/#breadcrumb\",\"itemListElement\":[{\"@type\":\"ListItem\",\"position\":1,\"name\":\"Etusivu\",\"item\":\"https:\/\/hotelli03.domainhotelli.fi\/~lsdoecli\/\"},{\"@type\":\"ListItem\",\"position\":2,\"name\":\"Kauppa\",\"item\":\"https:\/\/hotelli03.domainhotelli.fi\/~lsdoecli\/kauppa\/\"},{\"@type\":\"ListItem\",\"position\":3,\"name\":\"Visiiri setti Kask Zen kirkas\"}]},{\"@type\":\"PostalAddress\",\"@id\":\"https:\/\/hotelli03.domainhotelli.fi\/~lsdoecli\/tuote\/visiiri-setti-kask-zen-kirkas\/#local-main-place-address\",\"streetAddress\":\"Pyymosantie 5a\",\"addressLocality\":\"Vantaa\",\"postalCode\":\"01720\",\"addressCountry\":\"FI\"},{\"@type\":\"ImageObject\",\"inLanguage\":\"fi\",\"@id\":\"https:\/\/hotelli03.domainhotelli.fi\/~lsdoecli\/tuote\/visiiri-setti-kask-zen-kirkas\/#local-main-organization-logo\",\"url\":\"https:\/\/hotelli03.domainhotelli.fi\/~lsdoecli\/wp-content\/uploads\/2021\/08\/JVTuonti_logo_nelio.jpg\",\"contentUrl\":\"https:\/\/hotelli03.domainhotelli.fi\/~lsdoecli\/wp-content\/uploads\/2021\/08\/JVTuonti_logo_nelio.jpg\",\"width\":550,\"height\":550,\"caption\":\"JV Tuonti Oy\"}]}<\/script>\n<meta property=\"product:brand\" content=\"Kask\" \/>\n<meta property=\"product:price:amount\" content=\"64.95\" \/>\n<meta property=\"product:price:currency\" content=\"EUR\" \/>\n<meta property=\"og:availability\" content=\"instock\" \/>\n<meta property=\"product:availability\" content=\"instock\" \/>\n<meta property=\"product:retailer_item_id\" content=\"WKI00002\" \/>\n<meta property=\"product:condition\" content=\"new\" \/>\n<meta name=\"geo.placename\" content=\"Vantaa\" \/>\n<meta name=\"geo.position\" content=\"60.28431;24.81654\" \/>\n<meta name=\"geo.region\" content=\"Suomi\" \/>\n<!-- \/ Yoast SEO Premium plugin. -->","yoast_head_json":{"title":"Visiiri setti Kask Zen kirkas | JV Tuonti","description":"Visiiri setti Kask Zen kirkas on t\u00e4ysin valmis setti Kask Zenith X ja Zenith -sarjojen suojakyp\u00e4rille.\u00a0Tilaa helposti verkkokaupastamme.","robots":{"index":"index","follow":"follow","max-snippet":"max-snippet:-1","max-image-preview":"max-image-preview:large","max-video-preview":"max-video-preview:-1"},"canonical":"https:\/\/hotelli03.domainhotelli.fi\/~lsdoecli\/tuote\/visiiri-setti-kask-zen-kirkas\/","og_locale":"fi_FI","og_type":"article","og_title":"Visiiri setti Kask Zen kirkas","og_description":"Visiiri setti Kask Zen kirkas on t\u00e4ysin valmis setti Kask Zenith X ja Zenith -sarjojen suojakyp\u00e4rille.\u00a0Tilaa helposti verkkokaupastamme.","og_url":"https:\/\/hotelli03.domainhotelli.fi\/~lsdoecli\/tuote\/visiiri-setti-kask-zen-kirkas\/","og_site_name":"JV Tuonti","article_publisher":"https:\/\/www.facebook.com\/JVTuontiOy","og_image":[{"width":600,"height":600,"url":"https:\/\/hotelli03.domainhotelli.fi\/~lsdoecli\/wp-content\/uploads\/2021\/10\/Visiiri-setti-Kask-Zen-kirkas.jpg","type":"image\/jpeg"}],"twitter_card":"summary_large_image","twitter_misc":{"Price":"64,95&nbsp;&euro; Alv 24%N\u00e4yt\u00e4 veroton hinta52,38&nbsp;&euro; Alv 0%N\u00e4yt\u00e4 verollinen hinta","Availability":"In stock"},"schema":{"@context":"https:\/\/schema.org","@graph":[{"@type":["Organization","Place","WholesaleStore"],"@id":"https:\/\/hotelli03.domainhotelli.fi\/~lsdoecli\/#organization","name":"JV Tuonti Oy","url":"https:\/\/hotelli03.domainhotelli.fi\/~lsdoecli\/","sameAs":["https:\/\/instagram.com\/jvtuontioy?utm_medium=copy_link","https:\/\/www.facebook.com\/JVTuontiOy"],"logo":{"@id":"https:\/\/hotelli03.domainhotelli.fi\/~lsdoecli\/tuote\/visiiri-setti-kask-zen-kirkas\/#local-main-organization-logo"},"image":{"@id":"https:\/\/hotelli03.domainhotelli.fi\/~lsdoecli\/tuote\/visiiri-setti-kask-zen-kirkas\/#local-main-organization-logo"},"address":{"@id":"https:\/\/hotelli03.domainhotelli.fi\/~lsdoecli\/tuote\/visiiri-setti-kask-zen-kirkas\/#local-main-place-address"},"geo":{"@type":"GeoCoordinates","latitude":"60.28431","longitude":"24.81654"},"telephone":["0408369980"],"openingHoursSpecification":[{"@type":"OpeningHoursSpecification","dayOfWeek":["Monday","Tuesday","Wednesday","Thursday","Friday"],"opens":"08:00","closes":"16:00"},{"@type":"OpeningHoursSpecification","dayOfWeek":["Saturday","Sunday"],"opens":"00:00","closes":"00:00"}],"email":"myynti@hotelli03.domainhotelli.fi","areaServed":"Suomi, Ruotsi","vatID":"FI30178387","priceRange":"$$","currenciesAccepted":"\u20ac","paymentAccepted":"Lasku, pankkikortti"},{"@type":"WebSite","@id":"https:\/\/hotelli03.domainhotelli.fi\/~lsdoecli\/#website","url":"https:\/\/hotelli03.domainhotelli.fi\/~lsdoecli\/","name":"JV Tuonti","description":"JV Tuonti Oy:n verkkokauppa","publisher":{"@id":"https:\/\/hotelli03.domainhotelli.fi\/~lsdoecli\/#organization"},"potentialAction":[{"@type":"SearchAction","target":{"@type":"EntryPoint","urlTemplate":"https:\/\/hotelli03.domainhotelli.fi\/~lsdoecli\/?s={search_term_string}"},"query-input":"required name=search_term_string"}],"inLanguage":"fi"},{"@type":"ImageObject","inLanguage":"fi","@id":"https:\/\/hotelli03.domainhotelli.fi\/~lsdoecli\/tuote\/visiiri-setti-kask-zen-kirkas\/#primaryimage","url":"https:\/\/hotelli03.domainhotelli.fi\/~lsdoecli\/wp-content\/uploads\/2021\/10\/Visiiri-setti-Kask-Zen-kirkas.jpg","contentUrl":"https:\/\/hotelli03.domainhotelli.fi\/~lsdoecli\/wp-content\/uploads\/2021\/10\/Visiiri-setti-Kask-Zen-kirkas.jpg","width":600,"height":600,"caption":"Visiiri setti Kask Zen kirkas"},{"@type":"WebPage","@id":"https:\/\/hotelli03.domainhotelli.fi\/~lsdoecli\/tuote\/visiiri-setti-kask-zen-kirkas\/","url":"https:\/\/hotelli03.domainhotelli.fi\/~lsdoecli\/tuote\/visiiri-setti-kask-zen-kirkas\/","name":"Visiiri setti Kask Zen kirkas | JV Tuonti","isPartOf":{"@id":"https:\/\/hotelli03.domainhotelli.fi\/~lsdoecli\/#website"},"primaryImageOfPage":{"@id":"https:\/\/hotelli03.domainhotelli.fi\/~lsdoecli\/tuote\/visiiri-setti-kask-zen-kirkas\/#primaryimage"},"datePublished":"2021-10-13T08:25:05+00:00","dateModified":"2021-10-13T08:25:05+00:00","description":"Visiiri setti Kask Zen kirkas on t\u00e4ysin valmis setti Kask Zenith X ja Zenith -sarjojen suojakyp\u00e4rille.\u00a0Tilaa helposti verkkokaupastamme.","breadcrumb":{"@id":"https:\/\/hotelli03.domainhotelli.fi\/~lsdoecli\/tuote\/visiiri-setti-kask-zen-kirkas\/#breadcrumb"},"inLanguage":"fi","potentialAction":[{"@type":"ReadAction","target":["https:\/\/hotelli03.domainhotelli.fi\/~lsdoecli\/tuote\/visiiri-setti-kask-zen-kirkas\/"]}]},{"@type":"BreadcrumbList","@id":"https:\/\/hotelli03.domainhotelli.fi\/~lsdoecli\/tuote\/visiiri-setti-kask-zen-kirkas\/#breadcrumb","itemListElement":[{"@type":"ListItem","position":1,"name":"Etusivu","item":"https:\/\/hotelli03.domainhotelli.fi\/~lsdoecli\/"},{"@type":"ListItem","position":2,"name":"Kauppa","item":"https:\/\/hotelli03.domainhotelli.fi\/~lsdoecli\/kauppa\/"},{"@type":"ListItem","position":3,"name":"Visiiri setti Kask Zen kirkas"}]},{"@type":"PostalAddress","@id":"https:\/\/hotelli03.domainhotelli.fi\/~lsdoecli\/tuote\/visiiri-setti-kask-zen-kirkas\/#local-main-place-address","streetAddress":"Pyymosantie 5a","addressLocality":"Vantaa","postalCode":"01720","addressCountry":"FI"},{"@type":"ImageObject","inLanguage":"fi","@id":"https:\/\/hotelli03.domainhotelli.fi\/~lsdoecli\/tuote\/visiiri-setti-kask-zen-kirkas\/#local-main-organization-logo","url":"https:\/\/hotelli03.domainhotelli.fi\/~lsdoecli\/wp-content\/uploads\/2021\/08\/JVTuonti_logo_nelio.jpg","contentUrl":"https:\/\/hotelli03.domainhotelli.fi\/~lsdoecli\/wp-content\/uploads\/2021\/08\/JVTuonti_logo_nelio.jpg","width":550,"height":550,"caption":"JV Tuonti Oy"}]},"product_brand":"Kask","product_price_amount":"64.95","product_price_currency":"EUR","og_availability":"instock","product_availability":"instock","product_retailer_item_id":"WKI00002","product_condition":"new","geo.placename":"Vantaa","geo.position":{"lat":"60.28431","long":"24.81654"},"geo.region":"Suomi"},"_links":{"self":[{"href":"https:\/\/hotelli03.domainhotelli.fi\/~lsdoecli\/wp-json\/wp\/v2\/product\/7719"}],"collection":[{"href":"https:\/\/hotelli03.domainhotelli.fi\/~lsdoecli\/wp-json\/wp\/v2\/product"}],"about":[{"href":"https:\/\/hotelli03.domainhotelli.fi\/~lsdoecli\/wp-json\/wp\/v2\/types\/product"}],"replies":[{"embeddable":true,"href":"https:\/\/hotelli03.domainhotelli.fi\/~lsdoecli\/wp-json\/wp\/v2\/comments?post=7719"}],"wp:featuredmedia":[{"embeddable":true,"href":"https:\/\/hotelli03.domainhotelli.fi\/~lsdoecli\/wp-json\/wp\/v2\/media\/7720"}],"wp:attachment":[{"href":"https:\/\/hotelli03.domainhotelli.fi\/~lsdoecli\/wp-json\/wp\/v2\/media?parent=7719"}],"wp:term":[{"taxonomy":"product_cat","embeddable":true,"href":"https:\/\/hotelli03.domainhotelli.fi\/~lsdoecli\/wp-json\/wp\/v2\/product_cat?post=7719"},{"taxonomy":"product_tag","embeddable":true,"href":"https:\/\/hotelli03.domainhotelli.fi\/~lsdoecli\/wp-json\/wp\/v2\/product_tag?post=7719"}],"curies":[{"name":"wp","href":"https:\/\/api.w.org\/{rel}","templated":true}]}}