{"id":7654,"date":"2021-10-11T11:43:42","date_gmt":"2021-10-11T11:43:42","guid":{"rendered":"https:\/\/hotelli03.domainhotelli.fi\/~lsdoecli\/?post_type=product&#038;p=7654"},"modified":"2021-10-11T12:54:07","modified_gmt":"2021-10-11T12:54:07","slug":"suojakypara-kask-superplasma-pl","status":"publish","type":"product","link":"https:\/\/hotelli03.domainhotelli.fi\/~lsdoecli\/tuote\/suojakypara-kask-superplasma-pl\/","title":{"rendered":"Suojakyp\u00e4r\u00e4 Kask Superplasma PL"},"content":{"rendered":"<h2>Suojakyp\u00e4r\u00e4 Kask Superplasma PL on suunniteltu putoamisvaarallisilla alueilla ty\u00f6skentelyyn sek\u00e4 muihin teht\u00e4viin teollisuuteen, rakennusalalle, pelastusk\u00e4ytt\u00f6\u00f6n ja lumenpudotukseen. Hyvin tuuletettu 4-pistekiinnityksell\u00e4 varustettu erinomainen ty\u00f6kyp\u00e4r\u00e4, joka painaa vain 420g.<\/h2>\n<ul>\n<li>Kevyt, ergonominen ja mukava p\u00e4\u00e4ss\u00e4.<\/li>\n<li>Koko: 51-62cm<\/li>\n<li>Helppo s\u00e4\u00e4t\u00f6py\u00f6r\u00e4<\/li>\n<li>Pehmusteet teknist\u00e4 2DRY materiaalia<\/li>\n<li>Ulkokuoren materiaali: Polyproplyleeni<\/li>\n<li>Sis\u00e4 materiaali: HD Polystreeni<\/li>\n<li>AirGrid verkko tuuletusaukoissa<\/li>\n<li>Sertifiointi: CE EN 12492<\/li>\n<li>Materiaali- ja valmistusvirhetakuu 3 vuotta<\/li>\n<li>Valmistusmaa: Italia<\/li>\n<\/ul>\n<p>Kyp\u00e4r\u00e4n pehmusteet ovat tehokkaasti kosteutta siirt\u00e4v\u00e4\u00e4 2DRY materiaalia, jonka avulla kyp\u00e4r\u00e4 on mukava pit\u00e4\u00e4 p\u00e4\u00e4ss\u00e4 koko ty\u00f6p\u00e4iv\u00e4n ajan. K\u00e4ytt\u00f6mukavuutta lis\u00e4\u00e4 helppo hanskatkin k\u00e4dess\u00e4 toimiva s\u00e4\u00e4t\u00f6py\u00f6r\u00e4, sis\u00e4osan kennorakenne sallii kennon ja kuoren v\u00e4liss\u00e4 ilmakanavat sek\u00e4 paremman iskunvaimennusominaisuudet. Kyp\u00e4r\u00e4ss\u00e4 ei my\u00f6sk\u00e4\u00e4n ole t\u00f6it\u00e4 h\u00e4iritsev\u00e4\u00e4 lippaa.<\/p>\n<p>Suojakyp\u00e4r\u00e4n 4-pistehihnat pit\u00e4v\u00e4t kyp\u00e4r\u00e4n p\u00e4\u00e4ss\u00e4 tiukassakin paikassa. Hihna on my\u00f6s varustettu lenkill\u00e4, josta sen saa roikkumaan mukavasti duuni vaatteisiin tai reppuun.<\/p>\n<div id='gallery-1' class='gallery galleryid-7654 gallery-columns-4 gallery-size-medium'><figure class='gallery-item'>\n\t\t\t<div class='gallery-icon landscape'>\n\t\t\t\t<a href='https:\/\/hotelli03.domainhotelli.fi\/~lsdoecli\/?attachment_id=7657'><img width=\"300\" height=\"300\" src=\"https:\/\/hotelli03.domainhotelli.fi\/~lsdoecli\/wp-content\/uploads\/2021\/10\/Suojakypara-Kask-Superplasma-PL-keltainen-edesta-300x300.jpg\" class=\"attachment-medium size-medium\" alt=\"Suojakyp\u00e4r\u00e4 Kask Superplasma PL\" loading=\"lazy\" aria-describedby=\"gallery-1-7657\" \/><\/a>\n\t\t\t<\/div>\n\t\t\t\t<figcaption class='wp-caption-text gallery-caption' id='gallery-1-7657'>\n\t\t\t\tEdest\u00e4\n\t\t\t\t<\/figcaption><\/figure><figure class='gallery-item'>\n\t\t\t<div class='gallery-icon landscape'>\n\t\t\t\t<a href='https:\/\/hotelli03.domainhotelli.fi\/~lsdoecli\/?attachment_id=7661'><img width=\"300\" height=\"300\" src=\"https:\/\/hotelli03.domainhotelli.fi\/~lsdoecli\/wp-content\/uploads\/2021\/10\/Suojakypara-Kask-Superplasma-PL-keltainen-takaa-300x300.jpg\" class=\"attachment-medium size-medium\" alt=\"\" loading=\"lazy\" aria-describedby=\"gallery-1-7661\" \/><\/a>\n\t\t\t<\/div>\n\t\t\t\t<figcaption class='wp-caption-text gallery-caption' id='gallery-1-7661'>\n\t\t\t\tTakaa\n\t\t\t\t<\/figcaption><\/figure><figure class='gallery-item'>\n\t\t\t<div class='gallery-icon landscape'>\n\t\t\t\t<a href='https:\/\/hotelli03.domainhotelli.fi\/~lsdoecli\/?attachment_id=7659'><img width=\"300\" height=\"300\" src=\"https:\/\/hotelli03.domainhotelli.fi\/~lsdoecli\/wp-content\/uploads\/2021\/10\/Suojakypara-Kask-Superplasma-PL-keltainen-sivusta-300x300.jpg\" class=\"attachment-medium size-medium\" alt=\"\" loading=\"lazy\" aria-describedby=\"gallery-1-7659\" \/><\/a>\n\t\t\t<\/div>\n\t\t\t\t<figcaption class='wp-caption-text gallery-caption' id='gallery-1-7659'>\n\t\t\t\tSivusta\n\t\t\t\t<\/figcaption><\/figure><figure class='gallery-item'>\n\t\t\t<div class='gallery-icon landscape'>\n\t\t\t\t<a href='https:\/\/hotelli03.domainhotelli.fi\/~lsdoecli\/?attachment_id=7669'><img width=\"300\" height=\"300\" src=\"https:\/\/hotelli03.domainhotelli.fi\/~lsdoecli\/wp-content\/uploads\/2021\/10\/Suojakypara-Kask-Superplasma-PL-sisalto-300x300.jpg\" class=\"attachment-medium size-medium\" alt=\"\" loading=\"lazy\" aria-describedby=\"gallery-1-7669\" \/><\/a>\n\t\t\t<\/div>\n\t\t\t\t<figcaption class='wp-caption-text gallery-caption' id='gallery-1-7669'>\n\t\t\t\tSis\u00e4lt\u00e4\n\t\t\t\t<\/figcaption><\/figure>\n\t\t<\/div>\n\n<p>Kyp\u00e4r\u00e4\u00e4n saatavilla kattava valikoima lis\u00e4varusteita kuten kuulosuojaimia, silmiensuojain visiirej\u00e4, kokokasvosuojain visiirej\u00e4 ja paljon muuta. HUOM, JOTTA VOIT K\u00c4YTT\u00c4\u00c4 <a href=\"https:\/\/hotelli03.domainhotelli.fi\/~lsdoecli\/tuote-osasto\/paansuojaimet\/tarvikkeet-ja-varaosat-suojakypariin\/\">SUOJAKYP\u00c4R\u00c4\u00c4N KIINNITETT\u00c4VI\u00c4<\/a> KUULOSUOJAIMIA TARVITSET -&gt; Plasma kuulosuojainadapteripari (WAC00003-)<\/p>\n<p>&nbsp;<\/p>\n<p>Suojakyp\u00e4r\u00e4 Kask Superplasma PL T\u00e4ytt\u00e4\u00e4 EN12492 standardin pakolliset vaatimukset:<br \/>\n5.7.3 Leukahihnan avautumiseen tarvittava voima suuri, jotta kyp\u00e4r\u00e4 ei p\u00e4\u00e4h\u00e4n kohdistuvan iskun takia irtoa putoamistilanteessa (leukahihna pysyy kiinni 50 daN(kg) nyk\u00e4isyst\u00e4)<br \/>\n4.1.4 Tehokkaan tuuletuksen osalta (riitt\u00e4v\u00e4n suuri aukkojen yhteenlaskettu kokonaispinta-ala)<br \/>\n4.2.1.1 Yli metrin korkeudelta putoavien esineiden aiheuttaman iskunvaimennuksen osalta (5 kg 2 m korkeudelta)<br \/>\n4.2.1.2 Edest\u00e4 tulevien iskujen osalta (5 kg 0,5 m et\u00e4isyydelt\u00e4)<br \/>\n4.2.1.3 Sivuilta tulevien iskujen osalta (5 kg 0,5 m et\u00e4isyydelt\u00e4)<br \/>\n4.2.1.4 Takaa tulevien iskujen osalta (5 kg 0,5 m et\u00e4isyydelt\u00e4)<br \/>\n4.2.2 Kyp\u00e4r\u00e4\u00e4n tunkeutuvan useamman esineen osalta (3 kg ter\u00e4v\u00e4 paino 1 m korkeudelta 2x)<br \/>\n4.2.3 P\u00e4\u00e4hihaston lujuuden osalta<br \/>\n4.2.4 Tilttaavuustestin osalta (10 kg putoava taakka rep\u00e4isee kyp\u00e4r\u00e4n helmasta yl\u00f6sp\u00e4in edest\u00e4 ja takaa)<\/p>\n<p>&nbsp;<\/p>\n<p>Maahantuoja: <a href=\"https:\/\/www.vandernet.com\">Vandernet Oy<\/a><\/p>\n","protected":false},"excerpt":{"rendered":"<h4>Suojakyp\u00e4r\u00e4 Kask Superplasma PL on suunniteltu putoamisvaarallisilla alueilla ty\u00f6skentelyyn sek\u00e4 muihin teht\u00e4viin teollisuuteen, rakennusalalle, pelastusk\u00e4ytt\u00f6\u00f6n ja lumenpudotukseen. Hyvin tuuletettu 4-pistekiinnityksell\u00e4 varustettu erinomainen ty\u00f6kyp\u00e4r\u00e4, joka painaa vain 420g.<\/h4>\n<ul>\n<li>Kevyt, ergonominen ja mukava p\u00e4\u00e4ss\u00e4.<\/li>\n<li>Koko: 51-62cm<\/li>\n<li>Helppo s\u00e4\u00e4t\u00f6py\u00f6r\u00e4<\/li>\n<li>Pehmusteet teknist\u00e4 2DRY materiaalia<\/li>\n<li>Ulkokuoren materiaali: Polyproplyleeni<\/li>\n<li>Sis\u00e4 materiaali: HD Polystreeni<\/li>\n<li>AirGrid verkko tuuletusaukoissa<\/li>\n<li>Sertifiointi: CE EN 12492<\/li>\n<li>Materiaali- ja valmistusvirhetakuu 3 vuotta<\/li>\n<li>Valmistusmaa: Italia<\/li>\n<\/ul>\n","protected":false},"featured_media":7655,"comment_status":"open","ping_status":"closed","template":"","meta":[],"product_cat":[872],"product_tag":[869,870,879,877],"yoast_head":"<!-- This site is optimized with the Yoast SEO Premium plugin v18.9 (Yoast SEO v19.3) - https:\/\/yoast.com\/wordpress\/plugins\/seo\/ -->\n<title>Suojakyp\u00e4r\u00e4 Kask Superplasma PL | JV Tuonti<\/title>\n<meta name=\"description\" content=\"Suojakyp\u00e4r\u00e4 Kask Superplasma PL on suunniteltu putoamisvaarallisilla alueilla ty\u00f6skentelyyn. Hyvill\u00e4 varusteilla oleva erinomainen ty\u00f6kyp\u00e4r\u00e4\" \/>\n<meta name=\"robots\" content=\"index, follow, max-snippet:-1, max-image-preview:large, max-video-preview:-1\" \/>\n<link rel=\"canonical\" href=\"https:\/\/hotelli03.domainhotelli.fi\/~lsdoecli\/tuote\/suojakypara-kask-superplasma-pl\/\" \/>\n<meta property=\"og:locale\" content=\"fi_FI\" \/>\n<meta property=\"og:type\" content=\"article\" \/>\n<meta property=\"og:title\" content=\"Suojakyp\u00e4r\u00e4 Kask Superplasma PL\" \/>\n<meta property=\"og:description\" content=\"Suojakyp\u00e4r\u00e4 Kask Superplasma PL on suunniteltu putoamisvaarallisilla alueilla ty\u00f6skentelyyn. Hyvill\u00e4 varusteilla oleva erinomainen ty\u00f6kyp\u00e4r\u00e4\" \/>\n<meta property=\"og:url\" content=\"https:\/\/hotelli03.domainhotelli.fi\/~lsdoecli\/tuote\/suojakypara-kask-superplasma-pl\/\" \/>\n<meta property=\"og:site_name\" content=\"JV Tuonti\" \/>\n<meta property=\"article:publisher\" content=\"https:\/\/www.facebook.com\/JVTuontiOy\" \/>\n<meta property=\"article:modified_time\" content=\"2021-10-11T12:54:07+00:00\" \/>\n<meta property=\"og:image\" content=\"https:\/\/hotelli03.domainhotelli.fi\/~lsdoecli\/wp-content\/uploads\/2021\/10\/Suojakypara-Kask-Superplasma-PL-keltainen.jpg\" \/>\n\t<meta property=\"og:image:width\" content=\"600\" \/>\n\t<meta property=\"og:image:height\" content=\"600\" \/>\n\t<meta property=\"og:image:type\" content=\"image\/jpeg\" \/>\n<meta name=\"twitter:card\" content=\"summary_large_image\" \/>\n<meta name=\"twitter:label1\" content=\"Availability\" \/>\n\t<meta name=\"twitter:data1\" content=\"In stock\" \/>\n<script type=\"application\/ld+json\" class=\"yoast-schema-graph\">{\"@context\":\"https:\/\/schema.org\",\"@graph\":[{\"@type\":[\"Organization\",\"Place\",\"WholesaleStore\"],\"@id\":\"https:\/\/hotelli03.domainhotelli.fi\/~lsdoecli\/#organization\",\"name\":\"JV Tuonti Oy\",\"url\":\"https:\/\/hotelli03.domainhotelli.fi\/~lsdoecli\/\",\"sameAs\":[\"https:\/\/instagram.com\/jvtuontioy?utm_medium=copy_link\",\"https:\/\/www.facebook.com\/JVTuontiOy\"],\"logo\":{\"@id\":\"https:\/\/hotelli03.domainhotelli.fi\/~lsdoecli\/tuote\/suojakypara-kask-superplasma-pl\/#local-main-organization-logo\"},\"image\":{\"@id\":\"https:\/\/hotelli03.domainhotelli.fi\/~lsdoecli\/tuote\/suojakypara-kask-superplasma-pl\/#local-main-organization-logo\"},\"address\":{\"@id\":\"https:\/\/hotelli03.domainhotelli.fi\/~lsdoecli\/tuote\/suojakypara-kask-superplasma-pl\/#local-main-place-address\"},\"geo\":{\"@type\":\"GeoCoordinates\",\"latitude\":\"60.28431\",\"longitude\":\"24.81654\"},\"telephone\":[\"0408369980\"],\"openingHoursSpecification\":[{\"@type\":\"OpeningHoursSpecification\",\"dayOfWeek\":[\"Monday\",\"Tuesday\",\"Wednesday\",\"Thursday\",\"Friday\"],\"opens\":\"08:00\",\"closes\":\"16:00\"},{\"@type\":\"OpeningHoursSpecification\",\"dayOfWeek\":[\"Saturday\",\"Sunday\"],\"opens\":\"00:00\",\"closes\":\"00:00\"}],\"email\":\"myynti@hotelli03.domainhotelli.fi\",\"areaServed\":\"Suomi, Ruotsi\",\"vatID\":\"FI30178387\",\"priceRange\":\"$$\",\"currenciesAccepted\":\"\u20ac\",\"paymentAccepted\":\"Lasku, pankkikortti\"},{\"@type\":\"WebSite\",\"@id\":\"https:\/\/hotelli03.domainhotelli.fi\/~lsdoecli\/#website\",\"url\":\"https:\/\/hotelli03.domainhotelli.fi\/~lsdoecli\/\",\"name\":\"JV Tuonti\",\"description\":\"JV Tuonti Oy:n verkkokauppa\",\"publisher\":{\"@id\":\"https:\/\/hotelli03.domainhotelli.fi\/~lsdoecli\/#organization\"},\"potentialAction\":[{\"@type\":\"SearchAction\",\"target\":{\"@type\":\"EntryPoint\",\"urlTemplate\":\"https:\/\/hotelli03.domainhotelli.fi\/~lsdoecli\/?s={search_term_string}\"},\"query-input\":\"required name=search_term_string\"}],\"inLanguage\":\"fi\"},{\"@type\":\"ImageObject\",\"inLanguage\":\"fi\",\"@id\":\"https:\/\/hotelli03.domainhotelli.fi\/~lsdoecli\/tuote\/suojakypara-kask-superplasma-pl\/#primaryimage\",\"url\":\"https:\/\/hotelli03.domainhotelli.fi\/~lsdoecli\/wp-content\/uploads\/2021\/10\/Suojakypara-Kask-Superplasma-PL-keltainen.jpg\",\"contentUrl\":\"https:\/\/hotelli03.domainhotelli.fi\/~lsdoecli\/wp-content\/uploads\/2021\/10\/Suojakypara-Kask-Superplasma-PL-keltainen.jpg\",\"width\":600,\"height\":600,\"caption\":\"Suojakyp\u00e4r\u00e4 Kask Superplasma PL\"},{\"@type\":\"WebPage\",\"@id\":\"https:\/\/hotelli03.domainhotelli.fi\/~lsdoecli\/tuote\/suojakypara-kask-superplasma-pl\/\",\"url\":\"https:\/\/hotelli03.domainhotelli.fi\/~lsdoecli\/tuote\/suojakypara-kask-superplasma-pl\/\",\"name\":\"Suojakyp\u00e4r\u00e4 Kask Superplasma PL | JV Tuonti\",\"isPartOf\":{\"@id\":\"https:\/\/hotelli03.domainhotelli.fi\/~lsdoecli\/#website\"},\"primaryImageOfPage\":{\"@id\":\"https:\/\/hotelli03.domainhotelli.fi\/~lsdoecli\/tuote\/suojakypara-kask-superplasma-pl\/#primaryimage\"},\"datePublished\":\"2021-10-11T11:43:42+00:00\",\"dateModified\":\"2021-10-11T12:54:07+00:00\",\"description\":\"Suojakyp\u00e4r\u00e4 Kask Superplasma PL on suunniteltu putoamisvaarallisilla alueilla ty\u00f6skentelyyn. Hyvill\u00e4 varusteilla oleva erinomainen ty\u00f6kyp\u00e4r\u00e4\",\"breadcrumb\":{\"@id\":\"https:\/\/hotelli03.domainhotelli.fi\/~lsdoecli\/tuote\/suojakypara-kask-superplasma-pl\/#breadcrumb\"},\"inLanguage\":\"fi\",\"potentialAction\":[{\"@type\":\"ReadAction\",\"target\":[\"https:\/\/hotelli03.domainhotelli.fi\/~lsdoecli\/tuote\/suojakypara-kask-superplasma-pl\/\"]}]},{\"@type\":\"BreadcrumbList\",\"@id\":\"https:\/\/hotelli03.domainhotelli.fi\/~lsdoecli\/tuote\/suojakypara-kask-superplasma-pl\/#breadcrumb\",\"itemListElement\":[{\"@type\":\"ListItem\",\"position\":1,\"name\":\"Etusivu\",\"item\":\"https:\/\/hotelli03.domainhotelli.fi\/~lsdoecli\/\"},{\"@type\":\"ListItem\",\"position\":2,\"name\":\"Kauppa\",\"item\":\"https:\/\/hotelli03.domainhotelli.fi\/~lsdoecli\/kauppa\/\"},{\"@type\":\"ListItem\",\"position\":3,\"name\":\"Suojakyp\u00e4r\u00e4 Kask Superplasma PL\"}]},{\"@type\":\"PostalAddress\",\"@id\":\"https:\/\/hotelli03.domainhotelli.fi\/~lsdoecli\/tuote\/suojakypara-kask-superplasma-pl\/#local-main-place-address\",\"streetAddress\":\"Pyymosantie 5a\",\"addressLocality\":\"Vantaa\",\"postalCode\":\"01720\",\"addressCountry\":\"FI\"},{\"@type\":\"ImageObject\",\"inLanguage\":\"fi\",\"@id\":\"https:\/\/hotelli03.domainhotelli.fi\/~lsdoecli\/tuote\/suojakypara-kask-superplasma-pl\/#local-main-organization-logo\",\"url\":\"https:\/\/hotelli03.domainhotelli.fi\/~lsdoecli\/wp-content\/uploads\/2021\/08\/JVTuonti_logo_nelio.jpg\",\"contentUrl\":\"https:\/\/hotelli03.domainhotelli.fi\/~lsdoecli\/wp-content\/uploads\/2021\/08\/JVTuonti_logo_nelio.jpg\",\"width\":550,\"height\":550,\"caption\":\"JV Tuonti Oy\"}]}<\/script>\n<meta property=\"product:brand\" content=\"Kask\" \/>\n<meta property=\"og:availability\" content=\"instock\" \/>\n<meta property=\"product:availability\" content=\"instock\" \/>\n<meta property=\"product:condition\" content=\"new\" \/>\n<meta name=\"geo.placename\" content=\"Vantaa\" \/>\n<meta name=\"geo.position\" content=\"60.28431;24.81654\" \/>\n<meta name=\"geo.region\" content=\"Suomi\" \/>\n<!-- \/ Yoast SEO Premium plugin. -->","yoast_head_json":{"title":"Suojakyp\u00e4r\u00e4 Kask Superplasma PL | JV Tuonti","description":"Suojakyp\u00e4r\u00e4 Kask Superplasma PL on suunniteltu putoamisvaarallisilla alueilla ty\u00f6skentelyyn. Hyvill\u00e4 varusteilla oleva erinomainen ty\u00f6kyp\u00e4r\u00e4","robots":{"index":"index","follow":"follow","max-snippet":"max-snippet:-1","max-image-preview":"max-image-preview:large","max-video-preview":"max-video-preview:-1"},"canonical":"https:\/\/hotelli03.domainhotelli.fi\/~lsdoecli\/tuote\/suojakypara-kask-superplasma-pl\/","og_locale":"fi_FI","og_type":"article","og_title":"Suojakyp\u00e4r\u00e4 Kask Superplasma PL","og_description":"Suojakyp\u00e4r\u00e4 Kask Superplasma PL on suunniteltu putoamisvaarallisilla alueilla ty\u00f6skentelyyn. Hyvill\u00e4 varusteilla oleva erinomainen ty\u00f6kyp\u00e4r\u00e4","og_url":"https:\/\/hotelli03.domainhotelli.fi\/~lsdoecli\/tuote\/suojakypara-kask-superplasma-pl\/","og_site_name":"JV Tuonti","article_publisher":"https:\/\/www.facebook.com\/JVTuontiOy","article_modified_time":"2021-10-11T12:54:07+00:00","og_image":[{"width":600,"height":600,"url":"https:\/\/hotelli03.domainhotelli.fi\/~lsdoecli\/wp-content\/uploads\/2021\/10\/Suojakypara-Kask-Superplasma-PL-keltainen.jpg","type":"image\/jpeg"}],"twitter_card":"summary_large_image","twitter_misc":{"Availability":"In stock"},"schema":{"@context":"https:\/\/schema.org","@graph":[{"@type":["Organization","Place","WholesaleStore"],"@id":"https:\/\/hotelli03.domainhotelli.fi\/~lsdoecli\/#organization","name":"JV Tuonti Oy","url":"https:\/\/hotelli03.domainhotelli.fi\/~lsdoecli\/","sameAs":["https:\/\/instagram.com\/jvtuontioy?utm_medium=copy_link","https:\/\/www.facebook.com\/JVTuontiOy"],"logo":{"@id":"https:\/\/hotelli03.domainhotelli.fi\/~lsdoecli\/tuote\/suojakypara-kask-superplasma-pl\/#local-main-organization-logo"},"image":{"@id":"https:\/\/hotelli03.domainhotelli.fi\/~lsdoecli\/tuote\/suojakypara-kask-superplasma-pl\/#local-main-organization-logo"},"address":{"@id":"https:\/\/hotelli03.domainhotelli.fi\/~lsdoecli\/tuote\/suojakypara-kask-superplasma-pl\/#local-main-place-address"},"geo":{"@type":"GeoCoordinates","latitude":"60.28431","longitude":"24.81654"},"telephone":["0408369980"],"openingHoursSpecification":[{"@type":"OpeningHoursSpecification","dayOfWeek":["Monday","Tuesday","Wednesday","Thursday","Friday"],"opens":"08:00","closes":"16:00"},{"@type":"OpeningHoursSpecification","dayOfWeek":["Saturday","Sunday"],"opens":"00:00","closes":"00:00"}],"email":"myynti@hotelli03.domainhotelli.fi","areaServed":"Suomi, Ruotsi","vatID":"FI30178387","priceRange":"$$","currenciesAccepted":"\u20ac","paymentAccepted":"Lasku, pankkikortti"},{"@type":"WebSite","@id":"https:\/\/hotelli03.domainhotelli.fi\/~lsdoecli\/#website","url":"https:\/\/hotelli03.domainhotelli.fi\/~lsdoecli\/","name":"JV Tuonti","description":"JV Tuonti Oy:n verkkokauppa","publisher":{"@id":"https:\/\/hotelli03.domainhotelli.fi\/~lsdoecli\/#organization"},"potentialAction":[{"@type":"SearchAction","target":{"@type":"EntryPoint","urlTemplate":"https:\/\/hotelli03.domainhotelli.fi\/~lsdoecli\/?s={search_term_string}"},"query-input":"required name=search_term_string"}],"inLanguage":"fi"},{"@type":"ImageObject","inLanguage":"fi","@id":"https:\/\/hotelli03.domainhotelli.fi\/~lsdoecli\/tuote\/suojakypara-kask-superplasma-pl\/#primaryimage","url":"https:\/\/hotelli03.domainhotelli.fi\/~lsdoecli\/wp-content\/uploads\/2021\/10\/Suojakypara-Kask-Superplasma-PL-keltainen.jpg","contentUrl":"https:\/\/hotelli03.domainhotelli.fi\/~lsdoecli\/wp-content\/uploads\/2021\/10\/Suojakypara-Kask-Superplasma-PL-keltainen.jpg","width":600,"height":600,"caption":"Suojakyp\u00e4r\u00e4 Kask Superplasma PL"},{"@type":"WebPage","@id":"https:\/\/hotelli03.domainhotelli.fi\/~lsdoecli\/tuote\/suojakypara-kask-superplasma-pl\/","url":"https:\/\/hotelli03.domainhotelli.fi\/~lsdoecli\/tuote\/suojakypara-kask-superplasma-pl\/","name":"Suojakyp\u00e4r\u00e4 Kask Superplasma PL | JV Tuonti","isPartOf":{"@id":"https:\/\/hotelli03.domainhotelli.fi\/~lsdoecli\/#website"},"primaryImageOfPage":{"@id":"https:\/\/hotelli03.domainhotelli.fi\/~lsdoecli\/tuote\/suojakypara-kask-superplasma-pl\/#primaryimage"},"datePublished":"2021-10-11T11:43:42+00:00","dateModified":"2021-10-11T12:54:07+00:00","description":"Suojakyp\u00e4r\u00e4 Kask Superplasma PL on suunniteltu putoamisvaarallisilla alueilla ty\u00f6skentelyyn. Hyvill\u00e4 varusteilla oleva erinomainen ty\u00f6kyp\u00e4r\u00e4","breadcrumb":{"@id":"https:\/\/hotelli03.domainhotelli.fi\/~lsdoecli\/tuote\/suojakypara-kask-superplasma-pl\/#breadcrumb"},"inLanguage":"fi","potentialAction":[{"@type":"ReadAction","target":["https:\/\/hotelli03.domainhotelli.fi\/~lsdoecli\/tuote\/suojakypara-kask-superplasma-pl\/"]}]},{"@type":"BreadcrumbList","@id":"https:\/\/hotelli03.domainhotelli.fi\/~lsdoecli\/tuote\/suojakypara-kask-superplasma-pl\/#breadcrumb","itemListElement":[{"@type":"ListItem","position":1,"name":"Etusivu","item":"https:\/\/hotelli03.domainhotelli.fi\/~lsdoecli\/"},{"@type":"ListItem","position":2,"name":"Kauppa","item":"https:\/\/hotelli03.domainhotelli.fi\/~lsdoecli\/kauppa\/"},{"@type":"ListItem","position":3,"name":"Suojakyp\u00e4r\u00e4 Kask Superplasma PL"}]},{"@type":"PostalAddress","@id":"https:\/\/hotelli03.domainhotelli.fi\/~lsdoecli\/tuote\/suojakypara-kask-superplasma-pl\/#local-main-place-address","streetAddress":"Pyymosantie 5a","addressLocality":"Vantaa","postalCode":"01720","addressCountry":"FI"},{"@type":"ImageObject","inLanguage":"fi","@id":"https:\/\/hotelli03.domainhotelli.fi\/~lsdoecli\/tuote\/suojakypara-kask-superplasma-pl\/#local-main-organization-logo","url":"https:\/\/hotelli03.domainhotelli.fi\/~lsdoecli\/wp-content\/uploads\/2021\/08\/JVTuonti_logo_nelio.jpg","contentUrl":"https:\/\/hotelli03.domainhotelli.fi\/~lsdoecli\/wp-content\/uploads\/2021\/08\/JVTuonti_logo_nelio.jpg","width":550,"height":550,"caption":"JV Tuonti Oy"}]},"product_brand":"Kask","og_availability":"instock","product_availability":"instock","product_condition":"new","geo.placename":"Vantaa","geo.position":{"lat":"60.28431","long":"24.81654"},"geo.region":"Suomi"},"_links":{"self":[{"href":"https:\/\/hotelli03.domainhotelli.fi\/~lsdoecli\/wp-json\/wp\/v2\/product\/7654"}],"collection":[{"href":"https:\/\/hotelli03.domainhotelli.fi\/~lsdoecli\/wp-json\/wp\/v2\/product"}],"about":[{"href":"https:\/\/hotelli03.domainhotelli.fi\/~lsdoecli\/wp-json\/wp\/v2\/types\/product"}],"replies":[{"embeddable":true,"href":"https:\/\/hotelli03.domainhotelli.fi\/~lsdoecli\/wp-json\/wp\/v2\/comments?post=7654"}],"wp:featuredmedia":[{"embeddable":true,"href":"https:\/\/hotelli03.domainhotelli.fi\/~lsdoecli\/wp-json\/wp\/v2\/media\/7655"}],"wp:attachment":[{"href":"https:\/\/hotelli03.domainhotelli.fi\/~lsdoecli\/wp-json\/wp\/v2\/media?parent=7654"}],"wp:term":[{"taxonomy":"product_cat","embeddable":true,"href":"https:\/\/hotelli03.domainhotelli.fi\/~lsdoecli\/wp-json\/wp\/v2\/product_cat?post=7654"},{"taxonomy":"product_tag","embeddable":true,"href":"https:\/\/hotelli03.domainhotelli.fi\/~lsdoecli\/wp-json\/wp\/v2\/product_tag?post=7654"}],"curies":[{"name":"wp","href":"https:\/\/api.w.org\/{rel}","templated":true}]}}