{"id":7624,"date":"2021-10-01T09:51:34","date_gmt":"2021-10-01T09:51:34","guid":{"rendered":"https:\/\/hotelli03.domainhotelli.fi\/~lsdoecli\/?post_type=product&#038;p=7624"},"modified":"2021-10-01T10:56:04","modified_gmt":"2021-10-01T10:56:04","slug":"kuulosuojaimet-kask-sc1","status":"publish","type":"product","link":"https:\/\/hotelli03.domainhotelli.fi\/~lsdoecli\/tuote\/kuulosuojaimet-kask-sc1\/","title":{"rendered":"Kuulosuojaimet Kask SC1"},"content":{"rendered":"<h2>Kuulosuojaimet Kask SC1, jotka ovat sertifioitu yhteensopiviksi kaikkien Kask suojakyp\u00e4rien kanssa, kuulosuojaimet ovat helppok\u00e4ytt\u00f6iset, kevyet, matalaprofiiliset dielectric matalan\/keskitason vaimennusarvolla.<\/h2>\n<ul>\n<li>Helppo kiinnitt\u00e4\u00e4 sek\u00e4 irroittaa ty\u00f6kaluvapaasti kaikista Kask suojakyp\u00e4rist\u00e4.<\/li>\n<li>Kolme asentoa: ty\u00f6skentely, lepoasento, kuljetusasento<\/li>\n<li>Teleskooppinen pituudens\u00e4\u00e4t\u00f6.<\/li>\n<li>Helppo huoltaa, helposti vaihdettavat tiivisterenkaat!<\/li>\n<li>Soveltuu my\u00f6s muihin suojakyp\u00e4riin, jossa Tyyppi 01 tai P3E sivulovet.<\/li>\n<li>Kokonaispaino 282g<\/li>\n<li>V\u00e4ri: Musta, vihre\u00e4ll\u00e4 renkaalla, joka ilmoittaa vaimennustason.<\/li>\n<li>CE EN 352-1 ja ANSI. SNR 25 dB<\/li>\n<li>Maksimielinik\u00e4 10 vuotta<\/li>\n<li>Materiaali- ja valmistusvirhetakuu 3 vuotta.<\/li>\n<\/ul>\n<p>Materiaalit:<\/p>\n<ul>\n<li>KUPU JA V\u00c4LI: ABS -kestomuovi<\/li>\n<li>TYYNY: Polyeetteri ja PVC-kalvo<\/li>\n<li>PEHMUSTE: Polyeetteri<\/li>\n<li>KIINNIKE JA VARSI: POM -kestomuovi<\/li>\n<li>PAIKKA -ADAPTERI: PA 66 kestomuovi 10% gf<\/li>\n<li>TER\u00c4SJOUSI: Ruostumaton jousiter\u00e4s<\/li>\n<\/ul>\n<p>&nbsp;<\/p>\n<p>Sopii suoraan <a href=\"https:\/\/hotelli03.domainhotelli.fi\/~lsdoecli\/tuote-osasto\/paansuojaimet\/\">Zenith sarjan suojakyp\u00e4rien<\/a> sivukoloihin. Vaimennusarvo SNR23.<\/p>\n<p>Plasma kuulosuojainadaptereilla saat my\u00f6s kuulosuojaimet kiinni <a href=\"https:\/\/hotelli03.domainhotelli.fi\/~lsdoecli\/tuote\/suojakypara-kask-plasma-aq\/\">Plasma sarjan suojakyp\u00e4riin<\/a>. SNR 25.<\/p>\n<p>&nbsp;<\/p>\n<p>Maahantuoja: <a href=\"https:\/\/www.vandernet.com\">Vandernet Oy<\/a><\/p>\n","protected":false},"excerpt":{"rendered":"<p>Kask SC1 kuulosuojaimet, jotka ovat sertifioitu yhteensopiviksi kaikkien Kask suojakyp\u00e4rien kanssa, kuulosuojaimet ovat helppok\u00e4ytt\u00f6iset, kevyet, matalaprofiiliset dielectric matalan\/keskitason vaimennusarvolla.<\/p>\n<ul>\n<li>Helppo kiinnitt\u00e4\u00e4 sek\u00e4 irroittaa ty\u00f6kaluvapaasti kaikista Kask suojakyp\u00e4rist\u00e4.<\/li>\n<li>Kolme asentoa: ty\u00f6skentely, lepoasento, kuljetusasento<\/li>\n<li>Teleskooppinen pituudens\u00e4\u00e4t\u00f6.<\/li>\n<li>Helppo huoltaa, helposti vaihdettavat tiivisterenkaat!<\/li>\n<li>Soveltuu my\u00f6s muihin suojakyp\u00e4riin, jossa Tyyppi 01 tai P3E sivulovet.<\/li>\n<li>Kokonaispaino 282g<\/li>\n<li>V\u00e4ri: Musta, vihre\u00e4ll\u00e4 renkaalla, joka ilmoittaa vaimennustason.<\/li>\n<li>CE EN 352-1 ja ANSI. SNR 25 dB<\/li>\n<li>Maksimielinik\u00e4 10 vuotta<\/li>\n<li>Materiaali- ja valmistusvirhetakuu 3 vuotta.<\/li>\n<\/ul>\n","protected":false},"featured_media":7625,"comment_status":"open","ping_status":"closed","template":"","meta":[],"product_cat":[873,106],"product_tag":[881,883,882],"yoast_head":"<!-- This site is optimized with the Yoast SEO Premium plugin v18.9 (Yoast SEO v19.3) - https:\/\/yoast.com\/wordpress\/plugins\/seo\/ -->\n<title>Kuulosuojaimet Kask SC1 kyp\u00e4r\u00e4kiinnityksell\u00e4 | JV Tuonti<\/title>\n<meta name=\"description\" content=\"Kask SC1 kuulosuojaimet, jotka ovat sertifioitu yhteensopiviksi kaikkien Kask suojakyp\u00e4rien kanssa. Tilaa helposti verkkokaupastamme!\" \/>\n<meta name=\"robots\" content=\"index, follow, max-snippet:-1, max-image-preview:large, max-video-preview:-1\" \/>\n<link rel=\"canonical\" href=\"https:\/\/hotelli03.domainhotelli.fi\/~lsdoecli\/tuote\/kuulosuojaimet-kask-sc1\/\" \/>\n<meta property=\"og:locale\" content=\"fi_FI\" \/>\n<meta property=\"og:type\" content=\"article\" \/>\n<meta property=\"og:title\" content=\"Kuulosuojaimet Kask SC1\" \/>\n<meta property=\"og:description\" content=\"Kask SC1 kuulosuojaimet, jotka ovat sertifioitu yhteensopiviksi kaikkien Kask suojakyp\u00e4rien kanssa. Tilaa helposti verkkokaupastamme!\" \/>\n<meta property=\"og:url\" content=\"https:\/\/hotelli03.domainhotelli.fi\/~lsdoecli\/tuote\/kuulosuojaimet-kask-sc1\/\" \/>\n<meta property=\"og:site_name\" content=\"JV Tuonti\" \/>\n<meta property=\"article:publisher\" content=\"https:\/\/www.facebook.com\/JVTuontiOy\" \/>\n<meta property=\"article:modified_time\" content=\"2021-10-01T10:56:04+00:00\" \/>\n<meta property=\"og:image\" content=\"https:\/\/hotelli03.domainhotelli.fi\/~lsdoecli\/wp-content\/uploads\/2021\/10\/Kuulosuojaimet-Kask-SC1.jpg\" \/>\n\t<meta property=\"og:image:width\" content=\"600\" \/>\n\t<meta property=\"og:image:height\" content=\"600\" \/>\n\t<meta property=\"og:image:type\" content=\"image\/jpeg\" \/>\n<meta name=\"twitter:card\" content=\"summary_large_image\" \/>\n<meta name=\"twitter:label1\" content=\"Price\" \/>\n\t<meta name=\"twitter:data1\" content=\"39,95&nbsp;&euro; Alv 24%N\u00e4yt\u00e4 veroton hinta32,22&nbsp;&euro; Alv 0%N\u00e4yt\u00e4 verollinen hinta\" \/>\n\t<meta name=\"twitter:label2\" content=\"Availability\" \/>\n\t<meta name=\"twitter:data2\" content=\"In stock\" \/>\n<script type=\"application\/ld+json\" class=\"yoast-schema-graph\">{\"@context\":\"https:\/\/schema.org\",\"@graph\":[{\"@type\":[\"Organization\",\"Place\",\"WholesaleStore\"],\"@id\":\"https:\/\/hotelli03.domainhotelli.fi\/~lsdoecli\/#organization\",\"name\":\"JV Tuonti Oy\",\"url\":\"https:\/\/hotelli03.domainhotelli.fi\/~lsdoecli\/\",\"sameAs\":[\"https:\/\/instagram.com\/jvtuontioy?utm_medium=copy_link\",\"https:\/\/www.facebook.com\/JVTuontiOy\"],\"logo\":{\"@id\":\"https:\/\/hotelli03.domainhotelli.fi\/~lsdoecli\/tuote\/kuulosuojaimet-kask-sc1\/#local-main-organization-logo\"},\"image\":{\"@id\":\"https:\/\/hotelli03.domainhotelli.fi\/~lsdoecli\/tuote\/kuulosuojaimet-kask-sc1\/#local-main-organization-logo\"},\"address\":{\"@id\":\"https:\/\/hotelli03.domainhotelli.fi\/~lsdoecli\/tuote\/kuulosuojaimet-kask-sc1\/#local-main-place-address\"},\"geo\":{\"@type\":\"GeoCoordinates\",\"latitude\":\"60.28431\",\"longitude\":\"24.81654\"},\"telephone\":[\"0408369980\"],\"openingHoursSpecification\":[{\"@type\":\"OpeningHoursSpecification\",\"dayOfWeek\":[\"Monday\",\"Tuesday\",\"Wednesday\",\"Thursday\",\"Friday\"],\"opens\":\"08:00\",\"closes\":\"16:00\"},{\"@type\":\"OpeningHoursSpecification\",\"dayOfWeek\":[\"Saturday\",\"Sunday\"],\"opens\":\"00:00\",\"closes\":\"00:00\"}],\"email\":\"myynti@hotelli03.domainhotelli.fi\",\"areaServed\":\"Suomi, Ruotsi\",\"vatID\":\"FI30178387\",\"priceRange\":\"$$\",\"currenciesAccepted\":\"\u20ac\",\"paymentAccepted\":\"Lasku, pankkikortti\"},{\"@type\":\"WebSite\",\"@id\":\"https:\/\/hotelli03.domainhotelli.fi\/~lsdoecli\/#website\",\"url\":\"https:\/\/hotelli03.domainhotelli.fi\/~lsdoecli\/\",\"name\":\"JV Tuonti\",\"description\":\"JV Tuonti Oy:n verkkokauppa\",\"publisher\":{\"@id\":\"https:\/\/hotelli03.domainhotelli.fi\/~lsdoecli\/#organization\"},\"potentialAction\":[{\"@type\":\"SearchAction\",\"target\":{\"@type\":\"EntryPoint\",\"urlTemplate\":\"https:\/\/hotelli03.domainhotelli.fi\/~lsdoecli\/?s={search_term_string}\"},\"query-input\":\"required name=search_term_string\"}],\"inLanguage\":\"fi\"},{\"@type\":\"ImageObject\",\"inLanguage\":\"fi\",\"@id\":\"https:\/\/hotelli03.domainhotelli.fi\/~lsdoecli\/tuote\/kuulosuojaimet-kask-sc1\/#primaryimage\",\"url\":\"https:\/\/hotelli03.domainhotelli.fi\/~lsdoecli\/wp-content\/uploads\/2021\/10\/Kuulosuojaimet-Kask-SC1.jpg\",\"contentUrl\":\"https:\/\/hotelli03.domainhotelli.fi\/~lsdoecli\/wp-content\/uploads\/2021\/10\/Kuulosuojaimet-Kask-SC1.jpg\",\"width\":600,\"height\":600,\"caption\":\"Kuulosuojaimet Kask SC1\"},{\"@type\":\"WebPage\",\"@id\":\"https:\/\/hotelli03.domainhotelli.fi\/~lsdoecli\/tuote\/kuulosuojaimet-kask-sc1\/\",\"url\":\"https:\/\/hotelli03.domainhotelli.fi\/~lsdoecli\/tuote\/kuulosuojaimet-kask-sc1\/\",\"name\":\"Kuulosuojaimet Kask SC1 kyp\u00e4r\u00e4kiinnityksell\u00e4 | JV Tuonti\",\"isPartOf\":{\"@id\":\"https:\/\/hotelli03.domainhotelli.fi\/~lsdoecli\/#website\"},\"primaryImageOfPage\":{\"@id\":\"https:\/\/hotelli03.domainhotelli.fi\/~lsdoecli\/tuote\/kuulosuojaimet-kask-sc1\/#primaryimage\"},\"datePublished\":\"2021-10-01T09:51:34+00:00\",\"dateModified\":\"2021-10-01T10:56:04+00:00\",\"description\":\"Kask SC1 kuulosuojaimet, jotka ovat sertifioitu yhteensopiviksi kaikkien Kask suojakyp\u00e4rien kanssa. Tilaa helposti verkkokaupastamme!\",\"breadcrumb\":{\"@id\":\"https:\/\/hotelli03.domainhotelli.fi\/~lsdoecli\/tuote\/kuulosuojaimet-kask-sc1\/#breadcrumb\"},\"inLanguage\":\"fi\",\"potentialAction\":[{\"@type\":\"ReadAction\",\"target\":[\"https:\/\/hotelli03.domainhotelli.fi\/~lsdoecli\/tuote\/kuulosuojaimet-kask-sc1\/\"]}]},{\"@type\":\"BreadcrumbList\",\"@id\":\"https:\/\/hotelli03.domainhotelli.fi\/~lsdoecli\/tuote\/kuulosuojaimet-kask-sc1\/#breadcrumb\",\"itemListElement\":[{\"@type\":\"ListItem\",\"position\":1,\"name\":\"Etusivu\",\"item\":\"https:\/\/hotelli03.domainhotelli.fi\/~lsdoecli\/\"},{\"@type\":\"ListItem\",\"position\":2,\"name\":\"Kauppa\",\"item\":\"https:\/\/hotelli03.domainhotelli.fi\/~lsdoecli\/kauppa\/\"},{\"@type\":\"ListItem\",\"position\":3,\"name\":\"Kuulosuojaimet Kask SC1\"}]},{\"@type\":\"PostalAddress\",\"@id\":\"https:\/\/hotelli03.domainhotelli.fi\/~lsdoecli\/tuote\/kuulosuojaimet-kask-sc1\/#local-main-place-address\",\"streetAddress\":\"Pyymosantie 5a\",\"addressLocality\":\"Vantaa\",\"postalCode\":\"01720\",\"addressCountry\":\"FI\"},{\"@type\":\"ImageObject\",\"inLanguage\":\"fi\",\"@id\":\"https:\/\/hotelli03.domainhotelli.fi\/~lsdoecli\/tuote\/kuulosuojaimet-kask-sc1\/#local-main-organization-logo\",\"url\":\"https:\/\/hotelli03.domainhotelli.fi\/~lsdoecli\/wp-content\/uploads\/2021\/08\/JVTuonti_logo_nelio.jpg\",\"contentUrl\":\"https:\/\/hotelli03.domainhotelli.fi\/~lsdoecli\/wp-content\/uploads\/2021\/08\/JVTuonti_logo_nelio.jpg\",\"width\":550,\"height\":550,\"caption\":\"JV Tuonti Oy\"}]}<\/script>\n<meta property=\"product:brand\" content=\"Kask\" \/>\n<meta property=\"product:price:amount\" content=\"39.95\" \/>\n<meta property=\"product:price:currency\" content=\"EUR\" \/>\n<meta property=\"og:availability\" content=\"instock\" \/>\n<meta property=\"product:availability\" content=\"instock\" \/>\n<meta property=\"product:retailer_item_id\" content=\"WHP00004-\" \/>\n<meta property=\"product:condition\" content=\"new\" \/>\n<meta name=\"geo.placename\" content=\"Vantaa\" \/>\n<meta name=\"geo.position\" content=\"60.28431;24.81654\" \/>\n<meta name=\"geo.region\" content=\"Suomi\" \/>\n<!-- \/ Yoast SEO Premium plugin. -->","yoast_head_json":{"title":"Kuulosuojaimet Kask SC1 kyp\u00e4r\u00e4kiinnityksell\u00e4 | JV Tuonti","description":"Kask SC1 kuulosuojaimet, jotka ovat sertifioitu yhteensopiviksi kaikkien Kask suojakyp\u00e4rien kanssa. Tilaa helposti verkkokaupastamme!","robots":{"index":"index","follow":"follow","max-snippet":"max-snippet:-1","max-image-preview":"max-image-preview:large","max-video-preview":"max-video-preview:-1"},"canonical":"https:\/\/hotelli03.domainhotelli.fi\/~lsdoecli\/tuote\/kuulosuojaimet-kask-sc1\/","og_locale":"fi_FI","og_type":"article","og_title":"Kuulosuojaimet Kask SC1","og_description":"Kask SC1 kuulosuojaimet, jotka ovat sertifioitu yhteensopiviksi kaikkien Kask suojakyp\u00e4rien kanssa. Tilaa helposti verkkokaupastamme!","og_url":"https:\/\/hotelli03.domainhotelli.fi\/~lsdoecli\/tuote\/kuulosuojaimet-kask-sc1\/","og_site_name":"JV Tuonti","article_publisher":"https:\/\/www.facebook.com\/JVTuontiOy","article_modified_time":"2021-10-01T10:56:04+00:00","og_image":[{"width":600,"height":600,"url":"https:\/\/hotelli03.domainhotelli.fi\/~lsdoecli\/wp-content\/uploads\/2021\/10\/Kuulosuojaimet-Kask-SC1.jpg","type":"image\/jpeg"}],"twitter_card":"summary_large_image","twitter_misc":{"Price":"39,95&nbsp;&euro; Alv 24%N\u00e4yt\u00e4 veroton hinta32,22&nbsp;&euro; Alv 0%N\u00e4yt\u00e4 verollinen hinta","Availability":"In stock"},"schema":{"@context":"https:\/\/schema.org","@graph":[{"@type":["Organization","Place","WholesaleStore"],"@id":"https:\/\/hotelli03.domainhotelli.fi\/~lsdoecli\/#organization","name":"JV Tuonti Oy","url":"https:\/\/hotelli03.domainhotelli.fi\/~lsdoecli\/","sameAs":["https:\/\/instagram.com\/jvtuontioy?utm_medium=copy_link","https:\/\/www.facebook.com\/JVTuontiOy"],"logo":{"@id":"https:\/\/hotelli03.domainhotelli.fi\/~lsdoecli\/tuote\/kuulosuojaimet-kask-sc1\/#local-main-organization-logo"},"image":{"@id":"https:\/\/hotelli03.domainhotelli.fi\/~lsdoecli\/tuote\/kuulosuojaimet-kask-sc1\/#local-main-organization-logo"},"address":{"@id":"https:\/\/hotelli03.domainhotelli.fi\/~lsdoecli\/tuote\/kuulosuojaimet-kask-sc1\/#local-main-place-address"},"geo":{"@type":"GeoCoordinates","latitude":"60.28431","longitude":"24.81654"},"telephone":["0408369980"],"openingHoursSpecification":[{"@type":"OpeningHoursSpecification","dayOfWeek":["Monday","Tuesday","Wednesday","Thursday","Friday"],"opens":"08:00","closes":"16:00"},{"@type":"OpeningHoursSpecification","dayOfWeek":["Saturday","Sunday"],"opens":"00:00","closes":"00:00"}],"email":"myynti@hotelli03.domainhotelli.fi","areaServed":"Suomi, Ruotsi","vatID":"FI30178387","priceRange":"$$","currenciesAccepted":"\u20ac","paymentAccepted":"Lasku, pankkikortti"},{"@type":"WebSite","@id":"https:\/\/hotelli03.domainhotelli.fi\/~lsdoecli\/#website","url":"https:\/\/hotelli03.domainhotelli.fi\/~lsdoecli\/","name":"JV Tuonti","description":"JV Tuonti Oy:n verkkokauppa","publisher":{"@id":"https:\/\/hotelli03.domainhotelli.fi\/~lsdoecli\/#organization"},"potentialAction":[{"@type":"SearchAction","target":{"@type":"EntryPoint","urlTemplate":"https:\/\/hotelli03.domainhotelli.fi\/~lsdoecli\/?s={search_term_string}"},"query-input":"required name=search_term_string"}],"inLanguage":"fi"},{"@type":"ImageObject","inLanguage":"fi","@id":"https:\/\/hotelli03.domainhotelli.fi\/~lsdoecli\/tuote\/kuulosuojaimet-kask-sc1\/#primaryimage","url":"https:\/\/hotelli03.domainhotelli.fi\/~lsdoecli\/wp-content\/uploads\/2021\/10\/Kuulosuojaimet-Kask-SC1.jpg","contentUrl":"https:\/\/hotelli03.domainhotelli.fi\/~lsdoecli\/wp-content\/uploads\/2021\/10\/Kuulosuojaimet-Kask-SC1.jpg","width":600,"height":600,"caption":"Kuulosuojaimet Kask SC1"},{"@type":"WebPage","@id":"https:\/\/hotelli03.domainhotelli.fi\/~lsdoecli\/tuote\/kuulosuojaimet-kask-sc1\/","url":"https:\/\/hotelli03.domainhotelli.fi\/~lsdoecli\/tuote\/kuulosuojaimet-kask-sc1\/","name":"Kuulosuojaimet Kask SC1 kyp\u00e4r\u00e4kiinnityksell\u00e4 | JV Tuonti","isPartOf":{"@id":"https:\/\/hotelli03.domainhotelli.fi\/~lsdoecli\/#website"},"primaryImageOfPage":{"@id":"https:\/\/hotelli03.domainhotelli.fi\/~lsdoecli\/tuote\/kuulosuojaimet-kask-sc1\/#primaryimage"},"datePublished":"2021-10-01T09:51:34+00:00","dateModified":"2021-10-01T10:56:04+00:00","description":"Kask SC1 kuulosuojaimet, jotka ovat sertifioitu yhteensopiviksi kaikkien Kask suojakyp\u00e4rien kanssa. Tilaa helposti verkkokaupastamme!","breadcrumb":{"@id":"https:\/\/hotelli03.domainhotelli.fi\/~lsdoecli\/tuote\/kuulosuojaimet-kask-sc1\/#breadcrumb"},"inLanguage":"fi","potentialAction":[{"@type":"ReadAction","target":["https:\/\/hotelli03.domainhotelli.fi\/~lsdoecli\/tuote\/kuulosuojaimet-kask-sc1\/"]}]},{"@type":"BreadcrumbList","@id":"https:\/\/hotelli03.domainhotelli.fi\/~lsdoecli\/tuote\/kuulosuojaimet-kask-sc1\/#breadcrumb","itemListElement":[{"@type":"ListItem","position":1,"name":"Etusivu","item":"https:\/\/hotelli03.domainhotelli.fi\/~lsdoecli\/"},{"@type":"ListItem","position":2,"name":"Kauppa","item":"https:\/\/hotelli03.domainhotelli.fi\/~lsdoecli\/kauppa\/"},{"@type":"ListItem","position":3,"name":"Kuulosuojaimet Kask SC1"}]},{"@type":"PostalAddress","@id":"https:\/\/hotelli03.domainhotelli.fi\/~lsdoecli\/tuote\/kuulosuojaimet-kask-sc1\/#local-main-place-address","streetAddress":"Pyymosantie 5a","addressLocality":"Vantaa","postalCode":"01720","addressCountry":"FI"},{"@type":"ImageObject","inLanguage":"fi","@id":"https:\/\/hotelli03.domainhotelli.fi\/~lsdoecli\/tuote\/kuulosuojaimet-kask-sc1\/#local-main-organization-logo","url":"https:\/\/hotelli03.domainhotelli.fi\/~lsdoecli\/wp-content\/uploads\/2021\/08\/JVTuonti_logo_nelio.jpg","contentUrl":"https:\/\/hotelli03.domainhotelli.fi\/~lsdoecli\/wp-content\/uploads\/2021\/08\/JVTuonti_logo_nelio.jpg","width":550,"height":550,"caption":"JV Tuonti Oy"}]},"product_brand":"Kask","product_price_amount":"39.95","product_price_currency":"EUR","og_availability":"instock","product_availability":"instock","product_retailer_item_id":"WHP00004-","product_condition":"new","geo.placename":"Vantaa","geo.position":{"lat":"60.28431","long":"24.81654"},"geo.region":"Suomi"},"_links":{"self":[{"href":"https:\/\/hotelli03.domainhotelli.fi\/~lsdoecli\/wp-json\/wp\/v2\/product\/7624"}],"collection":[{"href":"https:\/\/hotelli03.domainhotelli.fi\/~lsdoecli\/wp-json\/wp\/v2\/product"}],"about":[{"href":"https:\/\/hotelli03.domainhotelli.fi\/~lsdoecli\/wp-json\/wp\/v2\/types\/product"}],"replies":[{"embeddable":true,"href":"https:\/\/hotelli03.domainhotelli.fi\/~lsdoecli\/wp-json\/wp\/v2\/comments?post=7624"}],"wp:featuredmedia":[{"embeddable":true,"href":"https:\/\/hotelli03.domainhotelli.fi\/~lsdoecli\/wp-json\/wp\/v2\/media\/7625"}],"wp:attachment":[{"href":"https:\/\/hotelli03.domainhotelli.fi\/~lsdoecli\/wp-json\/wp\/v2\/media?parent=7624"}],"wp:term":[{"taxonomy":"product_cat","embeddable":true,"href":"https:\/\/hotelli03.domainhotelli.fi\/~lsdoecli\/wp-json\/wp\/v2\/product_cat?post=7624"},{"taxonomy":"product_tag","embeddable":true,"href":"https:\/\/hotelli03.domainhotelli.fi\/~lsdoecli\/wp-json\/wp\/v2\/product_tag?post=7624"}],"curies":[{"name":"wp","href":"https:\/\/api.w.org\/{rel}","templated":true}]}}